{"id":241413,"date":"2018-07-13T17:38:38","date_gmt":"2013-07-18T15:38:00","guid":{"rendered":"https:\/\/www.staging6.omrserrature.it\/prodotto\/abstandshalter-fuer-moebeltuer-schublade\/"},"modified":"2026-04-08T11:53:46","modified_gmt":"2026-04-08T09:53:46","slug":"abstandshalter-fuer-moebeltuer-schublade","status":"publish","type":"product","link":"https:\/\/www.omrserrature.it\/de\/produkt\/abstandshalter-fuer-moebeltuer-schublade\/","title":{"rendered":"2 mm Abstandshalter f\u00fcr M\u00f6belt\u00fcr &#8211; Schublade"},"content":{"rendered":"<p><strong>Der Abstandshalter SDIS02245<\/strong> ist ein n\u00fctzliches Zubeh\u00f6r f\u00fcr die pr\u00e4zise Montage von OMR-T\u00fcr- oder Schubladenschl\u00f6ssern. Dieses Distanzst\u00fcck mit einer<strong> Dicke von 2 mm<\/strong> ist f\u00fcr den Einbau in T\u00fcren oder Schubladen mit geringerer Dicke vorgesehen.  Die Installation dieses Abstandshalters ist extrem einfach und intuitiv. Legen Sie ihn einfach zwischen die M\u00f6belt\u00fcr oder Schublade und die Montagefl\u00e4che, um einen idealen Einstellabstand zu erreichen. <\/p>\n","protected":false},"excerpt":{"rendered":"<p><strong>Der Abstandshalter SDIS02245<\/strong> ist ein n\u00fctzliches Zubeh\u00f6r f\u00fcr die pr\u00e4zise Montage von OMR-T\u00fcr- oder Schubladenschl\u00f6ssern. Dieses Distanzst\u00fcck mit einer<strong> Dicke von 2 mm<\/strong> ist f\u00fcr den Einbau in T\u00fcren oder Schubladen mit geringerer Dicke vorgesehen. <\/p>\n","protected":false},"featured_media":8997,"comment_status":"open","ping_status":"closed","template":"","meta":{"_acf_changed":false,"_et_pb_use_builder":"","_et_pb_old_content":"","_et_gb_content_width":""},"product_brand":[],"product_cat":[3812,3775],"product_tag":[],"class_list":{"0":"post-241413","1":"product","2":"type-product","3":"status-publish","4":"has-post-thumbnail","6":"product_cat-abstandshalter-und-adapter","7":"product_cat-produkte","9":"first","10":"instock","11":"shipping-taxable","12":"product-type-simple"},"acf":{"pdf1":false},"yoast_head":"<!-- This site is optimized with the Yoast SEO plugin v27.5 - https:\/\/yoast.com\/product\/yoast-seo-wordpress\/ -->\n<title>2 mm Abstandshalter f\u00fcr M\u00f6belt\u00fcr - Schublade - OMR Serrature<\/title>\n<meta name=\"robots\" content=\"index, follow, max-snippet:-1, max-image-preview:large, max-video-preview:-1\" \/>\n<link rel=\"canonical\" href=\"https:\/\/www.omrserrature.it\/de\/produkt\/abstandshalter-fuer-moebeltuer-schublade\/\" \/>\n<meta property=\"og:locale\" content=\"de_DE\" \/>\n<meta property=\"og:type\" content=\"article\" \/>\n<meta property=\"og:title\" content=\"2 mm Abstandshalter f\u00fcr M\u00f6belt\u00fcr - Schublade - OMR Serrature\" \/>\n<meta property=\"og:description\" content=\"Der Abstandshalter SDIS02245 ist ein n\u00fctzliches Zubeh\u00f6r f\u00fcr die pr\u00e4zise Montage von OMR-T\u00fcr- oder Schubladenschl\u00f6ssern. Dieses Distanzst\u00fcck mit einer Dicke von 2 mm ist f\u00fcr den Einbau in T\u00fcren oder Schubladen mit geringerer Dicke vorgesehen.\" \/>\n<meta property=\"og:url\" content=\"https:\/\/www.omrserrature.it\/de\/produkt\/abstandshalter-fuer-moebeltuer-schublade\/\" \/>\n<meta property=\"og:site_name\" content=\"OMR Serrature | Produzione sistemi di chiusura\" \/>\n<meta property=\"article:publisher\" content=\"https:\/\/www.facebook.com\/OMRserrature\" \/>\n<meta property=\"article:modified_time\" content=\"2026-04-08T09:53:46+00:00\" \/>\n<meta property=\"og:image\" content=\"https:\/\/www.omrserrature.it\/wp-content\/uploads\/2018\/07\/SDIS02245.jpg\" \/>\n\t<meta property=\"og:image:width\" content=\"298\" \/>\n\t<meta property=\"og:image:height\" content=\"325\" \/>\n\t<meta property=\"og:image:type\" content=\"image\/jpeg\" \/>\n<meta name=\"twitter:card\" content=\"summary_large_image\" \/>\n<script type=\"application\/ld+json\" class=\"yoast-schema-graph\">{\"@context\":\"https:\\\/\\\/schema.org\",\"@graph\":[{\"@type\":\"WebPage\",\"@id\":\"https:\\\/\\\/www.omrserrature.it\\\/de\\\/produkt\\\/abstandshalter-fuer-moebeltuer-schublade\\\/\",\"url\":\"https:\\\/\\\/www.omrserrature.it\\\/de\\\/produkt\\\/abstandshalter-fuer-moebeltuer-schublade\\\/\",\"name\":\"2 mm Abstandshalter f\u00fcr M\u00f6belt\u00fcr - Schublade - OMR Serrature\",\"isPartOf\":{\"@id\":\"https:\\\/\\\/www.omrserrature.it\\\/de\\\/#website\"},\"primaryImageOfPage\":{\"@id\":\"https:\\\/\\\/www.omrserrature.it\\\/de\\\/produkt\\\/abstandshalter-fuer-moebeltuer-schublade\\\/#primaryimage\"},\"image\":{\"@id\":\"https:\\\/\\\/www.omrserrature.it\\\/de\\\/produkt\\\/abstandshalter-fuer-moebeltuer-schublade\\\/#primaryimage\"},\"thumbnailUrl\":\"https:\\\/\\\/www.omrserrature.it\\\/wp-content\\\/uploads\\\/2018\\\/07\\\/SDIS02245.jpg\",\"datePublished\":\"2013-07-18T15:38:00+00:00\",\"dateModified\":\"2026-04-08T09:53:46+00:00\",\"breadcrumb\":{\"@id\":\"https:\\\/\\\/www.omrserrature.it\\\/de\\\/produkt\\\/abstandshalter-fuer-moebeltuer-schublade\\\/#breadcrumb\"},\"inLanguage\":\"de\",\"potentialAction\":[{\"@type\":\"ReadAction\",\"target\":[\"https:\\\/\\\/www.omrserrature.it\\\/de\\\/produkt\\\/abstandshalter-fuer-moebeltuer-schublade\\\/\"]}]},{\"@type\":\"ImageObject\",\"inLanguage\":\"de\",\"@id\":\"https:\\\/\\\/www.omrserrature.it\\\/de\\\/produkt\\\/abstandshalter-fuer-moebeltuer-schublade\\\/#primaryimage\",\"url\":\"https:\\\/\\\/www.omrserrature.it\\\/wp-content\\\/uploads\\\/2018\\\/07\\\/SDIS02245.jpg\",\"contentUrl\":\"https:\\\/\\\/www.omrserrature.it\\\/wp-content\\\/uploads\\\/2018\\\/07\\\/SDIS02245.jpg\",\"width\":298,\"height\":325,\"caption\":\"Distanzst\u00fcck f\u00fcr Kastenschloss - SDIS02245\"},{\"@type\":\"BreadcrumbList\",\"@id\":\"https:\\\/\\\/www.omrserrature.it\\\/de\\\/produkt\\\/abstandshalter-fuer-moebeltuer-schublade\\\/#breadcrumb\",\"itemListElement\":[{\"@type\":\"ListItem\",\"position\":1,\"name\":\"Home\",\"item\":\"https:\\\/\\\/www.omrserrature.it\\\/de\\\/omr-serrature-sistemi-chiusura\\\/\"},{\"@type\":\"ListItem\",\"position\":2,\"name\":\"Katalog\",\"item\":\"https:\\\/\\\/www.omrserrature.it\\\/katalog\\\/?lang=de\"},{\"@type\":\"ListItem\",\"position\":3,\"name\":\"Produkte\",\"item\":\"https:\\\/\\\/www.omrserrature.it\\\/de\\\/katalog\\\/produkte\\\/\"},{\"@type\":\"ListItem\",\"position\":4,\"name\":\"2 mm Abstandshalter f\u00fcr M\u00f6belt\u00fcr &#8211; Schublade\"}]},{\"@type\":\"WebSite\",\"@id\":\"https:\\\/\\\/www.omrserrature.it\\\/de\\\/#website\",\"url\":\"https:\\\/\\\/www.omrserrature.it\\\/de\\\/\",\"name\":\"OMR Serrature | Produzione sistemi di chiusura\",\"description\":\"Produzione serrature di sicurezza e sistemi di chiusura\",\"publisher\":{\"@id\":\"https:\\\/\\\/www.omrserrature.it\\\/de\\\/#organization\"},\"potentialAction\":[{\"@type\":\"SearchAction\",\"target\":{\"@type\":\"EntryPoint\",\"urlTemplate\":\"https:\\\/\\\/www.omrserrature.it\\\/de\\\/?s={search_term_string}\"},\"query-input\":{\"@type\":\"PropertyValueSpecification\",\"valueRequired\":true,\"valueName\":\"search_term_string\"}}],\"inLanguage\":\"de\"},{\"@type\":\"Organization\",\"@id\":\"https:\\\/\\\/www.omrserrature.it\\\/de\\\/#organization\",\"name\":\"OMR Serrature | Produzione sistemi di chiusura\",\"url\":\"https:\\\/\\\/www.omrserrature.it\\\/de\\\/\",\"logo\":{\"@type\":\"ImageObject\",\"inLanguage\":\"de\",\"@id\":\"https:\\\/\\\/www.omrserrature.it\\\/de\\\/#\\\/schema\\\/logo\\\/image\\\/\",\"url\":\"https:\\\/\\\/www.omrserrature.it\\\/wp-content\\\/uploads\\\/2017\\\/09\\\/favicon-omr-114.png\",\"contentUrl\":\"https:\\\/\\\/www.omrserrature.it\\\/wp-content\\\/uploads\\\/2017\\\/09\\\/favicon-omr-114.png\",\"width\":114,\"height\":114,\"caption\":\"OMR Serrature | Produzione sistemi di chiusura\"},\"image\":{\"@id\":\"https:\\\/\\\/www.omrserrature.it\\\/de\\\/#\\\/schema\\\/logo\\\/image\\\/\"},\"sameAs\":[\"https:\\\/\\\/www.facebook.com\\\/OMRserrature\",\"https:\\\/\\\/www.linkedin.com\\\/company\\\/omrserrature\\\/\",\"https:\\\/\\\/www.youtube.com\\\/channel\\\/UCxmA85z2R0EpG_6IRokiAkg\"]}]}<\/script>\n<!-- \/ Yoast SEO plugin. -->","yoast_head_json":{"title":"2 mm Abstandshalter f\u00fcr M\u00f6belt\u00fcr - Schublade - OMR Serrature","robots":{"index":"index","follow":"follow","max-snippet":"max-snippet:-1","max-image-preview":"max-image-preview:large","max-video-preview":"max-video-preview:-1"},"canonical":"https:\/\/www.omrserrature.it\/de\/produkt\/abstandshalter-fuer-moebeltuer-schublade\/","og_locale":"de_DE","og_type":"article","og_title":"2 mm Abstandshalter f\u00fcr M\u00f6belt\u00fcr - Schublade - OMR Serrature","og_description":"Der Abstandshalter SDIS02245 ist ein n\u00fctzliches Zubeh\u00f6r f\u00fcr die pr\u00e4zise Montage von OMR-T\u00fcr- oder Schubladenschl\u00f6ssern. Dieses Distanzst\u00fcck mit einer Dicke von 2 mm ist f\u00fcr den Einbau in T\u00fcren oder Schubladen mit geringerer Dicke vorgesehen.","og_url":"https:\/\/www.omrserrature.it\/de\/produkt\/abstandshalter-fuer-moebeltuer-schublade\/","og_site_name":"OMR Serrature | Produzione sistemi di chiusura","article_publisher":"https:\/\/www.facebook.com\/OMRserrature","article_modified_time":"2026-04-08T09:53:46+00:00","og_image":[{"width":298,"height":325,"url":"https:\/\/www.omrserrature.it\/wp-content\/uploads\/2018\/07\/SDIS02245.jpg","type":"image\/jpeg"}],"twitter_card":"summary_large_image","schema":{"@context":"https:\/\/schema.org","@graph":[{"@type":"WebPage","@id":"https:\/\/www.omrserrature.it\/de\/produkt\/abstandshalter-fuer-moebeltuer-schublade\/","url":"https:\/\/www.omrserrature.it\/de\/produkt\/abstandshalter-fuer-moebeltuer-schublade\/","name":"2 mm Abstandshalter f\u00fcr M\u00f6belt\u00fcr - Schublade - OMR Serrature","isPartOf":{"@id":"https:\/\/www.omrserrature.it\/de\/#website"},"primaryImageOfPage":{"@id":"https:\/\/www.omrserrature.it\/de\/produkt\/abstandshalter-fuer-moebeltuer-schublade\/#primaryimage"},"image":{"@id":"https:\/\/www.omrserrature.it\/de\/produkt\/abstandshalter-fuer-moebeltuer-schublade\/#primaryimage"},"thumbnailUrl":"https:\/\/www.omrserrature.it\/wp-content\/uploads\/2018\/07\/SDIS02245.jpg","datePublished":"2013-07-18T15:38:00+00:00","dateModified":"2026-04-08T09:53:46+00:00","breadcrumb":{"@id":"https:\/\/www.omrserrature.it\/de\/produkt\/abstandshalter-fuer-moebeltuer-schublade\/#breadcrumb"},"inLanguage":"de","potentialAction":[{"@type":"ReadAction","target":["https:\/\/www.omrserrature.it\/de\/produkt\/abstandshalter-fuer-moebeltuer-schublade\/"]}]},{"@type":"ImageObject","inLanguage":"de","@id":"https:\/\/www.omrserrature.it\/de\/produkt\/abstandshalter-fuer-moebeltuer-schublade\/#primaryimage","url":"https:\/\/www.omrserrature.it\/wp-content\/uploads\/2018\/07\/SDIS02245.jpg","contentUrl":"https:\/\/www.omrserrature.it\/wp-content\/uploads\/2018\/07\/SDIS02245.jpg","width":298,"height":325,"caption":"Distanzst\u00fcck f\u00fcr Kastenschloss - SDIS02245"},{"@type":"BreadcrumbList","@id":"https:\/\/www.omrserrature.it\/de\/produkt\/abstandshalter-fuer-moebeltuer-schublade\/#breadcrumb","itemListElement":[{"@type":"ListItem","position":1,"name":"Home","item":"https:\/\/www.omrserrature.it\/de\/omr-serrature-sistemi-chiusura\/"},{"@type":"ListItem","position":2,"name":"Katalog","item":"https:\/\/www.omrserrature.it\/katalog\/?lang=de"},{"@type":"ListItem","position":3,"name":"Produkte","item":"https:\/\/www.omrserrature.it\/de\/katalog\/produkte\/"},{"@type":"ListItem","position":4,"name":"2 mm Abstandshalter f\u00fcr M\u00f6belt\u00fcr &#8211; Schublade"}]},{"@type":"WebSite","@id":"https:\/\/www.omrserrature.it\/de\/#website","url":"https:\/\/www.omrserrature.it\/de\/","name":"OMR Serrature | Produzione sistemi di chiusura","description":"Produzione serrature di sicurezza e sistemi di chiusura","publisher":{"@id":"https:\/\/www.omrserrature.it\/de\/#organization"},"potentialAction":[{"@type":"SearchAction","target":{"@type":"EntryPoint","urlTemplate":"https:\/\/www.omrserrature.it\/de\/?s={search_term_string}"},"query-input":{"@type":"PropertyValueSpecification","valueRequired":true,"valueName":"search_term_string"}}],"inLanguage":"de"},{"@type":"Organization","@id":"https:\/\/www.omrserrature.it\/de\/#organization","name":"OMR Serrature | Produzione sistemi di chiusura","url":"https:\/\/www.omrserrature.it\/de\/","logo":{"@type":"ImageObject","inLanguage":"de","@id":"https:\/\/www.omrserrature.it\/de\/#\/schema\/logo\/image\/","url":"https:\/\/www.omrserrature.it\/wp-content\/uploads\/2017\/09\/favicon-omr-114.png","contentUrl":"https:\/\/www.omrserrature.it\/wp-content\/uploads\/2017\/09\/favicon-omr-114.png","width":114,"height":114,"caption":"OMR Serrature | Produzione sistemi di chiusura"},"image":{"@id":"https:\/\/www.omrserrature.it\/de\/#\/schema\/logo\/image\/"},"sameAs":["https:\/\/www.facebook.com\/OMRserrature","https:\/\/www.linkedin.com\/company\/omrserrature\/","https:\/\/www.youtube.com\/channel\/UCxmA85z2R0EpG_6IRokiAkg"]}]}},"_links":{"self":[{"href":"https:\/\/www.omrserrature.it\/de\/wp-json\/wp\/v2\/product\/241413","targetHints":{"allow":["GET"]}}],"collection":[{"href":"https:\/\/www.omrserrature.it\/de\/wp-json\/wp\/v2\/product"}],"about":[{"href":"https:\/\/www.omrserrature.it\/de\/wp-json\/wp\/v2\/types\/product"}],"replies":[{"embeddable":true,"href":"https:\/\/www.omrserrature.it\/de\/wp-json\/wp\/v2\/comments?post=241413"}],"wp:featuredmedia":[{"embeddable":true,"href":"https:\/\/www.omrserrature.it\/de\/wp-json\/wp\/v2\/media\/8997"}],"wp:attachment":[{"href":"https:\/\/www.omrserrature.it\/de\/wp-json\/wp\/v2\/media?parent=241413"}],"wp:term":[{"taxonomy":"product_brand","embeddable":true,"href":"https:\/\/www.omrserrature.it\/de\/wp-json\/wp\/v2\/product_brand?post=241413"},{"taxonomy":"product_cat","embeddable":true,"href":"https:\/\/www.omrserrature.it\/de\/wp-json\/wp\/v2\/product_cat?post=241413"},{"taxonomy":"product_tag","embeddable":true,"href":"https:\/\/www.omrserrature.it\/de\/wp-json\/wp\/v2\/product_tag?post=241413"}],"curies":[{"name":"wp","href":"https:\/\/api.w.org\/{rel}","templated":true}]}}