{"id":241370,"date":"2021-03-11T17:50:56","date_gmt":"2011-03-21T16:50:00","guid":{"rendered":"https:\/\/www.staging6.omrserrature.it\/prodotto\/grosses-deckeloberteil-mit-zylinderschluessel-fuer-schwerkraftschloss\/"},"modified":"2026-04-08T11:29:04","modified_gmt":"2026-04-08T09:29:04","slug":"grosses-deckeloberteil-mit-zylinderschluessel-fuer-schwerkraftschloss","status":"publish","type":"product","link":"https:\/\/www.omrserrature.it\/de\/produkt\/grosses-deckeloberteil-mit-zylinderschluessel-fuer-schwerkraftschloss\/","title":{"rendered":"Gro\u00dfes Deckeloberteil mit Zylinderschl\u00fcssel f\u00fcr Schwerkraftschloss"},"content":{"rendered":"<p>Der <strong>Dekelobereil<\/strong> f\u00fcr das \u00f6kologische Schwerkraftschloss ist ein rot gef\u00e4rbtes Bauteil, das au\u00dfen auf dem Deckel der M\u00fclltonne angebracht wird und ein Schloss mit einem <strong>standardm\u00e4\u00dfigen Zylinderschl\u00fcssel<\/strong> <strong>oder<\/strong> einem <strong>reversiblen Zylinderschl\u00fcssel<\/strong> haben kann <strong>.<\/strong> Mit dem propriet\u00e4ren Schl\u00fcssel k\u00f6nnen Sie die M\u00fclltonne \u00f6ffnen und den Abfall entsorgen. Der Schwerkraftmechanismus erm\u00f6glicht das automatische \u00d6ffnen des M\u00fcllsammelbeh\u00e4lters &#8211; sobald eine bestimmte Neigung erreicht ist &#8211; bei der mechanisierten Entleerung mit einem Fahrzeug.  <\/p>\n<p>Das innovative Gravitationssystem gew\u00e4hrleistet den <strong>Schutz vor unbefugten Ablagerungen in den M\u00fclltonnen von Haus zu Haus<\/strong> und garantiert die volle Zug\u00e4nglichkeit f\u00fcr die \u00f6kologischen Betreiber: eine effektive L\u00f6sung, die die Verwaltung der getrennten M\u00fcllsammlung in den verschiedenen Gemeinden und Stadtteilen verbessert.<\/p>\n<p>Hier eine Liste der Haupteigenschaften:<\/p>\n<ul>\n<li><strong>\u00d6ffnen Sie<\/strong> den Mechanismus mit einem <strong>Steckschl\u00fcssel<\/strong> mit dreieckigem Kopf mit oder ohne R\u00fcckholfeder oder <strong>mit<\/strong> einem nummerierten Wendeschl\u00fcssel 2001 bis 2200 oder einem Standardschl\u00fcssel 201 bis 436.<\/li>\n<li>Die Schl\u00f6sser k\u00f6nnen in<strong>&#8218;CONDOMINIAL KITS<\/strong>&#8218; mit einer gleichschlie\u00dfenden Verschl\u00fcsselung geliefert werden, die den<strong>Zugang zu allen M\u00fclltonnen mit einem einzigen Schl\u00fcssel<\/strong> erm\u00f6glicht<strong>.<\/strong><\/li>\n<li><strong>M\u00f6belt\u00fcr<\/strong> f\u00fcr den Fall, dass der M\u00fcllcontainer durch Wind, St\u00f6\u00dfe oder Vandalismus umgekippt wird.<\/li>\n<\/ul>\n<p>Das Schloss ist mit<strong> allen<\/strong> zwei- und vierr\u00e4drigen M\u00fcllcontainern und<strong> M\u00fclltonnen<\/strong> auf R\u00e4dern kompatibel und<strong> l\u00e4sst sich<\/strong> leicht<strong> an diesen anbringen<\/strong>. Eine Anleitung f\u00fcr die Installation des Schlosses ist im Lieferumfang enthalten. F\u00fcr Installateure empfehlen wir den Kauf der OMR Universalschablone. <\/p>\n","protected":false},"excerpt":{"rendered":"<p><strong>Der Dekelobereil<\/strong> f\u00fcr das \u00f6kologische Schwerkraftschloss ist ein rot gef\u00e4rbtes Bauteil, das au\u00dfen auf dem Deckel der M\u00fclltonne angebracht wird und mit einem Schloss mit <strong>Standard- oder<\/strong> <strong>reversiblem Zylinderschl\u00fcssel<\/strong> ausgestattet werden kann <strong>.<\/strong><\/p>\n","protected":false},"featured_media":16956,"comment_status":"open","ping_status":"closed","template":"","meta":{"_acf_changed":false,"_et_pb_use_builder":"","_et_pb_old_content":"","_et_gb_content_width":""},"product_brand":[],"product_cat":[3818],"product_tag":[],"class_list":{"0":"post-241370","1":"product","2":"type-product","3":"status-publish","4":"has-post-thumbnail","6":"product_cat-zubehor-und-ersatzteile-fur-schwerkraftschlosser","8":"first","9":"instock","10":"shipping-taxable","11":"purchasable","12":"product-type-variable","13":"has-default-attributes"},"acf":{"pdf1":"https:\/\/www.omrserrature.it\/wp-content\/uploads\/2021\/03\/Scheda_GG-CUP-2001_GG-GAN_GKIT-INF.pdf"},"yoast_head":"<!-- This site is optimized with the Yoast SEO plugin v27.2 - https:\/\/yoast.com\/product\/yoast-seo-wordpress\/ -->\n<title>Zylinderschl\u00fcssel Dekelobereil f\u00fcr Schwerkraftschlo\u00dfabfall<\/title>\n<meta name=\"description\" content=\"Zylinderschl\u00fcssel-Dekelobereil f\u00fcr Schwerkraftschloss an M\u00fclltonnen. Sch\u00fctzt vor unbefugtem Bef\u00fcllen und erm\u00f6glicht die automatische Entleerung.\" \/>\n<meta name=\"robots\" content=\"index, follow, max-snippet:-1, max-image-preview:large, max-video-preview:-1\" \/>\n<link rel=\"canonical\" href=\"https:\/\/www.omrserrature.it\/de\/produkt\/grosses-deckeloberteil-mit-zylinderschluessel-fuer-schwerkraftschloss\/\" \/>\n<meta property=\"og:locale\" content=\"de_DE\" \/>\n<meta property=\"og:type\" content=\"article\" \/>\n<meta property=\"og:title\" content=\"Zylinderschl\u00fcssel Dekelobereil f\u00fcr Schwerkraftschlo\u00dfabfall\" \/>\n<meta property=\"og:description\" content=\"Zylinderschl\u00fcssel-Dekelobereil f\u00fcr Schwerkraftschloss an M\u00fclltonnen. Sch\u00fctzt vor unbefugtem Bef\u00fcllen und erm\u00f6glicht die automatische Entleerung.\" \/>\n<meta property=\"og:url\" content=\"https:\/\/www.omrserrature.it\/de\/produkt\/grosses-deckeloberteil-mit-zylinderschluessel-fuer-schwerkraftschloss\/\" \/>\n<meta property=\"og:site_name\" content=\"OMR Serrature | Produzione sistemi di chiusura\" \/>\n<meta property=\"article:publisher\" content=\"https:\/\/www.facebook.com\/OMRserrature\" \/>\n<meta property=\"article:modified_time\" content=\"2026-04-08T09:29:04+00:00\" \/>\n<meta property=\"og:image\" content=\"https:\/\/www.omrserrature.it\/wp-content\/uploads\/2021\/03\/GG-CUP-2001_2200.jpg\" \/>\n\t<meta property=\"og:image:width\" content=\"1913\" \/>\n\t<meta property=\"og:image:height\" content=\"1670\" \/>\n\t<meta property=\"og:image:type\" content=\"image\/jpeg\" \/>\n<meta name=\"twitter:card\" content=\"summary_large_image\" \/>\n<meta name=\"twitter:label1\" content=\"Gesch\u00e4tzte Lesezeit\" \/>\n\t<meta name=\"twitter:data1\" content=\"1\u00a0Minute\" \/>\n<script type=\"application\/ld+json\" class=\"yoast-schema-graph\">{\"@context\":\"https:\/\/schema.org\",\"@graph\":[{\"@type\":\"WebPage\",\"@id\":\"https:\/\/www.omrserrature.it\/de\/produkt\/grosses-deckeloberteil-mit-zylinderschluessel-fuer-schwerkraftschloss\/\",\"url\":\"https:\/\/www.omrserrature.it\/de\/produkt\/grosses-deckeloberteil-mit-zylinderschluessel-fuer-schwerkraftschloss\/\",\"name\":\"Zylinderschl\u00fcssel Dekelobereil f\u00fcr Schwerkraftschlo\u00dfabfall\",\"isPartOf\":{\"@id\":\"https:\/\/www.omrserrature.it\/de\/#website\"},\"primaryImageOfPage\":{\"@id\":\"https:\/\/www.omrserrature.it\/de\/produkt\/grosses-deckeloberteil-mit-zylinderschluessel-fuer-schwerkraftschloss\/#primaryimage\"},\"image\":{\"@id\":\"https:\/\/www.omrserrature.it\/de\/produkt\/grosses-deckeloberteil-mit-zylinderschluessel-fuer-schwerkraftschloss\/#primaryimage\"},\"thumbnailUrl\":\"https:\/\/www.omrserrature.it\/wp-content\/uploads\/2021\/03\/GG-CUP-2001_2200.jpg\",\"datePublished\":\"2011-03-21T16:50:00+00:00\",\"dateModified\":\"2026-04-08T09:29:04+00:00\",\"description\":\"Zylinderschl\u00fcssel-Dekelobereil f\u00fcr Schwerkraftschloss an M\u00fclltonnen. Sch\u00fctzt vor unbefugtem Bef\u00fcllen und erm\u00f6glicht die automatische Entleerung.\",\"breadcrumb\":{\"@id\":\"https:\/\/www.omrserrature.it\/de\/produkt\/grosses-deckeloberteil-mit-zylinderschluessel-fuer-schwerkraftschloss\/#breadcrumb\"},\"inLanguage\":\"de\",\"potentialAction\":[{\"@type\":\"ReadAction\",\"target\":[\"https:\/\/www.omrserrature.it\/de\/produkt\/grosses-deckeloberteil-mit-zylinderschluessel-fuer-schwerkraftschloss\/\"]}]},{\"@type\":\"ImageObject\",\"inLanguage\":\"de\",\"@id\":\"https:\/\/www.omrserrature.it\/de\/produkt\/grosses-deckeloberteil-mit-zylinderschluessel-fuer-schwerkraftschloss\/#primaryimage\",\"url\":\"https:\/\/www.omrserrature.it\/wp-content\/uploads\/2021\/03\/GG-CUP-2001_2200.jpg\",\"contentUrl\":\"https:\/\/www.omrserrature.it\/wp-content\/uploads\/2021\/03\/GG-CUP-2001_2200.jpg\",\"width\":1913,\"height\":1670,\"caption\":\"Ersatz - gro\u00dfes Deckeloberteil f\u00fcr M\u00fclltonnen mit Schloss - GP-CUP-2001_2200\"},{\"@type\":\"BreadcrumbList\",\"@id\":\"https:\/\/www.omrserrature.it\/de\/produkt\/grosses-deckeloberteil-mit-zylinderschluessel-fuer-schwerkraftschloss\/#breadcrumb\",\"itemListElement\":[{\"@type\":\"ListItem\",\"position\":1,\"name\":\"Home\",\"item\":\"https:\/\/www.omrserrature.it\/de\/omr-serrature-sistemi-chiusura\/\"},{\"@type\":\"ListItem\",\"position\":2,\"name\":\"Katalog\",\"item\":\"https:\/\/www.omrserrature.it\/katalog\/?lang=de\"},{\"@type\":\"ListItem\",\"position\":3,\"name\":\"Produkte\",\"item\":\"https:\/\/www.omrserrature.it\/de\/katalog\/produkte\/\"},{\"@type\":\"ListItem\",\"position\":4,\"name\":\"Zubeh\u00f6r und Ersatzteile\",\"item\":\"https:\/\/www.omrserrature.it\/de\/katalog\/produkte\/zubehor-und-ersatzteile\/\"},{\"@type\":\"ListItem\",\"position\":5,\"name\":\"Zubeh\u00f6r und Ersatzteile f\u00fcr Schwerkraftschl\u00f6sser\",\"item\":\"https:\/\/www.omrserrature.it\/de\/katalog\/produkte\/zubehor-und-ersatzteile\/zubehor-und-ersatzteile-fur-schwerkraftschlosser\/\"},{\"@type\":\"ListItem\",\"position\":6,\"name\":\"Gro\u00dfes Deckeloberteil mit Zylinderschl\u00fcssel f\u00fcr Schwerkraftschloss\"}]},{\"@type\":\"WebSite\",\"@id\":\"https:\/\/www.omrserrature.it\/de\/#website\",\"url\":\"https:\/\/www.omrserrature.it\/de\/\",\"name\":\"OMR Serrature | Produzione sistemi di chiusura\",\"description\":\"Produzione serrature di sicurezza e sistemi di chiusura\",\"publisher\":{\"@id\":\"https:\/\/www.omrserrature.it\/de\/#organization\"},\"potentialAction\":[{\"@type\":\"SearchAction\",\"target\":{\"@type\":\"EntryPoint\",\"urlTemplate\":\"https:\/\/www.omrserrature.it\/de\/?s={search_term_string}\"},\"query-input\":{\"@type\":\"PropertyValueSpecification\",\"valueRequired\":true,\"valueName\":\"search_term_string\"}}],\"inLanguage\":\"de\"},{\"@type\":\"Organization\",\"@id\":\"https:\/\/www.omrserrature.it\/de\/#organization\",\"name\":\"OMR Serrature | Produzione sistemi di chiusura\",\"url\":\"https:\/\/www.omrserrature.it\/de\/\",\"logo\":{\"@type\":\"ImageObject\",\"inLanguage\":\"de\",\"@id\":\"https:\/\/www.omrserrature.it\/de\/#\/schema\/logo\/image\/\",\"url\":\"https:\/\/www.omrserrature.it\/wp-content\/uploads\/2017\/09\/favicon-omr-114.png\",\"contentUrl\":\"https:\/\/www.omrserrature.it\/wp-content\/uploads\/2017\/09\/favicon-omr-114.png\",\"width\":114,\"height\":114,\"caption\":\"OMR Serrature | Produzione sistemi di chiusura\"},\"image\":{\"@id\":\"https:\/\/www.omrserrature.it\/de\/#\/schema\/logo\/image\/\"},\"sameAs\":[\"https:\/\/www.facebook.com\/OMRserrature\",\"https:\/\/www.linkedin.com\/company\/omrserrature\/\",\"https:\/\/www.youtube.com\/channel\/UCxmA85z2R0EpG_6IRokiAkg\"]}]}<\/script>\n<!-- \/ Yoast SEO plugin. -->","yoast_head_json":{"title":"Zylinderschl\u00fcssel Dekelobereil f\u00fcr Schwerkraftschlo\u00dfabfall","description":"Zylinderschl\u00fcssel-Dekelobereil f\u00fcr Schwerkraftschloss an M\u00fclltonnen. Sch\u00fctzt vor unbefugtem Bef\u00fcllen und erm\u00f6glicht die automatische Entleerung.","robots":{"index":"index","follow":"follow","max-snippet":"max-snippet:-1","max-image-preview":"max-image-preview:large","max-video-preview":"max-video-preview:-1"},"canonical":"https:\/\/www.omrserrature.it\/de\/produkt\/grosses-deckeloberteil-mit-zylinderschluessel-fuer-schwerkraftschloss\/","og_locale":"de_DE","og_type":"article","og_title":"Zylinderschl\u00fcssel Dekelobereil f\u00fcr Schwerkraftschlo\u00dfabfall","og_description":"Zylinderschl\u00fcssel-Dekelobereil f\u00fcr Schwerkraftschloss an M\u00fclltonnen. Sch\u00fctzt vor unbefugtem Bef\u00fcllen und erm\u00f6glicht die automatische Entleerung.","og_url":"https:\/\/www.omrserrature.it\/de\/produkt\/grosses-deckeloberteil-mit-zylinderschluessel-fuer-schwerkraftschloss\/","og_site_name":"OMR Serrature | Produzione sistemi di chiusura","article_publisher":"https:\/\/www.facebook.com\/OMRserrature","article_modified_time":"2026-04-08T09:29:04+00:00","og_image":[{"width":1913,"height":1670,"url":"https:\/\/www.omrserrature.it\/wp-content\/uploads\/2021\/03\/GG-CUP-2001_2200.jpg","type":"image\/jpeg"}],"twitter_card":"summary_large_image","twitter_misc":{"Gesch\u00e4tzte Lesezeit":"1\u00a0Minute"},"schema":{"@context":"https:\/\/schema.org","@graph":[{"@type":"WebPage","@id":"https:\/\/www.omrserrature.it\/de\/produkt\/grosses-deckeloberteil-mit-zylinderschluessel-fuer-schwerkraftschloss\/","url":"https:\/\/www.omrserrature.it\/de\/produkt\/grosses-deckeloberteil-mit-zylinderschluessel-fuer-schwerkraftschloss\/","name":"Zylinderschl\u00fcssel Dekelobereil f\u00fcr Schwerkraftschlo\u00dfabfall","isPartOf":{"@id":"https:\/\/www.omrserrature.it\/de\/#website"},"primaryImageOfPage":{"@id":"https:\/\/www.omrserrature.it\/de\/produkt\/grosses-deckeloberteil-mit-zylinderschluessel-fuer-schwerkraftschloss\/#primaryimage"},"image":{"@id":"https:\/\/www.omrserrature.it\/de\/produkt\/grosses-deckeloberteil-mit-zylinderschluessel-fuer-schwerkraftschloss\/#primaryimage"},"thumbnailUrl":"https:\/\/www.omrserrature.it\/wp-content\/uploads\/2021\/03\/GG-CUP-2001_2200.jpg","datePublished":"2011-03-21T16:50:00+00:00","dateModified":"2026-04-08T09:29:04+00:00","description":"Zylinderschl\u00fcssel-Dekelobereil f\u00fcr Schwerkraftschloss an M\u00fclltonnen. Sch\u00fctzt vor unbefugtem Bef\u00fcllen und erm\u00f6glicht die automatische Entleerung.","breadcrumb":{"@id":"https:\/\/www.omrserrature.it\/de\/produkt\/grosses-deckeloberteil-mit-zylinderschluessel-fuer-schwerkraftschloss\/#breadcrumb"},"inLanguage":"de","potentialAction":[{"@type":"ReadAction","target":["https:\/\/www.omrserrature.it\/de\/produkt\/grosses-deckeloberteil-mit-zylinderschluessel-fuer-schwerkraftschloss\/"]}]},{"@type":"ImageObject","inLanguage":"de","@id":"https:\/\/www.omrserrature.it\/de\/produkt\/grosses-deckeloberteil-mit-zylinderschluessel-fuer-schwerkraftschloss\/#primaryimage","url":"https:\/\/www.omrserrature.it\/wp-content\/uploads\/2021\/03\/GG-CUP-2001_2200.jpg","contentUrl":"https:\/\/www.omrserrature.it\/wp-content\/uploads\/2021\/03\/GG-CUP-2001_2200.jpg","width":1913,"height":1670,"caption":"Ersatz - gro\u00dfes Deckeloberteil f\u00fcr M\u00fclltonnen mit Schloss - GP-CUP-2001_2200"},{"@type":"BreadcrumbList","@id":"https:\/\/www.omrserrature.it\/de\/produkt\/grosses-deckeloberteil-mit-zylinderschluessel-fuer-schwerkraftschloss\/#breadcrumb","itemListElement":[{"@type":"ListItem","position":1,"name":"Home","item":"https:\/\/www.omrserrature.it\/de\/omr-serrature-sistemi-chiusura\/"},{"@type":"ListItem","position":2,"name":"Katalog","item":"https:\/\/www.omrserrature.it\/katalog\/?lang=de"},{"@type":"ListItem","position":3,"name":"Produkte","item":"https:\/\/www.omrserrature.it\/de\/katalog\/produkte\/"},{"@type":"ListItem","position":4,"name":"Zubeh\u00f6r und Ersatzteile","item":"https:\/\/www.omrserrature.it\/de\/katalog\/produkte\/zubehor-und-ersatzteile\/"},{"@type":"ListItem","position":5,"name":"Zubeh\u00f6r und Ersatzteile f\u00fcr Schwerkraftschl\u00f6sser","item":"https:\/\/www.omrserrature.it\/de\/katalog\/produkte\/zubehor-und-ersatzteile\/zubehor-und-ersatzteile-fur-schwerkraftschlosser\/"},{"@type":"ListItem","position":6,"name":"Gro\u00dfes Deckeloberteil mit Zylinderschl\u00fcssel f\u00fcr Schwerkraftschloss"}]},{"@type":"WebSite","@id":"https:\/\/www.omrserrature.it\/de\/#website","url":"https:\/\/www.omrserrature.it\/de\/","name":"OMR Serrature | Produzione sistemi di chiusura","description":"Produzione serrature di sicurezza e sistemi di chiusura","publisher":{"@id":"https:\/\/www.omrserrature.it\/de\/#organization"},"potentialAction":[{"@type":"SearchAction","target":{"@type":"EntryPoint","urlTemplate":"https:\/\/www.omrserrature.it\/de\/?s={search_term_string}"},"query-input":{"@type":"PropertyValueSpecification","valueRequired":true,"valueName":"search_term_string"}}],"inLanguage":"de"},{"@type":"Organization","@id":"https:\/\/www.omrserrature.it\/de\/#organization","name":"OMR Serrature | Produzione sistemi di chiusura","url":"https:\/\/www.omrserrature.it\/de\/","logo":{"@type":"ImageObject","inLanguage":"de","@id":"https:\/\/www.omrserrature.it\/de\/#\/schema\/logo\/image\/","url":"https:\/\/www.omrserrature.it\/wp-content\/uploads\/2017\/09\/favicon-omr-114.png","contentUrl":"https:\/\/www.omrserrature.it\/wp-content\/uploads\/2017\/09\/favicon-omr-114.png","width":114,"height":114,"caption":"OMR Serrature | Produzione sistemi di chiusura"},"image":{"@id":"https:\/\/www.omrserrature.it\/de\/#\/schema\/logo\/image\/"},"sameAs":["https:\/\/www.facebook.com\/OMRserrature","https:\/\/www.linkedin.com\/company\/omrserrature\/","https:\/\/www.youtube.com\/channel\/UCxmA85z2R0EpG_6IRokiAkg"]}]}},"_links":{"self":[{"href":"https:\/\/www.omrserrature.it\/de\/wp-json\/wp\/v2\/product\/241370","targetHints":{"allow":["GET"]}}],"collection":[{"href":"https:\/\/www.omrserrature.it\/de\/wp-json\/wp\/v2\/product"}],"about":[{"href":"https:\/\/www.omrserrature.it\/de\/wp-json\/wp\/v2\/types\/product"}],"replies":[{"embeddable":true,"href":"https:\/\/www.omrserrature.it\/de\/wp-json\/wp\/v2\/comments?post=241370"}],"wp:featuredmedia":[{"embeddable":true,"href":"https:\/\/www.omrserrature.it\/de\/wp-json\/wp\/v2\/media\/16956"}],"wp:attachment":[{"href":"https:\/\/www.omrserrature.it\/de\/wp-json\/wp\/v2\/media?parent=241370"}],"wp:term":[{"taxonomy":"product_brand","embeddable":true,"href":"https:\/\/www.omrserrature.it\/de\/wp-json\/wp\/v2\/product_brand?post=241370"},{"taxonomy":"product_cat","embeddable":true,"href":"https:\/\/www.omrserrature.it\/de\/wp-json\/wp\/v2\/product_cat?post=241370"},{"taxonomy":"product_tag","embeddable":true,"href":"https:\/\/www.omrserrature.it\/de\/wp-json\/wp\/v2\/product_tag?post=241370"}],"curies":[{"name":"wp","href":"https:\/\/api.w.org\/{rel}","templated":true}]}}