{"id":241143,"date":"2021-05-18T15:22:45","date_gmt":"2021-05-18T13:22:45","guid":{"rendered":"https:\/\/www.staging6.omrserrature.it\/prodotto\/europaeische-profilzylinder-condor-key-key-sharable\/"},"modified":"2025-06-04T08:57:35","modified_gmt":"2025-06-04T06:57:35","slug":"europaeische-profilzylinder-condor-key-key-sharable","status":"publish","type":"product","link":"https:\/\/www.omrserrature.it\/de\/produkt\/europaeische-profilzylinder-condor-key-key-sharable\/","title":{"rendered":"Euro Profilzylinder CONDOR Schl\u00fcssel-Knopf"},"content":{"rendered":"<p>Der <strong>europ\u00e4ische Profilzylinder CONDOR key-code shaving cylinder<\/strong> wurde entwickelt, um den h\u00f6chsten Anspr\u00fcchen an Sicherheit, Flexibilit\u00e4t und Zuverl\u00e4ssigkeit zu gen\u00fcgen. Dieses Produkt vereint innovative Technologie und tadellose Verarbeitungsqualit\u00e4t und bietet eine ideale L\u00f6sung f\u00fcr Wohnungen, B\u00fcros und industrielle Umgebungen. Dank seines modularen Aufbaus und der zahlreichen verf\u00fcgbaren Konfigurationen passt er sich jedem Bedarf an und garantiert eine optimale Leistung und eine vielseitige Installation.  <\/p>\n<h4>Hochmoderner Mechanismus f\u00fcr umfassenden Schutz<\/h4>\n<p>Der CONDOR-Zylinder verf\u00fcgt \u00fcber einen komplexen und ausgekl\u00fcgelten Mechanismus, der die fortschrittlichsten Einbruchstechniken abwehrt. Jedes Bauteil ist so optimiert, dass es dank der hochentwickelten technischen L\u00f6sungen eine unvergleichliche Sicherheit bietet. <\/p>\n<ul>\n<li><strong>5 aktive Hauptstifte<\/strong>, darunter der erste aus geh\u00e4rtetem Stahl, garantieren Widerstand gegen Manipulation oder Einbruchsversuche.<\/li>\n<li><strong>5 geformte Anti-Picking-Gegenstifte<\/strong>, auch mit dem ersten aus geh\u00e4rtetem Stahl, bieten hervorragenden Schutz gegen unbefugte \u00d6ffnungsversuche.<\/li>\n<li><strong>Aktive Stifte auf der Schiene (Schlange)<\/strong> mit falschem Zugang, die St\u00f6\u00dfe und Picking abwehren sollen, bieten ein hohes Ma\u00df an Schutz.<\/li>\n<li><strong>2 passive Pins mit 5 Positionen<\/strong>, die die Komplexit\u00e4t des Systems erh\u00f6hen, um jegliche Umgehungsversuche zu verhindern.<\/li>\n<\/ul>\n<p>Diese Elemente arbeiten synergetisch zusammen, um maximale Zuverl\u00e4ssigkeit unter allen Einsatzbedingungen zu gew\u00e4hrleisten. Das macht den europ\u00e4ischen Profilzylinder von CONDOR zu einer ausgezeichneten Wahl f\u00fcr alle, die maximalen Schutz suchen.<\/p>\n<h4>Sicherheit ohne Kompromisse: patentierte Materialien und Technologien<\/h4>\n<p>Jedes Detail des CONDOR Zylinders ist auf maximale Sicherheit ausgelegt. Der Schl\u00fcssel, der <strong>bis 2040<\/strong> aus <strong>patentiertem Neusilber<\/strong> besteht, garantiert nicht nur eine lange Lebensdauer, sondern sch\u00fctzt auch vor unbefugter Duplikation. Dank seiner technischen Eigenschaften widersteht der Zylinder auch den aggressivsten Schl\u00fcsselentnahme Positionen und Bohrversuchen.  <\/p>\n<ul>\n<li><strong>\u00dcber 7,5 Millionen Kombinationen<\/strong> f\u00fcr ein unvergleichliches Ma\u00df an Einzigartigkeit und Schutz.<\/li>\n<li><strong>Anti-Extraktionsplatte aus Puma Steel\u00ae<\/strong>, einem speziellen Kohlenstoffstahl, der dem Schl\u00fcsselprofil folgt, um jeden Versuch einer gewaltsamen Extraktion zu verhindern.<\/li>\n<li><strong>Pleuelstange mit M\u00f6belt\u00fcren<\/strong> und Hebel aus rostfreiem Stahl, entwickelt, um den extremsten Angriffen standzuhalten.<\/li>\n<li><strong>Schw\u00e4chende Vorschnitte f\u00fcr fr\u00fchzeitigen Einbruch<\/strong>, die das Schloss im Falle eines Einbruchs sch\u00fctzen.<\/li>\n<\/ul>\n<p>Diese Merkmale, zusammen mit den vorderen und hinteren Aufbohrschutzstiften, machen diesen europ\u00e4ischen Profilzylinder zu einem Bollwerk gegen jeden Versuch, ihn zu hacken.<\/p>\n<h4>Vollst\u00e4ndig ausgestattet f\u00fcr eine vielseitige Installation<\/h4>\n<p>Der CONDOR-Zylinder ist komplett ausgestattet f\u00fcr eine einfache und sichere Nutzung. Jedes Element ist so konzipiert, dass es Komfort und vollst\u00e4ndige Kontrolle \u00fcber das Schlie\u00dfsystem bietet. <\/p>\n<ul>\n<li><strong>3 Hauptschl\u00fcssel<\/strong> aus strapazierf\u00e4higem Material bieten einen bequemen und sicheren Halt.<\/li>\n<li><strong>Befestigungsschraube<\/strong>, f\u00fcr perfekte Kompatibilit\u00e4t mit der T\u00fcr.<\/li>\n<li><strong>Propriet\u00e4re Karte<\/strong>, die eine sichere Vervielf\u00e4ltigung der Schl\u00fcssel gew\u00e4hrleistet und gleichzeitig die volle Kontrolle \u00fcber die Systemsicherheit beh\u00e4lt.<\/li>\n<\/ul>\n<p>Dank seines <strong>modularen<\/strong> Designs <strong>, das bis zu 182 + 182 mm erweiterbar ist<\/strong>, kann dieser Zylinder an eine Vielzahl von T\u00fcren angepasst werden und bietet somit eine unvergleichliche Flexibilit\u00e4t sowohl f\u00fcr den privaten als auch den professionellen Gebrauch.<\/p>\n<h4>\u00c4sthetische Anpassungen und verf\u00fcgbare Konfigurationen<\/h4>\n<p>Der europ\u00e4ische Profilzylinder von CONDOR zeichnet sich auch durch seine Anpassungsf\u00e4higkeit aus, denn er bietet eine Auswahl an eleganten Oberfl\u00e4chen und verschiedenen technischen Konfigurationen, die jedem Bedarf gerecht werden:<\/p>\n<ul>\n<li>Erh\u00e4ltlich in den Ausf\u00fchrungen: <strong>vernickelt<\/strong>, <strong>vergoldet<\/strong> und <strong>schwarz<\/strong>, f\u00fcr eine perfekte Abstimmung auf den Stil der T\u00fcr.<\/li>\n<li>Konfigurationen:\n<ul>\n<li><strong>KD<\/strong> (verschiedenschlie\u00dfende Verschl\u00fcsselung)<\/li>\n<li><strong>KA<\/strong> (gleichschlie\u00dfende Verschl\u00fcsselung)<\/li>\n<li><strong>MK<\/strong> (mehrstufiges Hauptschl\u00fcssel-System)<\/li>\n<\/ul>\n<\/li>\n<\/ul>\n<p>Dar\u00fcber hinaus k\u00f6nnen alternative Nocken wie die <strong>10-Zahn-Krone<\/strong>, <strong>reduzierte Hebel<\/strong> und <strong>einstellbare DIN<\/strong> integriert werden, was diesen Zylinder extrem vielseitig macht.<\/p>\n<h4>Ein Produkt, garantiert und vertrieben von OMR srl<\/h4>\n<p>Der von M&amp;C entwickelte und in Italien von <strong>OMR Srl<\/strong> vertriebene CONDOR-Zylinder ist ein Synonym f\u00fcr Qualit\u00e4t, Innovation und Sicherheit. Um die Installation zu optimieren, empfehlen wir die Verwendung von Zylinderschutzvorrichtungen mit 4,5 mm Aufbohrschutz. Der <strong>europ\u00e4ische Profilzylinder CONDOR<\/strong> ist eine L\u00f6sung f\u00fcr alle, die bei der Sicherheit keine Kompromisse eingehen wollen. Er vereint au\u00dfergew\u00f6hnliche Leistung, modulares Design und \u00e4sthetische Individualit\u00e4t. W\u00e4hlen Sie ihn f\u00fcr T\u00fcren, die immer gesch\u00fctzt sind und den h\u00f6chsten Sicherheitsstandards entsprechen!  <\/p>\n","protected":false},"excerpt":{"rendered":"<p>Der <strong>europ\u00e4ische Profilzylinder CONDOR sharable key-code<\/strong> wurde entwickelt, um den h\u00f6chsten Anspr\u00fcchen an Sicherheit, Flexibilit\u00e4t und Zuverl\u00e4ssigkeit gerecht zu werden. Dieses Produkt kombiniert innovative Technologie mit hervorragender Verarbeitungsqualit\u00e4t und bietet eine ideale L\u00f6sung f\u00fcr Wohnungen, B\u00fcros und industrielle Umgebungen. <strong> Diese Version ist f\u00fcr die Montage des Knopfes auf der Innenseite vorgesehen.<\/strong><\/p>\n","protected":false},"featured_media":19686,"comment_status":"open","ping_status":"closed","template":"","meta":{"_acf_changed":false,"_et_pb_use_builder":"","_et_pb_old_content":"","_et_gb_content_width":""},"product_brand":[],"product_cat":[3798],"product_tag":[],"class_list":{"0":"post-241143","1":"product","2":"type-product","3":"status-publish","4":"has-post-thumbnail","6":"product_cat-europaische-profilzylinder","8":"first","9":"instock","10":"shipping-taxable","11":"product-type-simple"},"acf":{"pdf1":false},"yoast_head":"<!-- This site is optimized with the Yoast SEO plugin v27.2 - https:\/\/yoast.com\/product\/yoast-seo-wordpress\/ -->\n<title>Euro Profilzylinder CONDOR Schl\u00fcssel-Knopf - OMR Serrature<\/title>\n<meta name=\"robots\" content=\"index, follow, max-snippet:-1, max-image-preview:large, max-video-preview:-1\" \/>\n<link rel=\"canonical\" href=\"https:\/\/www.omrserrature.it\/de\/produkt\/europaeische-profilzylinder-condor-key-key-sharable\/\" \/>\n<meta property=\"og:locale\" content=\"de_DE\" \/>\n<meta property=\"og:type\" content=\"article\" \/>\n<meta property=\"og:title\" content=\"Euro Profilzylinder CONDOR Schl\u00fcssel-Knopf - OMR Serrature\" \/>\n<meta property=\"og:description\" content=\"Der europ\u00e4ische Profilzylinder CONDOR sharable key-code wurde entwickelt, um den h\u00f6chsten Anspr\u00fcchen an Sicherheit, Flexibilit\u00e4t und Zuverl\u00e4ssigkeit gerecht zu werden. Dieses Produkt kombiniert innovative Technologie mit hervorragender Verarbeitungsqualit\u00e4t und bietet eine ideale L\u00f6sung f\u00fcr Wohnungen, B\u00fcros und industrielle Umgebungen. Diese Version ist f\u00fcr die Montage des Knopfes auf der Innenseite vorgesehen.\" \/>\n<meta property=\"og:url\" content=\"https:\/\/www.omrserrature.it\/de\/produkt\/europaeische-profilzylinder-condor-key-key-sharable\/\" \/>\n<meta property=\"og:site_name\" content=\"OMR Serrature | Produzione sistemi di chiusura\" \/>\n<meta property=\"article:publisher\" content=\"https:\/\/www.facebook.com\/OMRserrature\" \/>\n<meta property=\"article:modified_time\" content=\"2025-06-04T06:57:35+00:00\" \/>\n<meta property=\"og:image\" content=\"https:\/\/www.omrserrature.it\/wp-content\/uploads\/2021\/05\/condor-codolo.jpg\" \/>\n\t<meta property=\"og:image:width\" content=\"1549\" \/>\n\t<meta property=\"og:image:height\" content=\"1839\" \/>\n\t<meta property=\"og:image:type\" content=\"image\/jpeg\" \/>\n<meta name=\"twitter:card\" content=\"summary_large_image\" \/>\n<meta name=\"twitter:label1\" content=\"Gesch\u00e4tzte Lesezeit\" \/>\n\t<meta name=\"twitter:data1\" content=\"3\u00a0Minuten\" \/>\n<script type=\"application\/ld+json\" class=\"yoast-schema-graph\">{\"@context\":\"https:\/\/schema.org\",\"@graph\":[{\"@type\":\"WebPage\",\"@id\":\"https:\/\/www.omrserrature.it\/de\/produkt\/europaeische-profilzylinder-condor-key-key-sharable\/\",\"url\":\"https:\/\/www.omrserrature.it\/de\/produkt\/europaeische-profilzylinder-condor-key-key-sharable\/\",\"name\":\"Euro Profilzylinder CONDOR Schl\u00fcssel-Knopf - OMR Serrature\",\"isPartOf\":{\"@id\":\"https:\/\/www.omrserrature.it\/de\/#website\"},\"primaryImageOfPage\":{\"@id\":\"https:\/\/www.omrserrature.it\/de\/produkt\/europaeische-profilzylinder-condor-key-key-sharable\/#primaryimage\"},\"image\":{\"@id\":\"https:\/\/www.omrserrature.it\/de\/produkt\/europaeische-profilzylinder-condor-key-key-sharable\/#primaryimage\"},\"thumbnailUrl\":\"https:\/\/www.omrserrature.it\/wp-content\/uploads\/2021\/05\/condor-codolo.jpg\",\"datePublished\":\"2021-05-18T13:22:45+00:00\",\"dateModified\":\"2025-06-04T06:57:35+00:00\",\"breadcrumb\":{\"@id\":\"https:\/\/www.omrserrature.it\/de\/produkt\/europaeische-profilzylinder-condor-key-key-sharable\/#breadcrumb\"},\"inLanguage\":\"de\",\"potentialAction\":[{\"@type\":\"ReadAction\",\"target\":[\"https:\/\/www.omrserrature.it\/de\/produkt\/europaeische-profilzylinder-condor-key-key-sharable\/\"]}]},{\"@type\":\"ImageObject\",\"inLanguage\":\"de\",\"@id\":\"https:\/\/www.omrserrature.it\/de\/produkt\/europaeische-profilzylinder-condor-key-key-sharable\/#primaryimage\",\"url\":\"https:\/\/www.omrserrature.it\/wp-content\/uploads\/2021\/05\/condor-codolo.jpg\",\"contentUrl\":\"https:\/\/www.omrserrature.it\/wp-content\/uploads\/2021\/05\/condor-codolo.jpg\",\"width\":1549,\"height\":1839,\"caption\":\"Cilindro europeo ad alta sicurezza CONDOR con codolo\"},{\"@type\":\"BreadcrumbList\",\"@id\":\"https:\/\/www.omrserrature.it\/de\/produkt\/europaeische-profilzylinder-condor-key-key-sharable\/#breadcrumb\",\"itemListElement\":[{\"@type\":\"ListItem\",\"position\":1,\"name\":\"Home\",\"item\":\"https:\/\/www.omrserrature.it\/de\/omr-serrature-sistemi-chiusura\/\"},{\"@type\":\"ListItem\",\"position\":2,\"name\":\"Katalog\",\"item\":\"https:\/\/www.omrserrature.it\/katalog\/?lang=de\"},{\"@type\":\"ListItem\",\"position\":3,\"name\":\"Produkte\",\"item\":\"https:\/\/www.omrserrature.it\/de\/katalog\/produkte\/\"},{\"@type\":\"ListItem\",\"position\":4,\"name\":\"Schloesser\",\"item\":\"https:\/\/www.omrserrature.it\/de\/katalog\/produkte\/schloesser\/\"},{\"@type\":\"ListItem\",\"position\":5,\"name\":\"Euro Profilzylinder CONDOR Schl\u00fcssel-Knopf\"}]},{\"@type\":\"WebSite\",\"@id\":\"https:\/\/www.omrserrature.it\/de\/#website\",\"url\":\"https:\/\/www.omrserrature.it\/de\/\",\"name\":\"OMR Serrature | Produzione sistemi di chiusura\",\"description\":\"Produzione serrature di sicurezza e sistemi di chiusura\",\"publisher\":{\"@id\":\"https:\/\/www.omrserrature.it\/de\/#organization\"},\"potentialAction\":[{\"@type\":\"SearchAction\",\"target\":{\"@type\":\"EntryPoint\",\"urlTemplate\":\"https:\/\/www.omrserrature.it\/de\/?s={search_term_string}\"},\"query-input\":{\"@type\":\"PropertyValueSpecification\",\"valueRequired\":true,\"valueName\":\"search_term_string\"}}],\"inLanguage\":\"de\"},{\"@type\":\"Organization\",\"@id\":\"https:\/\/www.omrserrature.it\/de\/#organization\",\"name\":\"OMR Serrature | Produzione sistemi di chiusura\",\"url\":\"https:\/\/www.omrserrature.it\/de\/\",\"logo\":{\"@type\":\"ImageObject\",\"inLanguage\":\"de\",\"@id\":\"https:\/\/www.omrserrature.it\/de\/#\/schema\/logo\/image\/\",\"url\":\"https:\/\/www.omrserrature.it\/wp-content\/uploads\/2017\/09\/favicon-omr-114.png\",\"contentUrl\":\"https:\/\/www.omrserrature.it\/wp-content\/uploads\/2017\/09\/favicon-omr-114.png\",\"width\":114,\"height\":114,\"caption\":\"OMR Serrature | Produzione sistemi di chiusura\"},\"image\":{\"@id\":\"https:\/\/www.omrserrature.it\/de\/#\/schema\/logo\/image\/\"},\"sameAs\":[\"https:\/\/www.facebook.com\/OMRserrature\",\"https:\/\/www.linkedin.com\/company\/omrserrature\/\",\"https:\/\/www.youtube.com\/channel\/UCxmA85z2R0EpG_6IRokiAkg\"]}]}<\/script>\n<!-- \/ Yoast SEO plugin. -->","yoast_head_json":{"title":"Euro Profilzylinder CONDOR Schl\u00fcssel-Knopf - OMR Serrature","robots":{"index":"index","follow":"follow","max-snippet":"max-snippet:-1","max-image-preview":"max-image-preview:large","max-video-preview":"max-video-preview:-1"},"canonical":"https:\/\/www.omrserrature.it\/de\/produkt\/europaeische-profilzylinder-condor-key-key-sharable\/","og_locale":"de_DE","og_type":"article","og_title":"Euro Profilzylinder CONDOR Schl\u00fcssel-Knopf - OMR Serrature","og_description":"Der europ\u00e4ische Profilzylinder CONDOR sharable key-code wurde entwickelt, um den h\u00f6chsten Anspr\u00fcchen an Sicherheit, Flexibilit\u00e4t und Zuverl\u00e4ssigkeit gerecht zu werden. Dieses Produkt kombiniert innovative Technologie mit hervorragender Verarbeitungsqualit\u00e4t und bietet eine ideale L\u00f6sung f\u00fcr Wohnungen, B\u00fcros und industrielle Umgebungen. Diese Version ist f\u00fcr die Montage des Knopfes auf der Innenseite vorgesehen.","og_url":"https:\/\/www.omrserrature.it\/de\/produkt\/europaeische-profilzylinder-condor-key-key-sharable\/","og_site_name":"OMR Serrature | Produzione sistemi di chiusura","article_publisher":"https:\/\/www.facebook.com\/OMRserrature","article_modified_time":"2025-06-04T06:57:35+00:00","og_image":[{"width":1549,"height":1839,"url":"https:\/\/www.omrserrature.it\/wp-content\/uploads\/2021\/05\/condor-codolo.jpg","type":"image\/jpeg"}],"twitter_card":"summary_large_image","twitter_misc":{"Gesch\u00e4tzte Lesezeit":"3\u00a0Minuten"},"schema":{"@context":"https:\/\/schema.org","@graph":[{"@type":"WebPage","@id":"https:\/\/www.omrserrature.it\/de\/produkt\/europaeische-profilzylinder-condor-key-key-sharable\/","url":"https:\/\/www.omrserrature.it\/de\/produkt\/europaeische-profilzylinder-condor-key-key-sharable\/","name":"Euro Profilzylinder CONDOR Schl\u00fcssel-Knopf - OMR Serrature","isPartOf":{"@id":"https:\/\/www.omrserrature.it\/de\/#website"},"primaryImageOfPage":{"@id":"https:\/\/www.omrserrature.it\/de\/produkt\/europaeische-profilzylinder-condor-key-key-sharable\/#primaryimage"},"image":{"@id":"https:\/\/www.omrserrature.it\/de\/produkt\/europaeische-profilzylinder-condor-key-key-sharable\/#primaryimage"},"thumbnailUrl":"https:\/\/www.omrserrature.it\/wp-content\/uploads\/2021\/05\/condor-codolo.jpg","datePublished":"2021-05-18T13:22:45+00:00","dateModified":"2025-06-04T06:57:35+00:00","breadcrumb":{"@id":"https:\/\/www.omrserrature.it\/de\/produkt\/europaeische-profilzylinder-condor-key-key-sharable\/#breadcrumb"},"inLanguage":"de","potentialAction":[{"@type":"ReadAction","target":["https:\/\/www.omrserrature.it\/de\/produkt\/europaeische-profilzylinder-condor-key-key-sharable\/"]}]},{"@type":"ImageObject","inLanguage":"de","@id":"https:\/\/www.omrserrature.it\/de\/produkt\/europaeische-profilzylinder-condor-key-key-sharable\/#primaryimage","url":"https:\/\/www.omrserrature.it\/wp-content\/uploads\/2021\/05\/condor-codolo.jpg","contentUrl":"https:\/\/www.omrserrature.it\/wp-content\/uploads\/2021\/05\/condor-codolo.jpg","width":1549,"height":1839,"caption":"Cilindro europeo ad alta sicurezza CONDOR con codolo"},{"@type":"BreadcrumbList","@id":"https:\/\/www.omrserrature.it\/de\/produkt\/europaeische-profilzylinder-condor-key-key-sharable\/#breadcrumb","itemListElement":[{"@type":"ListItem","position":1,"name":"Home","item":"https:\/\/www.omrserrature.it\/de\/omr-serrature-sistemi-chiusura\/"},{"@type":"ListItem","position":2,"name":"Katalog","item":"https:\/\/www.omrserrature.it\/katalog\/?lang=de"},{"@type":"ListItem","position":3,"name":"Produkte","item":"https:\/\/www.omrserrature.it\/de\/katalog\/produkte\/"},{"@type":"ListItem","position":4,"name":"Schloesser","item":"https:\/\/www.omrserrature.it\/de\/katalog\/produkte\/schloesser\/"},{"@type":"ListItem","position":5,"name":"Euro Profilzylinder CONDOR Schl\u00fcssel-Knopf"}]},{"@type":"WebSite","@id":"https:\/\/www.omrserrature.it\/de\/#website","url":"https:\/\/www.omrserrature.it\/de\/","name":"OMR Serrature | Produzione sistemi di chiusura","description":"Produzione serrature di sicurezza e sistemi di chiusura","publisher":{"@id":"https:\/\/www.omrserrature.it\/de\/#organization"},"potentialAction":[{"@type":"SearchAction","target":{"@type":"EntryPoint","urlTemplate":"https:\/\/www.omrserrature.it\/de\/?s={search_term_string}"},"query-input":{"@type":"PropertyValueSpecification","valueRequired":true,"valueName":"search_term_string"}}],"inLanguage":"de"},{"@type":"Organization","@id":"https:\/\/www.omrserrature.it\/de\/#organization","name":"OMR Serrature | Produzione sistemi di chiusura","url":"https:\/\/www.omrserrature.it\/de\/","logo":{"@type":"ImageObject","inLanguage":"de","@id":"https:\/\/www.omrserrature.it\/de\/#\/schema\/logo\/image\/","url":"https:\/\/www.omrserrature.it\/wp-content\/uploads\/2017\/09\/favicon-omr-114.png","contentUrl":"https:\/\/www.omrserrature.it\/wp-content\/uploads\/2017\/09\/favicon-omr-114.png","width":114,"height":114,"caption":"OMR Serrature | Produzione sistemi di chiusura"},"image":{"@id":"https:\/\/www.omrserrature.it\/de\/#\/schema\/logo\/image\/"},"sameAs":["https:\/\/www.facebook.com\/OMRserrature","https:\/\/www.linkedin.com\/company\/omrserrature\/","https:\/\/www.youtube.com\/channel\/UCxmA85z2R0EpG_6IRokiAkg"]}]}},"_links":{"self":[{"href":"https:\/\/www.omrserrature.it\/de\/wp-json\/wp\/v2\/product\/241143","targetHints":{"allow":["GET"]}}],"collection":[{"href":"https:\/\/www.omrserrature.it\/de\/wp-json\/wp\/v2\/product"}],"about":[{"href":"https:\/\/www.omrserrature.it\/de\/wp-json\/wp\/v2\/types\/product"}],"replies":[{"embeddable":true,"href":"https:\/\/www.omrserrature.it\/de\/wp-json\/wp\/v2\/comments?post=241143"}],"wp:featuredmedia":[{"embeddable":true,"href":"https:\/\/www.omrserrature.it\/de\/wp-json\/wp\/v2\/media\/19686"}],"wp:attachment":[{"href":"https:\/\/www.omrserrature.it\/de\/wp-json\/wp\/v2\/media?parent=241143"}],"wp:term":[{"taxonomy":"product_brand","embeddable":true,"href":"https:\/\/www.omrserrature.it\/de\/wp-json\/wp\/v2\/product_brand?post=241143"},{"taxonomy":"product_cat","embeddable":true,"href":"https:\/\/www.omrserrature.it\/de\/wp-json\/wp\/v2\/product_cat?post=241143"},{"taxonomy":"product_tag","embeddable":true,"href":"https:\/\/www.omrserrature.it\/de\/wp-json\/wp\/v2\/product_tag?post=241143"}],"curies":[{"name":"wp","href":"https:\/\/api.w.org\/{rel}","templated":true}]}}