{"id":241141,"date":"2021-05-18T15:07:51","date_gmt":"2021-05-18T13:07:51","guid":{"rendered":"https:\/\/www.staging6.omrserrature.it\/prodotto\/europaeische-profilzylinder-condor-key-key\/"},"modified":"2025-06-04T08:57:33","modified_gmt":"2025-06-04T06:57:33","slug":"europaeische-profilzylinder-condor-key-key","status":"publish","type":"product","link":"https:\/\/www.omrserrature.it\/de\/produkt\/europaeische-profilzylinder-condor-key-key\/","title":{"rendered":"Europ\u00e4ische Profilzylinder CONDOR Key-Key"},"content":{"rendered":"<p><strong>Modularer<\/strong> \u201eCONDOR\u201c europ\u00e4ischer <strong>Profilzylinder<\/strong> mit <strong>gesch\u00fctzter Duplikation<\/strong> mit <strong>computergesteuertem Schl\u00fcssel.<\/strong> Der Hochsicherheitsmechanismus verf\u00fcgt \u00fcber 5 aktive Hauptstifte (einschlie\u00dflich des ersten geh\u00e4rteten Stahlstifts) + 5 geformte Anti-Picking-Gegenstifte (einschlie\u00dflich des ersten geh\u00e4rteten Stahlstifts) + 5 aktive Track-(Snake-)Stifte mit <strong>Anti-Bumping- und Anti-Picking-Falschzugang<\/strong> + 2 passive Stifte mit 5 Positionen.<\/p>\n<p>Die Notfunktion (Reibung) erm\u00f6glicht das \u00d6ffnen des Zylinders, auch wenn auf der gegen\u00fcberliegenden Seite ein Schl\u00fcssel eingesteckt ist. Auf Anfrage ist es m\u00f6glich, diese Funktion zu entfernen oder eine freie Drehung f\u00fcr das Einstecken von motorisierten elektronischen Kn\u00e4ufen einzuf\u00fcgen. <\/p>\n<p>Der Schl\u00fcssel besteht aus Neusilber (Alpacca) und ist patentiert, um die <strong>Duplizierung nur mit Hilfe der Schl\u00fcsselkarte<\/strong> zu gew\u00e4hrleisten <strong>.<\/strong> Die mehr als 7,5 Millionen Kombinationen, die dem Schl\u00fcsselprofil angepasste Form der <strong>M\u00f6belt\u00fcr<\/strong> aus \u201ePuma Steel\u00ae\u201c (spezieller Karbonstahl), der <strong>K\u00f6rper mit vorgestanzter<\/strong> Schw\u00e4chung f\u00fcr fr\u00fchzeitigen Bruch, die vorderen und hinteren <strong>M\u00f6belt\u00fcren<\/strong> und die <strong>doppelte<\/strong> Verbindungsstange mit <strong>M\u00f6belt\u00fcren<\/strong> garantieren ein sehr hohes Ma\u00df an Sicherheit. <\/p>\n<p>Der<strong> Hebel ist aus rostfreiem Stahl gefertigt<\/strong> und daher besonders robust und langlebig.<\/p>\n","protected":false},"excerpt":{"rendered":"<p><strong>Modularer<\/strong> \u201eCONDOR\u201c europ\u00e4ischer <strong>Profilzylinder<\/strong> mit <strong>gesch\u00fctzter Duplikation<\/strong> mit <strong>computergesteuertem Schl\u00fcssel.<\/strong> Sie garantieren ein sehr hohes Ma\u00df an Sicherheit: mehr als 7,5 Millionen Kombinationen, <strong>M\u00f6belt\u00fcr<\/strong> aus \u201ePuma Steel\u00ae\u201c (spezieller Karbonstahl), <strong>K\u00f6rper mit vorgestanzter<\/strong> Schw\u00e4chung f\u00fcr fr\u00fchzeitigen Bruch, vordere und hintere <strong>Knickschutzstifte<\/strong> und doppelter Verbindungsstab mit <strong>Knickschutzstiften<\/strong>.<\/p>\n","protected":false},"featured_media":28020,"comment_status":"open","ping_status":"closed","template":"","meta":{"_acf_changed":false,"_et_pb_use_builder":"","_et_pb_old_content":"","_et_gb_content_width":""},"product_brand":[],"product_cat":[3798],"product_tag":[],"class_list":{"0":"post-241141","1":"product","2":"type-product","3":"status-publish","4":"has-post-thumbnail","6":"product_cat-europaische-profilzylinder","8":"first","9":"instock","10":"shipping-taxable","11":"product-type-simple"},"acf":{"pdf1":"https:\/\/www.omrserrature.it\/wp-content\/uploads\/2018\/05\/CONDOR.pdf"},"yoast_head":"<!-- This site is optimized with the Yoast SEO plugin v27.2 - https:\/\/yoast.com\/product\/yoast-seo-wordpress\/ -->\n<title>Europ\u00e4ische Profilzylinder CONDOR Key-Key - OMR Serrature<\/title>\n<meta name=\"robots\" content=\"index, follow, max-snippet:-1, max-image-preview:large, max-video-preview:-1\" \/>\n<link rel=\"canonical\" href=\"https:\/\/www.omrserrature.it\/de\/produkt\/europaeische-profilzylinder-condor-key-key\/\" \/>\n<meta property=\"og:locale\" content=\"de_DE\" \/>\n<meta property=\"og:type\" content=\"article\" \/>\n<meta property=\"og:title\" content=\"Europ\u00e4ische Profilzylinder CONDOR Key-Key - OMR Serrature\" \/>\n<meta property=\"og:description\" content=\"Modularer \u201eCONDOR\u201c europ\u00e4ischer Profilzylinder mit gesch\u00fctzter Duplikation mit computergesteuertem Schl\u00fcssel. Sie garantieren ein sehr hohes Ma\u00df an Sicherheit: mehr als 7,5 Millionen Kombinationen, M\u00f6belt\u00fcr aus \u201ePuma Steel\u00ae\u201c (spezieller Karbonstahl), K\u00f6rper mit vorgestanzter Schw\u00e4chung f\u00fcr fr\u00fchzeitigen Bruch, vordere und hintere Knickschutzstifte und doppelter Verbindungsstab mit Knickschutzstiften.\" \/>\n<meta property=\"og:url\" content=\"https:\/\/www.omrserrature.it\/de\/produkt\/europaeische-profilzylinder-condor-key-key\/\" \/>\n<meta property=\"og:site_name\" content=\"OMR Serrature | Produzione sistemi di chiusura\" \/>\n<meta property=\"article:publisher\" content=\"https:\/\/www.facebook.com\/OMRserrature\" \/>\n<meta property=\"article:modified_time\" content=\"2025-06-04T06:57:33+00:00\" \/>\n<meta property=\"og:image\" content=\"https:\/\/www.omrserrature.it\/wp-content\/uploads\/2018\/05\/cilindro-profilo-europeoCONDOR-chiave-chiave_1.jpg\" \/>\n\t<meta property=\"og:image:width\" content=\"1000\" \/>\n\t<meta property=\"og:image:height\" content=\"1000\" \/>\n\t<meta property=\"og:image:type\" content=\"image\/jpeg\" \/>\n<meta name=\"twitter:card\" content=\"summary_large_image\" \/>\n<meta name=\"twitter:label1\" content=\"Gesch\u00e4tzte Lesezeit\" \/>\n\t<meta name=\"twitter:data1\" content=\"1\u00a0Minute\" \/>\n<script type=\"application\/ld+json\" class=\"yoast-schema-graph\">{\"@context\":\"https:\/\/schema.org\",\"@graph\":[{\"@type\":\"WebPage\",\"@id\":\"https:\/\/www.omrserrature.it\/de\/produkt\/europaeische-profilzylinder-condor-key-key\/\",\"url\":\"https:\/\/www.omrserrature.it\/de\/produkt\/europaeische-profilzylinder-condor-key-key\/\",\"name\":\"Europ\u00e4ische Profilzylinder CONDOR Key-Key - OMR Serrature\",\"isPartOf\":{\"@id\":\"https:\/\/www.omrserrature.it\/de\/#website\"},\"primaryImageOfPage\":{\"@id\":\"https:\/\/www.omrserrature.it\/de\/produkt\/europaeische-profilzylinder-condor-key-key\/#primaryimage\"},\"image\":{\"@id\":\"https:\/\/www.omrserrature.it\/de\/produkt\/europaeische-profilzylinder-condor-key-key\/#primaryimage\"},\"thumbnailUrl\":\"https:\/\/www.omrserrature.it\/wp-content\/uploads\/2018\/05\/cilindro-profilo-europeoCONDOR-chiave-chiave_1.jpg\",\"datePublished\":\"2021-05-18T13:07:51+00:00\",\"dateModified\":\"2025-06-04T06:57:33+00:00\",\"breadcrumb\":{\"@id\":\"https:\/\/www.omrserrature.it\/de\/produkt\/europaeische-profilzylinder-condor-key-key\/#breadcrumb\"},\"inLanguage\":\"de\",\"potentialAction\":[{\"@type\":\"ReadAction\",\"target\":[\"https:\/\/www.omrserrature.it\/de\/produkt\/europaeische-profilzylinder-condor-key-key\/\"]}]},{\"@type\":\"ImageObject\",\"inLanguage\":\"de\",\"@id\":\"https:\/\/www.omrserrature.it\/de\/produkt\/europaeische-profilzylinder-condor-key-key\/#primaryimage\",\"url\":\"https:\/\/www.omrserrature.it\/wp-content\/uploads\/2018\/05\/cilindro-profilo-europeoCONDOR-chiave-chiave_1.jpg\",\"contentUrl\":\"https:\/\/www.omrserrature.it\/wp-content\/uploads\/2018\/05\/cilindro-profilo-europeoCONDOR-chiave-chiave_1.jpg\",\"width\":1000,\"height\":1000,\"caption\":\"Cilindro europeo ad alta sicurezza CONDOR (chiave-chiave)\"},{\"@type\":\"BreadcrumbList\",\"@id\":\"https:\/\/www.omrserrature.it\/de\/produkt\/europaeische-profilzylinder-condor-key-key\/#breadcrumb\",\"itemListElement\":[{\"@type\":\"ListItem\",\"position\":1,\"name\":\"Home\",\"item\":\"https:\/\/www.omrserrature.it\/de\/omr-serrature-sistemi-chiusura\/\"},{\"@type\":\"ListItem\",\"position\":2,\"name\":\"Katalog\",\"item\":\"https:\/\/www.omrserrature.it\/katalog\/?lang=de\"},{\"@type\":\"ListItem\",\"position\":3,\"name\":\"Produkte\",\"item\":\"https:\/\/www.omrserrature.it\/de\/katalog\/produkte\/\"},{\"@type\":\"ListItem\",\"position\":4,\"name\":\"Europ\u00e4ische Profilzylinder\",\"item\":\"https:\/\/www.omrserrature.it\/de\/katalog\/produkte\/europaische-profilzylinder\/\"},{\"@type\":\"ListItem\",\"position\":5,\"name\":\"Europ\u00e4ische Profilzylinder CONDOR Key-Key\"}]},{\"@type\":\"WebSite\",\"@id\":\"https:\/\/www.omrserrature.it\/de\/#website\",\"url\":\"https:\/\/www.omrserrature.it\/de\/\",\"name\":\"OMR Serrature | Produzione sistemi di chiusura\",\"description\":\"Produzione serrature di sicurezza e sistemi di chiusura\",\"publisher\":{\"@id\":\"https:\/\/www.omrserrature.it\/de\/#organization\"},\"potentialAction\":[{\"@type\":\"SearchAction\",\"target\":{\"@type\":\"EntryPoint\",\"urlTemplate\":\"https:\/\/www.omrserrature.it\/de\/?s={search_term_string}\"},\"query-input\":{\"@type\":\"PropertyValueSpecification\",\"valueRequired\":true,\"valueName\":\"search_term_string\"}}],\"inLanguage\":\"de\"},{\"@type\":\"Organization\",\"@id\":\"https:\/\/www.omrserrature.it\/de\/#organization\",\"name\":\"OMR Serrature | Produzione sistemi di chiusura\",\"url\":\"https:\/\/www.omrserrature.it\/de\/\",\"logo\":{\"@type\":\"ImageObject\",\"inLanguage\":\"de\",\"@id\":\"https:\/\/www.omrserrature.it\/de\/#\/schema\/logo\/image\/\",\"url\":\"https:\/\/www.omrserrature.it\/wp-content\/uploads\/2017\/09\/favicon-omr-114.png\",\"contentUrl\":\"https:\/\/www.omrserrature.it\/wp-content\/uploads\/2017\/09\/favicon-omr-114.png\",\"width\":114,\"height\":114,\"caption\":\"OMR Serrature | Produzione sistemi di chiusura\"},\"image\":{\"@id\":\"https:\/\/www.omrserrature.it\/de\/#\/schema\/logo\/image\/\"},\"sameAs\":[\"https:\/\/www.facebook.com\/OMRserrature\",\"https:\/\/www.linkedin.com\/company\/omrserrature\/\",\"https:\/\/www.youtube.com\/channel\/UCxmA85z2R0EpG_6IRokiAkg\"]}]}<\/script>\n<!-- \/ Yoast SEO plugin. -->","yoast_head_json":{"title":"Europ\u00e4ische Profilzylinder CONDOR Key-Key - OMR Serrature","robots":{"index":"index","follow":"follow","max-snippet":"max-snippet:-1","max-image-preview":"max-image-preview:large","max-video-preview":"max-video-preview:-1"},"canonical":"https:\/\/www.omrserrature.it\/de\/produkt\/europaeische-profilzylinder-condor-key-key\/","og_locale":"de_DE","og_type":"article","og_title":"Europ\u00e4ische Profilzylinder CONDOR Key-Key - OMR Serrature","og_description":"Modularer \u201eCONDOR\u201c europ\u00e4ischer Profilzylinder mit gesch\u00fctzter Duplikation mit computergesteuertem Schl\u00fcssel. Sie garantieren ein sehr hohes Ma\u00df an Sicherheit: mehr als 7,5 Millionen Kombinationen, M\u00f6belt\u00fcr aus \u201ePuma Steel\u00ae\u201c (spezieller Karbonstahl), K\u00f6rper mit vorgestanzter Schw\u00e4chung f\u00fcr fr\u00fchzeitigen Bruch, vordere und hintere Knickschutzstifte und doppelter Verbindungsstab mit Knickschutzstiften.","og_url":"https:\/\/www.omrserrature.it\/de\/produkt\/europaeische-profilzylinder-condor-key-key\/","og_site_name":"OMR Serrature | Produzione sistemi di chiusura","article_publisher":"https:\/\/www.facebook.com\/OMRserrature","article_modified_time":"2025-06-04T06:57:33+00:00","og_image":[{"width":1000,"height":1000,"url":"https:\/\/www.omrserrature.it\/wp-content\/uploads\/2018\/05\/cilindro-profilo-europeoCONDOR-chiave-chiave_1.jpg","type":"image\/jpeg"}],"twitter_card":"summary_large_image","twitter_misc":{"Gesch\u00e4tzte Lesezeit":"1\u00a0Minute"},"schema":{"@context":"https:\/\/schema.org","@graph":[{"@type":"WebPage","@id":"https:\/\/www.omrserrature.it\/de\/produkt\/europaeische-profilzylinder-condor-key-key\/","url":"https:\/\/www.omrserrature.it\/de\/produkt\/europaeische-profilzylinder-condor-key-key\/","name":"Europ\u00e4ische Profilzylinder CONDOR Key-Key - OMR Serrature","isPartOf":{"@id":"https:\/\/www.omrserrature.it\/de\/#website"},"primaryImageOfPage":{"@id":"https:\/\/www.omrserrature.it\/de\/produkt\/europaeische-profilzylinder-condor-key-key\/#primaryimage"},"image":{"@id":"https:\/\/www.omrserrature.it\/de\/produkt\/europaeische-profilzylinder-condor-key-key\/#primaryimage"},"thumbnailUrl":"https:\/\/www.omrserrature.it\/wp-content\/uploads\/2018\/05\/cilindro-profilo-europeoCONDOR-chiave-chiave_1.jpg","datePublished":"2021-05-18T13:07:51+00:00","dateModified":"2025-06-04T06:57:33+00:00","breadcrumb":{"@id":"https:\/\/www.omrserrature.it\/de\/produkt\/europaeische-profilzylinder-condor-key-key\/#breadcrumb"},"inLanguage":"de","potentialAction":[{"@type":"ReadAction","target":["https:\/\/www.omrserrature.it\/de\/produkt\/europaeische-profilzylinder-condor-key-key\/"]}]},{"@type":"ImageObject","inLanguage":"de","@id":"https:\/\/www.omrserrature.it\/de\/produkt\/europaeische-profilzylinder-condor-key-key\/#primaryimage","url":"https:\/\/www.omrserrature.it\/wp-content\/uploads\/2018\/05\/cilindro-profilo-europeoCONDOR-chiave-chiave_1.jpg","contentUrl":"https:\/\/www.omrserrature.it\/wp-content\/uploads\/2018\/05\/cilindro-profilo-europeoCONDOR-chiave-chiave_1.jpg","width":1000,"height":1000,"caption":"Cilindro europeo ad alta sicurezza CONDOR (chiave-chiave)"},{"@type":"BreadcrumbList","@id":"https:\/\/www.omrserrature.it\/de\/produkt\/europaeische-profilzylinder-condor-key-key\/#breadcrumb","itemListElement":[{"@type":"ListItem","position":1,"name":"Home","item":"https:\/\/www.omrserrature.it\/de\/omr-serrature-sistemi-chiusura\/"},{"@type":"ListItem","position":2,"name":"Katalog","item":"https:\/\/www.omrserrature.it\/katalog\/?lang=de"},{"@type":"ListItem","position":3,"name":"Produkte","item":"https:\/\/www.omrserrature.it\/de\/katalog\/produkte\/"},{"@type":"ListItem","position":4,"name":"Europ\u00e4ische Profilzylinder","item":"https:\/\/www.omrserrature.it\/de\/katalog\/produkte\/europaische-profilzylinder\/"},{"@type":"ListItem","position":5,"name":"Europ\u00e4ische Profilzylinder CONDOR Key-Key"}]},{"@type":"WebSite","@id":"https:\/\/www.omrserrature.it\/de\/#website","url":"https:\/\/www.omrserrature.it\/de\/","name":"OMR Serrature | Produzione sistemi di chiusura","description":"Produzione serrature di sicurezza e sistemi di chiusura","publisher":{"@id":"https:\/\/www.omrserrature.it\/de\/#organization"},"potentialAction":[{"@type":"SearchAction","target":{"@type":"EntryPoint","urlTemplate":"https:\/\/www.omrserrature.it\/de\/?s={search_term_string}"},"query-input":{"@type":"PropertyValueSpecification","valueRequired":true,"valueName":"search_term_string"}}],"inLanguage":"de"},{"@type":"Organization","@id":"https:\/\/www.omrserrature.it\/de\/#organization","name":"OMR Serrature | Produzione sistemi di chiusura","url":"https:\/\/www.omrserrature.it\/de\/","logo":{"@type":"ImageObject","inLanguage":"de","@id":"https:\/\/www.omrserrature.it\/de\/#\/schema\/logo\/image\/","url":"https:\/\/www.omrserrature.it\/wp-content\/uploads\/2017\/09\/favicon-omr-114.png","contentUrl":"https:\/\/www.omrserrature.it\/wp-content\/uploads\/2017\/09\/favicon-omr-114.png","width":114,"height":114,"caption":"OMR Serrature | Produzione sistemi di chiusura"},"image":{"@id":"https:\/\/www.omrserrature.it\/de\/#\/schema\/logo\/image\/"},"sameAs":["https:\/\/www.facebook.com\/OMRserrature","https:\/\/www.linkedin.com\/company\/omrserrature\/","https:\/\/www.youtube.com\/channel\/UCxmA85z2R0EpG_6IRokiAkg"]}]}},"_links":{"self":[{"href":"https:\/\/www.omrserrature.it\/de\/wp-json\/wp\/v2\/product\/241141","targetHints":{"allow":["GET"]}}],"collection":[{"href":"https:\/\/www.omrserrature.it\/de\/wp-json\/wp\/v2\/product"}],"about":[{"href":"https:\/\/www.omrserrature.it\/de\/wp-json\/wp\/v2\/types\/product"}],"replies":[{"embeddable":true,"href":"https:\/\/www.omrserrature.it\/de\/wp-json\/wp\/v2\/comments?post=241141"}],"wp:featuredmedia":[{"embeddable":true,"href":"https:\/\/www.omrserrature.it\/de\/wp-json\/wp\/v2\/media\/28020"}],"wp:attachment":[{"href":"https:\/\/www.omrserrature.it\/de\/wp-json\/wp\/v2\/media?parent=241141"}],"wp:term":[{"taxonomy":"product_brand","embeddable":true,"href":"https:\/\/www.omrserrature.it\/de\/wp-json\/wp\/v2\/product_brand?post=241141"},{"taxonomy":"product_cat","embeddable":true,"href":"https:\/\/www.omrserrature.it\/de\/wp-json\/wp\/v2\/product_cat?post=241141"},{"taxonomy":"product_tag","embeddable":true,"href":"https:\/\/www.omrserrature.it\/de\/wp-json\/wp\/v2\/product_tag?post=241141"}],"curies":[{"name":"wp","href":"https:\/\/api.w.org\/{rel}","templated":true}]}}