{"id":241124,"date":"2018-04-24T15:49:58","date_gmt":"2022-04-18T13:49:00","guid":{"rendered":"https:\/\/www.staging6.omrserrature.it\/prodotto\/dreikantschloss-5-o19\/"},"modified":"2026-04-08T11:59:04","modified_gmt":"2026-04-08T09:59:04","slug":"dreikantschloss-5-o19","status":"publish","type":"product","link":"https:\/\/www.omrserrature.it\/de\/produkt\/dreikantschloss-5-o19\/","title":{"rendered":"Dreieckiger Abschluss 5 &#8211; \u00d819"},"content":{"rendered":"<p>Das <strong>dreieckige Drehriegel Schloss<\/strong> besteht aus einem Geh\u00e4use aus einer Zinklegierung, in dem sich ein federbelasteter Zylinder befindet, der sich mit Hilfe eines Schl\u00fcssels dreht und so das Schloss \u00f6ffnet oder abschlie\u00dft.<\/p>\n<p>Der 7-mm-Vierkantanschluss erm\u00f6glicht au\u00dferdem den Einbau einer Vielzahl von <strong>geraden, gekr\u00f6pften und gehakten Zungen<\/strong>, je nach den spezifischen Anforderungen. Das Schloss mit 1\/4 Drehung kann auch aus <strong>Technopolymer<\/strong> hergestellt werden, einem speziellen &#8222;Metallkunststoff&#8220;, der eine gleichwertige mechanische Leistung wie eine Aluminiumlegierung, Witterungs- und Korrosionsbest\u00e4ndigkeit sowie eine perfekte \u00e4sthetische Integration in Ihr Produkt dank der breiten Farbpalette garantiert. <\/p>\n<p>Der Steckschl\u00fcssel Schloss eignet sich f\u00fcr Anwendungen, bei denen keine hohe Sicherheit, sondern ein einfaches <strong>Zugriffsmanagement<\/strong> erforderlich ist, z. B. f\u00fcr Beh\u00e4lterdeckel, Inspektionsf\u00e4cher f\u00fcr Werkzeugmaschinen, elektrische Schalttafeln, technische F\u00e4cher in Einkaufszentren, Kioske, Zapfs\u00e4ulen oder Tankstellen.<\/p>\n","protected":false},"excerpt":{"rendered":"<p>Das dreieckige Drehriegel-Schloss besteht aus einem Geh\u00e4use aus Zinklegierung, in dem sich ein federbelasteter Zylinder befindet, der sich mit Hilfe eines Schl\u00fcssels dreht und so das Schloss \u00f6ffnet oder abschlie\u00dft.<\/p>\n","protected":false},"featured_media":3097,"comment_status":"open","ping_status":"closed","template":"","meta":{"_acf_changed":false,"_et_pb_use_builder":"","_et_pb_old_content":"","_et_gb_content_width":""},"product_brand":[],"product_cat":[3780,3773,3825,3845,3843,3830,3827,3839,3840,3836,3860,3764],"product_tag":[],"class_list":{"0":"post-241124","1":"product","2":"type-product","3":"status-publish","4":"has-post-thumbnail","6":"product_cat-1-4-drehung-drehriegel","7":"product_cat-architektur-stadtplanung-und-design","8":"product_cat-hebel-schlosser","9":"product_cat-schlosser-fur-automaten","10":"product_cat-schlosser-fur-automatische-lagerhauser","11":"product_cat-schlosser-fur-professionelle-trolleys","12":"product_cat-schlosser-fur-schaltschranke","13":"product_cat-schlosser-fur-schrankfronten","14":"product_cat-schlosser-fur-seitenwandturen","15":"product_cat-schlosser-fur-transportmittel","16":"product_cat-turschlosser","17":"product_cat-wasser-luft-gas-fur-firmen","19":"first","20":"instock","21":"shipping-taxable","22":"product-type-simple"},"acf":{"pdf1":"https:\/\/www.omrserrature.it\/wp-content\/uploads\/schede\/Scheda_163525.pdf"},"yoast_head":"<!-- This site is optimized with the Yoast SEO plugin v27.2 - https:\/\/yoast.com\/product\/yoast-seo-wordpress\/ -->\n<title>Dreieckiger Abschluss 5 - \u00d819 - OMR Serrature<\/title>\n<meta name=\"robots\" content=\"index, follow, max-snippet:-1, max-image-preview:large, max-video-preview:-1\" \/>\n<link rel=\"canonical\" href=\"https:\/\/www.omrserrature.it\/de\/produkt\/dreikantschloss-5-o19\/\" \/>\n<meta property=\"og:locale\" content=\"de_DE\" \/>\n<meta property=\"og:type\" content=\"article\" \/>\n<meta property=\"og:title\" content=\"Dreieckiger Abschluss 5 - \u00d819 - OMR Serrature\" \/>\n<meta property=\"og:description\" content=\"Das dreieckige Drehriegel-Schloss besteht aus einem Geh\u00e4use aus Zinklegierung, in dem sich ein federbelasteter Zylinder befindet, der sich mit Hilfe eines Schl\u00fcssels dreht und so das Schloss \u00f6ffnet oder abschlie\u00dft.\" \/>\n<meta property=\"og:url\" content=\"https:\/\/www.omrserrature.it\/de\/produkt\/dreikantschloss-5-o19\/\" \/>\n<meta property=\"og:site_name\" content=\"OMR Serrature | Produzione sistemi di chiusura\" \/>\n<meta property=\"article:publisher\" content=\"https:\/\/www.facebook.com\/OMRserrature\" \/>\n<meta property=\"article:modified_time\" content=\"2026-04-08T09:59:04+00:00\" \/>\n<meta property=\"og:image\" content=\"https:\/\/www.omrserrature.it\/wp-content\/uploads\/2017\/10\/chiusura-impronta-triangolo-5.jpg\" \/>\n\t<meta property=\"og:image:width\" content=\"573\" \/>\n\t<meta property=\"og:image:height\" content=\"386\" \/>\n\t<meta property=\"og:image:type\" content=\"image\/jpeg\" \/>\n<meta name=\"twitter:card\" content=\"summary_large_image\" \/>\n<meta name=\"twitter:label1\" content=\"Gesch\u00e4tzte Lesezeit\" \/>\n\t<meta name=\"twitter:data1\" content=\"1\u00a0Minute\" \/>\n<script type=\"application\/ld+json\" class=\"yoast-schema-graph\">{\"@context\":\"https:\/\/schema.org\",\"@graph\":[{\"@type\":\"WebPage\",\"@id\":\"https:\/\/www.omrserrature.it\/de\/produkt\/dreikantschloss-5-o19\/\",\"url\":\"https:\/\/www.omrserrature.it\/de\/produkt\/dreikantschloss-5-o19\/\",\"name\":\"Dreieckiger Abschluss 5 - \u00d819 - OMR Serrature\",\"isPartOf\":{\"@id\":\"https:\/\/www.omrserrature.it\/de\/#website\"},\"primaryImageOfPage\":{\"@id\":\"https:\/\/www.omrserrature.it\/de\/produkt\/dreikantschloss-5-o19\/#primaryimage\"},\"image\":{\"@id\":\"https:\/\/www.omrserrature.it\/de\/produkt\/dreikantschloss-5-o19\/#primaryimage\"},\"thumbnailUrl\":\"https:\/\/www.omrserrature.it\/wp-content\/uploads\/2017\/10\/chiusura-impronta-triangolo-5.jpg\",\"datePublished\":\"2022-04-18T13:49:00+00:00\",\"dateModified\":\"2026-04-08T09:59:04+00:00\",\"breadcrumb\":{\"@id\":\"https:\/\/www.omrserrature.it\/de\/produkt\/dreikantschloss-5-o19\/#breadcrumb\"},\"inLanguage\":\"de\",\"potentialAction\":[{\"@type\":\"ReadAction\",\"target\":[\"https:\/\/www.omrserrature.it\/de\/produkt\/dreikantschloss-5-o19\/\"]}]},{\"@type\":\"ImageObject\",\"inLanguage\":\"de\",\"@id\":\"https:\/\/www.omrserrature.it\/de\/produkt\/dreikantschloss-5-o19\/#primaryimage\",\"url\":\"https:\/\/www.omrserrature.it\/wp-content\/uploads\/2017\/10\/chiusura-impronta-triangolo-5.jpg\",\"contentUrl\":\"https:\/\/www.omrserrature.it\/wp-content\/uploads\/2017\/10\/chiusura-impronta-triangolo-5.jpg\",\"width\":573,\"height\":386,\"caption\":\"Dreiecksverschluss 5 - Durchmesser 19mm\"},{\"@type\":\"BreadcrumbList\",\"@id\":\"https:\/\/www.omrserrature.it\/de\/produkt\/dreikantschloss-5-o19\/#breadcrumb\",\"itemListElement\":[{\"@type\":\"ListItem\",\"position\":1,\"name\":\"Home\",\"item\":\"https:\/\/www.omrserrature.it\/de\/omr-serrature-sistemi-chiusura\/\"},{\"@type\":\"ListItem\",\"position\":2,\"name\":\"Katalog\",\"item\":\"https:\/\/www.omrserrature.it\/katalog\/?lang=de\"},{\"@type\":\"ListItem\",\"position\":3,\"name\":\"Anwendungen\",\"item\":\"https:\/\/www.omrserrature.it\/de\/katalog\/anwendungen\/\"},{\"@type\":\"ListItem\",\"position\":4,\"name\":\"Schl\u00f6sser f\u00fcr Transportmittel\",\"item\":\"https:\/\/www.omrserrature.it\/de\/katalog\/anwendungen\/schlosser-fur-transportmittel\/\"},{\"@type\":\"ListItem\",\"position\":5,\"name\":\"Dreieckiger Abschluss 5 &#8211; \u00d819\"}]},{\"@type\":\"WebSite\",\"@id\":\"https:\/\/www.omrserrature.it\/de\/#website\",\"url\":\"https:\/\/www.omrserrature.it\/de\/\",\"name\":\"OMR Serrature | Produzione sistemi di chiusura\",\"description\":\"Produzione serrature di sicurezza e sistemi di chiusura\",\"publisher\":{\"@id\":\"https:\/\/www.omrserrature.it\/de\/#organization\"},\"potentialAction\":[{\"@type\":\"SearchAction\",\"target\":{\"@type\":\"EntryPoint\",\"urlTemplate\":\"https:\/\/www.omrserrature.it\/de\/?s={search_term_string}\"},\"query-input\":{\"@type\":\"PropertyValueSpecification\",\"valueRequired\":true,\"valueName\":\"search_term_string\"}}],\"inLanguage\":\"de\"},{\"@type\":\"Organization\",\"@id\":\"https:\/\/www.omrserrature.it\/de\/#organization\",\"name\":\"OMR Serrature | Produzione sistemi di chiusura\",\"url\":\"https:\/\/www.omrserrature.it\/de\/\",\"logo\":{\"@type\":\"ImageObject\",\"inLanguage\":\"de\",\"@id\":\"https:\/\/www.omrserrature.it\/de\/#\/schema\/logo\/image\/\",\"url\":\"https:\/\/www.omrserrature.it\/wp-content\/uploads\/2017\/09\/favicon-omr-114.png\",\"contentUrl\":\"https:\/\/www.omrserrature.it\/wp-content\/uploads\/2017\/09\/favicon-omr-114.png\",\"width\":114,\"height\":114,\"caption\":\"OMR Serrature | Produzione sistemi di chiusura\"},\"image\":{\"@id\":\"https:\/\/www.omrserrature.it\/de\/#\/schema\/logo\/image\/\"},\"sameAs\":[\"https:\/\/www.facebook.com\/OMRserrature\",\"https:\/\/www.linkedin.com\/company\/omrserrature\/\",\"https:\/\/www.youtube.com\/channel\/UCxmA85z2R0EpG_6IRokiAkg\"]}]}<\/script>\n<!-- \/ Yoast SEO plugin. -->","yoast_head_json":{"title":"Dreieckiger Abschluss 5 - \u00d819 - OMR Serrature","robots":{"index":"index","follow":"follow","max-snippet":"max-snippet:-1","max-image-preview":"max-image-preview:large","max-video-preview":"max-video-preview:-1"},"canonical":"https:\/\/www.omrserrature.it\/de\/produkt\/dreikantschloss-5-o19\/","og_locale":"de_DE","og_type":"article","og_title":"Dreieckiger Abschluss 5 - \u00d819 - OMR Serrature","og_description":"Das dreieckige Drehriegel-Schloss besteht aus einem Geh\u00e4use aus Zinklegierung, in dem sich ein federbelasteter Zylinder befindet, der sich mit Hilfe eines Schl\u00fcssels dreht und so das Schloss \u00f6ffnet oder abschlie\u00dft.","og_url":"https:\/\/www.omrserrature.it\/de\/produkt\/dreikantschloss-5-o19\/","og_site_name":"OMR Serrature | Produzione sistemi di chiusura","article_publisher":"https:\/\/www.facebook.com\/OMRserrature","article_modified_time":"2026-04-08T09:59:04+00:00","og_image":[{"width":573,"height":386,"url":"https:\/\/www.omrserrature.it\/wp-content\/uploads\/2017\/10\/chiusura-impronta-triangolo-5.jpg","type":"image\/jpeg"}],"twitter_card":"summary_large_image","twitter_misc":{"Gesch\u00e4tzte Lesezeit":"1\u00a0Minute"},"schema":{"@context":"https:\/\/schema.org","@graph":[{"@type":"WebPage","@id":"https:\/\/www.omrserrature.it\/de\/produkt\/dreikantschloss-5-o19\/","url":"https:\/\/www.omrserrature.it\/de\/produkt\/dreikantschloss-5-o19\/","name":"Dreieckiger Abschluss 5 - \u00d819 - OMR Serrature","isPartOf":{"@id":"https:\/\/www.omrserrature.it\/de\/#website"},"primaryImageOfPage":{"@id":"https:\/\/www.omrserrature.it\/de\/produkt\/dreikantschloss-5-o19\/#primaryimage"},"image":{"@id":"https:\/\/www.omrserrature.it\/de\/produkt\/dreikantschloss-5-o19\/#primaryimage"},"thumbnailUrl":"https:\/\/www.omrserrature.it\/wp-content\/uploads\/2017\/10\/chiusura-impronta-triangolo-5.jpg","datePublished":"2022-04-18T13:49:00+00:00","dateModified":"2026-04-08T09:59:04+00:00","breadcrumb":{"@id":"https:\/\/www.omrserrature.it\/de\/produkt\/dreikantschloss-5-o19\/#breadcrumb"},"inLanguage":"de","potentialAction":[{"@type":"ReadAction","target":["https:\/\/www.omrserrature.it\/de\/produkt\/dreikantschloss-5-o19\/"]}]},{"@type":"ImageObject","inLanguage":"de","@id":"https:\/\/www.omrserrature.it\/de\/produkt\/dreikantschloss-5-o19\/#primaryimage","url":"https:\/\/www.omrserrature.it\/wp-content\/uploads\/2017\/10\/chiusura-impronta-triangolo-5.jpg","contentUrl":"https:\/\/www.omrserrature.it\/wp-content\/uploads\/2017\/10\/chiusura-impronta-triangolo-5.jpg","width":573,"height":386,"caption":"Dreiecksverschluss 5 - Durchmesser 19mm"},{"@type":"BreadcrumbList","@id":"https:\/\/www.omrserrature.it\/de\/produkt\/dreikantschloss-5-o19\/#breadcrumb","itemListElement":[{"@type":"ListItem","position":1,"name":"Home","item":"https:\/\/www.omrserrature.it\/de\/omr-serrature-sistemi-chiusura\/"},{"@type":"ListItem","position":2,"name":"Katalog","item":"https:\/\/www.omrserrature.it\/katalog\/?lang=de"},{"@type":"ListItem","position":3,"name":"Anwendungen","item":"https:\/\/www.omrserrature.it\/de\/katalog\/anwendungen\/"},{"@type":"ListItem","position":4,"name":"Schl\u00f6sser f\u00fcr Transportmittel","item":"https:\/\/www.omrserrature.it\/de\/katalog\/anwendungen\/schlosser-fur-transportmittel\/"},{"@type":"ListItem","position":5,"name":"Dreieckiger Abschluss 5 &#8211; \u00d819"}]},{"@type":"WebSite","@id":"https:\/\/www.omrserrature.it\/de\/#website","url":"https:\/\/www.omrserrature.it\/de\/","name":"OMR Serrature | Produzione sistemi di chiusura","description":"Produzione serrature di sicurezza e sistemi di chiusura","publisher":{"@id":"https:\/\/www.omrserrature.it\/de\/#organization"},"potentialAction":[{"@type":"SearchAction","target":{"@type":"EntryPoint","urlTemplate":"https:\/\/www.omrserrature.it\/de\/?s={search_term_string}"},"query-input":{"@type":"PropertyValueSpecification","valueRequired":true,"valueName":"search_term_string"}}],"inLanguage":"de"},{"@type":"Organization","@id":"https:\/\/www.omrserrature.it\/de\/#organization","name":"OMR Serrature | Produzione sistemi di chiusura","url":"https:\/\/www.omrserrature.it\/de\/","logo":{"@type":"ImageObject","inLanguage":"de","@id":"https:\/\/www.omrserrature.it\/de\/#\/schema\/logo\/image\/","url":"https:\/\/www.omrserrature.it\/wp-content\/uploads\/2017\/09\/favicon-omr-114.png","contentUrl":"https:\/\/www.omrserrature.it\/wp-content\/uploads\/2017\/09\/favicon-omr-114.png","width":114,"height":114,"caption":"OMR Serrature | Produzione sistemi di chiusura"},"image":{"@id":"https:\/\/www.omrserrature.it\/de\/#\/schema\/logo\/image\/"},"sameAs":["https:\/\/www.facebook.com\/OMRserrature","https:\/\/www.linkedin.com\/company\/omrserrature\/","https:\/\/www.youtube.com\/channel\/UCxmA85z2R0EpG_6IRokiAkg"]}]}},"_links":{"self":[{"href":"https:\/\/www.omrserrature.it\/de\/wp-json\/wp\/v2\/product\/241124","targetHints":{"allow":["GET"]}}],"collection":[{"href":"https:\/\/www.omrserrature.it\/de\/wp-json\/wp\/v2\/product"}],"about":[{"href":"https:\/\/www.omrserrature.it\/de\/wp-json\/wp\/v2\/types\/product"}],"replies":[{"embeddable":true,"href":"https:\/\/www.omrserrature.it\/de\/wp-json\/wp\/v2\/comments?post=241124"}],"wp:featuredmedia":[{"embeddable":true,"href":"https:\/\/www.omrserrature.it\/de\/wp-json\/wp\/v2\/media\/3097"}],"wp:attachment":[{"href":"https:\/\/www.omrserrature.it\/de\/wp-json\/wp\/v2\/media?parent=241124"}],"wp:term":[{"taxonomy":"product_brand","embeddable":true,"href":"https:\/\/www.omrserrature.it\/de\/wp-json\/wp\/v2\/product_brand?post=241124"},{"taxonomy":"product_cat","embeddable":true,"href":"https:\/\/www.omrserrature.it\/de\/wp-json\/wp\/v2\/product_cat?post=241124"},{"taxonomy":"product_tag","embeddable":true,"href":"https:\/\/www.omrserrature.it\/de\/wp-json\/wp\/v2\/product_tag?post=241124"}],"curies":[{"name":"wp","href":"https:\/\/api.w.org\/{rel}","templated":true}]}}