{"id":241110,"date":"2017-10-11T17:06:40","date_gmt":"2011-10-17T15:06:00","guid":{"rendered":"https:\/\/www.staging6.omrserrature.it\/prodotto\/drehriegel-dreikant-5\/"},"modified":"2026-04-08T12:48:10","modified_gmt":"2026-04-08T10:48:10","slug":"drehriegel-dreikant-5","status":"publish","type":"product","link":"https:\/\/www.omrserrature.it\/de\/produkt\/drehriegel-dreikant-5\/","title":{"rendered":"Dreiecksverschluss 5 mit Gabelfederbefestigung"},"content":{"rendered":"<p>Das <strong>dreieckige Drehriegel Schloss<\/strong> besteht aus einem Geh\u00e4use aus einer Zinklegierung, in dem sich ein federbelasteter Zylinder befindet, der sich mit Hilfe eines Schl\u00fcssels dreht und so das Schloss \u00f6ffnet oder abschlie\u00dft. Dieses Schloss kann um 180\u00b0 gedreht werden.<\/p>\n<p>Der quadratische Anschluss mit 7 mm Durchmesser erm\u00f6glicht den Einbau einer Vielzahl von <strong>geraden, gekr\u00f6pften und gehakten Zungen<\/strong> sowie den Einsatz von Mehrpunkt-Hebeln f\u00fcr die Bewegung der Stangen oder von <strong>mehrfachen und zentralisierten Abschl\u00fcssen<\/strong>. Das Schloss mit 1\/4 Drehung kann auch aus <strong>Technopolymer<\/strong> hergestellt werden, einem speziellen &#8222;Metallkunststoff&#8220;, der eine gleichwertige mechanische Leistung wie eine Aluminiumlegierung, Best\u00e4ndigkeit gegen Witterungseinfl\u00fcsse und Korrosion sowie eine perfekte Integration in das Endprodukt dank der breiten Farbpalette garantiert. <\/p>\n<p>Die Form des Steckschl\u00fcssels Schloss eignet sich f\u00fcr Anwendungen, bei denen keine hohe Sicherheit, sondern ein einfaches <strong>Zugangsmanagement<\/strong> erforderlich ist, z. B. f\u00fcr Beh\u00e4lterdeckel, Inspektionsf\u00e4cher f\u00fcr Werkzeugmaschinen, elektrische Schalttafeln, technische F\u00e4cher in Einkaufszentren, Kioske, Zapfs\u00e4ulen oder Zapfs\u00e4ulen.<\/p>\n","protected":false},"excerpt":{"rendered":"<p>Das <strong>dreieckige Drehriegel Schloss<\/strong> besteht aus einem Geh\u00e4use aus einer Zinklegierung, in dem sich ein federbelasteter Zylinder befindet, der sich mit Hilfe eines Schl\u00fcssels dreht und so das Schloss \u00f6ffnet oder abschlie\u00dft. Drehung: 180\u00b0.<\/p>\n","protected":false},"featured_media":3109,"comment_status":"open","ping_status":"closed","template":"","meta":{"_acf_changed":false,"_et_pb_use_builder":"","_et_pb_old_content":"","_et_gb_content_width":""},"product_brand":[],"product_cat":[3780,3765,3825,3828,3845,3793,3769,3764],"product_tag":[],"class_list":{"0":"post-241110","1":"product","2":"type-product","3":"status-publish","4":"has-post-thumbnail","6":"product_cat-1-4-drehung-drehriegel","7":"product_cat-abschlusssysteme-fur-die-industrie","8":"product_cat-hebel-schlosser","9":"product_cat-professionelle-mobelschlosser","10":"product_cat-schlosser-fur-automaten","11":"product_cat-schlosser-fur-mulltonnen","12":"product_cat-umweltfreundlich-recyceln","13":"product_cat-wasser-luft-gas-fur-firmen","15":"first","16":"instock","17":"shipping-taxable","18":"purchasable","19":"product-type-variable"},"acf":{"pdf1":"https:\/\/www.omrserrature.it\/wp-content\/uploads\/2017\/10\/Scheda-165651.pdf"},"yoast_head":"<!-- This site is optimized with the Yoast SEO plugin v27.2 - https:\/\/yoast.com\/product\/yoast-seo-wordpress\/ -->\n<title>Dreiecksverschluss 5 mit Gabelfederbefestigung - OMR Serrature<\/title>\n<meta name=\"robots\" content=\"index, follow, max-snippet:-1, max-image-preview:large, max-video-preview:-1\" \/>\n<link rel=\"canonical\" href=\"https:\/\/www.omrserrature.it\/de\/produkt\/drehriegel-dreikant-5\/\" \/>\n<meta property=\"og:locale\" content=\"de_DE\" \/>\n<meta property=\"og:type\" content=\"article\" \/>\n<meta property=\"og:title\" content=\"Dreiecksverschluss 5 mit Gabelfederbefestigung - OMR Serrature\" \/>\n<meta property=\"og:description\" content=\"Das dreieckige Drehriegel Schloss besteht aus einem Geh\u00e4use aus einer Zinklegierung, in dem sich ein federbelasteter Zylinder befindet, der sich mit Hilfe eines Schl\u00fcssels dreht und so das Schloss \u00f6ffnet oder abschlie\u00dft. Drehung: 180\u00b0.\" \/>\n<meta property=\"og:url\" content=\"https:\/\/www.omrserrature.it\/de\/produkt\/drehriegel-dreikant-5\/\" \/>\n<meta property=\"og:site_name\" content=\"OMR Serrature | Produzione sistemi di chiusura\" \/>\n<meta property=\"article:publisher\" content=\"https:\/\/www.facebook.com\/OMRserrature\" \/>\n<meta property=\"article:modified_time\" content=\"2026-04-08T10:48:10+00:00\" \/>\n<meta property=\"og:image\" content=\"https:\/\/www.omrserrature.it\/wp-content\/uploads\/2017\/10\/chiusura-impronta-triangolo-5-ritorno-molla.jpg\" \/>\n\t<meta property=\"og:image:width\" content=\"358\" \/>\n\t<meta property=\"og:image:height\" content=\"316\" \/>\n\t<meta property=\"og:image:type\" content=\"image\/jpeg\" \/>\n<meta name=\"twitter:card\" content=\"summary_large_image\" \/>\n<meta name=\"twitter:label1\" content=\"Gesch\u00e4tzte Lesezeit\" \/>\n\t<meta name=\"twitter:data1\" content=\"1\u00a0Minute\" \/>\n<script type=\"application\/ld+json\" class=\"yoast-schema-graph\">{\"@context\":\"https:\/\/schema.org\",\"@graph\":[{\"@type\":\"WebPage\",\"@id\":\"https:\/\/www.omrserrature.it\/de\/produkt\/drehriegel-dreikant-5\/\",\"url\":\"https:\/\/www.omrserrature.it\/de\/produkt\/drehriegel-dreikant-5\/\",\"name\":\"Dreiecksverschluss 5 mit Gabelfederbefestigung - OMR Serrature\",\"isPartOf\":{\"@id\":\"https:\/\/www.omrserrature.it\/de\/#website\"},\"primaryImageOfPage\":{\"@id\":\"https:\/\/www.omrserrature.it\/de\/produkt\/drehriegel-dreikant-5\/#primaryimage\"},\"image\":{\"@id\":\"https:\/\/www.omrserrature.it\/de\/produkt\/drehriegel-dreikant-5\/#primaryimage\"},\"thumbnailUrl\":\"https:\/\/www.omrserrature.it\/wp-content\/uploads\/2017\/10\/chiusura-impronta-triangolo-5-ritorno-molla.jpg\",\"datePublished\":\"2011-10-17T15:06:00+00:00\",\"dateModified\":\"2026-04-08T10:48:10+00:00\",\"breadcrumb\":{\"@id\":\"https:\/\/www.omrserrature.it\/de\/produkt\/drehriegel-dreikant-5\/#breadcrumb\"},\"inLanguage\":\"de\",\"potentialAction\":[{\"@type\":\"ReadAction\",\"target\":[\"https:\/\/www.omrserrature.it\/de\/produkt\/drehriegel-dreikant-5\/\"]}]},{\"@type\":\"ImageObject\",\"inLanguage\":\"de\",\"@id\":\"https:\/\/www.omrserrature.it\/de\/produkt\/drehriegel-dreikant-5\/#primaryimage\",\"url\":\"https:\/\/www.omrserrature.it\/wp-content\/uploads\/2017\/10\/chiusura-impronta-triangolo-5-ritorno-molla.jpg\",\"contentUrl\":\"https:\/\/www.omrserrature.it\/wp-content\/uploads\/2017\/10\/chiusura-impronta-triangolo-5-ritorno-molla.jpg\",\"width\":358,\"height\":316,\"caption\":\"Dreiecksverschluss 5 mit Federr\u00fcckzug\"},{\"@type\":\"BreadcrumbList\",\"@id\":\"https:\/\/www.omrserrature.it\/de\/produkt\/drehriegel-dreikant-5\/#breadcrumb\",\"itemListElement\":[{\"@type\":\"ListItem\",\"position\":1,\"name\":\"Home\",\"item\":\"https:\/\/www.omrserrature.it\/de\/omr-serrature-sistemi-chiusura\/\"},{\"@type\":\"ListItem\",\"position\":2,\"name\":\"Katalog\",\"item\":\"https:\/\/www.omrserrature.it\/katalog\/?lang=de\"},{\"@type\":\"ListItem\",\"position\":3,\"name\":\"Produkte\",\"item\":\"https:\/\/www.omrserrature.it\/de\/katalog\/produkte\/\"},{\"@type\":\"ListItem\",\"position\":4,\"name\":\"Schloesser\",\"item\":\"https:\/\/www.omrserrature.it\/de\/katalog\/produkte\/schloesser\/\"},{\"@type\":\"ListItem\",\"position\":5,\"name\":\"1\/4 Drehung Drehriegel\",\"item\":\"https:\/\/www.omrserrature.it\/de\/katalog\/produkte\/schloesser\/1-4-drehung-drehriegel\/\"},{\"@type\":\"ListItem\",\"position\":6,\"name\":\"Dreiecksverschluss 5 mit Gabelfederbefestigung\"}]},{\"@type\":\"WebSite\",\"@id\":\"https:\/\/www.omrserrature.it\/de\/#website\",\"url\":\"https:\/\/www.omrserrature.it\/de\/\",\"name\":\"OMR Serrature | Produzione sistemi di chiusura\",\"description\":\"Produzione serrature di sicurezza e sistemi di chiusura\",\"publisher\":{\"@id\":\"https:\/\/www.omrserrature.it\/de\/#organization\"},\"potentialAction\":[{\"@type\":\"SearchAction\",\"target\":{\"@type\":\"EntryPoint\",\"urlTemplate\":\"https:\/\/www.omrserrature.it\/de\/?s={search_term_string}\"},\"query-input\":{\"@type\":\"PropertyValueSpecification\",\"valueRequired\":true,\"valueName\":\"search_term_string\"}}],\"inLanguage\":\"de\"},{\"@type\":\"Organization\",\"@id\":\"https:\/\/www.omrserrature.it\/de\/#organization\",\"name\":\"OMR Serrature | Produzione sistemi di chiusura\",\"url\":\"https:\/\/www.omrserrature.it\/de\/\",\"logo\":{\"@type\":\"ImageObject\",\"inLanguage\":\"de\",\"@id\":\"https:\/\/www.omrserrature.it\/de\/#\/schema\/logo\/image\/\",\"url\":\"https:\/\/www.omrserrature.it\/wp-content\/uploads\/2017\/09\/favicon-omr-114.png\",\"contentUrl\":\"https:\/\/www.omrserrature.it\/wp-content\/uploads\/2017\/09\/favicon-omr-114.png\",\"width\":114,\"height\":114,\"caption\":\"OMR Serrature | Produzione sistemi di chiusura\"},\"image\":{\"@id\":\"https:\/\/www.omrserrature.it\/de\/#\/schema\/logo\/image\/\"},\"sameAs\":[\"https:\/\/www.facebook.com\/OMRserrature\",\"https:\/\/www.linkedin.com\/company\/omrserrature\/\",\"https:\/\/www.youtube.com\/channel\/UCxmA85z2R0EpG_6IRokiAkg\"]}]}<\/script>\n<!-- \/ Yoast SEO plugin. -->","yoast_head_json":{"title":"Dreiecksverschluss 5 mit Gabelfederbefestigung - OMR Serrature","robots":{"index":"index","follow":"follow","max-snippet":"max-snippet:-1","max-image-preview":"max-image-preview:large","max-video-preview":"max-video-preview:-1"},"canonical":"https:\/\/www.omrserrature.it\/de\/produkt\/drehriegel-dreikant-5\/","og_locale":"de_DE","og_type":"article","og_title":"Dreiecksverschluss 5 mit Gabelfederbefestigung - OMR Serrature","og_description":"Das dreieckige Drehriegel Schloss besteht aus einem Geh\u00e4use aus einer Zinklegierung, in dem sich ein federbelasteter Zylinder befindet, der sich mit Hilfe eines Schl\u00fcssels dreht und so das Schloss \u00f6ffnet oder abschlie\u00dft. Drehung: 180\u00b0.","og_url":"https:\/\/www.omrserrature.it\/de\/produkt\/drehriegel-dreikant-5\/","og_site_name":"OMR Serrature | Produzione sistemi di chiusura","article_publisher":"https:\/\/www.facebook.com\/OMRserrature","article_modified_time":"2026-04-08T10:48:10+00:00","og_image":[{"width":358,"height":316,"url":"https:\/\/www.omrserrature.it\/wp-content\/uploads\/2017\/10\/chiusura-impronta-triangolo-5-ritorno-molla.jpg","type":"image\/jpeg"}],"twitter_card":"summary_large_image","twitter_misc":{"Gesch\u00e4tzte Lesezeit":"1\u00a0Minute"},"schema":{"@context":"https:\/\/schema.org","@graph":[{"@type":"WebPage","@id":"https:\/\/www.omrserrature.it\/de\/produkt\/drehriegel-dreikant-5\/","url":"https:\/\/www.omrserrature.it\/de\/produkt\/drehriegel-dreikant-5\/","name":"Dreiecksverschluss 5 mit Gabelfederbefestigung - OMR Serrature","isPartOf":{"@id":"https:\/\/www.omrserrature.it\/de\/#website"},"primaryImageOfPage":{"@id":"https:\/\/www.omrserrature.it\/de\/produkt\/drehriegel-dreikant-5\/#primaryimage"},"image":{"@id":"https:\/\/www.omrserrature.it\/de\/produkt\/drehriegel-dreikant-5\/#primaryimage"},"thumbnailUrl":"https:\/\/www.omrserrature.it\/wp-content\/uploads\/2017\/10\/chiusura-impronta-triangolo-5-ritorno-molla.jpg","datePublished":"2011-10-17T15:06:00+00:00","dateModified":"2026-04-08T10:48:10+00:00","breadcrumb":{"@id":"https:\/\/www.omrserrature.it\/de\/produkt\/drehriegel-dreikant-5\/#breadcrumb"},"inLanguage":"de","potentialAction":[{"@type":"ReadAction","target":["https:\/\/www.omrserrature.it\/de\/produkt\/drehriegel-dreikant-5\/"]}]},{"@type":"ImageObject","inLanguage":"de","@id":"https:\/\/www.omrserrature.it\/de\/produkt\/drehriegel-dreikant-5\/#primaryimage","url":"https:\/\/www.omrserrature.it\/wp-content\/uploads\/2017\/10\/chiusura-impronta-triangolo-5-ritorno-molla.jpg","contentUrl":"https:\/\/www.omrserrature.it\/wp-content\/uploads\/2017\/10\/chiusura-impronta-triangolo-5-ritorno-molla.jpg","width":358,"height":316,"caption":"Dreiecksverschluss 5 mit Federr\u00fcckzug"},{"@type":"BreadcrumbList","@id":"https:\/\/www.omrserrature.it\/de\/produkt\/drehriegel-dreikant-5\/#breadcrumb","itemListElement":[{"@type":"ListItem","position":1,"name":"Home","item":"https:\/\/www.omrserrature.it\/de\/omr-serrature-sistemi-chiusura\/"},{"@type":"ListItem","position":2,"name":"Katalog","item":"https:\/\/www.omrserrature.it\/katalog\/?lang=de"},{"@type":"ListItem","position":3,"name":"Produkte","item":"https:\/\/www.omrserrature.it\/de\/katalog\/produkte\/"},{"@type":"ListItem","position":4,"name":"Schloesser","item":"https:\/\/www.omrserrature.it\/de\/katalog\/produkte\/schloesser\/"},{"@type":"ListItem","position":5,"name":"1\/4 Drehung Drehriegel","item":"https:\/\/www.omrserrature.it\/de\/katalog\/produkte\/schloesser\/1-4-drehung-drehriegel\/"},{"@type":"ListItem","position":6,"name":"Dreiecksverschluss 5 mit Gabelfederbefestigung"}]},{"@type":"WebSite","@id":"https:\/\/www.omrserrature.it\/de\/#website","url":"https:\/\/www.omrserrature.it\/de\/","name":"OMR Serrature | Produzione sistemi di chiusura","description":"Produzione serrature di sicurezza e sistemi di chiusura","publisher":{"@id":"https:\/\/www.omrserrature.it\/de\/#organization"},"potentialAction":[{"@type":"SearchAction","target":{"@type":"EntryPoint","urlTemplate":"https:\/\/www.omrserrature.it\/de\/?s={search_term_string}"},"query-input":{"@type":"PropertyValueSpecification","valueRequired":true,"valueName":"search_term_string"}}],"inLanguage":"de"},{"@type":"Organization","@id":"https:\/\/www.omrserrature.it\/de\/#organization","name":"OMR Serrature | Produzione sistemi di chiusura","url":"https:\/\/www.omrserrature.it\/de\/","logo":{"@type":"ImageObject","inLanguage":"de","@id":"https:\/\/www.omrserrature.it\/de\/#\/schema\/logo\/image\/","url":"https:\/\/www.omrserrature.it\/wp-content\/uploads\/2017\/09\/favicon-omr-114.png","contentUrl":"https:\/\/www.omrserrature.it\/wp-content\/uploads\/2017\/09\/favicon-omr-114.png","width":114,"height":114,"caption":"OMR Serrature | Produzione sistemi di chiusura"},"image":{"@id":"https:\/\/www.omrserrature.it\/de\/#\/schema\/logo\/image\/"},"sameAs":["https:\/\/www.facebook.com\/OMRserrature","https:\/\/www.linkedin.com\/company\/omrserrature\/","https:\/\/www.youtube.com\/channel\/UCxmA85z2R0EpG_6IRokiAkg"]}]}},"_links":{"self":[{"href":"https:\/\/www.omrserrature.it\/de\/wp-json\/wp\/v2\/product\/241110","targetHints":{"allow":["GET"]}}],"collection":[{"href":"https:\/\/www.omrserrature.it\/de\/wp-json\/wp\/v2\/product"}],"about":[{"href":"https:\/\/www.omrserrature.it\/de\/wp-json\/wp\/v2\/types\/product"}],"replies":[{"embeddable":true,"href":"https:\/\/www.omrserrature.it\/de\/wp-json\/wp\/v2\/comments?post=241110"}],"wp:featuredmedia":[{"embeddable":true,"href":"https:\/\/www.omrserrature.it\/de\/wp-json\/wp\/v2\/media\/3109"}],"wp:attachment":[{"href":"https:\/\/www.omrserrature.it\/de\/wp-json\/wp\/v2\/media?parent=241110"}],"wp:term":[{"taxonomy":"product_brand","embeddable":true,"href":"https:\/\/www.omrserrature.it\/de\/wp-json\/wp\/v2\/product_brand?post=241110"},{"taxonomy":"product_cat","embeddable":true,"href":"https:\/\/www.omrserrature.it\/de\/wp-json\/wp\/v2\/product_cat?post=241110"},{"taxonomy":"product_tag","embeddable":true,"href":"https:\/\/www.omrserrature.it\/de\/wp-json\/wp\/v2\/product_tag?post=241110"}],"curies":[{"name":"wp","href":"https:\/\/api.w.org\/{rel}","templated":true}]}}