{"id":241064,"date":"2017-10-10T17:47:13","date_gmt":"2010-10-17T15:47:00","guid":{"rendered":"https:\/\/www.staging6.omrserrature.it\/prodotto\/drehriegel-doppelbart-dorn-3\/"},"modified":"2026-04-08T13:15:52","modified_gmt":"2026-04-08T11:15:52","slug":"drehriegel-doppelbart-dorn-3","status":"publish","type":"product","link":"https:\/\/www.omrserrature.it\/de\/produkt\/drehriegel-doppelbart-dorn-3\/","title":{"rendered":"Steckschl\u00fcssel Schloss 3 mm"},"content":{"rendered":"<p>Das <strong>Doppelbart Dorn 3 mm Drehriegel<\/strong> besteht aus einem Geh\u00e4use aus Zinklegierung, in dem sich ein federbelasteter Zylinder befindet, der sich mit Hilfe eines Schl\u00fcssels dreht und so das Schloss \u00f6ffnet oder abschlie\u00dft.<\/p>\n<p>Der quadratische 7-mm-Anschluss erm\u00f6glicht au\u00dferdem den Einbau einer Vielzahl von <strong>geraden, gekr\u00f6pften und gehakten Zungen<\/strong> sowie die M\u00f6glichkeit,<strong> Mehrpunkt-Hebel f\u00fcr die Bewegung der Stangen<\/strong> oder Hintere Stifte f\u00fcr <strong>Mehrfach- und Zentralabschl\u00fcsse<\/strong> einzusetzen. Das Schloss mit 1\/4 Drehung kann auch aus <strong>Technopolymer<\/strong> hergestellt werden, einem speziellen &#8218;Metallkunststoff&#8216;, der eine gleichwertige mechanische Leistung wie eine Aluminiumlegierung, <strong>Best\u00e4ndigkeit gegen Witterungseinfl\u00fcsse und Korrosion<\/strong> sowie eine perfekte Integration in das Endprodukt dank der breiten Farbpalette garantiert. <\/p>\n<p>Das <strong>Drehriegel-Schloss<\/strong> eignet sich dank des <strong>zweifl\u00fcgeligen<\/strong> Einsteckschl\u00fcssels <strong>3<\/strong> f\u00fcr Anwendungen, bei denen <strong>keine<\/strong> hohe Sicherheit erforderlich ist, aber dennoch <strong>auf Schl\u00fcssel mit g\u00e4ngigeren Aufdrucken wie Dreieck oder Quadrat verzichtet werden<\/strong> soll. Es ist dann die perfekte L\u00f6sung f\u00fcr Lebensmittelmaschinen, Edelstahlt\u00fcren, Zugriffsdeckel von Werkzeugmaschinen, Schaltschr\u00e4nke, Landmaschinen.<\/p>\n","protected":false},"excerpt":{"rendered":"<p><strong>Das Drehriegel mit Doppelbart Dorn 3 mm<\/strong> besteht aus einem Geh\u00e4use aus Zinklegierung, in dem sich ein federbelasteter Druckrotor befindet, der sich mit Hilfe eines Schl\u00fcssels dreht, um das \u00d6ffnen oder den Abschluss zu bestimmen.<\/p>\n<p>Das Drehriegel eignet sich dank des Schl\u00fcsseleinsatzes mit Doppelnase 3 f\u00fcr Anwendungen <strong>, bei denen eine h\u00f6here Sicherheit erforderlich ist als in Situationen, in denen ein dreieckiger oder quadratischer Druck ausreicht<\/strong>.<\/p>\n","protected":false},"featured_media":3055,"comment_status":"open","ping_status":"closed","template":"","meta":{"_acf_changed":false,"_et_pb_use_builder":"","_et_pb_old_content":"","_et_gb_content_width":""},"product_brand":[],"product_cat":[3780,3765,3773,3768,3875,3825,3829,3828,3845,3843,3849,3842,3852,3872,3830,3827,3839,3840,3836,3860,3769,3764,3802],"product_tag":[],"class_list":{"0":"post-241064","1":"product","2":"type-product","3":"status-publish","4":"has-post-thumbnail","6":"product_cat-1-4-drehung-drehriegel","7":"product_cat-abschlusssysteme-fur-die-industrie","8":"product_cat-architektur-stadtplanung-und-design","9":"product_cat-automatisierung-und-hausautomation","10":"product_cat-boot-schlosser","11":"product_cat-hebel-schlosser","12":"product_cat-kabinett-schlosser","13":"product_cat-professionelle-mobelschlosser","14":"product_cat-schlosser-fur-automaten","15":"product_cat-schlosser-fur-automatische-lagerhauser","16":"product_cat-schlosser-fur-balkonkasten","17":"product_cat-schlosser-fur-die-elektromechanische-industrie","18":"product_cat-schlosser-fur-industrieschranke","19":"product_cat-schlosser-fur-lieferwagen","20":"product_cat-schlosser-fur-professionelle-trolleys","21":"product_cat-schlosser-fur-schaltschranke","22":"product_cat-schlosser-fur-schrankfronten","23":"product_cat-schlosser-fur-seitenwandturen","24":"product_cat-schlosser-fur-transportmittel","25":"product_cat-turschlosser","26":"product_cat-umweltfreundlich-recyceln","27":"product_cat-wasser-luft-gas-fur-firmen","28":"product_cat-wasserdichte-rostfreie-schlosser","30":"first","31":"instock","32":"shipping-taxable","33":"purchasable","34":"product-type-variable","35":"has-default-attributes"},"acf":{"pdf1":"https:\/\/www.omrserrature.it\/wp-content\/uploads\/schede\/Scheda_161050.pdf"},"yoast_head":"<!-- This site is optimized with the Yoast SEO plugin v27.2 - https:\/\/yoast.com\/product\/yoast-seo-wordpress\/ -->\n<title>Steckschl\u00fcssel Schloss 3 mm - OMR Serrature<\/title>\n<meta name=\"robots\" content=\"index, follow, max-snippet:-1, max-image-preview:large, max-video-preview:-1\" \/>\n<link rel=\"canonical\" href=\"https:\/\/www.omrserrature.it\/de\/produkt\/drehriegel-doppelbart-dorn-3\/\" \/>\n<meta property=\"og:locale\" content=\"de_DE\" \/>\n<meta property=\"og:type\" content=\"article\" \/>\n<meta property=\"og:title\" content=\"Steckschl\u00fcssel Schloss 3 mm - OMR Serrature\" \/>\n<meta property=\"og:description\" content=\"Das Drehriegel mit Doppelbart Dorn 3 mm besteht aus einem Geh\u00e4use aus Zinklegierung, in dem sich ein federbelasteter Druckrotor befindet, der sich mit Hilfe eines Schl\u00fcssels dreht, um das \u00d6ffnen oder den Abschluss zu bestimmen. Das Drehriegel eignet sich dank des Schl\u00fcsseleinsatzes mit Doppelnase 3 f\u00fcr Anwendungen , bei denen eine h\u00f6here Sicherheit erforderlich ist als in Situationen, in denen ein dreieckiger oder quadratischer Druck ausreicht.\" \/>\n<meta property=\"og:url\" content=\"https:\/\/www.omrserrature.it\/de\/produkt\/drehriegel-doppelbart-dorn-3\/\" \/>\n<meta property=\"og:site_name\" content=\"OMR Serrature | Produzione sistemi di chiusura\" \/>\n<meta property=\"article:publisher\" content=\"https:\/\/www.facebook.com\/OMRserrature\" \/>\n<meta property=\"article:modified_time\" content=\"2026-04-08T11:15:52+00:00\" \/>\n<meta property=\"og:image\" content=\"https:\/\/www.omrserrature.it\/wp-content\/uploads\/2017\/10\/chiusura-impronta-perno-3.jpg\" \/>\n\t<meta property=\"og:image:width\" content=\"451\" \/>\n\t<meta property=\"og:image:height\" content=\"371\" \/>\n\t<meta property=\"og:image:type\" content=\"image\/jpeg\" \/>\n<meta name=\"twitter:card\" content=\"summary_large_image\" \/>\n<meta name=\"twitter:label1\" content=\"Gesch\u00e4tzte Lesezeit\" \/>\n\t<meta name=\"twitter:data1\" content=\"1\u00a0Minute\" \/>\n<script type=\"application\/ld+json\" class=\"yoast-schema-graph\">{\"@context\":\"https:\/\/schema.org\",\"@graph\":[{\"@type\":\"WebPage\",\"@id\":\"https:\/\/www.omrserrature.it\/de\/produkt\/drehriegel-doppelbart-dorn-3\/\",\"url\":\"https:\/\/www.omrserrature.it\/de\/produkt\/drehriegel-doppelbart-dorn-3\/\",\"name\":\"Steckschl\u00fcssel Schloss 3 mm - OMR Serrature\",\"isPartOf\":{\"@id\":\"https:\/\/www.omrserrature.it\/de\/#website\"},\"primaryImageOfPage\":{\"@id\":\"https:\/\/www.omrserrature.it\/de\/produkt\/drehriegel-doppelbart-dorn-3\/#primaryimage\"},\"image\":{\"@id\":\"https:\/\/www.omrserrature.it\/de\/produkt\/drehriegel-doppelbart-dorn-3\/#primaryimage\"},\"thumbnailUrl\":\"https:\/\/www.omrserrature.it\/wp-content\/uploads\/2017\/10\/chiusura-impronta-perno-3.jpg\",\"datePublished\":\"2010-10-17T15:47:00+00:00\",\"dateModified\":\"2026-04-08T11:15:52+00:00\",\"breadcrumb\":{\"@id\":\"https:\/\/www.omrserrature.it\/de\/produkt\/drehriegel-doppelbart-dorn-3\/#breadcrumb\"},\"inLanguage\":\"de\",\"potentialAction\":[{\"@type\":\"ReadAction\",\"target\":[\"https:\/\/www.omrserrature.it\/de\/produkt\/drehriegel-doppelbart-dorn-3\/\"]}]},{\"@type\":\"ImageObject\",\"inLanguage\":\"de\",\"@id\":\"https:\/\/www.omrserrature.it\/de\/produkt\/drehriegel-doppelbart-dorn-3\/#primaryimage\",\"url\":\"https:\/\/www.omrserrature.it\/wp-content\/uploads\/2017\/10\/chiusura-impronta-perno-3.jpg\",\"contentUrl\":\"https:\/\/www.omrserrature.it\/wp-content\/uploads\/2017\/10\/chiusura-impronta-perno-3.jpg\",\"width\":451,\"height\":371,\"caption\":\"Steckschl\u00fcssel Schloss 3 mm\"},{\"@type\":\"BreadcrumbList\",\"@id\":\"https:\/\/www.omrserrature.it\/de\/produkt\/drehriegel-doppelbart-dorn-3\/#breadcrumb\",\"itemListElement\":[{\"@type\":\"ListItem\",\"position\":1,\"name\":\"Home\",\"item\":\"https:\/\/www.omrserrature.it\/de\/omr-serrature-sistemi-chiusura\/\"},{\"@type\":\"ListItem\",\"position\":2,\"name\":\"Katalog\",\"item\":\"https:\/\/www.omrserrature.it\/katalog\/?lang=de\"},{\"@type\":\"ListItem\",\"position\":3,\"name\":\"Produkte\",\"item\":\"https:\/\/www.omrserrature.it\/de\/katalog\/produkte\/\"},{\"@type\":\"ListItem\",\"position\":4,\"name\":\"Schloesser\",\"item\":\"https:\/\/www.omrserrature.it\/de\/katalog\/produkte\/schloesser\/\"},{\"@type\":\"ListItem\",\"position\":5,\"name\":\"1\/4 Drehung Drehriegel\",\"item\":\"https:\/\/www.omrserrature.it\/de\/katalog\/produkte\/schloesser\/1-4-drehung-drehriegel\/\"},{\"@type\":\"ListItem\",\"position\":6,\"name\":\"Steckschl\u00fcssel Schloss 3 mm\"}]},{\"@type\":\"WebSite\",\"@id\":\"https:\/\/www.omrserrature.it\/de\/#website\",\"url\":\"https:\/\/www.omrserrature.it\/de\/\",\"name\":\"OMR Serrature | Produzione sistemi di chiusura\",\"description\":\"Produzione serrature di sicurezza e sistemi di chiusura\",\"publisher\":{\"@id\":\"https:\/\/www.omrserrature.it\/de\/#organization\"},\"potentialAction\":[{\"@type\":\"SearchAction\",\"target\":{\"@type\":\"EntryPoint\",\"urlTemplate\":\"https:\/\/www.omrserrature.it\/de\/?s={search_term_string}\"},\"query-input\":{\"@type\":\"PropertyValueSpecification\",\"valueRequired\":true,\"valueName\":\"search_term_string\"}}],\"inLanguage\":\"de\"},{\"@type\":\"Organization\",\"@id\":\"https:\/\/www.omrserrature.it\/de\/#organization\",\"name\":\"OMR Serrature | Produzione sistemi di chiusura\",\"url\":\"https:\/\/www.omrserrature.it\/de\/\",\"logo\":{\"@type\":\"ImageObject\",\"inLanguage\":\"de\",\"@id\":\"https:\/\/www.omrserrature.it\/de\/#\/schema\/logo\/image\/\",\"url\":\"https:\/\/www.omrserrature.it\/wp-content\/uploads\/2017\/09\/favicon-omr-114.png\",\"contentUrl\":\"https:\/\/www.omrserrature.it\/wp-content\/uploads\/2017\/09\/favicon-omr-114.png\",\"width\":114,\"height\":114,\"caption\":\"OMR Serrature | Produzione sistemi di chiusura\"},\"image\":{\"@id\":\"https:\/\/www.omrserrature.it\/de\/#\/schema\/logo\/image\/\"},\"sameAs\":[\"https:\/\/www.facebook.com\/OMRserrature\",\"https:\/\/www.linkedin.com\/company\/omrserrature\/\",\"https:\/\/www.youtube.com\/channel\/UCxmA85z2R0EpG_6IRokiAkg\"]}]}<\/script>\n<!-- \/ Yoast SEO plugin. -->","yoast_head_json":{"title":"Steckschl\u00fcssel Schloss 3 mm - OMR Serrature","robots":{"index":"index","follow":"follow","max-snippet":"max-snippet:-1","max-image-preview":"max-image-preview:large","max-video-preview":"max-video-preview:-1"},"canonical":"https:\/\/www.omrserrature.it\/de\/produkt\/drehriegel-doppelbart-dorn-3\/","og_locale":"de_DE","og_type":"article","og_title":"Steckschl\u00fcssel Schloss 3 mm - OMR Serrature","og_description":"Das Drehriegel mit Doppelbart Dorn 3 mm besteht aus einem Geh\u00e4use aus Zinklegierung, in dem sich ein federbelasteter Druckrotor befindet, der sich mit Hilfe eines Schl\u00fcssels dreht, um das \u00d6ffnen oder den Abschluss zu bestimmen. Das Drehriegel eignet sich dank des Schl\u00fcsseleinsatzes mit Doppelnase 3 f\u00fcr Anwendungen , bei denen eine h\u00f6here Sicherheit erforderlich ist als in Situationen, in denen ein dreieckiger oder quadratischer Druck ausreicht.","og_url":"https:\/\/www.omrserrature.it\/de\/produkt\/drehriegel-doppelbart-dorn-3\/","og_site_name":"OMR Serrature | Produzione sistemi di chiusura","article_publisher":"https:\/\/www.facebook.com\/OMRserrature","article_modified_time":"2026-04-08T11:15:52+00:00","og_image":[{"width":451,"height":371,"url":"https:\/\/www.omrserrature.it\/wp-content\/uploads\/2017\/10\/chiusura-impronta-perno-3.jpg","type":"image\/jpeg"}],"twitter_card":"summary_large_image","twitter_misc":{"Gesch\u00e4tzte Lesezeit":"1\u00a0Minute"},"schema":{"@context":"https:\/\/schema.org","@graph":[{"@type":"WebPage","@id":"https:\/\/www.omrserrature.it\/de\/produkt\/drehriegel-doppelbart-dorn-3\/","url":"https:\/\/www.omrserrature.it\/de\/produkt\/drehriegel-doppelbart-dorn-3\/","name":"Steckschl\u00fcssel Schloss 3 mm - OMR Serrature","isPartOf":{"@id":"https:\/\/www.omrserrature.it\/de\/#website"},"primaryImageOfPage":{"@id":"https:\/\/www.omrserrature.it\/de\/produkt\/drehriegel-doppelbart-dorn-3\/#primaryimage"},"image":{"@id":"https:\/\/www.omrserrature.it\/de\/produkt\/drehriegel-doppelbart-dorn-3\/#primaryimage"},"thumbnailUrl":"https:\/\/www.omrserrature.it\/wp-content\/uploads\/2017\/10\/chiusura-impronta-perno-3.jpg","datePublished":"2010-10-17T15:47:00+00:00","dateModified":"2026-04-08T11:15:52+00:00","breadcrumb":{"@id":"https:\/\/www.omrserrature.it\/de\/produkt\/drehriegel-doppelbart-dorn-3\/#breadcrumb"},"inLanguage":"de","potentialAction":[{"@type":"ReadAction","target":["https:\/\/www.omrserrature.it\/de\/produkt\/drehriegel-doppelbart-dorn-3\/"]}]},{"@type":"ImageObject","inLanguage":"de","@id":"https:\/\/www.omrserrature.it\/de\/produkt\/drehriegel-doppelbart-dorn-3\/#primaryimage","url":"https:\/\/www.omrserrature.it\/wp-content\/uploads\/2017\/10\/chiusura-impronta-perno-3.jpg","contentUrl":"https:\/\/www.omrserrature.it\/wp-content\/uploads\/2017\/10\/chiusura-impronta-perno-3.jpg","width":451,"height":371,"caption":"Steckschl\u00fcssel Schloss 3 mm"},{"@type":"BreadcrumbList","@id":"https:\/\/www.omrserrature.it\/de\/produkt\/drehriegel-doppelbart-dorn-3\/#breadcrumb","itemListElement":[{"@type":"ListItem","position":1,"name":"Home","item":"https:\/\/www.omrserrature.it\/de\/omr-serrature-sistemi-chiusura\/"},{"@type":"ListItem","position":2,"name":"Katalog","item":"https:\/\/www.omrserrature.it\/katalog\/?lang=de"},{"@type":"ListItem","position":3,"name":"Produkte","item":"https:\/\/www.omrserrature.it\/de\/katalog\/produkte\/"},{"@type":"ListItem","position":4,"name":"Schloesser","item":"https:\/\/www.omrserrature.it\/de\/katalog\/produkte\/schloesser\/"},{"@type":"ListItem","position":5,"name":"1\/4 Drehung Drehriegel","item":"https:\/\/www.omrserrature.it\/de\/katalog\/produkte\/schloesser\/1-4-drehung-drehriegel\/"},{"@type":"ListItem","position":6,"name":"Steckschl\u00fcssel Schloss 3 mm"}]},{"@type":"WebSite","@id":"https:\/\/www.omrserrature.it\/de\/#website","url":"https:\/\/www.omrserrature.it\/de\/","name":"OMR Serrature | Produzione sistemi di chiusura","description":"Produzione serrature di sicurezza e sistemi di chiusura","publisher":{"@id":"https:\/\/www.omrserrature.it\/de\/#organization"},"potentialAction":[{"@type":"SearchAction","target":{"@type":"EntryPoint","urlTemplate":"https:\/\/www.omrserrature.it\/de\/?s={search_term_string}"},"query-input":{"@type":"PropertyValueSpecification","valueRequired":true,"valueName":"search_term_string"}}],"inLanguage":"de"},{"@type":"Organization","@id":"https:\/\/www.omrserrature.it\/de\/#organization","name":"OMR Serrature | Produzione sistemi di chiusura","url":"https:\/\/www.omrserrature.it\/de\/","logo":{"@type":"ImageObject","inLanguage":"de","@id":"https:\/\/www.omrserrature.it\/de\/#\/schema\/logo\/image\/","url":"https:\/\/www.omrserrature.it\/wp-content\/uploads\/2017\/09\/favicon-omr-114.png","contentUrl":"https:\/\/www.omrserrature.it\/wp-content\/uploads\/2017\/09\/favicon-omr-114.png","width":114,"height":114,"caption":"OMR Serrature | Produzione sistemi di chiusura"},"image":{"@id":"https:\/\/www.omrserrature.it\/de\/#\/schema\/logo\/image\/"},"sameAs":["https:\/\/www.facebook.com\/OMRserrature","https:\/\/www.linkedin.com\/company\/omrserrature\/","https:\/\/www.youtube.com\/channel\/UCxmA85z2R0EpG_6IRokiAkg"]}]}},"_links":{"self":[{"href":"https:\/\/www.omrserrature.it\/de\/wp-json\/wp\/v2\/product\/241064","targetHints":{"allow":["GET"]}}],"collection":[{"href":"https:\/\/www.omrserrature.it\/de\/wp-json\/wp\/v2\/product"}],"about":[{"href":"https:\/\/www.omrserrature.it\/de\/wp-json\/wp\/v2\/types\/product"}],"replies":[{"embeddable":true,"href":"https:\/\/www.omrserrature.it\/de\/wp-json\/wp\/v2\/comments?post=241064"}],"wp:featuredmedia":[{"embeddable":true,"href":"https:\/\/www.omrserrature.it\/de\/wp-json\/wp\/v2\/media\/3055"}],"wp:attachment":[{"href":"https:\/\/www.omrserrature.it\/de\/wp-json\/wp\/v2\/media?parent=241064"}],"wp:term":[{"taxonomy":"product_brand","embeddable":true,"href":"https:\/\/www.omrserrature.it\/de\/wp-json\/wp\/v2\/product_brand?post=241064"},{"taxonomy":"product_cat","embeddable":true,"href":"https:\/\/www.omrserrature.it\/de\/wp-json\/wp\/v2\/product_cat?post=241064"},{"taxonomy":"product_tag","embeddable":true,"href":"https:\/\/www.omrserrature.it\/de\/wp-json\/wp\/v2\/product_tag?post=241064"}],"curies":[{"name":"wp","href":"https:\/\/api.w.org\/{rel}","templated":true}]}}