{"id":241053,"date":"2021-10-11T15:06:43","date_gmt":"2011-10-21T13:06:00","guid":{"rendered":"https:\/\/www.staging6.omrserrature.it\/prodotto\/orange-europaeischer-leerer-schluessel\/"},"modified":"2026-04-08T11:13:29","modified_gmt":"2026-04-08T09:13:29","slug":"orange-europaeischer-leerer-schluessel","status":"publish","type":"product","link":"https:\/\/www.omrserrature.it\/de\/produkt\/orange-europaeischer-leerer-schluessel\/","title":{"rendered":"Orange Europ\u00e4ischer Leerer Schl\u00fcssel"},"content":{"rendered":"<p>Leerer Schl\u00fcssel der Marke MOIA, f\u00fcr <strong>Schl\u00f6sser mit europ\u00e4ischem Profilzylinder<\/strong>. Der ergonomische Kunststoffgriff ist orange, der R\u00fccken ist aus Messing. Der Schl\u00fcssel ist <strong>in 3 Varianten erh\u00e4ltlich<\/strong>, abh\u00e4ngig vom zugeh\u00f6rigen europ\u00e4ischen Profilzylinder: <strong>Lang (Standard), Mittel und Kurz.<\/strong> W\u00e4hlen Sie die L\u00e4nge des R\u00fcckens im Selektor oben aus, um mehr Informationen \u00fcber die gew\u00e4hlte Variante zu erhalten.  <\/p>\n","protected":false},"excerpt":{"rendered":"<p>Leerer Schl\u00fcssel der Marke MOIA, f\u00fcr Schl\u00f6sser mit europ\u00e4ischem Profilzylinder. Der ergonomische Kunststoffgriff ist orange, der R\u00fccken ist aus Messing. Der Schl\u00fcssel ist in 3 Varianten erh\u00e4ltlich, abh\u00e4ngig vom zugeh\u00f6rigen europ\u00e4ischen Profilzylinder: Lang (Standard), Mittel und Kurz. W\u00e4hlen Sie die L\u00e4nge des R\u00fcckens im Selektor oben aus, um mehr Informationen \u00fcber die gew\u00e4hlte Variante zu erhalten.   <\/p>\n","protected":false},"featured_media":23339,"comment_status":"open","ping_status":"closed","template":"","meta":{"_acf_changed":false,"_et_pb_use_builder":"","_et_pb_old_content":"","_et_gb_content_width":""},"product_brand":[],"product_cat":[3809,3824],"product_tag":[],"class_list":{"0":"post-241053","1":"product","2":"type-product","3":"status-publish","4":"has-post-thumbnail","6":"product_cat-tasten","7":"product_cat-zubehor-und-ersatzteile","9":"first","10":"instock","11":"shipping-taxable","12":"purchasable","13":"product-type-variable"},"acf":{"pdf1":"https:\/\/www.omrserrature.it\/wp-content\/uploads\/2021\/10\/MCHGYPC-Tech-Sheet.pdf"},"yoast_head":"<!-- This site is optimized with the Yoast SEO plugin v27.2 - https:\/\/yoast.com\/product\/yoast-seo-wordpress\/ -->\n<title>Orange Europ\u00e4ischer Leerer Schl\u00fcssel - OMR Serrature<\/title>\n<meta name=\"robots\" content=\"index, follow, max-snippet:-1, max-image-preview:large, max-video-preview:-1\" \/>\n<link rel=\"canonical\" href=\"https:\/\/www.omrserrature.it\/de\/produkt\/orange-europaeischer-leerer-schluessel\/\" \/>\n<meta property=\"og:locale\" content=\"de_DE\" \/>\n<meta property=\"og:type\" content=\"article\" \/>\n<meta property=\"og:title\" content=\"Orange Europ\u00e4ischer Leerer Schl\u00fcssel - OMR Serrature\" \/>\n<meta property=\"og:description\" content=\"Leerer Schl\u00fcssel der Marke MOIA, f\u00fcr Schl\u00f6sser mit europ\u00e4ischem Profilzylinder. Der ergonomische Kunststoffgriff ist orange, der R\u00fccken ist aus Messing. Der Schl\u00fcssel ist in 3 Varianten erh\u00e4ltlich, abh\u00e4ngig vom zugeh\u00f6rigen europ\u00e4ischen Profilzylinder: Lang (Standard), Mittel und Kurz. W\u00e4hlen Sie die L\u00e4nge des R\u00fcckens im Selektor oben aus, um mehr Informationen \u00fcber die gew\u00e4hlte Variante zu erhalten.\" \/>\n<meta property=\"og:url\" content=\"https:\/\/www.omrserrature.it\/de\/produkt\/orange-europaeischer-leerer-schluessel\/\" \/>\n<meta property=\"og:site_name\" content=\"OMR Serrature | Produzione sistemi di chiusura\" \/>\n<meta property=\"article:publisher\" content=\"https:\/\/www.facebook.com\/OMRserrature\" \/>\n<meta property=\"article:modified_time\" content=\"2026-04-08T09:13:29+00:00\" \/>\n<meta property=\"og:image\" content=\"https:\/\/www.omrserrature.it\/wp-content\/uploads\/2021\/10\/chiave-grezza-arancione-corta_MOIA-OMR.jpg\" \/>\n\t<meta property=\"og:image:width\" content=\"450\" \/>\n\t<meta property=\"og:image:height\" content=\"450\" \/>\n\t<meta property=\"og:image:type\" content=\"image\/jpeg\" \/>\n<meta name=\"twitter:card\" content=\"summary_large_image\" \/>\n<script type=\"application\/ld+json\" class=\"yoast-schema-graph\">{\"@context\":\"https:\/\/schema.org\",\"@graph\":[{\"@type\":\"WebPage\",\"@id\":\"https:\/\/www.omrserrature.it\/de\/produkt\/orange-europaeischer-leerer-schluessel\/\",\"url\":\"https:\/\/www.omrserrature.it\/de\/produkt\/orange-europaeischer-leerer-schluessel\/\",\"name\":\"Orange Europ\u00e4ischer Leerer Schl\u00fcssel - OMR Serrature\",\"isPartOf\":{\"@id\":\"https:\/\/www.omrserrature.it\/de\/#website\"},\"primaryImageOfPage\":{\"@id\":\"https:\/\/www.omrserrature.it\/de\/produkt\/orange-europaeischer-leerer-schluessel\/#primaryimage\"},\"image\":{\"@id\":\"https:\/\/www.omrserrature.it\/de\/produkt\/orange-europaeischer-leerer-schluessel\/#primaryimage\"},\"thumbnailUrl\":\"https:\/\/www.omrserrature.it\/wp-content\/uploads\/2021\/10\/chiave-grezza-arancione-corta_MOIA-OMR.jpg\",\"datePublished\":\"2011-10-21T13:06:00+00:00\",\"dateModified\":\"2026-04-08T09:13:29+00:00\",\"breadcrumb\":{\"@id\":\"https:\/\/www.omrserrature.it\/de\/produkt\/orange-europaeischer-leerer-schluessel\/#breadcrumb\"},\"inLanguage\":\"de\",\"potentialAction\":[{\"@type\":\"ReadAction\",\"target\":[\"https:\/\/www.omrserrature.it\/de\/produkt\/orange-europaeischer-leerer-schluessel\/\"]}]},{\"@type\":\"ImageObject\",\"inLanguage\":\"de\",\"@id\":\"https:\/\/www.omrserrature.it\/de\/produkt\/orange-europaeischer-leerer-schluessel\/#primaryimage\",\"url\":\"https:\/\/www.omrserrature.it\/wp-content\/uploads\/2021\/10\/chiave-grezza-arancione-corta_MOIA-OMR.jpg\",\"contentUrl\":\"https:\/\/www.omrserrature.it\/wp-content\/uploads\/2021\/10\/chiave-grezza-arancione-corta_MOIA-OMR.jpg\",\"width\":450,\"height\":450,\"caption\":\"Oranger Leerer Schl\u00fcssel, kurz f\u00fcr europ\u00e4ischen Profilhalbzylinder oder europ\u00e4ischen Profilzylinder-Schl\u00fcsselcode. Mod. MCHGYPC\/C\"},{\"@type\":\"BreadcrumbList\",\"@id\":\"https:\/\/www.omrserrature.it\/de\/produkt\/orange-europaeischer-leerer-schluessel\/#breadcrumb\",\"itemListElement\":[{\"@type\":\"ListItem\",\"position\":1,\"name\":\"Home\",\"item\":\"https:\/\/www.omrserrature.it\/de\/omr-serrature-sistemi-chiusura\/\"},{\"@type\":\"ListItem\",\"position\":2,\"name\":\"Katalog\",\"item\":\"https:\/\/www.omrserrature.it\/katalog\/?lang=de\"},{\"@type\":\"ListItem\",\"position\":3,\"name\":\"Produkte\",\"item\":\"https:\/\/www.omrserrature.it\/de\/katalog\/produkte\/\"},{\"@type\":\"ListItem\",\"position\":4,\"name\":\"Zubeh\u00f6r und Ersatzteile\",\"item\":\"https:\/\/www.omrserrature.it\/de\/katalog\/produkte\/zubehor-und-ersatzteile\/\"},{\"@type\":\"ListItem\",\"position\":5,\"name\":\"Tasten\",\"item\":\"https:\/\/www.omrserrature.it\/de\/katalog\/produkte\/zubehor-und-ersatzteile\/tasten\/\"},{\"@type\":\"ListItem\",\"position\":6,\"name\":\"Orange Europ\u00e4ischer Leerer Schl\u00fcssel\"}]},{\"@type\":\"WebSite\",\"@id\":\"https:\/\/www.omrserrature.it\/de\/#website\",\"url\":\"https:\/\/www.omrserrature.it\/de\/\",\"name\":\"OMR Serrature | Produzione sistemi di chiusura\",\"description\":\"Produzione serrature di sicurezza e sistemi di chiusura\",\"publisher\":{\"@id\":\"https:\/\/www.omrserrature.it\/de\/#organization\"},\"potentialAction\":[{\"@type\":\"SearchAction\",\"target\":{\"@type\":\"EntryPoint\",\"urlTemplate\":\"https:\/\/www.omrserrature.it\/de\/?s={search_term_string}\"},\"query-input\":{\"@type\":\"PropertyValueSpecification\",\"valueRequired\":true,\"valueName\":\"search_term_string\"}}],\"inLanguage\":\"de\"},{\"@type\":\"Organization\",\"@id\":\"https:\/\/www.omrserrature.it\/de\/#organization\",\"name\":\"OMR Serrature | Produzione sistemi di chiusura\",\"url\":\"https:\/\/www.omrserrature.it\/de\/\",\"logo\":{\"@type\":\"ImageObject\",\"inLanguage\":\"de\",\"@id\":\"https:\/\/www.omrserrature.it\/de\/#\/schema\/logo\/image\/\",\"url\":\"https:\/\/www.omrserrature.it\/wp-content\/uploads\/2017\/09\/favicon-omr-114.png\",\"contentUrl\":\"https:\/\/www.omrserrature.it\/wp-content\/uploads\/2017\/09\/favicon-omr-114.png\",\"width\":114,\"height\":114,\"caption\":\"OMR Serrature | Produzione sistemi di chiusura\"},\"image\":{\"@id\":\"https:\/\/www.omrserrature.it\/de\/#\/schema\/logo\/image\/\"},\"sameAs\":[\"https:\/\/www.facebook.com\/OMRserrature\",\"https:\/\/www.linkedin.com\/company\/omrserrature\/\",\"https:\/\/www.youtube.com\/channel\/UCxmA85z2R0EpG_6IRokiAkg\"]}]}<\/script>\n<!-- \/ Yoast SEO plugin. -->","yoast_head_json":{"title":"Orange Europ\u00e4ischer Leerer Schl\u00fcssel - OMR Serrature","robots":{"index":"index","follow":"follow","max-snippet":"max-snippet:-1","max-image-preview":"max-image-preview:large","max-video-preview":"max-video-preview:-1"},"canonical":"https:\/\/www.omrserrature.it\/de\/produkt\/orange-europaeischer-leerer-schluessel\/","og_locale":"de_DE","og_type":"article","og_title":"Orange Europ\u00e4ischer Leerer Schl\u00fcssel - OMR Serrature","og_description":"Leerer Schl\u00fcssel der Marke MOIA, f\u00fcr Schl\u00f6sser mit europ\u00e4ischem Profilzylinder. Der ergonomische Kunststoffgriff ist orange, der R\u00fccken ist aus Messing. Der Schl\u00fcssel ist in 3 Varianten erh\u00e4ltlich, abh\u00e4ngig vom zugeh\u00f6rigen europ\u00e4ischen Profilzylinder: Lang (Standard), Mittel und Kurz. W\u00e4hlen Sie die L\u00e4nge des R\u00fcckens im Selektor oben aus, um mehr Informationen \u00fcber die gew\u00e4hlte Variante zu erhalten.","og_url":"https:\/\/www.omrserrature.it\/de\/produkt\/orange-europaeischer-leerer-schluessel\/","og_site_name":"OMR Serrature | Produzione sistemi di chiusura","article_publisher":"https:\/\/www.facebook.com\/OMRserrature","article_modified_time":"2026-04-08T09:13:29+00:00","og_image":[{"width":450,"height":450,"url":"https:\/\/www.omrserrature.it\/wp-content\/uploads\/2021\/10\/chiave-grezza-arancione-corta_MOIA-OMR.jpg","type":"image\/jpeg"}],"twitter_card":"summary_large_image","schema":{"@context":"https:\/\/schema.org","@graph":[{"@type":"WebPage","@id":"https:\/\/www.omrserrature.it\/de\/produkt\/orange-europaeischer-leerer-schluessel\/","url":"https:\/\/www.omrserrature.it\/de\/produkt\/orange-europaeischer-leerer-schluessel\/","name":"Orange Europ\u00e4ischer Leerer Schl\u00fcssel - OMR Serrature","isPartOf":{"@id":"https:\/\/www.omrserrature.it\/de\/#website"},"primaryImageOfPage":{"@id":"https:\/\/www.omrserrature.it\/de\/produkt\/orange-europaeischer-leerer-schluessel\/#primaryimage"},"image":{"@id":"https:\/\/www.omrserrature.it\/de\/produkt\/orange-europaeischer-leerer-schluessel\/#primaryimage"},"thumbnailUrl":"https:\/\/www.omrserrature.it\/wp-content\/uploads\/2021\/10\/chiave-grezza-arancione-corta_MOIA-OMR.jpg","datePublished":"2011-10-21T13:06:00+00:00","dateModified":"2026-04-08T09:13:29+00:00","breadcrumb":{"@id":"https:\/\/www.omrserrature.it\/de\/produkt\/orange-europaeischer-leerer-schluessel\/#breadcrumb"},"inLanguage":"de","potentialAction":[{"@type":"ReadAction","target":["https:\/\/www.omrserrature.it\/de\/produkt\/orange-europaeischer-leerer-schluessel\/"]}]},{"@type":"ImageObject","inLanguage":"de","@id":"https:\/\/www.omrserrature.it\/de\/produkt\/orange-europaeischer-leerer-schluessel\/#primaryimage","url":"https:\/\/www.omrserrature.it\/wp-content\/uploads\/2021\/10\/chiave-grezza-arancione-corta_MOIA-OMR.jpg","contentUrl":"https:\/\/www.omrserrature.it\/wp-content\/uploads\/2021\/10\/chiave-grezza-arancione-corta_MOIA-OMR.jpg","width":450,"height":450,"caption":"Oranger Leerer Schl\u00fcssel, kurz f\u00fcr europ\u00e4ischen Profilhalbzylinder oder europ\u00e4ischen Profilzylinder-Schl\u00fcsselcode. Mod. MCHGYPC\/C"},{"@type":"BreadcrumbList","@id":"https:\/\/www.omrserrature.it\/de\/produkt\/orange-europaeischer-leerer-schluessel\/#breadcrumb","itemListElement":[{"@type":"ListItem","position":1,"name":"Home","item":"https:\/\/www.omrserrature.it\/de\/omr-serrature-sistemi-chiusura\/"},{"@type":"ListItem","position":2,"name":"Katalog","item":"https:\/\/www.omrserrature.it\/katalog\/?lang=de"},{"@type":"ListItem","position":3,"name":"Produkte","item":"https:\/\/www.omrserrature.it\/de\/katalog\/produkte\/"},{"@type":"ListItem","position":4,"name":"Zubeh\u00f6r und Ersatzteile","item":"https:\/\/www.omrserrature.it\/de\/katalog\/produkte\/zubehor-und-ersatzteile\/"},{"@type":"ListItem","position":5,"name":"Tasten","item":"https:\/\/www.omrserrature.it\/de\/katalog\/produkte\/zubehor-und-ersatzteile\/tasten\/"},{"@type":"ListItem","position":6,"name":"Orange Europ\u00e4ischer Leerer Schl\u00fcssel"}]},{"@type":"WebSite","@id":"https:\/\/www.omrserrature.it\/de\/#website","url":"https:\/\/www.omrserrature.it\/de\/","name":"OMR Serrature | Produzione sistemi di chiusura","description":"Produzione serrature di sicurezza e sistemi di chiusura","publisher":{"@id":"https:\/\/www.omrserrature.it\/de\/#organization"},"potentialAction":[{"@type":"SearchAction","target":{"@type":"EntryPoint","urlTemplate":"https:\/\/www.omrserrature.it\/de\/?s={search_term_string}"},"query-input":{"@type":"PropertyValueSpecification","valueRequired":true,"valueName":"search_term_string"}}],"inLanguage":"de"},{"@type":"Organization","@id":"https:\/\/www.omrserrature.it\/de\/#organization","name":"OMR Serrature | Produzione sistemi di chiusura","url":"https:\/\/www.omrserrature.it\/de\/","logo":{"@type":"ImageObject","inLanguage":"de","@id":"https:\/\/www.omrserrature.it\/de\/#\/schema\/logo\/image\/","url":"https:\/\/www.omrserrature.it\/wp-content\/uploads\/2017\/09\/favicon-omr-114.png","contentUrl":"https:\/\/www.omrserrature.it\/wp-content\/uploads\/2017\/09\/favicon-omr-114.png","width":114,"height":114,"caption":"OMR Serrature | Produzione sistemi di chiusura"},"image":{"@id":"https:\/\/www.omrserrature.it\/de\/#\/schema\/logo\/image\/"},"sameAs":["https:\/\/www.facebook.com\/OMRserrature","https:\/\/www.linkedin.com\/company\/omrserrature\/","https:\/\/www.youtube.com\/channel\/UCxmA85z2R0EpG_6IRokiAkg"]}]}},"_links":{"self":[{"href":"https:\/\/www.omrserrature.it\/de\/wp-json\/wp\/v2\/product\/241053","targetHints":{"allow":["GET"]}}],"collection":[{"href":"https:\/\/www.omrserrature.it\/de\/wp-json\/wp\/v2\/product"}],"about":[{"href":"https:\/\/www.omrserrature.it\/de\/wp-json\/wp\/v2\/types\/product"}],"replies":[{"embeddable":true,"href":"https:\/\/www.omrserrature.it\/de\/wp-json\/wp\/v2\/comments?post=241053"}],"wp:featuredmedia":[{"embeddable":true,"href":"https:\/\/www.omrserrature.it\/de\/wp-json\/wp\/v2\/media\/23339"}],"wp:attachment":[{"href":"https:\/\/www.omrserrature.it\/de\/wp-json\/wp\/v2\/media?parent=241053"}],"wp:term":[{"taxonomy":"product_brand","embeddable":true,"href":"https:\/\/www.omrserrature.it\/de\/wp-json\/wp\/v2\/product_brand?post=241053"},{"taxonomy":"product_cat","embeddable":true,"href":"https:\/\/www.omrserrature.it\/de\/wp-json\/wp\/v2\/product_cat?post=241053"},{"taxonomy":"product_tag","embeddable":true,"href":"https:\/\/www.omrserrature.it\/de\/wp-json\/wp\/v2\/product_tag?post=241053"}],"curies":[{"name":"wp","href":"https:\/\/api.w.org\/{rel}","templated":true}]}}