{"id":241029,"date":"2023-03-15T12:52:24","date_gmt":"2015-03-23T11:52:00","guid":{"rendered":"https:\/\/www.staging6.omrserrature.it\/prodotto\/schraubenschluessel-mit-grauem-sechskantgriff-und-omr-logo\/"},"modified":"2026-04-08T11:13:49","modified_gmt":"2026-04-08T09:13:49","slug":"schraubenschluessel-mit-grauem-sechskantgriff-und-omr-logo","status":"publish","type":"product","link":"https:\/\/www.omrserrature.it\/de\/produkt\/schraubenschluessel-mit-grauem-sechskantgriff-und-omr-logo\/","title":{"rendered":"Schraubenschl\u00fcssel mit grauem Sechskantgriff und OMR-Logo"},"content":{"rendered":"<p>Roher Leerer Schl\u00fcssel, sechseckiger grauer Kunststoffgriff mit OMR-Logo. Zwei Schl\u00fcssel sind im Lieferumfang enthalten.<\/p>\n","protected":false},"excerpt":{"rendered":"<p>Roher Leerer Schl\u00fcssel, sechseckiger grauer Kunststoffgriff mit OMR-Logo. Zwei Schl\u00fcssel sind im Lieferumfang enthalten.<\/p>\n","protected":false},"featured_media":25543,"comment_status":"open","ping_status":"closed","template":"","meta":{"_acf_changed":false,"_et_pb_use_builder":"","_et_pb_old_content":"","_et_gb_content_width":""},"product_brand":[],"product_cat":[3809],"product_tag":[],"class_list":{"0":"post-241029","1":"product","2":"type-product","3":"status-publish","4":"has-post-thumbnail","6":"product_cat-tasten","8":"first","9":"instock","10":"shipping-taxable","11":"purchasable","12":"product-type-variable"},"acf":{"pdf1":false},"yoast_head":"<!-- This site is optimized with the Yoast SEO plugin v27.2 - https:\/\/yoast.com\/product\/yoast-seo-wordpress\/ -->\n<title>Schraubenschl\u00fcssel mit grauem Sechskantgriff und OMR-Logo - OMR Serrature<\/title>\n<meta name=\"robots\" content=\"index, follow, max-snippet:-1, max-image-preview:large, max-video-preview:-1\" \/>\n<link rel=\"canonical\" href=\"https:\/\/www.omrserrature.it\/de\/produkt\/schraubenschluessel-mit-grauem-sechskantgriff-und-omr-logo\/\" \/>\n<meta property=\"og:locale\" content=\"de_DE\" \/>\n<meta property=\"og:type\" content=\"article\" \/>\n<meta property=\"og:title\" content=\"Schraubenschl\u00fcssel mit grauem Sechskantgriff und OMR-Logo - OMR Serrature\" \/>\n<meta property=\"og:description\" content=\"Roher Leerer Schl\u00fcssel, sechseckiger grauer Kunststoffgriff mit OMR-Logo. Zwei Schl\u00fcssel sind im Lieferumfang enthalten.\" \/>\n<meta property=\"og:url\" content=\"https:\/\/www.omrserrature.it\/de\/produkt\/schraubenschluessel-mit-grauem-sechskantgriff-und-omr-logo\/\" \/>\n<meta property=\"og:site_name\" content=\"OMR Serrature | Produzione sistemi di chiusura\" \/>\n<meta property=\"article:publisher\" content=\"https:\/\/www.facebook.com\/OMRserrature\" \/>\n<meta property=\"article:modified_time\" content=\"2026-04-08T09:13:49+00:00\" \/>\n<meta property=\"og:image\" content=\"https:\/\/www.omrserrature.it\/wp-content\/uploads\/2023\/03\/SIMP00206-1.jpg\" \/>\n\t<meta property=\"og:image:width\" content=\"1000\" \/>\n\t<meta property=\"og:image:height\" content=\"1000\" \/>\n\t<meta property=\"og:image:type\" content=\"image\/jpeg\" \/>\n<meta name=\"twitter:card\" content=\"summary_large_image\" \/>\n<script type=\"application\/ld+json\" class=\"yoast-schema-graph\">{\"@context\":\"https:\/\/schema.org\",\"@graph\":[{\"@type\":\"WebPage\",\"@id\":\"https:\/\/www.omrserrature.it\/de\/produkt\/schraubenschluessel-mit-grauem-sechskantgriff-und-omr-logo\/\",\"url\":\"https:\/\/www.omrserrature.it\/de\/produkt\/schraubenschluessel-mit-grauem-sechskantgriff-und-omr-logo\/\",\"name\":\"Schraubenschl\u00fcssel mit grauem Sechskantgriff und OMR-Logo - OMR Serrature\",\"isPartOf\":{\"@id\":\"https:\/\/www.omrserrature.it\/de\/#website\"},\"primaryImageOfPage\":{\"@id\":\"https:\/\/www.omrserrature.it\/de\/produkt\/schraubenschluessel-mit-grauem-sechskantgriff-und-omr-logo\/#primaryimage\"},\"image\":{\"@id\":\"https:\/\/www.omrserrature.it\/de\/produkt\/schraubenschluessel-mit-grauem-sechskantgriff-und-omr-logo\/#primaryimage\"},\"thumbnailUrl\":\"https:\/\/www.omrserrature.it\/wp-content\/uploads\/2023\/03\/SIMP00206-1.jpg\",\"datePublished\":\"2015-03-23T11:52:00+00:00\",\"dateModified\":\"2026-04-08T09:13:49+00:00\",\"breadcrumb\":{\"@id\":\"https:\/\/www.omrserrature.it\/de\/produkt\/schraubenschluessel-mit-grauem-sechskantgriff-und-omr-logo\/#breadcrumb\"},\"inLanguage\":\"de\",\"potentialAction\":[{\"@type\":\"ReadAction\",\"target\":[\"https:\/\/www.omrserrature.it\/de\/produkt\/schraubenschluessel-mit-grauem-sechskantgriff-und-omr-logo\/\"]}]},{\"@type\":\"ImageObject\",\"inLanguage\":\"de\",\"@id\":\"https:\/\/www.omrserrature.it\/de\/produkt\/schraubenschluessel-mit-grauem-sechskantgriff-und-omr-logo\/#primaryimage\",\"url\":\"https:\/\/www.omrserrature.it\/wp-content\/uploads\/2023\/03\/SIMP00206-1.jpg\",\"contentUrl\":\"https:\/\/www.omrserrature.it\/wp-content\/uploads\/2023\/03\/SIMP00206-1.jpg\",\"width\":1000,\"height\":1000,\"caption\":\"Schraubenschl\u00fcssel mit grauem Sechskantgriff und OMR-Logo Modell SIMP00206\"},{\"@type\":\"BreadcrumbList\",\"@id\":\"https:\/\/www.omrserrature.it\/de\/produkt\/schraubenschluessel-mit-grauem-sechskantgriff-und-omr-logo\/#breadcrumb\",\"itemListElement\":[{\"@type\":\"ListItem\",\"position\":1,\"name\":\"Home\",\"item\":\"https:\/\/www.omrserrature.it\/de\/omr-serrature-sistemi-chiusura\/\"},{\"@type\":\"ListItem\",\"position\":2,\"name\":\"Katalog\",\"item\":\"https:\/\/www.omrserrature.it\/katalog\/?lang=de\"},{\"@type\":\"ListItem\",\"position\":3,\"name\":\"Produkte\",\"item\":\"https:\/\/www.omrserrature.it\/de\/katalog\/produkte\/\"},{\"@type\":\"ListItem\",\"position\":4,\"name\":\"Zubeh\u00f6r und Ersatzteile\",\"item\":\"https:\/\/www.omrserrature.it\/de\/katalog\/produkte\/zubehor-und-ersatzteile\/\"},{\"@type\":\"ListItem\",\"position\":5,\"name\":\"Tasten\",\"item\":\"https:\/\/www.omrserrature.it\/de\/katalog\/produkte\/zubehor-und-ersatzteile\/tasten\/\"},{\"@type\":\"ListItem\",\"position\":6,\"name\":\"Schraubenschl\u00fcssel mit grauem Sechskantgriff und OMR-Logo\"}]},{\"@type\":\"WebSite\",\"@id\":\"https:\/\/www.omrserrature.it\/de\/#website\",\"url\":\"https:\/\/www.omrserrature.it\/de\/\",\"name\":\"OMR Serrature | Produzione sistemi di chiusura\",\"description\":\"Produzione serrature di sicurezza e sistemi di chiusura\",\"publisher\":{\"@id\":\"https:\/\/www.omrserrature.it\/de\/#organization\"},\"potentialAction\":[{\"@type\":\"SearchAction\",\"target\":{\"@type\":\"EntryPoint\",\"urlTemplate\":\"https:\/\/www.omrserrature.it\/de\/?s={search_term_string}\"},\"query-input\":{\"@type\":\"PropertyValueSpecification\",\"valueRequired\":true,\"valueName\":\"search_term_string\"}}],\"inLanguage\":\"de\"},{\"@type\":\"Organization\",\"@id\":\"https:\/\/www.omrserrature.it\/de\/#organization\",\"name\":\"OMR Serrature | Produzione sistemi di chiusura\",\"url\":\"https:\/\/www.omrserrature.it\/de\/\",\"logo\":{\"@type\":\"ImageObject\",\"inLanguage\":\"de\",\"@id\":\"https:\/\/www.omrserrature.it\/de\/#\/schema\/logo\/image\/\",\"url\":\"https:\/\/www.omrserrature.it\/wp-content\/uploads\/2017\/09\/favicon-omr-114.png\",\"contentUrl\":\"https:\/\/www.omrserrature.it\/wp-content\/uploads\/2017\/09\/favicon-omr-114.png\",\"width\":114,\"height\":114,\"caption\":\"OMR Serrature | Produzione sistemi di chiusura\"},\"image\":{\"@id\":\"https:\/\/www.omrserrature.it\/de\/#\/schema\/logo\/image\/\"},\"sameAs\":[\"https:\/\/www.facebook.com\/OMRserrature\",\"https:\/\/www.linkedin.com\/company\/omrserrature\/\",\"https:\/\/www.youtube.com\/channel\/UCxmA85z2R0EpG_6IRokiAkg\"]}]}<\/script>\n<!-- \/ Yoast SEO plugin. -->","yoast_head_json":{"title":"Schraubenschl\u00fcssel mit grauem Sechskantgriff und OMR-Logo - OMR Serrature","robots":{"index":"index","follow":"follow","max-snippet":"max-snippet:-1","max-image-preview":"max-image-preview:large","max-video-preview":"max-video-preview:-1"},"canonical":"https:\/\/www.omrserrature.it\/de\/produkt\/schraubenschluessel-mit-grauem-sechskantgriff-und-omr-logo\/","og_locale":"de_DE","og_type":"article","og_title":"Schraubenschl\u00fcssel mit grauem Sechskantgriff und OMR-Logo - OMR Serrature","og_description":"Roher Leerer Schl\u00fcssel, sechseckiger grauer Kunststoffgriff mit OMR-Logo. Zwei Schl\u00fcssel sind im Lieferumfang enthalten.","og_url":"https:\/\/www.omrserrature.it\/de\/produkt\/schraubenschluessel-mit-grauem-sechskantgriff-und-omr-logo\/","og_site_name":"OMR Serrature | Produzione sistemi di chiusura","article_publisher":"https:\/\/www.facebook.com\/OMRserrature","article_modified_time":"2026-04-08T09:13:49+00:00","og_image":[{"width":1000,"height":1000,"url":"https:\/\/www.omrserrature.it\/wp-content\/uploads\/2023\/03\/SIMP00206-1.jpg","type":"image\/jpeg"}],"twitter_card":"summary_large_image","schema":{"@context":"https:\/\/schema.org","@graph":[{"@type":"WebPage","@id":"https:\/\/www.omrserrature.it\/de\/produkt\/schraubenschluessel-mit-grauem-sechskantgriff-und-omr-logo\/","url":"https:\/\/www.omrserrature.it\/de\/produkt\/schraubenschluessel-mit-grauem-sechskantgriff-und-omr-logo\/","name":"Schraubenschl\u00fcssel mit grauem Sechskantgriff und OMR-Logo - OMR Serrature","isPartOf":{"@id":"https:\/\/www.omrserrature.it\/de\/#website"},"primaryImageOfPage":{"@id":"https:\/\/www.omrserrature.it\/de\/produkt\/schraubenschluessel-mit-grauem-sechskantgriff-und-omr-logo\/#primaryimage"},"image":{"@id":"https:\/\/www.omrserrature.it\/de\/produkt\/schraubenschluessel-mit-grauem-sechskantgriff-und-omr-logo\/#primaryimage"},"thumbnailUrl":"https:\/\/www.omrserrature.it\/wp-content\/uploads\/2023\/03\/SIMP00206-1.jpg","datePublished":"2015-03-23T11:52:00+00:00","dateModified":"2026-04-08T09:13:49+00:00","breadcrumb":{"@id":"https:\/\/www.omrserrature.it\/de\/produkt\/schraubenschluessel-mit-grauem-sechskantgriff-und-omr-logo\/#breadcrumb"},"inLanguage":"de","potentialAction":[{"@type":"ReadAction","target":["https:\/\/www.omrserrature.it\/de\/produkt\/schraubenschluessel-mit-grauem-sechskantgriff-und-omr-logo\/"]}]},{"@type":"ImageObject","inLanguage":"de","@id":"https:\/\/www.omrserrature.it\/de\/produkt\/schraubenschluessel-mit-grauem-sechskantgriff-und-omr-logo\/#primaryimage","url":"https:\/\/www.omrserrature.it\/wp-content\/uploads\/2023\/03\/SIMP00206-1.jpg","contentUrl":"https:\/\/www.omrserrature.it\/wp-content\/uploads\/2023\/03\/SIMP00206-1.jpg","width":1000,"height":1000,"caption":"Schraubenschl\u00fcssel mit grauem Sechskantgriff und OMR-Logo Modell SIMP00206"},{"@type":"BreadcrumbList","@id":"https:\/\/www.omrserrature.it\/de\/produkt\/schraubenschluessel-mit-grauem-sechskantgriff-und-omr-logo\/#breadcrumb","itemListElement":[{"@type":"ListItem","position":1,"name":"Home","item":"https:\/\/www.omrserrature.it\/de\/omr-serrature-sistemi-chiusura\/"},{"@type":"ListItem","position":2,"name":"Katalog","item":"https:\/\/www.omrserrature.it\/katalog\/?lang=de"},{"@type":"ListItem","position":3,"name":"Produkte","item":"https:\/\/www.omrserrature.it\/de\/katalog\/produkte\/"},{"@type":"ListItem","position":4,"name":"Zubeh\u00f6r und Ersatzteile","item":"https:\/\/www.omrserrature.it\/de\/katalog\/produkte\/zubehor-und-ersatzteile\/"},{"@type":"ListItem","position":5,"name":"Tasten","item":"https:\/\/www.omrserrature.it\/de\/katalog\/produkte\/zubehor-und-ersatzteile\/tasten\/"},{"@type":"ListItem","position":6,"name":"Schraubenschl\u00fcssel mit grauem Sechskantgriff und OMR-Logo"}]},{"@type":"WebSite","@id":"https:\/\/www.omrserrature.it\/de\/#website","url":"https:\/\/www.omrserrature.it\/de\/","name":"OMR Serrature | Produzione sistemi di chiusura","description":"Produzione serrature di sicurezza e sistemi di chiusura","publisher":{"@id":"https:\/\/www.omrserrature.it\/de\/#organization"},"potentialAction":[{"@type":"SearchAction","target":{"@type":"EntryPoint","urlTemplate":"https:\/\/www.omrserrature.it\/de\/?s={search_term_string}"},"query-input":{"@type":"PropertyValueSpecification","valueRequired":true,"valueName":"search_term_string"}}],"inLanguage":"de"},{"@type":"Organization","@id":"https:\/\/www.omrserrature.it\/de\/#organization","name":"OMR Serrature | Produzione sistemi di chiusura","url":"https:\/\/www.omrserrature.it\/de\/","logo":{"@type":"ImageObject","inLanguage":"de","@id":"https:\/\/www.omrserrature.it\/de\/#\/schema\/logo\/image\/","url":"https:\/\/www.omrserrature.it\/wp-content\/uploads\/2017\/09\/favicon-omr-114.png","contentUrl":"https:\/\/www.omrserrature.it\/wp-content\/uploads\/2017\/09\/favicon-omr-114.png","width":114,"height":114,"caption":"OMR Serrature | Produzione sistemi di chiusura"},"image":{"@id":"https:\/\/www.omrserrature.it\/de\/#\/schema\/logo\/image\/"},"sameAs":["https:\/\/www.facebook.com\/OMRserrature","https:\/\/www.linkedin.com\/company\/omrserrature\/","https:\/\/www.youtube.com\/channel\/UCxmA85z2R0EpG_6IRokiAkg"]}]}},"_links":{"self":[{"href":"https:\/\/www.omrserrature.it\/de\/wp-json\/wp\/v2\/product\/241029","targetHints":{"allow":["GET"]}}],"collection":[{"href":"https:\/\/www.omrserrature.it\/de\/wp-json\/wp\/v2\/product"}],"about":[{"href":"https:\/\/www.omrserrature.it\/de\/wp-json\/wp\/v2\/types\/product"}],"replies":[{"embeddable":true,"href":"https:\/\/www.omrserrature.it\/de\/wp-json\/wp\/v2\/comments?post=241029"}],"wp:featuredmedia":[{"embeddable":true,"href":"https:\/\/www.omrserrature.it\/de\/wp-json\/wp\/v2\/media\/25543"}],"wp:attachment":[{"href":"https:\/\/www.omrserrature.it\/de\/wp-json\/wp\/v2\/media?parent=241029"}],"wp:term":[{"taxonomy":"product_brand","embeddable":true,"href":"https:\/\/www.omrserrature.it\/de\/wp-json\/wp\/v2\/product_brand?post=241029"},{"taxonomy":"product_cat","embeddable":true,"href":"https:\/\/www.omrserrature.it\/de\/wp-json\/wp\/v2\/product_cat?post=241029"},{"taxonomy":"product_tag","embeddable":true,"href":"https:\/\/www.omrserrature.it\/de\/wp-json\/wp\/v2\/product_tag?post=241029"}],"curies":[{"name":"wp","href":"https:\/\/api.w.org\/{rel}","templated":true}]}}