{"id":23671,"date":"2021-05-19T12:13:29","date_gmt":"2019-05-21T10:13:00","guid":{"rendered":"https:\/\/staging6.omrserrature.it\/prodotto\/srtx04693\/"},"modified":"2026-04-08T11:12:55","modified_gmt":"2026-04-08T09:12:55","slug":"srtx04693-2","status":"publish","type":"product","link":"https:\/\/www.omrserrature.it\/de\/produkt\/srtx04693-2\/","title":{"rendered":"SRTX04693 &#8211; Pl\u00e4ttchenzylinder f\u00fcr Hebelschl\u00f6sser"},"content":{"rendered":"<p>Der Zylinder ist die zentrale Komponente eines Schlosses. Er ist das bewegliche Element, das den Schl\u00fcssel h\u00e4lt, damit der Schlie\u00dfmechanismus ge\u00f6ffnet oder abgeschlossen werden kann. Wenn der passende Schl\u00fcssel eingesteckt wird, richten sich die inneren Zylinderpl\u00e4ttchen perfekt aus und entriegeln den Rotor, so dass er sich frei drehen und den \u00fcber das hintere Terminal angeschlossenen Hebel oder Nocken bet\u00e4tigen kann. <\/p>\n<p>Bei OMR stellen wir hochwertige Pl\u00e4ttchenzylindern aus Zamak her, einer Zinkdruckgusslegierung, die f\u00fcr ihre hervorragenden mechanischen Eigenschaften bekannt ist. Der Zylinder wird anschlie\u00dfend vernickelt, um ihn vor Verschlei\u00df, Korrosion und Oxidation zu sch\u00fctzen und so eine l\u00e4ngere Lebensdauer zu gew\u00e4hrleisten. Die pl\u00e4ttchenzylinder, eine wesentliche Komponente f\u00fcr die Sicherheit des Schlosses, sind aus hochwertigem Stahl gefertigt, der eine lange Lebensdauer und Zuverl\u00e4ssigkeit garantiert.  <\/p>\n<p>Da wir wissen, wie wichtig eine individuelle Anpassung ist, bieten wir die M\u00f6glichkeit, Pl\u00e4ttchenzylindern nach den Spezifikationen und Zeichnungen unserer Kunden zu entwickeln. Dieser Service erm\u00f6glicht es uns, spezielle Anforderungen in Bezug auf Gr\u00f6\u00dfe, Form und Funktionalit\u00e4t zu erf\u00fcllen und eine nahtlose Integration in die gew\u00fcnschten Abschluss-Systeme zu gew\u00e4hrleisten. Qualit\u00e4t steht im Mittelpunkt unseres Produktionsprozesses, und unsere Pl\u00e4ttchenzylindern werden strengen Qualit\u00e4tskontrollen unterzogen, um sicherzustellen, dass sie den h\u00f6chsten Standards entsprechen. Diese Pr\u00fcfungen umfassen Ma\u00dftests, Bewertungen der mechanischen Festigkeit und Funktionstests und stellen sicher, dass das Endprodukt optimale Leistung und eine lange Lebensdauer bietet.<\/p>\n<p>Dank unserer jahrzehntelangen Erfahrung in der Herstellung von Schl\u00f6ssern und Pl\u00e4ttchenzylindern k\u00f6nnen wir zuverl\u00e4ssige Komponenten f\u00fcr eine Vielzahl von Anwendungen zur Sicherung von Schlie\u00dff\u00e4chern, Schubladenschr\u00e4nken, Klappen, Briefk\u00e4sten, Hinteren Stiften, Koffern, Fahrrad- und Toilettenst\u00e4ndern und praktisch \u00fcberall dort, wo ein Schloss ben\u00f6tigt wird, liefern. Hochwertige Materialien, fortschrittliche Produktionsverfahren und eine st\u00e4ndig aktualisierte Technologie machen uns zum idealen Partner f\u00fcr die Entwicklung Ihrer Schlie\u00dfsysteme, und das zu wettbewerbsf\u00e4higen Preisen. <\/p>\n","protected":false},"excerpt":{"rendered":"<p>Der Rotor ist das Herzst\u00fcck des Schlosses: Er h\u00e4lt den Schl\u00fcssel, liest sein Profil durch die Stahlpl\u00e4ttchen und \u00fcbertr\u00e4gt nach dem Aufschlie\u00dfen die Bewegung an das Schlie\u00dfsystem. <strong>Bei OMR stellen wir hochwertige<\/strong>, verschlei\u00dffeste <strong>Pl\u00e4ttchenzylindern her<\/strong>, die nach Kundenzeichnung angefertigt werden k\u00f6nnen. <strong>Jede Komponente wird einer strengen Qualit\u00e4tskontrolle unterzogen<\/strong>, um Langlebigkeit, Pr\u00e4zision und Sicherheit in Anwendungen wie Schlie\u00dff\u00e4chern, Briefk\u00e4sten, T\u00fcren und industriellen Schlie\u00dfsystemen zu gew\u00e4hrleisten.<\/p>\n","protected":false},"featured_media":20177,"comment_status":"open","ping_status":"closed","template":"","meta":{"_acf_changed":false,"_et_pb_use_builder":"","_et_pb_old_content":"","_et_gb_content_width":""},"product_brand":[],"product_cat":[3794],"product_tag":[],"class_list":{"0":"post-23671","1":"product","2":"type-product","3":"status-publish","4":"has-post-thumbnail","6":"product_cat-zylinder","8":"first","9":"instock","10":"shipping-taxable","11":"product-type-simple"},"acf":{"pdf1":"https:\/\/www.omrserrature.it\/wp-content\/uploads\/2021\/05\/Scheda_SRTX04693.pdf"},"yoast_head":"<!-- This site is optimized with the Yoast SEO plugin v27.2 - https:\/\/yoast.com\/product\/yoast-seo-wordpress\/ -->\n<title>SRTX04693 - Pl\u00e4ttchenzylinder f\u00fcr Hebelschl\u00f6sser - OMR Serrature<\/title>\n<meta name=\"robots\" content=\"index, follow, max-snippet:-1, max-image-preview:large, max-video-preview:-1\" \/>\n<link rel=\"canonical\" href=\"https:\/\/www.omrserrature.it\/de\/produkt\/srtx04693-2\/\" \/>\n<meta property=\"og:locale\" content=\"de_DE\" \/>\n<meta property=\"og:type\" content=\"article\" \/>\n<meta property=\"og:title\" content=\"SRTX04693 - Pl\u00e4ttchenzylinder f\u00fcr Hebelschl\u00f6sser - OMR Serrature\" \/>\n<meta property=\"og:description\" content=\"Der Rotor ist das Herzst\u00fcck des Schlosses: Er h\u00e4lt den Schl\u00fcssel, liest sein Profil durch die Stahlpl\u00e4ttchen und \u00fcbertr\u00e4gt nach dem Aufschlie\u00dfen die Bewegung an das Schlie\u00dfsystem. Bei OMR stellen wir hochwertige, verschlei\u00dffeste Pl\u00e4ttchenzylindern her, die nach Kundenzeichnung angefertigt werden k\u00f6nnen. Jede Komponente wird einer strengen Qualit\u00e4tskontrolle unterzogen, um Langlebigkeit, Pr\u00e4zision und Sicherheit in Anwendungen wie Schlie\u00dff\u00e4chern, Briefk\u00e4sten, T\u00fcren und industriellen Schlie\u00dfsystemen zu gew\u00e4hrleisten.\" \/>\n<meta property=\"og:url\" content=\"https:\/\/www.omrserrature.it\/de\/produkt\/srtx04693-2\/\" \/>\n<meta property=\"og:site_name\" content=\"OMR Serrature | Produzione sistemi di chiusura\" \/>\n<meta property=\"article:publisher\" content=\"https:\/\/www.facebook.com\/OMRserrature\" \/>\n<meta property=\"article:modified_time\" content=\"2026-04-08T09:12:55+00:00\" \/>\n<meta property=\"og:image\" content=\"https:\/\/www.omrserrature.it\/wp-content\/uploads\/2021\/05\/SRTX04693.jpg\" \/>\n\t<meta property=\"og:image:width\" content=\"1000\" \/>\n\t<meta property=\"og:image:height\" content=\"1000\" \/>\n\t<meta property=\"og:image:type\" content=\"image\/jpeg\" \/>\n<meta name=\"twitter:card\" content=\"summary_large_image\" \/>\n<meta name=\"twitter:label1\" content=\"Gesch\u00e4tzte Lesezeit\" \/>\n\t<meta name=\"twitter:data1\" content=\"2\u00a0Minuten\" \/>\n<script type=\"application\/ld+json\" class=\"yoast-schema-graph\">{\"@context\":\"https:\/\/schema.org\",\"@graph\":[{\"@type\":\"WebPage\",\"@id\":\"https:\/\/www.omrserrature.it\/de\/produkt\/srtx04693-2\/\",\"url\":\"https:\/\/www.omrserrature.it\/de\/produkt\/srtx04693-2\/\",\"name\":\"SRTX04693 - Pl\u00e4ttchenzylinder f\u00fcr Hebelschl\u00f6sser - OMR Serrature\",\"isPartOf\":{\"@id\":\"https:\/\/www.omrserrature.it\/de\/#website\"},\"primaryImageOfPage\":{\"@id\":\"https:\/\/www.omrserrature.it\/de\/produkt\/srtx04693-2\/#primaryimage\"},\"image\":{\"@id\":\"https:\/\/www.omrserrature.it\/de\/produkt\/srtx04693-2\/#primaryimage\"},\"thumbnailUrl\":\"https:\/\/www.omrserrature.it\/wp-content\/uploads\/2021\/05\/SRTX04693.jpg\",\"datePublished\":\"2019-05-21T10:13:00+00:00\",\"dateModified\":\"2026-04-08T09:12:55+00:00\",\"breadcrumb\":{\"@id\":\"https:\/\/www.omrserrature.it\/de\/produkt\/srtx04693-2\/#breadcrumb\"},\"inLanguage\":\"de\",\"potentialAction\":[{\"@type\":\"ReadAction\",\"target\":[\"https:\/\/www.omrserrature.it\/de\/produkt\/srtx04693-2\/\"]}]},{\"@type\":\"ImageObject\",\"inLanguage\":\"de\",\"@id\":\"https:\/\/www.omrserrature.it\/de\/produkt\/srtx04693-2\/#primaryimage\",\"url\":\"https:\/\/www.omrserrature.it\/wp-content\/uploads\/2021\/05\/SRTX04693.jpg\",\"contentUrl\":\"https:\/\/www.omrserrature.it\/wp-content\/uploads\/2021\/05\/SRTX04693.jpg\",\"width\":1000,\"height\":1000,\"caption\":\"Zylinderkern OMR Serrature - Art. SRTX04693\"},{\"@type\":\"BreadcrumbList\",\"@id\":\"https:\/\/www.omrserrature.it\/de\/produkt\/srtx04693-2\/#breadcrumb\",\"itemListElement\":[{\"@type\":\"ListItem\",\"position\":1,\"name\":\"Home\",\"item\":\"https:\/\/www.omrserrature.it\/de\/omr-serrature-sistemi-chiusura\/\"},{\"@type\":\"ListItem\",\"position\":2,\"name\":\"Katalog\",\"item\":\"https:\/\/www.omrserrature.it\/katalog\/?lang=de\"},{\"@type\":\"ListItem\",\"position\":3,\"name\":\"Produkte\",\"item\":\"https:\/\/www.omrserrature.it\/de\/katalog\/produkte\/\"},{\"@type\":\"ListItem\",\"position\":4,\"name\":\"Zylinder\",\"item\":\"https:\/\/www.omrserrature.it\/de\/katalog\/produkte\/zylinder\/\"},{\"@type\":\"ListItem\",\"position\":5,\"name\":\"SRTX04693 &#8211; Pl\u00e4ttchenzylinder f\u00fcr Hebelschl\u00f6sser\"}]},{\"@type\":\"WebSite\",\"@id\":\"https:\/\/www.omrserrature.it\/de\/#website\",\"url\":\"https:\/\/www.omrserrature.it\/de\/\",\"name\":\"OMR Serrature | Produzione sistemi di chiusura\",\"description\":\"Produzione serrature di sicurezza e sistemi di chiusura\",\"publisher\":{\"@id\":\"https:\/\/www.omrserrature.it\/de\/#organization\"},\"potentialAction\":[{\"@type\":\"SearchAction\",\"target\":{\"@type\":\"EntryPoint\",\"urlTemplate\":\"https:\/\/www.omrserrature.it\/de\/?s={search_term_string}\"},\"query-input\":{\"@type\":\"PropertyValueSpecification\",\"valueRequired\":true,\"valueName\":\"search_term_string\"}}],\"inLanguage\":\"de\"},{\"@type\":\"Organization\",\"@id\":\"https:\/\/www.omrserrature.it\/de\/#organization\",\"name\":\"OMR Serrature | Produzione sistemi di chiusura\",\"url\":\"https:\/\/www.omrserrature.it\/de\/\",\"logo\":{\"@type\":\"ImageObject\",\"inLanguage\":\"de\",\"@id\":\"https:\/\/www.omrserrature.it\/de\/#\/schema\/logo\/image\/\",\"url\":\"https:\/\/www.omrserrature.it\/wp-content\/uploads\/2017\/09\/favicon-omr-114.png\",\"contentUrl\":\"https:\/\/www.omrserrature.it\/wp-content\/uploads\/2017\/09\/favicon-omr-114.png\",\"width\":114,\"height\":114,\"caption\":\"OMR Serrature | Produzione sistemi di chiusura\"},\"image\":{\"@id\":\"https:\/\/www.omrserrature.it\/de\/#\/schema\/logo\/image\/\"},\"sameAs\":[\"https:\/\/www.facebook.com\/OMRserrature\",\"https:\/\/www.linkedin.com\/company\/omrserrature\/\",\"https:\/\/www.youtube.com\/channel\/UCxmA85z2R0EpG_6IRokiAkg\"]}]}<\/script>\n<!-- \/ Yoast SEO plugin. -->","yoast_head_json":{"title":"SRTX04693 - Pl\u00e4ttchenzylinder f\u00fcr Hebelschl\u00f6sser - OMR Serrature","robots":{"index":"index","follow":"follow","max-snippet":"max-snippet:-1","max-image-preview":"max-image-preview:large","max-video-preview":"max-video-preview:-1"},"canonical":"https:\/\/www.omrserrature.it\/de\/produkt\/srtx04693-2\/","og_locale":"de_DE","og_type":"article","og_title":"SRTX04693 - Pl\u00e4ttchenzylinder f\u00fcr Hebelschl\u00f6sser - OMR Serrature","og_description":"Der Rotor ist das Herzst\u00fcck des Schlosses: Er h\u00e4lt den Schl\u00fcssel, liest sein Profil durch die Stahlpl\u00e4ttchen und \u00fcbertr\u00e4gt nach dem Aufschlie\u00dfen die Bewegung an das Schlie\u00dfsystem. Bei OMR stellen wir hochwertige, verschlei\u00dffeste Pl\u00e4ttchenzylindern her, die nach Kundenzeichnung angefertigt werden k\u00f6nnen. Jede Komponente wird einer strengen Qualit\u00e4tskontrolle unterzogen, um Langlebigkeit, Pr\u00e4zision und Sicherheit in Anwendungen wie Schlie\u00dff\u00e4chern, Briefk\u00e4sten, T\u00fcren und industriellen Schlie\u00dfsystemen zu gew\u00e4hrleisten.","og_url":"https:\/\/www.omrserrature.it\/de\/produkt\/srtx04693-2\/","og_site_name":"OMR Serrature | Produzione sistemi di chiusura","article_publisher":"https:\/\/www.facebook.com\/OMRserrature","article_modified_time":"2026-04-08T09:12:55+00:00","og_image":[{"width":1000,"height":1000,"url":"https:\/\/www.omrserrature.it\/wp-content\/uploads\/2021\/05\/SRTX04693.jpg","type":"image\/jpeg"}],"twitter_card":"summary_large_image","twitter_misc":{"Gesch\u00e4tzte Lesezeit":"2\u00a0Minuten"},"schema":{"@context":"https:\/\/schema.org","@graph":[{"@type":"WebPage","@id":"https:\/\/www.omrserrature.it\/de\/produkt\/srtx04693-2\/","url":"https:\/\/www.omrserrature.it\/de\/produkt\/srtx04693-2\/","name":"SRTX04693 - Pl\u00e4ttchenzylinder f\u00fcr Hebelschl\u00f6sser - OMR Serrature","isPartOf":{"@id":"https:\/\/www.omrserrature.it\/de\/#website"},"primaryImageOfPage":{"@id":"https:\/\/www.omrserrature.it\/de\/produkt\/srtx04693-2\/#primaryimage"},"image":{"@id":"https:\/\/www.omrserrature.it\/de\/produkt\/srtx04693-2\/#primaryimage"},"thumbnailUrl":"https:\/\/www.omrserrature.it\/wp-content\/uploads\/2021\/05\/SRTX04693.jpg","datePublished":"2019-05-21T10:13:00+00:00","dateModified":"2026-04-08T09:12:55+00:00","breadcrumb":{"@id":"https:\/\/www.omrserrature.it\/de\/produkt\/srtx04693-2\/#breadcrumb"},"inLanguage":"de","potentialAction":[{"@type":"ReadAction","target":["https:\/\/www.omrserrature.it\/de\/produkt\/srtx04693-2\/"]}]},{"@type":"ImageObject","inLanguage":"de","@id":"https:\/\/www.omrserrature.it\/de\/produkt\/srtx04693-2\/#primaryimage","url":"https:\/\/www.omrserrature.it\/wp-content\/uploads\/2021\/05\/SRTX04693.jpg","contentUrl":"https:\/\/www.omrserrature.it\/wp-content\/uploads\/2021\/05\/SRTX04693.jpg","width":1000,"height":1000,"caption":"Zylinderkern OMR Serrature - Art. SRTX04693"},{"@type":"BreadcrumbList","@id":"https:\/\/www.omrserrature.it\/de\/produkt\/srtx04693-2\/#breadcrumb","itemListElement":[{"@type":"ListItem","position":1,"name":"Home","item":"https:\/\/www.omrserrature.it\/de\/omr-serrature-sistemi-chiusura\/"},{"@type":"ListItem","position":2,"name":"Katalog","item":"https:\/\/www.omrserrature.it\/katalog\/?lang=de"},{"@type":"ListItem","position":3,"name":"Produkte","item":"https:\/\/www.omrserrature.it\/de\/katalog\/produkte\/"},{"@type":"ListItem","position":4,"name":"Zylinder","item":"https:\/\/www.omrserrature.it\/de\/katalog\/produkte\/zylinder\/"},{"@type":"ListItem","position":5,"name":"SRTX04693 &#8211; Pl\u00e4ttchenzylinder f\u00fcr Hebelschl\u00f6sser"}]},{"@type":"WebSite","@id":"https:\/\/www.omrserrature.it\/de\/#website","url":"https:\/\/www.omrserrature.it\/de\/","name":"OMR Serrature | Produzione sistemi di chiusura","description":"Produzione serrature di sicurezza e sistemi di chiusura","publisher":{"@id":"https:\/\/www.omrserrature.it\/de\/#organization"},"potentialAction":[{"@type":"SearchAction","target":{"@type":"EntryPoint","urlTemplate":"https:\/\/www.omrserrature.it\/de\/?s={search_term_string}"},"query-input":{"@type":"PropertyValueSpecification","valueRequired":true,"valueName":"search_term_string"}}],"inLanguage":"de"},{"@type":"Organization","@id":"https:\/\/www.omrserrature.it\/de\/#organization","name":"OMR Serrature | Produzione sistemi di chiusura","url":"https:\/\/www.omrserrature.it\/de\/","logo":{"@type":"ImageObject","inLanguage":"de","@id":"https:\/\/www.omrserrature.it\/de\/#\/schema\/logo\/image\/","url":"https:\/\/www.omrserrature.it\/wp-content\/uploads\/2017\/09\/favicon-omr-114.png","contentUrl":"https:\/\/www.omrserrature.it\/wp-content\/uploads\/2017\/09\/favicon-omr-114.png","width":114,"height":114,"caption":"OMR Serrature | Produzione sistemi di chiusura"},"image":{"@id":"https:\/\/www.omrserrature.it\/de\/#\/schema\/logo\/image\/"},"sameAs":["https:\/\/www.facebook.com\/OMRserrature","https:\/\/www.linkedin.com\/company\/omrserrature\/","https:\/\/www.youtube.com\/channel\/UCxmA85z2R0EpG_6IRokiAkg"]}]}},"_links":{"self":[{"href":"https:\/\/www.omrserrature.it\/de\/wp-json\/wp\/v2\/product\/23671","targetHints":{"allow":["GET"]}}],"collection":[{"href":"https:\/\/www.omrserrature.it\/de\/wp-json\/wp\/v2\/product"}],"about":[{"href":"https:\/\/www.omrserrature.it\/de\/wp-json\/wp\/v2\/types\/product"}],"replies":[{"embeddable":true,"href":"https:\/\/www.omrserrature.it\/de\/wp-json\/wp\/v2\/comments?post=23671"}],"wp:featuredmedia":[{"embeddable":true,"href":"https:\/\/www.omrserrature.it\/de\/wp-json\/wp\/v2\/media\/20177"}],"wp:attachment":[{"href":"https:\/\/www.omrserrature.it\/de\/wp-json\/wp\/v2\/media?parent=23671"}],"wp:term":[{"taxonomy":"product_brand","embeddable":true,"href":"https:\/\/www.omrserrature.it\/de\/wp-json\/wp\/v2\/product_brand?post=23671"},{"taxonomy":"product_cat","embeddable":true,"href":"https:\/\/www.omrserrature.it\/de\/wp-json\/wp\/v2\/product_cat?post=23671"},{"taxonomy":"product_tag","embeddable":true,"href":"https:\/\/www.omrserrature.it\/de\/wp-json\/wp\/v2\/product_tag?post=23671"}],"curies":[{"name":"wp","href":"https:\/\/api.w.org\/{rel}","templated":true}]}}