{"id":12020,"date":"2018-03-13T11:51:23","date_gmt":"2013-03-18T10:51:00","guid":{"rendered":"http:\/\/staging6.omrserrature.it\/prodotto\/ausstellungsstander-fur-schlosser-serie-otto\/"},"modified":"2026-04-08T12:00:36","modified_gmt":"2026-04-08T10:00:36","slug":"ausstellungsstander-fur-schlosser-serie-otto","status":"publish","type":"product","link":"https:\/\/www.omrserrature.it\/de\/produkt\/ausstellungsstander-fur-schlosser-serie-otto\/","title":{"rendered":"Ausstellungsst\u00e4nder f\u00fcr Schl\u00f6sser Serie OTTO"},"content":{"rendered":"<p>[et_pb_section fb_built=&#8220;1&#8243; _builder_version=&#8220;4.16&#8243; custom_padding=&#8220;0px||||false|false&#8220; global_colors_info=&#8220;{}&#8220;][et_pb_row _builder_version=&#8220;4.16&#8243; background_size=&#8220;initial&#8220; background_position=&#8220;top_left&#8220; background_repeat=&#8220;repeat&#8220; custom_padding=&#8220;0px||0px||false|false&#8220; global_colors_info=&#8220;{}&#8220;][et_pb_column type=&#8220;4_4&#8243; _builder_version=&#8220;4.16&#8243; custom_padding=&#8220;|||&#8220; global_colors_info=&#8220;{}&#8220; custom_padding__hover=&#8220;|||&#8220;][et_pb_wc_breadcrumb _builder_version=&#8220;4.16&#8243; global_colors_info=&#8220;{}&#8220;][\/et_pb_wc_breadcrumb][et_pb_wc_cart_notice _builder_version=&#8220;4.16&#8243; global_colors_info=&#8220;{}&#8220;][\/et_pb_wc_cart_notice][\/et_pb_column][\/et_pb_row][et_pb_row _builder_version=&#8220;4.16&#8243; background_size=&#8220;initial&#8220; background_position=&#8220;top_left&#8220; background_repeat=&#8220;repeat&#8220; custom_padding=&#8220;0px||||false|false&#8220; global_colors_info=&#8220;{}&#8220; column_structure=&#8220;1_2,1_2&#8243;][et_pb_column type=&#8220;1_2&#8243; _builder_version=&#8220;4.16&#8243; custom_padding=&#8220;|||&#8220; global_colors_info=&#8220;{}&#8220; custom_padding__hover=&#8220;|||&#8220;][et_pb_wc_images _builder_version=&#8220;4.16&#8243; global_colors_info=&#8220;{}&#8220;][\/et_pb_wc_images][\/et_pb_column][et_pb_column type=&#8220;1_2&#8243; _builder_version=&#8220;4.16&#8243; custom_padding=&#8220;|||&#8220; global_colors_info=&#8220;{}&#8220; custom_padding__hover=&#8220;|||&#8220;][et_pb_wc_title _builder_version=&#8220;4.16&#8243; global_colors_info=&#8220;{}&#8220;][\/et_pb_wc_title][et_pb_wc_rating _builder_version=&#8220;4.16&#8243; global_colors_info=&#8220;{}&#8220;][\/et_pb_wc_rating][et_pb_wc_price _builder_version=&#8220;4.16&#8243; global_colors_info=&#8220;{}&#8220;][\/et_pb_wc_price][et_pb_wc_description _builder_version=&#8220;4.16&#8243; global_colors_info=&#8220;{}&#8220;][\/et_pb_wc_description][et_pb_wc_add_to_cart _builder_version=&#8220;4.16&#8243; global_colors_info=&#8220;{}&#8220;][\/et_pb_wc_add_to_cart][et_pb_wc_meta _builder_version=&#8220;4.16&#8243; global_colors_info=&#8220;{}&#8220;][\/et_pb_wc_meta][\/et_pb_column][\/et_pb_row][et_pb_row _builder_version=&#8220;4.16&#8243; background_size=&#8220;initial&#8220; background_position=&#8220;top_left&#8220; background_repeat=&#8220;repeat&#8220; global_colors_info=&#8220;{}&#8220;][et_pb_column type=&#8220;4_4&#8243; _builder_version=&#8220;4.16&#8243; custom_padding=&#8220;|||&#8220; global_colors_info=&#8220;{}&#8220; custom_padding__hover=&#8220;|||&#8220;][et_pb_wc_tabs _builder_version=&#8220;4.16&#8243; global_colors_info=&#8220;{}&#8220;]\t\t\t\t\t[\/et_pb_wc_tabs][et_pb_wc_upsells _builder_version=&#8220;4.16&#8243; global_colors_info=&#8220;{}&#8220;][\/et_pb_wc_upsells][et_pb_wc_related_products _builder_version=&#8220;4.16&#8243; global_colors_info=&#8220;{}&#8220;][\/et_pb_wc_related_products][\/et_pb_column][\/et_pb_row][\/et_pb_section]<\/p>\n","protected":false},"excerpt":{"rendered":"<p>Wir freuen uns, Ihnen unsere <strong>Ausstellung der OMR Otto Serie<\/strong> pr\u00e4sentieren zu k\u00f6nnen, eine wertvolle Gelegenheit f\u00fcr Kunden, die Qualit\u00e4t unserer Schl\u00f6sser aus der N\u00e4he zu betrachten. Die Otto-Serie bietet eine effiziente L\u00f6sung, um <strong>alte Schl\u00f6sser mit Knopf f\u00fcr Innen- und Au\u00dfent\u00fcren<\/strong> oder traditionelle <strong>B\u00fcrot\u00fcren mit Drehknopf<\/strong> <strong>zu ersetzen<\/strong>. <\/p>\n","protected":false},"featured_media":255092,"comment_status":"open","ping_status":"closed","template":"","meta":{"_acf_changed":false,"_et_pb_use_builder":"on","_et_pb_old_content":"<strong>Das OMR-Display f\u00fcr die Otto-Serie gibt<\/strong> Ihren Kunden die M\u00f6glichkeit, die Qualit\u00e4t und das sorgf\u00e4ltige Design unserer Schl\u00f6sser aus der N\u00e4he zu betrachten. Hier bietet das Display eine Vorschau auf die Otto Serie, die effiziente und einfache L\u00f6sung, um <strong>alte Schl\u00f6sser f\u00fcr Innen- und Au\u00dfent\u00fcren mit Knopf und Druckknopf<\/strong> oder traditionelle <strong>B\u00fcrot\u00fcren mit Drehknopf<\/strong> durch <strong>europ\u00e4ische Zylinderschl\u00f6sser<\/strong> <strong>zu ersetzen<\/strong>. \n\n\u00c4ltere Knaufschl\u00f6sser bieten m\u00f6glicherweise nicht das gew\u00fcnschte Ma\u00df an Sicherheit. Die Otto Serie bietet eine <strong>deutliche Verbesserung der Sicherheitsleistung<\/strong> von Schl\u00f6ssern und bietet eine sichere und zuverl\u00e4ssige L\u00f6sung mit <strong>europ\u00e4ischer Profilzylindertechnologie<\/strong>. Diese Technologie bietet einen erheblichen Zuwachs an Sicherheit und gibt Kunden die Gewissheit, dass <strong>ihre T\u00fcren besser gesch\u00fctzt sind.<\/strong>\n\n<strong>Das Ersetzen<\/strong> alter Schl\u00f6sser durch die Otto Series ist <strong>ein schneller Prozess und<\/strong> erfordert keine gr\u00f6\u00dferen \u00c4nderungen oder den Austausch des T\u00fcrrahmens, was die Aufr\u00fcstung erheblich erleichtert. Das raffinierte und ansprechende Design der Otto Serie verleiht den T\u00fcren <strong>einen Hauch von schlichter Eleganz<\/strong>, w\u00e4hrend die makellose Verarbeitung auf ein hochwertiges Produkt hinweist. \n\nMit dem Otto Series Display haben Ihre Kunden<strong> die M\u00f6glichkeit, die vielen Vorteile der Otto Series zu entdecken:<\/strong>\n<ul>\n \t<li>erh\u00f6hte Sicherheit dank des europ\u00e4ischen Profilzylinders,<\/li>\n \t<li>einfache Installation,<\/li>\n \t<li>elegantes Design und hochwertige Verarbeitung.<\/li>\n<\/ul>\nWir sind zuversichtlich, dass unsere Kunden in der Serie Otto die ideale L\u00f6sung finden werden, um die Sicherheit und \u00c4sthetik ihrer T\u00fcren zu verbessern.","_et_gb_content_width":""},"product_brand":[],"product_cat":[3823],"product_tag":[],"class_list":{"0":"post-12020","1":"product","2":"type-product","3":"status-publish","4":"has-post-thumbnail","6":"product_cat-produktprasentationen","8":"first","9":"instock","10":"shipping-taxable","11":"product-type-simple"},"acf":{"pdf1":false},"yoast_head":"<!-- This site is optimized with the Yoast SEO plugin v27.2 - https:\/\/yoast.com\/product\/yoast-seo-wordpress\/ -->\n<title>Ausstellungsst\u00e4nder f\u00fcr Schl\u00f6sser Serie OTTO - OMR Serrature<\/title>\n<meta name=\"robots\" content=\"index, follow, max-snippet:-1, max-image-preview:large, max-video-preview:-1\" \/>\n<link rel=\"canonical\" href=\"https:\/\/www.omrserrature.it\/de\/produkt\/ausstellungsstander-fur-schlosser-serie-otto\/\" \/>\n<meta property=\"og:locale\" content=\"de_DE\" \/>\n<meta property=\"og:type\" content=\"article\" \/>\n<meta property=\"og:title\" content=\"Ausstellungsst\u00e4nder f\u00fcr Schl\u00f6sser Serie OTTO - OMR Serrature\" \/>\n<meta property=\"og:description\" content=\"Wir freuen uns, Ihnen unsere Ausstellung der OMR Otto Serie pr\u00e4sentieren zu k\u00f6nnen, eine wertvolle Gelegenheit f\u00fcr Kunden, die Qualit\u00e4t unserer Schl\u00f6sser aus der N\u00e4he zu betrachten. Die Otto-Serie bietet eine effiziente L\u00f6sung, um alte Schl\u00f6sser mit Knopf f\u00fcr Innen- und Au\u00dfent\u00fcren oder traditionelle B\u00fcrot\u00fcren mit Drehknopf zu ersetzen.\" \/>\n<meta property=\"og:url\" content=\"https:\/\/www.omrserrature.it\/de\/produkt\/ausstellungsstander-fur-schlosser-serie-otto\/\" \/>\n<meta property=\"og:site_name\" content=\"OMR Serrature | Produzione sistemi di chiusura\" \/>\n<meta property=\"article:publisher\" content=\"https:\/\/www.facebook.com\/OMRserrature\" \/>\n<meta property=\"article:modified_time\" content=\"2026-04-08T10:00:36+00:00\" \/>\n<meta property=\"og:image\" content=\"https:\/\/www.omrserrature.it\/wp-content\/uploads\/2018\/03\/espositore-serie-otto.jpg\" \/>\n\t<meta property=\"og:image:width\" content=\"1200\" \/>\n\t<meta property=\"og:image:height\" content=\"795\" \/>\n\t<meta property=\"og:image:type\" content=\"image\/jpeg\" \/>\n<meta name=\"twitter:card\" content=\"summary_large_image\" \/>\n<meta name=\"twitter:label1\" content=\"Gesch\u00e4tzte Lesezeit\" \/>\n\t<meta name=\"twitter:data1\" content=\"2\u00a0Minuten\" \/>\n<script type=\"application\/ld+json\" class=\"yoast-schema-graph\">{\"@context\":\"https:\/\/schema.org\",\"@graph\":[{\"@type\":\"WebPage\",\"@id\":\"https:\/\/www.omrserrature.it\/de\/produkt\/ausstellungsstander-fur-schlosser-serie-otto\/\",\"url\":\"https:\/\/www.omrserrature.it\/de\/produkt\/ausstellungsstander-fur-schlosser-serie-otto\/\",\"name\":\"Ausstellungsst\u00e4nder f\u00fcr Schl\u00f6sser Serie OTTO - OMR Serrature\",\"isPartOf\":{\"@id\":\"https:\/\/www.omrserrature.it\/de\/#website\"},\"primaryImageOfPage\":{\"@id\":\"https:\/\/www.omrserrature.it\/de\/produkt\/ausstellungsstander-fur-schlosser-serie-otto\/#primaryimage\"},\"image\":{\"@id\":\"https:\/\/www.omrserrature.it\/de\/produkt\/ausstellungsstander-fur-schlosser-serie-otto\/#primaryimage\"},\"thumbnailUrl\":\"https:\/\/www.omrserrature.it\/wp-content\/uploads\/2018\/03\/espositore-serie-otto.jpg\",\"datePublished\":\"2013-03-18T10:51:00+00:00\",\"dateModified\":\"2026-04-08T10:00:36+00:00\",\"breadcrumb\":{\"@id\":\"https:\/\/www.omrserrature.it\/de\/produkt\/ausstellungsstander-fur-schlosser-serie-otto\/#breadcrumb\"},\"inLanguage\":\"de\",\"potentialAction\":[{\"@type\":\"ReadAction\",\"target\":[\"https:\/\/www.omrserrature.it\/de\/produkt\/ausstellungsstander-fur-schlosser-serie-otto\/\"]}]},{\"@type\":\"ImageObject\",\"inLanguage\":\"de\",\"@id\":\"https:\/\/www.omrserrature.it\/de\/produkt\/ausstellungsstander-fur-schlosser-serie-otto\/#primaryimage\",\"url\":\"https:\/\/www.omrserrature.it\/wp-content\/uploads\/2018\/03\/espositore-serie-otto.jpg\",\"contentUrl\":\"https:\/\/www.omrserrature.it\/wp-content\/uploads\/2018\/03\/espositore-serie-otto.jpg\",\"width\":1200,\"height\":795,\"caption\":\"Thekendisplay - Verwandeln Sie einen alten Knopf in ein neues Hochsicherheitsschloss mit europ\u00e4ischem Zylinder. OTTO-Serie von OMR.\"},{\"@type\":\"BreadcrumbList\",\"@id\":\"https:\/\/www.omrserrature.it\/de\/produkt\/ausstellungsstander-fur-schlosser-serie-otto\/#breadcrumb\",\"itemListElement\":[{\"@type\":\"ListItem\",\"position\":1,\"name\":\"Home\",\"item\":\"https:\/\/www.omrserrature.it\/de\/omr-serrature-sistemi-chiusura\/\"},{\"@type\":\"ListItem\",\"position\":2,\"name\":\"Katalog\",\"item\":\"https:\/\/www.omrserrature.it\/katalog\/?lang=de\"},{\"@type\":\"ListItem\",\"position\":3,\"name\":\"Produkte\",\"item\":\"https:\/\/www.omrserrature.it\/de\/katalog\/produkte\/\"},{\"@type\":\"ListItem\",\"position\":4,\"name\":\"Produktpr\u00e4sentationen\",\"item\":\"https:\/\/www.omrserrature.it\/de\/katalog\/produkte\/produktprasentationen\/\"},{\"@type\":\"ListItem\",\"position\":5,\"name\":\"Ausstellungsst\u00e4nder f\u00fcr Schl\u00f6sser Serie OTTO\"}]},{\"@type\":\"WebSite\",\"@id\":\"https:\/\/www.omrserrature.it\/de\/#website\",\"url\":\"https:\/\/www.omrserrature.it\/de\/\",\"name\":\"OMR Serrature | Produzione sistemi di chiusura\",\"description\":\"Produzione serrature di sicurezza e sistemi di chiusura\",\"publisher\":{\"@id\":\"https:\/\/www.omrserrature.it\/de\/#organization\"},\"potentialAction\":[{\"@type\":\"SearchAction\",\"target\":{\"@type\":\"EntryPoint\",\"urlTemplate\":\"https:\/\/www.omrserrature.it\/de\/?s={search_term_string}\"},\"query-input\":{\"@type\":\"PropertyValueSpecification\",\"valueRequired\":true,\"valueName\":\"search_term_string\"}}],\"inLanguage\":\"de\"},{\"@type\":\"Organization\",\"@id\":\"https:\/\/www.omrserrature.it\/de\/#organization\",\"name\":\"OMR Serrature | Produzione sistemi di chiusura\",\"url\":\"https:\/\/www.omrserrature.it\/de\/\",\"logo\":{\"@type\":\"ImageObject\",\"inLanguage\":\"de\",\"@id\":\"https:\/\/www.omrserrature.it\/de\/#\/schema\/logo\/image\/\",\"url\":\"https:\/\/www.omrserrature.it\/wp-content\/uploads\/2017\/09\/favicon-omr-114.png\",\"contentUrl\":\"https:\/\/www.omrserrature.it\/wp-content\/uploads\/2017\/09\/favicon-omr-114.png\",\"width\":114,\"height\":114,\"caption\":\"OMR Serrature | Produzione sistemi di chiusura\"},\"image\":{\"@id\":\"https:\/\/www.omrserrature.it\/de\/#\/schema\/logo\/image\/\"},\"sameAs\":[\"https:\/\/www.facebook.com\/OMRserrature\",\"https:\/\/www.linkedin.com\/company\/omrserrature\/\",\"https:\/\/www.youtube.com\/channel\/UCxmA85z2R0EpG_6IRokiAkg\"]}]}<\/script>\n<!-- \/ Yoast SEO plugin. -->","yoast_head_json":{"title":"Ausstellungsst\u00e4nder f\u00fcr Schl\u00f6sser Serie OTTO - OMR Serrature","robots":{"index":"index","follow":"follow","max-snippet":"max-snippet:-1","max-image-preview":"max-image-preview:large","max-video-preview":"max-video-preview:-1"},"canonical":"https:\/\/www.omrserrature.it\/de\/produkt\/ausstellungsstander-fur-schlosser-serie-otto\/","og_locale":"de_DE","og_type":"article","og_title":"Ausstellungsst\u00e4nder f\u00fcr Schl\u00f6sser Serie OTTO - OMR Serrature","og_description":"Wir freuen uns, Ihnen unsere Ausstellung der OMR Otto Serie pr\u00e4sentieren zu k\u00f6nnen, eine wertvolle Gelegenheit f\u00fcr Kunden, die Qualit\u00e4t unserer Schl\u00f6sser aus der N\u00e4he zu betrachten. Die Otto-Serie bietet eine effiziente L\u00f6sung, um alte Schl\u00f6sser mit Knopf f\u00fcr Innen- und Au\u00dfent\u00fcren oder traditionelle B\u00fcrot\u00fcren mit Drehknopf zu ersetzen.","og_url":"https:\/\/www.omrserrature.it\/de\/produkt\/ausstellungsstander-fur-schlosser-serie-otto\/","og_site_name":"OMR Serrature | Produzione sistemi di chiusura","article_publisher":"https:\/\/www.facebook.com\/OMRserrature","article_modified_time":"2026-04-08T10:00:36+00:00","og_image":[{"width":1200,"height":795,"url":"https:\/\/www.omrserrature.it\/wp-content\/uploads\/2018\/03\/espositore-serie-otto.jpg","type":"image\/jpeg"}],"twitter_card":"summary_large_image","twitter_misc":{"Gesch\u00e4tzte Lesezeit":"2\u00a0Minuten"},"schema":{"@context":"https:\/\/schema.org","@graph":[{"@type":"WebPage","@id":"https:\/\/www.omrserrature.it\/de\/produkt\/ausstellungsstander-fur-schlosser-serie-otto\/","url":"https:\/\/www.omrserrature.it\/de\/produkt\/ausstellungsstander-fur-schlosser-serie-otto\/","name":"Ausstellungsst\u00e4nder f\u00fcr Schl\u00f6sser Serie OTTO - OMR Serrature","isPartOf":{"@id":"https:\/\/www.omrserrature.it\/de\/#website"},"primaryImageOfPage":{"@id":"https:\/\/www.omrserrature.it\/de\/produkt\/ausstellungsstander-fur-schlosser-serie-otto\/#primaryimage"},"image":{"@id":"https:\/\/www.omrserrature.it\/de\/produkt\/ausstellungsstander-fur-schlosser-serie-otto\/#primaryimage"},"thumbnailUrl":"https:\/\/www.omrserrature.it\/wp-content\/uploads\/2018\/03\/espositore-serie-otto.jpg","datePublished":"2013-03-18T10:51:00+00:00","dateModified":"2026-04-08T10:00:36+00:00","breadcrumb":{"@id":"https:\/\/www.omrserrature.it\/de\/produkt\/ausstellungsstander-fur-schlosser-serie-otto\/#breadcrumb"},"inLanguage":"de","potentialAction":[{"@type":"ReadAction","target":["https:\/\/www.omrserrature.it\/de\/produkt\/ausstellungsstander-fur-schlosser-serie-otto\/"]}]},{"@type":"ImageObject","inLanguage":"de","@id":"https:\/\/www.omrserrature.it\/de\/produkt\/ausstellungsstander-fur-schlosser-serie-otto\/#primaryimage","url":"https:\/\/www.omrserrature.it\/wp-content\/uploads\/2018\/03\/espositore-serie-otto.jpg","contentUrl":"https:\/\/www.omrserrature.it\/wp-content\/uploads\/2018\/03\/espositore-serie-otto.jpg","width":1200,"height":795,"caption":"Thekendisplay - Verwandeln Sie einen alten Knopf in ein neues Hochsicherheitsschloss mit europ\u00e4ischem Zylinder. OTTO-Serie von OMR."},{"@type":"BreadcrumbList","@id":"https:\/\/www.omrserrature.it\/de\/produkt\/ausstellungsstander-fur-schlosser-serie-otto\/#breadcrumb","itemListElement":[{"@type":"ListItem","position":1,"name":"Home","item":"https:\/\/www.omrserrature.it\/de\/omr-serrature-sistemi-chiusura\/"},{"@type":"ListItem","position":2,"name":"Katalog","item":"https:\/\/www.omrserrature.it\/katalog\/?lang=de"},{"@type":"ListItem","position":3,"name":"Produkte","item":"https:\/\/www.omrserrature.it\/de\/katalog\/produkte\/"},{"@type":"ListItem","position":4,"name":"Produktpr\u00e4sentationen","item":"https:\/\/www.omrserrature.it\/de\/katalog\/produkte\/produktprasentationen\/"},{"@type":"ListItem","position":5,"name":"Ausstellungsst\u00e4nder f\u00fcr Schl\u00f6sser Serie OTTO"}]},{"@type":"WebSite","@id":"https:\/\/www.omrserrature.it\/de\/#website","url":"https:\/\/www.omrserrature.it\/de\/","name":"OMR Serrature | Produzione sistemi di chiusura","description":"Produzione serrature di sicurezza e sistemi di chiusura","publisher":{"@id":"https:\/\/www.omrserrature.it\/de\/#organization"},"potentialAction":[{"@type":"SearchAction","target":{"@type":"EntryPoint","urlTemplate":"https:\/\/www.omrserrature.it\/de\/?s={search_term_string}"},"query-input":{"@type":"PropertyValueSpecification","valueRequired":true,"valueName":"search_term_string"}}],"inLanguage":"de"},{"@type":"Organization","@id":"https:\/\/www.omrserrature.it\/de\/#organization","name":"OMR Serrature | Produzione sistemi di chiusura","url":"https:\/\/www.omrserrature.it\/de\/","logo":{"@type":"ImageObject","inLanguage":"de","@id":"https:\/\/www.omrserrature.it\/de\/#\/schema\/logo\/image\/","url":"https:\/\/www.omrserrature.it\/wp-content\/uploads\/2017\/09\/favicon-omr-114.png","contentUrl":"https:\/\/www.omrserrature.it\/wp-content\/uploads\/2017\/09\/favicon-omr-114.png","width":114,"height":114,"caption":"OMR Serrature | Produzione sistemi di chiusura"},"image":{"@id":"https:\/\/www.omrserrature.it\/de\/#\/schema\/logo\/image\/"},"sameAs":["https:\/\/www.facebook.com\/OMRserrature","https:\/\/www.linkedin.com\/company\/omrserrature\/","https:\/\/www.youtube.com\/channel\/UCxmA85z2R0EpG_6IRokiAkg"]}]}},"_links":{"self":[{"href":"https:\/\/www.omrserrature.it\/de\/wp-json\/wp\/v2\/product\/12020","targetHints":{"allow":["GET"]}}],"collection":[{"href":"https:\/\/www.omrserrature.it\/de\/wp-json\/wp\/v2\/product"}],"about":[{"href":"https:\/\/www.omrserrature.it\/de\/wp-json\/wp\/v2\/types\/product"}],"replies":[{"embeddable":true,"href":"https:\/\/www.omrserrature.it\/de\/wp-json\/wp\/v2\/comments?post=12020"}],"wp:featuredmedia":[{"embeddable":true,"href":"https:\/\/www.omrserrature.it\/de\/wp-json\/wp\/v2\/media\/255092"}],"wp:attachment":[{"href":"https:\/\/www.omrserrature.it\/de\/wp-json\/wp\/v2\/media?parent=12020"}],"wp:term":[{"taxonomy":"product_brand","embeddable":true,"href":"https:\/\/www.omrserrature.it\/de\/wp-json\/wp\/v2\/product_brand?post=12020"},{"taxonomy":"product_cat","embeddable":true,"href":"https:\/\/www.omrserrature.it\/de\/wp-json\/wp\/v2\/product_cat?post=12020"},{"taxonomy":"product_tag","embeddable":true,"href":"https:\/\/www.omrserrature.it\/de\/wp-json\/wp\/v2\/product_tag?post=12020"}],"curies":[{"name":"wp","href":"https:\/\/api.w.org\/{rel}","templated":true}]}}