{"id":12013,"date":"2018-01-05T11:52:53","date_gmt":"2005-01-18T10:52:00","guid":{"rendered":"http:\/\/staging6.omrserrature.it\/prodotto\/schloss-mit-horizontalem-turschnapper\/"},"modified":"2026-04-08T12:00:35","modified_gmt":"2026-04-08T10:00:35","slug":"schloss-mit-horizontalem-turschnapper","status":"publish","type":"product","link":"https:\/\/www.omrserrature.it\/de\/produkt\/schloss-mit-horizontalem-turschnapper\/","title":{"rendered":"Schloss mit horizontalem T\u00fcrschnapper"},"content":{"rendered":"<p>Die Schl\u00f6sser der OTTO-Serie entsprechen einem spezifischen und recht h\u00e4ufigen Bed\u00fcrfnis, n\u00e4mlich <strong>alte Verriegelungen mit rotierenden Stangen oder Druckkn\u00f6pfen zu ersetzen und sie sicher und leistungsstark zu machen<\/strong>. Dank dieser OMR Schlossserie ist es m\u00f6glich, Knaufschl\u00f6sser in hochmoderne Modelle umzuwandeln, ohne dass ein kompletter T\u00fcraustausch erforderlich ist, was sowohl in wirtschaftlicher als auch in praktischer Hinsicht einen gro\u00dfen Vorteil darstellt. Die Schl\u00f6sser der OTTO-Serie bestehen aus einer Standard-Rohrfalle oder einer Rollfalle und einem Geh\u00e4use, das einen <strong>europ\u00e4ischen Profilzylinder<\/strong> aufnimmt, ein modernes technisches Element mit hohen Sicherheitsstandards. Knauf- oder Druckknopfschl\u00f6sser, die heute veraltet sind, wurden in der Vergangenheit h\u00e4ufig verwendet. Es gibt also nicht wenige Kontexte, in denen diese technischen Elemente einer <strong>gezielten Erneuerung<\/strong> bed\u00fcrfen. OMR-Kunden ben\u00f6tigen diese Lieferungen f\u00fcr die unterschiedlichsten \u00f6ffentlichen und privaten Bereiche wie Hotels, B\u00fcros und Unternehmen aller Art, Flugh\u00e4fen, Bahnh\u00f6fe und mehr.   <\/p>\n<p><strong>Die Schl\u00f6sser der OTTO-Serie von OMR Serrature sind mit den meisten \u00e4lteren Modellen mit Drehknopf oder Druckknopf kompatibel<\/strong> und k\u00f6nnen sowohl mit mechanischen als auch mit elektronischen Zylindern verwendet werden. Die Erneuerung Ihrer Schl\u00f6sser auf diese Weise ist eine Gelegenheit, die nicht nur die Sicherheit erh\u00f6ht, sondern auch die Benutzerfreundlichkeit und Praktikabilit\u00e4t verbessert und Ihnen die M\u00f6glichkeit gibt, moderne und effiziente Zugangskontrollsysteme zu entwickeln. <\/p>\n<p>Die neuen Schl\u00f6sser der OTTO-Serie stellen einen bedeutenden Fortschritt bei der Sicherung von T\u00fcren mit Druckknopf oder Drehknopf dar. Das Ersetzen alter Schl\u00f6sser durch Produkte der OTTO-Serie ist einfach und unkompliziert und erm\u00f6glicht es Ihnen, die Sicherheit europ\u00e4ischer Profilzylinder zu genie\u00dfen, ohne Kompromisse bei der Kompatibilit\u00e4t und Integrit\u00e4t Ihrer T\u00fcr einzugehen. <\/p>\n","protected":false},"excerpt":{"rendered":"<p>Die neuen Schl\u00f6sser der OTTO-Serie stellen einen bedeutenden Fortschritt bei der Sicherung von T\u00fcren mit Druckknopf oder Drehknopf dar. Das Ersetzen alter Schl\u00f6sser durch Produkte der OTTO-Serie ist einfach und unkompliziert und erm\u00f6glicht es Ihnen, die Sicherheit europ\u00e4ischer Profilzylinder zu genie\u00dfen, ohne die hohe Kompatibilit\u00e4t und Integrit\u00e4t Ihrer T\u00fcr zu beeintr\u00e4chtigen. <\/p>\n","protected":false},"featured_media":7958,"comment_status":"open","ping_status":"closed","template":"","meta":{"_acf_changed":false,"_et_pb_use_builder":"","_et_pb_old_content":"","_et_gb_content_width":""},"product_brand":[],"product_cat":[3774,3766,3772,3771,3801,3831,3760],"product_tag":[],"class_list":{"0":"post-12013","1":"product","2":"type-product","3":"status-publish","4":"has-post-thumbnail","6":"product_cat-burogebaude","7":"product_cat-gros-und-einzelhandel","8":"product_cat-krankenhauser-und-gesundheitsbereich","9":"product_cat-messen-und-ausstellungen","10":"product_cat-otto-serie","11":"product_cat-sicherheitsschlosser","12":"product_cat-wohnungen","14":"first","15":"instock","16":"shipping-taxable","17":"purchasable","18":"product-type-variable"},"acf":{"pdf1":"https:\/\/www.omrserrature.it\/wp-content\/uploads\/2018\/01\/Kit-montaggio-serrature-OMR-Serie-Otto.pdf"},"yoast_head":"<!-- This site is optimized with the Yoast SEO plugin v27.2 - https:\/\/yoast.com\/product\/yoast-seo-wordpress\/ -->\n<title>Schloss mit horizontalem T\u00fcrschnapper - OMR Serrature<\/title>\n<meta name=\"robots\" content=\"index, follow, max-snippet:-1, max-image-preview:large, max-video-preview:-1\" \/>\n<link rel=\"canonical\" href=\"https:\/\/www.omrserrature.it\/de\/produkt\/schloss-mit-horizontalem-turschnapper\/\" \/>\n<meta property=\"og:locale\" content=\"de_DE\" \/>\n<meta property=\"og:type\" content=\"article\" \/>\n<meta property=\"og:title\" content=\"Schloss mit horizontalem T\u00fcrschnapper - OMR Serrature\" \/>\n<meta property=\"og:description\" content=\"Die neuen Schl\u00f6sser der OTTO-Serie stellen einen bedeutenden Fortschritt bei der Sicherung von T\u00fcren mit Druckknopf oder Drehknopf dar. Das Ersetzen alter Schl\u00f6sser durch Produkte der OTTO-Serie ist einfach und unkompliziert und erm\u00f6glicht es Ihnen, die Sicherheit europ\u00e4ischer Profilzylinder zu genie\u00dfen, ohne die hohe Kompatibilit\u00e4t und Integrit\u00e4t Ihrer T\u00fcr zu beeintr\u00e4chtigen.\" \/>\n<meta property=\"og:url\" content=\"https:\/\/www.omrserrature.it\/de\/produkt\/schloss-mit-horizontalem-turschnapper\/\" \/>\n<meta property=\"og:site_name\" content=\"OMR Serrature | Produzione sistemi di chiusura\" \/>\n<meta property=\"article:publisher\" content=\"https:\/\/www.facebook.com\/OMRserrature\" \/>\n<meta property=\"article:modified_time\" content=\"2026-04-08T10:00:35+00:00\" \/>\n<meta property=\"og:image\" content=\"https:\/\/www.omrserrature.it\/wp-content\/uploads\/2018\/01\/OTTO-sicurezza-pulsante-pomolo-orizzontale.jpg\" \/>\n\t<meta property=\"og:image:width\" content=\"738\" \/>\n\t<meta property=\"og:image:height\" content=\"650\" \/>\n\t<meta property=\"og:image:type\" content=\"image\/jpeg\" \/>\n<meta name=\"twitter:card\" content=\"summary_large_image\" \/>\n<meta name=\"twitter:label1\" content=\"Gesch\u00e4tzte Lesezeit\" \/>\n\t<meta name=\"twitter:data1\" content=\"1\u00a0Minute\" \/>\n<script type=\"application\/ld+json\" class=\"yoast-schema-graph\">{\"@context\":\"https:\/\/schema.org\",\"@graph\":[{\"@type\":\"WebPage\",\"@id\":\"https:\/\/www.omrserrature.it\/de\/produkt\/schloss-mit-horizontalem-turschnapper\/\",\"url\":\"https:\/\/www.omrserrature.it\/de\/produkt\/schloss-mit-horizontalem-turschnapper\/\",\"name\":\"Schloss mit horizontalem T\u00fcrschnapper - OMR Serrature\",\"isPartOf\":{\"@id\":\"https:\/\/www.omrserrature.it\/de\/#website\"},\"primaryImageOfPage\":{\"@id\":\"https:\/\/www.omrserrature.it\/de\/produkt\/schloss-mit-horizontalem-turschnapper\/#primaryimage\"},\"image\":{\"@id\":\"https:\/\/www.omrserrature.it\/de\/produkt\/schloss-mit-horizontalem-turschnapper\/#primaryimage\"},\"thumbnailUrl\":\"https:\/\/www.omrserrature.it\/wp-content\/uploads\/2018\/01\/OTTO-sicurezza-pulsante-pomolo-orizzontale.jpg\",\"datePublished\":\"2005-01-18T10:52:00+00:00\",\"dateModified\":\"2026-04-08T10:00:35+00:00\",\"breadcrumb\":{\"@id\":\"https:\/\/www.omrserrature.it\/de\/produkt\/schloss-mit-horizontalem-turschnapper\/#breadcrumb\"},\"inLanguage\":\"de\",\"potentialAction\":[{\"@type\":\"ReadAction\",\"target\":[\"https:\/\/www.omrserrature.it\/de\/produkt\/schloss-mit-horizontalem-turschnapper\/\"]}]},{\"@type\":\"ImageObject\",\"inLanguage\":\"de\",\"@id\":\"https:\/\/www.omrserrature.it\/de\/produkt\/schloss-mit-horizontalem-turschnapper\/#primaryimage\",\"url\":\"https:\/\/www.omrserrature.it\/wp-content\/uploads\/2018\/01\/OTTO-sicurezza-pulsante-pomolo-orizzontale.jpg\",\"contentUrl\":\"https:\/\/www.omrserrature.it\/wp-content\/uploads\/2018\/01\/OTTO-sicurezza-pulsante-pomolo-orizzontale.jpg\",\"width\":738,\"height\":650,\"caption\":\"OTTO SERIES Druckknopf- oder Knaufschloss - Europ\u00e4isches Profilschloss\"},{\"@type\":\"BreadcrumbList\",\"@id\":\"https:\/\/www.omrserrature.it\/de\/produkt\/schloss-mit-horizontalem-turschnapper\/#breadcrumb\",\"itemListElement\":[{\"@type\":\"ListItem\",\"position\":1,\"name\":\"Home\",\"item\":\"https:\/\/www.omrserrature.it\/de\/omr-serrature-sistemi-chiusura\/\"},{\"@type\":\"ListItem\",\"position\":2,\"name\":\"Katalog\",\"item\":\"https:\/\/www.omrserrature.it\/katalog\/?lang=de\"},{\"@type\":\"ListItem\",\"position\":3,\"name\":\"Produkte\",\"item\":\"https:\/\/www.omrserrature.it\/de\/katalog\/produkte\/\"},{\"@type\":\"ListItem\",\"position\":4,\"name\":\"Schloesser\",\"item\":\"https:\/\/www.omrserrature.it\/de\/katalog\/produkte\/schloesser\/\"},{\"@type\":\"ListItem\",\"position\":5,\"name\":\"OTTO-Serie\",\"item\":\"https:\/\/www.omrserrature.it\/de\/katalog\/produkte\/schloesser\/otto-serie\/\"},{\"@type\":\"ListItem\",\"position\":6,\"name\":\"Schloss mit horizontalem T\u00fcrschnapper\"}]},{\"@type\":\"WebSite\",\"@id\":\"https:\/\/www.omrserrature.it\/de\/#website\",\"url\":\"https:\/\/www.omrserrature.it\/de\/\",\"name\":\"OMR Serrature | Produzione sistemi di chiusura\",\"description\":\"Produzione serrature di sicurezza e sistemi di chiusura\",\"publisher\":{\"@id\":\"https:\/\/www.omrserrature.it\/de\/#organization\"},\"potentialAction\":[{\"@type\":\"SearchAction\",\"target\":{\"@type\":\"EntryPoint\",\"urlTemplate\":\"https:\/\/www.omrserrature.it\/de\/?s={search_term_string}\"},\"query-input\":{\"@type\":\"PropertyValueSpecification\",\"valueRequired\":true,\"valueName\":\"search_term_string\"}}],\"inLanguage\":\"de\"},{\"@type\":\"Organization\",\"@id\":\"https:\/\/www.omrserrature.it\/de\/#organization\",\"name\":\"OMR Serrature | Produzione sistemi di chiusura\",\"url\":\"https:\/\/www.omrserrature.it\/de\/\",\"logo\":{\"@type\":\"ImageObject\",\"inLanguage\":\"de\",\"@id\":\"https:\/\/www.omrserrature.it\/de\/#\/schema\/logo\/image\/\",\"url\":\"https:\/\/www.omrserrature.it\/wp-content\/uploads\/2017\/09\/favicon-omr-114.png\",\"contentUrl\":\"https:\/\/www.omrserrature.it\/wp-content\/uploads\/2017\/09\/favicon-omr-114.png\",\"width\":114,\"height\":114,\"caption\":\"OMR Serrature | Produzione sistemi di chiusura\"},\"image\":{\"@id\":\"https:\/\/www.omrserrature.it\/de\/#\/schema\/logo\/image\/\"},\"sameAs\":[\"https:\/\/www.facebook.com\/OMRserrature\",\"https:\/\/www.linkedin.com\/company\/omrserrature\/\",\"https:\/\/www.youtube.com\/channel\/UCxmA85z2R0EpG_6IRokiAkg\"]}]}<\/script>\n<!-- \/ Yoast SEO plugin. -->","yoast_head_json":{"title":"Schloss mit horizontalem T\u00fcrschnapper - OMR Serrature","robots":{"index":"index","follow":"follow","max-snippet":"max-snippet:-1","max-image-preview":"max-image-preview:large","max-video-preview":"max-video-preview:-1"},"canonical":"https:\/\/www.omrserrature.it\/de\/produkt\/schloss-mit-horizontalem-turschnapper\/","og_locale":"de_DE","og_type":"article","og_title":"Schloss mit horizontalem T\u00fcrschnapper - OMR Serrature","og_description":"Die neuen Schl\u00f6sser der OTTO-Serie stellen einen bedeutenden Fortschritt bei der Sicherung von T\u00fcren mit Druckknopf oder Drehknopf dar. Das Ersetzen alter Schl\u00f6sser durch Produkte der OTTO-Serie ist einfach und unkompliziert und erm\u00f6glicht es Ihnen, die Sicherheit europ\u00e4ischer Profilzylinder zu genie\u00dfen, ohne die hohe Kompatibilit\u00e4t und Integrit\u00e4t Ihrer T\u00fcr zu beeintr\u00e4chtigen.","og_url":"https:\/\/www.omrserrature.it\/de\/produkt\/schloss-mit-horizontalem-turschnapper\/","og_site_name":"OMR Serrature | Produzione sistemi di chiusura","article_publisher":"https:\/\/www.facebook.com\/OMRserrature","article_modified_time":"2026-04-08T10:00:35+00:00","og_image":[{"width":738,"height":650,"url":"https:\/\/www.omrserrature.it\/wp-content\/uploads\/2018\/01\/OTTO-sicurezza-pulsante-pomolo-orizzontale.jpg","type":"image\/jpeg"}],"twitter_card":"summary_large_image","twitter_misc":{"Gesch\u00e4tzte Lesezeit":"1\u00a0Minute"},"schema":{"@context":"https:\/\/schema.org","@graph":[{"@type":"WebPage","@id":"https:\/\/www.omrserrature.it\/de\/produkt\/schloss-mit-horizontalem-turschnapper\/","url":"https:\/\/www.omrserrature.it\/de\/produkt\/schloss-mit-horizontalem-turschnapper\/","name":"Schloss mit horizontalem T\u00fcrschnapper - OMR Serrature","isPartOf":{"@id":"https:\/\/www.omrserrature.it\/de\/#website"},"primaryImageOfPage":{"@id":"https:\/\/www.omrserrature.it\/de\/produkt\/schloss-mit-horizontalem-turschnapper\/#primaryimage"},"image":{"@id":"https:\/\/www.omrserrature.it\/de\/produkt\/schloss-mit-horizontalem-turschnapper\/#primaryimage"},"thumbnailUrl":"https:\/\/www.omrserrature.it\/wp-content\/uploads\/2018\/01\/OTTO-sicurezza-pulsante-pomolo-orizzontale.jpg","datePublished":"2005-01-18T10:52:00+00:00","dateModified":"2026-04-08T10:00:35+00:00","breadcrumb":{"@id":"https:\/\/www.omrserrature.it\/de\/produkt\/schloss-mit-horizontalem-turschnapper\/#breadcrumb"},"inLanguage":"de","potentialAction":[{"@type":"ReadAction","target":["https:\/\/www.omrserrature.it\/de\/produkt\/schloss-mit-horizontalem-turschnapper\/"]}]},{"@type":"ImageObject","inLanguage":"de","@id":"https:\/\/www.omrserrature.it\/de\/produkt\/schloss-mit-horizontalem-turschnapper\/#primaryimage","url":"https:\/\/www.omrserrature.it\/wp-content\/uploads\/2018\/01\/OTTO-sicurezza-pulsante-pomolo-orizzontale.jpg","contentUrl":"https:\/\/www.omrserrature.it\/wp-content\/uploads\/2018\/01\/OTTO-sicurezza-pulsante-pomolo-orizzontale.jpg","width":738,"height":650,"caption":"OTTO SERIES Druckknopf- oder Knaufschloss - Europ\u00e4isches Profilschloss"},{"@type":"BreadcrumbList","@id":"https:\/\/www.omrserrature.it\/de\/produkt\/schloss-mit-horizontalem-turschnapper\/#breadcrumb","itemListElement":[{"@type":"ListItem","position":1,"name":"Home","item":"https:\/\/www.omrserrature.it\/de\/omr-serrature-sistemi-chiusura\/"},{"@type":"ListItem","position":2,"name":"Katalog","item":"https:\/\/www.omrserrature.it\/katalog\/?lang=de"},{"@type":"ListItem","position":3,"name":"Produkte","item":"https:\/\/www.omrserrature.it\/de\/katalog\/produkte\/"},{"@type":"ListItem","position":4,"name":"Schloesser","item":"https:\/\/www.omrserrature.it\/de\/katalog\/produkte\/schloesser\/"},{"@type":"ListItem","position":5,"name":"OTTO-Serie","item":"https:\/\/www.omrserrature.it\/de\/katalog\/produkte\/schloesser\/otto-serie\/"},{"@type":"ListItem","position":6,"name":"Schloss mit horizontalem T\u00fcrschnapper"}]},{"@type":"WebSite","@id":"https:\/\/www.omrserrature.it\/de\/#website","url":"https:\/\/www.omrserrature.it\/de\/","name":"OMR Serrature | Produzione sistemi di chiusura","description":"Produzione serrature di sicurezza e sistemi di chiusura","publisher":{"@id":"https:\/\/www.omrserrature.it\/de\/#organization"},"potentialAction":[{"@type":"SearchAction","target":{"@type":"EntryPoint","urlTemplate":"https:\/\/www.omrserrature.it\/de\/?s={search_term_string}"},"query-input":{"@type":"PropertyValueSpecification","valueRequired":true,"valueName":"search_term_string"}}],"inLanguage":"de"},{"@type":"Organization","@id":"https:\/\/www.omrserrature.it\/de\/#organization","name":"OMR Serrature | Produzione sistemi di chiusura","url":"https:\/\/www.omrserrature.it\/de\/","logo":{"@type":"ImageObject","inLanguage":"de","@id":"https:\/\/www.omrserrature.it\/de\/#\/schema\/logo\/image\/","url":"https:\/\/www.omrserrature.it\/wp-content\/uploads\/2017\/09\/favicon-omr-114.png","contentUrl":"https:\/\/www.omrserrature.it\/wp-content\/uploads\/2017\/09\/favicon-omr-114.png","width":114,"height":114,"caption":"OMR Serrature | Produzione sistemi di chiusura"},"image":{"@id":"https:\/\/www.omrserrature.it\/de\/#\/schema\/logo\/image\/"},"sameAs":["https:\/\/www.facebook.com\/OMRserrature","https:\/\/www.linkedin.com\/company\/omrserrature\/","https:\/\/www.youtube.com\/channel\/UCxmA85z2R0EpG_6IRokiAkg"]}]}},"_links":{"self":[{"href":"https:\/\/www.omrserrature.it\/de\/wp-json\/wp\/v2\/product\/12013","targetHints":{"allow":["GET"]}}],"collection":[{"href":"https:\/\/www.omrserrature.it\/de\/wp-json\/wp\/v2\/product"}],"about":[{"href":"https:\/\/www.omrserrature.it\/de\/wp-json\/wp\/v2\/types\/product"}],"replies":[{"embeddable":true,"href":"https:\/\/www.omrserrature.it\/de\/wp-json\/wp\/v2\/comments?post=12013"}],"wp:featuredmedia":[{"embeddable":true,"href":"https:\/\/www.omrserrature.it\/de\/wp-json\/wp\/v2\/media\/7958"}],"wp:attachment":[{"href":"https:\/\/www.omrserrature.it\/de\/wp-json\/wp\/v2\/media?parent=12013"}],"wp:term":[{"taxonomy":"product_brand","embeddable":true,"href":"https:\/\/www.omrserrature.it\/de\/wp-json\/wp\/v2\/product_brand?post=12013"},{"taxonomy":"product_cat","embeddable":true,"href":"https:\/\/www.omrserrature.it\/de\/wp-json\/wp\/v2\/product_cat?post=12013"},{"taxonomy":"product_tag","embeddable":true,"href":"https:\/\/www.omrserrature.it\/de\/wp-json\/wp\/v2\/product_tag?post=12013"}],"curies":[{"name":"wp","href":"https:\/\/api.w.org\/{rel}","templated":true}]}}