{"id":12008,"date":"2017-12-04T11:45:28","date_gmt":"2017-12-04T10:45:28","guid":{"rendered":"http:\/\/staging6.omrserrature.it\/prodotto\/schliesshebel-vkt-9\/"},"modified":"2025-01-10T10:01:25","modified_gmt":"2025-01-10T09:01:25","slug":"riegel-vierkant-9","status":"publish","type":"product","link":"https:\/\/www.omrserrature.it\/de\/produkt\/riegel-vierkant-9\/","title":{"rendered":"Quadratische Zungen 9 &#8211; Gerade und gekr\u00f6pft"},"content":{"rendered":"<p>Die <strong>geraden und gekr\u00f6pften M\u00f6belt\u00fcren <\/strong>mit einem <strong>9-mm-Vierkantloch<\/strong> zur Verankerung am Schlossterminal sind aus hochwertigem verzinktem Stahl gefertigt und bieten ein H\u00f6chstma\u00df an Haltbarkeit und Festigkeit. Wie bei jedem OMR-Produkt unterliegt auch die Produktion des Zubeh\u00f6rs strengen Kontrollen, die hohe Qualit\u00e4tsstandards garantieren. Der verzinkte Stahl, aus dem es hergestellt ist<strong>, bietet zus\u00e4tzlichen Schutz vor Korrosion und Verschlei\u00df und gew\u00e4hrleistet eine lange Lebensdauer.<\/strong>  <\/p>\n<p><strong>Variationen in Achsabstand, Breite und Dicke bieten Flexibilit\u00e4t bei der Auswahl<\/strong> und werden den Anforderungen der meisten Projekte gerecht. OMR bietet <strong>eine gro\u00dfe Auswahl an geraden und quadratisch gekr\u00f6pften 9 Zungen im Katalog<\/strong>, aber auch die M\u00f6glichkeit, <strong>ma\u00dfgeschneiderte Schl\u00f6sser und Zubeh\u00f6rteile<\/strong> zu fertigen, die perfekt zu Ihrem Projekt passen. Im <strong>Abschnitt Produktcodes<\/strong> auf dieser Seite finden Sie eine vollst\u00e4ndige \u00dcbersicht der M\u00f6belt\u00fcren mit quadratischen 9 Zungen im Katalog. W\u00e4hlen Sie gerade oder gekr\u00f6pfte M\u00f6belt\u00fcren mit einer quadratischen 9er Endkappe von OMR, um eine zuverl\u00e4ssige, langlebige Leistung zu gew\u00e4hrleisten. Hochwertige Materialien und eine detailgenaue Qualit\u00e4tskontrolle stehen im Dienste Ihrer Sicherheit und Zufriedenheit. Kontaktieren Sie unser Team, um herauszufinden, wie wir zum Erfolg Ihres Projekts beitragen k\u00f6nnen.<\/p>\n<p><strong>Entdecken Sie alle Q9 Zungen im Katalog unter der Rubrik &#8218;Produktcodes&#8216;.<\/strong><\/p>\n","protected":false},"excerpt":{"rendered":"<p>Die <strong>geraden und gekr\u00f6pften M\u00f6belt\u00fcren <\/strong>mit einem <strong>9-mm-Vierkantloch<\/strong> zur Verankerung am Schlossterminal sind aus hochwertigem verzinktem Stahl gefertigt und bieten ein H\u00f6chstma\u00df an Haltbarkeit und St\u00e4rke. Wie bei jedem OMR-Produkt unterliegt auch die Produktion des Zubeh\u00f6rs strengen Kontrollen, die hohe Qualit\u00e4tsstandards garantieren. Der verzinkte Stahl, aus dem es hergestellt ist<strong>, bietet zus\u00e4tzlichen Schutz vor Korrosion und Verschlei\u00df und gew\u00e4hrleistet eine lange Lebensdauer.<\/strong>  <\/p>\n","protected":false},"featured_media":7825,"comment_status":"open","ping_status":"closed","template":"","meta":{"_acf_changed":false,"_et_pb_use_builder":"","_et_pb_old_content":"","_et_gb_content_width":""},"product_brand":[],"product_cat":[3775,3813],"product_tag":[],"class_list":{"0":"post-12008","1":"product","2":"type-product","3":"status-publish","4":"has-post-thumbnail","6":"product_cat-produkte","7":"product_cat-schliesshebel","9":"first","10":"instock","11":"shipping-taxable","12":"product-type-simple"},"acf":{"pdf1":false},"yoast_head":"<!-- This site is optimized with the Yoast SEO plugin v27.2 - https:\/\/yoast.com\/product\/yoast-seo-wordpress\/ -->\n<title>Quadratische Zungen 9 - Gerade und gekr\u00f6pft - OMR Serrature<\/title>\n<meta name=\"robots\" content=\"index, follow, max-snippet:-1, max-image-preview:large, max-video-preview:-1\" \/>\n<link rel=\"canonical\" href=\"https:\/\/www.omrserrature.it\/de\/produkt\/riegel-vierkant-9\/\" \/>\n<meta property=\"og:locale\" content=\"de_DE\" \/>\n<meta property=\"og:type\" content=\"article\" \/>\n<meta property=\"og:title\" content=\"Quadratische Zungen 9 - Gerade und gekr\u00f6pft - OMR Serrature\" \/>\n<meta property=\"og:description\" content=\"Die geraden und gekr\u00f6pften M\u00f6belt\u00fcren mit einem 9-mm-Vierkantloch zur Verankerung am Schlossterminal sind aus hochwertigem verzinktem Stahl gefertigt und bieten ein H\u00f6chstma\u00df an Haltbarkeit und St\u00e4rke. Wie bei jedem OMR-Produkt unterliegt auch die Produktion des Zubeh\u00f6rs strengen Kontrollen, die hohe Qualit\u00e4tsstandards garantieren. Der verzinkte Stahl, aus dem es hergestellt ist, bietet zus\u00e4tzlichen Schutz vor Korrosion und Verschlei\u00df und gew\u00e4hrleistet eine lange Lebensdauer.\" \/>\n<meta property=\"og:url\" content=\"https:\/\/www.omrserrature.it\/de\/produkt\/riegel-vierkant-9\/\" \/>\n<meta property=\"og:site_name\" content=\"OMR Serrature | Produzione sistemi di chiusura\" \/>\n<meta property=\"article:publisher\" content=\"https:\/\/www.facebook.com\/OMRserrature\" \/>\n<meta property=\"article:modified_time\" content=\"2025-01-10T09:01:25+00:00\" \/>\n<meta property=\"og:image\" content=\"https:\/\/www.omrserrature.it\/wp-content\/uploads\/2017\/12\/leve-piegate-quadro-9.jpg\" \/>\n\t<meta property=\"og:image:width\" content=\"1698\" \/>\n\t<meta property=\"og:image:height\" content=\"772\" \/>\n\t<meta property=\"og:image:type\" content=\"image\/jpeg\" \/>\n<meta name=\"twitter:card\" content=\"summary_large_image\" \/>\n<meta name=\"twitter:label1\" content=\"Gesch\u00e4tzte Lesezeit\" \/>\n\t<meta name=\"twitter:data1\" content=\"1\u00a0Minute\" \/>\n<script type=\"application\/ld+json\" class=\"yoast-schema-graph\">{\"@context\":\"https:\/\/schema.org\",\"@graph\":[{\"@type\":\"WebPage\",\"@id\":\"https:\/\/www.omrserrature.it\/de\/produkt\/riegel-vierkant-9\/\",\"url\":\"https:\/\/www.omrserrature.it\/de\/produkt\/riegel-vierkant-9\/\",\"name\":\"Quadratische Zungen 9 - Gerade und gekr\u00f6pft - OMR Serrature\",\"isPartOf\":{\"@id\":\"https:\/\/www.omrserrature.it\/de\/#website\"},\"primaryImageOfPage\":{\"@id\":\"https:\/\/www.omrserrature.it\/de\/produkt\/riegel-vierkant-9\/#primaryimage\"},\"image\":{\"@id\":\"https:\/\/www.omrserrature.it\/de\/produkt\/riegel-vierkant-9\/#primaryimage\"},\"thumbnailUrl\":\"https:\/\/www.omrserrature.it\/wp-content\/uploads\/2017\/12\/leve-piegate-quadro-9.jpg\",\"datePublished\":\"2017-12-04T10:45:28+00:00\",\"dateModified\":\"2025-01-10T09:01:25+00:00\",\"breadcrumb\":{\"@id\":\"https:\/\/www.omrserrature.it\/de\/produkt\/riegel-vierkant-9\/#breadcrumb\"},\"inLanguage\":\"de\",\"potentialAction\":[{\"@type\":\"ReadAction\",\"target\":[\"https:\/\/www.omrserrature.it\/de\/produkt\/riegel-vierkant-9\/\"]}]},{\"@type\":\"ImageObject\",\"inLanguage\":\"de\",\"@id\":\"https:\/\/www.omrserrature.it\/de\/produkt\/riegel-vierkant-9\/#primaryimage\",\"url\":\"https:\/\/www.omrserrature.it\/wp-content\/uploads\/2017\/12\/leve-piegate-quadro-9.jpg\",\"contentUrl\":\"https:\/\/www.omrserrature.it\/wp-content\/uploads\/2017\/12\/leve-piegate-quadro-9.jpg\",\"width\":1698,\"height\":772},{\"@type\":\"BreadcrumbList\",\"@id\":\"https:\/\/www.omrserrature.it\/de\/produkt\/riegel-vierkant-9\/#breadcrumb\",\"itemListElement\":[{\"@type\":\"ListItem\",\"position\":1,\"name\":\"Home\",\"item\":\"https:\/\/www.omrserrature.it\/de\/omr-serrature-sistemi-chiusura\/\"},{\"@type\":\"ListItem\",\"position\":2,\"name\":\"Katalog\",\"item\":\"https:\/\/www.omrserrature.it\/katalog\/?lang=de\"},{\"@type\":\"ListItem\",\"position\":3,\"name\":\"Produkte\",\"item\":\"https:\/\/www.omrserrature.it\/de\/katalog\/produkte\/\"},{\"@type\":\"ListItem\",\"position\":4,\"name\":\"Schliesshebel vkt. 9\"}]},{\"@type\":\"WebSite\",\"@id\":\"https:\/\/www.omrserrature.it\/de\/#website\",\"url\":\"https:\/\/www.omrserrature.it\/de\/\",\"name\":\"OMR Serrature | Produzione sistemi di chiusura\",\"description\":\"Produzione serrature di sicurezza e sistemi di chiusura\",\"publisher\":{\"@id\":\"https:\/\/www.omrserrature.it\/de\/#organization\"},\"potentialAction\":[{\"@type\":\"SearchAction\",\"target\":{\"@type\":\"EntryPoint\",\"urlTemplate\":\"https:\/\/www.omrserrature.it\/de\/?s={search_term_string}\"},\"query-input\":{\"@type\":\"PropertyValueSpecification\",\"valueRequired\":true,\"valueName\":\"search_term_string\"}}],\"inLanguage\":\"de\"},{\"@type\":\"Organization\",\"@id\":\"https:\/\/www.omrserrature.it\/de\/#organization\",\"name\":\"OMR Serrature | Produzione sistemi di chiusura\",\"url\":\"https:\/\/www.omrserrature.it\/de\/\",\"logo\":{\"@type\":\"ImageObject\",\"inLanguage\":\"de\",\"@id\":\"https:\/\/www.omrserrature.it\/de\/#\/schema\/logo\/image\/\",\"url\":\"https:\/\/www.omrserrature.it\/wp-content\/uploads\/2017\/09\/favicon-omr-114.png\",\"contentUrl\":\"https:\/\/www.omrserrature.it\/wp-content\/uploads\/2017\/09\/favicon-omr-114.png\",\"width\":114,\"height\":114,\"caption\":\"OMR Serrature | Produzione sistemi di chiusura\"},\"image\":{\"@id\":\"https:\/\/www.omrserrature.it\/de\/#\/schema\/logo\/image\/\"},\"sameAs\":[\"https:\/\/www.facebook.com\/OMRserrature\",\"https:\/\/www.linkedin.com\/company\/omrserrature\/\",\"https:\/\/www.youtube.com\/channel\/UCxmA85z2R0EpG_6IRokiAkg\"]}]}<\/script>\n<!-- \/ Yoast SEO plugin. -->","yoast_head_json":{"title":"Quadratische Zungen 9 - Gerade und gekr\u00f6pft - OMR Serrature","robots":{"index":"index","follow":"follow","max-snippet":"max-snippet:-1","max-image-preview":"max-image-preview:large","max-video-preview":"max-video-preview:-1"},"canonical":"https:\/\/www.omrserrature.it\/de\/produkt\/riegel-vierkant-9\/","og_locale":"de_DE","og_type":"article","og_title":"Quadratische Zungen 9 - Gerade und gekr\u00f6pft - OMR Serrature","og_description":"Die geraden und gekr\u00f6pften M\u00f6belt\u00fcren mit einem 9-mm-Vierkantloch zur Verankerung am Schlossterminal sind aus hochwertigem verzinktem Stahl gefertigt und bieten ein H\u00f6chstma\u00df an Haltbarkeit und St\u00e4rke. Wie bei jedem OMR-Produkt unterliegt auch die Produktion des Zubeh\u00f6rs strengen Kontrollen, die hohe Qualit\u00e4tsstandards garantieren. Der verzinkte Stahl, aus dem es hergestellt ist, bietet zus\u00e4tzlichen Schutz vor Korrosion und Verschlei\u00df und gew\u00e4hrleistet eine lange Lebensdauer.","og_url":"https:\/\/www.omrserrature.it\/de\/produkt\/riegel-vierkant-9\/","og_site_name":"OMR Serrature | Produzione sistemi di chiusura","article_publisher":"https:\/\/www.facebook.com\/OMRserrature","article_modified_time":"2025-01-10T09:01:25+00:00","og_image":[{"width":1698,"height":772,"url":"https:\/\/www.omrserrature.it\/wp-content\/uploads\/2017\/12\/leve-piegate-quadro-9.jpg","type":"image\/jpeg"}],"twitter_card":"summary_large_image","twitter_misc":{"Gesch\u00e4tzte Lesezeit":"1\u00a0Minute"},"schema":{"@context":"https:\/\/schema.org","@graph":[{"@type":"WebPage","@id":"https:\/\/www.omrserrature.it\/de\/produkt\/riegel-vierkant-9\/","url":"https:\/\/www.omrserrature.it\/de\/produkt\/riegel-vierkant-9\/","name":"Quadratische Zungen 9 - Gerade und gekr\u00f6pft - OMR Serrature","isPartOf":{"@id":"https:\/\/www.omrserrature.it\/de\/#website"},"primaryImageOfPage":{"@id":"https:\/\/www.omrserrature.it\/de\/produkt\/riegel-vierkant-9\/#primaryimage"},"image":{"@id":"https:\/\/www.omrserrature.it\/de\/produkt\/riegel-vierkant-9\/#primaryimage"},"thumbnailUrl":"https:\/\/www.omrserrature.it\/wp-content\/uploads\/2017\/12\/leve-piegate-quadro-9.jpg","datePublished":"2017-12-04T10:45:28+00:00","dateModified":"2025-01-10T09:01:25+00:00","breadcrumb":{"@id":"https:\/\/www.omrserrature.it\/de\/produkt\/riegel-vierkant-9\/#breadcrumb"},"inLanguage":"de","potentialAction":[{"@type":"ReadAction","target":["https:\/\/www.omrserrature.it\/de\/produkt\/riegel-vierkant-9\/"]}]},{"@type":"ImageObject","inLanguage":"de","@id":"https:\/\/www.omrserrature.it\/de\/produkt\/riegel-vierkant-9\/#primaryimage","url":"https:\/\/www.omrserrature.it\/wp-content\/uploads\/2017\/12\/leve-piegate-quadro-9.jpg","contentUrl":"https:\/\/www.omrserrature.it\/wp-content\/uploads\/2017\/12\/leve-piegate-quadro-9.jpg","width":1698,"height":772},{"@type":"BreadcrumbList","@id":"https:\/\/www.omrserrature.it\/de\/produkt\/riegel-vierkant-9\/#breadcrumb","itemListElement":[{"@type":"ListItem","position":1,"name":"Home","item":"https:\/\/www.omrserrature.it\/de\/omr-serrature-sistemi-chiusura\/"},{"@type":"ListItem","position":2,"name":"Katalog","item":"https:\/\/www.omrserrature.it\/katalog\/?lang=de"},{"@type":"ListItem","position":3,"name":"Produkte","item":"https:\/\/www.omrserrature.it\/de\/katalog\/produkte\/"},{"@type":"ListItem","position":4,"name":"Schliesshebel vkt. 9"}]},{"@type":"WebSite","@id":"https:\/\/www.omrserrature.it\/de\/#website","url":"https:\/\/www.omrserrature.it\/de\/","name":"OMR Serrature | Produzione sistemi di chiusura","description":"Produzione serrature di sicurezza e sistemi di chiusura","publisher":{"@id":"https:\/\/www.omrserrature.it\/de\/#organization"},"potentialAction":[{"@type":"SearchAction","target":{"@type":"EntryPoint","urlTemplate":"https:\/\/www.omrserrature.it\/de\/?s={search_term_string}"},"query-input":{"@type":"PropertyValueSpecification","valueRequired":true,"valueName":"search_term_string"}}],"inLanguage":"de"},{"@type":"Organization","@id":"https:\/\/www.omrserrature.it\/de\/#organization","name":"OMR Serrature | Produzione sistemi di chiusura","url":"https:\/\/www.omrserrature.it\/de\/","logo":{"@type":"ImageObject","inLanguage":"de","@id":"https:\/\/www.omrserrature.it\/de\/#\/schema\/logo\/image\/","url":"https:\/\/www.omrserrature.it\/wp-content\/uploads\/2017\/09\/favicon-omr-114.png","contentUrl":"https:\/\/www.omrserrature.it\/wp-content\/uploads\/2017\/09\/favicon-omr-114.png","width":114,"height":114,"caption":"OMR Serrature | Produzione sistemi di chiusura"},"image":{"@id":"https:\/\/www.omrserrature.it\/de\/#\/schema\/logo\/image\/"},"sameAs":["https:\/\/www.facebook.com\/OMRserrature","https:\/\/www.linkedin.com\/company\/omrserrature\/","https:\/\/www.youtube.com\/channel\/UCxmA85z2R0EpG_6IRokiAkg"]}]}},"_links":{"self":[{"href":"https:\/\/www.omrserrature.it\/de\/wp-json\/wp\/v2\/product\/12008","targetHints":{"allow":["GET"]}}],"collection":[{"href":"https:\/\/www.omrserrature.it\/de\/wp-json\/wp\/v2\/product"}],"about":[{"href":"https:\/\/www.omrserrature.it\/de\/wp-json\/wp\/v2\/types\/product"}],"replies":[{"embeddable":true,"href":"https:\/\/www.omrserrature.it\/de\/wp-json\/wp\/v2\/comments?post=12008"}],"wp:featuredmedia":[{"embeddable":true,"href":"https:\/\/www.omrserrature.it\/de\/wp-json\/wp\/v2\/media\/7825"}],"wp:attachment":[{"href":"https:\/\/www.omrserrature.it\/de\/wp-json\/wp\/v2\/media?parent=12008"}],"wp:term":[{"taxonomy":"product_brand","embeddable":true,"href":"https:\/\/www.omrserrature.it\/de\/wp-json\/wp\/v2\/product_brand?post=12008"},{"taxonomy":"product_cat","embeddable":true,"href":"https:\/\/www.omrserrature.it\/de\/wp-json\/wp\/v2\/product_cat?post=12008"},{"taxonomy":"product_tag","embeddable":true,"href":"https:\/\/www.omrserrature.it\/de\/wp-json\/wp\/v2\/product_tag?post=12008"}],"curies":[{"name":"wp","href":"https:\/\/api.w.org\/{rel}","templated":true}]}}