{"id":12007,"date":"2018-07-12T17:39:08","date_gmt":"2012-07-18T15:39:00","guid":{"rendered":"http:\/\/staging6.omrserrature.it\/prodotto\/handgriff\/"},"modified":"2026-04-08T12:05:46","modified_gmt":"2026-04-08T10:05:46","slug":"handgriff","status":"publish","type":"product","link":"https:\/\/www.omrserrature.it\/de\/produkt\/handgriff\/","title":{"rendered":"Handgriff"},"content":{"rendered":"<p>Dieser schwarze Kunststoffgriff wurde speziell f\u00fcr <strong>Schiebet\u00fcrschr\u00e4nke aus Metall<\/strong> entwickelt und ist normalerweise in B\u00fcros und Werkst\u00e4tten zu finden. Der Schiebet\u00fcrgriff l\u00e4sst sich ideal mit dem <a href=\"https:\/\/www.omrserrature.it\/de\/produkt\/schloss-fuer-schiebetueren\/\" target=\"_new\" rel=\"noopener\">Schloss f\u00fcr Schiebet\u00fcren &#8211; Modell 160551<\/a>&#8211; kombinieren. Er zeichnet sich durch seine praktische Handhabung und sein elegantes Design aus. <\/p>\n<ul>\n<li><strong>Ergonomischer<\/strong> Griff<strong>:<\/strong> Die Form des Griffs ist so gestaltet, dass er bequem und sicher in der Hand liegt und somit ideal f\u00fcr den h\u00e4ufigen Gebrauch ist.<\/li>\n<li><strong>Bearbeitete<\/strong> Unterseite f\u00fcr bessere Griffigkeit<strong>:<\/strong> Die Unterseite des Griffs ist bearbeitet, um eine bessere Griffigkeit bei der Benutzung zu gew\u00e4hrleisten.<\/li>\n<li>Abgeschr\u00e4gte Kante und <strong>Zungenverlegung:<\/strong> Die abgeschr\u00e4gte Kante sorgt f\u00fcr ein fertiges, professionelles Aussehen und die Standardma\u00dfe erm\u00f6glichen eine einfache und saubere Zungenverlegung.<\/li>\n<li><strong>Hochwertige Materialien:<\/strong> Dieser Griff aus strapazierf\u00e4higem schwarzem Kunststoff ist langlebig und beh\u00e4lt seine \u00c4sthetik und Funktionalit\u00e4t auch bei intensivem Gebrauch.<\/li>\n<\/ul>\n<p>Der Griff ist ideal f\u00fcr B\u00fcro- und Werkstatteinrichtungen und passt zu jeder Art von M\u00f6belt\u00fcr und verleiht ihr einen Hauch von Eleganz und Zweckm\u00e4\u00dfigkeit. Seine Kompatibilit\u00e4t mit dem Schloss Modell 160551 macht das Duo zu einer ausgezeichneten Wahl f\u00fcr alle, die eine komplette, hochwertige L\u00f6sung suchen. Mit seiner einfachen Montage und garantierten Haltbarkeit ist dieser Griff eine wertvolle L\u00f6sung f\u00fcr Metallschr\u00e4nke mit Schiebet\u00fcren.<\/p>\n","protected":false},"excerpt":{"rendered":"<p>Dieser schwarze Kunststoffgriff wurde speziell f\u00fcr <strong>Schiebet\u00fcrschr\u00e4nke aus Metall<\/strong> entwickelt und ist normalerweise in B\u00fcros und Werkst\u00e4tten zu finden. Der Schiebet\u00fcrgriff l\u00e4sst sich ideal mit dem <a href=\"https:\/\/www.omrserrature.it\/de\/produkt\/schloss-fuer-schiebetueren\/\" target=\"_new\" rel=\"noopener\">Schloss f\u00fcr Schiebet\u00fcren &#8211; Modell 160551<\/a>&#8211; kombinieren. Er zeichnet sich durch seine praktische Handhabung und sein elegantes Design aus. <\/p>\n","protected":false},"featured_media":21580,"comment_status":"open","ping_status":"closed","template":"","meta":{"_acf_changed":false,"_et_pb_use_builder":"","_et_pb_old_content":"","_et_gb_content_width":""},"product_brand":[],"product_cat":[3814,3775],"product_tag":[],"class_list":{"0":"post-12007","1":"product","2":"type-product","3":"status-publish","4":"has-post-thumbnail","6":"product_cat-handgriffe","7":"product_cat-produkte","9":"first","10":"instock","11":"shipping-taxable","12":"product-type-simple"},"acf":{"pdf1":false},"yoast_head":"<!-- This site is optimized with the Yoast SEO plugin v27.5 - https:\/\/yoast.com\/product\/yoast-seo-wordpress\/ -->\n<title>Handgriff - OMR Serrature<\/title>\n<meta name=\"robots\" content=\"index, follow, max-snippet:-1, max-image-preview:large, max-video-preview:-1\" \/>\n<link rel=\"canonical\" href=\"https:\/\/www.omrserrature.it\/de\/produkt\/handgriff\/\" \/>\n<meta property=\"og:locale\" content=\"de_DE\" \/>\n<meta property=\"og:type\" content=\"article\" \/>\n<meta property=\"og:title\" content=\"Handgriff - OMR Serrature\" \/>\n<meta property=\"og:description\" content=\"Dieser schwarze Kunststoffgriff wurde speziell f\u00fcr Schiebet\u00fcrschr\u00e4nke aus Metall entwickelt und ist normalerweise in B\u00fcros und Werkst\u00e4tten zu finden. Der Schiebet\u00fcrgriff l\u00e4sst sich ideal mit dem Schloss f\u00fcr Schiebet\u00fcren - Modell 160551- kombinieren. Er zeichnet sich durch seine praktische Handhabung und sein elegantes Design aus.\" \/>\n<meta property=\"og:url\" content=\"https:\/\/www.omrserrature.it\/de\/produkt\/handgriff\/\" \/>\n<meta property=\"og:site_name\" content=\"OMR Serrature | Produzione sistemi di chiusura\" \/>\n<meta property=\"article:publisher\" content=\"https:\/\/www.facebook.com\/OMRserrature\" \/>\n<meta property=\"article:modified_time\" content=\"2026-04-08T10:05:46+00:00\" \/>\n<meta property=\"og:image\" content=\"https:\/\/www.omrserrature.it\/wp-content\/uploads\/2018\/07\/Maniglietta-in-plastica-nera-MMAN04362.jpeg\" \/>\n\t<meta property=\"og:image:width\" content=\"1000\" \/>\n\t<meta property=\"og:image:height\" content=\"1000\" \/>\n\t<meta property=\"og:image:type\" content=\"image\/jpeg\" \/>\n<meta name=\"twitter:card\" content=\"summary_large_image\" \/>\n<meta name=\"twitter:label1\" content=\"Gesch\u00e4tzte Lesezeit\" \/>\n\t<meta name=\"twitter:data1\" content=\"1\u00a0Minute\" \/>\n<script type=\"application\/ld+json\" class=\"yoast-schema-graph\">{\"@context\":\"https:\\\/\\\/schema.org\",\"@graph\":[{\"@type\":\"WebPage\",\"@id\":\"https:\\\/\\\/www.omrserrature.it\\\/de\\\/produkt\\\/handgriff\\\/\",\"url\":\"https:\\\/\\\/www.omrserrature.it\\\/de\\\/produkt\\\/handgriff\\\/\",\"name\":\"Handgriff - OMR Serrature\",\"isPartOf\":{\"@id\":\"https:\\\/\\\/www.omrserrature.it\\\/de\\\/#website\"},\"primaryImageOfPage\":{\"@id\":\"https:\\\/\\\/www.omrserrature.it\\\/de\\\/produkt\\\/handgriff\\\/#primaryimage\"},\"image\":{\"@id\":\"https:\\\/\\\/www.omrserrature.it\\\/de\\\/produkt\\\/handgriff\\\/#primaryimage\"},\"thumbnailUrl\":\"https:\\\/\\\/www.omrserrature.it\\\/wp-content\\\/uploads\\\/2018\\\/07\\\/Maniglietta-in-plastica-nera-MMAN04362.jpeg\",\"datePublished\":\"2012-07-18T15:39:00+00:00\",\"dateModified\":\"2026-04-08T10:05:46+00:00\",\"breadcrumb\":{\"@id\":\"https:\\\/\\\/www.omrserrature.it\\\/de\\\/produkt\\\/handgriff\\\/#breadcrumb\"},\"inLanguage\":\"de\",\"potentialAction\":[{\"@type\":\"ReadAction\",\"target\":[\"https:\\\/\\\/www.omrserrature.it\\\/de\\\/produkt\\\/handgriff\\\/\"]}]},{\"@type\":\"ImageObject\",\"inLanguage\":\"de\",\"@id\":\"https:\\\/\\\/www.omrserrature.it\\\/de\\\/produkt\\\/handgriff\\\/#primaryimage\",\"url\":\"https:\\\/\\\/www.omrserrature.it\\\/wp-content\\\/uploads\\\/2018\\\/07\\\/Maniglietta-in-plastica-nera-MMAN04362.jpeg\",\"contentUrl\":\"https:\\\/\\\/www.omrserrature.it\\\/wp-content\\\/uploads\\\/2018\\\/07\\\/Maniglietta-in-plastica-nera-MMAN04362.jpeg\",\"width\":1000,\"height\":1000,\"caption\":\"MMAN04362 - Handgriff aus schwarzem Kunststoff\"},{\"@type\":\"BreadcrumbList\",\"@id\":\"https:\\\/\\\/www.omrserrature.it\\\/de\\\/produkt\\\/handgriff\\\/#breadcrumb\",\"itemListElement\":[{\"@type\":\"ListItem\",\"position\":1,\"name\":\"Home\",\"item\":\"https:\\\/\\\/www.omrserrature.it\\\/de\\\/omr-serrature-sistemi-chiusura\\\/\"},{\"@type\":\"ListItem\",\"position\":2,\"name\":\"Katalog\",\"item\":\"https:\\\/\\\/www.omrserrature.it\\\/katalog\\\/?lang=de\"},{\"@type\":\"ListItem\",\"position\":3,\"name\":\"Produkte\",\"item\":\"https:\\\/\\\/www.omrserrature.it\\\/de\\\/katalog\\\/produkte\\\/\"},{\"@type\":\"ListItem\",\"position\":4,\"name\":\"Handgriff\"}]},{\"@type\":\"WebSite\",\"@id\":\"https:\\\/\\\/www.omrserrature.it\\\/de\\\/#website\",\"url\":\"https:\\\/\\\/www.omrserrature.it\\\/de\\\/\",\"name\":\"OMR Serrature | Produzione sistemi di chiusura\",\"description\":\"Produzione serrature di sicurezza e sistemi di chiusura\",\"publisher\":{\"@id\":\"https:\\\/\\\/www.omrserrature.it\\\/de\\\/#organization\"},\"potentialAction\":[{\"@type\":\"SearchAction\",\"target\":{\"@type\":\"EntryPoint\",\"urlTemplate\":\"https:\\\/\\\/www.omrserrature.it\\\/de\\\/?s={search_term_string}\"},\"query-input\":{\"@type\":\"PropertyValueSpecification\",\"valueRequired\":true,\"valueName\":\"search_term_string\"}}],\"inLanguage\":\"de\"},{\"@type\":\"Organization\",\"@id\":\"https:\\\/\\\/www.omrserrature.it\\\/de\\\/#organization\",\"name\":\"OMR Serrature | Produzione sistemi di chiusura\",\"url\":\"https:\\\/\\\/www.omrserrature.it\\\/de\\\/\",\"logo\":{\"@type\":\"ImageObject\",\"inLanguage\":\"de\",\"@id\":\"https:\\\/\\\/www.omrserrature.it\\\/de\\\/#\\\/schema\\\/logo\\\/image\\\/\",\"url\":\"https:\\\/\\\/www.omrserrature.it\\\/wp-content\\\/uploads\\\/2017\\\/09\\\/favicon-omr-114.png\",\"contentUrl\":\"https:\\\/\\\/www.omrserrature.it\\\/wp-content\\\/uploads\\\/2017\\\/09\\\/favicon-omr-114.png\",\"width\":114,\"height\":114,\"caption\":\"OMR Serrature | Produzione sistemi di chiusura\"},\"image\":{\"@id\":\"https:\\\/\\\/www.omrserrature.it\\\/de\\\/#\\\/schema\\\/logo\\\/image\\\/\"},\"sameAs\":[\"https:\\\/\\\/www.facebook.com\\\/OMRserrature\",\"https:\\\/\\\/www.linkedin.com\\\/company\\\/omrserrature\\\/\",\"https:\\\/\\\/www.youtube.com\\\/channel\\\/UCxmA85z2R0EpG_6IRokiAkg\"]}]}<\/script>\n<!-- \/ Yoast SEO plugin. -->","yoast_head_json":{"title":"Handgriff - OMR Serrature","robots":{"index":"index","follow":"follow","max-snippet":"max-snippet:-1","max-image-preview":"max-image-preview:large","max-video-preview":"max-video-preview:-1"},"canonical":"https:\/\/www.omrserrature.it\/de\/produkt\/handgriff\/","og_locale":"de_DE","og_type":"article","og_title":"Handgriff - OMR Serrature","og_description":"Dieser schwarze Kunststoffgriff wurde speziell f\u00fcr Schiebet\u00fcrschr\u00e4nke aus Metall entwickelt und ist normalerweise in B\u00fcros und Werkst\u00e4tten zu finden. Der Schiebet\u00fcrgriff l\u00e4sst sich ideal mit dem Schloss f\u00fcr Schiebet\u00fcren - Modell 160551- kombinieren. Er zeichnet sich durch seine praktische Handhabung und sein elegantes Design aus.","og_url":"https:\/\/www.omrserrature.it\/de\/produkt\/handgriff\/","og_site_name":"OMR Serrature | Produzione sistemi di chiusura","article_publisher":"https:\/\/www.facebook.com\/OMRserrature","article_modified_time":"2026-04-08T10:05:46+00:00","og_image":[{"width":1000,"height":1000,"url":"https:\/\/www.omrserrature.it\/wp-content\/uploads\/2018\/07\/Maniglietta-in-plastica-nera-MMAN04362.jpeg","type":"image\/jpeg"}],"twitter_card":"summary_large_image","twitter_misc":{"Gesch\u00e4tzte Lesezeit":"1\u00a0Minute"},"schema":{"@context":"https:\/\/schema.org","@graph":[{"@type":"WebPage","@id":"https:\/\/www.omrserrature.it\/de\/produkt\/handgriff\/","url":"https:\/\/www.omrserrature.it\/de\/produkt\/handgriff\/","name":"Handgriff - OMR Serrature","isPartOf":{"@id":"https:\/\/www.omrserrature.it\/de\/#website"},"primaryImageOfPage":{"@id":"https:\/\/www.omrserrature.it\/de\/produkt\/handgriff\/#primaryimage"},"image":{"@id":"https:\/\/www.omrserrature.it\/de\/produkt\/handgriff\/#primaryimage"},"thumbnailUrl":"https:\/\/www.omrserrature.it\/wp-content\/uploads\/2018\/07\/Maniglietta-in-plastica-nera-MMAN04362.jpeg","datePublished":"2012-07-18T15:39:00+00:00","dateModified":"2026-04-08T10:05:46+00:00","breadcrumb":{"@id":"https:\/\/www.omrserrature.it\/de\/produkt\/handgriff\/#breadcrumb"},"inLanguage":"de","potentialAction":[{"@type":"ReadAction","target":["https:\/\/www.omrserrature.it\/de\/produkt\/handgriff\/"]}]},{"@type":"ImageObject","inLanguage":"de","@id":"https:\/\/www.omrserrature.it\/de\/produkt\/handgriff\/#primaryimage","url":"https:\/\/www.omrserrature.it\/wp-content\/uploads\/2018\/07\/Maniglietta-in-plastica-nera-MMAN04362.jpeg","contentUrl":"https:\/\/www.omrserrature.it\/wp-content\/uploads\/2018\/07\/Maniglietta-in-plastica-nera-MMAN04362.jpeg","width":1000,"height":1000,"caption":"MMAN04362 - Handgriff aus schwarzem Kunststoff"},{"@type":"BreadcrumbList","@id":"https:\/\/www.omrserrature.it\/de\/produkt\/handgriff\/#breadcrumb","itemListElement":[{"@type":"ListItem","position":1,"name":"Home","item":"https:\/\/www.omrserrature.it\/de\/omr-serrature-sistemi-chiusura\/"},{"@type":"ListItem","position":2,"name":"Katalog","item":"https:\/\/www.omrserrature.it\/katalog\/?lang=de"},{"@type":"ListItem","position":3,"name":"Produkte","item":"https:\/\/www.omrserrature.it\/de\/katalog\/produkte\/"},{"@type":"ListItem","position":4,"name":"Handgriff"}]},{"@type":"WebSite","@id":"https:\/\/www.omrserrature.it\/de\/#website","url":"https:\/\/www.omrserrature.it\/de\/","name":"OMR Serrature | Produzione sistemi di chiusura","description":"Produzione serrature di sicurezza e sistemi di chiusura","publisher":{"@id":"https:\/\/www.omrserrature.it\/de\/#organization"},"potentialAction":[{"@type":"SearchAction","target":{"@type":"EntryPoint","urlTemplate":"https:\/\/www.omrserrature.it\/de\/?s={search_term_string}"},"query-input":{"@type":"PropertyValueSpecification","valueRequired":true,"valueName":"search_term_string"}}],"inLanguage":"de"},{"@type":"Organization","@id":"https:\/\/www.omrserrature.it\/de\/#organization","name":"OMR Serrature | Produzione sistemi di chiusura","url":"https:\/\/www.omrserrature.it\/de\/","logo":{"@type":"ImageObject","inLanguage":"de","@id":"https:\/\/www.omrserrature.it\/de\/#\/schema\/logo\/image\/","url":"https:\/\/www.omrserrature.it\/wp-content\/uploads\/2017\/09\/favicon-omr-114.png","contentUrl":"https:\/\/www.omrserrature.it\/wp-content\/uploads\/2017\/09\/favicon-omr-114.png","width":114,"height":114,"caption":"OMR Serrature | Produzione sistemi di chiusura"},"image":{"@id":"https:\/\/www.omrserrature.it\/de\/#\/schema\/logo\/image\/"},"sameAs":["https:\/\/www.facebook.com\/OMRserrature","https:\/\/www.linkedin.com\/company\/omrserrature\/","https:\/\/www.youtube.com\/channel\/UCxmA85z2R0EpG_6IRokiAkg"]}]}},"_links":{"self":[{"href":"https:\/\/www.omrserrature.it\/de\/wp-json\/wp\/v2\/product\/12007","targetHints":{"allow":["GET"]}}],"collection":[{"href":"https:\/\/www.omrserrature.it\/de\/wp-json\/wp\/v2\/product"}],"about":[{"href":"https:\/\/www.omrserrature.it\/de\/wp-json\/wp\/v2\/types\/product"}],"replies":[{"embeddable":true,"href":"https:\/\/www.omrserrature.it\/de\/wp-json\/wp\/v2\/comments?post=12007"}],"wp:featuredmedia":[{"embeddable":true,"href":"https:\/\/www.omrserrature.it\/de\/wp-json\/wp\/v2\/media\/21580"}],"wp:attachment":[{"href":"https:\/\/www.omrserrature.it\/de\/wp-json\/wp\/v2\/media?parent=12007"}],"wp:term":[{"taxonomy":"product_brand","embeddable":true,"href":"https:\/\/www.omrserrature.it\/de\/wp-json\/wp\/v2\/product_brand?post=12007"},{"taxonomy":"product_cat","embeddable":true,"href":"https:\/\/www.omrserrature.it\/de\/wp-json\/wp\/v2\/product_cat?post=12007"},{"taxonomy":"product_tag","embeddable":true,"href":"https:\/\/www.omrserrature.it\/de\/wp-json\/wp\/v2\/product_tag?post=12007"}],"curies":[{"name":"wp","href":"https:\/\/api.w.org\/{rel}","templated":true}]}}