{"id":12003,"date":"2018-07-13T11:17:13","date_gmt":"2013-07-18T09:17:00","guid":{"rendered":"http:\/\/staging6.omrserrature.it\/prodotto\/platte-fur-einzeltur\/"},"modified":"2026-04-08T12:02:42","modified_gmt":"2026-04-08T10:02:42","slug":"platte-einzeltur","status":"publish","type":"product","link":"https:\/\/www.omrserrature.it\/de\/produkt\/platte-einzeltur\/","title":{"rendered":"Platte f\u00fcr Einzelt\u00fcr"},"content":{"rendered":"<p>Die verchromte Metallplatte erm\u00f6glicht die Fertigstellung der Schlossinstallation und hilft dabei, das Schloss in das hergestellte Objekt zu integrieren und m\u00f6gliche Unvollkommenheiten in der Installations\u00f6ffnung zu korrigieren. Diese Platte ist f\u00fcr den <strong>Einbau auf Einzelt\u00fcr geeignet<\/strong>. <\/p>\n","protected":false},"excerpt":{"rendered":"<p>Die <strong>verchromte Metallplatte<\/strong> erm\u00f6glicht die Fertigstellung der Installation des Schlosses. Entworfen den <strong>Einbau auf Einzelt\u00fcr.<\/strong> <\/p>\n","protected":false},"featured_media":8734,"comment_status":"open","ping_status":"closed","template":"","meta":{"_acf_changed":false,"_et_pb_use_builder":"","_et_pb_old_content":"","_et_gb_content_width":""},"product_brand":[],"product_cat":[3815,3824],"product_tag":[],"class_list":{"0":"post-12003","1":"product","2":"type-product","3":"status-publish","4":"has-post-thumbnail","6":"product_cat-plaketten-und-rosetten","7":"product_cat-zubehor-und-ersatzteile","9":"first","10":"instock","11":"shipping-taxable","12":"purchasable","13":"product-type-simple"},"acf":{"pdf1":false},"yoast_head":"<!-- This site is optimized with the Yoast SEO plugin v27.5 - https:\/\/yoast.com\/product\/yoast-seo-wordpress\/ -->\n<title>Platte f\u00fcr Einzelt\u00fcr - OMR Serrature<\/title>\n<meta name=\"robots\" content=\"index, follow, max-snippet:-1, max-image-preview:large, max-video-preview:-1\" \/>\n<link rel=\"canonical\" href=\"https:\/\/www.omrserrature.it\/de\/produkt\/platte-einzeltur\/\" \/>\n<meta property=\"og:locale\" content=\"de_DE\" \/>\n<meta property=\"og:type\" content=\"article\" \/>\n<meta property=\"og:title\" content=\"Platte f\u00fcr Einzelt\u00fcr - OMR Serrature\" \/>\n<meta property=\"og:description\" content=\"Die verchromte Metallplatte erm\u00f6glicht die Fertigstellung der Installation des Schlosses. Entworfen den Einbau auf Einzelt\u00fcr.\" \/>\n<meta property=\"og:url\" content=\"https:\/\/www.omrserrature.it\/de\/produkt\/platte-einzeltur\/\" \/>\n<meta property=\"og:site_name\" content=\"OMR Serrature | Produzione sistemi di chiusura\" \/>\n<meta property=\"article:publisher\" content=\"https:\/\/www.facebook.com\/OMRserrature\" \/>\n<meta property=\"article:modified_time\" content=\"2026-04-08T10:02:42+00:00\" \/>\n<meta property=\"og:image\" content=\"https:\/\/www.omrserrature.it\/wp-content\/uploads\/2018\/07\/placca-anta-singola-cromata-MPIA04850.jpg\" \/>\n\t<meta property=\"og:image:width\" content=\"384\" \/>\n\t<meta property=\"og:image:height\" content=\"318\" \/>\n\t<meta property=\"og:image:type\" content=\"image\/jpeg\" \/>\n<meta name=\"twitter:card\" content=\"summary_large_image\" \/>\n<script type=\"application\/ld+json\" class=\"yoast-schema-graph\">{\"@context\":\"https:\\\/\\\/schema.org\",\"@graph\":[{\"@type\":\"WebPage\",\"@id\":\"https:\\\/\\\/www.omrserrature.it\\\/de\\\/produkt\\\/platte-einzeltur\\\/\",\"url\":\"https:\\\/\\\/www.omrserrature.it\\\/de\\\/produkt\\\/platte-einzeltur\\\/\",\"name\":\"Platte f\u00fcr Einzelt\u00fcr - OMR Serrature\",\"isPartOf\":{\"@id\":\"https:\\\/\\\/www.omrserrature.it\\\/de\\\/#website\"},\"primaryImageOfPage\":{\"@id\":\"https:\\\/\\\/www.omrserrature.it\\\/de\\\/produkt\\\/platte-einzeltur\\\/#primaryimage\"},\"image\":{\"@id\":\"https:\\\/\\\/www.omrserrature.it\\\/de\\\/produkt\\\/platte-einzeltur\\\/#primaryimage\"},\"thumbnailUrl\":\"https:\\\/\\\/www.omrserrature.it\\\/wp-content\\\/uploads\\\/2018\\\/07\\\/placca-anta-singola-cromata-MPIA04850.jpg\",\"datePublished\":\"2013-07-18T09:17:00+00:00\",\"dateModified\":\"2026-04-08T10:02:42+00:00\",\"breadcrumb\":{\"@id\":\"https:\\\/\\\/www.omrserrature.it\\\/de\\\/produkt\\\/platte-einzeltur\\\/#breadcrumb\"},\"inLanguage\":\"de\",\"potentialAction\":[{\"@type\":\"ReadAction\",\"target\":[\"https:\\\/\\\/www.omrserrature.it\\\/de\\\/produkt\\\/platte-einzeltur\\\/\"]}]},{\"@type\":\"ImageObject\",\"inLanguage\":\"de\",\"@id\":\"https:\\\/\\\/www.omrserrature.it\\\/de\\\/produkt\\\/platte-einzeltur\\\/#primaryimage\",\"url\":\"https:\\\/\\\/www.omrserrature.it\\\/wp-content\\\/uploads\\\/2018\\\/07\\\/placca-anta-singola-cromata-MPIA04850.jpg\",\"contentUrl\":\"https:\\\/\\\/www.omrserrature.it\\\/wp-content\\\/uploads\\\/2018\\\/07\\\/placca-anta-singola-cromata-MPIA04850.jpg\",\"width\":384,\"height\":318,\"caption\":\"Einzelnes M\u00f6belt\u00fcrschild verchromt - MPIA04850\"},{\"@type\":\"BreadcrumbList\",\"@id\":\"https:\\\/\\\/www.omrserrature.it\\\/de\\\/produkt\\\/platte-einzeltur\\\/#breadcrumb\",\"itemListElement\":[{\"@type\":\"ListItem\",\"position\":1,\"name\":\"Home\",\"item\":\"https:\\\/\\\/www.omrserrature.it\\\/de\\\/omr-serrature-sistemi-chiusura\\\/\"},{\"@type\":\"ListItem\",\"position\":2,\"name\":\"Katalog\",\"item\":\"https:\\\/\\\/www.omrserrature.it\\\/katalog\\\/?lang=de\"},{\"@type\":\"ListItem\",\"position\":3,\"name\":\"Produkte\",\"item\":\"https:\\\/\\\/www.omrserrature.it\\\/de\\\/katalog\\\/produkte\\\/\"},{\"@type\":\"ListItem\",\"position\":4,\"name\":\"Platte f\u00fcr Einzelt\u00fcr\"}]},{\"@type\":\"WebSite\",\"@id\":\"https:\\\/\\\/www.omrserrature.it\\\/de\\\/#website\",\"url\":\"https:\\\/\\\/www.omrserrature.it\\\/de\\\/\",\"name\":\"OMR Serrature | Produzione sistemi di chiusura\",\"description\":\"Produzione serrature di sicurezza e sistemi di chiusura\",\"publisher\":{\"@id\":\"https:\\\/\\\/www.omrserrature.it\\\/de\\\/#organization\"},\"potentialAction\":[{\"@type\":\"SearchAction\",\"target\":{\"@type\":\"EntryPoint\",\"urlTemplate\":\"https:\\\/\\\/www.omrserrature.it\\\/de\\\/?s={search_term_string}\"},\"query-input\":{\"@type\":\"PropertyValueSpecification\",\"valueRequired\":true,\"valueName\":\"search_term_string\"}}],\"inLanguage\":\"de\"},{\"@type\":\"Organization\",\"@id\":\"https:\\\/\\\/www.omrserrature.it\\\/de\\\/#organization\",\"name\":\"OMR Serrature | Produzione sistemi di chiusura\",\"url\":\"https:\\\/\\\/www.omrserrature.it\\\/de\\\/\",\"logo\":{\"@type\":\"ImageObject\",\"inLanguage\":\"de\",\"@id\":\"https:\\\/\\\/www.omrserrature.it\\\/de\\\/#\\\/schema\\\/logo\\\/image\\\/\",\"url\":\"https:\\\/\\\/www.omrserrature.it\\\/wp-content\\\/uploads\\\/2017\\\/09\\\/favicon-omr-114.png\",\"contentUrl\":\"https:\\\/\\\/www.omrserrature.it\\\/wp-content\\\/uploads\\\/2017\\\/09\\\/favicon-omr-114.png\",\"width\":114,\"height\":114,\"caption\":\"OMR Serrature | Produzione sistemi di chiusura\"},\"image\":{\"@id\":\"https:\\\/\\\/www.omrserrature.it\\\/de\\\/#\\\/schema\\\/logo\\\/image\\\/\"},\"sameAs\":[\"https:\\\/\\\/www.facebook.com\\\/OMRserrature\",\"https:\\\/\\\/www.linkedin.com\\\/company\\\/omrserrature\\\/\",\"https:\\\/\\\/www.youtube.com\\\/channel\\\/UCxmA85z2R0EpG_6IRokiAkg\"]}]}<\/script>\n<!-- \/ Yoast SEO plugin. -->","yoast_head_json":{"title":"Platte f\u00fcr Einzelt\u00fcr - OMR Serrature","robots":{"index":"index","follow":"follow","max-snippet":"max-snippet:-1","max-image-preview":"max-image-preview:large","max-video-preview":"max-video-preview:-1"},"canonical":"https:\/\/www.omrserrature.it\/de\/produkt\/platte-einzeltur\/","og_locale":"de_DE","og_type":"article","og_title":"Platte f\u00fcr Einzelt\u00fcr - OMR Serrature","og_description":"Die verchromte Metallplatte erm\u00f6glicht die Fertigstellung der Installation des Schlosses. Entworfen den Einbau auf Einzelt\u00fcr.","og_url":"https:\/\/www.omrserrature.it\/de\/produkt\/platte-einzeltur\/","og_site_name":"OMR Serrature | Produzione sistemi di chiusura","article_publisher":"https:\/\/www.facebook.com\/OMRserrature","article_modified_time":"2026-04-08T10:02:42+00:00","og_image":[{"width":384,"height":318,"url":"https:\/\/www.omrserrature.it\/wp-content\/uploads\/2018\/07\/placca-anta-singola-cromata-MPIA04850.jpg","type":"image\/jpeg"}],"twitter_card":"summary_large_image","schema":{"@context":"https:\/\/schema.org","@graph":[{"@type":"WebPage","@id":"https:\/\/www.omrserrature.it\/de\/produkt\/platte-einzeltur\/","url":"https:\/\/www.omrserrature.it\/de\/produkt\/platte-einzeltur\/","name":"Platte f\u00fcr Einzelt\u00fcr - OMR Serrature","isPartOf":{"@id":"https:\/\/www.omrserrature.it\/de\/#website"},"primaryImageOfPage":{"@id":"https:\/\/www.omrserrature.it\/de\/produkt\/platte-einzeltur\/#primaryimage"},"image":{"@id":"https:\/\/www.omrserrature.it\/de\/produkt\/platte-einzeltur\/#primaryimage"},"thumbnailUrl":"https:\/\/www.omrserrature.it\/wp-content\/uploads\/2018\/07\/placca-anta-singola-cromata-MPIA04850.jpg","datePublished":"2013-07-18T09:17:00+00:00","dateModified":"2026-04-08T10:02:42+00:00","breadcrumb":{"@id":"https:\/\/www.omrserrature.it\/de\/produkt\/platte-einzeltur\/#breadcrumb"},"inLanguage":"de","potentialAction":[{"@type":"ReadAction","target":["https:\/\/www.omrserrature.it\/de\/produkt\/platte-einzeltur\/"]}]},{"@type":"ImageObject","inLanguage":"de","@id":"https:\/\/www.omrserrature.it\/de\/produkt\/platte-einzeltur\/#primaryimage","url":"https:\/\/www.omrserrature.it\/wp-content\/uploads\/2018\/07\/placca-anta-singola-cromata-MPIA04850.jpg","contentUrl":"https:\/\/www.omrserrature.it\/wp-content\/uploads\/2018\/07\/placca-anta-singola-cromata-MPIA04850.jpg","width":384,"height":318,"caption":"Einzelnes M\u00f6belt\u00fcrschild verchromt - MPIA04850"},{"@type":"BreadcrumbList","@id":"https:\/\/www.omrserrature.it\/de\/produkt\/platte-einzeltur\/#breadcrumb","itemListElement":[{"@type":"ListItem","position":1,"name":"Home","item":"https:\/\/www.omrserrature.it\/de\/omr-serrature-sistemi-chiusura\/"},{"@type":"ListItem","position":2,"name":"Katalog","item":"https:\/\/www.omrserrature.it\/katalog\/?lang=de"},{"@type":"ListItem","position":3,"name":"Produkte","item":"https:\/\/www.omrserrature.it\/de\/katalog\/produkte\/"},{"@type":"ListItem","position":4,"name":"Platte f\u00fcr Einzelt\u00fcr"}]},{"@type":"WebSite","@id":"https:\/\/www.omrserrature.it\/de\/#website","url":"https:\/\/www.omrserrature.it\/de\/","name":"OMR Serrature | Produzione sistemi di chiusura","description":"Produzione serrature di sicurezza e sistemi di chiusura","publisher":{"@id":"https:\/\/www.omrserrature.it\/de\/#organization"},"potentialAction":[{"@type":"SearchAction","target":{"@type":"EntryPoint","urlTemplate":"https:\/\/www.omrserrature.it\/de\/?s={search_term_string}"},"query-input":{"@type":"PropertyValueSpecification","valueRequired":true,"valueName":"search_term_string"}}],"inLanguage":"de"},{"@type":"Organization","@id":"https:\/\/www.omrserrature.it\/de\/#organization","name":"OMR Serrature | Produzione sistemi di chiusura","url":"https:\/\/www.omrserrature.it\/de\/","logo":{"@type":"ImageObject","inLanguage":"de","@id":"https:\/\/www.omrserrature.it\/de\/#\/schema\/logo\/image\/","url":"https:\/\/www.omrserrature.it\/wp-content\/uploads\/2017\/09\/favicon-omr-114.png","contentUrl":"https:\/\/www.omrserrature.it\/wp-content\/uploads\/2017\/09\/favicon-omr-114.png","width":114,"height":114,"caption":"OMR Serrature | Produzione sistemi di chiusura"},"image":{"@id":"https:\/\/www.omrserrature.it\/de\/#\/schema\/logo\/image\/"},"sameAs":["https:\/\/www.facebook.com\/OMRserrature","https:\/\/www.linkedin.com\/company\/omrserrature\/","https:\/\/www.youtube.com\/channel\/UCxmA85z2R0EpG_6IRokiAkg"]}]}},"_links":{"self":[{"href":"https:\/\/www.omrserrature.it\/de\/wp-json\/wp\/v2\/product\/12003","targetHints":{"allow":["GET"]}}],"collection":[{"href":"https:\/\/www.omrserrature.it\/de\/wp-json\/wp\/v2\/product"}],"about":[{"href":"https:\/\/www.omrserrature.it\/de\/wp-json\/wp\/v2\/types\/product"}],"replies":[{"embeddable":true,"href":"https:\/\/www.omrserrature.it\/de\/wp-json\/wp\/v2\/comments?post=12003"}],"wp:featuredmedia":[{"embeddable":true,"href":"https:\/\/www.omrserrature.it\/de\/wp-json\/wp\/v2\/media\/8734"}],"wp:attachment":[{"href":"https:\/\/www.omrserrature.it\/de\/wp-json\/wp\/v2\/media?parent=12003"}],"wp:term":[{"taxonomy":"product_brand","embeddable":true,"href":"https:\/\/www.omrserrature.it\/de\/wp-json\/wp\/v2\/product_brand?post=12003"},{"taxonomy":"product_cat","embeddable":true,"href":"https:\/\/www.omrserrature.it\/de\/wp-json\/wp\/v2\/product_cat?post=12003"},{"taxonomy":"product_tag","embeddable":true,"href":"https:\/\/www.omrserrature.it\/de\/wp-json\/wp\/v2\/product_tag?post=12003"}],"curies":[{"name":"wp","href":"https:\/\/api.w.org\/{rel}","templated":true}]}}