{"id":11975,"date":"2017-12-04T11:16:28","date_gmt":"2017-12-04T10:16:28","guid":{"rendered":"http:\/\/staging6.omrserrature.it\/prodotto\/haken-schliesshebel\/"},"modified":"2025-01-09T12:51:33","modified_gmt":"2025-01-09T11:51:33","slug":"hakenriegel","status":"publish","type":"product","link":"https:\/\/www.omrserrature.it\/de\/produkt\/hakenriegel\/","title":{"rendered":"Zungen mit Haken &#8211; gerade"},"content":{"rendered":"<p>Die <strong>geraden <span style=\"text-decoration: underline;\">Zungen<\/span> aus verzinktem Stahl<\/strong> von OMR sind die ideale Wahl, um die Zuverl\u00e4ssigkeit und Sicherheit von M\u00f6belt\u00fcren, Schiebet\u00fcren, Schubladen usw. zu gew\u00e4hrleisten. Die gerade Zunge befindet sich auf der Innenseite des Schlosses und ist so konstruiert, dass sie in den Beschlag eingreift, der das Schloss verst\u00e4rkt, w\u00e4hrend es sich im Verriegelungssitz im St\u00e4nder dreht.<\/p>\n<p><strong>Hauptmerkmale:<\/strong><\/p>\n<ul>\n<li><strong>Robust und langlebig:<\/strong> Die Zunge des OMR-Hakens ist aus hochwertigem, verzinktem Stahl gefertigt und bietet Langlebigkeit und Zuverl\u00e4ssigkeit auch in feuchter Umgebung oder bei widrigen Wetterbedingungen.<\/li>\n<li><strong>M\u00f6belt\u00fcren mit geradem Haken:<\/strong> Sie eignen sich f\u00fcr Situationen, in denen ein festerer Griff erforderlich ist als bei der einfachen geraden Zunge. Das Vorhandensein des Hakens sorgt f\u00fcr zus\u00e4tzliche Sicherheit und ist daher ideal f\u00fcr Schiebet\u00fcren und Schl\u00f6sser, die einen sicheren Halt erfordern. <\/li>\n<li><strong>Vielseitiger Einsatz:<\/strong> Hakenschl\u00f6sser eignen sich f\u00fcr eine Vielzahl von Anl\u00e4ssen, und dank der verschiedenen verf\u00fcgbaren Gr\u00f6\u00dfen k\u00f6nnen sie in Schiebet\u00fcren oder Schubladen unterschiedlicher Gr\u00f6\u00dfe eingesetzt werden. OMR bietet eine <strong>breite Palette von Varianten<\/strong> an, um Ihren speziellen Bed\u00fcrfnissen gerecht zu werden. Hier sind die wichtigsten 4 Varianten im Katalog, aber auch gerade Hakenschl\u00f6sser k\u00f6nnen auf Ma\u00df gefertigt werden.  <\/li>\n<li><strong>Einfache Installation:<\/strong> Die M\u00f6belt\u00fcren lassen sich leicht in den Schrank einbauen, ohne dass komplexe technische Arbeiten erforderlich sind. Seine Konfiguration wurde entwickelt, um den Installationsprozess zu vereinfachen und Ihnen Zeit und M\u00fche zu ersparen. <\/li>\n<\/ul>\n<p><strong>Entdecken Sie die vier<\/strong> verf\u00fcgbaren <strong>Standardvarianten<\/strong> der M\u00f6belt\u00fcren und erleben Sie die Qualit\u00e4t und Pr\u00e4zision von OMR im Bereich der Schlie\u00df- und Sicherheitsl\u00f6sungen.<\/p>\n","protected":false},"excerpt":{"rendered":"<p>Die <strong>gerade Zunge<\/strong> aus verzinktem Stahl von OMR ist die ideale Wahl, um die Zuverl\u00e4ssigkeit und Sicherheit von M\u00f6belt\u00fcren, Schiebet\u00fcren, Schubladen usw. zu gew\u00e4hrleisten. Dieses Schloss ist so konstruiert, dass es sich in seinem Sitz im St\u00e4nder dreht und so das sichere \u00d6ffnen und Schlie\u00dfen der M\u00f6belt\u00fcr oder Schublade erm\u00f6glicht.<\/p>\n","protected":false},"featured_media":28357,"comment_status":"open","ping_status":"closed","template":"","meta":{"_acf_changed":false,"_et_pb_use_builder":"","_et_pb_old_content":"","_et_gb_content_width":""},"product_brand":[],"product_cat":[3813],"product_tag":[],"class_list":{"0":"post-11975","1":"product","2":"type-product","3":"status-publish","4":"has-post-thumbnail","6":"product_cat-schliesshebel","8":"first","9":"instock","10":"shipping-taxable","11":"purchasable","12":"product-type-variable"},"acf":{"pdf1":false},"yoast_head":"<!-- This site is optimized with the Yoast SEO plugin v27.2 - https:\/\/yoast.com\/product\/yoast-seo-wordpress\/ -->\n<title>Zungen mit Haken - gerade - OMR Serrature<\/title>\n<meta name=\"robots\" content=\"index, follow, max-snippet:-1, max-image-preview:large, max-video-preview:-1\" \/>\n<link rel=\"canonical\" href=\"https:\/\/www.omrserrature.it\/de\/produkt\/hakenriegel\/\" \/>\n<meta property=\"og:locale\" content=\"de_DE\" \/>\n<meta property=\"og:type\" content=\"article\" \/>\n<meta property=\"og:title\" content=\"Zungen mit Haken - gerade - OMR Serrature\" \/>\n<meta property=\"og:description\" content=\"Die gerade Zunge aus verzinktem Stahl von OMR ist die ideale Wahl, um die Zuverl\u00e4ssigkeit und Sicherheit von M\u00f6belt\u00fcren, Schiebet\u00fcren, Schubladen usw. zu gew\u00e4hrleisten. Dieses Schloss ist so konstruiert, dass es sich in seinem Sitz im St\u00e4nder dreht und so das sichere \u00d6ffnen und Schlie\u00dfen der M\u00f6belt\u00fcr oder Schublade erm\u00f6glicht.\" \/>\n<meta property=\"og:url\" content=\"https:\/\/www.omrserrature.it\/de\/produkt\/hakenriegel\/\" \/>\n<meta property=\"og:site_name\" content=\"OMR Serrature | Produzione sistemi di chiusura\" \/>\n<meta property=\"article:publisher\" content=\"https:\/\/www.facebook.com\/OMRserrature\" \/>\n<meta property=\"article:modified_time\" content=\"2025-01-09T11:51:33+00:00\" \/>\n<meta property=\"og:image\" content=\"https:\/\/www.omrserrature.it\/wp-content\/uploads\/2019\/02\/leva-gancio-SLED00023-img.jpg\" \/>\n\t<meta property=\"og:image:width\" content=\"422\" \/>\n\t<meta property=\"og:image:height\" content=\"243\" \/>\n\t<meta property=\"og:image:type\" content=\"image\/jpeg\" \/>\n<meta name=\"twitter:card\" content=\"summary_large_image\" \/>\n<meta name=\"twitter:label1\" content=\"Gesch\u00e4tzte Lesezeit\" \/>\n\t<meta name=\"twitter:data1\" content=\"1\u00a0Minute\" \/>\n<script type=\"application\/ld+json\" class=\"yoast-schema-graph\">{\"@context\":\"https:\/\/schema.org\",\"@graph\":[{\"@type\":\"WebPage\",\"@id\":\"https:\/\/www.omrserrature.it\/de\/produkt\/hakenriegel\/\",\"url\":\"https:\/\/www.omrserrature.it\/de\/produkt\/hakenriegel\/\",\"name\":\"Zungen mit Haken - gerade - OMR Serrature\",\"isPartOf\":{\"@id\":\"https:\/\/www.omrserrature.it\/de\/#website\"},\"primaryImageOfPage\":{\"@id\":\"https:\/\/www.omrserrature.it\/de\/produkt\/hakenriegel\/#primaryimage\"},\"image\":{\"@id\":\"https:\/\/www.omrserrature.it\/de\/produkt\/hakenriegel\/#primaryimage\"},\"thumbnailUrl\":\"https:\/\/www.omrserrature.it\/wp-content\/uploads\/2004\/12\/Leve-a-gancio-OMR_1.jpg\",\"datePublished\":\"2017-12-04T10:16:28+00:00\",\"dateModified\":\"2025-01-09T11:51:33+00:00\",\"breadcrumb\":{\"@id\":\"https:\/\/www.omrserrature.it\/de\/produkt\/hakenriegel\/#breadcrumb\"},\"inLanguage\":\"de\",\"potentialAction\":[{\"@type\":\"ReadAction\",\"target\":[\"https:\/\/www.omrserrature.it\/de\/produkt\/hakenriegel\/\"]}]},{\"@type\":\"ImageObject\",\"inLanguage\":\"de\",\"@id\":\"https:\/\/www.omrserrature.it\/de\/produkt\/hakenriegel\/#primaryimage\",\"url\":\"https:\/\/www.omrserrature.it\/wp-content\/uploads\/2004\/12\/Leve-a-gancio-OMR_1.jpg\",\"contentUrl\":\"https:\/\/www.omrserrature.it\/wp-content\/uploads\/2004\/12\/Leve-a-gancio-OMR_1.jpg\",\"width\":1000,\"height\":1000,\"caption\":\"Leve dritte a gancio OMR. Per serrature universali per ante, cassetti, sportelli scorrevoli e a battente.\"},{\"@type\":\"BreadcrumbList\",\"@id\":\"https:\/\/www.omrserrature.it\/de\/produkt\/hakenriegel\/#breadcrumb\",\"itemListElement\":[{\"@type\":\"ListItem\",\"position\":1,\"name\":\"Home\",\"item\":\"https:\/\/www.omrserrature.it\/de\/omr-serrature-sistemi-chiusura\/\"},{\"@type\":\"ListItem\",\"position\":2,\"name\":\"Katalog\",\"item\":\"https:\/\/www.omrserrature.it\/katalog\/?lang=de\"},{\"@type\":\"ListItem\",\"position\":3,\"name\":\"Produkte\",\"item\":\"https:\/\/www.omrserrature.it\/de\/katalog\/produkte\/\"},{\"@type\":\"ListItem\",\"position\":4,\"name\":\"Zubeh\u00f6r und Ersatzteile\",\"item\":\"https:\/\/www.omrserrature.it\/de\/katalog\/produkte\/zubehor-und-ersatzteile\/\"},{\"@type\":\"ListItem\",\"position\":5,\"name\":\"Schliesshebel\",\"item\":\"https:\/\/www.omrserrature.it\/de\/katalog\/produkte\/zubehor-und-ersatzteile\/schliesshebel\/\"},{\"@type\":\"ListItem\",\"position\":6,\"name\":\"Hakenhebel\"}]},{\"@type\":\"WebSite\",\"@id\":\"https:\/\/www.omrserrature.it\/de\/#website\",\"url\":\"https:\/\/www.omrserrature.it\/de\/\",\"name\":\"OMR Serrature | Produzione sistemi di chiusura\",\"description\":\"Produzione serrature di sicurezza e sistemi di chiusura\",\"publisher\":{\"@id\":\"https:\/\/www.omrserrature.it\/de\/#organization\"},\"potentialAction\":[{\"@type\":\"SearchAction\",\"target\":{\"@type\":\"EntryPoint\",\"urlTemplate\":\"https:\/\/www.omrserrature.it\/de\/?s={search_term_string}\"},\"query-input\":{\"@type\":\"PropertyValueSpecification\",\"valueRequired\":true,\"valueName\":\"search_term_string\"}}],\"inLanguage\":\"de\"},{\"@type\":\"Organization\",\"@id\":\"https:\/\/www.omrserrature.it\/de\/#organization\",\"name\":\"OMR Serrature | Produzione sistemi di chiusura\",\"url\":\"https:\/\/www.omrserrature.it\/de\/\",\"logo\":{\"@type\":\"ImageObject\",\"inLanguage\":\"de\",\"@id\":\"https:\/\/www.omrserrature.it\/de\/#\/schema\/logo\/image\/\",\"url\":\"https:\/\/www.omrserrature.it\/wp-content\/uploads\/2017\/09\/favicon-omr-114.png\",\"contentUrl\":\"https:\/\/www.omrserrature.it\/wp-content\/uploads\/2017\/09\/favicon-omr-114.png\",\"width\":114,\"height\":114,\"caption\":\"OMR Serrature | Produzione sistemi di chiusura\"},\"image\":{\"@id\":\"https:\/\/www.omrserrature.it\/de\/#\/schema\/logo\/image\/\"},\"sameAs\":[\"https:\/\/www.facebook.com\/OMRserrature\",\"https:\/\/www.linkedin.com\/company\/omrserrature\/\",\"https:\/\/www.youtube.com\/channel\/UCxmA85z2R0EpG_6IRokiAkg\"]}]}<\/script>\n<!-- \/ Yoast SEO plugin. -->","yoast_head_json":{"title":"Zungen mit Haken - gerade - OMR Serrature","robots":{"index":"index","follow":"follow","max-snippet":"max-snippet:-1","max-image-preview":"max-image-preview:large","max-video-preview":"max-video-preview:-1"},"canonical":"https:\/\/www.omrserrature.it\/de\/produkt\/hakenriegel\/","og_locale":"de_DE","og_type":"article","og_title":"Zungen mit Haken - gerade - OMR Serrature","og_description":"Die gerade Zunge aus verzinktem Stahl von OMR ist die ideale Wahl, um die Zuverl\u00e4ssigkeit und Sicherheit von M\u00f6belt\u00fcren, Schiebet\u00fcren, Schubladen usw. zu gew\u00e4hrleisten. Dieses Schloss ist so konstruiert, dass es sich in seinem Sitz im St\u00e4nder dreht und so das sichere \u00d6ffnen und Schlie\u00dfen der M\u00f6belt\u00fcr oder Schublade erm\u00f6glicht.","og_url":"https:\/\/www.omrserrature.it\/de\/produkt\/hakenriegel\/","og_site_name":"OMR Serrature | Produzione sistemi di chiusura","article_publisher":"https:\/\/www.facebook.com\/OMRserrature","article_modified_time":"2025-01-09T11:51:33+00:00","og_image":[{"width":422,"height":243,"url":"https:\/\/www.omrserrature.it\/wp-content\/uploads\/2019\/02\/leva-gancio-SLED00023-img.jpg","type":"image\/jpeg"}],"twitter_card":"summary_large_image","twitter_misc":{"Gesch\u00e4tzte Lesezeit":"1\u00a0Minute"},"schema":{"@context":"https:\/\/schema.org","@graph":[{"@type":"WebPage","@id":"https:\/\/www.omrserrature.it\/de\/produkt\/hakenriegel\/","url":"https:\/\/www.omrserrature.it\/de\/produkt\/hakenriegel\/","name":"Zungen mit Haken - gerade - OMR Serrature","isPartOf":{"@id":"https:\/\/www.omrserrature.it\/de\/#website"},"primaryImageOfPage":{"@id":"https:\/\/www.omrserrature.it\/de\/produkt\/hakenriegel\/#primaryimage"},"image":{"@id":"https:\/\/www.omrserrature.it\/de\/produkt\/hakenriegel\/#primaryimage"},"thumbnailUrl":"https:\/\/www.omrserrature.it\/wp-content\/uploads\/2004\/12\/Leve-a-gancio-OMR_1.jpg","datePublished":"2017-12-04T10:16:28+00:00","dateModified":"2025-01-09T11:51:33+00:00","breadcrumb":{"@id":"https:\/\/www.omrserrature.it\/de\/produkt\/hakenriegel\/#breadcrumb"},"inLanguage":"de","potentialAction":[{"@type":"ReadAction","target":["https:\/\/www.omrserrature.it\/de\/produkt\/hakenriegel\/"]}]},{"@type":"ImageObject","inLanguage":"de","@id":"https:\/\/www.omrserrature.it\/de\/produkt\/hakenriegel\/#primaryimage","url":"https:\/\/www.omrserrature.it\/wp-content\/uploads\/2004\/12\/Leve-a-gancio-OMR_1.jpg","contentUrl":"https:\/\/www.omrserrature.it\/wp-content\/uploads\/2004\/12\/Leve-a-gancio-OMR_1.jpg","width":1000,"height":1000,"caption":"Leve dritte a gancio OMR. Per serrature universali per ante, cassetti, sportelli scorrevoli e a battente."},{"@type":"BreadcrumbList","@id":"https:\/\/www.omrserrature.it\/de\/produkt\/hakenriegel\/#breadcrumb","itemListElement":[{"@type":"ListItem","position":1,"name":"Home","item":"https:\/\/www.omrserrature.it\/de\/omr-serrature-sistemi-chiusura\/"},{"@type":"ListItem","position":2,"name":"Katalog","item":"https:\/\/www.omrserrature.it\/katalog\/?lang=de"},{"@type":"ListItem","position":3,"name":"Produkte","item":"https:\/\/www.omrserrature.it\/de\/katalog\/produkte\/"},{"@type":"ListItem","position":4,"name":"Zubeh\u00f6r und Ersatzteile","item":"https:\/\/www.omrserrature.it\/de\/katalog\/produkte\/zubehor-und-ersatzteile\/"},{"@type":"ListItem","position":5,"name":"Schliesshebel","item":"https:\/\/www.omrserrature.it\/de\/katalog\/produkte\/zubehor-und-ersatzteile\/schliesshebel\/"},{"@type":"ListItem","position":6,"name":"Hakenhebel"}]},{"@type":"WebSite","@id":"https:\/\/www.omrserrature.it\/de\/#website","url":"https:\/\/www.omrserrature.it\/de\/","name":"OMR Serrature | Produzione sistemi di chiusura","description":"Produzione serrature di sicurezza e sistemi di chiusura","publisher":{"@id":"https:\/\/www.omrserrature.it\/de\/#organization"},"potentialAction":[{"@type":"SearchAction","target":{"@type":"EntryPoint","urlTemplate":"https:\/\/www.omrserrature.it\/de\/?s={search_term_string}"},"query-input":{"@type":"PropertyValueSpecification","valueRequired":true,"valueName":"search_term_string"}}],"inLanguage":"de"},{"@type":"Organization","@id":"https:\/\/www.omrserrature.it\/de\/#organization","name":"OMR Serrature | Produzione sistemi di chiusura","url":"https:\/\/www.omrserrature.it\/de\/","logo":{"@type":"ImageObject","inLanguage":"de","@id":"https:\/\/www.omrserrature.it\/de\/#\/schema\/logo\/image\/","url":"https:\/\/www.omrserrature.it\/wp-content\/uploads\/2017\/09\/favicon-omr-114.png","contentUrl":"https:\/\/www.omrserrature.it\/wp-content\/uploads\/2017\/09\/favicon-omr-114.png","width":114,"height":114,"caption":"OMR Serrature | Produzione sistemi di chiusura"},"image":{"@id":"https:\/\/www.omrserrature.it\/de\/#\/schema\/logo\/image\/"},"sameAs":["https:\/\/www.facebook.com\/OMRserrature","https:\/\/www.linkedin.com\/company\/omrserrature\/","https:\/\/www.youtube.com\/channel\/UCxmA85z2R0EpG_6IRokiAkg"]}]}},"_links":{"self":[{"href":"https:\/\/www.omrserrature.it\/de\/wp-json\/wp\/v2\/product\/11975","targetHints":{"allow":["GET"]}}],"collection":[{"href":"https:\/\/www.omrserrature.it\/de\/wp-json\/wp\/v2\/product"}],"about":[{"href":"https:\/\/www.omrserrature.it\/de\/wp-json\/wp\/v2\/types\/product"}],"replies":[{"embeddable":true,"href":"https:\/\/www.omrserrature.it\/de\/wp-json\/wp\/v2\/comments?post=11975"}],"wp:featuredmedia":[{"embeddable":true,"href":"https:\/\/www.omrserrature.it\/de\/wp-json\/wp\/v2\/media\/28357"}],"wp:attachment":[{"href":"https:\/\/www.omrserrature.it\/de\/wp-json\/wp\/v2\/media?parent=11975"}],"wp:term":[{"taxonomy":"product_brand","embeddable":true,"href":"https:\/\/www.omrserrature.it\/de\/wp-json\/wp\/v2\/product_brand?post=11975"},{"taxonomy":"product_cat","embeddable":true,"href":"https:\/\/www.omrserrature.it\/de\/wp-json\/wp\/v2\/product_cat?post=11975"},{"taxonomy":"product_tag","embeddable":true,"href":"https:\/\/www.omrserrature.it\/de\/wp-json\/wp\/v2\/product_tag?post=11975"}],"curies":[{"name":"wp","href":"https:\/\/api.w.org\/{rel}","templated":true}]}}