{"id":11974,"date":"2017-12-01T10:20:17","date_gmt":"2017-12-01T09:20:17","guid":{"rendered":"http:\/\/staging6.omrserrature.it\/prodotto\/schliesshebel-mit-ose\/"},"modified":"2025-01-09T13:53:39","modified_gmt":"2025-01-09T12:53:39","slug":"riegel-oese","status":"publish","type":"product","link":"https:\/\/www.omrserrature.it\/de\/produkt\/riegel-oese\/","title":{"rendered":"Knopfloch Zungen"},"content":{"rendered":"<p><strong>Gerade<\/strong> Zungen aus verzinktem Stahl mit einem <strong>Schlitzanschluss<\/strong> garantieren Sicherheit, Komfort und eine lange Lebensdauer. Diese Zunge zeichnet sich durch ein gerades und funktionelles Design aus und eignet sich f\u00fcr Schl\u00f6sser, die \u00fcber einen hinteren Schlitzanschluss verf\u00fcgen, wie z.B. das Nockenschloss Jack. <\/p>\n<p><strong>Hauptmerkmale:<\/strong><\/p>\n<ul>\n<li><strong>Robuste Konstruktion:<\/strong> Die gerade Zunge ist aus hochwertigem, verzinktem Stahl gefertigt, der f\u00fcr St\u00e4rke und Haltbarkeit sorgt. Verzinkter Stahl bietet au\u00dferdem <strong>zus\u00e4tzlichen Schutz vor Korrosion und gew\u00e4hrleistet eine lange Lebensdauer und zuverl\u00e4ssige Leistung<\/strong>. <\/li>\n<li><strong>Vielseitiges Design:<\/strong> Dank seiner geschlitzten Befestigung l\u00e4sst sich diese Zunge leicht installieren und wird durch das Langloch sicher befestigt.<\/li>\n<li><strong>Gro\u00dfe Auswahl an Modellen:<\/strong> Wir bieten nicht weniger als 7 Modelle in unserem Katalog der geraden Zungen mit geschlitzten Halterungen an, jedes mit spezifischen Eigenschaften, um unterschiedliche Sicherheits- und Designanforderungen zu erf\u00fcllen.<\/li>\n<li><strong>Ma\u00dfanfertigung:<\/strong> F\u00fcr diejenigen, die besondere Bed\u00fcrfnisse oder spezielle W\u00fcnsche haben, steht unser Kundendienst f\u00fcr ma\u00dfgeschneiderte gerade Zungen mit geschlitzten Beschl\u00e4gen zur Verf\u00fcgung. Kontaktieren Sie uns f\u00fcr eine ma\u00dfgeschneiderte L\u00f6sung, die ideal f\u00fcr Ihre Schl\u00f6sser ist. <\/li>\n<\/ul>\n<p>Dank der hochwertigen Konstruktion, der gro\u00dfen Auswahl an Modellen und den individuellen Anpassungsm\u00f6glichkeiten bietet diese Zunge zuverl\u00e4ssige Leistung und kompromisslose Praktikabilit\u00e4t.  <strong>Bitte z\u00f6gern Sie nicht, unseren Kundendienst zu kontaktieren, um eine Knopflochzunge zu realisieren, die Ihren speziellen Anforderungen entspricht.<\/strong><\/p>\n","protected":false},"excerpt":{"rendered":"<p><strong>Gerade<\/strong> Zungen aus verzinktem Stahl mit einem <strong>Schlitzanschluss<\/strong> garantieren Sicherheit, Komfort und eine lange Lebensdauer. Diese Zunge zeichnet sich durch ein gerades und funktionelles Design aus und eignet sich f\u00fcr Schl\u00f6sser, die \u00fcber einen hinteren Schlitzanschluss verf\u00fcgen, wie z.B. das Nockenschloss Jack. <\/p>\n","protected":false},"featured_media":28508,"comment_status":"open","ping_status":"closed","template":"","meta":{"_acf_changed":false,"_et_pb_use_builder":"","_et_pb_old_content":"","_et_gb_content_width":""},"product_brand":[],"product_cat":[3775,3813],"product_tag":[],"class_list":{"0":"post-11974","1":"product","2":"type-product","3":"status-publish","4":"has-post-thumbnail","6":"product_cat-produkte","7":"product_cat-schliesshebel","9":"first","10":"instock","11":"shipping-taxable","12":"purchasable","13":"product-type-variable"},"acf":{"pdf1":false},"yoast_head":"<!-- This site is optimized with the Yoast SEO plugin v27.5 - https:\/\/yoast.com\/product\/yoast-seo-wordpress\/ -->\n<title>Knopfloch Zungen - OMR Serrature<\/title>\n<meta name=\"robots\" content=\"index, follow, max-snippet:-1, max-image-preview:large, max-video-preview:-1\" \/>\n<link rel=\"canonical\" href=\"https:\/\/www.omrserrature.it\/de\/produkt\/riegel-oese\/\" \/>\n<meta property=\"og:locale\" content=\"de_DE\" \/>\n<meta property=\"og:type\" content=\"article\" \/>\n<meta property=\"og:title\" content=\"Knopfloch Zungen - OMR Serrature\" \/>\n<meta property=\"og:description\" content=\"Gerade Zungen aus verzinktem Stahl mit einem Schlitzanschluss garantieren Sicherheit, Komfort und eine lange Lebensdauer. Diese Zunge zeichnet sich durch ein gerades und funktionelles Design aus und eignet sich f\u00fcr Schl\u00f6sser, die \u00fcber einen hinteren Schlitzanschluss verf\u00fcgen, wie z.B. das Nockenschloss Jack.\" \/>\n<meta property=\"og:url\" content=\"https:\/\/www.omrserrature.it\/de\/produkt\/riegel-oese\/\" \/>\n<meta property=\"og:site_name\" content=\"OMR Serrature | Produzione sistemi di chiusura\" \/>\n<meta property=\"article:publisher\" content=\"https:\/\/www.facebook.com\/OMRserrature\" \/>\n<meta property=\"article:modified_time\" content=\"2025-01-09T12:53:39+00:00\" \/>\n<meta property=\"og:image\" content=\"https:\/\/www.omrserrature.it\/wp-content\/uploads\/2017\/12\/asola-1.jpg\" \/>\n\t<meta property=\"og:image:width\" content=\"500\" \/>\n\t<meta property=\"og:image:height\" content=\"500\" \/>\n\t<meta property=\"og:image:type\" content=\"image\/jpeg\" \/>\n<meta name=\"twitter:card\" content=\"summary_large_image\" \/>\n<meta name=\"twitter:label1\" content=\"Gesch\u00e4tzte Lesezeit\" \/>\n\t<meta name=\"twitter:data1\" content=\"1\u00a0Minute\" \/>\n<script type=\"application\/ld+json\" class=\"yoast-schema-graph\">{\"@context\":\"https:\\\/\\\/schema.org\",\"@graph\":[{\"@type\":\"WebPage\",\"@id\":\"https:\\\/\\\/www.omrserrature.it\\\/de\\\/produkt\\\/riegel-oese\\\/\",\"url\":\"https:\\\/\\\/www.omrserrature.it\\\/de\\\/produkt\\\/riegel-oese\\\/\",\"name\":\"Knopfloch Zungen - OMR Serrature\",\"isPartOf\":{\"@id\":\"https:\\\/\\\/www.omrserrature.it\\\/de\\\/#website\"},\"primaryImageOfPage\":{\"@id\":\"https:\\\/\\\/www.omrserrature.it\\\/de\\\/produkt\\\/riegel-oese\\\/#primaryimage\"},\"image\":{\"@id\":\"https:\\\/\\\/www.omrserrature.it\\\/de\\\/produkt\\\/riegel-oese\\\/#primaryimage\"},\"thumbnailUrl\":\"https:\\\/\\\/www.omrserrature.it\\\/wp-content\\\/uploads\\\/2001\\\/12\\\/Leve-con-asola.jpg\",\"datePublished\":\"2017-12-01T09:20:17+00:00\",\"dateModified\":\"2025-01-09T12:53:39+00:00\",\"breadcrumb\":{\"@id\":\"https:\\\/\\\/www.omrserrature.it\\\/de\\\/produkt\\\/riegel-oese\\\/#breadcrumb\"},\"inLanguage\":\"de\",\"potentialAction\":[{\"@type\":\"ReadAction\",\"target\":[\"https:\\\/\\\/www.omrserrature.it\\\/de\\\/produkt\\\/riegel-oese\\\/\"]}]},{\"@type\":\"ImageObject\",\"inLanguage\":\"de\",\"@id\":\"https:\\\/\\\/www.omrserrature.it\\\/de\\\/produkt\\\/riegel-oese\\\/#primaryimage\",\"url\":\"https:\\\/\\\/www.omrserrature.it\\\/wp-content\\\/uploads\\\/2001\\\/12\\\/Leve-con-asola.jpg\",\"contentUrl\":\"https:\\\/\\\/www.omrserrature.it\\\/wp-content\\\/uploads\\\/2001\\\/12\\\/Leve-con-asola.jpg\",\"width\":1000,\"height\":1000},{\"@type\":\"BreadcrumbList\",\"@id\":\"https:\\\/\\\/www.omrserrature.it\\\/de\\\/produkt\\\/riegel-oese\\\/#breadcrumb\",\"itemListElement\":[{\"@type\":\"ListItem\",\"position\":1,\"name\":\"Home\",\"item\":\"https:\\\/\\\/www.omrserrature.it\\\/de\\\/omr-serrature-sistemi-chiusura\\\/\"},{\"@type\":\"ListItem\",\"position\":2,\"name\":\"Katalog\",\"item\":\"https:\\\/\\\/www.omrserrature.it\\\/katalog\\\/?lang=de\"},{\"@type\":\"ListItem\",\"position\":3,\"name\":\"Produkte\",\"item\":\"https:\\\/\\\/www.omrserrature.it\\\/de\\\/katalog\\\/produkte\\\/\"},{\"@type\":\"ListItem\",\"position\":4,\"name\":\"Schliesshebel mit \u00d6senansatz\"}]},{\"@type\":\"WebSite\",\"@id\":\"https:\\\/\\\/www.omrserrature.it\\\/de\\\/#website\",\"url\":\"https:\\\/\\\/www.omrserrature.it\\\/de\\\/\",\"name\":\"OMR Serrature | Produzione sistemi di chiusura\",\"description\":\"Produzione serrature di sicurezza e sistemi di chiusura\",\"publisher\":{\"@id\":\"https:\\\/\\\/www.omrserrature.it\\\/de\\\/#organization\"},\"potentialAction\":[{\"@type\":\"SearchAction\",\"target\":{\"@type\":\"EntryPoint\",\"urlTemplate\":\"https:\\\/\\\/www.omrserrature.it\\\/de\\\/?s={search_term_string}\"},\"query-input\":{\"@type\":\"PropertyValueSpecification\",\"valueRequired\":true,\"valueName\":\"search_term_string\"}}],\"inLanguage\":\"de\"},{\"@type\":\"Organization\",\"@id\":\"https:\\\/\\\/www.omrserrature.it\\\/de\\\/#organization\",\"name\":\"OMR Serrature | Produzione sistemi di chiusura\",\"url\":\"https:\\\/\\\/www.omrserrature.it\\\/de\\\/\",\"logo\":{\"@type\":\"ImageObject\",\"inLanguage\":\"de\",\"@id\":\"https:\\\/\\\/www.omrserrature.it\\\/de\\\/#\\\/schema\\\/logo\\\/image\\\/\",\"url\":\"https:\\\/\\\/www.omrserrature.it\\\/wp-content\\\/uploads\\\/2017\\\/09\\\/favicon-omr-114.png\",\"contentUrl\":\"https:\\\/\\\/www.omrserrature.it\\\/wp-content\\\/uploads\\\/2017\\\/09\\\/favicon-omr-114.png\",\"width\":114,\"height\":114,\"caption\":\"OMR Serrature | Produzione sistemi di chiusura\"},\"image\":{\"@id\":\"https:\\\/\\\/www.omrserrature.it\\\/de\\\/#\\\/schema\\\/logo\\\/image\\\/\"},\"sameAs\":[\"https:\\\/\\\/www.facebook.com\\\/OMRserrature\",\"https:\\\/\\\/www.linkedin.com\\\/company\\\/omrserrature\\\/\",\"https:\\\/\\\/www.youtube.com\\\/channel\\\/UCxmA85z2R0EpG_6IRokiAkg\"]}]}<\/script>\n<!-- \/ Yoast SEO plugin. -->","yoast_head_json":{"title":"Knopfloch Zungen - OMR Serrature","robots":{"index":"index","follow":"follow","max-snippet":"max-snippet:-1","max-image-preview":"max-image-preview:large","max-video-preview":"max-video-preview:-1"},"canonical":"https:\/\/www.omrserrature.it\/de\/produkt\/riegel-oese\/","og_locale":"de_DE","og_type":"article","og_title":"Knopfloch Zungen - OMR Serrature","og_description":"Gerade Zungen aus verzinktem Stahl mit einem Schlitzanschluss garantieren Sicherheit, Komfort und eine lange Lebensdauer. Diese Zunge zeichnet sich durch ein gerades und funktionelles Design aus und eignet sich f\u00fcr Schl\u00f6sser, die \u00fcber einen hinteren Schlitzanschluss verf\u00fcgen, wie z.B. das Nockenschloss Jack.","og_url":"https:\/\/www.omrserrature.it\/de\/produkt\/riegel-oese\/","og_site_name":"OMR Serrature | Produzione sistemi di chiusura","article_publisher":"https:\/\/www.facebook.com\/OMRserrature","article_modified_time":"2025-01-09T12:53:39+00:00","og_image":[{"width":500,"height":500,"url":"https:\/\/www.omrserrature.it\/wp-content\/uploads\/2017\/12\/asola-1.jpg","type":"image\/jpeg"}],"twitter_card":"summary_large_image","twitter_misc":{"Gesch\u00e4tzte Lesezeit":"1\u00a0Minute"},"schema":{"@context":"https:\/\/schema.org","@graph":[{"@type":"WebPage","@id":"https:\/\/www.omrserrature.it\/de\/produkt\/riegel-oese\/","url":"https:\/\/www.omrserrature.it\/de\/produkt\/riegel-oese\/","name":"Knopfloch Zungen - OMR Serrature","isPartOf":{"@id":"https:\/\/www.omrserrature.it\/de\/#website"},"primaryImageOfPage":{"@id":"https:\/\/www.omrserrature.it\/de\/produkt\/riegel-oese\/#primaryimage"},"image":{"@id":"https:\/\/www.omrserrature.it\/de\/produkt\/riegel-oese\/#primaryimage"},"thumbnailUrl":"https:\/\/www.omrserrature.it\/wp-content\/uploads\/2001\/12\/Leve-con-asola.jpg","datePublished":"2017-12-01T09:20:17+00:00","dateModified":"2025-01-09T12:53:39+00:00","breadcrumb":{"@id":"https:\/\/www.omrserrature.it\/de\/produkt\/riegel-oese\/#breadcrumb"},"inLanguage":"de","potentialAction":[{"@type":"ReadAction","target":["https:\/\/www.omrserrature.it\/de\/produkt\/riegel-oese\/"]}]},{"@type":"ImageObject","inLanguage":"de","@id":"https:\/\/www.omrserrature.it\/de\/produkt\/riegel-oese\/#primaryimage","url":"https:\/\/www.omrserrature.it\/wp-content\/uploads\/2001\/12\/Leve-con-asola.jpg","contentUrl":"https:\/\/www.omrserrature.it\/wp-content\/uploads\/2001\/12\/Leve-con-asola.jpg","width":1000,"height":1000},{"@type":"BreadcrumbList","@id":"https:\/\/www.omrserrature.it\/de\/produkt\/riegel-oese\/#breadcrumb","itemListElement":[{"@type":"ListItem","position":1,"name":"Home","item":"https:\/\/www.omrserrature.it\/de\/omr-serrature-sistemi-chiusura\/"},{"@type":"ListItem","position":2,"name":"Katalog","item":"https:\/\/www.omrserrature.it\/katalog\/?lang=de"},{"@type":"ListItem","position":3,"name":"Produkte","item":"https:\/\/www.omrserrature.it\/de\/katalog\/produkte\/"},{"@type":"ListItem","position":4,"name":"Schliesshebel mit \u00d6senansatz"}]},{"@type":"WebSite","@id":"https:\/\/www.omrserrature.it\/de\/#website","url":"https:\/\/www.omrserrature.it\/de\/","name":"OMR Serrature | Produzione sistemi di chiusura","description":"Produzione serrature di sicurezza e sistemi di chiusura","publisher":{"@id":"https:\/\/www.omrserrature.it\/de\/#organization"},"potentialAction":[{"@type":"SearchAction","target":{"@type":"EntryPoint","urlTemplate":"https:\/\/www.omrserrature.it\/de\/?s={search_term_string}"},"query-input":{"@type":"PropertyValueSpecification","valueRequired":true,"valueName":"search_term_string"}}],"inLanguage":"de"},{"@type":"Organization","@id":"https:\/\/www.omrserrature.it\/de\/#organization","name":"OMR Serrature | Produzione sistemi di chiusura","url":"https:\/\/www.omrserrature.it\/de\/","logo":{"@type":"ImageObject","inLanguage":"de","@id":"https:\/\/www.omrserrature.it\/de\/#\/schema\/logo\/image\/","url":"https:\/\/www.omrserrature.it\/wp-content\/uploads\/2017\/09\/favicon-omr-114.png","contentUrl":"https:\/\/www.omrserrature.it\/wp-content\/uploads\/2017\/09\/favicon-omr-114.png","width":114,"height":114,"caption":"OMR Serrature | Produzione sistemi di chiusura"},"image":{"@id":"https:\/\/www.omrserrature.it\/de\/#\/schema\/logo\/image\/"},"sameAs":["https:\/\/www.facebook.com\/OMRserrature","https:\/\/www.linkedin.com\/company\/omrserrature\/","https:\/\/www.youtube.com\/channel\/UCxmA85z2R0EpG_6IRokiAkg"]}]}},"_links":{"self":[{"href":"https:\/\/www.omrserrature.it\/de\/wp-json\/wp\/v2\/product\/11974","targetHints":{"allow":["GET"]}}],"collection":[{"href":"https:\/\/www.omrserrature.it\/de\/wp-json\/wp\/v2\/product"}],"about":[{"href":"https:\/\/www.omrserrature.it\/de\/wp-json\/wp\/v2\/types\/product"}],"replies":[{"embeddable":true,"href":"https:\/\/www.omrserrature.it\/de\/wp-json\/wp\/v2\/comments?post=11974"}],"wp:featuredmedia":[{"embeddable":true,"href":"https:\/\/www.omrserrature.it\/de\/wp-json\/wp\/v2\/media\/28508"}],"wp:attachment":[{"href":"https:\/\/www.omrserrature.it\/de\/wp-json\/wp\/v2\/media?parent=11974"}],"wp:term":[{"taxonomy":"product_brand","embeddable":true,"href":"https:\/\/www.omrserrature.it\/de\/wp-json\/wp\/v2\/product_brand?post=11974"},{"taxonomy":"product_cat","embeddable":true,"href":"https:\/\/www.omrserrature.it\/de\/wp-json\/wp\/v2\/product_cat?post=11974"},{"taxonomy":"product_tag","embeddable":true,"href":"https:\/\/www.omrserrature.it\/de\/wp-json\/wp\/v2\/product_tag?post=11974"}],"curies":[{"name":"wp","href":"https:\/\/api.w.org\/{rel}","templated":true}]}}