{"id":11973,"date":"2017-11-30T14:37:32","date_gmt":"2017-11-30T13:37:32","guid":{"rendered":"http:\/\/staging6.omrserrature.it\/prodotto\/gekropfte-schliesshebel-vkt-7\/"},"modified":"2025-01-10T09:51:45","modified_gmt":"2025-01-10T08:51:45","slug":"gekropfte-riegel-vkt-7","status":"publish","type":"product","link":"https:\/\/www.omrserrature.it\/de\/produkt\/gekropfte-riegel-vkt-7\/","title":{"rendered":"Gekr\u00f6pfte Zungen Quadrat 7"},"content":{"rendered":"<p>Die<strong> gekr\u00f6pften Zungen<\/strong> von OMR<strong> aus verzinktem Stahl<\/strong> sind die ideale Wahl, um Zuverl\u00e4ssigkeit und Sicherheit f\u00fcr M\u00f6belt\u00fcren, Schubladen usw. zu gew\u00e4hrleisten. Der klappbare Hebel wird an der Innenseite des Schlosses angebracht und ist so konstruiert, dass er bei seiner Drehung in der Schlie\u00dfbleche im Pfosten in die Schlie\u00dfbleche passt, die eventuell mit einer Schlie\u00dfbleche verst\u00e4rkt sind. Die N\u00fctzlichkeit des umgeklappten Hebels liegt auf der Hand, wenn <strong>ein gerader Hebel gegen die M\u00f6belt\u00fcr sto\u00dfen w\u00fcrde<\/strong>, anstatt in den Verschlusssitz zu gelangen. Ein gekr\u00f6pfter Hebel l\u00f6st dieses Problem <strong>, ohne dass Sie ein spezielles oder \u00fcbergro\u00dfes Schloss verwenden m\u00fcssen<\/strong>.  <\/p>\n<p><strong>Hauptmerkmale:<\/strong><\/p>\n<ul>\n<li><strong>Robust und langlebig:<\/strong> Aus hochwertigem verzinktem Stahl gefertigt, bietet der gerade Hebel mit M\u00f6belt\u00fcren von OMR eine lange Lebensdauer und Zuverl\u00e4ssigkeit auch in Umgebungen, die Feuchtigkeit oder widrigen Wetterbedingungen ausgesetzt sind.<\/li>\n<li><strong>Vielseitigkeit in der Anwendung:<\/strong> OMR bietet eine breite Palette von Varianten an, um Ihren spezifischen Bed\u00fcrfnissen gerecht zu werden. Die wichtigsten Katalogvarianten sind hier abgebildet, aber auch gerade M\u00f6belt\u00fcren mit Faltung k\u00f6nnen auf Ma\u00df gefertigt werden. <\/li>\n<li><strong>Einfache Installation:<\/strong> Der gerade Hebel mit Gekr\u00f6pfte ist einfach zu installieren, und seine Konfiguration wurde entwickelt, um den Montageprozess zu vereinfachen und Ihnen Zeit und M\u00fche zu sparen.<\/li>\n<\/ul>\n<p>Entdecken Sie die Standardvarianten der geraden Zungen mit Gekr\u00f6pften, und erleben Sie die Qualit\u00e4t und Pr\u00e4zision von OMR im Bereich der Schlie\u00df- und Sicherheitsl\u00f6sungen.  <strong>Rufen Sie die vollst\u00e4ndige Liste der geraden Zungen mit Gekr\u00f6pften in der Rubrik PRODUKTCODES auf.<\/strong><\/p>\n","protected":false},"excerpt":{"rendered":"<p>Die<strong> gekr\u00f6pften Zungen<\/strong> von OMR<strong> aus verzinktem Stahl<\/strong> sind die ideale Wahl, um Zuverl\u00e4ssigkeit und Sicherheit f\u00fcr M\u00f6belt\u00fcren und -scharniere, Schubladen usw. zu gew\u00e4hrleisten. Der gerade Hebel mit Falte befindet sich auf der Innenseite des Schlosses und ist so konstruiert, dass er <strong>durch Drehen in der Verriegelungsaufnahme im Pfosten<\/strong> reibungslos in seiner Verriegelungsaufnahme einrastet, die eventuell mit einer Schlie\u00dfbleche verst\u00e4rkt ist.<\/p>\n","protected":false},"featured_media":10009,"comment_status":"open","ping_status":"closed","template":"","meta":{"_acf_changed":false,"_et_pb_use_builder":"off","_et_pb_old_content":"Universelle Zungen f\u00fcr Schl\u00f6sser aus gekr\u00f6pftem Stahl 7. Erh\u00e4ltlich in verschiedenen gekr\u00f6pften Ausf\u00fchrungen, auch nach Ma\u00df (siehe Abschnitt Produktcode). ","_et_gb_content_width":""},"product_brand":[],"product_cat":[3775,3813],"product_tag":[],"class_list":{"0":"post-11973","1":"product","2":"type-product","3":"status-publish","4":"has-post-thumbnail","6":"product_cat-produkte","7":"product_cat-schliesshebel","9":"first","10":"instock","11":"shipping-taxable","12":"purchasable","13":"product-type-simple"},"acf":{"pdf1":false},"yoast_head":"<!-- This site is optimized with the Yoast SEO plugin v27.2 - https:\/\/yoast.com\/product\/yoast-seo-wordpress\/ -->\n<title>Gekr\u00f6pfte Zungen Quadrat 7 - OMR Serrature<\/title>\n<meta name=\"robots\" content=\"index, follow, max-snippet:-1, max-image-preview:large, max-video-preview:-1\" \/>\n<link rel=\"canonical\" href=\"https:\/\/www.omrserrature.it\/de\/produkt\/gekropfte-riegel-vkt-7\/\" \/>\n<meta property=\"og:locale\" content=\"de_DE\" \/>\n<meta property=\"og:type\" content=\"article\" \/>\n<meta property=\"og:title\" content=\"Gekr\u00f6pfte Zungen Quadrat 7 - OMR Serrature\" \/>\n<meta property=\"og:description\" content=\"Die gekr\u00f6pften Zungen von OMR aus verzinktem Stahl sind die ideale Wahl, um Zuverl\u00e4ssigkeit und Sicherheit f\u00fcr M\u00f6belt\u00fcren und -scharniere, Schubladen usw. zu gew\u00e4hrleisten. Der gerade Hebel mit Falte befindet sich auf der Innenseite des Schlosses und ist so konstruiert, dass er durch Drehen in der Verriegelungsaufnahme im Pfosten reibungslos in seiner Verriegelungsaufnahme einrastet, die eventuell mit einer Schlie\u00dfbleche verst\u00e4rkt ist.\" \/>\n<meta property=\"og:url\" content=\"https:\/\/www.omrserrature.it\/de\/produkt\/gekropfte-riegel-vkt-7\/\" \/>\n<meta property=\"og:site_name\" content=\"OMR Serrature | Produzione sistemi di chiusura\" \/>\n<meta property=\"article:publisher\" content=\"https:\/\/www.facebook.com\/OMRserrature\" \/>\n<meta property=\"article:modified_time\" content=\"2025-01-10T08:51:45+00:00\" \/>\n<meta property=\"og:image\" content=\"https:\/\/www.omrserrature.it\/wp-content\/uploads\/2019\/02\/leva-piegata-quadro-7-SLEP03893-img.jpg\" \/>\n\t<meta property=\"og:image:width\" content=\"433\" \/>\n\t<meta property=\"og:image:height\" content=\"227\" \/>\n\t<meta property=\"og:image:type\" content=\"image\/jpeg\" \/>\n<meta name=\"twitter:card\" content=\"summary_large_image\" \/>\n<meta name=\"twitter:label1\" content=\"Gesch\u00e4tzte Lesezeit\" \/>\n\t<meta name=\"twitter:data1\" content=\"1\u00a0Minute\" \/>\n<script type=\"application\/ld+json\" class=\"yoast-schema-graph\">{\"@context\":\"https:\/\/schema.org\",\"@graph\":[{\"@type\":\"WebPage\",\"@id\":\"https:\/\/www.omrserrature.it\/de\/produkt\/gekropfte-riegel-vkt-7\/\",\"url\":\"https:\/\/www.omrserrature.it\/de\/produkt\/gekropfte-riegel-vkt-7\/\",\"name\":\"Gekr\u00f6pfte Zungen Quadrat 7 - OMR Serrature\",\"isPartOf\":{\"@id\":\"https:\/\/www.omrserrature.it\/de\/#website\"},\"primaryImageOfPage\":{\"@id\":\"https:\/\/www.omrserrature.it\/de\/produkt\/gekropfte-riegel-vkt-7\/#primaryimage\"},\"image\":{\"@id\":\"https:\/\/www.omrserrature.it\/de\/produkt\/gekropfte-riegel-vkt-7\/#primaryimage\"},\"thumbnailUrl\":\"https:\/\/www.omrserrature.it\/wp-content\/uploads\/2019\/02\/leva-piegata-quadro-7-SLEP03893-img.jpg\",\"datePublished\":\"2017-11-30T13:37:32+00:00\",\"dateModified\":\"2025-01-10T08:51:45+00:00\",\"breadcrumb\":{\"@id\":\"https:\/\/www.omrserrature.it\/de\/produkt\/gekropfte-riegel-vkt-7\/#breadcrumb\"},\"inLanguage\":\"de\",\"potentialAction\":[{\"@type\":\"ReadAction\",\"target\":[\"https:\/\/www.omrserrature.it\/de\/produkt\/gekropfte-riegel-vkt-7\/\"]}]},{\"@type\":\"ImageObject\",\"inLanguage\":\"de\",\"@id\":\"https:\/\/www.omrserrature.it\/de\/produkt\/gekropfte-riegel-vkt-7\/#primaryimage\",\"url\":\"https:\/\/www.omrserrature.it\/wp-content\/uploads\/2019\/02\/leva-piegata-quadro-7-SLEP03893-img.jpg\",\"contentUrl\":\"https:\/\/www.omrserrature.it\/wp-content\/uploads\/2019\/02\/leva-piegata-quadro-7-SLEP03893-img.jpg\",\"width\":433,\"height\":227,\"caption\":\"Verzinkter Stahl Vierkant 7 gekr\u00f6pfte Hebel f\u00fcr Schloss - SLEP03893\"},{\"@type\":\"BreadcrumbList\",\"@id\":\"https:\/\/www.omrserrature.it\/de\/produkt\/gekropfte-riegel-vkt-7\/#breadcrumb\",\"itemListElement\":[{\"@type\":\"ListItem\",\"position\":1,\"name\":\"Home\",\"item\":\"https:\/\/www.omrserrature.it\/de\/omr-serrature-sistemi-chiusura\/\"},{\"@type\":\"ListItem\",\"position\":2,\"name\":\"Katalog\",\"item\":\"https:\/\/www.omrserrature.it\/katalog\/?lang=de\"},{\"@type\":\"ListItem\",\"position\":3,\"name\":\"Produkte\",\"item\":\"https:\/\/www.omrserrature.it\/de\/katalog\/produkte\/\"},{\"@type\":\"ListItem\",\"position\":4,\"name\":\"Gekr\u00f6pfte Hebel vkt. 7\"}]},{\"@type\":\"WebSite\",\"@id\":\"https:\/\/www.omrserrature.it\/de\/#website\",\"url\":\"https:\/\/www.omrserrature.it\/de\/\",\"name\":\"OMR Serrature | Produzione sistemi di chiusura\",\"description\":\"Produzione serrature di sicurezza e sistemi di chiusura\",\"publisher\":{\"@id\":\"https:\/\/www.omrserrature.it\/de\/#organization\"},\"potentialAction\":[{\"@type\":\"SearchAction\",\"target\":{\"@type\":\"EntryPoint\",\"urlTemplate\":\"https:\/\/www.omrserrature.it\/de\/?s={search_term_string}\"},\"query-input\":{\"@type\":\"PropertyValueSpecification\",\"valueRequired\":true,\"valueName\":\"search_term_string\"}}],\"inLanguage\":\"de\"},{\"@type\":\"Organization\",\"@id\":\"https:\/\/www.omrserrature.it\/de\/#organization\",\"name\":\"OMR Serrature | Produzione sistemi di chiusura\",\"url\":\"https:\/\/www.omrserrature.it\/de\/\",\"logo\":{\"@type\":\"ImageObject\",\"inLanguage\":\"de\",\"@id\":\"https:\/\/www.omrserrature.it\/de\/#\/schema\/logo\/image\/\",\"url\":\"https:\/\/www.omrserrature.it\/wp-content\/uploads\/2017\/09\/favicon-omr-114.png\",\"contentUrl\":\"https:\/\/www.omrserrature.it\/wp-content\/uploads\/2017\/09\/favicon-omr-114.png\",\"width\":114,\"height\":114,\"caption\":\"OMR Serrature | Produzione sistemi di chiusura\"},\"image\":{\"@id\":\"https:\/\/www.omrserrature.it\/de\/#\/schema\/logo\/image\/\"},\"sameAs\":[\"https:\/\/www.facebook.com\/OMRserrature\",\"https:\/\/www.linkedin.com\/company\/omrserrature\/\",\"https:\/\/www.youtube.com\/channel\/UCxmA85z2R0EpG_6IRokiAkg\"]}]}<\/script>\n<!-- \/ Yoast SEO plugin. -->","yoast_head_json":{"title":"Gekr\u00f6pfte Zungen Quadrat 7 - OMR Serrature","robots":{"index":"index","follow":"follow","max-snippet":"max-snippet:-1","max-image-preview":"max-image-preview:large","max-video-preview":"max-video-preview:-1"},"canonical":"https:\/\/www.omrserrature.it\/de\/produkt\/gekropfte-riegel-vkt-7\/","og_locale":"de_DE","og_type":"article","og_title":"Gekr\u00f6pfte Zungen Quadrat 7 - OMR Serrature","og_description":"Die gekr\u00f6pften Zungen von OMR aus verzinktem Stahl sind die ideale Wahl, um Zuverl\u00e4ssigkeit und Sicherheit f\u00fcr M\u00f6belt\u00fcren und -scharniere, Schubladen usw. zu gew\u00e4hrleisten. Der gerade Hebel mit Falte befindet sich auf der Innenseite des Schlosses und ist so konstruiert, dass er durch Drehen in der Verriegelungsaufnahme im Pfosten reibungslos in seiner Verriegelungsaufnahme einrastet, die eventuell mit einer Schlie\u00dfbleche verst\u00e4rkt ist.","og_url":"https:\/\/www.omrserrature.it\/de\/produkt\/gekropfte-riegel-vkt-7\/","og_site_name":"OMR Serrature | Produzione sistemi di chiusura","article_publisher":"https:\/\/www.facebook.com\/OMRserrature","article_modified_time":"2025-01-10T08:51:45+00:00","og_image":[{"width":433,"height":227,"url":"https:\/\/www.omrserrature.it\/wp-content\/uploads\/2019\/02\/leva-piegata-quadro-7-SLEP03893-img.jpg","type":"image\/jpeg"}],"twitter_card":"summary_large_image","twitter_misc":{"Gesch\u00e4tzte Lesezeit":"1\u00a0Minute"},"schema":{"@context":"https:\/\/schema.org","@graph":[{"@type":"WebPage","@id":"https:\/\/www.omrserrature.it\/de\/produkt\/gekropfte-riegel-vkt-7\/","url":"https:\/\/www.omrserrature.it\/de\/produkt\/gekropfte-riegel-vkt-7\/","name":"Gekr\u00f6pfte Zungen Quadrat 7 - OMR Serrature","isPartOf":{"@id":"https:\/\/www.omrserrature.it\/de\/#website"},"primaryImageOfPage":{"@id":"https:\/\/www.omrserrature.it\/de\/produkt\/gekropfte-riegel-vkt-7\/#primaryimage"},"image":{"@id":"https:\/\/www.omrserrature.it\/de\/produkt\/gekropfte-riegel-vkt-7\/#primaryimage"},"thumbnailUrl":"https:\/\/www.omrserrature.it\/wp-content\/uploads\/2019\/02\/leva-piegata-quadro-7-SLEP03893-img.jpg","datePublished":"2017-11-30T13:37:32+00:00","dateModified":"2025-01-10T08:51:45+00:00","breadcrumb":{"@id":"https:\/\/www.omrserrature.it\/de\/produkt\/gekropfte-riegel-vkt-7\/#breadcrumb"},"inLanguage":"de","potentialAction":[{"@type":"ReadAction","target":["https:\/\/www.omrserrature.it\/de\/produkt\/gekropfte-riegel-vkt-7\/"]}]},{"@type":"ImageObject","inLanguage":"de","@id":"https:\/\/www.omrserrature.it\/de\/produkt\/gekropfte-riegel-vkt-7\/#primaryimage","url":"https:\/\/www.omrserrature.it\/wp-content\/uploads\/2019\/02\/leva-piegata-quadro-7-SLEP03893-img.jpg","contentUrl":"https:\/\/www.omrserrature.it\/wp-content\/uploads\/2019\/02\/leva-piegata-quadro-7-SLEP03893-img.jpg","width":433,"height":227,"caption":"Verzinkter Stahl Vierkant 7 gekr\u00f6pfte Hebel f\u00fcr Schloss - SLEP03893"},{"@type":"BreadcrumbList","@id":"https:\/\/www.omrserrature.it\/de\/produkt\/gekropfte-riegel-vkt-7\/#breadcrumb","itemListElement":[{"@type":"ListItem","position":1,"name":"Home","item":"https:\/\/www.omrserrature.it\/de\/omr-serrature-sistemi-chiusura\/"},{"@type":"ListItem","position":2,"name":"Katalog","item":"https:\/\/www.omrserrature.it\/katalog\/?lang=de"},{"@type":"ListItem","position":3,"name":"Produkte","item":"https:\/\/www.omrserrature.it\/de\/katalog\/produkte\/"},{"@type":"ListItem","position":4,"name":"Gekr\u00f6pfte Hebel vkt. 7"}]},{"@type":"WebSite","@id":"https:\/\/www.omrserrature.it\/de\/#website","url":"https:\/\/www.omrserrature.it\/de\/","name":"OMR Serrature | Produzione sistemi di chiusura","description":"Produzione serrature di sicurezza e sistemi di chiusura","publisher":{"@id":"https:\/\/www.omrserrature.it\/de\/#organization"},"potentialAction":[{"@type":"SearchAction","target":{"@type":"EntryPoint","urlTemplate":"https:\/\/www.omrserrature.it\/de\/?s={search_term_string}"},"query-input":{"@type":"PropertyValueSpecification","valueRequired":true,"valueName":"search_term_string"}}],"inLanguage":"de"},{"@type":"Organization","@id":"https:\/\/www.omrserrature.it\/de\/#organization","name":"OMR Serrature | Produzione sistemi di chiusura","url":"https:\/\/www.omrserrature.it\/de\/","logo":{"@type":"ImageObject","inLanguage":"de","@id":"https:\/\/www.omrserrature.it\/de\/#\/schema\/logo\/image\/","url":"https:\/\/www.omrserrature.it\/wp-content\/uploads\/2017\/09\/favicon-omr-114.png","contentUrl":"https:\/\/www.omrserrature.it\/wp-content\/uploads\/2017\/09\/favicon-omr-114.png","width":114,"height":114,"caption":"OMR Serrature | Produzione sistemi di chiusura"},"image":{"@id":"https:\/\/www.omrserrature.it\/de\/#\/schema\/logo\/image\/"},"sameAs":["https:\/\/www.facebook.com\/OMRserrature","https:\/\/www.linkedin.com\/company\/omrserrature\/","https:\/\/www.youtube.com\/channel\/UCxmA85z2R0EpG_6IRokiAkg"]}]}},"_links":{"self":[{"href":"https:\/\/www.omrserrature.it\/de\/wp-json\/wp\/v2\/product\/11973","targetHints":{"allow":["GET"]}}],"collection":[{"href":"https:\/\/www.omrserrature.it\/de\/wp-json\/wp\/v2\/product"}],"about":[{"href":"https:\/\/www.omrserrature.it\/de\/wp-json\/wp\/v2\/types\/product"}],"replies":[{"embeddable":true,"href":"https:\/\/www.omrserrature.it\/de\/wp-json\/wp\/v2\/comments?post=11973"}],"wp:featuredmedia":[{"embeddable":true,"href":"https:\/\/www.omrserrature.it\/de\/wp-json\/wp\/v2\/media\/10009"}],"wp:attachment":[{"href":"https:\/\/www.omrserrature.it\/de\/wp-json\/wp\/v2\/media?parent=11973"}],"wp:term":[{"taxonomy":"product_brand","embeddable":true,"href":"https:\/\/www.omrserrature.it\/de\/wp-json\/wp\/v2\/product_brand?post=11973"},{"taxonomy":"product_cat","embeddable":true,"href":"https:\/\/www.omrserrature.it\/de\/wp-json\/wp\/v2\/product_cat?post=11973"},{"taxonomy":"product_tag","embeddable":true,"href":"https:\/\/www.omrserrature.it\/de\/wp-json\/wp\/v2\/product_tag?post=11973"}],"curies":[{"name":"wp","href":"https:\/\/api.w.org\/{rel}","templated":true}]}}