{"id":11972,"date":"2017-11-30T09:30:10","date_gmt":"2017-11-30T08:30:10","guid":{"rendered":"http:\/\/staging6.omrserrature.it\/prodotto\/gerader-schliesshebel-vkt-7\/"},"modified":"2025-01-10T09:01:46","modified_gmt":"2025-01-10T08:01:46","slug":"gerade-riegel-vkt-7","status":"publish","type":"product","link":"https:\/\/www.omrserrature.it\/de\/produkt\/gerade-riegel-vkt-7\/","title":{"rendered":"Quadratische 7 gerade Zungen"},"content":{"rendered":"<p>Unsere <strong>gerade Zunge mit 7-eckigem Ende <\/strong>ist<strong> die Standardwahl f\u00fcr Hebelschl\u00f6sser.<\/strong> Aus hochwertigem verzinktem Stahl gefertigt, bietet diese Zunge ein H\u00f6chstma\u00df an Haltbarkeit und St\u00e4rke. Wie bei jedem OMR-Produkt unterliegt auch die Produktion des Zubeh\u00f6rs strengen Kontrollen, die hohe Qualit\u00e4tsstandards garantieren. Der verzinkte Stahl, aus dem er gefertigt ist<strong>, bietet zus\u00e4tzlichen Schutz vor Korrosion und Verschlei\u00df und gew\u00e4hrleistet eine lange Lebensdauer.<\/strong>  <\/p>\n<p><strong>Die Variationen in Achsabstand, Breite und Dicke bieten eine gro\u00dfe Flexibilit\u00e4t bei der Auswahl<\/strong> und werden den Anforderungen der meisten Projekte gerecht. OMR bietet <strong>eine gro\u00dfe Auswahl an geraden M\u00f6belt\u00fcren mit quadratischen 7 Zungen im Katalog<\/strong>, aber auch die M\u00f6glichkeit, ma\u00dfgeschneiderte <strong>Schl\u00f6sser und Zubeh\u00f6rteile<\/strong> herzustellen, die perfekt zu Ihrem Projekt passen. Entscheiden Sie sich f\u00fcr die geraden M\u00f6belt\u00fcren mit Vierkant 7 von OMR, um ein zuverl\u00e4ssiges und dauerhaftes Ergebnis zu gew\u00e4hrleisten. Hochwertige Materialien und die Liebe zum Detail bei der Qualit\u00e4tskontrolle stehen im Dienste Ihrer Sicherheit und Zufriedenheit. Kontaktieren Sie unser Team, um herauszufinden, wie wir zum Erfolg Ihres Projekts beitragen k\u00f6nnen.<\/p>\n<p><strong>Entdecken Sie alle Zungen im Katalog in der Rubrik &#8218;Produktcodes&#8216;.<\/strong><\/p>\n","protected":false},"excerpt":{"rendered":"<p>Unsere <strong>gerade Zunge mit 7-eckigem Ende <\/strong>ist<strong> die Standardwahl f\u00fcr Hebelschl\u00f6sser.<\/strong> Aus hochwertigem verzinktem Stahl gefertigt, bietet diese Zunge ein H\u00f6chstma\u00df an Haltbarkeit und St\u00e4rke. Wie bei jedem OMR-Produkt unterliegt auch die Produktion des Zubeh\u00f6rs strengen Kontrollen, die hohe Qualit\u00e4tsstandards garantieren. Der verzinkte Stahl, aus dem er gefertigt ist<strong>, bietet zus\u00e4tzlichen Schutz vor Korrosion und Verschlei\u00df und gew\u00e4hrleistet eine lange Lebensdauer.<\/strong>  <\/p>\n","protected":false},"featured_media":10037,"comment_status":"open","ping_status":"closed","template":"","meta":{"_acf_changed":false,"_et_pb_use_builder":"","_et_pb_old_content":"","_et_gb_content_width":""},"product_brand":[],"product_cat":[3775,3813,3816],"product_tag":[],"class_list":{"0":"post-11972","1":"product","2":"type-product","3":"status-publish","4":"has-post-thumbnail","6":"product_cat-produkte","7":"product_cat-schliesshebel","8":"product_cat-zubehor-fur-elektrische-und-elektronische-schlosser","10":"first","11":"instock","12":"shipping-taxable","13":"product-type-simple"},"acf":{"pdf1":false},"yoast_head":"<!-- This site is optimized with the Yoast SEO plugin v27.2 - https:\/\/yoast.com\/product\/yoast-seo-wordpress\/ -->\n<title>Quadratische 7 gerade Zungen - OMR Serrature<\/title>\n<meta name=\"robots\" content=\"index, follow, max-snippet:-1, max-image-preview:large, max-video-preview:-1\" \/>\n<link rel=\"canonical\" href=\"https:\/\/www.omrserrature.it\/de\/produkt\/gerade-riegel-vkt-7\/\" \/>\n<meta property=\"og:locale\" content=\"de_DE\" \/>\n<meta property=\"og:type\" content=\"article\" \/>\n<meta property=\"og:title\" content=\"Quadratische 7 gerade Zungen - OMR Serrature\" \/>\n<meta property=\"og:description\" content=\"Unsere gerade Zunge mit 7-eckigem Ende ist die Standardwahl f\u00fcr Hebelschl\u00f6sser. Aus hochwertigem verzinktem Stahl gefertigt, bietet diese Zunge ein H\u00f6chstma\u00df an Haltbarkeit und St\u00e4rke. Wie bei jedem OMR-Produkt unterliegt auch die Produktion des Zubeh\u00f6rs strengen Kontrollen, die hohe Qualit\u00e4tsstandards garantieren. Der verzinkte Stahl, aus dem er gefertigt ist, bietet zus\u00e4tzlichen Schutz vor Korrosion und Verschlei\u00df und gew\u00e4hrleistet eine lange Lebensdauer.\" \/>\n<meta property=\"og:url\" content=\"https:\/\/www.omrserrature.it\/de\/produkt\/gerade-riegel-vkt-7\/\" \/>\n<meta property=\"og:site_name\" content=\"OMR Serrature | Produzione sistemi di chiusura\" \/>\n<meta property=\"article:publisher\" content=\"https:\/\/www.facebook.com\/OMRserrature\" \/>\n<meta property=\"article:modified_time\" content=\"2025-01-10T08:01:46+00:00\" \/>\n<meta property=\"og:image\" content=\"https:\/\/www.omrserrature.it\/wp-content\/uploads\/2019\/02\/leva-dritta-quadro-7-SLED04558-img.jpg\" \/>\n\t<meta property=\"og:image:width\" content=\"529\" \/>\n\t<meta property=\"og:image:height\" content=\"259\" \/>\n\t<meta property=\"og:image:type\" content=\"image\/jpeg\" \/>\n<meta name=\"twitter:card\" content=\"summary_large_image\" \/>\n<meta name=\"twitter:label1\" content=\"Gesch\u00e4tzte Lesezeit\" \/>\n\t<meta name=\"twitter:data1\" content=\"1\u00a0Minute\" \/>\n<script type=\"application\/ld+json\" class=\"yoast-schema-graph\">{\"@context\":\"https:\/\/schema.org\",\"@graph\":[{\"@type\":\"WebPage\",\"@id\":\"https:\/\/www.omrserrature.it\/de\/produkt\/gerade-riegel-vkt-7\/\",\"url\":\"https:\/\/www.omrserrature.it\/de\/produkt\/gerade-riegel-vkt-7\/\",\"name\":\"Quadratische 7 gerade Zungen - OMR Serrature\",\"isPartOf\":{\"@id\":\"https:\/\/www.omrserrature.it\/de\/#website\"},\"primaryImageOfPage\":{\"@id\":\"https:\/\/www.omrserrature.it\/de\/produkt\/gerade-riegel-vkt-7\/#primaryimage\"},\"image\":{\"@id\":\"https:\/\/www.omrserrature.it\/de\/produkt\/gerade-riegel-vkt-7\/#primaryimage\"},\"thumbnailUrl\":\"https:\/\/www.omrserrature.it\/wp-content\/uploads\/2019\/02\/leva-dritta-quadro-7-SLED04558-img.jpg\",\"datePublished\":\"2017-11-30T08:30:10+00:00\",\"dateModified\":\"2025-01-10T08:01:46+00:00\",\"breadcrumb\":{\"@id\":\"https:\/\/www.omrserrature.it\/de\/produkt\/gerade-riegel-vkt-7\/#breadcrumb\"},\"inLanguage\":\"de\",\"potentialAction\":[{\"@type\":\"ReadAction\",\"target\":[\"https:\/\/www.omrserrature.it\/de\/produkt\/gerade-riegel-vkt-7\/\"]}]},{\"@type\":\"ImageObject\",\"inLanguage\":\"de\",\"@id\":\"https:\/\/www.omrserrature.it\/de\/produkt\/gerade-riegel-vkt-7\/#primaryimage\",\"url\":\"https:\/\/www.omrserrature.it\/wp-content\/uploads\/2019\/02\/leva-dritta-quadro-7-SLED04558-img.jpg\",\"contentUrl\":\"https:\/\/www.omrserrature.it\/wp-content\/uploads\/2019\/02\/leva-dritta-quadro-7-SLED04558-img.jpg\",\"width\":529,\"height\":259,\"caption\":\"Gerader Hebel vkt. 7 aus verzinktem Stahl f\u00fcr Schloss - SLED04558\"},{\"@type\":\"BreadcrumbList\",\"@id\":\"https:\/\/www.omrserrature.it\/de\/produkt\/gerade-riegel-vkt-7\/#breadcrumb\",\"itemListElement\":[{\"@type\":\"ListItem\",\"position\":1,\"name\":\"Home\",\"item\":\"https:\/\/www.omrserrature.it\/de\/omr-serrature-sistemi-chiusura\/\"},{\"@type\":\"ListItem\",\"position\":2,\"name\":\"Katalog\",\"item\":\"https:\/\/www.omrserrature.it\/katalog\/?lang=de\"},{\"@type\":\"ListItem\",\"position\":3,\"name\":\"Produkte\",\"item\":\"https:\/\/www.omrserrature.it\/de\/katalog\/produkte\/\"},{\"@type\":\"ListItem\",\"position\":4,\"name\":\"Gerade Hebel vkt. 7\"}]},{\"@type\":\"WebSite\",\"@id\":\"https:\/\/www.omrserrature.it\/de\/#website\",\"url\":\"https:\/\/www.omrserrature.it\/de\/\",\"name\":\"OMR Serrature | Produzione sistemi di chiusura\",\"description\":\"Produzione serrature di sicurezza e sistemi di chiusura\",\"publisher\":{\"@id\":\"https:\/\/www.omrserrature.it\/de\/#organization\"},\"potentialAction\":[{\"@type\":\"SearchAction\",\"target\":{\"@type\":\"EntryPoint\",\"urlTemplate\":\"https:\/\/www.omrserrature.it\/de\/?s={search_term_string}\"},\"query-input\":{\"@type\":\"PropertyValueSpecification\",\"valueRequired\":true,\"valueName\":\"search_term_string\"}}],\"inLanguage\":\"de\"},{\"@type\":\"Organization\",\"@id\":\"https:\/\/www.omrserrature.it\/de\/#organization\",\"name\":\"OMR Serrature | Produzione sistemi di chiusura\",\"url\":\"https:\/\/www.omrserrature.it\/de\/\",\"logo\":{\"@type\":\"ImageObject\",\"inLanguage\":\"de\",\"@id\":\"https:\/\/www.omrserrature.it\/de\/#\/schema\/logo\/image\/\",\"url\":\"https:\/\/www.omrserrature.it\/wp-content\/uploads\/2017\/09\/favicon-omr-114.png\",\"contentUrl\":\"https:\/\/www.omrserrature.it\/wp-content\/uploads\/2017\/09\/favicon-omr-114.png\",\"width\":114,\"height\":114,\"caption\":\"OMR Serrature | Produzione sistemi di chiusura\"},\"image\":{\"@id\":\"https:\/\/www.omrserrature.it\/de\/#\/schema\/logo\/image\/\"},\"sameAs\":[\"https:\/\/www.facebook.com\/OMRserrature\",\"https:\/\/www.linkedin.com\/company\/omrserrature\/\",\"https:\/\/www.youtube.com\/channel\/UCxmA85z2R0EpG_6IRokiAkg\"]}]}<\/script>\n<!-- \/ Yoast SEO plugin. -->","yoast_head_json":{"title":"Quadratische 7 gerade Zungen - OMR Serrature","robots":{"index":"index","follow":"follow","max-snippet":"max-snippet:-1","max-image-preview":"max-image-preview:large","max-video-preview":"max-video-preview:-1"},"canonical":"https:\/\/www.omrserrature.it\/de\/produkt\/gerade-riegel-vkt-7\/","og_locale":"de_DE","og_type":"article","og_title":"Quadratische 7 gerade Zungen - OMR Serrature","og_description":"Unsere gerade Zunge mit 7-eckigem Ende ist die Standardwahl f\u00fcr Hebelschl\u00f6sser. Aus hochwertigem verzinktem Stahl gefertigt, bietet diese Zunge ein H\u00f6chstma\u00df an Haltbarkeit und St\u00e4rke. Wie bei jedem OMR-Produkt unterliegt auch die Produktion des Zubeh\u00f6rs strengen Kontrollen, die hohe Qualit\u00e4tsstandards garantieren. Der verzinkte Stahl, aus dem er gefertigt ist, bietet zus\u00e4tzlichen Schutz vor Korrosion und Verschlei\u00df und gew\u00e4hrleistet eine lange Lebensdauer.","og_url":"https:\/\/www.omrserrature.it\/de\/produkt\/gerade-riegel-vkt-7\/","og_site_name":"OMR Serrature | Produzione sistemi di chiusura","article_publisher":"https:\/\/www.facebook.com\/OMRserrature","article_modified_time":"2025-01-10T08:01:46+00:00","og_image":[{"width":529,"height":259,"url":"https:\/\/www.omrserrature.it\/wp-content\/uploads\/2019\/02\/leva-dritta-quadro-7-SLED04558-img.jpg","type":"image\/jpeg"}],"twitter_card":"summary_large_image","twitter_misc":{"Gesch\u00e4tzte Lesezeit":"1\u00a0Minute"},"schema":{"@context":"https:\/\/schema.org","@graph":[{"@type":"WebPage","@id":"https:\/\/www.omrserrature.it\/de\/produkt\/gerade-riegel-vkt-7\/","url":"https:\/\/www.omrserrature.it\/de\/produkt\/gerade-riegel-vkt-7\/","name":"Quadratische 7 gerade Zungen - OMR Serrature","isPartOf":{"@id":"https:\/\/www.omrserrature.it\/de\/#website"},"primaryImageOfPage":{"@id":"https:\/\/www.omrserrature.it\/de\/produkt\/gerade-riegel-vkt-7\/#primaryimage"},"image":{"@id":"https:\/\/www.omrserrature.it\/de\/produkt\/gerade-riegel-vkt-7\/#primaryimage"},"thumbnailUrl":"https:\/\/www.omrserrature.it\/wp-content\/uploads\/2019\/02\/leva-dritta-quadro-7-SLED04558-img.jpg","datePublished":"2017-11-30T08:30:10+00:00","dateModified":"2025-01-10T08:01:46+00:00","breadcrumb":{"@id":"https:\/\/www.omrserrature.it\/de\/produkt\/gerade-riegel-vkt-7\/#breadcrumb"},"inLanguage":"de","potentialAction":[{"@type":"ReadAction","target":["https:\/\/www.omrserrature.it\/de\/produkt\/gerade-riegel-vkt-7\/"]}]},{"@type":"ImageObject","inLanguage":"de","@id":"https:\/\/www.omrserrature.it\/de\/produkt\/gerade-riegel-vkt-7\/#primaryimage","url":"https:\/\/www.omrserrature.it\/wp-content\/uploads\/2019\/02\/leva-dritta-quadro-7-SLED04558-img.jpg","contentUrl":"https:\/\/www.omrserrature.it\/wp-content\/uploads\/2019\/02\/leva-dritta-quadro-7-SLED04558-img.jpg","width":529,"height":259,"caption":"Gerader Hebel vkt. 7 aus verzinktem Stahl f\u00fcr Schloss - SLED04558"},{"@type":"BreadcrumbList","@id":"https:\/\/www.omrserrature.it\/de\/produkt\/gerade-riegel-vkt-7\/#breadcrumb","itemListElement":[{"@type":"ListItem","position":1,"name":"Home","item":"https:\/\/www.omrserrature.it\/de\/omr-serrature-sistemi-chiusura\/"},{"@type":"ListItem","position":2,"name":"Katalog","item":"https:\/\/www.omrserrature.it\/katalog\/?lang=de"},{"@type":"ListItem","position":3,"name":"Produkte","item":"https:\/\/www.omrserrature.it\/de\/katalog\/produkte\/"},{"@type":"ListItem","position":4,"name":"Gerade Hebel vkt. 7"}]},{"@type":"WebSite","@id":"https:\/\/www.omrserrature.it\/de\/#website","url":"https:\/\/www.omrserrature.it\/de\/","name":"OMR Serrature | Produzione sistemi di chiusura","description":"Produzione serrature di sicurezza e sistemi di chiusura","publisher":{"@id":"https:\/\/www.omrserrature.it\/de\/#organization"},"potentialAction":[{"@type":"SearchAction","target":{"@type":"EntryPoint","urlTemplate":"https:\/\/www.omrserrature.it\/de\/?s={search_term_string}"},"query-input":{"@type":"PropertyValueSpecification","valueRequired":true,"valueName":"search_term_string"}}],"inLanguage":"de"},{"@type":"Organization","@id":"https:\/\/www.omrserrature.it\/de\/#organization","name":"OMR Serrature | Produzione sistemi di chiusura","url":"https:\/\/www.omrserrature.it\/de\/","logo":{"@type":"ImageObject","inLanguage":"de","@id":"https:\/\/www.omrserrature.it\/de\/#\/schema\/logo\/image\/","url":"https:\/\/www.omrserrature.it\/wp-content\/uploads\/2017\/09\/favicon-omr-114.png","contentUrl":"https:\/\/www.omrserrature.it\/wp-content\/uploads\/2017\/09\/favicon-omr-114.png","width":114,"height":114,"caption":"OMR Serrature | Produzione sistemi di chiusura"},"image":{"@id":"https:\/\/www.omrserrature.it\/de\/#\/schema\/logo\/image\/"},"sameAs":["https:\/\/www.facebook.com\/OMRserrature","https:\/\/www.linkedin.com\/company\/omrserrature\/","https:\/\/www.youtube.com\/channel\/UCxmA85z2R0EpG_6IRokiAkg"]}]}},"_links":{"self":[{"href":"https:\/\/www.omrserrature.it\/de\/wp-json\/wp\/v2\/product\/11972","targetHints":{"allow":["GET"]}}],"collection":[{"href":"https:\/\/www.omrserrature.it\/de\/wp-json\/wp\/v2\/product"}],"about":[{"href":"https:\/\/www.omrserrature.it\/de\/wp-json\/wp\/v2\/types\/product"}],"replies":[{"embeddable":true,"href":"https:\/\/www.omrserrature.it\/de\/wp-json\/wp\/v2\/comments?post=11972"}],"wp:featuredmedia":[{"embeddable":true,"href":"https:\/\/www.omrserrature.it\/de\/wp-json\/wp\/v2\/media\/10037"}],"wp:attachment":[{"href":"https:\/\/www.omrserrature.it\/de\/wp-json\/wp\/v2\/media?parent=11972"}],"wp:term":[{"taxonomy":"product_brand","embeddable":true,"href":"https:\/\/www.omrserrature.it\/de\/wp-json\/wp\/v2\/product_brand?post=11972"},{"taxonomy":"product_cat","embeddable":true,"href":"https:\/\/www.omrserrature.it\/de\/wp-json\/wp\/v2\/product_cat?post=11972"},{"taxonomy":"product_tag","embeddable":true,"href":"https:\/\/www.omrserrature.it\/de\/wp-json\/wp\/v2\/product_tag?post=11972"}],"curies":[{"name":"wp","href":"https:\/\/api.w.org\/{rel}","templated":true}]}}