{"id":11968,"date":"2018-07-13T11:36:53","date_gmt":"2013-07-18T09:36:00","guid":{"rendered":"http:\/\/staging6.omrserrature.it\/prodotto\/distanzstuck-fur-schlosser-220315-und-220317\/"},"modified":"2026-04-08T11:54:07","modified_gmt":"2026-04-08T09:54:07","slug":"distanzstuck-schlosser-220315-220317","status":"publish","type":"product","link":"https:\/\/www.omrserrature.it\/de\/produkt\/distanzstuck-schlosser-220315-220317\/","title":{"rendered":"Distanzst\u00fcck f\u00fcr Schl\u00f6sser 220315 und 220317"},"content":{"rendered":"<p>Der <strong>schwarze Kunststoff-Abstandhalter<\/strong> f\u00fcr das <a href=\"https:\/\/www.omrserrature.it\/de\/serratura-porte-scorrevoli-2\/\" target=\"_blank\" rel=\"noopener\">Schiebet\u00fcrschloss &#8211; Modell 220315<\/a> ist ein Zubeh\u00f6rteil, das f\u00fcr eine perfekte Installation des Schiebet\u00fcrschlosses entwickelt wurde. Dieser Abstandshalter wurde speziell entwickelt, um das Problem von T\u00fcren zu l\u00f6sen, deren Dicke unter dem Standard liegt, f\u00fcr den das Schloss urspr\u00fcnglich entwickelt wurde. Der aus hochwertigen Materialien gefertigte Abstandshalter ist robust und langlebig und erg\u00e4nzt das Design von Schloss und M\u00f6belt\u00fcr.  <\/p>\n<p>Die Verwendung dieser Unterlegscheibe ist einfach und intuitiv: Sie wird einfach zwischen das Schloss und die M\u00f6belt\u00fcr gelegt und erm\u00f6glicht eine pr\u00e4zise Anpassung, um die geringere Dicke der T\u00fcr auszugleichen und eine sichere und stabile Installation zu gew\u00e4hrleisten.<\/p>\n","protected":false},"excerpt":{"rendered":"<p>Der <strong>schwarze Kunststoff-Abstandhalter<\/strong> f\u00fcr das <a href=\"https:\/\/www.omrserrature.it\/de\/serratura-porte-scorrevoli-2\/\" target=\"_blank\" rel=\"noopener\">Schloss Modell 220315<\/a> ist ein Zubeh\u00f6rteil, das f\u00fcr eine perfekte Installation des <strong>Schiebet\u00fcrschlosses<\/strong> sorgt.<\/p>\n","protected":false},"featured_media":21545,"comment_status":"open","ping_status":"closed","template":"","meta":{"_acf_changed":false,"_et_pb_use_builder":"","_et_pb_old_content":"","_et_gb_content_width":""},"product_brand":[],"product_cat":[3812,3775],"product_tag":[],"class_list":{"0":"post-11968","1":"product","2":"type-product","3":"status-publish","4":"has-post-thumbnail","6":"product_cat-abstandshalter-und-adapter","7":"product_cat-produkte","9":"first","10":"instock","11":"shipping-taxable","12":"product-type-simple"},"acf":{"pdf1":false},"yoast_head":"<!-- This site is optimized with the Yoast SEO plugin v27.2 - https:\/\/yoast.com\/product\/yoast-seo-wordpress\/ -->\n<title>Distanzst\u00fcck f\u00fcr Schl\u00f6sser 220315 und 220317 - OMR Serrature<\/title>\n<meta name=\"robots\" content=\"index, follow, max-snippet:-1, max-image-preview:large, max-video-preview:-1\" \/>\n<link rel=\"canonical\" href=\"https:\/\/www.omrserrature.it\/de\/produkt\/distanzstuck-schlosser-220315-220317\/\" \/>\n<meta property=\"og:locale\" content=\"de_DE\" \/>\n<meta property=\"og:type\" content=\"article\" \/>\n<meta property=\"og:title\" content=\"Distanzst\u00fcck f\u00fcr Schl\u00f6sser 220315 und 220317 - OMR Serrature\" \/>\n<meta property=\"og:description\" content=\"Der schwarze Kunststoff-Abstandhalter f\u00fcr das Schloss Modell 220315 ist ein Zubeh\u00f6rteil, das f\u00fcr eine perfekte Installation des Schiebet\u00fcrschlosses sorgt.\" \/>\n<meta property=\"og:url\" content=\"https:\/\/www.omrserrature.it\/de\/produkt\/distanzstuck-schlosser-220315-220317\/\" \/>\n<meta property=\"og:site_name\" content=\"OMR Serrature | Produzione sistemi di chiusura\" \/>\n<meta property=\"article:publisher\" content=\"https:\/\/www.facebook.com\/OMRserrature\" \/>\n<meta property=\"article:modified_time\" content=\"2026-04-08T09:54:07+00:00\" \/>\n<meta property=\"og:image\" content=\"https:\/\/www.omrserrature.it\/wp-content\/uploads\/2018\/07\/SDIS00167_riduzione-in-platica-nera.jpeg\" \/>\n\t<meta property=\"og:image:width\" content=\"1000\" \/>\n\t<meta property=\"og:image:height\" content=\"1000\" \/>\n\t<meta property=\"og:image:type\" content=\"image\/jpeg\" \/>\n<meta name=\"twitter:card\" content=\"summary_large_image\" \/>\n<meta name=\"twitter:label1\" content=\"Gesch\u00e4tzte Lesezeit\" \/>\n\t<meta name=\"twitter:data1\" content=\"1\u00a0Minute\" \/>\n<script type=\"application\/ld+json\" class=\"yoast-schema-graph\">{\"@context\":\"https:\/\/schema.org\",\"@graph\":[{\"@type\":\"WebPage\",\"@id\":\"https:\/\/www.omrserrature.it\/de\/produkt\/distanzstuck-schlosser-220315-220317\/\",\"url\":\"https:\/\/www.omrserrature.it\/de\/produkt\/distanzstuck-schlosser-220315-220317\/\",\"name\":\"Distanzst\u00fcck f\u00fcr Schl\u00f6sser 220315 und 220317 - OMR Serrature\",\"isPartOf\":{\"@id\":\"https:\/\/www.omrserrature.it\/de\/#website\"},\"primaryImageOfPage\":{\"@id\":\"https:\/\/www.omrserrature.it\/de\/produkt\/distanzstuck-schlosser-220315-220317\/#primaryimage\"},\"image\":{\"@id\":\"https:\/\/www.omrserrature.it\/de\/produkt\/distanzstuck-schlosser-220315-220317\/#primaryimage\"},\"thumbnailUrl\":\"https:\/\/www.omrserrature.it\/wp-content\/uploads\/2018\/07\/SDIS00167_riduzione-in-platica-nera.jpeg\",\"datePublished\":\"2013-07-18T09:36:00+00:00\",\"dateModified\":\"2026-04-08T09:54:07+00:00\",\"breadcrumb\":{\"@id\":\"https:\/\/www.omrserrature.it\/de\/produkt\/distanzstuck-schlosser-220315-220317\/#breadcrumb\"},\"inLanguage\":\"de\",\"potentialAction\":[{\"@type\":\"ReadAction\",\"target\":[\"https:\/\/www.omrserrature.it\/de\/produkt\/distanzstuck-schlosser-220315-220317\/\"]}]},{\"@type\":\"ImageObject\",\"inLanguage\":\"de\",\"@id\":\"https:\/\/www.omrserrature.it\/de\/produkt\/distanzstuck-schlosser-220315-220317\/#primaryimage\",\"url\":\"https:\/\/www.omrserrature.it\/wp-content\/uploads\/2018\/07\/SDIS00167_riduzione-in-platica-nera.jpeg\",\"contentUrl\":\"https:\/\/www.omrserrature.it\/wp-content\/uploads\/2018\/07\/SDIS00167_riduzione-in-platica-nera.jpeg\",\"width\":1000,\"height\":1000,\"caption\":\"SDIS00167_distanzstueck-kunststoff-schwarz\"},{\"@type\":\"BreadcrumbList\",\"@id\":\"https:\/\/www.omrserrature.it\/de\/produkt\/distanzstuck-schlosser-220315-220317\/#breadcrumb\",\"itemListElement\":[{\"@type\":\"ListItem\",\"position\":1,\"name\":\"Home\",\"item\":\"https:\/\/www.omrserrature.it\/de\/omr-serrature-sistemi-chiusura\/\"},{\"@type\":\"ListItem\",\"position\":2,\"name\":\"Katalog\",\"item\":\"https:\/\/www.omrserrature.it\/katalog\/?lang=de\"},{\"@type\":\"ListItem\",\"position\":3,\"name\":\"Produkte\",\"item\":\"https:\/\/www.omrserrature.it\/de\/katalog\/produkte\/\"},{\"@type\":\"ListItem\",\"position\":4,\"name\":\"Distanzst\u00fcck f\u00fcr Schl\u00f6sser 220315 und 220317\"}]},{\"@type\":\"WebSite\",\"@id\":\"https:\/\/www.omrserrature.it\/de\/#website\",\"url\":\"https:\/\/www.omrserrature.it\/de\/\",\"name\":\"OMR Serrature | Produzione sistemi di chiusura\",\"description\":\"Produzione serrature di sicurezza e sistemi di chiusura\",\"publisher\":{\"@id\":\"https:\/\/www.omrserrature.it\/de\/#organization\"},\"potentialAction\":[{\"@type\":\"SearchAction\",\"target\":{\"@type\":\"EntryPoint\",\"urlTemplate\":\"https:\/\/www.omrserrature.it\/de\/?s={search_term_string}\"},\"query-input\":{\"@type\":\"PropertyValueSpecification\",\"valueRequired\":true,\"valueName\":\"search_term_string\"}}],\"inLanguage\":\"de\"},{\"@type\":\"Organization\",\"@id\":\"https:\/\/www.omrserrature.it\/de\/#organization\",\"name\":\"OMR Serrature | Produzione sistemi di chiusura\",\"url\":\"https:\/\/www.omrserrature.it\/de\/\",\"logo\":{\"@type\":\"ImageObject\",\"inLanguage\":\"de\",\"@id\":\"https:\/\/www.omrserrature.it\/de\/#\/schema\/logo\/image\/\",\"url\":\"https:\/\/www.omrserrature.it\/wp-content\/uploads\/2017\/09\/favicon-omr-114.png\",\"contentUrl\":\"https:\/\/www.omrserrature.it\/wp-content\/uploads\/2017\/09\/favicon-omr-114.png\",\"width\":114,\"height\":114,\"caption\":\"OMR Serrature | Produzione sistemi di chiusura\"},\"image\":{\"@id\":\"https:\/\/www.omrserrature.it\/de\/#\/schema\/logo\/image\/\"},\"sameAs\":[\"https:\/\/www.facebook.com\/OMRserrature\",\"https:\/\/www.linkedin.com\/company\/omrserrature\/\",\"https:\/\/www.youtube.com\/channel\/UCxmA85z2R0EpG_6IRokiAkg\"]}]}<\/script>\n<!-- \/ Yoast SEO plugin. -->","yoast_head_json":{"title":"Distanzst\u00fcck f\u00fcr Schl\u00f6sser 220315 und 220317 - OMR Serrature","robots":{"index":"index","follow":"follow","max-snippet":"max-snippet:-1","max-image-preview":"max-image-preview:large","max-video-preview":"max-video-preview:-1"},"canonical":"https:\/\/www.omrserrature.it\/de\/produkt\/distanzstuck-schlosser-220315-220317\/","og_locale":"de_DE","og_type":"article","og_title":"Distanzst\u00fcck f\u00fcr Schl\u00f6sser 220315 und 220317 - OMR Serrature","og_description":"Der schwarze Kunststoff-Abstandhalter f\u00fcr das Schloss Modell 220315 ist ein Zubeh\u00f6rteil, das f\u00fcr eine perfekte Installation des Schiebet\u00fcrschlosses sorgt.","og_url":"https:\/\/www.omrserrature.it\/de\/produkt\/distanzstuck-schlosser-220315-220317\/","og_site_name":"OMR Serrature | Produzione sistemi di chiusura","article_publisher":"https:\/\/www.facebook.com\/OMRserrature","article_modified_time":"2026-04-08T09:54:07+00:00","og_image":[{"width":1000,"height":1000,"url":"https:\/\/www.omrserrature.it\/wp-content\/uploads\/2018\/07\/SDIS00167_riduzione-in-platica-nera.jpeg","type":"image\/jpeg"}],"twitter_card":"summary_large_image","twitter_misc":{"Gesch\u00e4tzte Lesezeit":"1\u00a0Minute"},"schema":{"@context":"https:\/\/schema.org","@graph":[{"@type":"WebPage","@id":"https:\/\/www.omrserrature.it\/de\/produkt\/distanzstuck-schlosser-220315-220317\/","url":"https:\/\/www.omrserrature.it\/de\/produkt\/distanzstuck-schlosser-220315-220317\/","name":"Distanzst\u00fcck f\u00fcr Schl\u00f6sser 220315 und 220317 - OMR Serrature","isPartOf":{"@id":"https:\/\/www.omrserrature.it\/de\/#website"},"primaryImageOfPage":{"@id":"https:\/\/www.omrserrature.it\/de\/produkt\/distanzstuck-schlosser-220315-220317\/#primaryimage"},"image":{"@id":"https:\/\/www.omrserrature.it\/de\/produkt\/distanzstuck-schlosser-220315-220317\/#primaryimage"},"thumbnailUrl":"https:\/\/www.omrserrature.it\/wp-content\/uploads\/2018\/07\/SDIS00167_riduzione-in-platica-nera.jpeg","datePublished":"2013-07-18T09:36:00+00:00","dateModified":"2026-04-08T09:54:07+00:00","breadcrumb":{"@id":"https:\/\/www.omrserrature.it\/de\/produkt\/distanzstuck-schlosser-220315-220317\/#breadcrumb"},"inLanguage":"de","potentialAction":[{"@type":"ReadAction","target":["https:\/\/www.omrserrature.it\/de\/produkt\/distanzstuck-schlosser-220315-220317\/"]}]},{"@type":"ImageObject","inLanguage":"de","@id":"https:\/\/www.omrserrature.it\/de\/produkt\/distanzstuck-schlosser-220315-220317\/#primaryimage","url":"https:\/\/www.omrserrature.it\/wp-content\/uploads\/2018\/07\/SDIS00167_riduzione-in-platica-nera.jpeg","contentUrl":"https:\/\/www.omrserrature.it\/wp-content\/uploads\/2018\/07\/SDIS00167_riduzione-in-platica-nera.jpeg","width":1000,"height":1000,"caption":"SDIS00167_distanzstueck-kunststoff-schwarz"},{"@type":"BreadcrumbList","@id":"https:\/\/www.omrserrature.it\/de\/produkt\/distanzstuck-schlosser-220315-220317\/#breadcrumb","itemListElement":[{"@type":"ListItem","position":1,"name":"Home","item":"https:\/\/www.omrserrature.it\/de\/omr-serrature-sistemi-chiusura\/"},{"@type":"ListItem","position":2,"name":"Katalog","item":"https:\/\/www.omrserrature.it\/katalog\/?lang=de"},{"@type":"ListItem","position":3,"name":"Produkte","item":"https:\/\/www.omrserrature.it\/de\/katalog\/produkte\/"},{"@type":"ListItem","position":4,"name":"Distanzst\u00fcck f\u00fcr Schl\u00f6sser 220315 und 220317"}]},{"@type":"WebSite","@id":"https:\/\/www.omrserrature.it\/de\/#website","url":"https:\/\/www.omrserrature.it\/de\/","name":"OMR Serrature | Produzione sistemi di chiusura","description":"Produzione serrature di sicurezza e sistemi di chiusura","publisher":{"@id":"https:\/\/www.omrserrature.it\/de\/#organization"},"potentialAction":[{"@type":"SearchAction","target":{"@type":"EntryPoint","urlTemplate":"https:\/\/www.omrserrature.it\/de\/?s={search_term_string}"},"query-input":{"@type":"PropertyValueSpecification","valueRequired":true,"valueName":"search_term_string"}}],"inLanguage":"de"},{"@type":"Organization","@id":"https:\/\/www.omrserrature.it\/de\/#organization","name":"OMR Serrature | Produzione sistemi di chiusura","url":"https:\/\/www.omrserrature.it\/de\/","logo":{"@type":"ImageObject","inLanguage":"de","@id":"https:\/\/www.omrserrature.it\/de\/#\/schema\/logo\/image\/","url":"https:\/\/www.omrserrature.it\/wp-content\/uploads\/2017\/09\/favicon-omr-114.png","contentUrl":"https:\/\/www.omrserrature.it\/wp-content\/uploads\/2017\/09\/favicon-omr-114.png","width":114,"height":114,"caption":"OMR Serrature | Produzione sistemi di chiusura"},"image":{"@id":"https:\/\/www.omrserrature.it\/de\/#\/schema\/logo\/image\/"},"sameAs":["https:\/\/www.facebook.com\/OMRserrature","https:\/\/www.linkedin.com\/company\/omrserrature\/","https:\/\/www.youtube.com\/channel\/UCxmA85z2R0EpG_6IRokiAkg"]}]}},"_links":{"self":[{"href":"https:\/\/www.omrserrature.it\/de\/wp-json\/wp\/v2\/product\/11968","targetHints":{"allow":["GET"]}}],"collection":[{"href":"https:\/\/www.omrserrature.it\/de\/wp-json\/wp\/v2\/product"}],"about":[{"href":"https:\/\/www.omrserrature.it\/de\/wp-json\/wp\/v2\/types\/product"}],"replies":[{"embeddable":true,"href":"https:\/\/www.omrserrature.it\/de\/wp-json\/wp\/v2\/comments?post=11968"}],"wp:featuredmedia":[{"embeddable":true,"href":"https:\/\/www.omrserrature.it\/de\/wp-json\/wp\/v2\/media\/21545"}],"wp:attachment":[{"href":"https:\/\/www.omrserrature.it\/de\/wp-json\/wp\/v2\/media?parent=11968"}],"wp:term":[{"taxonomy":"product_brand","embeddable":true,"href":"https:\/\/www.omrserrature.it\/de\/wp-json\/wp\/v2\/product_brand?post=11968"},{"taxonomy":"product_cat","embeddable":true,"href":"https:\/\/www.omrserrature.it\/de\/wp-json\/wp\/v2\/product_cat?post=11968"},{"taxonomy":"product_tag","embeddable":true,"href":"https:\/\/www.omrserrature.it\/de\/wp-json\/wp\/v2\/product_tag?post=11968"}],"curies":[{"name":"wp","href":"https:\/\/api.w.org\/{rel}","templated":true}]}}