{"id":11949,"date":"2019-02-27T15:16:34","date_gmt":"2023-02-19T14:16:00","guid":{"rendered":"http:\/\/staging6.omrserrature.it\/prodotto\/unterlegscheibe\/"},"modified":"2026-04-08T11:37:24","modified_gmt":"2026-04-08T09:37:24","slug":"unterlegscheibe","status":"publish","type":"product","link":"https:\/\/www.omrserrature.it\/de\/produkt\/unterlegscheibe\/","title":{"rendered":"Unterlegscheiben"},"content":{"rendered":"<p>OMR hat sich dem &#8222;Made in Italy&#8220; verschrieben und verwaltet daher jede Phase des Produktionsprozesses im eigenen Haus, von der Auswahl der Rohstoffe bis zur Auslieferung an den Kunden. Dies erm\u00f6glicht es uns, eine breite Palette von Unterlegscheiben anzubieten, die f\u00fcr eine Vielzahl von spezifischen Anforderungen an Schl\u00f6sser entwickelt wurden. Unsere Unterlegscheiben sind in einer gro\u00dfen Auswahl an Gr\u00f6\u00dfen, Formen und Materialien erh\u00e4ltlich, die jeweils die perfekte L\u00f6sung f\u00fcr Ihre Anwendung bieten. Ganz gleich, ob Sie Standardunterlegscheiben oder ma\u00dfgeschneiderte L\u00f6sungen suchen, OMR hilft Ihnen gerne bei Ihrem Sicherheitsprojekt.   <\/p>\n<p><strong>Hochwertige Materialien:<\/strong><\/p>\n<ul>\n<li><strong>Stahl<\/strong>: F\u00fcr \u00fcberlegene St\u00e4rke und Haltbarkeit.<\/li>\n<li><strong>Fasern<\/strong>: Ideal f\u00fcr Anwendungen, die Isolierung und Druckfestigkeit erfordern.<\/li>\n<li><strong>Gummi<\/strong>: Perfekt zum Abdichten und Polstern und gleichzeitig witterungsbest\u00e4ndig.<\/li>\n<li><strong>Nylon<\/strong>: Leicht und korrosionsbest\u00e4ndig, optimal f\u00fcr Anwendungen, die weniger Gewicht erfordern.<\/li>\n<\/ul>\n<p>Auf dieser Seite pr\u00e4sentieren wir Ihnen eine Auswahl der am h\u00e4ufigsten verwendeten Unterlegscheiben f\u00fcr OMR Schl\u00f6sser. Jede Scheibe ist so konzipiert, dass sie optimale Leistung bietet und gleichzeitig hohe Qualit\u00e4t und Zuverl\u00e4ssigkeit gew\u00e4hrleistet. Wenn Sie weitere Informationen w\u00fcnschen oder individuelle W\u00fcnsche haben, z\u00f6gern Sie bitte nicht, unseren Kundendienst zu kontaktieren: Wir stehen Ihnen jederzeit zur Verf\u00fcgung, um die perfekte L\u00f6sung f\u00fcr Ihre Sicherheitsanforderungen zu finden. <\/p>\n","protected":false},"excerpt":{"rendered":"<p>Auf dieser Seite pr\u00e4sentieren wir Ihnen eine Auswahl der am h\u00e4ufigsten verwendeten Unterlegscheiben f\u00fcr OMR Schl\u00f6sser.  <\/p>\n","protected":false},"featured_media":10612,"comment_status":"open","ping_status":"closed","template":"","meta":{"_acf_changed":false,"_et_pb_use_builder":"","_et_pb_old_content":"","_et_gb_content_width":""},"product_brand":[],"product_cat":[3811,3775],"product_tag":[],"class_list":{"0":"post-11949","1":"product","2":"type-product","3":"status-publish","4":"has-post-thumbnail","6":"product_cat-muttern-gabelfedern-unterlegscheiben-dichtungen","7":"product_cat-produkte","9":"first","10":"instock","11":"shipping-taxable","12":"purchasable","13":"product-type-simple"},"acf":{"pdf1":false},"yoast_head":"<!-- This site is optimized with the Yoast SEO plugin v27.2 - https:\/\/yoast.com\/product\/yoast-seo-wordpress\/ -->\n<title>Unterlegscheiben - OMR Serrature<\/title>\n<meta name=\"robots\" content=\"index, follow, max-snippet:-1, max-image-preview:large, max-video-preview:-1\" \/>\n<link rel=\"canonical\" href=\"https:\/\/www.omrserrature.it\/de\/produkt\/unterlegscheibe\/\" \/>\n<meta property=\"og:locale\" content=\"de_DE\" \/>\n<meta property=\"og:type\" content=\"article\" \/>\n<meta property=\"og:title\" content=\"Unterlegscheiben - OMR Serrature\" \/>\n<meta property=\"og:description\" content=\"Auf dieser Seite pr\u00e4sentieren wir Ihnen eine Auswahl der am h\u00e4ufigsten verwendeten Unterlegscheiben f\u00fcr OMR Schl\u00f6sser.\" \/>\n<meta property=\"og:url\" content=\"https:\/\/www.omrserrature.it\/de\/produkt\/unterlegscheibe\/\" \/>\n<meta property=\"og:site_name\" content=\"OMR Serrature | Produzione sistemi di chiusura\" \/>\n<meta property=\"article:publisher\" content=\"https:\/\/www.facebook.com\/OMRserrature\" \/>\n<meta property=\"article:modified_time\" content=\"2026-04-08T09:37:24+00:00\" \/>\n<meta property=\"og:image\" content=\"https:\/\/www.omrserrature.it\/wp-content\/uploads\/2019\/02\/rondella-d20-SRON02565.jpg\" \/>\n\t<meta property=\"og:image:width\" content=\"422\" \/>\n\t<meta property=\"og:image:height\" content=\"329\" \/>\n\t<meta property=\"og:image:type\" content=\"image\/jpeg\" \/>\n<meta name=\"twitter:card\" content=\"summary_large_image\" \/>\n<meta name=\"twitter:label1\" content=\"Gesch\u00e4tzte Lesezeit\" \/>\n\t<meta name=\"twitter:data1\" content=\"1\u00a0Minute\" \/>\n<script type=\"application\/ld+json\" class=\"yoast-schema-graph\">{\"@context\":\"https:\/\/schema.org\",\"@graph\":[{\"@type\":\"WebPage\",\"@id\":\"https:\/\/www.omrserrature.it\/de\/produkt\/unterlegscheibe\/\",\"url\":\"https:\/\/www.omrserrature.it\/de\/produkt\/unterlegscheibe\/\",\"name\":\"Unterlegscheiben - OMR Serrature\",\"isPartOf\":{\"@id\":\"https:\/\/www.omrserrature.it\/de\/#website\"},\"primaryImageOfPage\":{\"@id\":\"https:\/\/www.omrserrature.it\/de\/produkt\/unterlegscheibe\/#primaryimage\"},\"image\":{\"@id\":\"https:\/\/www.omrserrature.it\/de\/produkt\/unterlegscheibe\/#primaryimage\"},\"thumbnailUrl\":\"https:\/\/www.omrserrature.it\/wp-content\/uploads\/2019\/02\/rondella-d20-SRON02565.jpg\",\"datePublished\":\"2023-02-19T14:16:00+00:00\",\"dateModified\":\"2026-04-08T09:37:24+00:00\",\"breadcrumb\":{\"@id\":\"https:\/\/www.omrserrature.it\/de\/produkt\/unterlegscheibe\/#breadcrumb\"},\"inLanguage\":\"de\",\"potentialAction\":[{\"@type\":\"ReadAction\",\"target\":[\"https:\/\/www.omrserrature.it\/de\/produkt\/unterlegscheibe\/\"]}]},{\"@type\":\"ImageObject\",\"inLanguage\":\"de\",\"@id\":\"https:\/\/www.omrserrature.it\/de\/produkt\/unterlegscheibe\/#primaryimage\",\"url\":\"https:\/\/www.omrserrature.it\/wp-content\/uploads\/2019\/02\/rondella-d20-SRON02565.jpg\",\"contentUrl\":\"https:\/\/www.omrserrature.it\/wp-content\/uploads\/2019\/02\/rondella-d20-SRON02565.jpg\",\"width\":422,\"height\":329,\"caption\":\"Unterlegscheibe Durchmesser 20mm - SRON02565\"},{\"@type\":\"BreadcrumbList\",\"@id\":\"https:\/\/www.omrserrature.it\/de\/produkt\/unterlegscheibe\/#breadcrumb\",\"itemListElement\":[{\"@type\":\"ListItem\",\"position\":1,\"name\":\"Home\",\"item\":\"https:\/\/www.omrserrature.it\/de\/omr-serrature-sistemi-chiusura\/\"},{\"@type\":\"ListItem\",\"position\":2,\"name\":\"Katalog\",\"item\":\"https:\/\/www.omrserrature.it\/katalog\/?lang=de\"},{\"@type\":\"ListItem\",\"position\":3,\"name\":\"Produkte\",\"item\":\"https:\/\/www.omrserrature.it\/de\/katalog\/produkte\/\"},{\"@type\":\"ListItem\",\"position\":4,\"name\":\"Unterlegscheiben\"}]},{\"@type\":\"WebSite\",\"@id\":\"https:\/\/www.omrserrature.it\/de\/#website\",\"url\":\"https:\/\/www.omrserrature.it\/de\/\",\"name\":\"OMR Serrature | Produzione sistemi di chiusura\",\"description\":\"Produzione serrature di sicurezza e sistemi di chiusura\",\"publisher\":{\"@id\":\"https:\/\/www.omrserrature.it\/de\/#organization\"},\"potentialAction\":[{\"@type\":\"SearchAction\",\"target\":{\"@type\":\"EntryPoint\",\"urlTemplate\":\"https:\/\/www.omrserrature.it\/de\/?s={search_term_string}\"},\"query-input\":{\"@type\":\"PropertyValueSpecification\",\"valueRequired\":true,\"valueName\":\"search_term_string\"}}],\"inLanguage\":\"de\"},{\"@type\":\"Organization\",\"@id\":\"https:\/\/www.omrserrature.it\/de\/#organization\",\"name\":\"OMR Serrature | Produzione sistemi di chiusura\",\"url\":\"https:\/\/www.omrserrature.it\/de\/\",\"logo\":{\"@type\":\"ImageObject\",\"inLanguage\":\"de\",\"@id\":\"https:\/\/www.omrserrature.it\/de\/#\/schema\/logo\/image\/\",\"url\":\"https:\/\/www.omrserrature.it\/wp-content\/uploads\/2017\/09\/favicon-omr-114.png\",\"contentUrl\":\"https:\/\/www.omrserrature.it\/wp-content\/uploads\/2017\/09\/favicon-omr-114.png\",\"width\":114,\"height\":114,\"caption\":\"OMR Serrature | Produzione sistemi di chiusura\"},\"image\":{\"@id\":\"https:\/\/www.omrserrature.it\/de\/#\/schema\/logo\/image\/\"},\"sameAs\":[\"https:\/\/www.facebook.com\/OMRserrature\",\"https:\/\/www.linkedin.com\/company\/omrserrature\/\",\"https:\/\/www.youtube.com\/channel\/UCxmA85z2R0EpG_6IRokiAkg\"]}]}<\/script>\n<!-- \/ Yoast SEO plugin. -->","yoast_head_json":{"title":"Unterlegscheiben - OMR Serrature","robots":{"index":"index","follow":"follow","max-snippet":"max-snippet:-1","max-image-preview":"max-image-preview:large","max-video-preview":"max-video-preview:-1"},"canonical":"https:\/\/www.omrserrature.it\/de\/produkt\/unterlegscheibe\/","og_locale":"de_DE","og_type":"article","og_title":"Unterlegscheiben - OMR Serrature","og_description":"Auf dieser Seite pr\u00e4sentieren wir Ihnen eine Auswahl der am h\u00e4ufigsten verwendeten Unterlegscheiben f\u00fcr OMR Schl\u00f6sser.","og_url":"https:\/\/www.omrserrature.it\/de\/produkt\/unterlegscheibe\/","og_site_name":"OMR Serrature | Produzione sistemi di chiusura","article_publisher":"https:\/\/www.facebook.com\/OMRserrature","article_modified_time":"2026-04-08T09:37:24+00:00","og_image":[{"width":422,"height":329,"url":"https:\/\/www.omrserrature.it\/wp-content\/uploads\/2019\/02\/rondella-d20-SRON02565.jpg","type":"image\/jpeg"}],"twitter_card":"summary_large_image","twitter_misc":{"Gesch\u00e4tzte Lesezeit":"1\u00a0Minute"},"schema":{"@context":"https:\/\/schema.org","@graph":[{"@type":"WebPage","@id":"https:\/\/www.omrserrature.it\/de\/produkt\/unterlegscheibe\/","url":"https:\/\/www.omrserrature.it\/de\/produkt\/unterlegscheibe\/","name":"Unterlegscheiben - OMR Serrature","isPartOf":{"@id":"https:\/\/www.omrserrature.it\/de\/#website"},"primaryImageOfPage":{"@id":"https:\/\/www.omrserrature.it\/de\/produkt\/unterlegscheibe\/#primaryimage"},"image":{"@id":"https:\/\/www.omrserrature.it\/de\/produkt\/unterlegscheibe\/#primaryimage"},"thumbnailUrl":"https:\/\/www.omrserrature.it\/wp-content\/uploads\/2019\/02\/rondella-d20-SRON02565.jpg","datePublished":"2023-02-19T14:16:00+00:00","dateModified":"2026-04-08T09:37:24+00:00","breadcrumb":{"@id":"https:\/\/www.omrserrature.it\/de\/produkt\/unterlegscheibe\/#breadcrumb"},"inLanguage":"de","potentialAction":[{"@type":"ReadAction","target":["https:\/\/www.omrserrature.it\/de\/produkt\/unterlegscheibe\/"]}]},{"@type":"ImageObject","inLanguage":"de","@id":"https:\/\/www.omrserrature.it\/de\/produkt\/unterlegscheibe\/#primaryimage","url":"https:\/\/www.omrserrature.it\/wp-content\/uploads\/2019\/02\/rondella-d20-SRON02565.jpg","contentUrl":"https:\/\/www.omrserrature.it\/wp-content\/uploads\/2019\/02\/rondella-d20-SRON02565.jpg","width":422,"height":329,"caption":"Unterlegscheibe Durchmesser 20mm - SRON02565"},{"@type":"BreadcrumbList","@id":"https:\/\/www.omrserrature.it\/de\/produkt\/unterlegscheibe\/#breadcrumb","itemListElement":[{"@type":"ListItem","position":1,"name":"Home","item":"https:\/\/www.omrserrature.it\/de\/omr-serrature-sistemi-chiusura\/"},{"@type":"ListItem","position":2,"name":"Katalog","item":"https:\/\/www.omrserrature.it\/katalog\/?lang=de"},{"@type":"ListItem","position":3,"name":"Produkte","item":"https:\/\/www.omrserrature.it\/de\/katalog\/produkte\/"},{"@type":"ListItem","position":4,"name":"Unterlegscheiben"}]},{"@type":"WebSite","@id":"https:\/\/www.omrserrature.it\/de\/#website","url":"https:\/\/www.omrserrature.it\/de\/","name":"OMR Serrature | Produzione sistemi di chiusura","description":"Produzione serrature di sicurezza e sistemi di chiusura","publisher":{"@id":"https:\/\/www.omrserrature.it\/de\/#organization"},"potentialAction":[{"@type":"SearchAction","target":{"@type":"EntryPoint","urlTemplate":"https:\/\/www.omrserrature.it\/de\/?s={search_term_string}"},"query-input":{"@type":"PropertyValueSpecification","valueRequired":true,"valueName":"search_term_string"}}],"inLanguage":"de"},{"@type":"Organization","@id":"https:\/\/www.omrserrature.it\/de\/#organization","name":"OMR Serrature | Produzione sistemi di chiusura","url":"https:\/\/www.omrserrature.it\/de\/","logo":{"@type":"ImageObject","inLanguage":"de","@id":"https:\/\/www.omrserrature.it\/de\/#\/schema\/logo\/image\/","url":"https:\/\/www.omrserrature.it\/wp-content\/uploads\/2017\/09\/favicon-omr-114.png","contentUrl":"https:\/\/www.omrserrature.it\/wp-content\/uploads\/2017\/09\/favicon-omr-114.png","width":114,"height":114,"caption":"OMR Serrature | Produzione sistemi di chiusura"},"image":{"@id":"https:\/\/www.omrserrature.it\/de\/#\/schema\/logo\/image\/"},"sameAs":["https:\/\/www.facebook.com\/OMRserrature","https:\/\/www.linkedin.com\/company\/omrserrature\/","https:\/\/www.youtube.com\/channel\/UCxmA85z2R0EpG_6IRokiAkg"]}]}},"_links":{"self":[{"href":"https:\/\/www.omrserrature.it\/de\/wp-json\/wp\/v2\/product\/11949","targetHints":{"allow":["GET"]}}],"collection":[{"href":"https:\/\/www.omrserrature.it\/de\/wp-json\/wp\/v2\/product"}],"about":[{"href":"https:\/\/www.omrserrature.it\/de\/wp-json\/wp\/v2\/types\/product"}],"replies":[{"embeddable":true,"href":"https:\/\/www.omrserrature.it\/de\/wp-json\/wp\/v2\/comments?post=11949"}],"wp:featuredmedia":[{"embeddable":true,"href":"https:\/\/www.omrserrature.it\/de\/wp-json\/wp\/v2\/media\/10612"}],"wp:attachment":[{"href":"https:\/\/www.omrserrature.it\/de\/wp-json\/wp\/v2\/media?parent=11949"}],"wp:term":[{"taxonomy":"product_brand","embeddable":true,"href":"https:\/\/www.omrserrature.it\/de\/wp-json\/wp\/v2\/product_brand?post=11949"},{"taxonomy":"product_cat","embeddable":true,"href":"https:\/\/www.omrserrature.it\/de\/wp-json\/wp\/v2\/product_cat?post=11949"},{"taxonomy":"product_tag","embeddable":true,"href":"https:\/\/www.omrserrature.it\/de\/wp-json\/wp\/v2\/product_tag?post=11949"}],"curies":[{"name":"wp","href":"https:\/\/api.w.org\/{rel}","templated":true}]}}