{"id":11904,"date":"2019-02-26T17:41:28","date_gmt":"2023-02-19T16:41:00","guid":{"rendered":"http:\/\/staging6.omrserrature.it\/prodotto\/befestigungsklammer\/"},"modified":"2026-04-08T11:37:09","modified_gmt":"2026-04-08T09:37:09","slug":"klammer-2","status":"publish","type":"product","link":"https:\/\/www.omrserrature.it\/de\/produkt\/klammer-2\/","title":{"rendered":"Befestigungsklammer"},"content":{"rendered":"<p>Die Gabelfeder, auch Clip genannt, ist ein Schnellbefestigungswerkzeug aus verzinktem oder vernickeltem Stahl f\u00fcr Hebelschl\u00f6sser an Gegenst\u00e4nden aus Blech, Metall, Stahl und Aluminium. Im Vergleich zur Mutter erm\u00f6glicht sie eine <strong>schnelle Befestigung<\/strong> des <strong>Schlosses<\/strong>: Sie wird einfach auf den Zylinder aufgesetzt, der mit speziellen Schlitzen versehen ist, die in verschiedenen L\u00e4ngen entlang des K\u00f6rpers positioniert sind, so dass <strong>die Mutter nicht eingeschraubt werden muss und wertvolle Zeit am Flie\u00dfband gespart wird.<\/strong> Die Gabelfeder ist auch <strong>eine Alternative zur Schnappfeder<\/strong>, da sie bei gr\u00f6\u00dferen M\u00f6belt\u00fcren eingesetzt werden kann.   Der Clip ist au\u00dferdem<strong>sehr widerstandsf\u00e4hig gegen Belastungen und Vibrationen,<\/strong> eine Eigenschaft, die ihn ideal f\u00fcr die Verwendung an Instrumententafeln und Automobilanwendungen wie Motorrad- und Dachboxen macht.<\/p>\n","protected":false},"excerpt":{"rendered":"<p>Die Gabelfeder, auch Klammer genannt, ist ein Befestigungswerkzeug aus verzinktem oder vernickeltem Stahl f\u00fcr Hebelschl\u00f6sser an Gegenst\u00e4nden aus Blech, Metall, Stahl und Aluminium. Im Vergleich zur Mutter erm\u00f6glicht sie eine <strong>schnellere Befestigung des Schlosses.<\/strong> <\/p>\n","protected":false},"featured_media":18249,"comment_status":"open","ping_status":"closed","template":"","meta":{"_acf_changed":false,"_et_pb_use_builder":"","_et_pb_old_content":"","_et_gb_content_width":""},"product_brand":[],"product_cat":[3811],"product_tag":[],"class_list":{"0":"post-11904","1":"product","2":"type-product","3":"status-publish","4":"has-post-thumbnail","6":"product_cat-muttern-gabelfedern-unterlegscheiben-dichtungen","8":"first","9":"instock","10":"shipping-taxable","11":"purchasable","12":"product-type-variable"},"acf":{"pdf1":false},"yoast_head":"<!-- This site is optimized with the Yoast SEO plugin v27.5 - https:\/\/yoast.com\/product\/yoast-seo-wordpress\/ -->\n<title>Befestigungsklammer - OMR Serrature<\/title>\n<meta name=\"robots\" content=\"index, follow, max-snippet:-1, max-image-preview:large, max-video-preview:-1\" \/>\n<link rel=\"canonical\" href=\"https:\/\/www.omrserrature.it\/de\/produkt\/klammer-2\/\" \/>\n<meta property=\"og:locale\" content=\"de_DE\" \/>\n<meta property=\"og:type\" content=\"article\" \/>\n<meta property=\"og:title\" content=\"Befestigungsklammer - OMR Serrature\" \/>\n<meta property=\"og:description\" content=\"Die Gabelfeder, auch Klammer genannt, ist ein Befestigungswerkzeug aus verzinktem oder vernickeltem Stahl f\u00fcr Hebelschl\u00f6sser an Gegenst\u00e4nden aus Blech, Metall, Stahl und Aluminium. Im Vergleich zur Mutter erm\u00f6glicht sie eine schnellere Befestigung des Schlosses.\" \/>\n<meta property=\"og:url\" content=\"https:\/\/www.omrserrature.it\/de\/produkt\/klammer-2\/\" \/>\n<meta property=\"og:site_name\" content=\"OMR Serrature | Produzione sistemi di chiusura\" \/>\n<meta property=\"article:publisher\" content=\"https:\/\/www.facebook.com\/OMRserrature\" \/>\n<meta property=\"article:modified_time\" content=\"2026-04-08T09:37:09+00:00\" \/>\n<meta property=\"og:image\" content=\"https:\/\/www.omrserrature.it\/wp-content\/uploads\/2019\/02\/Forcella_1.jpg\" \/>\n\t<meta property=\"og:image:width\" content=\"600\" \/>\n\t<meta property=\"og:image:height\" content=\"600\" \/>\n\t<meta property=\"og:image:type\" content=\"image\/jpeg\" \/>\n<meta name=\"twitter:card\" content=\"summary_large_image\" \/>\n<meta name=\"twitter:label1\" content=\"Gesch\u00e4tzte Lesezeit\" \/>\n\t<meta name=\"twitter:data1\" content=\"1\u00a0Minute\" \/>\n<script type=\"application\/ld+json\" class=\"yoast-schema-graph\">{\"@context\":\"https:\\\/\\\/schema.org\",\"@graph\":[{\"@type\":\"WebPage\",\"@id\":\"https:\\\/\\\/www.omrserrature.it\\\/de\\\/produkt\\\/klammer-2\\\/\",\"url\":\"https:\\\/\\\/www.omrserrature.it\\\/de\\\/produkt\\\/klammer-2\\\/\",\"name\":\"Befestigungsklammer - OMR Serrature\",\"isPartOf\":{\"@id\":\"https:\\\/\\\/www.omrserrature.it\\\/de\\\/#website\"},\"primaryImageOfPage\":{\"@id\":\"https:\\\/\\\/www.omrserrature.it\\\/de\\\/produkt\\\/klammer-2\\\/#primaryimage\"},\"image\":{\"@id\":\"https:\\\/\\\/www.omrserrature.it\\\/de\\\/produkt\\\/klammer-2\\\/#primaryimage\"},\"thumbnailUrl\":\"https:\\\/\\\/www.omrserrature.it\\\/wp-content\\\/uploads\\\/2019\\\/02\\\/Forcella_1.jpg\",\"datePublished\":\"2023-02-19T16:41:00+00:00\",\"dateModified\":\"2026-04-08T09:37:09+00:00\",\"breadcrumb\":{\"@id\":\"https:\\\/\\\/www.omrserrature.it\\\/de\\\/produkt\\\/klammer-2\\\/#breadcrumb\"},\"inLanguage\":\"de\",\"potentialAction\":[{\"@type\":\"ReadAction\",\"target\":[\"https:\\\/\\\/www.omrserrature.it\\\/de\\\/produkt\\\/klammer-2\\\/\"]}]},{\"@type\":\"ImageObject\",\"inLanguage\":\"de\",\"@id\":\"https:\\\/\\\/www.omrserrature.it\\\/de\\\/produkt\\\/klammer-2\\\/#primaryimage\",\"url\":\"https:\\\/\\\/www.omrserrature.it\\\/wp-content\\\/uploads\\\/2019\\\/02\\\/Forcella_1.jpg\",\"contentUrl\":\"https:\\\/\\\/www.omrserrature.it\\\/wp-content\\\/uploads\\\/2019\\\/02\\\/Forcella_1.jpg\",\"width\":600,\"height\":600,\"caption\":\"Die Gabelfeder Nr. 2\"},{\"@type\":\"BreadcrumbList\",\"@id\":\"https:\\\/\\\/www.omrserrature.it\\\/de\\\/produkt\\\/klammer-2\\\/#breadcrumb\",\"itemListElement\":[{\"@type\":\"ListItem\",\"position\":1,\"name\":\"Home\",\"item\":\"https:\\\/\\\/www.omrserrature.it\\\/de\\\/omr-serrature-sistemi-chiusura\\\/\"},{\"@type\":\"ListItem\",\"position\":2,\"name\":\"Katalog\",\"item\":\"https:\\\/\\\/www.omrserrature.it\\\/katalog\\\/?lang=de\"},{\"@type\":\"ListItem\",\"position\":3,\"name\":\"Produkte\",\"item\":\"https:\\\/\\\/www.omrserrature.it\\\/de\\\/katalog\\\/produkte\\\/\"},{\"@type\":\"ListItem\",\"position\":4,\"name\":\"Zubeh\u00f6r und Ersatzteile\",\"item\":\"https:\\\/\\\/www.omrserrature.it\\\/de\\\/katalog\\\/produkte\\\/zubehor-und-ersatzteile\\\/\"},{\"@type\":\"ListItem\",\"position\":5,\"name\":\"Muttern - Gabelfedern - Unterlegscheiben - Dichtungen\",\"item\":\"https:\\\/\\\/www.omrserrature.it\\\/de\\\/katalog\\\/produkte\\\/zubehor-und-ersatzteile\\\/muttern-gabelfedern-unterlegscheiben-dichtungen\\\/\"},{\"@type\":\"ListItem\",\"position\":6,\"name\":\"Befestigungsklammer\"}]},{\"@type\":\"WebSite\",\"@id\":\"https:\\\/\\\/www.omrserrature.it\\\/de\\\/#website\",\"url\":\"https:\\\/\\\/www.omrserrature.it\\\/de\\\/\",\"name\":\"OMR Serrature | Produzione sistemi di chiusura\",\"description\":\"Produzione serrature di sicurezza e sistemi di chiusura\",\"publisher\":{\"@id\":\"https:\\\/\\\/www.omrserrature.it\\\/de\\\/#organization\"},\"potentialAction\":[{\"@type\":\"SearchAction\",\"target\":{\"@type\":\"EntryPoint\",\"urlTemplate\":\"https:\\\/\\\/www.omrserrature.it\\\/de\\\/?s={search_term_string}\"},\"query-input\":{\"@type\":\"PropertyValueSpecification\",\"valueRequired\":true,\"valueName\":\"search_term_string\"}}],\"inLanguage\":\"de\"},{\"@type\":\"Organization\",\"@id\":\"https:\\\/\\\/www.omrserrature.it\\\/de\\\/#organization\",\"name\":\"OMR Serrature | Produzione sistemi di chiusura\",\"url\":\"https:\\\/\\\/www.omrserrature.it\\\/de\\\/\",\"logo\":{\"@type\":\"ImageObject\",\"inLanguage\":\"de\",\"@id\":\"https:\\\/\\\/www.omrserrature.it\\\/de\\\/#\\\/schema\\\/logo\\\/image\\\/\",\"url\":\"https:\\\/\\\/www.omrserrature.it\\\/wp-content\\\/uploads\\\/2017\\\/09\\\/favicon-omr-114.png\",\"contentUrl\":\"https:\\\/\\\/www.omrserrature.it\\\/wp-content\\\/uploads\\\/2017\\\/09\\\/favicon-omr-114.png\",\"width\":114,\"height\":114,\"caption\":\"OMR Serrature | Produzione sistemi di chiusura\"},\"image\":{\"@id\":\"https:\\\/\\\/www.omrserrature.it\\\/de\\\/#\\\/schema\\\/logo\\\/image\\\/\"},\"sameAs\":[\"https:\\\/\\\/www.facebook.com\\\/OMRserrature\",\"https:\\\/\\\/www.linkedin.com\\\/company\\\/omrserrature\\\/\",\"https:\\\/\\\/www.youtube.com\\\/channel\\\/UCxmA85z2R0EpG_6IRokiAkg\"]}]}<\/script>\n<!-- \/ Yoast SEO plugin. -->","yoast_head_json":{"title":"Befestigungsklammer - OMR Serrature","robots":{"index":"index","follow":"follow","max-snippet":"max-snippet:-1","max-image-preview":"max-image-preview:large","max-video-preview":"max-video-preview:-1"},"canonical":"https:\/\/www.omrserrature.it\/de\/produkt\/klammer-2\/","og_locale":"de_DE","og_type":"article","og_title":"Befestigungsklammer - OMR Serrature","og_description":"Die Gabelfeder, auch Klammer genannt, ist ein Befestigungswerkzeug aus verzinktem oder vernickeltem Stahl f\u00fcr Hebelschl\u00f6sser an Gegenst\u00e4nden aus Blech, Metall, Stahl und Aluminium. Im Vergleich zur Mutter erm\u00f6glicht sie eine schnellere Befestigung des Schlosses.","og_url":"https:\/\/www.omrserrature.it\/de\/produkt\/klammer-2\/","og_site_name":"OMR Serrature | Produzione sistemi di chiusura","article_publisher":"https:\/\/www.facebook.com\/OMRserrature","article_modified_time":"2026-04-08T09:37:09+00:00","og_image":[{"width":600,"height":600,"url":"https:\/\/www.omrserrature.it\/wp-content\/uploads\/2019\/02\/Forcella_1.jpg","type":"image\/jpeg"}],"twitter_card":"summary_large_image","twitter_misc":{"Gesch\u00e4tzte Lesezeit":"1\u00a0Minute"},"schema":{"@context":"https:\/\/schema.org","@graph":[{"@type":"WebPage","@id":"https:\/\/www.omrserrature.it\/de\/produkt\/klammer-2\/","url":"https:\/\/www.omrserrature.it\/de\/produkt\/klammer-2\/","name":"Befestigungsklammer - OMR Serrature","isPartOf":{"@id":"https:\/\/www.omrserrature.it\/de\/#website"},"primaryImageOfPage":{"@id":"https:\/\/www.omrserrature.it\/de\/produkt\/klammer-2\/#primaryimage"},"image":{"@id":"https:\/\/www.omrserrature.it\/de\/produkt\/klammer-2\/#primaryimage"},"thumbnailUrl":"https:\/\/www.omrserrature.it\/wp-content\/uploads\/2019\/02\/Forcella_1.jpg","datePublished":"2023-02-19T16:41:00+00:00","dateModified":"2026-04-08T09:37:09+00:00","breadcrumb":{"@id":"https:\/\/www.omrserrature.it\/de\/produkt\/klammer-2\/#breadcrumb"},"inLanguage":"de","potentialAction":[{"@type":"ReadAction","target":["https:\/\/www.omrserrature.it\/de\/produkt\/klammer-2\/"]}]},{"@type":"ImageObject","inLanguage":"de","@id":"https:\/\/www.omrserrature.it\/de\/produkt\/klammer-2\/#primaryimage","url":"https:\/\/www.omrserrature.it\/wp-content\/uploads\/2019\/02\/Forcella_1.jpg","contentUrl":"https:\/\/www.omrserrature.it\/wp-content\/uploads\/2019\/02\/Forcella_1.jpg","width":600,"height":600,"caption":"Die Gabelfeder Nr. 2"},{"@type":"BreadcrumbList","@id":"https:\/\/www.omrserrature.it\/de\/produkt\/klammer-2\/#breadcrumb","itemListElement":[{"@type":"ListItem","position":1,"name":"Home","item":"https:\/\/www.omrserrature.it\/de\/omr-serrature-sistemi-chiusura\/"},{"@type":"ListItem","position":2,"name":"Katalog","item":"https:\/\/www.omrserrature.it\/katalog\/?lang=de"},{"@type":"ListItem","position":3,"name":"Produkte","item":"https:\/\/www.omrserrature.it\/de\/katalog\/produkte\/"},{"@type":"ListItem","position":4,"name":"Zubeh\u00f6r und Ersatzteile","item":"https:\/\/www.omrserrature.it\/de\/katalog\/produkte\/zubehor-und-ersatzteile\/"},{"@type":"ListItem","position":5,"name":"Muttern - Gabelfedern - Unterlegscheiben - Dichtungen","item":"https:\/\/www.omrserrature.it\/de\/katalog\/produkte\/zubehor-und-ersatzteile\/muttern-gabelfedern-unterlegscheiben-dichtungen\/"},{"@type":"ListItem","position":6,"name":"Befestigungsklammer"}]},{"@type":"WebSite","@id":"https:\/\/www.omrserrature.it\/de\/#website","url":"https:\/\/www.omrserrature.it\/de\/","name":"OMR Serrature | Produzione sistemi di chiusura","description":"Produzione serrature di sicurezza e sistemi di chiusura","publisher":{"@id":"https:\/\/www.omrserrature.it\/de\/#organization"},"potentialAction":[{"@type":"SearchAction","target":{"@type":"EntryPoint","urlTemplate":"https:\/\/www.omrserrature.it\/de\/?s={search_term_string}"},"query-input":{"@type":"PropertyValueSpecification","valueRequired":true,"valueName":"search_term_string"}}],"inLanguage":"de"},{"@type":"Organization","@id":"https:\/\/www.omrserrature.it\/de\/#organization","name":"OMR Serrature | Produzione sistemi di chiusura","url":"https:\/\/www.omrserrature.it\/de\/","logo":{"@type":"ImageObject","inLanguage":"de","@id":"https:\/\/www.omrserrature.it\/de\/#\/schema\/logo\/image\/","url":"https:\/\/www.omrserrature.it\/wp-content\/uploads\/2017\/09\/favicon-omr-114.png","contentUrl":"https:\/\/www.omrserrature.it\/wp-content\/uploads\/2017\/09\/favicon-omr-114.png","width":114,"height":114,"caption":"OMR Serrature | Produzione sistemi di chiusura"},"image":{"@id":"https:\/\/www.omrserrature.it\/de\/#\/schema\/logo\/image\/"},"sameAs":["https:\/\/www.facebook.com\/OMRserrature","https:\/\/www.linkedin.com\/company\/omrserrature\/","https:\/\/www.youtube.com\/channel\/UCxmA85z2R0EpG_6IRokiAkg"]}]}},"_links":{"self":[{"href":"https:\/\/www.omrserrature.it\/de\/wp-json\/wp\/v2\/product\/11904","targetHints":{"allow":["GET"]}}],"collection":[{"href":"https:\/\/www.omrserrature.it\/de\/wp-json\/wp\/v2\/product"}],"about":[{"href":"https:\/\/www.omrserrature.it\/de\/wp-json\/wp\/v2\/types\/product"}],"replies":[{"embeddable":true,"href":"https:\/\/www.omrserrature.it\/de\/wp-json\/wp\/v2\/comments?post=11904"}],"wp:featuredmedia":[{"embeddable":true,"href":"https:\/\/www.omrserrature.it\/de\/wp-json\/wp\/v2\/media\/18249"}],"wp:attachment":[{"href":"https:\/\/www.omrserrature.it\/de\/wp-json\/wp\/v2\/media?parent=11904"}],"wp:term":[{"taxonomy":"product_brand","embeddable":true,"href":"https:\/\/www.omrserrature.it\/de\/wp-json\/wp\/v2\/product_brand?post=11904"},{"taxonomy":"product_cat","embeddable":true,"href":"https:\/\/www.omrserrature.it\/de\/wp-json\/wp\/v2\/product_cat?post=11904"},{"taxonomy":"product_tag","embeddable":true,"href":"https:\/\/www.omrserrature.it\/de\/wp-json\/wp\/v2\/product_tag?post=11904"}],"curies":[{"name":"wp","href":"https:\/\/api.w.org\/{rel}","templated":true}]}}