{"id":11887,"date":"2019-02-26T17:04:32","date_gmt":"2023-02-19T16:04:00","guid":{"rendered":"http:\/\/staging6.omrserrature.it\/prodotto\/befestigungsmutter\/"},"modified":"2026-04-08T11:37:11","modified_gmt":"2026-04-08T09:37:11","slug":"mutter","status":"publish","type":"product","link":"https:\/\/www.omrserrature.it\/de\/produkt\/mutter\/","title":{"rendered":"Befestigungsmutter"},"content":{"rendered":"<p>Die einfachste L\u00f6sung, um Ihr Schloss zu reparieren? Offensichtlich<strong> die Mutter<\/strong>! OMR Schl\u00f6sser pr\u00e4sentiert eine breite und vielseitige Kollektion von Muttern: Mit der gro\u00dfen Auswahl an Varianten sind wir zuversichtlich, dass wir Ihnen die perfekte Mutter f\u00fcr Ihre speziellen Bed\u00fcrfnisse anbieten k\u00f6nnen.  Die Varianten auf dieser Seite dienen nur der Veranschaulichung und sind keine vollst\u00e4ndige Liste.  <strong>Setzen Sie sich mit einem unserer Vertriebsingenieure in Verbindung und lassen Sie sich bei Ihrem Projekt bis ins kleinste Detail beraten: Muttern inklusive!<\/strong><\/p>\n<p><strong>Hauptmerkmale:<\/strong><\/p>\n<ul>\n<li><strong>Abmessungen:<\/strong> Unsere Muttern sind in einer Vielzahl von St\u00e4rken, Durchmessern und Abst\u00e4nden erh\u00e4ltlich und bieten robusten Halt f\u00fcr Ihre Schl\u00f6sser und Projekte. Ob Sie eine d\u00fcnne Mutter f\u00fcr enge R\u00e4ume oder eine gr\u00f6\u00dfere f\u00fcr mehr Stabilit\u00e4t ben\u00f6tigen, wir haben, was Sie brauchen. <\/li>\n<li><strong>Hochwertige Materialien:<\/strong> Wir wissen, wie wichtig Haltbarkeit und Festigkeit bei Muttern sind. Deshalb bieten wir Muttern aus hochwertigen Materialien an, darunter Stahl, Messing und Metalldruckguss. Sie k\u00f6nnen das Material w\u00e4hlen, das Ihren Anforderungen an Sicherheit und Stil am besten entspricht.  <\/li>\n<li><strong>Garantierte Zuverl\u00e4ssigkeit:<\/strong> OMR-Schl\u00f6sser sind ein Synonym f\u00fcr Qualit\u00e4t und Zuverl\u00e4ssigkeit. Unsere Muttern werden sorgf\u00e4ltig entworfen und nach strengen Qualit\u00e4tskontrollstandards hergestellt. Sie k\u00f6nnen sicher sein, dass die Befestigung Ihres Schlosses solide und dauerhaft ist.  <\/li>\n<li><strong>Gro\u00dfe Auswahl:<\/strong> Unser breites Sortiment an Muttern gibt Ihnen die M\u00f6glichkeit, die perfekte Option f\u00fcr jede Art von Projekt zu finden, egal ob Sie ein Schlosser, ein Eisenwarenh\u00e4ndler oder ein Gro\u00dfh\u00e4ndler sind.<\/li>\n<li><strong>Fachkundige Unterst\u00fctzung:<\/strong> Unser Expertenteam steht Ihnen mit Rat und Tat zur Seite und hilft Ihnen bei der Auswahl der am besten geeigneten L\u00f6sungen f\u00fcr Ihre speziellen Bed\u00fcrfnisse, bis hin zu den kleinsten Details.<\/li>\n<\/ul>\n<p>Ganz gleich, ob Sie an einer T\u00fcr, einer Schublade, einer Klappe oder einem Schaltschrank arbeiten: Die Muttern von OMR Locks sind die kluge Wahl, um eine dauerhafte und robuste Installation zu gew\u00e4hrleisten.<\/p>\n<p><strong>Alternativen zur Befestigung mit Muttern:  <\/strong><\/p>\n<ul>\n<li>Klammer<\/li>\n<li>Schnellkupplung.<\/li>\n<\/ul>\n","protected":false},"excerpt":{"rendered":"<p>OMR Schl\u00f6sser pr\u00e4sentiert eine umfangreiche und vielseitige Kollektion von Muttern: Mit der gro\u00dfen Auswahl an Varianten sind wir zuversichtlich, dass wir Ihnen die perfekte Mutter f\u00fcr Ihre speziellen Bed\u00fcrfnisse anbieten k\u00f6nnen.<\/p>\n","protected":false},"featured_media":10449,"comment_status":"open","ping_status":"closed","template":"","meta":{"_acf_changed":false,"_et_pb_use_builder":"","_et_pb_old_content":"","_et_gb_content_width":""},"product_brand":[],"product_cat":[3811,3775],"product_tag":[],"class_list":{"0":"post-11887","1":"product","2":"type-product","3":"status-publish","4":"has-post-thumbnail","6":"product_cat-muttern-gabelfedern-unterlegscheiben-dichtungen","7":"product_cat-produkte","9":"first","10":"instock","11":"shipping-taxable","12":"purchasable","13":"product-type-variable"},"acf":{"pdf1":false},"yoast_head":"<!-- This site is optimized with the Yoast SEO plugin v27.5 - https:\/\/yoast.com\/product\/yoast-seo-wordpress\/ -->\n<title>Befestigungsmutter - OMR Serrature<\/title>\n<meta name=\"robots\" content=\"index, follow, max-snippet:-1, max-image-preview:large, max-video-preview:-1\" \/>\n<link rel=\"canonical\" href=\"https:\/\/www.omrserrature.it\/de\/produkt\/mutter\/\" \/>\n<meta property=\"og:locale\" content=\"de_DE\" \/>\n<meta property=\"og:type\" content=\"article\" \/>\n<meta property=\"og:title\" content=\"Befestigungsmutter - OMR Serrature\" \/>\n<meta property=\"og:description\" content=\"OMR Schl\u00f6sser pr\u00e4sentiert eine umfangreiche und vielseitige Kollektion von Muttern: Mit der gro\u00dfen Auswahl an Varianten sind wir zuversichtlich, dass wir Ihnen die perfekte Mutter f\u00fcr Ihre speziellen Bed\u00fcrfnisse anbieten k\u00f6nnen.\" \/>\n<meta property=\"og:url\" content=\"https:\/\/www.omrserrature.it\/de\/produkt\/mutter\/\" \/>\n<meta property=\"og:site_name\" content=\"OMR Serrature | Produzione sistemi di chiusura\" \/>\n<meta property=\"article:publisher\" content=\"https:\/\/www.facebook.com\/OMRserrature\" \/>\n<meta property=\"article:modified_time\" content=\"2026-04-08T09:37:11+00:00\" \/>\n<meta property=\"og:image\" content=\"https:\/\/www.omrserrature.it\/wp-content\/uploads\/2019\/02\/dado-MDAD01041.jpg\" \/>\n\t<meta property=\"og:image:width\" content=\"169\" \/>\n\t<meta property=\"og:image:height\" content=\"162\" \/>\n\t<meta property=\"og:image:type\" content=\"image\/jpeg\" \/>\n<meta name=\"twitter:card\" content=\"summary_large_image\" \/>\n<meta name=\"twitter:label1\" content=\"Gesch\u00e4tzte Lesezeit\" \/>\n\t<meta name=\"twitter:data1\" content=\"2\u00a0Minuten\" \/>\n<script type=\"application\/ld+json\" class=\"yoast-schema-graph\">{\"@context\":\"https:\\\/\\\/schema.org\",\"@graph\":[{\"@type\":\"WebPage\",\"@id\":\"https:\\\/\\\/www.omrserrature.it\\\/de\\\/produkt\\\/mutter\\\/\",\"url\":\"https:\\\/\\\/www.omrserrature.it\\\/de\\\/produkt\\\/mutter\\\/\",\"name\":\"Befestigungsmutter - OMR Serrature\",\"isPartOf\":{\"@id\":\"https:\\\/\\\/www.omrserrature.it\\\/de\\\/#website\"},\"primaryImageOfPage\":{\"@id\":\"https:\\\/\\\/www.omrserrature.it\\\/de\\\/produkt\\\/mutter\\\/#primaryimage\"},\"image\":{\"@id\":\"https:\\\/\\\/www.omrserrature.it\\\/de\\\/produkt\\\/mutter\\\/#primaryimage\"},\"thumbnailUrl\":\"https:\\\/\\\/www.omrserrature.it\\\/wp-content\\\/uploads\\\/2019\\\/02\\\/dado-MDAD01041.jpg\",\"datePublished\":\"2023-02-19T16:04:00+00:00\",\"dateModified\":\"2026-04-08T09:37:11+00:00\",\"breadcrumb\":{\"@id\":\"https:\\\/\\\/www.omrserrature.it\\\/de\\\/produkt\\\/mutter\\\/#breadcrumb\"},\"inLanguage\":\"de\",\"potentialAction\":[{\"@type\":\"ReadAction\",\"target\":[\"https:\\\/\\\/www.omrserrature.it\\\/de\\\/produkt\\\/mutter\\\/\"]}]},{\"@type\":\"ImageObject\",\"inLanguage\":\"de\",\"@id\":\"https:\\\/\\\/www.omrserrature.it\\\/de\\\/produkt\\\/mutter\\\/#primaryimage\",\"url\":\"https:\\\/\\\/www.omrserrature.it\\\/wp-content\\\/uploads\\\/2019\\\/02\\\/dado-MDAD01041.jpg\",\"contentUrl\":\"https:\\\/\\\/www.omrserrature.it\\\/wp-content\\\/uploads\\\/2019\\\/02\\\/dado-MDAD01041.jpg\",\"width\":169,\"height\":162,\"caption\":\"Mutter - MDAD01041\"},{\"@type\":\"BreadcrumbList\",\"@id\":\"https:\\\/\\\/www.omrserrature.it\\\/de\\\/produkt\\\/mutter\\\/#breadcrumb\",\"itemListElement\":[{\"@type\":\"ListItem\",\"position\":1,\"name\":\"Home\",\"item\":\"https:\\\/\\\/www.omrserrature.it\\\/de\\\/omr-serrature-sistemi-chiusura\\\/\"},{\"@type\":\"ListItem\",\"position\":2,\"name\":\"Katalog\",\"item\":\"https:\\\/\\\/www.omrserrature.it\\\/katalog\\\/?lang=de\"},{\"@type\":\"ListItem\",\"position\":3,\"name\":\"Produkte\",\"item\":\"https:\\\/\\\/www.omrserrature.it\\\/de\\\/katalog\\\/produkte\\\/\"},{\"@type\":\"ListItem\",\"position\":4,\"name\":\"Befestigungsmutter\"}]},{\"@type\":\"WebSite\",\"@id\":\"https:\\\/\\\/www.omrserrature.it\\\/de\\\/#website\",\"url\":\"https:\\\/\\\/www.omrserrature.it\\\/de\\\/\",\"name\":\"OMR Serrature | Produzione sistemi di chiusura\",\"description\":\"Produzione serrature di sicurezza e sistemi di chiusura\",\"publisher\":{\"@id\":\"https:\\\/\\\/www.omrserrature.it\\\/de\\\/#organization\"},\"potentialAction\":[{\"@type\":\"SearchAction\",\"target\":{\"@type\":\"EntryPoint\",\"urlTemplate\":\"https:\\\/\\\/www.omrserrature.it\\\/de\\\/?s={search_term_string}\"},\"query-input\":{\"@type\":\"PropertyValueSpecification\",\"valueRequired\":true,\"valueName\":\"search_term_string\"}}],\"inLanguage\":\"de\"},{\"@type\":\"Organization\",\"@id\":\"https:\\\/\\\/www.omrserrature.it\\\/de\\\/#organization\",\"name\":\"OMR Serrature | Produzione sistemi di chiusura\",\"url\":\"https:\\\/\\\/www.omrserrature.it\\\/de\\\/\",\"logo\":{\"@type\":\"ImageObject\",\"inLanguage\":\"de\",\"@id\":\"https:\\\/\\\/www.omrserrature.it\\\/de\\\/#\\\/schema\\\/logo\\\/image\\\/\",\"url\":\"https:\\\/\\\/www.omrserrature.it\\\/wp-content\\\/uploads\\\/2017\\\/09\\\/favicon-omr-114.png\",\"contentUrl\":\"https:\\\/\\\/www.omrserrature.it\\\/wp-content\\\/uploads\\\/2017\\\/09\\\/favicon-omr-114.png\",\"width\":114,\"height\":114,\"caption\":\"OMR Serrature | Produzione sistemi di chiusura\"},\"image\":{\"@id\":\"https:\\\/\\\/www.omrserrature.it\\\/de\\\/#\\\/schema\\\/logo\\\/image\\\/\"},\"sameAs\":[\"https:\\\/\\\/www.facebook.com\\\/OMRserrature\",\"https:\\\/\\\/www.linkedin.com\\\/company\\\/omrserrature\\\/\",\"https:\\\/\\\/www.youtube.com\\\/channel\\\/UCxmA85z2R0EpG_6IRokiAkg\"]}]}<\/script>\n<!-- \/ Yoast SEO plugin. -->","yoast_head_json":{"title":"Befestigungsmutter - OMR Serrature","robots":{"index":"index","follow":"follow","max-snippet":"max-snippet:-1","max-image-preview":"max-image-preview:large","max-video-preview":"max-video-preview:-1"},"canonical":"https:\/\/www.omrserrature.it\/de\/produkt\/mutter\/","og_locale":"de_DE","og_type":"article","og_title":"Befestigungsmutter - OMR Serrature","og_description":"OMR Schl\u00f6sser pr\u00e4sentiert eine umfangreiche und vielseitige Kollektion von Muttern: Mit der gro\u00dfen Auswahl an Varianten sind wir zuversichtlich, dass wir Ihnen die perfekte Mutter f\u00fcr Ihre speziellen Bed\u00fcrfnisse anbieten k\u00f6nnen.","og_url":"https:\/\/www.omrserrature.it\/de\/produkt\/mutter\/","og_site_name":"OMR Serrature | Produzione sistemi di chiusura","article_publisher":"https:\/\/www.facebook.com\/OMRserrature","article_modified_time":"2026-04-08T09:37:11+00:00","og_image":[{"width":169,"height":162,"url":"https:\/\/www.omrserrature.it\/wp-content\/uploads\/2019\/02\/dado-MDAD01041.jpg","type":"image\/jpeg"}],"twitter_card":"summary_large_image","twitter_misc":{"Gesch\u00e4tzte Lesezeit":"2\u00a0Minuten"},"schema":{"@context":"https:\/\/schema.org","@graph":[{"@type":"WebPage","@id":"https:\/\/www.omrserrature.it\/de\/produkt\/mutter\/","url":"https:\/\/www.omrserrature.it\/de\/produkt\/mutter\/","name":"Befestigungsmutter - OMR Serrature","isPartOf":{"@id":"https:\/\/www.omrserrature.it\/de\/#website"},"primaryImageOfPage":{"@id":"https:\/\/www.omrserrature.it\/de\/produkt\/mutter\/#primaryimage"},"image":{"@id":"https:\/\/www.omrserrature.it\/de\/produkt\/mutter\/#primaryimage"},"thumbnailUrl":"https:\/\/www.omrserrature.it\/wp-content\/uploads\/2019\/02\/dado-MDAD01041.jpg","datePublished":"2023-02-19T16:04:00+00:00","dateModified":"2026-04-08T09:37:11+00:00","breadcrumb":{"@id":"https:\/\/www.omrserrature.it\/de\/produkt\/mutter\/#breadcrumb"},"inLanguage":"de","potentialAction":[{"@type":"ReadAction","target":["https:\/\/www.omrserrature.it\/de\/produkt\/mutter\/"]}]},{"@type":"ImageObject","inLanguage":"de","@id":"https:\/\/www.omrserrature.it\/de\/produkt\/mutter\/#primaryimage","url":"https:\/\/www.omrserrature.it\/wp-content\/uploads\/2019\/02\/dado-MDAD01041.jpg","contentUrl":"https:\/\/www.omrserrature.it\/wp-content\/uploads\/2019\/02\/dado-MDAD01041.jpg","width":169,"height":162,"caption":"Mutter - MDAD01041"},{"@type":"BreadcrumbList","@id":"https:\/\/www.omrserrature.it\/de\/produkt\/mutter\/#breadcrumb","itemListElement":[{"@type":"ListItem","position":1,"name":"Home","item":"https:\/\/www.omrserrature.it\/de\/omr-serrature-sistemi-chiusura\/"},{"@type":"ListItem","position":2,"name":"Katalog","item":"https:\/\/www.omrserrature.it\/katalog\/?lang=de"},{"@type":"ListItem","position":3,"name":"Produkte","item":"https:\/\/www.omrserrature.it\/de\/katalog\/produkte\/"},{"@type":"ListItem","position":4,"name":"Befestigungsmutter"}]},{"@type":"WebSite","@id":"https:\/\/www.omrserrature.it\/de\/#website","url":"https:\/\/www.omrserrature.it\/de\/","name":"OMR Serrature | Produzione sistemi di chiusura","description":"Produzione serrature di sicurezza e sistemi di chiusura","publisher":{"@id":"https:\/\/www.omrserrature.it\/de\/#organization"},"potentialAction":[{"@type":"SearchAction","target":{"@type":"EntryPoint","urlTemplate":"https:\/\/www.omrserrature.it\/de\/?s={search_term_string}"},"query-input":{"@type":"PropertyValueSpecification","valueRequired":true,"valueName":"search_term_string"}}],"inLanguage":"de"},{"@type":"Organization","@id":"https:\/\/www.omrserrature.it\/de\/#organization","name":"OMR Serrature | Produzione sistemi di chiusura","url":"https:\/\/www.omrserrature.it\/de\/","logo":{"@type":"ImageObject","inLanguage":"de","@id":"https:\/\/www.omrserrature.it\/de\/#\/schema\/logo\/image\/","url":"https:\/\/www.omrserrature.it\/wp-content\/uploads\/2017\/09\/favicon-omr-114.png","contentUrl":"https:\/\/www.omrserrature.it\/wp-content\/uploads\/2017\/09\/favicon-omr-114.png","width":114,"height":114,"caption":"OMR Serrature | Produzione sistemi di chiusura"},"image":{"@id":"https:\/\/www.omrserrature.it\/de\/#\/schema\/logo\/image\/"},"sameAs":["https:\/\/www.facebook.com\/OMRserrature","https:\/\/www.linkedin.com\/company\/omrserrature\/","https:\/\/www.youtube.com\/channel\/UCxmA85z2R0EpG_6IRokiAkg"]}]}},"_links":{"self":[{"href":"https:\/\/www.omrserrature.it\/de\/wp-json\/wp\/v2\/product\/11887","targetHints":{"allow":["GET"]}}],"collection":[{"href":"https:\/\/www.omrserrature.it\/de\/wp-json\/wp\/v2\/product"}],"about":[{"href":"https:\/\/www.omrserrature.it\/de\/wp-json\/wp\/v2\/types\/product"}],"replies":[{"embeddable":true,"href":"https:\/\/www.omrserrature.it\/de\/wp-json\/wp\/v2\/comments?post=11887"}],"wp:featuredmedia":[{"embeddable":true,"href":"https:\/\/www.omrserrature.it\/de\/wp-json\/wp\/v2\/media\/10449"}],"wp:attachment":[{"href":"https:\/\/www.omrserrature.it\/de\/wp-json\/wp\/v2\/media?parent=11887"}],"wp:term":[{"taxonomy":"product_brand","embeddable":true,"href":"https:\/\/www.omrserrature.it\/de\/wp-json\/wp\/v2\/product_brand?post=11887"},{"taxonomy":"product_cat","embeddable":true,"href":"https:\/\/www.omrserrature.it\/de\/wp-json\/wp\/v2\/product_cat?post=11887"},{"taxonomy":"product_tag","embeddable":true,"href":"https:\/\/www.omrserrature.it\/de\/wp-json\/wp\/v2\/product_tag?post=11887"}],"curies":[{"name":"wp","href":"https:\/\/api.w.org\/{rel}","templated":true}]}}