{"id":11751,"date":"2019-02-26T16:36:15","date_gmt":"2023-02-19T15:36:00","guid":{"rendered":"http:\/\/staging6.omrserrature.it\/prodotto\/steckschlussel-fur-drehriegel\/"},"modified":"2026-04-08T11:37:03","modified_gmt":"2026-04-08T09:37:03","slug":"steckschlussel-fur-drehriegel","status":"publish","type":"product","link":"https:\/\/www.omrserrature.it\/de\/produkt\/steckschlussel-fur-drehriegel\/","title":{"rendered":"Steckschl\u00fcssel f\u00fcr die \u00f6kologische Form"},"content":{"rendered":"<p>Die <strong>Form des Schl\u00fcssels <\/strong>ist aus einer vernickelten Zinklegierung gefertigt. Der robuste Durchmesser von 10 mm und der praktische L-f\u00f6rmige Griff gew\u00e4hrleisten einen <strong>festen Halt und Widerstandsf\u00e4higkeit<\/strong>. Die Bohrung im Griff erm\u00f6glicht das H\u00e4ngen an einen Karabiner oder an einen Schl\u00fcsselh\u00e4nger.<\/p>\n<p>Die<strong>T6 weibliche dreieckige Form<\/strong> kann mit Kastenzylindern mit <strong>8 mm Dreiecksseite<\/strong> verwendet werden. Der Schl\u00fcssel wird dkt. 6 mm genannt, weil ins Dreieck einen Kreis mit Durchmesser 6 mm einbeschrieben wird.<\/p>\n<p>Die Dreikantschl\u00fcssel werden \u00fcblicherweise von den Mitarbeitern der Abfallsammlung benutzt, um die T\u00fcten in den Abfallk\u00f6rben zu ersetzen oder zum \u00d6ffnen der <strong>Schwerkraftschl\u00f6sser<\/strong> f\u00fcr M\u00fclltonnen. Sie werden auch oft bei Sicherungskasten und Verteilerkasten verwendet, um Drehriegel zu bet\u00e4tigen.  Die Dreikantschl\u00fcssel eignen sich auf f\u00fcr Gas-\/Wasserz\u00e4hlerkasten, f\u00fcr die Notentriegelung in Aufz\u00fcgen oder Aktuatoren und bei Stroms\u00e4ulen.<\/p>\n","protected":false},"excerpt":{"rendered":"<p>Die Form des Schl\u00fcssels ist aus einer vernickelten Zinklegierung gefertigt. Der robuste Hals mit einem Durchmesser von 10 mm und der ergonomische, L-f\u00f6rmige Griff sorgen f\u00fcr einen festen Halt und Widerstand. Die Bohrung im Griff erm\u00f6glicht das H\u00e4ngen an einen Karabiner oder an einen Schl\u00fcsselh\u00e4nger.<\/p>\n","protected":false},"featured_media":21366,"comment_status":"open","ping_status":"closed","template":"","meta":{"_acf_changed":false,"_et_pb_use_builder":"","_et_pb_old_content":"","_et_gb_content_width":""},"product_brand":[],"product_cat":[3809,3818],"product_tag":[],"class_list":{"0":"post-11751","1":"product","2":"type-product","3":"status-publish","4":"has-post-thumbnail","6":"product_cat-tasten","7":"product_cat-zubehor-und-ersatzteile-fur-schwerkraftschlosser","9":"first","10":"instock","11":"shipping-taxable","12":"product-type-simple"},"acf":{"pdf1":false},"yoast_head":"<!-- This site is optimized with the Yoast SEO plugin v27.2 - https:\/\/yoast.com\/product\/yoast-seo-wordpress\/ -->\n<title>Steckschl\u00fcssel f\u00fcr die \u00f6kologische Form - OMR Serrature<\/title>\n<meta name=\"robots\" content=\"index, follow, max-snippet:-1, max-image-preview:large, max-video-preview:-1\" \/>\n<link rel=\"canonical\" href=\"https:\/\/www.omrserrature.it\/de\/produkt\/steckschlussel-fur-drehriegel\/\" \/>\n<meta property=\"og:locale\" content=\"de_DE\" \/>\n<meta property=\"og:type\" content=\"article\" \/>\n<meta property=\"og:title\" content=\"Steckschl\u00fcssel f\u00fcr die \u00f6kologische Form - OMR Serrature\" \/>\n<meta property=\"og:description\" content=\"Die Form des Schl\u00fcssels ist aus einer vernickelten Zinklegierung gefertigt. Der robuste Hals mit einem Durchmesser von 10 mm und der ergonomische, L-f\u00f6rmige Griff sorgen f\u00fcr einen festen Halt und Widerstand. Die Bohrung im Griff erm\u00f6glicht das H\u00e4ngen an einen Karabiner oder an einen Schl\u00fcsselh\u00e4nger.\" \/>\n<meta property=\"og:url\" content=\"https:\/\/www.omrserrature.it\/de\/produkt\/steckschlussel-fur-drehriegel\/\" \/>\n<meta property=\"og:site_name\" content=\"OMR Serrature | Produzione sistemi di chiusura\" \/>\n<meta property=\"article:publisher\" content=\"https:\/\/www.facebook.com\/OMRserrature\" \/>\n<meta property=\"article:modified_time\" content=\"2026-04-08T09:37:03+00:00\" \/>\n<meta property=\"og:image\" content=\"https:\/\/www.omrserrature.it\/wp-content\/uploads\/2019\/02\/SCHD05812.jpeg\" \/>\n\t<meta property=\"og:image:width\" content=\"1000\" \/>\n\t<meta property=\"og:image:height\" content=\"1000\" \/>\n\t<meta property=\"og:image:type\" content=\"image\/jpeg\" \/>\n<meta name=\"twitter:card\" content=\"summary_large_image\" \/>\n<meta name=\"twitter:label1\" content=\"Gesch\u00e4tzte Lesezeit\" \/>\n\t<meta name=\"twitter:data1\" content=\"1\u00a0Minute\" \/>\n<script type=\"application\/ld+json\" class=\"yoast-schema-graph\">{\"@context\":\"https:\/\/schema.org\",\"@graph\":[{\"@type\":\"WebPage\",\"@id\":\"https:\/\/www.omrserrature.it\/de\/produkt\/steckschlussel-fur-drehriegel\/\",\"url\":\"https:\/\/www.omrserrature.it\/de\/produkt\/steckschlussel-fur-drehriegel\/\",\"name\":\"Steckschl\u00fcssel f\u00fcr die \u00f6kologische Form - OMR Serrature\",\"isPartOf\":{\"@id\":\"https:\/\/www.omrserrature.it\/de\/#website\"},\"primaryImageOfPage\":{\"@id\":\"https:\/\/www.omrserrature.it\/de\/produkt\/steckschlussel-fur-drehriegel\/#primaryimage\"},\"image\":{\"@id\":\"https:\/\/www.omrserrature.it\/de\/produkt\/steckschlussel-fur-drehriegel\/#primaryimage\"},\"thumbnailUrl\":\"https:\/\/www.omrserrature.it\/wp-content\/uploads\/2019\/02\/SCHD05812.jpeg\",\"datePublished\":\"2023-02-19T15:36:00+00:00\",\"dateModified\":\"2026-04-08T09:37:03+00:00\",\"breadcrumb\":{\"@id\":\"https:\/\/www.omrserrature.it\/de\/produkt\/steckschlussel-fur-drehriegel\/#breadcrumb\"},\"inLanguage\":\"de\",\"potentialAction\":[{\"@type\":\"ReadAction\",\"target\":[\"https:\/\/www.omrserrature.it\/de\/produkt\/steckschlussel-fur-drehriegel\/\"]}]},{\"@type\":\"ImageObject\",\"inLanguage\":\"de\",\"@id\":\"https:\/\/www.omrserrature.it\/de\/produkt\/steckschlussel-fur-drehriegel\/#primaryimage\",\"url\":\"https:\/\/www.omrserrature.it\/wp-content\/uploads\/2019\/02\/SCHD05812.jpeg\",\"contentUrl\":\"https:\/\/www.omrserrature.it\/wp-content\/uploads\/2019\/02\/SCHD05812.jpeg\",\"width\":1000,\"height\":1000,\"caption\":\"Steckschl\u00fcssel mit L-Griff - SCHD05812\"},{\"@type\":\"BreadcrumbList\",\"@id\":\"https:\/\/www.omrserrature.it\/de\/produkt\/steckschlussel-fur-drehriegel\/#breadcrumb\",\"itemListElement\":[{\"@type\":\"ListItem\",\"position\":1,\"name\":\"Home\",\"item\":\"https:\/\/www.omrserrature.it\/de\/omr-serrature-sistemi-chiusura\/\"},{\"@type\":\"ListItem\",\"position\":2,\"name\":\"Katalog\",\"item\":\"https:\/\/www.omrserrature.it\/katalog\/?lang=de\"},{\"@type\":\"ListItem\",\"position\":3,\"name\":\"Produkte\",\"item\":\"https:\/\/www.omrserrature.it\/de\/katalog\/produkte\/\"},{\"@type\":\"ListItem\",\"position\":4,\"name\":\"Zubeh\u00f6r und Ersatzteile\",\"item\":\"https:\/\/www.omrserrature.it\/de\/katalog\/produkte\/zubehor-und-ersatzteile\/\"},{\"@type\":\"ListItem\",\"position\":5,\"name\":\"Tasten\",\"item\":\"https:\/\/www.omrserrature.it\/de\/katalog\/produkte\/zubehor-und-ersatzteile\/tasten\/\"},{\"@type\":\"ListItem\",\"position\":6,\"name\":\"Steckschl\u00fcssel f\u00fcr die \u00f6kologische Form\"}]},{\"@type\":\"WebSite\",\"@id\":\"https:\/\/www.omrserrature.it\/de\/#website\",\"url\":\"https:\/\/www.omrserrature.it\/de\/\",\"name\":\"OMR Serrature | Produzione sistemi di chiusura\",\"description\":\"Produzione serrature di sicurezza e sistemi di chiusura\",\"publisher\":{\"@id\":\"https:\/\/www.omrserrature.it\/de\/#organization\"},\"potentialAction\":[{\"@type\":\"SearchAction\",\"target\":{\"@type\":\"EntryPoint\",\"urlTemplate\":\"https:\/\/www.omrserrature.it\/de\/?s={search_term_string}\"},\"query-input\":{\"@type\":\"PropertyValueSpecification\",\"valueRequired\":true,\"valueName\":\"search_term_string\"}}],\"inLanguage\":\"de\"},{\"@type\":\"Organization\",\"@id\":\"https:\/\/www.omrserrature.it\/de\/#organization\",\"name\":\"OMR Serrature | Produzione sistemi di chiusura\",\"url\":\"https:\/\/www.omrserrature.it\/de\/\",\"logo\":{\"@type\":\"ImageObject\",\"inLanguage\":\"de\",\"@id\":\"https:\/\/www.omrserrature.it\/de\/#\/schema\/logo\/image\/\",\"url\":\"https:\/\/www.omrserrature.it\/wp-content\/uploads\/2017\/09\/favicon-omr-114.png\",\"contentUrl\":\"https:\/\/www.omrserrature.it\/wp-content\/uploads\/2017\/09\/favicon-omr-114.png\",\"width\":114,\"height\":114,\"caption\":\"OMR Serrature | Produzione sistemi di chiusura\"},\"image\":{\"@id\":\"https:\/\/www.omrserrature.it\/de\/#\/schema\/logo\/image\/\"},\"sameAs\":[\"https:\/\/www.facebook.com\/OMRserrature\",\"https:\/\/www.linkedin.com\/company\/omrserrature\/\",\"https:\/\/www.youtube.com\/channel\/UCxmA85z2R0EpG_6IRokiAkg\"]}]}<\/script>\n<!-- \/ Yoast SEO plugin. -->","yoast_head_json":{"title":"Steckschl\u00fcssel f\u00fcr die \u00f6kologische Form - OMR Serrature","robots":{"index":"index","follow":"follow","max-snippet":"max-snippet:-1","max-image-preview":"max-image-preview:large","max-video-preview":"max-video-preview:-1"},"canonical":"https:\/\/www.omrserrature.it\/de\/produkt\/steckschlussel-fur-drehriegel\/","og_locale":"de_DE","og_type":"article","og_title":"Steckschl\u00fcssel f\u00fcr die \u00f6kologische Form - OMR Serrature","og_description":"Die Form des Schl\u00fcssels ist aus einer vernickelten Zinklegierung gefertigt. Der robuste Hals mit einem Durchmesser von 10 mm und der ergonomische, L-f\u00f6rmige Griff sorgen f\u00fcr einen festen Halt und Widerstand. Die Bohrung im Griff erm\u00f6glicht das H\u00e4ngen an einen Karabiner oder an einen Schl\u00fcsselh\u00e4nger.","og_url":"https:\/\/www.omrserrature.it\/de\/produkt\/steckschlussel-fur-drehriegel\/","og_site_name":"OMR Serrature | Produzione sistemi di chiusura","article_publisher":"https:\/\/www.facebook.com\/OMRserrature","article_modified_time":"2026-04-08T09:37:03+00:00","og_image":[{"width":1000,"height":1000,"url":"https:\/\/www.omrserrature.it\/wp-content\/uploads\/2019\/02\/SCHD05812.jpeg","type":"image\/jpeg"}],"twitter_card":"summary_large_image","twitter_misc":{"Gesch\u00e4tzte Lesezeit":"1\u00a0Minute"},"schema":{"@context":"https:\/\/schema.org","@graph":[{"@type":"WebPage","@id":"https:\/\/www.omrserrature.it\/de\/produkt\/steckschlussel-fur-drehriegel\/","url":"https:\/\/www.omrserrature.it\/de\/produkt\/steckschlussel-fur-drehriegel\/","name":"Steckschl\u00fcssel f\u00fcr die \u00f6kologische Form - OMR Serrature","isPartOf":{"@id":"https:\/\/www.omrserrature.it\/de\/#website"},"primaryImageOfPage":{"@id":"https:\/\/www.omrserrature.it\/de\/produkt\/steckschlussel-fur-drehriegel\/#primaryimage"},"image":{"@id":"https:\/\/www.omrserrature.it\/de\/produkt\/steckschlussel-fur-drehriegel\/#primaryimage"},"thumbnailUrl":"https:\/\/www.omrserrature.it\/wp-content\/uploads\/2019\/02\/SCHD05812.jpeg","datePublished":"2023-02-19T15:36:00+00:00","dateModified":"2026-04-08T09:37:03+00:00","breadcrumb":{"@id":"https:\/\/www.omrserrature.it\/de\/produkt\/steckschlussel-fur-drehriegel\/#breadcrumb"},"inLanguage":"de","potentialAction":[{"@type":"ReadAction","target":["https:\/\/www.omrserrature.it\/de\/produkt\/steckschlussel-fur-drehriegel\/"]}]},{"@type":"ImageObject","inLanguage":"de","@id":"https:\/\/www.omrserrature.it\/de\/produkt\/steckschlussel-fur-drehriegel\/#primaryimage","url":"https:\/\/www.omrserrature.it\/wp-content\/uploads\/2019\/02\/SCHD05812.jpeg","contentUrl":"https:\/\/www.omrserrature.it\/wp-content\/uploads\/2019\/02\/SCHD05812.jpeg","width":1000,"height":1000,"caption":"Steckschl\u00fcssel mit L-Griff - SCHD05812"},{"@type":"BreadcrumbList","@id":"https:\/\/www.omrserrature.it\/de\/produkt\/steckschlussel-fur-drehriegel\/#breadcrumb","itemListElement":[{"@type":"ListItem","position":1,"name":"Home","item":"https:\/\/www.omrserrature.it\/de\/omr-serrature-sistemi-chiusura\/"},{"@type":"ListItem","position":2,"name":"Katalog","item":"https:\/\/www.omrserrature.it\/katalog\/?lang=de"},{"@type":"ListItem","position":3,"name":"Produkte","item":"https:\/\/www.omrserrature.it\/de\/katalog\/produkte\/"},{"@type":"ListItem","position":4,"name":"Zubeh\u00f6r und Ersatzteile","item":"https:\/\/www.omrserrature.it\/de\/katalog\/produkte\/zubehor-und-ersatzteile\/"},{"@type":"ListItem","position":5,"name":"Tasten","item":"https:\/\/www.omrserrature.it\/de\/katalog\/produkte\/zubehor-und-ersatzteile\/tasten\/"},{"@type":"ListItem","position":6,"name":"Steckschl\u00fcssel f\u00fcr die \u00f6kologische Form"}]},{"@type":"WebSite","@id":"https:\/\/www.omrserrature.it\/de\/#website","url":"https:\/\/www.omrserrature.it\/de\/","name":"OMR Serrature | Produzione sistemi di chiusura","description":"Produzione serrature di sicurezza e sistemi di chiusura","publisher":{"@id":"https:\/\/www.omrserrature.it\/de\/#organization"},"potentialAction":[{"@type":"SearchAction","target":{"@type":"EntryPoint","urlTemplate":"https:\/\/www.omrserrature.it\/de\/?s={search_term_string}"},"query-input":{"@type":"PropertyValueSpecification","valueRequired":true,"valueName":"search_term_string"}}],"inLanguage":"de"},{"@type":"Organization","@id":"https:\/\/www.omrserrature.it\/de\/#organization","name":"OMR Serrature | Produzione sistemi di chiusura","url":"https:\/\/www.omrserrature.it\/de\/","logo":{"@type":"ImageObject","inLanguage":"de","@id":"https:\/\/www.omrserrature.it\/de\/#\/schema\/logo\/image\/","url":"https:\/\/www.omrserrature.it\/wp-content\/uploads\/2017\/09\/favicon-omr-114.png","contentUrl":"https:\/\/www.omrserrature.it\/wp-content\/uploads\/2017\/09\/favicon-omr-114.png","width":114,"height":114,"caption":"OMR Serrature | Produzione sistemi di chiusura"},"image":{"@id":"https:\/\/www.omrserrature.it\/de\/#\/schema\/logo\/image\/"},"sameAs":["https:\/\/www.facebook.com\/OMRserrature","https:\/\/www.linkedin.com\/company\/omrserrature\/","https:\/\/www.youtube.com\/channel\/UCxmA85z2R0EpG_6IRokiAkg"]}]}},"_links":{"self":[{"href":"https:\/\/www.omrserrature.it\/de\/wp-json\/wp\/v2\/product\/11751","targetHints":{"allow":["GET"]}}],"collection":[{"href":"https:\/\/www.omrserrature.it\/de\/wp-json\/wp\/v2\/product"}],"about":[{"href":"https:\/\/www.omrserrature.it\/de\/wp-json\/wp\/v2\/types\/product"}],"replies":[{"embeddable":true,"href":"https:\/\/www.omrserrature.it\/de\/wp-json\/wp\/v2\/comments?post=11751"}],"wp:featuredmedia":[{"embeddable":true,"href":"https:\/\/www.omrserrature.it\/de\/wp-json\/wp\/v2\/media\/21366"}],"wp:attachment":[{"href":"https:\/\/www.omrserrature.it\/de\/wp-json\/wp\/v2\/media?parent=11751"}],"wp:term":[{"taxonomy":"product_brand","embeddable":true,"href":"https:\/\/www.omrserrature.it\/de\/wp-json\/wp\/v2\/product_brand?post=11751"},{"taxonomy":"product_cat","embeddable":true,"href":"https:\/\/www.omrserrature.it\/de\/wp-json\/wp\/v2\/product_cat?post=11751"},{"taxonomy":"product_tag","embeddable":true,"href":"https:\/\/www.omrserrature.it\/de\/wp-json\/wp\/v2\/product_tag?post=11751"}],"curies":[{"name":"wp","href":"https:\/\/api.w.org\/{rel}","templated":true}]}}