{"id":11739,"date":"2018-07-18T16:35:43","date_gmt":"2018-07-18T14:35:00","guid":{"rendered":"http:\/\/staging6.omrserrature.it\/prodotto\/roh-kippschlussel-cross-profil-b\/"},"modified":"2026-04-08T11:52:24","modified_gmt":"2026-04-08T09:52:24","slug":"roh-kippschlussel-cross-profil-b","status":"publish","type":"product","link":"https:\/\/www.omrserrature.it\/de\/produkt\/roh-kippschlussel-cross-profil-b\/","title":{"rendered":"CROSS&#8220; Schl\u00fcssel-Rohling B-Profil"},"content":{"rendered":"<p>Leerer Schl\u00fcssel mit klappbarem Kunststoffgriff, besonders geeignet f\u00fcr Schubladen und T\u00fcren in Durchgangsbereichen oder dort, wo man leicht gegen den hervorstehenden Griff des Schl\u00fcssels sto\u00dfen kann. Sein spezielles Design erm\u00f6glicht es, Platz zu sparen und den hervorstehenden Griff zu minimieren.  Die Lieferung umfasst zwei Schl\u00fcssel, die durch einen Metallschl\u00fcsselring verbunden sind.<\/p>\n","protected":false},"excerpt":{"rendered":"<p>Leerer Schl\u00fcssel mit klappbarem Kunststoffgriff, besonders geeignet f\u00fcr Schubladen und T\u00fcren in Durchgangsbereichen oder dort, wo man leicht gegen den hervorstehenden Griff des Schl\u00fcssels sto\u00dfen kann. Sein spezielles Design erm\u00f6glicht es, Platz zu sparen und den hervorstehenden Griff zu minimieren.  Die Lieferung umfasst zwei Schl\u00fcssel, die durch einen Metallschl\u00fcsselring verbunden sind.<\/p>\n","protected":false},"featured_media":9109,"comment_status":"open","ping_status":"closed","template":"","meta":{"_acf_changed":false,"_et_pb_use_builder":"","_et_pb_old_content":"","_et_gb_content_width":""},"product_brand":[],"product_cat":[3775],"product_tag":[],"class_list":{"0":"post-11739","1":"product","2":"type-product","3":"status-publish","4":"has-post-thumbnail","6":"product_cat-produkte","8":"first","9":"instock","10":"shipping-taxable","11":"product-type-simple"},"acf":{"pdf1":false},"yoast_head":"<!-- This site is optimized with the Yoast SEO plugin v27.5 - https:\/\/yoast.com\/product\/yoast-seo-wordpress\/ -->\n<title>CROSS&quot; Schl\u00fcssel-Rohling B-Profil - OMR Serrature<\/title>\n<meta name=\"robots\" content=\"index, follow, max-snippet:-1, max-image-preview:large, max-video-preview:-1\" \/>\n<link rel=\"canonical\" href=\"https:\/\/www.omrserrature.it\/de\/produkt\/roh-kippschlussel-cross-profil-b\/\" \/>\n<meta property=\"og:locale\" content=\"de_DE\" \/>\n<meta property=\"og:type\" content=\"article\" \/>\n<meta property=\"og:title\" content=\"CROSS&quot; Schl\u00fcssel-Rohling B-Profil - OMR Serrature\" \/>\n<meta property=\"og:description\" content=\"Leerer Schl\u00fcssel mit klappbarem Kunststoffgriff, besonders geeignet f\u00fcr Schubladen und T\u00fcren in Durchgangsbereichen oder dort, wo man leicht gegen den hervorstehenden Griff des Schl\u00fcssels sto\u00dfen kann. Sein spezielles Design erm\u00f6glicht es, Platz zu sparen und den hervorstehenden Griff zu minimieren. Die Lieferung umfasst zwei Schl\u00fcssel, die durch einen Metallschl\u00fcsselring verbunden sind.\" \/>\n<meta property=\"og:url\" content=\"https:\/\/www.omrserrature.it\/de\/produkt\/roh-kippschlussel-cross-profil-b\/\" \/>\n<meta property=\"og:site_name\" content=\"OMR Serrature | Produzione sistemi di chiusura\" \/>\n<meta property=\"article:publisher\" content=\"https:\/\/www.facebook.com\/OMRserrature\" \/>\n<meta property=\"article:modified_time\" content=\"2026-04-08T09:52:24+00:00\" \/>\n<meta property=\"og:image\" content=\"https:\/\/www.omrserrature.it\/wp-content\/uploads\/2018\/07\/chiave-grezza-cross-profilo-b-MCHGYPB.jpg\" \/>\n\t<meta property=\"og:image:width\" content=\"865\" \/>\n\t<meta property=\"og:image:height\" content=\"372\" \/>\n\t<meta property=\"og:image:type\" content=\"image\/jpeg\" \/>\n<meta name=\"twitter:card\" content=\"summary_large_image\" \/>\n<script type=\"application\/ld+json\" class=\"yoast-schema-graph\">{\"@context\":\"https:\\\/\\\/schema.org\",\"@graph\":[{\"@type\":\"WebPage\",\"@id\":\"https:\\\/\\\/www.omrserrature.it\\\/de\\\/produkt\\\/roh-kippschlussel-cross-profil-b\\\/\",\"url\":\"https:\\\/\\\/www.omrserrature.it\\\/de\\\/produkt\\\/roh-kippschlussel-cross-profil-b\\\/\",\"name\":\"CROSS\\\" Schl\u00fcssel-Rohling B-Profil - OMR Serrature\",\"isPartOf\":{\"@id\":\"https:\\\/\\\/www.omrserrature.it\\\/de\\\/#website\"},\"primaryImageOfPage\":{\"@id\":\"https:\\\/\\\/www.omrserrature.it\\\/de\\\/produkt\\\/roh-kippschlussel-cross-profil-b\\\/#primaryimage\"},\"image\":{\"@id\":\"https:\\\/\\\/www.omrserrature.it\\\/de\\\/produkt\\\/roh-kippschlussel-cross-profil-b\\\/#primaryimage\"},\"thumbnailUrl\":\"https:\\\/\\\/www.omrserrature.it\\\/wp-content\\\/uploads\\\/2018\\\/07\\\/chiave-grezza-cross-profilo-b-MCHGYPB.jpg\",\"datePublished\":\"2018-07-18T14:35:00+00:00\",\"dateModified\":\"2026-04-08T09:52:24+00:00\",\"breadcrumb\":{\"@id\":\"https:\\\/\\\/www.omrserrature.it\\\/de\\\/produkt\\\/roh-kippschlussel-cross-profil-b\\\/#breadcrumb\"},\"inLanguage\":\"de\",\"potentialAction\":[{\"@type\":\"ReadAction\",\"target\":[\"https:\\\/\\\/www.omrserrature.it\\\/de\\\/produkt\\\/roh-kippschlussel-cross-profil-b\\\/\"]}]},{\"@type\":\"ImageObject\",\"inLanguage\":\"de\",\"@id\":\"https:\\\/\\\/www.omrserrature.it\\\/de\\\/produkt\\\/roh-kippschlussel-cross-profil-b\\\/#primaryimage\",\"url\":\"https:\\\/\\\/www.omrserrature.it\\\/wp-content\\\/uploads\\\/2018\\\/07\\\/chiave-grezza-cross-profilo-b-MCHGYPB.jpg\",\"contentUrl\":\"https:\\\/\\\/www.omrserrature.it\\\/wp-content\\\/uploads\\\/2018\\\/07\\\/chiave-grezza-cross-profilo-b-MCHGYPB.jpg\",\"width\":865,\"height\":372,\"caption\":\"CROSS Schl\u00fcssel-Rohling Profil B -MCHGYPB\"},{\"@type\":\"BreadcrumbList\",\"@id\":\"https:\\\/\\\/www.omrserrature.it\\\/de\\\/produkt\\\/roh-kippschlussel-cross-profil-b\\\/#breadcrumb\",\"itemListElement\":[{\"@type\":\"ListItem\",\"position\":1,\"name\":\"Home\",\"item\":\"https:\\\/\\\/www.omrserrature.it\\\/de\\\/omr-serrature-sistemi-chiusura\\\/\"},{\"@type\":\"ListItem\",\"position\":2,\"name\":\"Katalog\",\"item\":\"https:\\\/\\\/www.omrserrature.it\\\/katalog\\\/?lang=de\"},{\"@type\":\"ListItem\",\"position\":3,\"name\":\"Produkte\",\"item\":\"https:\\\/\\\/www.omrserrature.it\\\/de\\\/katalog\\\/produkte\\\/\"},{\"@type\":\"ListItem\",\"position\":4,\"name\":\"CROSS&#8221; Schl\u00fcssel-Rohling B-Profil\"}]},{\"@type\":\"WebSite\",\"@id\":\"https:\\\/\\\/www.omrserrature.it\\\/de\\\/#website\",\"url\":\"https:\\\/\\\/www.omrserrature.it\\\/de\\\/\",\"name\":\"OMR Serrature | Produzione sistemi di chiusura\",\"description\":\"Produzione serrature di sicurezza e sistemi di chiusura\",\"publisher\":{\"@id\":\"https:\\\/\\\/www.omrserrature.it\\\/de\\\/#organization\"},\"potentialAction\":[{\"@type\":\"SearchAction\",\"target\":{\"@type\":\"EntryPoint\",\"urlTemplate\":\"https:\\\/\\\/www.omrserrature.it\\\/de\\\/?s={search_term_string}\"},\"query-input\":{\"@type\":\"PropertyValueSpecification\",\"valueRequired\":true,\"valueName\":\"search_term_string\"}}],\"inLanguage\":\"de\"},{\"@type\":\"Organization\",\"@id\":\"https:\\\/\\\/www.omrserrature.it\\\/de\\\/#organization\",\"name\":\"OMR Serrature | Produzione sistemi di chiusura\",\"url\":\"https:\\\/\\\/www.omrserrature.it\\\/de\\\/\",\"logo\":{\"@type\":\"ImageObject\",\"inLanguage\":\"de\",\"@id\":\"https:\\\/\\\/www.omrserrature.it\\\/de\\\/#\\\/schema\\\/logo\\\/image\\\/\",\"url\":\"https:\\\/\\\/www.omrserrature.it\\\/wp-content\\\/uploads\\\/2017\\\/09\\\/favicon-omr-114.png\",\"contentUrl\":\"https:\\\/\\\/www.omrserrature.it\\\/wp-content\\\/uploads\\\/2017\\\/09\\\/favicon-omr-114.png\",\"width\":114,\"height\":114,\"caption\":\"OMR Serrature | Produzione sistemi di chiusura\"},\"image\":{\"@id\":\"https:\\\/\\\/www.omrserrature.it\\\/de\\\/#\\\/schema\\\/logo\\\/image\\\/\"},\"sameAs\":[\"https:\\\/\\\/www.facebook.com\\\/OMRserrature\",\"https:\\\/\\\/www.linkedin.com\\\/company\\\/omrserrature\\\/\",\"https:\\\/\\\/www.youtube.com\\\/channel\\\/UCxmA85z2R0EpG_6IRokiAkg\"]}]}<\/script>\n<!-- \/ Yoast SEO plugin. -->","yoast_head_json":{"title":"CROSS\" Schl\u00fcssel-Rohling B-Profil - OMR Serrature","robots":{"index":"index","follow":"follow","max-snippet":"max-snippet:-1","max-image-preview":"max-image-preview:large","max-video-preview":"max-video-preview:-1"},"canonical":"https:\/\/www.omrserrature.it\/de\/produkt\/roh-kippschlussel-cross-profil-b\/","og_locale":"de_DE","og_type":"article","og_title":"CROSS\" Schl\u00fcssel-Rohling B-Profil - OMR Serrature","og_description":"Leerer Schl\u00fcssel mit klappbarem Kunststoffgriff, besonders geeignet f\u00fcr Schubladen und T\u00fcren in Durchgangsbereichen oder dort, wo man leicht gegen den hervorstehenden Griff des Schl\u00fcssels sto\u00dfen kann. Sein spezielles Design erm\u00f6glicht es, Platz zu sparen und den hervorstehenden Griff zu minimieren. Die Lieferung umfasst zwei Schl\u00fcssel, die durch einen Metallschl\u00fcsselring verbunden sind.","og_url":"https:\/\/www.omrserrature.it\/de\/produkt\/roh-kippschlussel-cross-profil-b\/","og_site_name":"OMR Serrature | Produzione sistemi di chiusura","article_publisher":"https:\/\/www.facebook.com\/OMRserrature","article_modified_time":"2026-04-08T09:52:24+00:00","og_image":[{"width":865,"height":372,"url":"https:\/\/www.omrserrature.it\/wp-content\/uploads\/2018\/07\/chiave-grezza-cross-profilo-b-MCHGYPB.jpg","type":"image\/jpeg"}],"twitter_card":"summary_large_image","schema":{"@context":"https:\/\/schema.org","@graph":[{"@type":"WebPage","@id":"https:\/\/www.omrserrature.it\/de\/produkt\/roh-kippschlussel-cross-profil-b\/","url":"https:\/\/www.omrserrature.it\/de\/produkt\/roh-kippschlussel-cross-profil-b\/","name":"CROSS\" Schl\u00fcssel-Rohling B-Profil - OMR Serrature","isPartOf":{"@id":"https:\/\/www.omrserrature.it\/de\/#website"},"primaryImageOfPage":{"@id":"https:\/\/www.omrserrature.it\/de\/produkt\/roh-kippschlussel-cross-profil-b\/#primaryimage"},"image":{"@id":"https:\/\/www.omrserrature.it\/de\/produkt\/roh-kippschlussel-cross-profil-b\/#primaryimage"},"thumbnailUrl":"https:\/\/www.omrserrature.it\/wp-content\/uploads\/2018\/07\/chiave-grezza-cross-profilo-b-MCHGYPB.jpg","datePublished":"2018-07-18T14:35:00+00:00","dateModified":"2026-04-08T09:52:24+00:00","breadcrumb":{"@id":"https:\/\/www.omrserrature.it\/de\/produkt\/roh-kippschlussel-cross-profil-b\/#breadcrumb"},"inLanguage":"de","potentialAction":[{"@type":"ReadAction","target":["https:\/\/www.omrserrature.it\/de\/produkt\/roh-kippschlussel-cross-profil-b\/"]}]},{"@type":"ImageObject","inLanguage":"de","@id":"https:\/\/www.omrserrature.it\/de\/produkt\/roh-kippschlussel-cross-profil-b\/#primaryimage","url":"https:\/\/www.omrserrature.it\/wp-content\/uploads\/2018\/07\/chiave-grezza-cross-profilo-b-MCHGYPB.jpg","contentUrl":"https:\/\/www.omrserrature.it\/wp-content\/uploads\/2018\/07\/chiave-grezza-cross-profilo-b-MCHGYPB.jpg","width":865,"height":372,"caption":"CROSS Schl\u00fcssel-Rohling Profil B -MCHGYPB"},{"@type":"BreadcrumbList","@id":"https:\/\/www.omrserrature.it\/de\/produkt\/roh-kippschlussel-cross-profil-b\/#breadcrumb","itemListElement":[{"@type":"ListItem","position":1,"name":"Home","item":"https:\/\/www.omrserrature.it\/de\/omr-serrature-sistemi-chiusura\/"},{"@type":"ListItem","position":2,"name":"Katalog","item":"https:\/\/www.omrserrature.it\/katalog\/?lang=de"},{"@type":"ListItem","position":3,"name":"Produkte","item":"https:\/\/www.omrserrature.it\/de\/katalog\/produkte\/"},{"@type":"ListItem","position":4,"name":"CROSS&#8221; Schl\u00fcssel-Rohling B-Profil"}]},{"@type":"WebSite","@id":"https:\/\/www.omrserrature.it\/de\/#website","url":"https:\/\/www.omrserrature.it\/de\/","name":"OMR Serrature | Produzione sistemi di chiusura","description":"Produzione serrature di sicurezza e sistemi di chiusura","publisher":{"@id":"https:\/\/www.omrserrature.it\/de\/#organization"},"potentialAction":[{"@type":"SearchAction","target":{"@type":"EntryPoint","urlTemplate":"https:\/\/www.omrserrature.it\/de\/?s={search_term_string}"},"query-input":{"@type":"PropertyValueSpecification","valueRequired":true,"valueName":"search_term_string"}}],"inLanguage":"de"},{"@type":"Organization","@id":"https:\/\/www.omrserrature.it\/de\/#organization","name":"OMR Serrature | Produzione sistemi di chiusura","url":"https:\/\/www.omrserrature.it\/de\/","logo":{"@type":"ImageObject","inLanguage":"de","@id":"https:\/\/www.omrserrature.it\/de\/#\/schema\/logo\/image\/","url":"https:\/\/www.omrserrature.it\/wp-content\/uploads\/2017\/09\/favicon-omr-114.png","contentUrl":"https:\/\/www.omrserrature.it\/wp-content\/uploads\/2017\/09\/favicon-omr-114.png","width":114,"height":114,"caption":"OMR Serrature | Produzione sistemi di chiusura"},"image":{"@id":"https:\/\/www.omrserrature.it\/de\/#\/schema\/logo\/image\/"},"sameAs":["https:\/\/www.facebook.com\/OMRserrature","https:\/\/www.linkedin.com\/company\/omrserrature\/","https:\/\/www.youtube.com\/channel\/UCxmA85z2R0EpG_6IRokiAkg"]}]}},"_links":{"self":[{"href":"https:\/\/www.omrserrature.it\/de\/wp-json\/wp\/v2\/product\/11739","targetHints":{"allow":["GET"]}}],"collection":[{"href":"https:\/\/www.omrserrature.it\/de\/wp-json\/wp\/v2\/product"}],"about":[{"href":"https:\/\/www.omrserrature.it\/de\/wp-json\/wp\/v2\/types\/product"}],"replies":[{"embeddable":true,"href":"https:\/\/www.omrserrature.it\/de\/wp-json\/wp\/v2\/comments?post=11739"}],"wp:featuredmedia":[{"embeddable":true,"href":"https:\/\/www.omrserrature.it\/de\/wp-json\/wp\/v2\/media\/9109"}],"wp:attachment":[{"href":"https:\/\/www.omrserrature.it\/de\/wp-json\/wp\/v2\/media?parent=11739"}],"wp:term":[{"taxonomy":"product_brand","embeddable":true,"href":"https:\/\/www.omrserrature.it\/de\/wp-json\/wp\/v2\/product_brand?post=11739"},{"taxonomy":"product_cat","embeddable":true,"href":"https:\/\/www.omrserrature.it\/de\/wp-json\/wp\/v2\/product_cat?post=11739"},{"taxonomy":"product_tag","embeddable":true,"href":"https:\/\/www.omrserrature.it\/de\/wp-json\/wp\/v2\/product_tag?post=11739"}],"curies":[{"name":"wp","href":"https:\/\/api.w.org\/{rel}","templated":true}]}}