{"id":11737,"date":"2018-07-13T10:46:46","date_gmt":"2013-07-18T08:46:00","guid":{"rendered":"http:\/\/staging6.omrserrature.it\/prodotto\/steckschlussel-ovalkopf\/"},"modified":"2026-04-08T12:01:31","modified_gmt":"2026-04-08T10:01:31","slug":"steckschlussel-ovalkopf","status":"publish","type":"product","link":"https:\/\/www.omrserrature.it\/de\/produkt\/steckschlussel-ovalkopf\/","title":{"rendered":"Form Steckschl\u00fcssel &#8211; ovaler Kopf"},"content":{"rendered":"<p>Die <strong>Form des Schl\u00fcssels <\/strong>ist aus einer vernickelten Zinklegierung gefertigt. Der Schl\u00fcsselschaft ist dank dem 8 mm Durchmesser robust und der ergonomische T-Griff bietet ist <strong>griffig und praktisch<\/strong>. Ein praktisches Loch im Schl\u00fcsselgriff erm\u00f6glich das H\u00e4ngen an einen Karabiner oder an einen Ring.  <\/p>\n<p>Die<strong>T6 weibliche dreieckige Form<\/strong> kann mit Kastenzylindern mit <strong>8 mm Dreiecksseite<\/strong> verwendet werden. Der Schl\u00fcssel wird dkt. 6 mm genannt, weil ins Dreieck einen Kreis mit 6 mm Durchmesser einbeschrieben werden kann.<\/p>\n<p>Die<strong>Form P3<\/strong> ist aufgrund des Durchmessers des Stifts in der Mitte des Einsatzes mit einer 3-mm-Doppelrippe als solche definiert. <strong>Die P5 Version<\/strong> hingegen hat einen 5 mm Stift.<\/p>\n<p>Die Universalschl\u00fcssel werden \u00fcblicherweise f\u00fcr <strong>Z\u00e4hlerkasten<\/strong>, Drehriegel, Notentriegelungen f\u00fcr Aktuatoren und Aufz\u00fcge, Stroms\u00e4ulen verwendet. Die Mitarbeiter der Abfallsammlung benutzen die Universalschl\u00fcssel f\u00fcr den Ersatz der T\u00fcten in Abfallbeh\u00e4lter. Bei der Wartung von Sicherungs- und Verteilerkasten werden die Universalschl\u00fcssel verwendet, um die Drehriegel zu bet\u00e4tigen. <\/p>\n","protected":false},"excerpt":{"rendered":"<p>Die <strong>Form des Schl\u00fcssels <\/strong>ist aus einer vernickelten Zinklegierung gefertigt. Der Schl\u00fcsselschaft ist dank dem 8 mm Durchmesser robust und der ergonomische T-Griff bietet ist <strong>griffig und praktisch<\/strong>. Ein praktisches Loch im Schl\u00fcsselgriff erm\u00f6glich das H\u00e4ngen an einen Karabiner oder an einen Ring.  <\/p>\n","protected":false},"featured_media":21496,"comment_status":"open","ping_status":"closed","template":"","meta":{"_acf_changed":false,"_et_pb_use_builder":"","_et_pb_old_content":"","_et_gb_content_width":""},"product_brand":[],"product_cat":[3775,3809],"product_tag":[],"class_list":{"0":"post-11737","1":"product","2":"type-product","3":"status-publish","4":"has-post-thumbnail","6":"product_cat-produkte","7":"product_cat-tasten","9":"first","10":"instock","11":"shipping-taxable","12":"purchasable","13":"product-type-variable"},"acf":{"pdf1":"https:\/\/www.omrserrature.it\/wp-content\/uploads\/2018\/07\/Scheda-tecnica-SCHD05790.jpg"},"yoast_head":"<!-- This site is optimized with the Yoast SEO plugin v27.2 - https:\/\/yoast.com\/product\/yoast-seo-wordpress\/ -->\n<title>Form Steckschl\u00fcssel - ovaler Kopf - OMR Serrature<\/title>\n<meta name=\"robots\" content=\"index, follow, max-snippet:-1, max-image-preview:large, max-video-preview:-1\" \/>\n<link rel=\"canonical\" href=\"https:\/\/www.omrserrature.it\/de\/produkt\/steckschlussel-ovalkopf\/\" \/>\n<meta property=\"og:locale\" content=\"de_DE\" \/>\n<meta property=\"og:type\" content=\"article\" \/>\n<meta property=\"og:title\" content=\"Form Steckschl\u00fcssel - ovaler Kopf - OMR Serrature\" \/>\n<meta property=\"og:description\" content=\"Die Form des Schl\u00fcssels ist aus einer vernickelten Zinklegierung gefertigt. Der Schl\u00fcsselschaft ist dank dem 8 mm Durchmesser robust und der ergonomische T-Griff bietet ist griffig und praktisch. Ein praktisches Loch im Schl\u00fcsselgriff erm\u00f6glich das H\u00e4ngen an einen Karabiner oder an einen Ring.\" \/>\n<meta property=\"og:url\" content=\"https:\/\/www.omrserrature.it\/de\/produkt\/steckschlussel-ovalkopf\/\" \/>\n<meta property=\"og:site_name\" content=\"OMR Serrature | Produzione sistemi di chiusura\" \/>\n<meta property=\"article:publisher\" content=\"https:\/\/www.facebook.com\/OMRserrature\" \/>\n<meta property=\"article:modified_time\" content=\"2026-04-08T10:01:31+00:00\" \/>\n<meta property=\"og:image\" content=\"https:\/\/www.omrserrature.it\/wp-content\/uploads\/2018\/07\/SCHD05790-1.jpg\" \/>\n\t<meta property=\"og:image:width\" content=\"1000\" \/>\n\t<meta property=\"og:image:height\" content=\"1000\" \/>\n\t<meta property=\"og:image:type\" content=\"image\/jpeg\" \/>\n<meta name=\"twitter:card\" content=\"summary_large_image\" \/>\n<meta name=\"twitter:label1\" content=\"Gesch\u00e4tzte Lesezeit\" \/>\n\t<meta name=\"twitter:data1\" content=\"1\u00a0Minute\" \/>\n<script type=\"application\/ld+json\" class=\"yoast-schema-graph\">{\"@context\":\"https:\/\/schema.org\",\"@graph\":[{\"@type\":\"WebPage\",\"@id\":\"https:\/\/www.omrserrature.it\/de\/produkt\/steckschlussel-ovalkopf\/\",\"url\":\"https:\/\/www.omrserrature.it\/de\/produkt\/steckschlussel-ovalkopf\/\",\"name\":\"Form Steckschl\u00fcssel - ovaler Kopf - OMR Serrature\",\"isPartOf\":{\"@id\":\"https:\/\/www.omrserrature.it\/de\/#website\"},\"primaryImageOfPage\":{\"@id\":\"https:\/\/www.omrserrature.it\/de\/produkt\/steckschlussel-ovalkopf\/#primaryimage\"},\"image\":{\"@id\":\"https:\/\/www.omrserrature.it\/de\/produkt\/steckschlussel-ovalkopf\/#primaryimage\"},\"thumbnailUrl\":\"https:\/\/www.omrserrature.it\/wp-content\/uploads\/2018\/07\/SCHD05790-1.jpg\",\"datePublished\":\"2013-07-18T08:46:00+00:00\",\"dateModified\":\"2026-04-08T10:01:31+00:00\",\"breadcrumb\":{\"@id\":\"https:\/\/www.omrserrature.it\/de\/produkt\/steckschlussel-ovalkopf\/#breadcrumb\"},\"inLanguage\":\"de\",\"potentialAction\":[{\"@type\":\"ReadAction\",\"target\":[\"https:\/\/www.omrserrature.it\/de\/produkt\/steckschlussel-ovalkopf\/\"]}]},{\"@type\":\"ImageObject\",\"inLanguage\":\"de\",\"@id\":\"https:\/\/www.omrserrature.it\/de\/produkt\/steckschlussel-ovalkopf\/#primaryimage\",\"url\":\"https:\/\/www.omrserrature.it\/wp-content\/uploads\/2018\/07\/SCHD05790-1.jpg\",\"contentUrl\":\"https:\/\/www.omrserrature.it\/wp-content\/uploads\/2018\/07\/SCHD05790-1.jpg\",\"width\":1000,\"height\":1000,\"caption\":\"Steckschl\u00fcssel - Ovaler Kopf -SCHD05790\"},{\"@type\":\"BreadcrumbList\",\"@id\":\"https:\/\/www.omrserrature.it\/de\/produkt\/steckschlussel-ovalkopf\/#breadcrumb\",\"itemListElement\":[{\"@type\":\"ListItem\",\"position\":1,\"name\":\"Home\",\"item\":\"https:\/\/www.omrserrature.it\/de\/omr-serrature-sistemi-chiusura\/\"},{\"@type\":\"ListItem\",\"position\":2,\"name\":\"Katalog\",\"item\":\"https:\/\/www.omrserrature.it\/katalog\/?lang=de\"},{\"@type\":\"ListItem\",\"position\":3,\"name\":\"Produkte\",\"item\":\"https:\/\/www.omrserrature.it\/de\/katalog\/produkte\/\"},{\"@type\":\"ListItem\",\"position\":4,\"name\":\"Form Steckschl\u00fcssel &#8211; ovaler Kopf\"}]},{\"@type\":\"WebSite\",\"@id\":\"https:\/\/www.omrserrature.it\/de\/#website\",\"url\":\"https:\/\/www.omrserrature.it\/de\/\",\"name\":\"OMR Serrature | Produzione sistemi di chiusura\",\"description\":\"Produzione serrature di sicurezza e sistemi di chiusura\",\"publisher\":{\"@id\":\"https:\/\/www.omrserrature.it\/de\/#organization\"},\"potentialAction\":[{\"@type\":\"SearchAction\",\"target\":{\"@type\":\"EntryPoint\",\"urlTemplate\":\"https:\/\/www.omrserrature.it\/de\/?s={search_term_string}\"},\"query-input\":{\"@type\":\"PropertyValueSpecification\",\"valueRequired\":true,\"valueName\":\"search_term_string\"}}],\"inLanguage\":\"de\"},{\"@type\":\"Organization\",\"@id\":\"https:\/\/www.omrserrature.it\/de\/#organization\",\"name\":\"OMR Serrature | Produzione sistemi di chiusura\",\"url\":\"https:\/\/www.omrserrature.it\/de\/\",\"logo\":{\"@type\":\"ImageObject\",\"inLanguage\":\"de\",\"@id\":\"https:\/\/www.omrserrature.it\/de\/#\/schema\/logo\/image\/\",\"url\":\"https:\/\/www.omrserrature.it\/wp-content\/uploads\/2017\/09\/favicon-omr-114.png\",\"contentUrl\":\"https:\/\/www.omrserrature.it\/wp-content\/uploads\/2017\/09\/favicon-omr-114.png\",\"width\":114,\"height\":114,\"caption\":\"OMR Serrature | Produzione sistemi di chiusura\"},\"image\":{\"@id\":\"https:\/\/www.omrserrature.it\/de\/#\/schema\/logo\/image\/\"},\"sameAs\":[\"https:\/\/www.facebook.com\/OMRserrature\",\"https:\/\/www.linkedin.com\/company\/omrserrature\/\",\"https:\/\/www.youtube.com\/channel\/UCxmA85z2R0EpG_6IRokiAkg\"]}]}<\/script>\n<!-- \/ Yoast SEO plugin. -->","yoast_head_json":{"title":"Form Steckschl\u00fcssel - ovaler Kopf - OMR Serrature","robots":{"index":"index","follow":"follow","max-snippet":"max-snippet:-1","max-image-preview":"max-image-preview:large","max-video-preview":"max-video-preview:-1"},"canonical":"https:\/\/www.omrserrature.it\/de\/produkt\/steckschlussel-ovalkopf\/","og_locale":"de_DE","og_type":"article","og_title":"Form Steckschl\u00fcssel - ovaler Kopf - OMR Serrature","og_description":"Die Form des Schl\u00fcssels ist aus einer vernickelten Zinklegierung gefertigt. Der Schl\u00fcsselschaft ist dank dem 8 mm Durchmesser robust und der ergonomische T-Griff bietet ist griffig und praktisch. Ein praktisches Loch im Schl\u00fcsselgriff erm\u00f6glich das H\u00e4ngen an einen Karabiner oder an einen Ring.","og_url":"https:\/\/www.omrserrature.it\/de\/produkt\/steckschlussel-ovalkopf\/","og_site_name":"OMR Serrature | Produzione sistemi di chiusura","article_publisher":"https:\/\/www.facebook.com\/OMRserrature","article_modified_time":"2026-04-08T10:01:31+00:00","og_image":[{"width":1000,"height":1000,"url":"https:\/\/www.omrserrature.it\/wp-content\/uploads\/2018\/07\/SCHD05790-1.jpg","type":"image\/jpeg"}],"twitter_card":"summary_large_image","twitter_misc":{"Gesch\u00e4tzte Lesezeit":"1\u00a0Minute"},"schema":{"@context":"https:\/\/schema.org","@graph":[{"@type":"WebPage","@id":"https:\/\/www.omrserrature.it\/de\/produkt\/steckschlussel-ovalkopf\/","url":"https:\/\/www.omrserrature.it\/de\/produkt\/steckschlussel-ovalkopf\/","name":"Form Steckschl\u00fcssel - ovaler Kopf - OMR Serrature","isPartOf":{"@id":"https:\/\/www.omrserrature.it\/de\/#website"},"primaryImageOfPage":{"@id":"https:\/\/www.omrserrature.it\/de\/produkt\/steckschlussel-ovalkopf\/#primaryimage"},"image":{"@id":"https:\/\/www.omrserrature.it\/de\/produkt\/steckschlussel-ovalkopf\/#primaryimage"},"thumbnailUrl":"https:\/\/www.omrserrature.it\/wp-content\/uploads\/2018\/07\/SCHD05790-1.jpg","datePublished":"2013-07-18T08:46:00+00:00","dateModified":"2026-04-08T10:01:31+00:00","breadcrumb":{"@id":"https:\/\/www.omrserrature.it\/de\/produkt\/steckschlussel-ovalkopf\/#breadcrumb"},"inLanguage":"de","potentialAction":[{"@type":"ReadAction","target":["https:\/\/www.omrserrature.it\/de\/produkt\/steckschlussel-ovalkopf\/"]}]},{"@type":"ImageObject","inLanguage":"de","@id":"https:\/\/www.omrserrature.it\/de\/produkt\/steckschlussel-ovalkopf\/#primaryimage","url":"https:\/\/www.omrserrature.it\/wp-content\/uploads\/2018\/07\/SCHD05790-1.jpg","contentUrl":"https:\/\/www.omrserrature.it\/wp-content\/uploads\/2018\/07\/SCHD05790-1.jpg","width":1000,"height":1000,"caption":"Steckschl\u00fcssel - Ovaler Kopf -SCHD05790"},{"@type":"BreadcrumbList","@id":"https:\/\/www.omrserrature.it\/de\/produkt\/steckschlussel-ovalkopf\/#breadcrumb","itemListElement":[{"@type":"ListItem","position":1,"name":"Home","item":"https:\/\/www.omrserrature.it\/de\/omr-serrature-sistemi-chiusura\/"},{"@type":"ListItem","position":2,"name":"Katalog","item":"https:\/\/www.omrserrature.it\/katalog\/?lang=de"},{"@type":"ListItem","position":3,"name":"Produkte","item":"https:\/\/www.omrserrature.it\/de\/katalog\/produkte\/"},{"@type":"ListItem","position":4,"name":"Form Steckschl\u00fcssel &#8211; ovaler Kopf"}]},{"@type":"WebSite","@id":"https:\/\/www.omrserrature.it\/de\/#website","url":"https:\/\/www.omrserrature.it\/de\/","name":"OMR Serrature | Produzione sistemi di chiusura","description":"Produzione serrature di sicurezza e sistemi di chiusura","publisher":{"@id":"https:\/\/www.omrserrature.it\/de\/#organization"},"potentialAction":[{"@type":"SearchAction","target":{"@type":"EntryPoint","urlTemplate":"https:\/\/www.omrserrature.it\/de\/?s={search_term_string}"},"query-input":{"@type":"PropertyValueSpecification","valueRequired":true,"valueName":"search_term_string"}}],"inLanguage":"de"},{"@type":"Organization","@id":"https:\/\/www.omrserrature.it\/de\/#organization","name":"OMR Serrature | Produzione sistemi di chiusura","url":"https:\/\/www.omrserrature.it\/de\/","logo":{"@type":"ImageObject","inLanguage":"de","@id":"https:\/\/www.omrserrature.it\/de\/#\/schema\/logo\/image\/","url":"https:\/\/www.omrserrature.it\/wp-content\/uploads\/2017\/09\/favicon-omr-114.png","contentUrl":"https:\/\/www.omrserrature.it\/wp-content\/uploads\/2017\/09\/favicon-omr-114.png","width":114,"height":114,"caption":"OMR Serrature | Produzione sistemi di chiusura"},"image":{"@id":"https:\/\/www.omrserrature.it\/de\/#\/schema\/logo\/image\/"},"sameAs":["https:\/\/www.facebook.com\/OMRserrature","https:\/\/www.linkedin.com\/company\/omrserrature\/","https:\/\/www.youtube.com\/channel\/UCxmA85z2R0EpG_6IRokiAkg"]}]}},"_links":{"self":[{"href":"https:\/\/www.omrserrature.it\/de\/wp-json\/wp\/v2\/product\/11737","targetHints":{"allow":["GET"]}}],"collection":[{"href":"https:\/\/www.omrserrature.it\/de\/wp-json\/wp\/v2\/product"}],"about":[{"href":"https:\/\/www.omrserrature.it\/de\/wp-json\/wp\/v2\/types\/product"}],"replies":[{"embeddable":true,"href":"https:\/\/www.omrserrature.it\/de\/wp-json\/wp\/v2\/comments?post=11737"}],"wp:featuredmedia":[{"embeddable":true,"href":"https:\/\/www.omrserrature.it\/de\/wp-json\/wp\/v2\/media\/21496"}],"wp:attachment":[{"href":"https:\/\/www.omrserrature.it\/de\/wp-json\/wp\/v2\/media?parent=11737"}],"wp:term":[{"taxonomy":"product_brand","embeddable":true,"href":"https:\/\/www.omrserrature.it\/de\/wp-json\/wp\/v2\/product_brand?post=11737"},{"taxonomy":"product_cat","embeddable":true,"href":"https:\/\/www.omrserrature.it\/de\/wp-json\/wp\/v2\/product_cat?post=11737"},{"taxonomy":"product_tag","embeddable":true,"href":"https:\/\/www.omrserrature.it\/de\/wp-json\/wp\/v2\/product_tag?post=11737"}],"curies":[{"name":"wp","href":"https:\/\/api.w.org\/{rel}","templated":true}]}}