{"id":11736,"date":"2018-07-13T10:43:02","date_gmt":"2013-07-18T08:43:00","guid":{"rendered":"http:\/\/staging6.omrserrature.it\/prodotto\/steckschlussel-fur-drehriegel-hammerkopf\/"},"modified":"2026-04-08T12:05:53","modified_gmt":"2026-04-08T10:05:53","slug":"steckschlussel-fur-drehriegel-hammerkopf","status":"publish","type":"product","link":"https:\/\/www.omrserrature.it\/de\/produkt\/steckschlussel-fur-drehriegel-hammerkopf\/","title":{"rendered":"Steckschl\u00fcssel f\u00fcr Drehriegel \u2013 Hammerkopf"},"content":{"rendered":"<p>Die <strong>Form des Schl\u00fcssels <\/strong>ist aus einer vernickelten Zinklegierung gefertigt. Der Schl\u00fcsselschaft ist dank dem 8 mm Durchmesser robust und der ergonomische T-Griff bietet ist <strong>griffig und praktisch<\/strong>. Ein praktisches Loch im Schl\u00fcsselgriff erm\u00f6glich das H\u00e4ngen an einen Karabiner oder an einen Ring.  <\/p>\n<p>Die<strong>T6 weibliche dreieckige Form<\/strong> kann mit Kastenzylindern mit <strong>8 mm Dreiecksseite<\/strong> verwendet werden. Der Schl\u00fcssel wird dkt. 6 mm genannt, weil ins Dreieck einen Kreis mit 6 mm Durchmesser einbeschrieben werden kann.<\/p>\n<p>Die<strong>Form P3<\/strong> wird als solche definiert, weil der Durchmesser des Stifts in der Mitte des doppelwandigen Einsatzes 3 mm betr\u00e4gt. Die P5 Version hingegen hat einen 5 mm Stift.<\/p>\n<p>Die<strong>quadratische Form Q7<\/strong> wird zum \u00d6ffnen von Abschl\u00fcssen mit quadratischen Formen von 7 mm verwendet.<\/p>\n<p>Die Universalschl\u00fcssel werden \u00fcblicherweise f\u00fcr <strong>Z\u00e4hlerkasten<\/strong>, Drehriegel, Notentriegelungen f\u00fcr Aktuatoren und Aufz\u00fcge, Stroms\u00e4ulen verwendet. Die Mitarbeiter der Abfallsammlung benutzen die Universalschl\u00fcssel f\u00fcr den Ersatz der T\u00fcten in Abfallbeh\u00e4lter. Bei der Wartung von Sicherungs- und Verteilerkasten werden die Universalschl\u00fcssel verwendet, um die Drehriegel zu bet\u00e4tigen. <\/p>\n","protected":false},"excerpt":{"rendered":"<p>Die Form des Schl\u00fcssels ist aus einer vernickelten Zinklegierung gefertigt. Der robuste Hals mit einem Durchmesser von 8 mm und der ergonomische Griff mit Griffen sorgen f\u00fcr einen starken Halt und Widerstand. Ein praktisches Loch im Schl\u00fcsselgriff erm\u00f6glich das H\u00e4ngen an einen Karabiner oder an einen Ring.  <\/p>\n","protected":false},"featured_media":18239,"comment_status":"open","ping_status":"closed","template":"","meta":{"_acf_changed":false,"_et_pb_use_builder":"","_et_pb_old_content":"","_et_gb_content_width":""},"product_brand":[],"product_cat":[3809],"product_tag":[],"class_list":{"0":"post-11736","1":"product","2":"type-product","3":"status-publish","4":"has-post-thumbnail","6":"product_cat-tasten","8":"first","9":"instock","10":"shipping-taxable","11":"purchasable","12":"product-type-variable"},"acf":{"pdf1":false},"yoast_head":"<!-- This site is optimized with the Yoast SEO plugin v27.2 - https:\/\/yoast.com\/product\/yoast-seo-wordpress\/ -->\n<title>Steckschl\u00fcssel f\u00fcr Drehriegel \u2013 Hammerkopf - OMR Serrature<\/title>\n<meta name=\"robots\" content=\"index, follow, max-snippet:-1, max-image-preview:large, max-video-preview:-1\" \/>\n<link rel=\"canonical\" href=\"https:\/\/www.omrserrature.it\/de\/produkt\/steckschlussel-fur-drehriegel-hammerkopf\/\" \/>\n<meta property=\"og:locale\" content=\"de_DE\" \/>\n<meta property=\"og:type\" content=\"article\" \/>\n<meta property=\"og:title\" content=\"Steckschl\u00fcssel f\u00fcr Drehriegel \u2013 Hammerkopf - OMR Serrature\" \/>\n<meta property=\"og:description\" content=\"Die Form des Schl\u00fcssels ist aus einer vernickelten Zinklegierung gefertigt. Der robuste Hals mit einem Durchmesser von 8 mm und der ergonomische Griff mit Griffen sorgen f\u00fcr einen starken Halt und Widerstand. Ein praktisches Loch im Schl\u00fcsselgriff erm\u00f6glich das H\u00e4ngen an einen Karabiner oder an einen Ring.\" \/>\n<meta property=\"og:url\" content=\"https:\/\/www.omrserrature.it\/de\/produkt\/steckschlussel-fur-drehriegel-hammerkopf\/\" \/>\n<meta property=\"og:site_name\" content=\"OMR Serrature | Produzione sistemi di chiusura\" \/>\n<meta property=\"article:publisher\" content=\"https:\/\/www.facebook.com\/OMRserrature\" \/>\n<meta property=\"article:modified_time\" content=\"2026-04-08T10:05:53+00:00\" \/>\n<meta property=\"og:image\" content=\"https:\/\/www.omrserrature.it\/wp-content\/uploads\/2018\/07\/Chiave-a-impronta-\u2013-testa-a-martello.jpg\" \/>\n\t<meta property=\"og:image:width\" content=\"600\" \/>\n\t<meta property=\"og:image:height\" content=\"600\" \/>\n\t<meta property=\"og:image:type\" content=\"image\/jpeg\" \/>\n<meta name=\"twitter:card\" content=\"summary_large_image\" \/>\n<meta name=\"twitter:label1\" content=\"Gesch\u00e4tzte Lesezeit\" \/>\n\t<meta name=\"twitter:data1\" content=\"1\u00a0Minute\" \/>\n<script type=\"application\/ld+json\" class=\"yoast-schema-graph\">{\"@context\":\"https:\/\/schema.org\",\"@graph\":[{\"@type\":\"WebPage\",\"@id\":\"https:\/\/www.omrserrature.it\/de\/produkt\/steckschlussel-fur-drehriegel-hammerkopf\/\",\"url\":\"https:\/\/www.omrserrature.it\/de\/produkt\/steckschlussel-fur-drehriegel-hammerkopf\/\",\"name\":\"Steckschl\u00fcssel f\u00fcr Drehriegel \u2013 Hammerkopf - OMR Serrature\",\"isPartOf\":{\"@id\":\"https:\/\/www.omrserrature.it\/de\/#website\"},\"primaryImageOfPage\":{\"@id\":\"https:\/\/www.omrserrature.it\/de\/produkt\/steckschlussel-fur-drehriegel-hammerkopf\/#primaryimage\"},\"image\":{\"@id\":\"https:\/\/www.omrserrature.it\/de\/produkt\/steckschlussel-fur-drehriegel-hammerkopf\/#primaryimage\"},\"thumbnailUrl\":\"https:\/\/www.omrserrature.it\/wp-content\/uploads\/2018\/07\/Chiave-a-impronta-\u2013-testa-a-martello.jpg\",\"datePublished\":\"2013-07-18T08:43:00+00:00\",\"dateModified\":\"2026-04-08T10:05:53+00:00\",\"breadcrumb\":{\"@id\":\"https:\/\/www.omrserrature.it\/de\/produkt\/steckschlussel-fur-drehriegel-hammerkopf\/#breadcrumb\"},\"inLanguage\":\"de\",\"potentialAction\":[{\"@type\":\"ReadAction\",\"target\":[\"https:\/\/www.omrserrature.it\/de\/produkt\/steckschlussel-fur-drehriegel-hammerkopf\/\"]}]},{\"@type\":\"ImageObject\",\"inLanguage\":\"de\",\"@id\":\"https:\/\/www.omrserrature.it\/de\/produkt\/steckschlussel-fur-drehriegel-hammerkopf\/#primaryimage\",\"url\":\"https:\/\/www.omrserrature.it\/wp-content\/uploads\/2018\/07\/Chiave-a-impronta-\u2013-testa-a-martello.jpg\",\"contentUrl\":\"https:\/\/www.omrserrature.it\/wp-content\/uploads\/2018\/07\/Chiave-a-impronta-\u2013-testa-a-martello.jpg\",\"width\":600,\"height\":600,\"caption\":\"Steckschl\u00fcssel - Hammerkopf\"},{\"@type\":\"BreadcrumbList\",\"@id\":\"https:\/\/www.omrserrature.it\/de\/produkt\/steckschlussel-fur-drehriegel-hammerkopf\/#breadcrumb\",\"itemListElement\":[{\"@type\":\"ListItem\",\"position\":1,\"name\":\"Home\",\"item\":\"https:\/\/www.omrserrature.it\/de\/omr-serrature-sistemi-chiusura\/\"},{\"@type\":\"ListItem\",\"position\":2,\"name\":\"Katalog\",\"item\":\"https:\/\/www.omrserrature.it\/katalog\/?lang=de\"},{\"@type\":\"ListItem\",\"position\":3,\"name\":\"Produkte\",\"item\":\"https:\/\/www.omrserrature.it\/de\/katalog\/produkte\/\"},{\"@type\":\"ListItem\",\"position\":4,\"name\":\"Zubeh\u00f6r und Ersatzteile\",\"item\":\"https:\/\/www.omrserrature.it\/de\/katalog\/produkte\/zubehor-und-ersatzteile\/\"},{\"@type\":\"ListItem\",\"position\":5,\"name\":\"Tasten\",\"item\":\"https:\/\/www.omrserrature.it\/de\/katalog\/produkte\/zubehor-und-ersatzteile\/tasten\/\"},{\"@type\":\"ListItem\",\"position\":6,\"name\":\"Steckschl\u00fcssel f\u00fcr Drehriegel \u2013 Hammerkopf\"}]},{\"@type\":\"WebSite\",\"@id\":\"https:\/\/www.omrserrature.it\/de\/#website\",\"url\":\"https:\/\/www.omrserrature.it\/de\/\",\"name\":\"OMR Serrature | Produzione sistemi di chiusura\",\"description\":\"Produzione serrature di sicurezza e sistemi di chiusura\",\"publisher\":{\"@id\":\"https:\/\/www.omrserrature.it\/de\/#organization\"},\"potentialAction\":[{\"@type\":\"SearchAction\",\"target\":{\"@type\":\"EntryPoint\",\"urlTemplate\":\"https:\/\/www.omrserrature.it\/de\/?s={search_term_string}\"},\"query-input\":{\"@type\":\"PropertyValueSpecification\",\"valueRequired\":true,\"valueName\":\"search_term_string\"}}],\"inLanguage\":\"de\"},{\"@type\":\"Organization\",\"@id\":\"https:\/\/www.omrserrature.it\/de\/#organization\",\"name\":\"OMR Serrature | Produzione sistemi di chiusura\",\"url\":\"https:\/\/www.omrserrature.it\/de\/\",\"logo\":{\"@type\":\"ImageObject\",\"inLanguage\":\"de\",\"@id\":\"https:\/\/www.omrserrature.it\/de\/#\/schema\/logo\/image\/\",\"url\":\"https:\/\/www.omrserrature.it\/wp-content\/uploads\/2017\/09\/favicon-omr-114.png\",\"contentUrl\":\"https:\/\/www.omrserrature.it\/wp-content\/uploads\/2017\/09\/favicon-omr-114.png\",\"width\":114,\"height\":114,\"caption\":\"OMR Serrature | Produzione sistemi di chiusura\"},\"image\":{\"@id\":\"https:\/\/www.omrserrature.it\/de\/#\/schema\/logo\/image\/\"},\"sameAs\":[\"https:\/\/www.facebook.com\/OMRserrature\",\"https:\/\/www.linkedin.com\/company\/omrserrature\/\",\"https:\/\/www.youtube.com\/channel\/UCxmA85z2R0EpG_6IRokiAkg\"]}]}<\/script>\n<!-- \/ Yoast SEO plugin. -->","yoast_head_json":{"title":"Steckschl\u00fcssel f\u00fcr Drehriegel \u2013 Hammerkopf - OMR Serrature","robots":{"index":"index","follow":"follow","max-snippet":"max-snippet:-1","max-image-preview":"max-image-preview:large","max-video-preview":"max-video-preview:-1"},"canonical":"https:\/\/www.omrserrature.it\/de\/produkt\/steckschlussel-fur-drehriegel-hammerkopf\/","og_locale":"de_DE","og_type":"article","og_title":"Steckschl\u00fcssel f\u00fcr Drehriegel \u2013 Hammerkopf - OMR Serrature","og_description":"Die Form des Schl\u00fcssels ist aus einer vernickelten Zinklegierung gefertigt. Der robuste Hals mit einem Durchmesser von 8 mm und der ergonomische Griff mit Griffen sorgen f\u00fcr einen starken Halt und Widerstand. Ein praktisches Loch im Schl\u00fcsselgriff erm\u00f6glich das H\u00e4ngen an einen Karabiner oder an einen Ring.","og_url":"https:\/\/www.omrserrature.it\/de\/produkt\/steckschlussel-fur-drehriegel-hammerkopf\/","og_site_name":"OMR Serrature | Produzione sistemi di chiusura","article_publisher":"https:\/\/www.facebook.com\/OMRserrature","article_modified_time":"2026-04-08T10:05:53+00:00","og_image":[{"width":600,"height":600,"url":"https:\/\/www.omrserrature.it\/wp-content\/uploads\/2018\/07\/Chiave-a-impronta-\u2013-testa-a-martello.jpg","type":"image\/jpeg"}],"twitter_card":"summary_large_image","twitter_misc":{"Gesch\u00e4tzte Lesezeit":"1\u00a0Minute"},"schema":{"@context":"https:\/\/schema.org","@graph":[{"@type":"WebPage","@id":"https:\/\/www.omrserrature.it\/de\/produkt\/steckschlussel-fur-drehriegel-hammerkopf\/","url":"https:\/\/www.omrserrature.it\/de\/produkt\/steckschlussel-fur-drehriegel-hammerkopf\/","name":"Steckschl\u00fcssel f\u00fcr Drehriegel \u2013 Hammerkopf - OMR Serrature","isPartOf":{"@id":"https:\/\/www.omrserrature.it\/de\/#website"},"primaryImageOfPage":{"@id":"https:\/\/www.omrserrature.it\/de\/produkt\/steckschlussel-fur-drehriegel-hammerkopf\/#primaryimage"},"image":{"@id":"https:\/\/www.omrserrature.it\/de\/produkt\/steckschlussel-fur-drehriegel-hammerkopf\/#primaryimage"},"thumbnailUrl":"https:\/\/www.omrserrature.it\/wp-content\/uploads\/2018\/07\/Chiave-a-impronta-\u2013-testa-a-martello.jpg","datePublished":"2013-07-18T08:43:00+00:00","dateModified":"2026-04-08T10:05:53+00:00","breadcrumb":{"@id":"https:\/\/www.omrserrature.it\/de\/produkt\/steckschlussel-fur-drehriegel-hammerkopf\/#breadcrumb"},"inLanguage":"de","potentialAction":[{"@type":"ReadAction","target":["https:\/\/www.omrserrature.it\/de\/produkt\/steckschlussel-fur-drehriegel-hammerkopf\/"]}]},{"@type":"ImageObject","inLanguage":"de","@id":"https:\/\/www.omrserrature.it\/de\/produkt\/steckschlussel-fur-drehriegel-hammerkopf\/#primaryimage","url":"https:\/\/www.omrserrature.it\/wp-content\/uploads\/2018\/07\/Chiave-a-impronta-\u2013-testa-a-martello.jpg","contentUrl":"https:\/\/www.omrserrature.it\/wp-content\/uploads\/2018\/07\/Chiave-a-impronta-\u2013-testa-a-martello.jpg","width":600,"height":600,"caption":"Steckschl\u00fcssel - Hammerkopf"},{"@type":"BreadcrumbList","@id":"https:\/\/www.omrserrature.it\/de\/produkt\/steckschlussel-fur-drehriegel-hammerkopf\/#breadcrumb","itemListElement":[{"@type":"ListItem","position":1,"name":"Home","item":"https:\/\/www.omrserrature.it\/de\/omr-serrature-sistemi-chiusura\/"},{"@type":"ListItem","position":2,"name":"Katalog","item":"https:\/\/www.omrserrature.it\/katalog\/?lang=de"},{"@type":"ListItem","position":3,"name":"Produkte","item":"https:\/\/www.omrserrature.it\/de\/katalog\/produkte\/"},{"@type":"ListItem","position":4,"name":"Zubeh\u00f6r und Ersatzteile","item":"https:\/\/www.omrserrature.it\/de\/katalog\/produkte\/zubehor-und-ersatzteile\/"},{"@type":"ListItem","position":5,"name":"Tasten","item":"https:\/\/www.omrserrature.it\/de\/katalog\/produkte\/zubehor-und-ersatzteile\/tasten\/"},{"@type":"ListItem","position":6,"name":"Steckschl\u00fcssel f\u00fcr Drehriegel \u2013 Hammerkopf"}]},{"@type":"WebSite","@id":"https:\/\/www.omrserrature.it\/de\/#website","url":"https:\/\/www.omrserrature.it\/de\/","name":"OMR Serrature | Produzione sistemi di chiusura","description":"Produzione serrature di sicurezza e sistemi di chiusura","publisher":{"@id":"https:\/\/www.omrserrature.it\/de\/#organization"},"potentialAction":[{"@type":"SearchAction","target":{"@type":"EntryPoint","urlTemplate":"https:\/\/www.omrserrature.it\/de\/?s={search_term_string}"},"query-input":{"@type":"PropertyValueSpecification","valueRequired":true,"valueName":"search_term_string"}}],"inLanguage":"de"},{"@type":"Organization","@id":"https:\/\/www.omrserrature.it\/de\/#organization","name":"OMR Serrature | Produzione sistemi di chiusura","url":"https:\/\/www.omrserrature.it\/de\/","logo":{"@type":"ImageObject","inLanguage":"de","@id":"https:\/\/www.omrserrature.it\/de\/#\/schema\/logo\/image\/","url":"https:\/\/www.omrserrature.it\/wp-content\/uploads\/2017\/09\/favicon-omr-114.png","contentUrl":"https:\/\/www.omrserrature.it\/wp-content\/uploads\/2017\/09\/favicon-omr-114.png","width":114,"height":114,"caption":"OMR Serrature | Produzione sistemi di chiusura"},"image":{"@id":"https:\/\/www.omrserrature.it\/de\/#\/schema\/logo\/image\/"},"sameAs":["https:\/\/www.facebook.com\/OMRserrature","https:\/\/www.linkedin.com\/company\/omrserrature\/","https:\/\/www.youtube.com\/channel\/UCxmA85z2R0EpG_6IRokiAkg"]}]}},"_links":{"self":[{"href":"https:\/\/www.omrserrature.it\/de\/wp-json\/wp\/v2\/product\/11736","targetHints":{"allow":["GET"]}}],"collection":[{"href":"https:\/\/www.omrserrature.it\/de\/wp-json\/wp\/v2\/product"}],"about":[{"href":"https:\/\/www.omrserrature.it\/de\/wp-json\/wp\/v2\/types\/product"}],"replies":[{"embeddable":true,"href":"https:\/\/www.omrserrature.it\/de\/wp-json\/wp\/v2\/comments?post=11736"}],"wp:featuredmedia":[{"embeddable":true,"href":"https:\/\/www.omrserrature.it\/de\/wp-json\/wp\/v2\/media\/18239"}],"wp:attachment":[{"href":"https:\/\/www.omrserrature.it\/de\/wp-json\/wp\/v2\/media?parent=11736"}],"wp:term":[{"taxonomy":"product_brand","embeddable":true,"href":"https:\/\/www.omrserrature.it\/de\/wp-json\/wp\/v2\/product_brand?post=11736"},{"taxonomy":"product_cat","embeddable":true,"href":"https:\/\/www.omrserrature.it\/de\/wp-json\/wp\/v2\/product_cat?post=11736"},{"taxonomy":"product_tag","embeddable":true,"href":"https:\/\/www.omrserrature.it\/de\/wp-json\/wp\/v2\/product_tag?post=11736"}],"curies":[{"name":"wp","href":"https:\/\/api.w.org\/{rel}","templated":true}]}}