{"id":11734,"date":"2018-07-13T10:25:41","date_gmt":"2013-07-18T08:25:00","guid":{"rendered":"http:\/\/staging6.omrserrature.it\/prodotto\/steckschlussel-fur-drehriegel-kunststoff-d11\/"},"modified":"2026-04-08T12:05:56","modified_gmt":"2026-04-08T10:05:56","slug":"steckschlussel-fur-drehriegel-d11","status":"publish","type":"product","link":"https:\/\/www.omrserrature.it\/de\/produkt\/steckschlussel-fur-drehriegel-d11\/","title":{"rendered":"Steckschl\u00fcssel aus Kunststoff &#8211; Hals D11"},"content":{"rendered":"<p style=\"font-weight: 400;\">Der <strong>Steckschl\u00fcssel<\/strong> aus Polyamid mit einem <strong>Halsdurchmesser von 11 mm<\/strong> verf\u00fcgt \u00fcber einen anatomischen, rutschfesten Griff, an dessen Ende sich die <strong>Einsatzform <\/strong>mit<strong> Quadrat <\/strong>oder<strong> Dreieck<\/strong> befindet. Aufgrund ihrer geringen Gr\u00f6\u00dfe sind diese<strong>&#8218;kleinen<\/strong>&#8218; Schraubenschl\u00fcssel im Vergleich zu ihren &#8218;gro\u00dfen&#8216; Schwestern aus vernickelter Zamaklegierung \u00e4u\u00dferst praktisch und vielseitig. Sie werden routinem\u00e4\u00dfig verwendet, um <strong>\u00bc-Drehung Schl\u00f6sser<\/strong>, mit dreieckigen oder quadratischen Formen, an elektrischen Schalttafeln, Z\u00e4hlert\u00fcren und einer Vielzahl von Metallgegenst\u00e4nden zu bet\u00e4tigen.  <\/p>\n","protected":false},"excerpt":{"rendered":"<p style=\"font-weight: 400;\">Der <strong>Steckschl\u00fcssel<\/strong> aus Polyamid mit einem <strong>Halsdurchmesser von 11 mm<\/strong> verf\u00fcgt \u00fcber einen anatomischen, rutschfesten Griff, an dessen Ende sich die <strong>Einsatzform <\/strong>mit<strong> Quadrat <\/strong>oder<strong> Dreieck<\/strong> befindet. Aufgrund ihrer geringen Gr\u00f6\u00dfe sind diese<strong>&#8218;kleinen<\/strong>&#8218; Schraubenschl\u00fcssel im Vergleich zu ihren &#8218;gro\u00dfen&#8216; Schwestern aus vernickelter Zamaklegierung \u00e4u\u00dferst praktisch und vielseitig. Sie werden routinem\u00e4\u00dfig verwendet, um <strong>\u00bc-Drehung Schl\u00f6sser<\/strong>, mit dreieckigen oder quadratischen Formen, an elektrischen Schalttafeln, Z\u00e4hlert\u00fcren und einer gro\u00dfen Anzahl von Metallgegenst\u00e4nden zu bet\u00e4tigen.  <\/p>\n","protected":false},"featured_media":8970,"comment_status":"open","ping_status":"closed","template":"","meta":{"_acf_changed":false,"_et_pb_use_builder":"","_et_pb_old_content":"","_et_gb_content_width":""},"product_brand":[],"product_cat":[3775],"product_tag":[],"class_list":{"0":"post-11734","1":"product","2":"type-product","3":"status-publish","4":"has-post-thumbnail","6":"product_cat-produkte","8":"first","9":"instock","10":"shipping-taxable","11":"purchasable","12":"product-type-variable"},"acf":{"pdf1":false},"yoast_head":"<!-- This site is optimized with the Yoast SEO plugin v27.5 - https:\/\/yoast.com\/product\/yoast-seo-wordpress\/ -->\n<title>Steckschl\u00fcssel aus Kunststoff - Hals D11 - OMR Serrature<\/title>\n<meta name=\"robots\" content=\"index, follow, max-snippet:-1, max-image-preview:large, max-video-preview:-1\" \/>\n<link rel=\"canonical\" href=\"https:\/\/www.omrserrature.it\/de\/produkt\/steckschlussel-fur-drehriegel-d11\/\" \/>\n<meta property=\"og:locale\" content=\"de_DE\" \/>\n<meta property=\"og:type\" content=\"article\" \/>\n<meta property=\"og:title\" content=\"Steckschl\u00fcssel aus Kunststoff - Hals D11 - OMR Serrature\" \/>\n<meta property=\"og:description\" content=\"Der Steckschl\u00fcssel aus Polyamid mit einem Halsdurchmesser von 11 mm verf\u00fcgt \u00fcber einen anatomischen, rutschfesten Griff, an dessen Ende sich die Einsatzform mit Quadrat oder Dreieck befindet. Aufgrund ihrer geringen Gr\u00f6\u00dfe sind diese&#039;kleinen&#039; Schraubenschl\u00fcssel im Vergleich zu ihren &#039;gro\u00dfen&#039; Schwestern aus vernickelter Zamaklegierung \u00e4u\u00dferst praktisch und vielseitig. Sie werden routinem\u00e4\u00dfig verwendet, um \u00bc-Drehung Schl\u00f6sser, mit dreieckigen oder quadratischen Formen, an elektrischen Schalttafeln, Z\u00e4hlert\u00fcren und einer gro\u00dfen Anzahl von Metallgegenst\u00e4nden zu bet\u00e4tigen.\" \/>\n<meta property=\"og:url\" content=\"https:\/\/www.omrserrature.it\/de\/produkt\/steckschlussel-fur-drehriegel-d11\/\" \/>\n<meta property=\"og:site_name\" content=\"OMR Serrature | Produzione sistemi di chiusura\" \/>\n<meta property=\"article:publisher\" content=\"https:\/\/www.facebook.com\/OMRserrature\" \/>\n<meta property=\"article:modified_time\" content=\"2026-04-08T10:05:56+00:00\" \/>\n<meta property=\"og:image\" content=\"https:\/\/www.omrserrature.it\/wp-content\/uploads\/2018\/07\/SCHD04722.jpg\" \/>\n\t<meta property=\"og:image:width\" content=\"228\" \/>\n\t<meta property=\"og:image:height\" content=\"226\" \/>\n\t<meta property=\"og:image:type\" content=\"image\/jpeg\" \/>\n<meta name=\"twitter:card\" content=\"summary_large_image\" \/>\n<script type=\"application\/ld+json\" class=\"yoast-schema-graph\">{\"@context\":\"https:\\\/\\\/schema.org\",\"@graph\":[{\"@type\":\"WebPage\",\"@id\":\"https:\\\/\\\/www.omrserrature.it\\\/de\\\/produkt\\\/steckschlussel-fur-drehriegel-d11\\\/\",\"url\":\"https:\\\/\\\/www.omrserrature.it\\\/de\\\/produkt\\\/steckschlussel-fur-drehriegel-d11\\\/\",\"name\":\"Steckschl\u00fcssel aus Kunststoff - Hals D11 - OMR Serrature\",\"isPartOf\":{\"@id\":\"https:\\\/\\\/www.omrserrature.it\\\/de\\\/#website\"},\"primaryImageOfPage\":{\"@id\":\"https:\\\/\\\/www.omrserrature.it\\\/de\\\/produkt\\\/steckschlussel-fur-drehriegel-d11\\\/#primaryimage\"},\"image\":{\"@id\":\"https:\\\/\\\/www.omrserrature.it\\\/de\\\/produkt\\\/steckschlussel-fur-drehriegel-d11\\\/#primaryimage\"},\"thumbnailUrl\":\"https:\\\/\\\/www.omrserrature.it\\\/wp-content\\\/uploads\\\/2018\\\/07\\\/SCHD04722.jpg\",\"datePublished\":\"2013-07-18T08:25:00+00:00\",\"dateModified\":\"2026-04-08T10:05:56+00:00\",\"breadcrumb\":{\"@id\":\"https:\\\/\\\/www.omrserrature.it\\\/de\\\/produkt\\\/steckschlussel-fur-drehriegel-d11\\\/#breadcrumb\"},\"inLanguage\":\"de\",\"potentialAction\":[{\"@type\":\"ReadAction\",\"target\":[\"https:\\\/\\\/www.omrserrature.it\\\/de\\\/produkt\\\/steckschlussel-fur-drehriegel-d11\\\/\"]}]},{\"@type\":\"ImageObject\",\"inLanguage\":\"de\",\"@id\":\"https:\\\/\\\/www.omrserrature.it\\\/de\\\/produkt\\\/steckschlussel-fur-drehriegel-d11\\\/#primaryimage\",\"url\":\"https:\\\/\\\/www.omrserrature.it\\\/wp-content\\\/uploads\\\/2018\\\/07\\\/SCHD04722.jpg\",\"contentUrl\":\"https:\\\/\\\/www.omrserrature.it\\\/wp-content\\\/uploads\\\/2018\\\/07\\\/SCHD04722.jpg\",\"width\":228,\"height\":226,\"caption\":\"Steckschl\u00fcssel aus Kunststoff mit 11 mm Hals - SCHD04722\"},{\"@type\":\"BreadcrumbList\",\"@id\":\"https:\\\/\\\/www.omrserrature.it\\\/de\\\/produkt\\\/steckschlussel-fur-drehriegel-d11\\\/#breadcrumb\",\"itemListElement\":[{\"@type\":\"ListItem\",\"position\":1,\"name\":\"Home\",\"item\":\"https:\\\/\\\/www.omrserrature.it\\\/de\\\/omr-serrature-sistemi-chiusura\\\/\"},{\"@type\":\"ListItem\",\"position\":2,\"name\":\"Katalog\",\"item\":\"https:\\\/\\\/www.omrserrature.it\\\/katalog\\\/?lang=de\"},{\"@type\":\"ListItem\",\"position\":3,\"name\":\"Produkte\",\"item\":\"https:\\\/\\\/www.omrserrature.it\\\/de\\\/katalog\\\/produkte\\\/\"},{\"@type\":\"ListItem\",\"position\":4,\"name\":\"Steckschl\u00fcssel aus Kunststoff &#8211; Hals D11\"}]},{\"@type\":\"WebSite\",\"@id\":\"https:\\\/\\\/www.omrserrature.it\\\/de\\\/#website\",\"url\":\"https:\\\/\\\/www.omrserrature.it\\\/de\\\/\",\"name\":\"OMR Serrature | Produzione sistemi di chiusura\",\"description\":\"Produzione serrature di sicurezza e sistemi di chiusura\",\"publisher\":{\"@id\":\"https:\\\/\\\/www.omrserrature.it\\\/de\\\/#organization\"},\"potentialAction\":[{\"@type\":\"SearchAction\",\"target\":{\"@type\":\"EntryPoint\",\"urlTemplate\":\"https:\\\/\\\/www.omrserrature.it\\\/de\\\/?s={search_term_string}\"},\"query-input\":{\"@type\":\"PropertyValueSpecification\",\"valueRequired\":true,\"valueName\":\"search_term_string\"}}],\"inLanguage\":\"de\"},{\"@type\":\"Organization\",\"@id\":\"https:\\\/\\\/www.omrserrature.it\\\/de\\\/#organization\",\"name\":\"OMR Serrature | Produzione sistemi di chiusura\",\"url\":\"https:\\\/\\\/www.omrserrature.it\\\/de\\\/\",\"logo\":{\"@type\":\"ImageObject\",\"inLanguage\":\"de\",\"@id\":\"https:\\\/\\\/www.omrserrature.it\\\/de\\\/#\\\/schema\\\/logo\\\/image\\\/\",\"url\":\"https:\\\/\\\/www.omrserrature.it\\\/wp-content\\\/uploads\\\/2017\\\/09\\\/favicon-omr-114.png\",\"contentUrl\":\"https:\\\/\\\/www.omrserrature.it\\\/wp-content\\\/uploads\\\/2017\\\/09\\\/favicon-omr-114.png\",\"width\":114,\"height\":114,\"caption\":\"OMR Serrature | Produzione sistemi di chiusura\"},\"image\":{\"@id\":\"https:\\\/\\\/www.omrserrature.it\\\/de\\\/#\\\/schema\\\/logo\\\/image\\\/\"},\"sameAs\":[\"https:\\\/\\\/www.facebook.com\\\/OMRserrature\",\"https:\\\/\\\/www.linkedin.com\\\/company\\\/omrserrature\\\/\",\"https:\\\/\\\/www.youtube.com\\\/channel\\\/UCxmA85z2R0EpG_6IRokiAkg\"]}]}<\/script>\n<!-- \/ Yoast SEO plugin. -->","yoast_head_json":{"title":"Steckschl\u00fcssel aus Kunststoff - Hals D11 - OMR Serrature","robots":{"index":"index","follow":"follow","max-snippet":"max-snippet:-1","max-image-preview":"max-image-preview:large","max-video-preview":"max-video-preview:-1"},"canonical":"https:\/\/www.omrserrature.it\/de\/produkt\/steckschlussel-fur-drehriegel-d11\/","og_locale":"de_DE","og_type":"article","og_title":"Steckschl\u00fcssel aus Kunststoff - Hals D11 - OMR Serrature","og_description":"Der Steckschl\u00fcssel aus Polyamid mit einem Halsdurchmesser von 11 mm verf\u00fcgt \u00fcber einen anatomischen, rutschfesten Griff, an dessen Ende sich die Einsatzform mit Quadrat oder Dreieck befindet. Aufgrund ihrer geringen Gr\u00f6\u00dfe sind diese'kleinen' Schraubenschl\u00fcssel im Vergleich zu ihren 'gro\u00dfen' Schwestern aus vernickelter Zamaklegierung \u00e4u\u00dferst praktisch und vielseitig. Sie werden routinem\u00e4\u00dfig verwendet, um \u00bc-Drehung Schl\u00f6sser, mit dreieckigen oder quadratischen Formen, an elektrischen Schalttafeln, Z\u00e4hlert\u00fcren und einer gro\u00dfen Anzahl von Metallgegenst\u00e4nden zu bet\u00e4tigen.","og_url":"https:\/\/www.omrserrature.it\/de\/produkt\/steckschlussel-fur-drehriegel-d11\/","og_site_name":"OMR Serrature | Produzione sistemi di chiusura","article_publisher":"https:\/\/www.facebook.com\/OMRserrature","article_modified_time":"2026-04-08T10:05:56+00:00","og_image":[{"width":228,"height":226,"url":"https:\/\/www.omrserrature.it\/wp-content\/uploads\/2018\/07\/SCHD04722.jpg","type":"image\/jpeg"}],"twitter_card":"summary_large_image","schema":{"@context":"https:\/\/schema.org","@graph":[{"@type":"WebPage","@id":"https:\/\/www.omrserrature.it\/de\/produkt\/steckschlussel-fur-drehriegel-d11\/","url":"https:\/\/www.omrserrature.it\/de\/produkt\/steckschlussel-fur-drehriegel-d11\/","name":"Steckschl\u00fcssel aus Kunststoff - Hals D11 - OMR Serrature","isPartOf":{"@id":"https:\/\/www.omrserrature.it\/de\/#website"},"primaryImageOfPage":{"@id":"https:\/\/www.omrserrature.it\/de\/produkt\/steckschlussel-fur-drehriegel-d11\/#primaryimage"},"image":{"@id":"https:\/\/www.omrserrature.it\/de\/produkt\/steckschlussel-fur-drehriegel-d11\/#primaryimage"},"thumbnailUrl":"https:\/\/www.omrserrature.it\/wp-content\/uploads\/2018\/07\/SCHD04722.jpg","datePublished":"2013-07-18T08:25:00+00:00","dateModified":"2026-04-08T10:05:56+00:00","breadcrumb":{"@id":"https:\/\/www.omrserrature.it\/de\/produkt\/steckschlussel-fur-drehriegel-d11\/#breadcrumb"},"inLanguage":"de","potentialAction":[{"@type":"ReadAction","target":["https:\/\/www.omrserrature.it\/de\/produkt\/steckschlussel-fur-drehriegel-d11\/"]}]},{"@type":"ImageObject","inLanguage":"de","@id":"https:\/\/www.omrserrature.it\/de\/produkt\/steckschlussel-fur-drehriegel-d11\/#primaryimage","url":"https:\/\/www.omrserrature.it\/wp-content\/uploads\/2018\/07\/SCHD04722.jpg","contentUrl":"https:\/\/www.omrserrature.it\/wp-content\/uploads\/2018\/07\/SCHD04722.jpg","width":228,"height":226,"caption":"Steckschl\u00fcssel aus Kunststoff mit 11 mm Hals - SCHD04722"},{"@type":"BreadcrumbList","@id":"https:\/\/www.omrserrature.it\/de\/produkt\/steckschlussel-fur-drehriegel-d11\/#breadcrumb","itemListElement":[{"@type":"ListItem","position":1,"name":"Home","item":"https:\/\/www.omrserrature.it\/de\/omr-serrature-sistemi-chiusura\/"},{"@type":"ListItem","position":2,"name":"Katalog","item":"https:\/\/www.omrserrature.it\/katalog\/?lang=de"},{"@type":"ListItem","position":3,"name":"Produkte","item":"https:\/\/www.omrserrature.it\/de\/katalog\/produkte\/"},{"@type":"ListItem","position":4,"name":"Steckschl\u00fcssel aus Kunststoff &#8211; Hals D11"}]},{"@type":"WebSite","@id":"https:\/\/www.omrserrature.it\/de\/#website","url":"https:\/\/www.omrserrature.it\/de\/","name":"OMR Serrature | Produzione sistemi di chiusura","description":"Produzione serrature di sicurezza e sistemi di chiusura","publisher":{"@id":"https:\/\/www.omrserrature.it\/de\/#organization"},"potentialAction":[{"@type":"SearchAction","target":{"@type":"EntryPoint","urlTemplate":"https:\/\/www.omrserrature.it\/de\/?s={search_term_string}"},"query-input":{"@type":"PropertyValueSpecification","valueRequired":true,"valueName":"search_term_string"}}],"inLanguage":"de"},{"@type":"Organization","@id":"https:\/\/www.omrserrature.it\/de\/#organization","name":"OMR Serrature | Produzione sistemi di chiusura","url":"https:\/\/www.omrserrature.it\/de\/","logo":{"@type":"ImageObject","inLanguage":"de","@id":"https:\/\/www.omrserrature.it\/de\/#\/schema\/logo\/image\/","url":"https:\/\/www.omrserrature.it\/wp-content\/uploads\/2017\/09\/favicon-omr-114.png","contentUrl":"https:\/\/www.omrserrature.it\/wp-content\/uploads\/2017\/09\/favicon-omr-114.png","width":114,"height":114,"caption":"OMR Serrature | Produzione sistemi di chiusura"},"image":{"@id":"https:\/\/www.omrserrature.it\/de\/#\/schema\/logo\/image\/"},"sameAs":["https:\/\/www.facebook.com\/OMRserrature","https:\/\/www.linkedin.com\/company\/omrserrature\/","https:\/\/www.youtube.com\/channel\/UCxmA85z2R0EpG_6IRokiAkg"]}]}},"_links":{"self":[{"href":"https:\/\/www.omrserrature.it\/de\/wp-json\/wp\/v2\/product\/11734","targetHints":{"allow":["GET"]}}],"collection":[{"href":"https:\/\/www.omrserrature.it\/de\/wp-json\/wp\/v2\/product"}],"about":[{"href":"https:\/\/www.omrserrature.it\/de\/wp-json\/wp\/v2\/types\/product"}],"replies":[{"embeddable":true,"href":"https:\/\/www.omrserrature.it\/de\/wp-json\/wp\/v2\/comments?post=11734"}],"wp:featuredmedia":[{"embeddable":true,"href":"https:\/\/www.omrserrature.it\/de\/wp-json\/wp\/v2\/media\/8970"}],"wp:attachment":[{"href":"https:\/\/www.omrserrature.it\/de\/wp-json\/wp\/v2\/media?parent=11734"}],"wp:term":[{"taxonomy":"product_brand","embeddable":true,"href":"https:\/\/www.omrserrature.it\/de\/wp-json\/wp\/v2\/product_brand?post=11734"},{"taxonomy":"product_cat","embeddable":true,"href":"https:\/\/www.omrserrature.it\/de\/wp-json\/wp\/v2\/product_cat?post=11734"},{"taxonomy":"product_tag","embeddable":true,"href":"https:\/\/www.omrserrature.it\/de\/wp-json\/wp\/v2\/product_tag?post=11734"}],"curies":[{"name":"wp","href":"https:\/\/api.w.org\/{rel}","templated":true}]}}