{"id":11733,"date":"2018-07-13T10:19:39","date_gmt":"2013-07-18T08:19:00","guid":{"rendered":"http:\/\/staging6.omrserrature.it\/prodotto\/steckschlussel-fur-drehriegel-d13\/"},"modified":"2026-04-08T12:01:27","modified_gmt":"2026-04-08T10:01:27","slug":"steckschlussel-d13","status":"publish","type":"product","link":"https:\/\/www.omrserrature.it\/de\/produkt\/steckschlussel-d13\/","title":{"rendered":"Steckschl\u00fcssel aus Kunststoff &#8211; Hals D13"},"content":{"rendered":"<p style=\"font-weight: 400;\">Der <strong>Steckschl\u00fcssel<\/strong> aus Polyamid mit einem <strong>Halsdurchmesser von 13 mm<\/strong> verf\u00fcgt \u00fcber einen anatomisch <strong>geformten <\/strong>, rutschfesten Griff, an dessen Ende sich eine<strong> quadratische <\/strong>oder<strong> dreieckige<\/strong> <strong>Einlage <\/strong>befindet. Aufgrund ihrer geringen Gr\u00f6\u00dfe sind diese<strong>&#8218;kleinen<\/strong>&#8218; Schraubenschl\u00fcssel im Vergleich zu ihren &#8218;gro\u00dfen&#8216; Schwestern aus vernickelter Zamaklegierung \u00e4u\u00dferst praktisch und vielseitig. Sie werden routinem\u00e4\u00dfig verwendet, um <strong>\u00bc-Drehung-Schl\u00f6sser<\/strong> mit dreieckiger oder viereckiger Form an elektrischen Schalttafeln, Z\u00e4hlert\u00fcren und einer Vielzahl von Metallgegenst\u00e4nden zu bet\u00e4tigen.  <\/p>\n","protected":false},"excerpt":{"rendered":"<p>Der Steckschl\u00fcssel aus Polyamid mit einem Hals von 13 mm Durchmesser verf\u00fcgt \u00fcber einen anatomischen, rutschfesten Griff, an dessen Ende sich die quadratische oder dreieckige Form des Einsatzes befindet. Sie werden routinem\u00e4\u00dfig verwendet, um \u00bc-Drehung-Schl\u00f6sser mit einer dreieckigen oder quadratischen Form zu bet\u00e4tigen, die sich auf elektrischen Schalttafeln, Z\u00e4hlern und einer gro\u00dfen Anzahl von Metallschreinereiartikeln befinden. <\/p>\n","protected":false},"featured_media":21472,"comment_status":"open","ping_status":"closed","template":"","meta":{"_acf_changed":false,"_et_pb_use_builder":"","_et_pb_old_content":"","_et_gb_content_width":""},"product_brand":[],"product_cat":[3775,3809],"product_tag":[],"class_list":{"0":"post-11733","1":"product","2":"type-product","3":"status-publish","4":"has-post-thumbnail","6":"product_cat-produkte","7":"product_cat-tasten","9":"first","10":"instock","11":"shipping-taxable","12":"purchasable","13":"product-type-variable"},"acf":{"pdf1":false},"yoast_head":"<!-- This site is optimized with the Yoast SEO plugin v27.2 - https:\/\/yoast.com\/product\/yoast-seo-wordpress\/ -->\n<title>Steckschl\u00fcssel aus Kunststoff - Hals D13 - OMR Serrature<\/title>\n<meta name=\"robots\" content=\"index, follow, max-snippet:-1, max-image-preview:large, max-video-preview:-1\" \/>\n<link rel=\"canonical\" href=\"https:\/\/www.omrserrature.it\/de\/produkt\/steckschlussel-d13\/\" \/>\n<meta property=\"og:locale\" content=\"de_DE\" \/>\n<meta property=\"og:type\" content=\"article\" \/>\n<meta property=\"og:title\" content=\"Steckschl\u00fcssel aus Kunststoff - Hals D13 - OMR Serrature\" \/>\n<meta property=\"og:description\" content=\"Der Steckschl\u00fcssel aus Polyamid mit einem Hals von 13 mm Durchmesser verf\u00fcgt \u00fcber einen anatomischen, rutschfesten Griff, an dessen Ende sich die quadratische oder dreieckige Form des Einsatzes befindet. Sie werden routinem\u00e4\u00dfig verwendet, um \u00bc-Drehung-Schl\u00f6sser mit einer dreieckigen oder quadratischen Form zu bet\u00e4tigen, die sich auf elektrischen Schalttafeln, Z\u00e4hlern und einer gro\u00dfen Anzahl von Metallschreinereiartikeln befinden.\" \/>\n<meta property=\"og:url\" content=\"https:\/\/www.omrserrature.it\/de\/produkt\/steckschlussel-d13\/\" \/>\n<meta property=\"og:site_name\" content=\"OMR Serrature | Produzione sistemi di chiusura\" \/>\n<meta property=\"article:publisher\" content=\"https:\/\/www.facebook.com\/OMRserrature\" \/>\n<meta property=\"article:modified_time\" content=\"2026-04-08T10:01:27+00:00\" \/>\n<meta property=\"og:image\" content=\"https:\/\/www.omrserrature.it\/wp-content\/uploads\/2018\/07\/SCHD04454-Chiave-in-plastica-a-impronta-collo-D13.jpg\" \/>\n\t<meta property=\"og:image:width\" content=\"1000\" \/>\n\t<meta property=\"og:image:height\" content=\"1000\" \/>\n\t<meta property=\"og:image:type\" content=\"image\/jpeg\" \/>\n<meta name=\"twitter:card\" content=\"summary_large_image\" \/>\n<script type=\"application\/ld+json\" class=\"yoast-schema-graph\">{\"@context\":\"https:\/\/schema.org\",\"@graph\":[{\"@type\":\"WebPage\",\"@id\":\"https:\/\/www.omrserrature.it\/de\/produkt\/steckschlussel-d13\/\",\"url\":\"https:\/\/www.omrserrature.it\/de\/produkt\/steckschlussel-d13\/\",\"name\":\"Steckschl\u00fcssel aus Kunststoff - Hals D13 - OMR Serrature\",\"isPartOf\":{\"@id\":\"https:\/\/www.omrserrature.it\/de\/#website\"},\"primaryImageOfPage\":{\"@id\":\"https:\/\/www.omrserrature.it\/de\/produkt\/steckschlussel-d13\/#primaryimage\"},\"image\":{\"@id\":\"https:\/\/www.omrserrature.it\/de\/produkt\/steckschlussel-d13\/#primaryimage\"},\"thumbnailUrl\":\"https:\/\/www.omrserrature.it\/wp-content\/uploads\/2018\/07\/SCHD04454-Chiave-in-plastica-a-impronta-collo-D13.jpg\",\"datePublished\":\"2013-07-18T08:19:00+00:00\",\"dateModified\":\"2026-04-08T10:01:27+00:00\",\"breadcrumb\":{\"@id\":\"https:\/\/www.omrserrature.it\/de\/produkt\/steckschlussel-d13\/#breadcrumb\"},\"inLanguage\":\"de\",\"potentialAction\":[{\"@type\":\"ReadAction\",\"target\":[\"https:\/\/www.omrserrature.it\/de\/produkt\/steckschlussel-d13\/\"]}]},{\"@type\":\"ImageObject\",\"inLanguage\":\"de\",\"@id\":\"https:\/\/www.omrserrature.it\/de\/produkt\/steckschlussel-d13\/#primaryimage\",\"url\":\"https:\/\/www.omrserrature.it\/wp-content\/uploads\/2018\/07\/SCHD04454-Chiave-in-plastica-a-impronta-collo-D13.jpg\",\"contentUrl\":\"https:\/\/www.omrserrature.it\/wp-content\/uploads\/2018\/07\/SCHD04454-Chiave-in-plastica-a-impronta-collo-D13.jpg\",\"width\":1000,\"height\":1000,\"caption\":\"Steckschl\u00fcssel aus Kunststoff D13 -SCHD04454\"},{\"@type\":\"BreadcrumbList\",\"@id\":\"https:\/\/www.omrserrature.it\/de\/produkt\/steckschlussel-d13\/#breadcrumb\",\"itemListElement\":[{\"@type\":\"ListItem\",\"position\":1,\"name\":\"Home\",\"item\":\"https:\/\/www.omrserrature.it\/de\/omr-serrature-sistemi-chiusura\/\"},{\"@type\":\"ListItem\",\"position\":2,\"name\":\"Katalog\",\"item\":\"https:\/\/www.omrserrature.it\/katalog\/?lang=de\"},{\"@type\":\"ListItem\",\"position\":3,\"name\":\"Produkte\",\"item\":\"https:\/\/www.omrserrature.it\/de\/katalog\/produkte\/\"},{\"@type\":\"ListItem\",\"position\":4,\"name\":\"Steckschl\u00fcssel aus Kunststoff &#8211; Hals D13\"}]},{\"@type\":\"WebSite\",\"@id\":\"https:\/\/www.omrserrature.it\/de\/#website\",\"url\":\"https:\/\/www.omrserrature.it\/de\/\",\"name\":\"OMR Serrature | Produzione sistemi di chiusura\",\"description\":\"Produzione serrature di sicurezza e sistemi di chiusura\",\"publisher\":{\"@id\":\"https:\/\/www.omrserrature.it\/de\/#organization\"},\"potentialAction\":[{\"@type\":\"SearchAction\",\"target\":{\"@type\":\"EntryPoint\",\"urlTemplate\":\"https:\/\/www.omrserrature.it\/de\/?s={search_term_string}\"},\"query-input\":{\"@type\":\"PropertyValueSpecification\",\"valueRequired\":true,\"valueName\":\"search_term_string\"}}],\"inLanguage\":\"de\"},{\"@type\":\"Organization\",\"@id\":\"https:\/\/www.omrserrature.it\/de\/#organization\",\"name\":\"OMR Serrature | Produzione sistemi di chiusura\",\"url\":\"https:\/\/www.omrserrature.it\/de\/\",\"logo\":{\"@type\":\"ImageObject\",\"inLanguage\":\"de\",\"@id\":\"https:\/\/www.omrserrature.it\/de\/#\/schema\/logo\/image\/\",\"url\":\"https:\/\/www.omrserrature.it\/wp-content\/uploads\/2017\/09\/favicon-omr-114.png\",\"contentUrl\":\"https:\/\/www.omrserrature.it\/wp-content\/uploads\/2017\/09\/favicon-omr-114.png\",\"width\":114,\"height\":114,\"caption\":\"OMR Serrature | Produzione sistemi di chiusura\"},\"image\":{\"@id\":\"https:\/\/www.omrserrature.it\/de\/#\/schema\/logo\/image\/\"},\"sameAs\":[\"https:\/\/www.facebook.com\/OMRserrature\",\"https:\/\/www.linkedin.com\/company\/omrserrature\/\",\"https:\/\/www.youtube.com\/channel\/UCxmA85z2R0EpG_6IRokiAkg\"]}]}<\/script>\n<!-- \/ Yoast SEO plugin. -->","yoast_head_json":{"title":"Steckschl\u00fcssel aus Kunststoff - Hals D13 - OMR Serrature","robots":{"index":"index","follow":"follow","max-snippet":"max-snippet:-1","max-image-preview":"max-image-preview:large","max-video-preview":"max-video-preview:-1"},"canonical":"https:\/\/www.omrserrature.it\/de\/produkt\/steckschlussel-d13\/","og_locale":"de_DE","og_type":"article","og_title":"Steckschl\u00fcssel aus Kunststoff - Hals D13 - OMR Serrature","og_description":"Der Steckschl\u00fcssel aus Polyamid mit einem Hals von 13 mm Durchmesser verf\u00fcgt \u00fcber einen anatomischen, rutschfesten Griff, an dessen Ende sich die quadratische oder dreieckige Form des Einsatzes befindet. Sie werden routinem\u00e4\u00dfig verwendet, um \u00bc-Drehung-Schl\u00f6sser mit einer dreieckigen oder quadratischen Form zu bet\u00e4tigen, die sich auf elektrischen Schalttafeln, Z\u00e4hlern und einer gro\u00dfen Anzahl von Metallschreinereiartikeln befinden.","og_url":"https:\/\/www.omrserrature.it\/de\/produkt\/steckschlussel-d13\/","og_site_name":"OMR Serrature | Produzione sistemi di chiusura","article_publisher":"https:\/\/www.facebook.com\/OMRserrature","article_modified_time":"2026-04-08T10:01:27+00:00","og_image":[{"width":1000,"height":1000,"url":"https:\/\/www.omrserrature.it\/wp-content\/uploads\/2018\/07\/SCHD04454-Chiave-in-plastica-a-impronta-collo-D13.jpg","type":"image\/jpeg"}],"twitter_card":"summary_large_image","schema":{"@context":"https:\/\/schema.org","@graph":[{"@type":"WebPage","@id":"https:\/\/www.omrserrature.it\/de\/produkt\/steckschlussel-d13\/","url":"https:\/\/www.omrserrature.it\/de\/produkt\/steckschlussel-d13\/","name":"Steckschl\u00fcssel aus Kunststoff - Hals D13 - OMR Serrature","isPartOf":{"@id":"https:\/\/www.omrserrature.it\/de\/#website"},"primaryImageOfPage":{"@id":"https:\/\/www.omrserrature.it\/de\/produkt\/steckschlussel-d13\/#primaryimage"},"image":{"@id":"https:\/\/www.omrserrature.it\/de\/produkt\/steckschlussel-d13\/#primaryimage"},"thumbnailUrl":"https:\/\/www.omrserrature.it\/wp-content\/uploads\/2018\/07\/SCHD04454-Chiave-in-plastica-a-impronta-collo-D13.jpg","datePublished":"2013-07-18T08:19:00+00:00","dateModified":"2026-04-08T10:01:27+00:00","breadcrumb":{"@id":"https:\/\/www.omrserrature.it\/de\/produkt\/steckschlussel-d13\/#breadcrumb"},"inLanguage":"de","potentialAction":[{"@type":"ReadAction","target":["https:\/\/www.omrserrature.it\/de\/produkt\/steckschlussel-d13\/"]}]},{"@type":"ImageObject","inLanguage":"de","@id":"https:\/\/www.omrserrature.it\/de\/produkt\/steckschlussel-d13\/#primaryimage","url":"https:\/\/www.omrserrature.it\/wp-content\/uploads\/2018\/07\/SCHD04454-Chiave-in-plastica-a-impronta-collo-D13.jpg","contentUrl":"https:\/\/www.omrserrature.it\/wp-content\/uploads\/2018\/07\/SCHD04454-Chiave-in-plastica-a-impronta-collo-D13.jpg","width":1000,"height":1000,"caption":"Steckschl\u00fcssel aus Kunststoff D13 -SCHD04454"},{"@type":"BreadcrumbList","@id":"https:\/\/www.omrserrature.it\/de\/produkt\/steckschlussel-d13\/#breadcrumb","itemListElement":[{"@type":"ListItem","position":1,"name":"Home","item":"https:\/\/www.omrserrature.it\/de\/omr-serrature-sistemi-chiusura\/"},{"@type":"ListItem","position":2,"name":"Katalog","item":"https:\/\/www.omrserrature.it\/katalog\/?lang=de"},{"@type":"ListItem","position":3,"name":"Produkte","item":"https:\/\/www.omrserrature.it\/de\/katalog\/produkte\/"},{"@type":"ListItem","position":4,"name":"Steckschl\u00fcssel aus Kunststoff &#8211; Hals D13"}]},{"@type":"WebSite","@id":"https:\/\/www.omrserrature.it\/de\/#website","url":"https:\/\/www.omrserrature.it\/de\/","name":"OMR Serrature | Produzione sistemi di chiusura","description":"Produzione serrature di sicurezza e sistemi di chiusura","publisher":{"@id":"https:\/\/www.omrserrature.it\/de\/#organization"},"potentialAction":[{"@type":"SearchAction","target":{"@type":"EntryPoint","urlTemplate":"https:\/\/www.omrserrature.it\/de\/?s={search_term_string}"},"query-input":{"@type":"PropertyValueSpecification","valueRequired":true,"valueName":"search_term_string"}}],"inLanguage":"de"},{"@type":"Organization","@id":"https:\/\/www.omrserrature.it\/de\/#organization","name":"OMR Serrature | Produzione sistemi di chiusura","url":"https:\/\/www.omrserrature.it\/de\/","logo":{"@type":"ImageObject","inLanguage":"de","@id":"https:\/\/www.omrserrature.it\/de\/#\/schema\/logo\/image\/","url":"https:\/\/www.omrserrature.it\/wp-content\/uploads\/2017\/09\/favicon-omr-114.png","contentUrl":"https:\/\/www.omrserrature.it\/wp-content\/uploads\/2017\/09\/favicon-omr-114.png","width":114,"height":114,"caption":"OMR Serrature | Produzione sistemi di chiusura"},"image":{"@id":"https:\/\/www.omrserrature.it\/de\/#\/schema\/logo\/image\/"},"sameAs":["https:\/\/www.facebook.com\/OMRserrature","https:\/\/www.linkedin.com\/company\/omrserrature\/","https:\/\/www.youtube.com\/channel\/UCxmA85z2R0EpG_6IRokiAkg"]}]}},"_links":{"self":[{"href":"https:\/\/www.omrserrature.it\/de\/wp-json\/wp\/v2\/product\/11733","targetHints":{"allow":["GET"]}}],"collection":[{"href":"https:\/\/www.omrserrature.it\/de\/wp-json\/wp\/v2\/product"}],"about":[{"href":"https:\/\/www.omrserrature.it\/de\/wp-json\/wp\/v2\/types\/product"}],"replies":[{"embeddable":true,"href":"https:\/\/www.omrserrature.it\/de\/wp-json\/wp\/v2\/comments?post=11733"}],"wp:featuredmedia":[{"embeddable":true,"href":"https:\/\/www.omrserrature.it\/de\/wp-json\/wp\/v2\/media\/21472"}],"wp:attachment":[{"href":"https:\/\/www.omrserrature.it\/de\/wp-json\/wp\/v2\/media?parent=11733"}],"wp:term":[{"taxonomy":"product_brand","embeddable":true,"href":"https:\/\/www.omrserrature.it\/de\/wp-json\/wp\/v2\/product_brand?post=11733"},{"taxonomy":"product_cat","embeddable":true,"href":"https:\/\/www.omrserrature.it\/de\/wp-json\/wp\/v2\/product_cat?post=11733"},{"taxonomy":"product_tag","embeddable":true,"href":"https:\/\/www.omrserrature.it\/de\/wp-json\/wp\/v2\/product_tag?post=11733"}],"curies":[{"name":"wp","href":"https:\/\/api.w.org\/{rel}","templated":true}]}}