{"id":11725,"date":"2019-02-26T15:43:07","date_gmt":"2023-02-19T14:43:00","guid":{"rendered":"http:\/\/staging6.omrserrature.it\/prodotto\/metall-rosette\/"},"modified":"2026-04-08T11:36:30","modified_gmt":"2026-04-08T09:36:30","slug":"metall-rosette","status":"publish","type":"product","link":"https:\/\/www.omrserrature.it\/de\/produkt\/metall-rosette\/","title":{"rendered":"Metall-Rosette"},"content":{"rendered":"<p>Die vernickelte Metallbuchse, die auch als Rosette bezeichnet wird, erm\u00f6glicht die Fertigstellung der Schlossinstallation und tr\u00e4gt dazu bei, das Schloss in den hergestellten Gegenstand zu integrieren und m\u00f6gliche Unvollkommenheiten in der Installations\u00f6ffnung zu korrigieren.<\/p>\n","protected":false},"excerpt":{"rendered":"<p>Die vernickelte Metallbuchse, die auch als Rosette bezeichnet wird, erm\u00f6glicht die Fertigstellung der Schlossinstallation und tr\u00e4gt dazu bei, das Schloss in den hergestellten Gegenstand zu integrieren und m\u00f6gliche Unvollkommenheiten in der Installations\u00f6ffnung zu korrigieren.<\/p>\n","protected":false},"featured_media":10257,"comment_status":"open","ping_status":"closed","template":"","meta":{"_acf_changed":false,"_et_pb_use_builder":"","_et_pb_old_content":"","_et_gb_content_width":""},"product_brand":[],"product_cat":[3808],"product_tag":[],"class_list":{"0":"post-11725","1":"product","2":"type-product","3":"status-publish","4":"has-post-thumbnail","6":"product_cat-rosette","8":"first","9":"instock","10":"shipping-taxable","11":"product-type-simple"},"acf":{"pdf1":false},"yoast_head":"<!-- This site is optimized with the Yoast SEO plugin v27.2 - https:\/\/yoast.com\/product\/yoast-seo-wordpress\/ -->\n<title>Metall-Rosette - OMR Serrature<\/title>\n<meta name=\"robots\" content=\"index, follow, max-snippet:-1, max-image-preview:large, max-video-preview:-1\" \/>\n<link rel=\"canonical\" href=\"https:\/\/www.omrserrature.it\/de\/produkt\/metall-rosette\/\" \/>\n<meta property=\"og:locale\" content=\"de_DE\" \/>\n<meta property=\"og:type\" content=\"article\" \/>\n<meta property=\"og:title\" content=\"Metall-Rosette - OMR Serrature\" \/>\n<meta property=\"og:description\" content=\"Die vernickelte Metallbuchse, die auch als Rosette bezeichnet wird, erm\u00f6glicht die Fertigstellung der Schlossinstallation und tr\u00e4gt dazu bei, das Schloss in den hergestellten Gegenstand zu integrieren und m\u00f6gliche Unvollkommenheiten in der Installations\u00f6ffnung zu korrigieren.\" \/>\n<meta property=\"og:url\" content=\"https:\/\/www.omrserrature.it\/de\/produkt\/metall-rosette\/\" \/>\n<meta property=\"og:site_name\" content=\"OMR Serrature | Produzione sistemi di chiusura\" \/>\n<meta property=\"article:publisher\" content=\"https:\/\/www.facebook.com\/OMRserrature\" \/>\n<meta property=\"article:modified_time\" content=\"2026-04-08T09:36:30+00:00\" \/>\n<meta property=\"og:image\" content=\"https:\/\/www.omrserrature.it\/wp-content\/uploads\/2019\/02\/boccola-rifinitura-metallo-SVAR04863.jpg\" \/>\n\t<meta property=\"og:image:width\" content=\"343\" \/>\n\t<meta property=\"og:image:height\" content=\"234\" \/>\n\t<meta property=\"og:image:type\" content=\"image\/jpeg\" \/>\n<meta name=\"twitter:card\" content=\"summary_large_image\" \/>\n<script type=\"application\/ld+json\" class=\"yoast-schema-graph\">{\"@context\":\"https:\/\/schema.org\",\"@graph\":[{\"@type\":\"WebPage\",\"@id\":\"https:\/\/www.omrserrature.it\/de\/produkt\/metall-rosette\/\",\"url\":\"https:\/\/www.omrserrature.it\/de\/produkt\/metall-rosette\/\",\"name\":\"Metall-Rosette - OMR Serrature\",\"isPartOf\":{\"@id\":\"https:\/\/www.omrserrature.it\/de\/#website\"},\"primaryImageOfPage\":{\"@id\":\"https:\/\/www.omrserrature.it\/de\/produkt\/metall-rosette\/#primaryimage\"},\"image\":{\"@id\":\"https:\/\/www.omrserrature.it\/de\/produkt\/metall-rosette\/#primaryimage\"},\"thumbnailUrl\":\"https:\/\/www.omrserrature.it\/wp-content\/uploads\/2019\/02\/boccola-rifinitura-metallo-SVAR04863.jpg\",\"datePublished\":\"2023-02-19T14:43:00+00:00\",\"dateModified\":\"2026-04-08T09:36:30+00:00\",\"breadcrumb\":{\"@id\":\"https:\/\/www.omrserrature.it\/de\/produkt\/metall-rosette\/#breadcrumb\"},\"inLanguage\":\"de\",\"potentialAction\":[{\"@type\":\"ReadAction\",\"target\":[\"https:\/\/www.omrserrature.it\/de\/produkt\/metall-rosette\/\"]}]},{\"@type\":\"ImageObject\",\"inLanguage\":\"de\",\"@id\":\"https:\/\/www.omrserrature.it\/de\/produkt\/metall-rosette\/#primaryimage\",\"url\":\"https:\/\/www.omrserrature.it\/wp-content\/uploads\/2019\/02\/boccola-rifinitura-metallo-SVAR04863.jpg\",\"contentUrl\":\"https:\/\/www.omrserrature.it\/wp-content\/uploads\/2019\/02\/boccola-rifinitura-metallo-SVAR04863.jpg\",\"width\":343,\"height\":234,\"caption\":\"Metallrosette f\u00fcr Schl\u00f6sser - SVAR04863\"},{\"@type\":\"BreadcrumbList\",\"@id\":\"https:\/\/www.omrserrature.it\/de\/produkt\/metall-rosette\/#breadcrumb\",\"itemListElement\":[{\"@type\":\"ListItem\",\"position\":1,\"name\":\"Home\",\"item\":\"https:\/\/www.omrserrature.it\/de\/omr-serrature-sistemi-chiusura\/\"},{\"@type\":\"ListItem\",\"position\":2,\"name\":\"Katalog\",\"item\":\"https:\/\/www.omrserrature.it\/katalog\/?lang=de\"},{\"@type\":\"ListItem\",\"position\":3,\"name\":\"Produkte\",\"item\":\"https:\/\/www.omrserrature.it\/de\/katalog\/produkte\/\"},{\"@type\":\"ListItem\",\"position\":4,\"name\":\"Zubeh\u00f6r und Ersatzteile\",\"item\":\"https:\/\/www.omrserrature.it\/de\/katalog\/produkte\/zubehor-und-ersatzteile\/\"},{\"@type\":\"ListItem\",\"position\":5,\"name\":\"Rosette\",\"item\":\"https:\/\/www.omrserrature.it\/de\/katalog\/produkte\/zubehor-und-ersatzteile\/rosette\/\"},{\"@type\":\"ListItem\",\"position\":6,\"name\":\"Metall-Rosette\"}]},{\"@type\":\"WebSite\",\"@id\":\"https:\/\/www.omrserrature.it\/de\/#website\",\"url\":\"https:\/\/www.omrserrature.it\/de\/\",\"name\":\"OMR Serrature | Produzione sistemi di chiusura\",\"description\":\"Produzione serrature di sicurezza e sistemi di chiusura\",\"publisher\":{\"@id\":\"https:\/\/www.omrserrature.it\/de\/#organization\"},\"potentialAction\":[{\"@type\":\"SearchAction\",\"target\":{\"@type\":\"EntryPoint\",\"urlTemplate\":\"https:\/\/www.omrserrature.it\/de\/?s={search_term_string}\"},\"query-input\":{\"@type\":\"PropertyValueSpecification\",\"valueRequired\":true,\"valueName\":\"search_term_string\"}}],\"inLanguage\":\"de\"},{\"@type\":\"Organization\",\"@id\":\"https:\/\/www.omrserrature.it\/de\/#organization\",\"name\":\"OMR Serrature | Produzione sistemi di chiusura\",\"url\":\"https:\/\/www.omrserrature.it\/de\/\",\"logo\":{\"@type\":\"ImageObject\",\"inLanguage\":\"de\",\"@id\":\"https:\/\/www.omrserrature.it\/de\/#\/schema\/logo\/image\/\",\"url\":\"https:\/\/www.omrserrature.it\/wp-content\/uploads\/2017\/09\/favicon-omr-114.png\",\"contentUrl\":\"https:\/\/www.omrserrature.it\/wp-content\/uploads\/2017\/09\/favicon-omr-114.png\",\"width\":114,\"height\":114,\"caption\":\"OMR Serrature | Produzione sistemi di chiusura\"},\"image\":{\"@id\":\"https:\/\/www.omrserrature.it\/de\/#\/schema\/logo\/image\/\"},\"sameAs\":[\"https:\/\/www.facebook.com\/OMRserrature\",\"https:\/\/www.linkedin.com\/company\/omrserrature\/\",\"https:\/\/www.youtube.com\/channel\/UCxmA85z2R0EpG_6IRokiAkg\"]}]}<\/script>\n<!-- \/ Yoast SEO plugin. -->","yoast_head_json":{"title":"Metall-Rosette - OMR Serrature","robots":{"index":"index","follow":"follow","max-snippet":"max-snippet:-1","max-image-preview":"max-image-preview:large","max-video-preview":"max-video-preview:-1"},"canonical":"https:\/\/www.omrserrature.it\/de\/produkt\/metall-rosette\/","og_locale":"de_DE","og_type":"article","og_title":"Metall-Rosette - OMR Serrature","og_description":"Die vernickelte Metallbuchse, die auch als Rosette bezeichnet wird, erm\u00f6glicht die Fertigstellung der Schlossinstallation und tr\u00e4gt dazu bei, das Schloss in den hergestellten Gegenstand zu integrieren und m\u00f6gliche Unvollkommenheiten in der Installations\u00f6ffnung zu korrigieren.","og_url":"https:\/\/www.omrserrature.it\/de\/produkt\/metall-rosette\/","og_site_name":"OMR Serrature | Produzione sistemi di chiusura","article_publisher":"https:\/\/www.facebook.com\/OMRserrature","article_modified_time":"2026-04-08T09:36:30+00:00","og_image":[{"width":343,"height":234,"url":"https:\/\/www.omrserrature.it\/wp-content\/uploads\/2019\/02\/boccola-rifinitura-metallo-SVAR04863.jpg","type":"image\/jpeg"}],"twitter_card":"summary_large_image","schema":{"@context":"https:\/\/schema.org","@graph":[{"@type":"WebPage","@id":"https:\/\/www.omrserrature.it\/de\/produkt\/metall-rosette\/","url":"https:\/\/www.omrserrature.it\/de\/produkt\/metall-rosette\/","name":"Metall-Rosette - OMR Serrature","isPartOf":{"@id":"https:\/\/www.omrserrature.it\/de\/#website"},"primaryImageOfPage":{"@id":"https:\/\/www.omrserrature.it\/de\/produkt\/metall-rosette\/#primaryimage"},"image":{"@id":"https:\/\/www.omrserrature.it\/de\/produkt\/metall-rosette\/#primaryimage"},"thumbnailUrl":"https:\/\/www.omrserrature.it\/wp-content\/uploads\/2019\/02\/boccola-rifinitura-metallo-SVAR04863.jpg","datePublished":"2023-02-19T14:43:00+00:00","dateModified":"2026-04-08T09:36:30+00:00","breadcrumb":{"@id":"https:\/\/www.omrserrature.it\/de\/produkt\/metall-rosette\/#breadcrumb"},"inLanguage":"de","potentialAction":[{"@type":"ReadAction","target":["https:\/\/www.omrserrature.it\/de\/produkt\/metall-rosette\/"]}]},{"@type":"ImageObject","inLanguage":"de","@id":"https:\/\/www.omrserrature.it\/de\/produkt\/metall-rosette\/#primaryimage","url":"https:\/\/www.omrserrature.it\/wp-content\/uploads\/2019\/02\/boccola-rifinitura-metallo-SVAR04863.jpg","contentUrl":"https:\/\/www.omrserrature.it\/wp-content\/uploads\/2019\/02\/boccola-rifinitura-metallo-SVAR04863.jpg","width":343,"height":234,"caption":"Metallrosette f\u00fcr Schl\u00f6sser - SVAR04863"},{"@type":"BreadcrumbList","@id":"https:\/\/www.omrserrature.it\/de\/produkt\/metall-rosette\/#breadcrumb","itemListElement":[{"@type":"ListItem","position":1,"name":"Home","item":"https:\/\/www.omrserrature.it\/de\/omr-serrature-sistemi-chiusura\/"},{"@type":"ListItem","position":2,"name":"Katalog","item":"https:\/\/www.omrserrature.it\/katalog\/?lang=de"},{"@type":"ListItem","position":3,"name":"Produkte","item":"https:\/\/www.omrserrature.it\/de\/katalog\/produkte\/"},{"@type":"ListItem","position":4,"name":"Zubeh\u00f6r und Ersatzteile","item":"https:\/\/www.omrserrature.it\/de\/katalog\/produkte\/zubehor-und-ersatzteile\/"},{"@type":"ListItem","position":5,"name":"Rosette","item":"https:\/\/www.omrserrature.it\/de\/katalog\/produkte\/zubehor-und-ersatzteile\/rosette\/"},{"@type":"ListItem","position":6,"name":"Metall-Rosette"}]},{"@type":"WebSite","@id":"https:\/\/www.omrserrature.it\/de\/#website","url":"https:\/\/www.omrserrature.it\/de\/","name":"OMR Serrature | Produzione sistemi di chiusura","description":"Produzione serrature di sicurezza e sistemi di chiusura","publisher":{"@id":"https:\/\/www.omrserrature.it\/de\/#organization"},"potentialAction":[{"@type":"SearchAction","target":{"@type":"EntryPoint","urlTemplate":"https:\/\/www.omrserrature.it\/de\/?s={search_term_string}"},"query-input":{"@type":"PropertyValueSpecification","valueRequired":true,"valueName":"search_term_string"}}],"inLanguage":"de"},{"@type":"Organization","@id":"https:\/\/www.omrserrature.it\/de\/#organization","name":"OMR Serrature | Produzione sistemi di chiusura","url":"https:\/\/www.omrserrature.it\/de\/","logo":{"@type":"ImageObject","inLanguage":"de","@id":"https:\/\/www.omrserrature.it\/de\/#\/schema\/logo\/image\/","url":"https:\/\/www.omrserrature.it\/wp-content\/uploads\/2017\/09\/favicon-omr-114.png","contentUrl":"https:\/\/www.omrserrature.it\/wp-content\/uploads\/2017\/09\/favicon-omr-114.png","width":114,"height":114,"caption":"OMR Serrature | Produzione sistemi di chiusura"},"image":{"@id":"https:\/\/www.omrserrature.it\/de\/#\/schema\/logo\/image\/"},"sameAs":["https:\/\/www.facebook.com\/OMRserrature","https:\/\/www.linkedin.com\/company\/omrserrature\/","https:\/\/www.youtube.com\/channel\/UCxmA85z2R0EpG_6IRokiAkg"]}]}},"_links":{"self":[{"href":"https:\/\/www.omrserrature.it\/de\/wp-json\/wp\/v2\/product\/11725","targetHints":{"allow":["GET"]}}],"collection":[{"href":"https:\/\/www.omrserrature.it\/de\/wp-json\/wp\/v2\/product"}],"about":[{"href":"https:\/\/www.omrserrature.it\/de\/wp-json\/wp\/v2\/types\/product"}],"replies":[{"embeddable":true,"href":"https:\/\/www.omrserrature.it\/de\/wp-json\/wp\/v2\/comments?post=11725"}],"wp:featuredmedia":[{"embeddable":true,"href":"https:\/\/www.omrserrature.it\/de\/wp-json\/wp\/v2\/media\/10257"}],"wp:attachment":[{"href":"https:\/\/www.omrserrature.it\/de\/wp-json\/wp\/v2\/media?parent=11725"}],"wp:term":[{"taxonomy":"product_brand","embeddable":true,"href":"https:\/\/www.omrserrature.it\/de\/wp-json\/wp\/v2\/product_brand?post=11725"},{"taxonomy":"product_cat","embeddable":true,"href":"https:\/\/www.omrserrature.it\/de\/wp-json\/wp\/v2\/product_cat?post=11725"},{"taxonomy":"product_tag","embeddable":true,"href":"https:\/\/www.omrserrature.it\/de\/wp-json\/wp\/v2\/product_tag?post=11725"}],"curies":[{"name":"wp","href":"https:\/\/api.w.org\/{rel}","templated":true}]}}