{"id":11723,"date":"2018-10-18T16:09:14","date_gmt":"2018-10-18T14:09:00","guid":{"rendered":"http:\/\/staging6.omrserrature.it\/prodotto\/scharnier-180-fur-mobeltur\/"},"modified":"2026-04-08T11:41:46","modified_gmt":"2026-04-08T09:41:46","slug":"scharnier-fur-mobeltur","status":"publish","type":"product","link":"https:\/\/www.omrserrature.it\/de\/produkt\/scharnier-fur-mobeltur\/","title":{"rendered":"180\u00b0 Scharnier f\u00fcr M\u00f6belt\u00fcr"},"content":{"rendered":"<p>Das Scharnier f\u00fcr Blecht\u00fcren ist aus schwarzer Zinklegierung mit vernickeltem Stift. Das Scharnier hat eine 180\u00b0 Drehung und ist <strong>leicht und schnell auf Metallt\u00fcren zu installieren<\/strong>. <\/p>\n<p>Die Zamak-Scharniere sind die perfekte L\u00f6sung f\u00fcr Metallumhausungen und f\u00fcr <strong>Schaltschr\u00e4nke<\/strong>. Sie erg\u00e4nzen das Zubeh\u00f6rpaket mit Drehriegeln, Elektronikschl\u00f6ssern und 2-Punkt Schl\u00f6ssern. Die Scharnierpalette ist f\u00fcr <strong>jede Anwendung<\/strong> geeignet: Innent\u00fcren, Schr\u00e4nke, Einzel- oder Doppelt\u00fcren. <\/p>\n","protected":false},"excerpt":{"rendered":"<p>Das Scharnier f\u00fcr Blecht\u00fcren ist aus schwarzer Zinklegierung mit vernickeltem Stift. Das Scharnier hat eine 180\u00b0 Drehung und ist leicht und schnell auf Metallt\u00fcren zu installieren. <\/p>\n","protected":false},"featured_media":18184,"comment_status":"open","ping_status":"closed","template":"","meta":{"_acf_changed":false,"_et_pb_use_builder":"","_et_pb_old_content":"","_et_gb_content_width":""},"product_brand":[],"product_cat":[3775,3821],"product_tag":[],"class_list":{"0":"post-11723","1":"product","2":"type-product","3":"status-publish","4":"has-post-thumbnail","6":"product_cat-produkte","7":"product_cat-scharnieren","9":"first","10":"instock","11":"shipping-taxable","12":"product-type-simple"},"acf":{"pdf1":false},"yoast_head":"<!-- This site is optimized with the Yoast SEO plugin v27.5 - https:\/\/yoast.com\/product\/yoast-seo-wordpress\/ -->\n<title>180\u00b0 Scharnier f\u00fcr M\u00f6belt\u00fcr - OMR Serrature<\/title>\n<meta name=\"robots\" content=\"index, follow, max-snippet:-1, max-image-preview:large, max-video-preview:-1\" \/>\n<link rel=\"canonical\" href=\"https:\/\/www.omrserrature.it\/de\/produkt\/scharnier-fur-mobeltur\/\" \/>\n<meta property=\"og:locale\" content=\"de_DE\" \/>\n<meta property=\"og:type\" content=\"article\" \/>\n<meta property=\"og:title\" content=\"180\u00b0 Scharnier f\u00fcr M\u00f6belt\u00fcr - OMR Serrature\" \/>\n<meta property=\"og:description\" content=\"Das Scharnier f\u00fcr Blecht\u00fcren ist aus schwarzer Zinklegierung mit vernickeltem Stift. Das Scharnier hat eine 180\u00b0 Drehung und ist leicht und schnell auf Metallt\u00fcren zu installieren.\" \/>\n<meta property=\"og:url\" content=\"https:\/\/www.omrserrature.it\/de\/produkt\/scharnier-fur-mobeltur\/\" \/>\n<meta property=\"og:site_name\" content=\"OMR Serrature | Produzione sistemi di chiusura\" \/>\n<meta property=\"article:publisher\" content=\"https:\/\/www.facebook.com\/OMRserrature\" \/>\n<meta property=\"article:modified_time\" content=\"2026-04-08T09:41:46+00:00\" \/>\n<meta property=\"og:image\" content=\"https:\/\/www.omrserrature.it\/wp-content\/uploads\/2018\/10\/OMR-SCER0001-cerniera-mobile.jpeg\" \/>\n\t<meta property=\"og:image:width\" content=\"600\" \/>\n\t<meta property=\"og:image:height\" content=\"600\" \/>\n\t<meta property=\"og:image:type\" content=\"image\/jpeg\" \/>\n<meta name=\"twitter:card\" content=\"summary_large_image\" \/>\n<script type=\"application\/ld+json\" class=\"yoast-schema-graph\">{\"@context\":\"https:\\\/\\\/schema.org\",\"@graph\":[{\"@type\":\"WebPage\",\"@id\":\"https:\\\/\\\/www.omrserrature.it\\\/de\\\/produkt\\\/scharnier-fur-mobeltur\\\/\",\"url\":\"https:\\\/\\\/www.omrserrature.it\\\/de\\\/produkt\\\/scharnier-fur-mobeltur\\\/\",\"name\":\"180\u00b0 Scharnier f\u00fcr M\u00f6belt\u00fcr - OMR Serrature\",\"isPartOf\":{\"@id\":\"https:\\\/\\\/www.omrserrature.it\\\/de\\\/#website\"},\"primaryImageOfPage\":{\"@id\":\"https:\\\/\\\/www.omrserrature.it\\\/de\\\/produkt\\\/scharnier-fur-mobeltur\\\/#primaryimage\"},\"image\":{\"@id\":\"https:\\\/\\\/www.omrserrature.it\\\/de\\\/produkt\\\/scharnier-fur-mobeltur\\\/#primaryimage\"},\"thumbnailUrl\":\"https:\\\/\\\/www.omrserrature.it\\\/wp-content\\\/uploads\\\/2018\\\/10\\\/OMR-SCER0001-cerniera-mobile.jpeg\",\"datePublished\":\"2018-10-18T14:09:00+00:00\",\"dateModified\":\"2026-04-08T09:41:46+00:00\",\"breadcrumb\":{\"@id\":\"https:\\\/\\\/www.omrserrature.it\\\/de\\\/produkt\\\/scharnier-fur-mobeltur\\\/#breadcrumb\"},\"inLanguage\":\"de\",\"potentialAction\":[{\"@type\":\"ReadAction\",\"target\":[\"https:\\\/\\\/www.omrserrature.it\\\/de\\\/produkt\\\/scharnier-fur-mobeltur\\\/\"]}]},{\"@type\":\"ImageObject\",\"inLanguage\":\"de\",\"@id\":\"https:\\\/\\\/www.omrserrature.it\\\/de\\\/produkt\\\/scharnier-fur-mobeltur\\\/#primaryimage\",\"url\":\"https:\\\/\\\/www.omrserrature.it\\\/wp-content\\\/uploads\\\/2018\\\/10\\\/OMR-SCER0001-cerniera-mobile.jpeg\",\"contentUrl\":\"https:\\\/\\\/www.omrserrature.it\\\/wp-content\\\/uploads\\\/2018\\\/10\\\/OMR-SCER0001-cerniera-mobile.jpeg\",\"width\":600,\"height\":600,\"caption\":\"180\u00b0 Scharnier f\u00fcr M\u00f6belt\u00fcr\"},{\"@type\":\"BreadcrumbList\",\"@id\":\"https:\\\/\\\/www.omrserrature.it\\\/de\\\/produkt\\\/scharnier-fur-mobeltur\\\/#breadcrumb\",\"itemListElement\":[{\"@type\":\"ListItem\",\"position\":1,\"name\":\"Home\",\"item\":\"https:\\\/\\\/www.omrserrature.it\\\/de\\\/omr-serrature-sistemi-chiusura\\\/\"},{\"@type\":\"ListItem\",\"position\":2,\"name\":\"Katalog\",\"item\":\"https:\\\/\\\/www.omrserrature.it\\\/katalog\\\/?lang=de\"},{\"@type\":\"ListItem\",\"position\":3,\"name\":\"Produkte\",\"item\":\"https:\\\/\\\/www.omrserrature.it\\\/de\\\/katalog\\\/produkte\\\/\"},{\"@type\":\"ListItem\",\"position\":4,\"name\":\"180\u00b0 Scharnier f\u00fcr M\u00f6belt\u00fcr\"}]},{\"@type\":\"WebSite\",\"@id\":\"https:\\\/\\\/www.omrserrature.it\\\/de\\\/#website\",\"url\":\"https:\\\/\\\/www.omrserrature.it\\\/de\\\/\",\"name\":\"OMR Serrature | Produzione sistemi di chiusura\",\"description\":\"Produzione serrature di sicurezza e sistemi di chiusura\",\"publisher\":{\"@id\":\"https:\\\/\\\/www.omrserrature.it\\\/de\\\/#organization\"},\"potentialAction\":[{\"@type\":\"SearchAction\",\"target\":{\"@type\":\"EntryPoint\",\"urlTemplate\":\"https:\\\/\\\/www.omrserrature.it\\\/de\\\/?s={search_term_string}\"},\"query-input\":{\"@type\":\"PropertyValueSpecification\",\"valueRequired\":true,\"valueName\":\"search_term_string\"}}],\"inLanguage\":\"de\"},{\"@type\":\"Organization\",\"@id\":\"https:\\\/\\\/www.omrserrature.it\\\/de\\\/#organization\",\"name\":\"OMR Serrature | Produzione sistemi di chiusura\",\"url\":\"https:\\\/\\\/www.omrserrature.it\\\/de\\\/\",\"logo\":{\"@type\":\"ImageObject\",\"inLanguage\":\"de\",\"@id\":\"https:\\\/\\\/www.omrserrature.it\\\/de\\\/#\\\/schema\\\/logo\\\/image\\\/\",\"url\":\"https:\\\/\\\/www.omrserrature.it\\\/wp-content\\\/uploads\\\/2017\\\/09\\\/favicon-omr-114.png\",\"contentUrl\":\"https:\\\/\\\/www.omrserrature.it\\\/wp-content\\\/uploads\\\/2017\\\/09\\\/favicon-omr-114.png\",\"width\":114,\"height\":114,\"caption\":\"OMR Serrature | Produzione sistemi di chiusura\"},\"image\":{\"@id\":\"https:\\\/\\\/www.omrserrature.it\\\/de\\\/#\\\/schema\\\/logo\\\/image\\\/\"},\"sameAs\":[\"https:\\\/\\\/www.facebook.com\\\/OMRserrature\",\"https:\\\/\\\/www.linkedin.com\\\/company\\\/omrserrature\\\/\",\"https:\\\/\\\/www.youtube.com\\\/channel\\\/UCxmA85z2R0EpG_6IRokiAkg\"]}]}<\/script>\n<!-- \/ Yoast SEO plugin. -->","yoast_head_json":{"title":"180\u00b0 Scharnier f\u00fcr M\u00f6belt\u00fcr - OMR Serrature","robots":{"index":"index","follow":"follow","max-snippet":"max-snippet:-1","max-image-preview":"max-image-preview:large","max-video-preview":"max-video-preview:-1"},"canonical":"https:\/\/www.omrserrature.it\/de\/produkt\/scharnier-fur-mobeltur\/","og_locale":"de_DE","og_type":"article","og_title":"180\u00b0 Scharnier f\u00fcr M\u00f6belt\u00fcr - OMR Serrature","og_description":"Das Scharnier f\u00fcr Blecht\u00fcren ist aus schwarzer Zinklegierung mit vernickeltem Stift. Das Scharnier hat eine 180\u00b0 Drehung und ist leicht und schnell auf Metallt\u00fcren zu installieren.","og_url":"https:\/\/www.omrserrature.it\/de\/produkt\/scharnier-fur-mobeltur\/","og_site_name":"OMR Serrature | Produzione sistemi di chiusura","article_publisher":"https:\/\/www.facebook.com\/OMRserrature","article_modified_time":"2026-04-08T09:41:46+00:00","og_image":[{"width":600,"height":600,"url":"https:\/\/www.omrserrature.it\/wp-content\/uploads\/2018\/10\/OMR-SCER0001-cerniera-mobile.jpeg","type":"image\/jpeg"}],"twitter_card":"summary_large_image","schema":{"@context":"https:\/\/schema.org","@graph":[{"@type":"WebPage","@id":"https:\/\/www.omrserrature.it\/de\/produkt\/scharnier-fur-mobeltur\/","url":"https:\/\/www.omrserrature.it\/de\/produkt\/scharnier-fur-mobeltur\/","name":"180\u00b0 Scharnier f\u00fcr M\u00f6belt\u00fcr - OMR Serrature","isPartOf":{"@id":"https:\/\/www.omrserrature.it\/de\/#website"},"primaryImageOfPage":{"@id":"https:\/\/www.omrserrature.it\/de\/produkt\/scharnier-fur-mobeltur\/#primaryimage"},"image":{"@id":"https:\/\/www.omrserrature.it\/de\/produkt\/scharnier-fur-mobeltur\/#primaryimage"},"thumbnailUrl":"https:\/\/www.omrserrature.it\/wp-content\/uploads\/2018\/10\/OMR-SCER0001-cerniera-mobile.jpeg","datePublished":"2018-10-18T14:09:00+00:00","dateModified":"2026-04-08T09:41:46+00:00","breadcrumb":{"@id":"https:\/\/www.omrserrature.it\/de\/produkt\/scharnier-fur-mobeltur\/#breadcrumb"},"inLanguage":"de","potentialAction":[{"@type":"ReadAction","target":["https:\/\/www.omrserrature.it\/de\/produkt\/scharnier-fur-mobeltur\/"]}]},{"@type":"ImageObject","inLanguage":"de","@id":"https:\/\/www.omrserrature.it\/de\/produkt\/scharnier-fur-mobeltur\/#primaryimage","url":"https:\/\/www.omrserrature.it\/wp-content\/uploads\/2018\/10\/OMR-SCER0001-cerniera-mobile.jpeg","contentUrl":"https:\/\/www.omrserrature.it\/wp-content\/uploads\/2018\/10\/OMR-SCER0001-cerniera-mobile.jpeg","width":600,"height":600,"caption":"180\u00b0 Scharnier f\u00fcr M\u00f6belt\u00fcr"},{"@type":"BreadcrumbList","@id":"https:\/\/www.omrserrature.it\/de\/produkt\/scharnier-fur-mobeltur\/#breadcrumb","itemListElement":[{"@type":"ListItem","position":1,"name":"Home","item":"https:\/\/www.omrserrature.it\/de\/omr-serrature-sistemi-chiusura\/"},{"@type":"ListItem","position":2,"name":"Katalog","item":"https:\/\/www.omrserrature.it\/katalog\/?lang=de"},{"@type":"ListItem","position":3,"name":"Produkte","item":"https:\/\/www.omrserrature.it\/de\/katalog\/produkte\/"},{"@type":"ListItem","position":4,"name":"180\u00b0 Scharnier f\u00fcr M\u00f6belt\u00fcr"}]},{"@type":"WebSite","@id":"https:\/\/www.omrserrature.it\/de\/#website","url":"https:\/\/www.omrserrature.it\/de\/","name":"OMR Serrature | Produzione sistemi di chiusura","description":"Produzione serrature di sicurezza e sistemi di chiusura","publisher":{"@id":"https:\/\/www.omrserrature.it\/de\/#organization"},"potentialAction":[{"@type":"SearchAction","target":{"@type":"EntryPoint","urlTemplate":"https:\/\/www.omrserrature.it\/de\/?s={search_term_string}"},"query-input":{"@type":"PropertyValueSpecification","valueRequired":true,"valueName":"search_term_string"}}],"inLanguage":"de"},{"@type":"Organization","@id":"https:\/\/www.omrserrature.it\/de\/#organization","name":"OMR Serrature | Produzione sistemi di chiusura","url":"https:\/\/www.omrserrature.it\/de\/","logo":{"@type":"ImageObject","inLanguage":"de","@id":"https:\/\/www.omrserrature.it\/de\/#\/schema\/logo\/image\/","url":"https:\/\/www.omrserrature.it\/wp-content\/uploads\/2017\/09\/favicon-omr-114.png","contentUrl":"https:\/\/www.omrserrature.it\/wp-content\/uploads\/2017\/09\/favicon-omr-114.png","width":114,"height":114,"caption":"OMR Serrature | Produzione sistemi di chiusura"},"image":{"@id":"https:\/\/www.omrserrature.it\/de\/#\/schema\/logo\/image\/"},"sameAs":["https:\/\/www.facebook.com\/OMRserrature","https:\/\/www.linkedin.com\/company\/omrserrature\/","https:\/\/www.youtube.com\/channel\/UCxmA85z2R0EpG_6IRokiAkg"]}]}},"_links":{"self":[{"href":"https:\/\/www.omrserrature.it\/de\/wp-json\/wp\/v2\/product\/11723","targetHints":{"allow":["GET"]}}],"collection":[{"href":"https:\/\/www.omrserrature.it\/de\/wp-json\/wp\/v2\/product"}],"about":[{"href":"https:\/\/www.omrserrature.it\/de\/wp-json\/wp\/v2\/types\/product"}],"replies":[{"embeddable":true,"href":"https:\/\/www.omrserrature.it\/de\/wp-json\/wp\/v2\/comments?post=11723"}],"wp:featuredmedia":[{"embeddable":true,"href":"https:\/\/www.omrserrature.it\/de\/wp-json\/wp\/v2\/media\/18184"}],"wp:attachment":[{"href":"https:\/\/www.omrserrature.it\/de\/wp-json\/wp\/v2\/media?parent=11723"}],"wp:term":[{"taxonomy":"product_brand","embeddable":true,"href":"https:\/\/www.omrserrature.it\/de\/wp-json\/wp\/v2\/product_brand?post=11723"},{"taxonomy":"product_cat","embeddable":true,"href":"https:\/\/www.omrserrature.it\/de\/wp-json\/wp\/v2\/product_cat?post=11723"},{"taxonomy":"product_tag","embeddable":true,"href":"https:\/\/www.omrserrature.it\/de\/wp-json\/wp\/v2\/product_tag?post=11723"}],"curies":[{"name":"wp","href":"https:\/\/api.w.org\/{rel}","templated":true}]}}