{"id":11710,"date":"2019-02-26T10:41:17","date_gmt":"2023-02-19T09:41:00","guid":{"rendered":"http:\/\/staging6.omrserrature.it\/prodotto\/2-punkt-zentralverschluss-hebel\/"},"modified":"2026-04-08T11:45:30","modified_gmt":"2026-04-08T09:45:30","slug":"2-punkt-riegel","status":"publish","type":"product","link":"https:\/\/www.omrserrature.it\/de\/produkt\/2-punkt-riegel\/","title":{"rendered":"2-Punkt-Hebel Mehrpunkt-Hebel Rundprofil Oval Verbindung"},"content":{"rendered":"<p>Der OMR 2-Punkt-Hebel ist ein Hebel, mit dem die Drehbewegung des Schlosses in eine lineare Bewegung umgewandelt werden kann. Der 2-Punkt-Hebel oder Mehrpunkt-Hebel ist zum Beispiel f\u00fcr den korrekten Einbau von Stangenschl\u00f6ssern n\u00fctzlich. Der 2-Punkt-Hebel ist ein verzinktes Stahlelement, das als <strong>Stangenantrieb<\/strong> das \u00d6ffnen oder Schlie\u00dfen der M\u00f6belt\u00fcr erm\u00f6glicht. Die Hebel, die mit dem Mehrpunkt-Hebel durch Seeger verbunden sind, sind das Element, das den Abschluss des Schlie\u00dfmechanismus bildet.   <\/p>\n<p>Der Oval-Anschluss erm\u00f6glicht die Montage des Stangenantriebs an<strong> Universalschl\u00f6ssern,<\/strong> <strong>1\/4-Dreh-Verschl\u00fcssen<\/strong> oder <strong>Hebelschl\u00f6ssern<\/strong>, um gro\u00dfe Doppel- oder Einzelt\u00fcren an zwei Stellen, oben und unten, zu schlie\u00dfen.<\/p>\n","protected":false},"excerpt":{"rendered":"<p>Der OMR 2-Punkt-Hebel ist ein Hebel, mit dem die Drehbewegung des Schlosses in eine lineare Bewegung umgewandelt werden kann. Der Mehrpunkt-Hebel ist zum Beispiel f\u00fcr den korrekten Einbau von Stangenschl\u00f6ssern n\u00fctzlich. Die Hebel, die mit dem Mehrpunkt-Hebel \u00fcber einen Seeger verbunden sind, sind das Element, das den Abschluss des Schlie\u00dfmechanismus bildet. Abgerundete quadratische R\u00fcckwand.   <\/p>\n","protected":false},"featured_media":10217,"comment_status":"open","ping_status":"closed","template":"","meta":{"_acf_changed":false,"_et_pb_use_builder":"","_et_pb_old_content":"","_et_gb_content_width":""},"product_brand":[],"product_cat":[3807],"product_tag":[],"class_list":{"0":"post-11710","1":"product","2":"type-product","3":"status-publish","4":"has-post-thumbnail","6":"product_cat-mehrpunkt-hebel-und-hintere-stifte","8":"first","9":"instock","10":"shipping-taxable","11":"product-type-simple"},"acf":{"pdf1":false},"yoast_head":"<!-- This site is optimized with the Yoast SEO plugin v27.2 - https:\/\/yoast.com\/product\/yoast-seo-wordpress\/ -->\n<title>2-Punkt-Hebel Mehrpunkt-Hebel Rundprofil Oval Verbindung - OMR Serrature<\/title>\n<meta name=\"robots\" content=\"index, follow, max-snippet:-1, max-image-preview:large, max-video-preview:-1\" \/>\n<link rel=\"canonical\" href=\"https:\/\/www.omrserrature.it\/de\/produkt\/2-punkt-riegel\/\" \/>\n<meta property=\"og:locale\" content=\"de_DE\" \/>\n<meta property=\"og:type\" content=\"article\" \/>\n<meta property=\"og:title\" content=\"2-Punkt-Hebel Mehrpunkt-Hebel Rundprofil Oval Verbindung - OMR Serrature\" \/>\n<meta property=\"og:description\" content=\"Der OMR 2-Punkt-Hebel ist ein Hebel, mit dem die Drehbewegung des Schlosses in eine lineare Bewegung umgewandelt werden kann. Der Mehrpunkt-Hebel ist zum Beispiel f\u00fcr den korrekten Einbau von Stangenschl\u00f6ssern n\u00fctzlich. Die Hebel, die mit dem Mehrpunkt-Hebel \u00fcber einen Seeger verbunden sind, sind das Element, das den Abschluss des Schlie\u00dfmechanismus bildet. Abgerundete quadratische R\u00fcckwand.\" \/>\n<meta property=\"og:url\" content=\"https:\/\/www.omrserrature.it\/de\/produkt\/2-punkt-riegel\/\" \/>\n<meta property=\"og:site_name\" content=\"OMR Serrature | Produzione sistemi di chiusura\" \/>\n<meta property=\"article:publisher\" content=\"https:\/\/www.facebook.com\/OMRserrature\" \/>\n<meta property=\"article:modified_time\" content=\"2026-04-08T09:45:30+00:00\" \/>\n<meta property=\"og:image\" content=\"https:\/\/www.omrserrature.it\/wp-content\/uploads\/2019\/02\/bilancino-2-punti-SBIL00032.jpg\" \/>\n\t<meta property=\"og:image:width\" content=\"770\" \/>\n\t<meta property=\"og:image:height\" content=\"435\" \/>\n\t<meta property=\"og:image:type\" content=\"image\/jpeg\" \/>\n<meta name=\"twitter:card\" content=\"summary_large_image\" \/>\n<meta name=\"twitter:label1\" content=\"Gesch\u00e4tzte Lesezeit\" \/>\n\t<meta name=\"twitter:data1\" content=\"1\u00a0Minute\" \/>\n<script type=\"application\/ld+json\" class=\"yoast-schema-graph\">{\"@context\":\"https:\/\/schema.org\",\"@graph\":[{\"@type\":\"WebPage\",\"@id\":\"https:\/\/www.omrserrature.it\/de\/produkt\/2-punkt-riegel\/\",\"url\":\"https:\/\/www.omrserrature.it\/de\/produkt\/2-punkt-riegel\/\",\"name\":\"2-Punkt-Hebel Mehrpunkt-Hebel Rundprofil Oval Verbindung - OMR Serrature\",\"isPartOf\":{\"@id\":\"https:\/\/www.omrserrature.it\/de\/#website\"},\"primaryImageOfPage\":{\"@id\":\"https:\/\/www.omrserrature.it\/de\/produkt\/2-punkt-riegel\/#primaryimage\"},\"image\":{\"@id\":\"https:\/\/www.omrserrature.it\/de\/produkt\/2-punkt-riegel\/#primaryimage\"},\"thumbnailUrl\":\"https:\/\/www.omrserrature.it\/wp-content\/uploads\/2019\/02\/bilancino-2-punti-SBIL00032.jpg\",\"datePublished\":\"2023-02-19T09:41:00+00:00\",\"dateModified\":\"2026-04-08T09:45:30+00:00\",\"breadcrumb\":{\"@id\":\"https:\/\/www.omrserrature.it\/de\/produkt\/2-punkt-riegel\/#breadcrumb\"},\"inLanguage\":\"de\",\"potentialAction\":[{\"@type\":\"ReadAction\",\"target\":[\"https:\/\/www.omrserrature.it\/de\/produkt\/2-punkt-riegel\/\"]}]},{\"@type\":\"ImageObject\",\"inLanguage\":\"de\",\"@id\":\"https:\/\/www.omrserrature.it\/de\/produkt\/2-punkt-riegel\/#primaryimage\",\"url\":\"https:\/\/www.omrserrature.it\/wp-content\/uploads\/2019\/02\/bilancino-2-punti-SBIL00032.jpg\",\"contentUrl\":\"https:\/\/www.omrserrature.it\/wp-content\/uploads\/2019\/02\/bilancino-2-punti-SBIL00032.jpg\",\"width\":770,\"height\":435,\"caption\":\"2-Punkt Hebel f\u00fcr Drehstangenschl\u00f6sser - SBIL00032\"},{\"@type\":\"BreadcrumbList\",\"@id\":\"https:\/\/www.omrserrature.it\/de\/produkt\/2-punkt-riegel\/#breadcrumb\",\"itemListElement\":[{\"@type\":\"ListItem\",\"position\":1,\"name\":\"Home\",\"item\":\"https:\/\/www.omrserrature.it\/de\/omr-serrature-sistemi-chiusura\/\"},{\"@type\":\"ListItem\",\"position\":2,\"name\":\"Katalog\",\"item\":\"https:\/\/www.omrserrature.it\/katalog\/?lang=de\"},{\"@type\":\"ListItem\",\"position\":3,\"name\":\"Produkte\",\"item\":\"https:\/\/www.omrserrature.it\/de\/katalog\/produkte\/\"},{\"@type\":\"ListItem\",\"position\":4,\"name\":\"Zubeh\u00f6r und Ersatzteile\",\"item\":\"https:\/\/www.omrserrature.it\/de\/katalog\/produkte\/zubehor-und-ersatzteile\/\"},{\"@type\":\"ListItem\",\"position\":5,\"name\":\"Mehrpunkt-Hebel und Hintere Stifte\",\"item\":\"https:\/\/www.omrserrature.it\/de\/katalog\/produkte\/zubehor-und-ersatzteile\/mehrpunkt-hebel-und-hintere-stifte\/\"},{\"@type\":\"ListItem\",\"position\":6,\"name\":\"2-Punkt-Hebel Mehrpunkt-Hebel Rundprofil Oval Verbindung\"}]},{\"@type\":\"WebSite\",\"@id\":\"https:\/\/www.omrserrature.it\/de\/#website\",\"url\":\"https:\/\/www.omrserrature.it\/de\/\",\"name\":\"OMR Serrature | Produzione sistemi di chiusura\",\"description\":\"Produzione serrature di sicurezza e sistemi di chiusura\",\"publisher\":{\"@id\":\"https:\/\/www.omrserrature.it\/de\/#organization\"},\"potentialAction\":[{\"@type\":\"SearchAction\",\"target\":{\"@type\":\"EntryPoint\",\"urlTemplate\":\"https:\/\/www.omrserrature.it\/de\/?s={search_term_string}\"},\"query-input\":{\"@type\":\"PropertyValueSpecification\",\"valueRequired\":true,\"valueName\":\"search_term_string\"}}],\"inLanguage\":\"de\"},{\"@type\":\"Organization\",\"@id\":\"https:\/\/www.omrserrature.it\/de\/#organization\",\"name\":\"OMR Serrature | Produzione sistemi di chiusura\",\"url\":\"https:\/\/www.omrserrature.it\/de\/\",\"logo\":{\"@type\":\"ImageObject\",\"inLanguage\":\"de\",\"@id\":\"https:\/\/www.omrserrature.it\/de\/#\/schema\/logo\/image\/\",\"url\":\"https:\/\/www.omrserrature.it\/wp-content\/uploads\/2017\/09\/favicon-omr-114.png\",\"contentUrl\":\"https:\/\/www.omrserrature.it\/wp-content\/uploads\/2017\/09\/favicon-omr-114.png\",\"width\":114,\"height\":114,\"caption\":\"OMR Serrature | Produzione sistemi di chiusura\"},\"image\":{\"@id\":\"https:\/\/www.omrserrature.it\/de\/#\/schema\/logo\/image\/\"},\"sameAs\":[\"https:\/\/www.facebook.com\/OMRserrature\",\"https:\/\/www.linkedin.com\/company\/omrserrature\/\",\"https:\/\/www.youtube.com\/channel\/UCxmA85z2R0EpG_6IRokiAkg\"]}]}<\/script>\n<!-- \/ Yoast SEO plugin. -->","yoast_head_json":{"title":"2-Punkt-Hebel Mehrpunkt-Hebel Rundprofil Oval Verbindung - OMR Serrature","robots":{"index":"index","follow":"follow","max-snippet":"max-snippet:-1","max-image-preview":"max-image-preview:large","max-video-preview":"max-video-preview:-1"},"canonical":"https:\/\/www.omrserrature.it\/de\/produkt\/2-punkt-riegel\/","og_locale":"de_DE","og_type":"article","og_title":"2-Punkt-Hebel Mehrpunkt-Hebel Rundprofil Oval Verbindung - OMR Serrature","og_description":"Der OMR 2-Punkt-Hebel ist ein Hebel, mit dem die Drehbewegung des Schlosses in eine lineare Bewegung umgewandelt werden kann. Der Mehrpunkt-Hebel ist zum Beispiel f\u00fcr den korrekten Einbau von Stangenschl\u00f6ssern n\u00fctzlich. Die Hebel, die mit dem Mehrpunkt-Hebel \u00fcber einen Seeger verbunden sind, sind das Element, das den Abschluss des Schlie\u00dfmechanismus bildet. Abgerundete quadratische R\u00fcckwand.","og_url":"https:\/\/www.omrserrature.it\/de\/produkt\/2-punkt-riegel\/","og_site_name":"OMR Serrature | Produzione sistemi di chiusura","article_publisher":"https:\/\/www.facebook.com\/OMRserrature","article_modified_time":"2026-04-08T09:45:30+00:00","og_image":[{"width":770,"height":435,"url":"https:\/\/www.omrserrature.it\/wp-content\/uploads\/2019\/02\/bilancino-2-punti-SBIL00032.jpg","type":"image\/jpeg"}],"twitter_card":"summary_large_image","twitter_misc":{"Gesch\u00e4tzte Lesezeit":"1\u00a0Minute"},"schema":{"@context":"https:\/\/schema.org","@graph":[{"@type":"WebPage","@id":"https:\/\/www.omrserrature.it\/de\/produkt\/2-punkt-riegel\/","url":"https:\/\/www.omrserrature.it\/de\/produkt\/2-punkt-riegel\/","name":"2-Punkt-Hebel Mehrpunkt-Hebel Rundprofil Oval Verbindung - OMR Serrature","isPartOf":{"@id":"https:\/\/www.omrserrature.it\/de\/#website"},"primaryImageOfPage":{"@id":"https:\/\/www.omrserrature.it\/de\/produkt\/2-punkt-riegel\/#primaryimage"},"image":{"@id":"https:\/\/www.omrserrature.it\/de\/produkt\/2-punkt-riegel\/#primaryimage"},"thumbnailUrl":"https:\/\/www.omrserrature.it\/wp-content\/uploads\/2019\/02\/bilancino-2-punti-SBIL00032.jpg","datePublished":"2023-02-19T09:41:00+00:00","dateModified":"2026-04-08T09:45:30+00:00","breadcrumb":{"@id":"https:\/\/www.omrserrature.it\/de\/produkt\/2-punkt-riegel\/#breadcrumb"},"inLanguage":"de","potentialAction":[{"@type":"ReadAction","target":["https:\/\/www.omrserrature.it\/de\/produkt\/2-punkt-riegel\/"]}]},{"@type":"ImageObject","inLanguage":"de","@id":"https:\/\/www.omrserrature.it\/de\/produkt\/2-punkt-riegel\/#primaryimage","url":"https:\/\/www.omrserrature.it\/wp-content\/uploads\/2019\/02\/bilancino-2-punti-SBIL00032.jpg","contentUrl":"https:\/\/www.omrserrature.it\/wp-content\/uploads\/2019\/02\/bilancino-2-punti-SBIL00032.jpg","width":770,"height":435,"caption":"2-Punkt Hebel f\u00fcr Drehstangenschl\u00f6sser - SBIL00032"},{"@type":"BreadcrumbList","@id":"https:\/\/www.omrserrature.it\/de\/produkt\/2-punkt-riegel\/#breadcrumb","itemListElement":[{"@type":"ListItem","position":1,"name":"Home","item":"https:\/\/www.omrserrature.it\/de\/omr-serrature-sistemi-chiusura\/"},{"@type":"ListItem","position":2,"name":"Katalog","item":"https:\/\/www.omrserrature.it\/katalog\/?lang=de"},{"@type":"ListItem","position":3,"name":"Produkte","item":"https:\/\/www.omrserrature.it\/de\/katalog\/produkte\/"},{"@type":"ListItem","position":4,"name":"Zubeh\u00f6r und Ersatzteile","item":"https:\/\/www.omrserrature.it\/de\/katalog\/produkte\/zubehor-und-ersatzteile\/"},{"@type":"ListItem","position":5,"name":"Mehrpunkt-Hebel und Hintere Stifte","item":"https:\/\/www.omrserrature.it\/de\/katalog\/produkte\/zubehor-und-ersatzteile\/mehrpunkt-hebel-und-hintere-stifte\/"},{"@type":"ListItem","position":6,"name":"2-Punkt-Hebel Mehrpunkt-Hebel Rundprofil Oval Verbindung"}]},{"@type":"WebSite","@id":"https:\/\/www.omrserrature.it\/de\/#website","url":"https:\/\/www.omrserrature.it\/de\/","name":"OMR Serrature | Produzione sistemi di chiusura","description":"Produzione serrature di sicurezza e sistemi di chiusura","publisher":{"@id":"https:\/\/www.omrserrature.it\/de\/#organization"},"potentialAction":[{"@type":"SearchAction","target":{"@type":"EntryPoint","urlTemplate":"https:\/\/www.omrserrature.it\/de\/?s={search_term_string}"},"query-input":{"@type":"PropertyValueSpecification","valueRequired":true,"valueName":"search_term_string"}}],"inLanguage":"de"},{"@type":"Organization","@id":"https:\/\/www.omrserrature.it\/de\/#organization","name":"OMR Serrature | Produzione sistemi di chiusura","url":"https:\/\/www.omrserrature.it\/de\/","logo":{"@type":"ImageObject","inLanguage":"de","@id":"https:\/\/www.omrserrature.it\/de\/#\/schema\/logo\/image\/","url":"https:\/\/www.omrserrature.it\/wp-content\/uploads\/2017\/09\/favicon-omr-114.png","contentUrl":"https:\/\/www.omrserrature.it\/wp-content\/uploads\/2017\/09\/favicon-omr-114.png","width":114,"height":114,"caption":"OMR Serrature | Produzione sistemi di chiusura"},"image":{"@id":"https:\/\/www.omrserrature.it\/de\/#\/schema\/logo\/image\/"},"sameAs":["https:\/\/www.facebook.com\/OMRserrature","https:\/\/www.linkedin.com\/company\/omrserrature\/","https:\/\/www.youtube.com\/channel\/UCxmA85z2R0EpG_6IRokiAkg"]}]}},"_links":{"self":[{"href":"https:\/\/www.omrserrature.it\/de\/wp-json\/wp\/v2\/product\/11710","targetHints":{"allow":["GET"]}}],"collection":[{"href":"https:\/\/www.omrserrature.it\/de\/wp-json\/wp\/v2\/product"}],"about":[{"href":"https:\/\/www.omrserrature.it\/de\/wp-json\/wp\/v2\/types\/product"}],"replies":[{"embeddable":true,"href":"https:\/\/www.omrserrature.it\/de\/wp-json\/wp\/v2\/comments?post=11710"}],"wp:featuredmedia":[{"embeddable":true,"href":"https:\/\/www.omrserrature.it\/de\/wp-json\/wp\/v2\/media\/10217"}],"wp:attachment":[{"href":"https:\/\/www.omrserrature.it\/de\/wp-json\/wp\/v2\/media?parent=11710"}],"wp:term":[{"taxonomy":"product_brand","embeddable":true,"href":"https:\/\/www.omrserrature.it\/de\/wp-json\/wp\/v2\/product_brand?post=11710"},{"taxonomy":"product_cat","embeddable":true,"href":"https:\/\/www.omrserrature.it\/de\/wp-json\/wp\/v2\/product_cat?post=11710"},{"taxonomy":"product_tag","embeddable":true,"href":"https:\/\/www.omrserrature.it\/de\/wp-json\/wp\/v2\/product_tag?post=11710"}],"curies":[{"name":"wp","href":"https:\/\/api.w.org\/{rel}","templated":true}]}}