{"id":11641,"date":"2018-07-12T11:19:09","date_gmt":"2012-07-18T09:19:00","guid":{"rendered":"http:\/\/staging6.omrserrature.it\/prodotto\/haken\/"},"modified":"2026-04-08T11:59:19","modified_gmt":"2026-04-08T09:59:19","slug":"schliesshaken","status":"publish","type":"product","link":"https:\/\/www.omrserrature.it\/de\/produkt\/schliesshaken\/","title":{"rendered":"Haken"},"content":{"rendered":"<p><strong>OMR-Haken f\u00fcr Verriegelungen mit rotierenden Stangen <\/strong>sind eine robuste und zuverl\u00e4ssige L\u00f6sung f\u00fcr die Verriegelung hoher M\u00f6belt\u00fcren. Der Haken ist ein wesentlicher Bestandteil des Mechanismus des Drehstangenschlosses: Beim Schlie\u00dfen dreht sich die Stange und der Haken greift in den Bolzen ein, wodurch ein solider Verschluss gew\u00e4hrleistet und der Druck auf mindestens zwei Punkte verteilt wird. <\/p>\n<p>Unsere Haken sind aus Metalldruckguss gefertigt und bieten eine hervorragende Verarbeitungsqualit\u00e4t. Sie sind in zwei Ausf\u00fchrungen erh\u00e4ltlich: vernickelt und schwarz, um unterschiedlichen \u00e4sthetischen und gestalterischen Anforderungen gerecht zu werden. <\/p>\n<p>Um Ihren spezifischen Bed\u00fcrfnissen gerecht zu werden, bieten wir Haken in verschiedenen Formen an. Wenn Sie mehr \u00fcber die verf\u00fcgbaren Optionen erfahren m\u00f6chten, wenden Sie sich bitte an unseren <strong>Kundendienst (nur f\u00fcr Unternehmen)<\/strong>, der Ihnen gerne alle erforderlichen Informationen gibt. Mit OMR-Haken f\u00fcr Verriegelungen mit rotierenden Stangen k\u00f6nnen Sie sich auf ein Qualit\u00e4tsprodukt verlassen, das die Sicherheit und Funktionalit\u00e4t von Verriegelungen mit rotierenden Stangen f\u00fcr M\u00f6bel und Schr\u00e4nke gew\u00e4hrleistet.  <\/p>\n","protected":false},"excerpt":{"rendered":"<p><strong>OMR-Haken f\u00fcr Verriegelungen mit rotierenden Stangen <\/strong>sind eine robuste und zuverl\u00e4ssige L\u00f6sung f\u00fcr die Verriegelung hoher M\u00f6belt\u00fcren. Der Haken ist ein wesentlicher Bestandteil des Mechanismus des Drehstangenschlosses: Beim Schlie\u00dfen dreht sich die Stange und der Haken greift in den Bolzen ein, wodurch ein solider Verschluss gew\u00e4hrleistet und der Druck auf mindestens zwei Punkte verteilt wird. <\/p>\n","protected":false},"featured_media":8636,"comment_status":"open","ping_status":"closed","template":"","meta":{"_acf_changed":false,"_et_pb_use_builder":"","_et_pb_old_content":"","_et_gb_content_width":""},"product_brand":[],"product_cat":[3775],"product_tag":[],"class_list":{"0":"post-11641","1":"product","2":"type-product","3":"status-publish","4":"has-post-thumbnail","6":"product_cat-produkte","8":"first","9":"instock","10":"shipping-taxable","11":"purchasable","12":"product-type-simple"},"acf":{"pdf1":false},"yoast_head":"<!-- This site is optimized with the Yoast SEO plugin v27.2 - https:\/\/yoast.com\/product\/yoast-seo-wordpress\/ -->\n<title>Haken - OMR Serrature<\/title>\n<meta name=\"robots\" content=\"index, follow, max-snippet:-1, max-image-preview:large, max-video-preview:-1\" \/>\n<link rel=\"canonical\" href=\"https:\/\/www.omrserrature.it\/de\/produkt\/schliesshaken\/\" \/>\n<meta property=\"og:locale\" content=\"de_DE\" \/>\n<meta property=\"og:type\" content=\"article\" \/>\n<meta property=\"og:title\" content=\"Haken - OMR Serrature\" \/>\n<meta property=\"og:description\" content=\"OMR-Haken f\u00fcr Verriegelungen mit rotierenden Stangen sind eine robuste und zuverl\u00e4ssige L\u00f6sung f\u00fcr die Verriegelung hoher M\u00f6belt\u00fcren. Der Haken ist ein wesentlicher Bestandteil des Mechanismus des Drehstangenschlosses: Beim Schlie\u00dfen dreht sich die Stange und der Haken greift in den Bolzen ein, wodurch ein solider Verschluss gew\u00e4hrleistet und der Druck auf mindestens zwei Punkte verteilt wird.\" \/>\n<meta property=\"og:url\" content=\"https:\/\/www.omrserrature.it\/de\/produkt\/schliesshaken\/\" \/>\n<meta property=\"og:site_name\" content=\"OMR Serrature | Produzione sistemi di chiusura\" \/>\n<meta property=\"article:publisher\" content=\"https:\/\/www.facebook.com\/OMRserrature\" \/>\n<meta property=\"article:modified_time\" content=\"2026-04-08T09:59:19+00:00\" \/>\n<meta property=\"og:image\" content=\"https:\/\/www.omrserrature.it\/wp-content\/uploads\/2018\/07\/ganci-SGAN03405.jpg\" \/>\n\t<meta property=\"og:image:width\" content=\"487\" \/>\n\t<meta property=\"og:image:height\" content=\"285\" \/>\n\t<meta property=\"og:image:type\" content=\"image\/jpeg\" \/>\n<meta name=\"twitter:card\" content=\"summary_large_image\" \/>\n<meta name=\"twitter:label1\" content=\"Gesch\u00e4tzte Lesezeit\" \/>\n\t<meta name=\"twitter:data1\" content=\"1\u00a0Minute\" \/>\n<script type=\"application\/ld+json\" class=\"yoast-schema-graph\">{\"@context\":\"https:\/\/schema.org\",\"@graph\":[{\"@type\":\"WebPage\",\"@id\":\"https:\/\/www.omrserrature.it\/de\/produkt\/schliesshaken\/\",\"url\":\"https:\/\/www.omrserrature.it\/de\/produkt\/schliesshaken\/\",\"name\":\"Haken - OMR Serrature\",\"isPartOf\":{\"@id\":\"https:\/\/www.omrserrature.it\/de\/#website\"},\"primaryImageOfPage\":{\"@id\":\"https:\/\/www.omrserrature.it\/de\/produkt\/schliesshaken\/#primaryimage\"},\"image\":{\"@id\":\"https:\/\/www.omrserrature.it\/de\/produkt\/schliesshaken\/#primaryimage\"},\"thumbnailUrl\":\"https:\/\/www.omrserrature.it\/wp-content\/uploads\/2018\/07\/ganci-SGAN03405.jpg\",\"datePublished\":\"2012-07-18T09:19:00+00:00\",\"dateModified\":\"2026-04-08T09:59:19+00:00\",\"breadcrumb\":{\"@id\":\"https:\/\/www.omrserrature.it\/de\/produkt\/schliesshaken\/#breadcrumb\"},\"inLanguage\":\"de\",\"potentialAction\":[{\"@type\":\"ReadAction\",\"target\":[\"https:\/\/www.omrserrature.it\/de\/produkt\/schliesshaken\/\"]}]},{\"@type\":\"ImageObject\",\"inLanguage\":\"de\",\"@id\":\"https:\/\/www.omrserrature.it\/de\/produkt\/schliesshaken\/#primaryimage\",\"url\":\"https:\/\/www.omrserrature.it\/wp-content\/uploads\/2018\/07\/ganci-SGAN03405.jpg\",\"contentUrl\":\"https:\/\/www.omrserrature.it\/wp-content\/uploads\/2018\/07\/ganci-SGAN03405.jpg\",\"width\":487,\"height\":285,\"caption\":\"Schie\u00dfhaken f\u00fcr Drehstangenschl\u00f6sser - SGAN03405\"},{\"@type\":\"BreadcrumbList\",\"@id\":\"https:\/\/www.omrserrature.it\/de\/produkt\/schliesshaken\/#breadcrumb\",\"itemListElement\":[{\"@type\":\"ListItem\",\"position\":1,\"name\":\"Home\",\"item\":\"https:\/\/www.omrserrature.it\/de\/omr-serrature-sistemi-chiusura\/\"},{\"@type\":\"ListItem\",\"position\":2,\"name\":\"Katalog\",\"item\":\"https:\/\/www.omrserrature.it\/katalog\/?lang=de\"},{\"@type\":\"ListItem\",\"position\":3,\"name\":\"Produkte\",\"item\":\"https:\/\/www.omrserrature.it\/de\/katalog\/produkte\/\"},{\"@type\":\"ListItem\",\"position\":4,\"name\":\"Haken\"}]},{\"@type\":\"WebSite\",\"@id\":\"https:\/\/www.omrserrature.it\/de\/#website\",\"url\":\"https:\/\/www.omrserrature.it\/de\/\",\"name\":\"OMR Serrature | Produzione sistemi di chiusura\",\"description\":\"Produzione serrature di sicurezza e sistemi di chiusura\",\"publisher\":{\"@id\":\"https:\/\/www.omrserrature.it\/de\/#organization\"},\"potentialAction\":[{\"@type\":\"SearchAction\",\"target\":{\"@type\":\"EntryPoint\",\"urlTemplate\":\"https:\/\/www.omrserrature.it\/de\/?s={search_term_string}\"},\"query-input\":{\"@type\":\"PropertyValueSpecification\",\"valueRequired\":true,\"valueName\":\"search_term_string\"}}],\"inLanguage\":\"de\"},{\"@type\":\"Organization\",\"@id\":\"https:\/\/www.omrserrature.it\/de\/#organization\",\"name\":\"OMR Serrature | Produzione sistemi di chiusura\",\"url\":\"https:\/\/www.omrserrature.it\/de\/\",\"logo\":{\"@type\":\"ImageObject\",\"inLanguage\":\"de\",\"@id\":\"https:\/\/www.omrserrature.it\/de\/#\/schema\/logo\/image\/\",\"url\":\"https:\/\/www.omrserrature.it\/wp-content\/uploads\/2017\/09\/favicon-omr-114.png\",\"contentUrl\":\"https:\/\/www.omrserrature.it\/wp-content\/uploads\/2017\/09\/favicon-omr-114.png\",\"width\":114,\"height\":114,\"caption\":\"OMR Serrature | Produzione sistemi di chiusura\"},\"image\":{\"@id\":\"https:\/\/www.omrserrature.it\/de\/#\/schema\/logo\/image\/\"},\"sameAs\":[\"https:\/\/www.facebook.com\/OMRserrature\",\"https:\/\/www.linkedin.com\/company\/omrserrature\/\",\"https:\/\/www.youtube.com\/channel\/UCxmA85z2R0EpG_6IRokiAkg\"]}]}<\/script>\n<!-- \/ Yoast SEO plugin. -->","yoast_head_json":{"title":"Haken - OMR Serrature","robots":{"index":"index","follow":"follow","max-snippet":"max-snippet:-1","max-image-preview":"max-image-preview:large","max-video-preview":"max-video-preview:-1"},"canonical":"https:\/\/www.omrserrature.it\/de\/produkt\/schliesshaken\/","og_locale":"de_DE","og_type":"article","og_title":"Haken - OMR Serrature","og_description":"OMR-Haken f\u00fcr Verriegelungen mit rotierenden Stangen sind eine robuste und zuverl\u00e4ssige L\u00f6sung f\u00fcr die Verriegelung hoher M\u00f6belt\u00fcren. Der Haken ist ein wesentlicher Bestandteil des Mechanismus des Drehstangenschlosses: Beim Schlie\u00dfen dreht sich die Stange und der Haken greift in den Bolzen ein, wodurch ein solider Verschluss gew\u00e4hrleistet und der Druck auf mindestens zwei Punkte verteilt wird.","og_url":"https:\/\/www.omrserrature.it\/de\/produkt\/schliesshaken\/","og_site_name":"OMR Serrature | Produzione sistemi di chiusura","article_publisher":"https:\/\/www.facebook.com\/OMRserrature","article_modified_time":"2026-04-08T09:59:19+00:00","og_image":[{"width":487,"height":285,"url":"https:\/\/www.omrserrature.it\/wp-content\/uploads\/2018\/07\/ganci-SGAN03405.jpg","type":"image\/jpeg"}],"twitter_card":"summary_large_image","twitter_misc":{"Gesch\u00e4tzte Lesezeit":"1\u00a0Minute"},"schema":{"@context":"https:\/\/schema.org","@graph":[{"@type":"WebPage","@id":"https:\/\/www.omrserrature.it\/de\/produkt\/schliesshaken\/","url":"https:\/\/www.omrserrature.it\/de\/produkt\/schliesshaken\/","name":"Haken - OMR Serrature","isPartOf":{"@id":"https:\/\/www.omrserrature.it\/de\/#website"},"primaryImageOfPage":{"@id":"https:\/\/www.omrserrature.it\/de\/produkt\/schliesshaken\/#primaryimage"},"image":{"@id":"https:\/\/www.omrserrature.it\/de\/produkt\/schliesshaken\/#primaryimage"},"thumbnailUrl":"https:\/\/www.omrserrature.it\/wp-content\/uploads\/2018\/07\/ganci-SGAN03405.jpg","datePublished":"2012-07-18T09:19:00+00:00","dateModified":"2026-04-08T09:59:19+00:00","breadcrumb":{"@id":"https:\/\/www.omrserrature.it\/de\/produkt\/schliesshaken\/#breadcrumb"},"inLanguage":"de","potentialAction":[{"@type":"ReadAction","target":["https:\/\/www.omrserrature.it\/de\/produkt\/schliesshaken\/"]}]},{"@type":"ImageObject","inLanguage":"de","@id":"https:\/\/www.omrserrature.it\/de\/produkt\/schliesshaken\/#primaryimage","url":"https:\/\/www.omrserrature.it\/wp-content\/uploads\/2018\/07\/ganci-SGAN03405.jpg","contentUrl":"https:\/\/www.omrserrature.it\/wp-content\/uploads\/2018\/07\/ganci-SGAN03405.jpg","width":487,"height":285,"caption":"Schie\u00dfhaken f\u00fcr Drehstangenschl\u00f6sser - SGAN03405"},{"@type":"BreadcrumbList","@id":"https:\/\/www.omrserrature.it\/de\/produkt\/schliesshaken\/#breadcrumb","itemListElement":[{"@type":"ListItem","position":1,"name":"Home","item":"https:\/\/www.omrserrature.it\/de\/omr-serrature-sistemi-chiusura\/"},{"@type":"ListItem","position":2,"name":"Katalog","item":"https:\/\/www.omrserrature.it\/katalog\/?lang=de"},{"@type":"ListItem","position":3,"name":"Produkte","item":"https:\/\/www.omrserrature.it\/de\/katalog\/produkte\/"},{"@type":"ListItem","position":4,"name":"Haken"}]},{"@type":"WebSite","@id":"https:\/\/www.omrserrature.it\/de\/#website","url":"https:\/\/www.omrserrature.it\/de\/","name":"OMR Serrature | Produzione sistemi di chiusura","description":"Produzione serrature di sicurezza e sistemi di chiusura","publisher":{"@id":"https:\/\/www.omrserrature.it\/de\/#organization"},"potentialAction":[{"@type":"SearchAction","target":{"@type":"EntryPoint","urlTemplate":"https:\/\/www.omrserrature.it\/de\/?s={search_term_string}"},"query-input":{"@type":"PropertyValueSpecification","valueRequired":true,"valueName":"search_term_string"}}],"inLanguage":"de"},{"@type":"Organization","@id":"https:\/\/www.omrserrature.it\/de\/#organization","name":"OMR Serrature | Produzione sistemi di chiusura","url":"https:\/\/www.omrserrature.it\/de\/","logo":{"@type":"ImageObject","inLanguage":"de","@id":"https:\/\/www.omrserrature.it\/de\/#\/schema\/logo\/image\/","url":"https:\/\/www.omrserrature.it\/wp-content\/uploads\/2017\/09\/favicon-omr-114.png","contentUrl":"https:\/\/www.omrserrature.it\/wp-content\/uploads\/2017\/09\/favicon-omr-114.png","width":114,"height":114,"caption":"OMR Serrature | Produzione sistemi di chiusura"},"image":{"@id":"https:\/\/www.omrserrature.it\/de\/#\/schema\/logo\/image\/"},"sameAs":["https:\/\/www.facebook.com\/OMRserrature","https:\/\/www.linkedin.com\/company\/omrserrature\/","https:\/\/www.youtube.com\/channel\/UCxmA85z2R0EpG_6IRokiAkg"]}]}},"_links":{"self":[{"href":"https:\/\/www.omrserrature.it\/de\/wp-json\/wp\/v2\/product\/11641","targetHints":{"allow":["GET"]}}],"collection":[{"href":"https:\/\/www.omrserrature.it\/de\/wp-json\/wp\/v2\/product"}],"about":[{"href":"https:\/\/www.omrserrature.it\/de\/wp-json\/wp\/v2\/types\/product"}],"replies":[{"embeddable":true,"href":"https:\/\/www.omrserrature.it\/de\/wp-json\/wp\/v2\/comments?post=11641"}],"wp:featuredmedia":[{"embeddable":true,"href":"https:\/\/www.omrserrature.it\/de\/wp-json\/wp\/v2\/media\/8636"}],"wp:attachment":[{"href":"https:\/\/www.omrserrature.it\/de\/wp-json\/wp\/v2\/media?parent=11641"}],"wp:term":[{"taxonomy":"product_brand","embeddable":true,"href":"https:\/\/www.omrserrature.it\/de\/wp-json\/wp\/v2\/product_brand?post=11641"},{"taxonomy":"product_cat","embeddable":true,"href":"https:\/\/www.omrserrature.it\/de\/wp-json\/wp\/v2\/product_cat?post=11641"},{"taxonomy":"product_tag","embeddable":true,"href":"https:\/\/www.omrserrature.it\/de\/wp-json\/wp\/v2\/product_tag?post=11641"}],"curies":[{"name":"wp","href":"https:\/\/api.w.org\/{rel}","templated":true}]}}