{"id":11500,"date":"2017-10-13T17:46:41","date_gmt":"2013-10-17T15:46:00","guid":{"rendered":"http:\/\/staging6.omrserrature.it\/prodotto\/drehstangenschloss-schwarz\/"},"modified":"2026-04-08T12:50:40","modified_gmt":"2026-04-08T10:50:40","slug":"16-mm-drehstangenschloss-schwarz","status":"publish","type":"product","link":"https:\/\/www.omrserrature.it\/de\/produkt\/16-mm-drehstangenschloss-schwarz\/","title":{"rendered":"Drehstangenschloss f\u00fcr M\u00f6belt\u00fcren &#8211; Schwarz"},"content":{"rendered":"<p>Die <strong>Verriegelung mit rotierenden Stangen in schwarzer Ausf\u00fchrung<\/strong>, auch bekannt als <strong>Drehstangenschloss<\/strong>, erm\u00f6glicht einen <strong>mehrfachen<\/strong> (2-Punkt) <strong>und zentralisierten<\/strong> <strong>Abschluss<\/strong> von hohen T\u00fcrschr\u00e4nken. Die Bewegung der Stangen erfolgt nicht durch Translation (nach oben\/unten), sondern durch Rotation, wodurch <strong>ein gr\u00f6\u00dferer Widerstand und ein leichter Druck auf die M\u00f6belt\u00fcr<\/strong> beim Abschluss gew\u00e4hrleistet wird. An den Enden der Stangen sind Haken angebracht, die, wenn sie sich mit dem Schl\u00fcssel drehen, in die Stifte an den Querstreben des Schranks eingreifen.  <\/p>\n<p>Die gesamte Struktur des Schlosses besteht aus einer Zinklegierung und ist mit einem <strong>Pl\u00e4ttchenzylinder<\/strong> ausgestattet. Das Schloss besteht aus einer Reihe von Zubeh\u00f6rteilen: halbrunde Stangen, obere und untere Haken, verstellbare Stifte, U-Bolzen, Rosetten und Unterlegscheiben.  Der Schl\u00fcssel aus vernickeltem Messing ist auch mit Kunststoffgriff oder als Kippschl\u00fcssel in verschiedenen Farben erh\u00e4ltlich: schwarz, grau, weiss, durchsichtig und weitere Farben auf Wunsch. Bei der Version mit <strong>abnehmbarem Zylinderkern<\/strong> kann der Zylinder mit den Platten entfernt werden, was eine schnelle \u00c4nderung der Kombination erm\u00f6glicht. Der Zylinder ist in unterschiedlichen L\u00e4ngen erh\u00e4ltlich und f\u00fcr viele Materialien geeignet (Holz, Metall, HPL, Melamin, MDF, HDF, usw.). Die Verriegelung mit rotierenden Stangen wird von Fachleuten, Industrie und Handwerkern h\u00e4ufig f\u00fcr den Einsatz in Schr\u00e4nken und <strong>B\u00fcrom\u00f6beln<\/strong> mit Fl\u00fcgelt\u00fcren und T\u00fcren im Allgemeinen verwendet.<\/p>\n","protected":false},"excerpt":{"rendered":"<p>Die <strong>Verriegelung mit rotierenden Stangen in schwarzer Ausf\u00fchrung<\/strong>, auch bekannt als <strong>Drehstangenschloss<\/strong>, erm\u00f6glicht einen <strong>mehrfachen<\/strong> (2-Punkt) <strong>und zentralen<\/strong> <strong>Abschluss<\/strong> von Hochschr\u00e4nken.<\/p>\n","protected":false},"featured_media":3661,"comment_status":"open","ping_status":"closed","template":"","meta":{"_acf_changed":false,"_et_pb_use_builder":"","_et_pb_old_content":"","_et_gb_content_width":""},"product_brand":[],"product_cat":[3767,3770,3774,3783,3876,3837,3796,3829,3772,3861,3835,3851,3848,3788],"product_tag":[],"class_list":{"0":"post-11500","1":"product","2":"type-product","3":"status-publish","4":"has-post-thumbnail","6":"product_cat-bank-und-postwesen","7":"product_cat-bildungswesen-und-kultur","8":"product_cat-burogebaude","9":"product_cat-drehstangenschlosser","10":"product_cat-flugelturen","11":"product_cat-gdpr-konformes-schrankschloss","12":"product_cat-hauptschlussel-schlosser","13":"product_cat-kabinett-schlosser","14":"product_cat-krankenhauser-und-gesundheitsbereich","15":"product_cat-mobelturen","16":"product_cat-schlosser-fur-mobel","17":"product_cat-schlosser-fur-pflanzenschutzschranke","18":"product_cat-schlosser-fur-psa-schranke","19":"product_cat-schlosser-mit-abnehmbarem-zylinder","21":"first","22":"instock","23":"shipping-taxable","24":"purchasable","25":"product-type-variable","26":"has-default-attributes"},"acf":{"pdf1":"https:\/\/www.omrserrature.it\/wp-content\/uploads\/2017\/10\/Scheda-240407.pdf"},"yoast_head":"<!-- This site is optimized with the Yoast SEO plugin v27.5 - https:\/\/yoast.com\/product\/yoast-seo-wordpress\/ -->\n<title>Drehstangenschloss f\u00fcr M\u00f6belt\u00fcren - Schwarz - OMR Serrature<\/title>\n<meta name=\"robots\" content=\"index, follow, max-snippet:-1, max-image-preview:large, max-video-preview:-1\" \/>\n<link rel=\"canonical\" href=\"https:\/\/www.omrserrature.it\/de\/produkt\/16-mm-drehstangenschloss-schwarz\/\" \/>\n<meta property=\"og:locale\" content=\"de_DE\" \/>\n<meta property=\"og:type\" content=\"article\" \/>\n<meta property=\"og:title\" content=\"Drehstangenschloss f\u00fcr M\u00f6belt\u00fcren - Schwarz - OMR Serrature\" \/>\n<meta property=\"og:description\" content=\"Die Verriegelung mit rotierenden Stangen in schwarzer Ausf\u00fchrung, auch bekannt als Drehstangenschloss, erm\u00f6glicht einen mehrfachen (2-Punkt) und zentralen Abschluss von Hochschr\u00e4nken.\" \/>\n<meta property=\"og:url\" content=\"https:\/\/www.omrserrature.it\/de\/produkt\/16-mm-drehstangenschloss-schwarz\/\" \/>\n<meta property=\"og:site_name\" content=\"OMR Serrature | Produzione sistemi di chiusura\" \/>\n<meta property=\"article:publisher\" content=\"https:\/\/www.facebook.com\/OMRserrature\" \/>\n<meta property=\"article:modified_time\" content=\"2026-04-08T10:50:40+00:00\" \/>\n<meta property=\"og:image\" content=\"https:\/\/www.omrserrature.it\/wp-content\/uploads\/2017\/10\/serratura-aste-rotanti-nera.jpg\" \/>\n\t<meta property=\"og:image:width\" content=\"496\" \/>\n\t<meta property=\"og:image:height\" content=\"370\" \/>\n\t<meta property=\"og:image:type\" content=\"image\/jpeg\" \/>\n<meta name=\"twitter:card\" content=\"summary_large_image\" \/>\n<meta name=\"twitter:label1\" content=\"Gesch\u00e4tzte Lesezeit\" \/>\n\t<meta name=\"twitter:data1\" content=\"1\u00a0Minute\" \/>\n<script type=\"application\/ld+json\" class=\"yoast-schema-graph\">{\"@context\":\"https:\\\/\\\/schema.org\",\"@graph\":[{\"@type\":\"WebPage\",\"@id\":\"https:\\\/\\\/www.omrserrature.it\\\/de\\\/produkt\\\/16-mm-drehstangenschloss-schwarz\\\/\",\"url\":\"https:\\\/\\\/www.omrserrature.it\\\/de\\\/produkt\\\/16-mm-drehstangenschloss-schwarz\\\/\",\"name\":\"Drehstangenschloss f\u00fcr M\u00f6belt\u00fcren - Schwarz - OMR Serrature\",\"isPartOf\":{\"@id\":\"https:\\\/\\\/www.omrserrature.it\\\/de\\\/#website\"},\"primaryImageOfPage\":{\"@id\":\"https:\\\/\\\/www.omrserrature.it\\\/de\\\/produkt\\\/16-mm-drehstangenschloss-schwarz\\\/#primaryimage\"},\"image\":{\"@id\":\"https:\\\/\\\/www.omrserrature.it\\\/de\\\/produkt\\\/16-mm-drehstangenschloss-schwarz\\\/#primaryimage\"},\"thumbnailUrl\":\"https:\\\/\\\/www.omrserrature.it\\\/wp-content\\\/uploads\\\/2017\\\/10\\\/serratura-aste-rotanti-nera.jpg\",\"datePublished\":\"2013-10-17T15:46:00+00:00\",\"dateModified\":\"2026-04-08T10:50:40+00:00\",\"breadcrumb\":{\"@id\":\"https:\\\/\\\/www.omrserrature.it\\\/de\\\/produkt\\\/16-mm-drehstangenschloss-schwarz\\\/#breadcrumb\"},\"inLanguage\":\"de\",\"potentialAction\":[{\"@type\":\"ReadAction\",\"target\":[\"https:\\\/\\\/www.omrserrature.it\\\/de\\\/produkt\\\/16-mm-drehstangenschloss-schwarz\\\/\"]}]},{\"@type\":\"ImageObject\",\"inLanguage\":\"de\",\"@id\":\"https:\\\/\\\/www.omrserrature.it\\\/de\\\/produkt\\\/16-mm-drehstangenschloss-schwarz\\\/#primaryimage\",\"url\":\"https:\\\/\\\/www.omrserrature.it\\\/wp-content\\\/uploads\\\/2017\\\/10\\\/serratura-aste-rotanti-nera.jpg\",\"contentUrl\":\"https:\\\/\\\/www.omrserrature.it\\\/wp-content\\\/uploads\\\/2017\\\/10\\\/serratura-aste-rotanti-nera.jpg\",\"width\":496,\"height\":370,\"caption\":\"Verriegelung mit rotierenden Stangen schwarz lackiert - Drehstangenschloss\"},{\"@type\":\"BreadcrumbList\",\"@id\":\"https:\\\/\\\/www.omrserrature.it\\\/de\\\/produkt\\\/16-mm-drehstangenschloss-schwarz\\\/#breadcrumb\",\"itemListElement\":[{\"@type\":\"ListItem\",\"position\":1,\"name\":\"Home\",\"item\":\"https:\\\/\\\/www.omrserrature.it\\\/de\\\/omr-serrature-sistemi-chiusura\\\/\"},{\"@type\":\"ListItem\",\"position\":2,\"name\":\"Katalog\",\"item\":\"https:\\\/\\\/www.omrserrature.it\\\/katalog\\\/?lang=de\"},{\"@type\":\"ListItem\",\"position\":3,\"name\":\"Anwendungen\",\"item\":\"https:\\\/\\\/www.omrserrature.it\\\/de\\\/katalog\\\/anwendungen\\\/\"},{\"@type\":\"ListItem\",\"position\":4,\"name\":\"Schl\u00f6sser f\u00fcr M\u00f6bel\",\"item\":\"https:\\\/\\\/www.omrserrature.it\\\/de\\\/katalog\\\/anwendungen\\\/schlosser-fur-mobel\\\/\"},{\"@type\":\"ListItem\",\"position\":5,\"name\":\"M\u00f6belt\u00fcren\",\"item\":\"https:\\\/\\\/www.omrserrature.it\\\/de\\\/katalog\\\/anwendungen\\\/schlosser-fur-mobel\\\/mobelturen\\\/\"},{\"@type\":\"ListItem\",\"position\":6,\"name\":\"Fl\u00fcgelt\u00fcren\",\"item\":\"https:\\\/\\\/www.omrserrature.it\\\/de\\\/katalog\\\/anwendungen\\\/schlosser-fur-mobel\\\/mobelturen\\\/flugelturen\\\/\"},{\"@type\":\"ListItem\",\"position\":7,\"name\":\"Drehstangenschloss f\u00fcr M\u00f6belt\u00fcren &#8211; Schwarz\"}]},{\"@type\":\"WebSite\",\"@id\":\"https:\\\/\\\/www.omrserrature.it\\\/de\\\/#website\",\"url\":\"https:\\\/\\\/www.omrserrature.it\\\/de\\\/\",\"name\":\"OMR Serrature | Produzione sistemi di chiusura\",\"description\":\"Produzione serrature di sicurezza e sistemi di chiusura\",\"publisher\":{\"@id\":\"https:\\\/\\\/www.omrserrature.it\\\/de\\\/#organization\"},\"potentialAction\":[{\"@type\":\"SearchAction\",\"target\":{\"@type\":\"EntryPoint\",\"urlTemplate\":\"https:\\\/\\\/www.omrserrature.it\\\/de\\\/?s={search_term_string}\"},\"query-input\":{\"@type\":\"PropertyValueSpecification\",\"valueRequired\":true,\"valueName\":\"search_term_string\"}}],\"inLanguage\":\"de\"},{\"@type\":\"Organization\",\"@id\":\"https:\\\/\\\/www.omrserrature.it\\\/de\\\/#organization\",\"name\":\"OMR Serrature | Produzione sistemi di chiusura\",\"url\":\"https:\\\/\\\/www.omrserrature.it\\\/de\\\/\",\"logo\":{\"@type\":\"ImageObject\",\"inLanguage\":\"de\",\"@id\":\"https:\\\/\\\/www.omrserrature.it\\\/de\\\/#\\\/schema\\\/logo\\\/image\\\/\",\"url\":\"https:\\\/\\\/www.omrserrature.it\\\/wp-content\\\/uploads\\\/2017\\\/09\\\/favicon-omr-114.png\",\"contentUrl\":\"https:\\\/\\\/www.omrserrature.it\\\/wp-content\\\/uploads\\\/2017\\\/09\\\/favicon-omr-114.png\",\"width\":114,\"height\":114,\"caption\":\"OMR Serrature | Produzione sistemi di chiusura\"},\"image\":{\"@id\":\"https:\\\/\\\/www.omrserrature.it\\\/de\\\/#\\\/schema\\\/logo\\\/image\\\/\"},\"sameAs\":[\"https:\\\/\\\/www.facebook.com\\\/OMRserrature\",\"https:\\\/\\\/www.linkedin.com\\\/company\\\/omrserrature\\\/\",\"https:\\\/\\\/www.youtube.com\\\/channel\\\/UCxmA85z2R0EpG_6IRokiAkg\"]}]}<\/script>\n<!-- \/ Yoast SEO plugin. -->","yoast_head_json":{"title":"Drehstangenschloss f\u00fcr M\u00f6belt\u00fcren - Schwarz - OMR Serrature","robots":{"index":"index","follow":"follow","max-snippet":"max-snippet:-1","max-image-preview":"max-image-preview:large","max-video-preview":"max-video-preview:-1"},"canonical":"https:\/\/www.omrserrature.it\/de\/produkt\/16-mm-drehstangenschloss-schwarz\/","og_locale":"de_DE","og_type":"article","og_title":"Drehstangenschloss f\u00fcr M\u00f6belt\u00fcren - Schwarz - OMR Serrature","og_description":"Die Verriegelung mit rotierenden Stangen in schwarzer Ausf\u00fchrung, auch bekannt als Drehstangenschloss, erm\u00f6glicht einen mehrfachen (2-Punkt) und zentralen Abschluss von Hochschr\u00e4nken.","og_url":"https:\/\/www.omrserrature.it\/de\/produkt\/16-mm-drehstangenschloss-schwarz\/","og_site_name":"OMR Serrature | Produzione sistemi di chiusura","article_publisher":"https:\/\/www.facebook.com\/OMRserrature","article_modified_time":"2026-04-08T10:50:40+00:00","og_image":[{"width":496,"height":370,"url":"https:\/\/www.omrserrature.it\/wp-content\/uploads\/2017\/10\/serratura-aste-rotanti-nera.jpg","type":"image\/jpeg"}],"twitter_card":"summary_large_image","twitter_misc":{"Gesch\u00e4tzte Lesezeit":"1\u00a0Minute"},"schema":{"@context":"https:\/\/schema.org","@graph":[{"@type":"WebPage","@id":"https:\/\/www.omrserrature.it\/de\/produkt\/16-mm-drehstangenschloss-schwarz\/","url":"https:\/\/www.omrserrature.it\/de\/produkt\/16-mm-drehstangenschloss-schwarz\/","name":"Drehstangenschloss f\u00fcr M\u00f6belt\u00fcren - Schwarz - OMR Serrature","isPartOf":{"@id":"https:\/\/www.omrserrature.it\/de\/#website"},"primaryImageOfPage":{"@id":"https:\/\/www.omrserrature.it\/de\/produkt\/16-mm-drehstangenschloss-schwarz\/#primaryimage"},"image":{"@id":"https:\/\/www.omrserrature.it\/de\/produkt\/16-mm-drehstangenschloss-schwarz\/#primaryimage"},"thumbnailUrl":"https:\/\/www.omrserrature.it\/wp-content\/uploads\/2017\/10\/serratura-aste-rotanti-nera.jpg","datePublished":"2013-10-17T15:46:00+00:00","dateModified":"2026-04-08T10:50:40+00:00","breadcrumb":{"@id":"https:\/\/www.omrserrature.it\/de\/produkt\/16-mm-drehstangenschloss-schwarz\/#breadcrumb"},"inLanguage":"de","potentialAction":[{"@type":"ReadAction","target":["https:\/\/www.omrserrature.it\/de\/produkt\/16-mm-drehstangenschloss-schwarz\/"]}]},{"@type":"ImageObject","inLanguage":"de","@id":"https:\/\/www.omrserrature.it\/de\/produkt\/16-mm-drehstangenschloss-schwarz\/#primaryimage","url":"https:\/\/www.omrserrature.it\/wp-content\/uploads\/2017\/10\/serratura-aste-rotanti-nera.jpg","contentUrl":"https:\/\/www.omrserrature.it\/wp-content\/uploads\/2017\/10\/serratura-aste-rotanti-nera.jpg","width":496,"height":370,"caption":"Verriegelung mit rotierenden Stangen schwarz lackiert - Drehstangenschloss"},{"@type":"BreadcrumbList","@id":"https:\/\/www.omrserrature.it\/de\/produkt\/16-mm-drehstangenschloss-schwarz\/#breadcrumb","itemListElement":[{"@type":"ListItem","position":1,"name":"Home","item":"https:\/\/www.omrserrature.it\/de\/omr-serrature-sistemi-chiusura\/"},{"@type":"ListItem","position":2,"name":"Katalog","item":"https:\/\/www.omrserrature.it\/katalog\/?lang=de"},{"@type":"ListItem","position":3,"name":"Anwendungen","item":"https:\/\/www.omrserrature.it\/de\/katalog\/anwendungen\/"},{"@type":"ListItem","position":4,"name":"Schl\u00f6sser f\u00fcr M\u00f6bel","item":"https:\/\/www.omrserrature.it\/de\/katalog\/anwendungen\/schlosser-fur-mobel\/"},{"@type":"ListItem","position":5,"name":"M\u00f6belt\u00fcren","item":"https:\/\/www.omrserrature.it\/de\/katalog\/anwendungen\/schlosser-fur-mobel\/mobelturen\/"},{"@type":"ListItem","position":6,"name":"Fl\u00fcgelt\u00fcren","item":"https:\/\/www.omrserrature.it\/de\/katalog\/anwendungen\/schlosser-fur-mobel\/mobelturen\/flugelturen\/"},{"@type":"ListItem","position":7,"name":"Drehstangenschloss f\u00fcr M\u00f6belt\u00fcren &#8211; Schwarz"}]},{"@type":"WebSite","@id":"https:\/\/www.omrserrature.it\/de\/#website","url":"https:\/\/www.omrserrature.it\/de\/","name":"OMR Serrature | Produzione sistemi di chiusura","description":"Produzione serrature di sicurezza e sistemi di chiusura","publisher":{"@id":"https:\/\/www.omrserrature.it\/de\/#organization"},"potentialAction":[{"@type":"SearchAction","target":{"@type":"EntryPoint","urlTemplate":"https:\/\/www.omrserrature.it\/de\/?s={search_term_string}"},"query-input":{"@type":"PropertyValueSpecification","valueRequired":true,"valueName":"search_term_string"}}],"inLanguage":"de"},{"@type":"Organization","@id":"https:\/\/www.omrserrature.it\/de\/#organization","name":"OMR Serrature | Produzione sistemi di chiusura","url":"https:\/\/www.omrserrature.it\/de\/","logo":{"@type":"ImageObject","inLanguage":"de","@id":"https:\/\/www.omrserrature.it\/de\/#\/schema\/logo\/image\/","url":"https:\/\/www.omrserrature.it\/wp-content\/uploads\/2017\/09\/favicon-omr-114.png","contentUrl":"https:\/\/www.omrserrature.it\/wp-content\/uploads\/2017\/09\/favicon-omr-114.png","width":114,"height":114,"caption":"OMR Serrature | Produzione sistemi di chiusura"},"image":{"@id":"https:\/\/www.omrserrature.it\/de\/#\/schema\/logo\/image\/"},"sameAs":["https:\/\/www.facebook.com\/OMRserrature","https:\/\/www.linkedin.com\/company\/omrserrature\/","https:\/\/www.youtube.com\/channel\/UCxmA85z2R0EpG_6IRokiAkg"]}]}},"_links":{"self":[{"href":"https:\/\/www.omrserrature.it\/de\/wp-json\/wp\/v2\/product\/11500","targetHints":{"allow":["GET"]}}],"collection":[{"href":"https:\/\/www.omrserrature.it\/de\/wp-json\/wp\/v2\/product"}],"about":[{"href":"https:\/\/www.omrserrature.it\/de\/wp-json\/wp\/v2\/types\/product"}],"replies":[{"embeddable":true,"href":"https:\/\/www.omrserrature.it\/de\/wp-json\/wp\/v2\/comments?post=11500"}],"wp:featuredmedia":[{"embeddable":true,"href":"https:\/\/www.omrserrature.it\/de\/wp-json\/wp\/v2\/media\/3661"}],"wp:attachment":[{"href":"https:\/\/www.omrserrature.it\/de\/wp-json\/wp\/v2\/media?parent=11500"}],"wp:term":[{"taxonomy":"product_brand","embeddable":true,"href":"https:\/\/www.omrserrature.it\/de\/wp-json\/wp\/v2\/product_brand?post=11500"},{"taxonomy":"product_cat","embeddable":true,"href":"https:\/\/www.omrserrature.it\/de\/wp-json\/wp\/v2\/product_cat?post=11500"},{"taxonomy":"product_tag","embeddable":true,"href":"https:\/\/www.omrserrature.it\/de\/wp-json\/wp\/v2\/product_tag?post=11500"}],"curies":[{"name":"wp","href":"https:\/\/api.w.org\/{rel}","templated":true}]}}