{"id":11495,"date":"2017-10-13T17:16:31","date_gmt":"2013-10-17T15:16:00","guid":{"rendered":"http:\/\/staging6.omrserrature.it\/prodotto\/zweipunkt-mobelschloss-mit-plattchenzylinder-kunststoff\/"},"modified":"2026-04-08T12:49:05","modified_gmt":"2026-04-08T10:49:05","slug":"2-punkt-schloss-plaettchenzylinder-kunststoff","status":"publish","type":"product","link":"https:\/\/www.omrserrature.it\/de\/produkt\/2-punkt-schloss-plaettchenzylinder-kunststoff\/","title":{"rendered":"M\u00f6belt\u00fcren mit 2-Punkt-Kunststoffpl\u00e4ttchen"},"content":{"rendered":"<p>Das <strong>Zweipunkt-Drehstangenschloss<\/strong> bietet eine perfekte Montage an <strong>Holzt\u00fcren und Balkont\u00fcren<\/strong> sowie an<strong> Elektro-<\/strong> und Hinteren <strong>Stiften<\/strong>, T\u00fcren, B\u00fcrom\u00f6beln und <strong>Hochschrankt\u00fcren aus Holz und Metall<\/strong>. Der interne Mechanismus wird von einem legierten Pl\u00e4ttchenzylinder angetrieben. Dieser<strong> abschlie\u00dfbare Drehstangenverschluss<\/strong> verf\u00fcgt \u00fcber zwei Erweiterungspunkte.  <\/p>\n<p>Das <strong>2-Punkt-Drehstangenschloss<\/strong>, das auch als <strong>Schiebeschloss<\/strong>, Riegelschloss oder Doppel-Expansionsschloss bezeichnet wird, besteht aus einem grauen Kunststoffgeh\u00e4use und einem Zylinder mit einem Pl\u00e4ttchenzylinder aus Metalldruckguss. Durch das Einstecken des Schl\u00fcssels und das Drehen des Zylinders werden die beiden Glieder in Bewegung gesetzt, mit denen die <strong>M\u00f6belt\u00fcren<\/strong> verbunden sind, die durch eine Gleitbewegung das \u00d6ffnen oder Schlie\u00dfen der T\u00fcr erm\u00f6glichen.<\/p>\n<p>Das <strong>Schloss mit Doppelspreizung<\/strong> ist in vertikaler und horizontaler Ausf\u00fchrung erh\u00e4ltlich, auch mit schwarzer Kunststoffgrundplatte, und ist mit einer Zierbuchse f\u00fcr ein tadelloses \u00e4sthetisches Ergebnis am M\u00f6belt\u00fcrfl\u00fcgel ausgestattet. Das Set enth\u00e4lt M\u00f6belt\u00fcren <a href=\"https:\/\/www.omrserrature.it\/de\/produkt\/stange-13-x-25\/\" target=\"_blank\" rel=\"noopener\">SAST02815<\/a>.<\/p>\n","protected":false},"excerpt":{"rendered":"<p>Das <strong>Zweipunkt-Drehstangenschloss<\/strong> bietet eine perfekte Montage an <strong>Holzt\u00fcren und Balkont\u00fcren<\/strong> sowie an<strong> Schalt-<\/strong> und <strong>Hinterstiften<\/strong>, T\u00fcren, B\u00fcrom\u00f6beln und <strong>Hochschrankt\u00fcren aus Holz und Metall<\/strong>. Der interne Mechanismus wird von einem legierten Pl\u00e4ttchenzylinder angetrieben. Dieser<strong> abschlie\u00dfbare Drehstangenverschluss<\/strong> verf\u00fcgt \u00fcber zwei Erweiterungspunkte.  <\/p>\n","protected":false},"featured_media":3757,"comment_status":"open","ping_status":"closed","template":"","meta":{"_acf_changed":false,"_et_pb_use_builder":"","_et_pb_old_content":"","_et_gb_content_width":""},"product_brand":[],"product_cat":[3767,3770,3774,3876,3837,3796,3829,3772,3782,3861,3828,3849,3847,3852,3835,3851,3848,3788],"product_tag":[],"class_list":{"0":"post-11495","1":"product","2":"type-product","3":"status-publish","4":"has-post-thumbnail","6":"product_cat-bank-und-postwesen","7":"product_cat-bildungswesen-und-kultur","8":"product_cat-burogebaude","9":"product_cat-flugelturen","10":"product_cat-gdpr-konformes-schrankschloss","11":"product_cat-hauptschlussel-schlosser","12":"product_cat-kabinett-schlosser","13":"product_cat-krankenhauser-und-gesundheitsbereich","14":"product_cat-mehrpunktschlosser","15":"product_cat-mobelturen","16":"product_cat-professionelle-mobelschlosser","17":"product_cat-schlosser-fur-balkonkasten","18":"product_cat-schlosser-fur-gefahrstoffschranke","19":"product_cat-schlosser-fur-industrieschranke","20":"product_cat-schlosser-fur-mobel","21":"product_cat-schlosser-fur-pflanzenschutzschranke","22":"product_cat-schlosser-fur-psa-schranke","23":"product_cat-schlosser-mit-abnehmbarem-zylinder","25":"first","26":"instock","27":"shipping-taxable","28":"purchasable","29":"product-type-variable"},"acf":{"pdf1":"https:\/\/www.omrserrature.it\/wp-content\/uploads\/2017\/10\/Scheda_240404.pdf"},"yoast_head":"<!-- This site is optimized with the Yoast SEO plugin v27.2 - https:\/\/yoast.com\/product\/yoast-seo-wordpress\/ -->\n<title>M\u00f6belt\u00fcren mit 2-Punkt-Kunststoffpl\u00e4ttchen - OMR Serrature<\/title>\n<meta name=\"robots\" content=\"index, follow, max-snippet:-1, max-image-preview:large, max-video-preview:-1\" \/>\n<link rel=\"canonical\" href=\"https:\/\/www.omrserrature.it\/de\/produkt\/2-punkt-schloss-plaettchenzylinder-kunststoff\/\" \/>\n<meta property=\"og:locale\" content=\"de_DE\" \/>\n<meta property=\"og:type\" content=\"article\" \/>\n<meta property=\"og:title\" content=\"M\u00f6belt\u00fcren mit 2-Punkt-Kunststoffpl\u00e4ttchen - OMR Serrature\" \/>\n<meta property=\"og:description\" content=\"Das Zweipunkt-Drehstangenschloss bietet eine perfekte Montage an Holzt\u00fcren und Balkont\u00fcren sowie an Schalt- und Hinterstiften, T\u00fcren, B\u00fcrom\u00f6beln und Hochschrankt\u00fcren aus Holz und Metall. Der interne Mechanismus wird von einem legierten Pl\u00e4ttchenzylinder angetrieben. Dieser abschlie\u00dfbare Drehstangenverschluss verf\u00fcgt \u00fcber zwei Erweiterungspunkte.\" \/>\n<meta property=\"og:url\" content=\"https:\/\/www.omrserrature.it\/de\/produkt\/2-punkt-schloss-plaettchenzylinder-kunststoff\/\" \/>\n<meta property=\"og:site_name\" content=\"OMR Serrature | Produzione sistemi di chiusura\" \/>\n<meta property=\"article:publisher\" content=\"https:\/\/www.facebook.com\/OMRserrature\" \/>\n<meta property=\"article:modified_time\" content=\"2026-04-08T10:49:05+00:00\" \/>\n<meta property=\"og:image\" content=\"https:\/\/www.omrserrature.it\/wp-content\/uploads\/2017\/10\/serratura-cremonese-2-punti-lamelle-plastica.jpg\" \/>\n\t<meta property=\"og:image:width\" content=\"990\" \/>\n\t<meta property=\"og:image:height\" content=\"467\" \/>\n\t<meta property=\"og:image:type\" content=\"image\/jpeg\" \/>\n<meta name=\"twitter:card\" content=\"summary_large_image\" \/>\n<meta name=\"twitter:label1\" content=\"Gesch\u00e4tzte Lesezeit\" \/>\n\t<meta name=\"twitter:data1\" content=\"1\u00a0Minute\" \/>\n<script type=\"application\/ld+json\" class=\"yoast-schema-graph\">{\"@context\":\"https:\/\/schema.org\",\"@graph\":[{\"@type\":\"WebPage\",\"@id\":\"https:\/\/www.omrserrature.it\/de\/produkt\/2-punkt-schloss-plaettchenzylinder-kunststoff\/\",\"url\":\"https:\/\/www.omrserrature.it\/de\/produkt\/2-punkt-schloss-plaettchenzylinder-kunststoff\/\",\"name\":\"M\u00f6belt\u00fcren mit 2-Punkt-Kunststoffpl\u00e4ttchen - OMR Serrature\",\"isPartOf\":{\"@id\":\"https:\/\/www.omrserrature.it\/de\/#website\"},\"primaryImageOfPage\":{\"@id\":\"https:\/\/www.omrserrature.it\/de\/produkt\/2-punkt-schloss-plaettchenzylinder-kunststoff\/#primaryimage\"},\"image\":{\"@id\":\"https:\/\/www.omrserrature.it\/de\/produkt\/2-punkt-schloss-plaettchenzylinder-kunststoff\/#primaryimage\"},\"thumbnailUrl\":\"https:\/\/www.omrserrature.it\/wp-content\/uploads\/2017\/10\/serratura-cremonese-2-punti-lamelle-plastica.jpg\",\"datePublished\":\"2013-10-17T15:16:00+00:00\",\"dateModified\":\"2026-04-08T10:49:05+00:00\",\"breadcrumb\":{\"@id\":\"https:\/\/www.omrserrature.it\/de\/produkt\/2-punkt-schloss-plaettchenzylinder-kunststoff\/#breadcrumb\"},\"inLanguage\":\"de\",\"potentialAction\":[{\"@type\":\"ReadAction\",\"target\":[\"https:\/\/www.omrserrature.it\/de\/produkt\/2-punkt-schloss-plaettchenzylinder-kunststoff\/\"]}]},{\"@type\":\"ImageObject\",\"inLanguage\":\"de\",\"@id\":\"https:\/\/www.omrserrature.it\/de\/produkt\/2-punkt-schloss-plaettchenzylinder-kunststoff\/#primaryimage\",\"url\":\"https:\/\/www.omrserrature.it\/wp-content\/uploads\/2017\/10\/serratura-cremonese-2-punti-lamelle-plastica.jpg\",\"contentUrl\":\"https:\/\/www.omrserrature.it\/wp-content\/uploads\/2017\/10\/serratura-cremonese-2-punti-lamelle-plastica.jpg\",\"width\":990,\"height\":467,\"caption\":\"Cremone Schloss 2-Punkt Hebelschl\u00f6sser mit Pl\u00e4ttchenzylinder - Doppelspreizschloss\"},{\"@type\":\"BreadcrumbList\",\"@id\":\"https:\/\/www.omrserrature.it\/de\/produkt\/2-punkt-schloss-plaettchenzylinder-kunststoff\/#breadcrumb\",\"itemListElement\":[{\"@type\":\"ListItem\",\"position\":1,\"name\":\"Home\",\"item\":\"https:\/\/www.omrserrature.it\/de\/omr-serrature-sistemi-chiusura\/\"},{\"@type\":\"ListItem\",\"position\":2,\"name\":\"Katalog\",\"item\":\"https:\/\/www.omrserrature.it\/katalog\/?lang=de\"},{\"@type\":\"ListItem\",\"position\":3,\"name\":\"Anwendungen\",\"item\":\"https:\/\/www.omrserrature.it\/de\/katalog\/anwendungen\/\"},{\"@type\":\"ListItem\",\"position\":4,\"name\":\"Schl\u00f6sser f\u00fcr M\u00f6bel\",\"item\":\"https:\/\/www.omrserrature.it\/de\/katalog\/anwendungen\/schlosser-fur-mobel\/\"},{\"@type\":\"ListItem\",\"position\":5,\"name\":\"M\u00f6belt\u00fcren\",\"item\":\"https:\/\/www.omrserrature.it\/de\/katalog\/anwendungen\/schlosser-fur-mobel\/mobelturen\/\"},{\"@type\":\"ListItem\",\"position\":6,\"name\":\"Fl\u00fcgelt\u00fcren\",\"item\":\"https:\/\/www.omrserrature.it\/de\/katalog\/anwendungen\/schlosser-fur-mobel\/mobelturen\/flugelturen\/\"},{\"@type\":\"ListItem\",\"position\":7,\"name\":\"M\u00f6belt\u00fcren mit 2-Punkt-Kunststoffpl\u00e4ttchen\"}]},{\"@type\":\"WebSite\",\"@id\":\"https:\/\/www.omrserrature.it\/de\/#website\",\"url\":\"https:\/\/www.omrserrature.it\/de\/\",\"name\":\"OMR Serrature | Produzione sistemi di chiusura\",\"description\":\"Produzione serrature di sicurezza e sistemi di chiusura\",\"publisher\":{\"@id\":\"https:\/\/www.omrserrature.it\/de\/#organization\"},\"potentialAction\":[{\"@type\":\"SearchAction\",\"target\":{\"@type\":\"EntryPoint\",\"urlTemplate\":\"https:\/\/www.omrserrature.it\/de\/?s={search_term_string}\"},\"query-input\":{\"@type\":\"PropertyValueSpecification\",\"valueRequired\":true,\"valueName\":\"search_term_string\"}}],\"inLanguage\":\"de\"},{\"@type\":\"Organization\",\"@id\":\"https:\/\/www.omrserrature.it\/de\/#organization\",\"name\":\"OMR Serrature | Produzione sistemi di chiusura\",\"url\":\"https:\/\/www.omrserrature.it\/de\/\",\"logo\":{\"@type\":\"ImageObject\",\"inLanguage\":\"de\",\"@id\":\"https:\/\/www.omrserrature.it\/de\/#\/schema\/logo\/image\/\",\"url\":\"https:\/\/www.omrserrature.it\/wp-content\/uploads\/2017\/09\/favicon-omr-114.png\",\"contentUrl\":\"https:\/\/www.omrserrature.it\/wp-content\/uploads\/2017\/09\/favicon-omr-114.png\",\"width\":114,\"height\":114,\"caption\":\"OMR Serrature | Produzione sistemi di chiusura\"},\"image\":{\"@id\":\"https:\/\/www.omrserrature.it\/de\/#\/schema\/logo\/image\/\"},\"sameAs\":[\"https:\/\/www.facebook.com\/OMRserrature\",\"https:\/\/www.linkedin.com\/company\/omrserrature\/\",\"https:\/\/www.youtube.com\/channel\/UCxmA85z2R0EpG_6IRokiAkg\"]}]}<\/script>\n<!-- \/ Yoast SEO plugin. -->","yoast_head_json":{"title":"M\u00f6belt\u00fcren mit 2-Punkt-Kunststoffpl\u00e4ttchen - OMR Serrature","robots":{"index":"index","follow":"follow","max-snippet":"max-snippet:-1","max-image-preview":"max-image-preview:large","max-video-preview":"max-video-preview:-1"},"canonical":"https:\/\/www.omrserrature.it\/de\/produkt\/2-punkt-schloss-plaettchenzylinder-kunststoff\/","og_locale":"de_DE","og_type":"article","og_title":"M\u00f6belt\u00fcren mit 2-Punkt-Kunststoffpl\u00e4ttchen - OMR Serrature","og_description":"Das Zweipunkt-Drehstangenschloss bietet eine perfekte Montage an Holzt\u00fcren und Balkont\u00fcren sowie an Schalt- und Hinterstiften, T\u00fcren, B\u00fcrom\u00f6beln und Hochschrankt\u00fcren aus Holz und Metall. Der interne Mechanismus wird von einem legierten Pl\u00e4ttchenzylinder angetrieben. Dieser abschlie\u00dfbare Drehstangenverschluss verf\u00fcgt \u00fcber zwei Erweiterungspunkte.","og_url":"https:\/\/www.omrserrature.it\/de\/produkt\/2-punkt-schloss-plaettchenzylinder-kunststoff\/","og_site_name":"OMR Serrature | Produzione sistemi di chiusura","article_publisher":"https:\/\/www.facebook.com\/OMRserrature","article_modified_time":"2026-04-08T10:49:05+00:00","og_image":[{"width":990,"height":467,"url":"https:\/\/www.omrserrature.it\/wp-content\/uploads\/2017\/10\/serratura-cremonese-2-punti-lamelle-plastica.jpg","type":"image\/jpeg"}],"twitter_card":"summary_large_image","twitter_misc":{"Gesch\u00e4tzte Lesezeit":"1\u00a0Minute"},"schema":{"@context":"https:\/\/schema.org","@graph":[{"@type":"WebPage","@id":"https:\/\/www.omrserrature.it\/de\/produkt\/2-punkt-schloss-plaettchenzylinder-kunststoff\/","url":"https:\/\/www.omrserrature.it\/de\/produkt\/2-punkt-schloss-plaettchenzylinder-kunststoff\/","name":"M\u00f6belt\u00fcren mit 2-Punkt-Kunststoffpl\u00e4ttchen - OMR Serrature","isPartOf":{"@id":"https:\/\/www.omrserrature.it\/de\/#website"},"primaryImageOfPage":{"@id":"https:\/\/www.omrserrature.it\/de\/produkt\/2-punkt-schloss-plaettchenzylinder-kunststoff\/#primaryimage"},"image":{"@id":"https:\/\/www.omrserrature.it\/de\/produkt\/2-punkt-schloss-plaettchenzylinder-kunststoff\/#primaryimage"},"thumbnailUrl":"https:\/\/www.omrserrature.it\/wp-content\/uploads\/2017\/10\/serratura-cremonese-2-punti-lamelle-plastica.jpg","datePublished":"2013-10-17T15:16:00+00:00","dateModified":"2026-04-08T10:49:05+00:00","breadcrumb":{"@id":"https:\/\/www.omrserrature.it\/de\/produkt\/2-punkt-schloss-plaettchenzylinder-kunststoff\/#breadcrumb"},"inLanguage":"de","potentialAction":[{"@type":"ReadAction","target":["https:\/\/www.omrserrature.it\/de\/produkt\/2-punkt-schloss-plaettchenzylinder-kunststoff\/"]}]},{"@type":"ImageObject","inLanguage":"de","@id":"https:\/\/www.omrserrature.it\/de\/produkt\/2-punkt-schloss-plaettchenzylinder-kunststoff\/#primaryimage","url":"https:\/\/www.omrserrature.it\/wp-content\/uploads\/2017\/10\/serratura-cremonese-2-punti-lamelle-plastica.jpg","contentUrl":"https:\/\/www.omrserrature.it\/wp-content\/uploads\/2017\/10\/serratura-cremonese-2-punti-lamelle-plastica.jpg","width":990,"height":467,"caption":"Cremone Schloss 2-Punkt Hebelschl\u00f6sser mit Pl\u00e4ttchenzylinder - Doppelspreizschloss"},{"@type":"BreadcrumbList","@id":"https:\/\/www.omrserrature.it\/de\/produkt\/2-punkt-schloss-plaettchenzylinder-kunststoff\/#breadcrumb","itemListElement":[{"@type":"ListItem","position":1,"name":"Home","item":"https:\/\/www.omrserrature.it\/de\/omr-serrature-sistemi-chiusura\/"},{"@type":"ListItem","position":2,"name":"Katalog","item":"https:\/\/www.omrserrature.it\/katalog\/?lang=de"},{"@type":"ListItem","position":3,"name":"Anwendungen","item":"https:\/\/www.omrserrature.it\/de\/katalog\/anwendungen\/"},{"@type":"ListItem","position":4,"name":"Schl\u00f6sser f\u00fcr M\u00f6bel","item":"https:\/\/www.omrserrature.it\/de\/katalog\/anwendungen\/schlosser-fur-mobel\/"},{"@type":"ListItem","position":5,"name":"M\u00f6belt\u00fcren","item":"https:\/\/www.omrserrature.it\/de\/katalog\/anwendungen\/schlosser-fur-mobel\/mobelturen\/"},{"@type":"ListItem","position":6,"name":"Fl\u00fcgelt\u00fcren","item":"https:\/\/www.omrserrature.it\/de\/katalog\/anwendungen\/schlosser-fur-mobel\/mobelturen\/flugelturen\/"},{"@type":"ListItem","position":7,"name":"M\u00f6belt\u00fcren mit 2-Punkt-Kunststoffpl\u00e4ttchen"}]},{"@type":"WebSite","@id":"https:\/\/www.omrserrature.it\/de\/#website","url":"https:\/\/www.omrserrature.it\/de\/","name":"OMR Serrature | Produzione sistemi di chiusura","description":"Produzione serrature di sicurezza e sistemi di chiusura","publisher":{"@id":"https:\/\/www.omrserrature.it\/de\/#organization"},"potentialAction":[{"@type":"SearchAction","target":{"@type":"EntryPoint","urlTemplate":"https:\/\/www.omrserrature.it\/de\/?s={search_term_string}"},"query-input":{"@type":"PropertyValueSpecification","valueRequired":true,"valueName":"search_term_string"}}],"inLanguage":"de"},{"@type":"Organization","@id":"https:\/\/www.omrserrature.it\/de\/#organization","name":"OMR Serrature | Produzione sistemi di chiusura","url":"https:\/\/www.omrserrature.it\/de\/","logo":{"@type":"ImageObject","inLanguage":"de","@id":"https:\/\/www.omrserrature.it\/de\/#\/schema\/logo\/image\/","url":"https:\/\/www.omrserrature.it\/wp-content\/uploads\/2017\/09\/favicon-omr-114.png","contentUrl":"https:\/\/www.omrserrature.it\/wp-content\/uploads\/2017\/09\/favicon-omr-114.png","width":114,"height":114,"caption":"OMR Serrature | Produzione sistemi di chiusura"},"image":{"@id":"https:\/\/www.omrserrature.it\/de\/#\/schema\/logo\/image\/"},"sameAs":["https:\/\/www.facebook.com\/OMRserrature","https:\/\/www.linkedin.com\/company\/omrserrature\/","https:\/\/www.youtube.com\/channel\/UCxmA85z2R0EpG_6IRokiAkg"]}]}},"_links":{"self":[{"href":"https:\/\/www.omrserrature.it\/de\/wp-json\/wp\/v2\/product\/11495","targetHints":{"allow":["GET"]}}],"collection":[{"href":"https:\/\/www.omrserrature.it\/de\/wp-json\/wp\/v2\/product"}],"about":[{"href":"https:\/\/www.omrserrature.it\/de\/wp-json\/wp\/v2\/types\/product"}],"replies":[{"embeddable":true,"href":"https:\/\/www.omrserrature.it\/de\/wp-json\/wp\/v2\/comments?post=11495"}],"wp:featuredmedia":[{"embeddable":true,"href":"https:\/\/www.omrserrature.it\/de\/wp-json\/wp\/v2\/media\/3757"}],"wp:attachment":[{"href":"https:\/\/www.omrserrature.it\/de\/wp-json\/wp\/v2\/media?parent=11495"}],"wp:term":[{"taxonomy":"product_brand","embeddable":true,"href":"https:\/\/www.omrserrature.it\/de\/wp-json\/wp\/v2\/product_brand?post=11495"},{"taxonomy":"product_cat","embeddable":true,"href":"https:\/\/www.omrserrature.it\/de\/wp-json\/wp\/v2\/product_cat?post=11495"},{"taxonomy":"product_tag","embeddable":true,"href":"https:\/\/www.omrserrature.it\/de\/wp-json\/wp\/v2\/product_tag?post=11495"}],"curies":[{"name":"wp","href":"https:\/\/api.w.org\/{rel}","templated":true}]}}