{"id":11485,"date":"2017-10-12T17:06:44","date_gmt":"2012-10-17T15:06:00","guid":{"rendered":"http:\/\/staging6.omrserrature.it\/prodotto\/vierkantiger-standardgriff-schwarz\/"},"modified":"2026-04-08T12:48:52","modified_gmt":"2026-04-08T10:48:52","slug":"vierkantiger-standardgriff-schwarz","status":"publish","type":"product","link":"https:\/\/www.omrserrature.it\/de\/produkt\/vierkantiger-standardgriff-schwarz\/","title":{"rendered":"Schwarzer Griff mit quadratischer Basis"},"content":{"rendered":"<p><strong>Der versenkbare Griff<\/strong> besteht aus einem ergonomischen Griff aus Zinklegierung und einem quadratischen Geh\u00e4use aus schwarzem Kunststoff. Dank des Schl\u00fcssels ist es m\u00f6glich, das Schloss zu entriegeln und den Griff zu drehen, indem Sie einen einfachen internen Hebel oder einen <strong>Mehrpunkt-Hebel <\/strong>f\u00fcr <strong>zentralisierte <\/strong>1-, 2- oder 3-Punkt-Abschl\u00fcsse (f\u00fcr hohe T\u00fcrschr\u00e4nke mit rotierenden oder schwingenden Stangenschl\u00f6ssern) bet\u00e4tigen.<\/p>\n<p>Der Zylinder verf\u00fcgt \u00fcber eine Pl\u00e4ttchenzylinder-Technologie, die ein effizientes und effektives Sicherheitsniveau f\u00fcr die Art der Anwendung bietet. Dank des <strong>&#8218;Plug &amp; Play&#8216;-Befestigungssystems<\/strong> ist die Verriegelungsinstallation sehr schnell und garantiert eine erhebliche Zeitersparnis bei der M\u00f6belproduktion. <\/p>\n<p>Der versenkbare Griff ist eine <strong>widerstandsf\u00e4hige L\u00f6sung<\/strong>, die Dauerhaftigkeit sicherstellt, da die Verschlussbestandteile vom Griff und nicht von Schl\u00fcssel bet\u00e4tigt werden. Es ist mit <strong>Fl\u00fcgelt\u00fcren<\/strong> kompatibel und besonders f\u00fcr Balkonm\u00f6bel, Stauraumsysteme f\u00fcr Terrassen, Garten, Abstellr\u00e4ume, Waschk\u00fcchen oder Wirtschaftsr\u00e4ume geeignet. Der versenkbare Griff ist f\u00fcr Metallm\u00f6bel geeignet, seien sie Werkstattm\u00f6bel oder B\u00fcrom\u00f6bel.<\/p>\n","protected":false},"excerpt":{"rendered":"<p>Das <strong>Schloss mit schwarzem Griff und quadratischem Sockel<\/strong> besteht aus einem ergonomischen Knopf aus lackierter Aluminiumlegierung, der auf einem quadratischen schwarzen Kunststoffsockel steht. Dank des Vorhandenseins des Schlosses ist es m\u00f6glich, nach dem Einstecken des Schl\u00fcssels den Griff durch Bet\u00e4tigung des Hebels oder der Mehrpunkt-Hebel f\u00fcr einen <strong>mehrfachen und zentralisierten <\/strong>1, 2 oder 3-Punkt-Abschluss zu drehen. <\/p>\n<p>Ideal f\u00fcr B\u00fcro- und Werkstattm\u00f6bel aus Metall, aber auch f\u00fcr Balkon- und Outdoor-Schr\u00e4nke.<\/p>\n","protected":false},"featured_media":3493,"comment_status":"open","ping_status":"closed","template":"","meta":{"_acf_changed":false,"_et_pb_use_builder":"","_et_pb_old_content":"","_et_gb_content_width":""},"product_brand":[],"product_cat":[3765,3773,3770,3774,3876,3779,3796,3829,3772,3861,3828,3864,3842,3847,3852,3835,3848,3850,3797,3860],"product_tag":[],"class_list":{"0":"post-11485","1":"product","2":"type-product","3":"status-publish","4":"has-post-thumbnail","6":"product_cat-abschlusssysteme-fur-die-industrie","7":"product_cat-architektur-stadtplanung-und-design","8":"product_cat-bildungswesen-und-kultur","9":"product_cat-burogebaude","10":"product_cat-flugelturen","11":"product_cat-griffe-und-knopfe","12":"product_cat-hauptschlussel-schlosser","13":"product_cat-kabinett-schlosser","14":"product_cat-krankenhauser-und-gesundheitsbereich","15":"product_cat-mobelturen","16":"product_cat-professionelle-mobelschlosser","17":"product_cat-schliesfacher-fur-schliesfacher","18":"product_cat-schlosser-fur-die-elektromechanische-industrie","19":"product_cat-schlosser-fur-gefahrstoffschranke","20":"product_cat-schlosser-fur-industrieschranke","21":"product_cat-schlosser-fur-mobel","22":"product_cat-schlosser-fur-psa-schranke","23":"product_cat-schlosser-fur-skischranke","24":"product_cat-schlosser-mit-drehbarem-griff","25":"product_cat-turschlosser","27":"first","28":"instock","29":"shipping-taxable","30":"purchasable","31":"product-type-variable","32":"has-default-attributes"},"acf":{"pdf1":"https:\/\/www.omrserrature.it\/wp-content\/uploads\/2017\/10\/Scheda_165623.pdf"},"yoast_head":"<!-- This site is optimized with the Yoast SEO plugin v27.2 - https:\/\/yoast.com\/product\/yoast-seo-wordpress\/ -->\n<title>Schwarzer Griff mit quadratischer Basis - OMR Serrature<\/title>\n<meta name=\"robots\" content=\"index, follow, max-snippet:-1, max-image-preview:large, max-video-preview:-1\" \/>\n<link rel=\"canonical\" href=\"https:\/\/www.omrserrature.it\/de\/produkt\/vierkantiger-standardgriff-schwarz\/\" \/>\n<meta property=\"og:locale\" content=\"de_DE\" \/>\n<meta property=\"og:type\" content=\"article\" \/>\n<meta property=\"og:title\" content=\"Schwarzer Griff mit quadratischer Basis - OMR Serrature\" \/>\n<meta property=\"og:description\" content=\"Das Schloss mit schwarzem Griff und quadratischem Sockel besteht aus einem ergonomischen Knopf aus lackierter Aluminiumlegierung, der auf einem quadratischen schwarzen Kunststoffsockel steht. Dank des Vorhandenseins des Schlosses ist es m\u00f6glich, nach dem Einstecken des Schl\u00fcssels den Griff durch Bet\u00e4tigung des Hebels oder der Mehrpunkt-Hebel f\u00fcr einen mehrfachen und zentralisierten 1, 2 oder 3-Punkt-Abschluss zu drehen.  Ideal f\u00fcr B\u00fcro- und Werkstattm\u00f6bel aus Metall, aber auch f\u00fcr Balkon- und Outdoor-Schr\u00e4nke.\" \/>\n<meta property=\"og:url\" content=\"https:\/\/www.omrserrature.it\/de\/produkt\/vierkantiger-standardgriff-schwarz\/\" \/>\n<meta property=\"og:site_name\" content=\"OMR Serrature | Produzione sistemi di chiusura\" \/>\n<meta property=\"article:publisher\" content=\"https:\/\/www.facebook.com\/OMRserrature\" \/>\n<meta property=\"article:modified_time\" content=\"2026-04-08T10:48:52+00:00\" \/>\n<meta property=\"og:image\" content=\"https:\/\/www.omrserrature.it\/wp-content\/uploads\/2017\/10\/maniglia-base-quadra-nera.jpg\" \/>\n\t<meta property=\"og:image:width\" content=\"431\" \/>\n\t<meta property=\"og:image:height\" content=\"523\" \/>\n\t<meta property=\"og:image:type\" content=\"image\/jpeg\" \/>\n<meta name=\"twitter:card\" content=\"summary_large_image\" \/>\n<meta name=\"twitter:label1\" content=\"Gesch\u00e4tzte Lesezeit\" \/>\n\t<meta name=\"twitter:data1\" content=\"1\u00a0Minute\" \/>\n<script type=\"application\/ld+json\" class=\"yoast-schema-graph\">{\"@context\":\"https:\/\/schema.org\",\"@graph\":[{\"@type\":\"WebPage\",\"@id\":\"https:\/\/www.omrserrature.it\/de\/produkt\/vierkantiger-standardgriff-schwarz\/\",\"url\":\"https:\/\/www.omrserrature.it\/de\/produkt\/vierkantiger-standardgriff-schwarz\/\",\"name\":\"Schwarzer Griff mit quadratischer Basis - OMR Serrature\",\"isPartOf\":{\"@id\":\"https:\/\/www.omrserrature.it\/de\/#website\"},\"primaryImageOfPage\":{\"@id\":\"https:\/\/www.omrserrature.it\/de\/produkt\/vierkantiger-standardgriff-schwarz\/#primaryimage\"},\"image\":{\"@id\":\"https:\/\/www.omrserrature.it\/de\/produkt\/vierkantiger-standardgriff-schwarz\/#primaryimage\"},\"thumbnailUrl\":\"https:\/\/www.omrserrature.it\/wp-content\/uploads\/2017\/10\/maniglia-base-quadra-nera.jpg\",\"datePublished\":\"2012-10-17T15:06:00+00:00\",\"dateModified\":\"2026-04-08T10:48:52+00:00\",\"breadcrumb\":{\"@id\":\"https:\/\/www.omrserrature.it\/de\/produkt\/vierkantiger-standardgriff-schwarz\/#breadcrumb\"},\"inLanguage\":\"de\",\"potentialAction\":[{\"@type\":\"ReadAction\",\"target\":[\"https:\/\/www.omrserrature.it\/de\/produkt\/vierkantiger-standardgriff-schwarz\/\"]}]},{\"@type\":\"ImageObject\",\"inLanguage\":\"de\",\"@id\":\"https:\/\/www.omrserrature.it\/de\/produkt\/vierkantiger-standardgriff-schwarz\/#primaryimage\",\"url\":\"https:\/\/www.omrserrature.it\/wp-content\/uploads\/2017\/10\/maniglia-base-quadra-nera.jpg\",\"contentUrl\":\"https:\/\/www.omrserrature.it\/wp-content\/uploads\/2017\/10\/maniglia-base-quadra-nera.jpg\",\"width\":431,\"height\":523,\"caption\":\"Schwarzer Griff mit quadratischer Basis\"},{\"@type\":\"BreadcrumbList\",\"@id\":\"https:\/\/www.omrserrature.it\/de\/produkt\/vierkantiger-standardgriff-schwarz\/#breadcrumb\",\"itemListElement\":[{\"@type\":\"ListItem\",\"position\":1,\"name\":\"Home\",\"item\":\"https:\/\/www.omrserrature.it\/de\/omr-serrature-sistemi-chiusura\/\"},{\"@type\":\"ListItem\",\"position\":2,\"name\":\"Katalog\",\"item\":\"https:\/\/www.omrserrature.it\/katalog\/?lang=de\"},{\"@type\":\"ListItem\",\"position\":3,\"name\":\"Anwendungen\",\"item\":\"https:\/\/www.omrserrature.it\/de\/katalog\/anwendungen\/\"},{\"@type\":\"ListItem\",\"position\":4,\"name\":\"Schl\u00f6sser f\u00fcr M\u00f6bel\",\"item\":\"https:\/\/www.omrserrature.it\/de\/katalog\/anwendungen\/schlosser-fur-mobel\/\"},{\"@type\":\"ListItem\",\"position\":5,\"name\":\"M\u00f6belt\u00fcren\",\"item\":\"https:\/\/www.omrserrature.it\/de\/katalog\/anwendungen\/schlosser-fur-mobel\/mobelturen\/\"},{\"@type\":\"ListItem\",\"position\":6,\"name\":\"Fl\u00fcgelt\u00fcren\",\"item\":\"https:\/\/www.omrserrature.it\/de\/katalog\/anwendungen\/schlosser-fur-mobel\/mobelturen\/flugelturen\/\"},{\"@type\":\"ListItem\",\"position\":7,\"name\":\"Schwarzer Griff mit quadratischer Basis\"}]},{\"@type\":\"WebSite\",\"@id\":\"https:\/\/www.omrserrature.it\/de\/#website\",\"url\":\"https:\/\/www.omrserrature.it\/de\/\",\"name\":\"OMR Serrature | Produzione sistemi di chiusura\",\"description\":\"Produzione serrature di sicurezza e sistemi di chiusura\",\"publisher\":{\"@id\":\"https:\/\/www.omrserrature.it\/de\/#organization\"},\"potentialAction\":[{\"@type\":\"SearchAction\",\"target\":{\"@type\":\"EntryPoint\",\"urlTemplate\":\"https:\/\/www.omrserrature.it\/de\/?s={search_term_string}\"},\"query-input\":{\"@type\":\"PropertyValueSpecification\",\"valueRequired\":true,\"valueName\":\"search_term_string\"}}],\"inLanguage\":\"de\"},{\"@type\":\"Organization\",\"@id\":\"https:\/\/www.omrserrature.it\/de\/#organization\",\"name\":\"OMR Serrature | Produzione sistemi di chiusura\",\"url\":\"https:\/\/www.omrserrature.it\/de\/\",\"logo\":{\"@type\":\"ImageObject\",\"inLanguage\":\"de\",\"@id\":\"https:\/\/www.omrserrature.it\/de\/#\/schema\/logo\/image\/\",\"url\":\"https:\/\/www.omrserrature.it\/wp-content\/uploads\/2017\/09\/favicon-omr-114.png\",\"contentUrl\":\"https:\/\/www.omrserrature.it\/wp-content\/uploads\/2017\/09\/favicon-omr-114.png\",\"width\":114,\"height\":114,\"caption\":\"OMR Serrature | Produzione sistemi di chiusura\"},\"image\":{\"@id\":\"https:\/\/www.omrserrature.it\/de\/#\/schema\/logo\/image\/\"},\"sameAs\":[\"https:\/\/www.facebook.com\/OMRserrature\",\"https:\/\/www.linkedin.com\/company\/omrserrature\/\",\"https:\/\/www.youtube.com\/channel\/UCxmA85z2R0EpG_6IRokiAkg\"]}]}<\/script>\n<!-- \/ Yoast SEO plugin. -->","yoast_head_json":{"title":"Schwarzer Griff mit quadratischer Basis - OMR Serrature","robots":{"index":"index","follow":"follow","max-snippet":"max-snippet:-1","max-image-preview":"max-image-preview:large","max-video-preview":"max-video-preview:-1"},"canonical":"https:\/\/www.omrserrature.it\/de\/produkt\/vierkantiger-standardgriff-schwarz\/","og_locale":"de_DE","og_type":"article","og_title":"Schwarzer Griff mit quadratischer Basis - OMR Serrature","og_description":"Das Schloss mit schwarzem Griff und quadratischem Sockel besteht aus einem ergonomischen Knopf aus lackierter Aluminiumlegierung, der auf einem quadratischen schwarzen Kunststoffsockel steht. Dank des Vorhandenseins des Schlosses ist es m\u00f6glich, nach dem Einstecken des Schl\u00fcssels den Griff durch Bet\u00e4tigung des Hebels oder der Mehrpunkt-Hebel f\u00fcr einen mehrfachen und zentralisierten 1, 2 oder 3-Punkt-Abschluss zu drehen.  Ideal f\u00fcr B\u00fcro- und Werkstattm\u00f6bel aus Metall, aber auch f\u00fcr Balkon- und Outdoor-Schr\u00e4nke.","og_url":"https:\/\/www.omrserrature.it\/de\/produkt\/vierkantiger-standardgriff-schwarz\/","og_site_name":"OMR Serrature | Produzione sistemi di chiusura","article_publisher":"https:\/\/www.facebook.com\/OMRserrature","article_modified_time":"2026-04-08T10:48:52+00:00","og_image":[{"width":431,"height":523,"url":"https:\/\/www.omrserrature.it\/wp-content\/uploads\/2017\/10\/maniglia-base-quadra-nera.jpg","type":"image\/jpeg"}],"twitter_card":"summary_large_image","twitter_misc":{"Gesch\u00e4tzte Lesezeit":"1\u00a0Minute"},"schema":{"@context":"https:\/\/schema.org","@graph":[{"@type":"WebPage","@id":"https:\/\/www.omrserrature.it\/de\/produkt\/vierkantiger-standardgriff-schwarz\/","url":"https:\/\/www.omrserrature.it\/de\/produkt\/vierkantiger-standardgriff-schwarz\/","name":"Schwarzer Griff mit quadratischer Basis - OMR Serrature","isPartOf":{"@id":"https:\/\/www.omrserrature.it\/de\/#website"},"primaryImageOfPage":{"@id":"https:\/\/www.omrserrature.it\/de\/produkt\/vierkantiger-standardgriff-schwarz\/#primaryimage"},"image":{"@id":"https:\/\/www.omrserrature.it\/de\/produkt\/vierkantiger-standardgriff-schwarz\/#primaryimage"},"thumbnailUrl":"https:\/\/www.omrserrature.it\/wp-content\/uploads\/2017\/10\/maniglia-base-quadra-nera.jpg","datePublished":"2012-10-17T15:06:00+00:00","dateModified":"2026-04-08T10:48:52+00:00","breadcrumb":{"@id":"https:\/\/www.omrserrature.it\/de\/produkt\/vierkantiger-standardgriff-schwarz\/#breadcrumb"},"inLanguage":"de","potentialAction":[{"@type":"ReadAction","target":["https:\/\/www.omrserrature.it\/de\/produkt\/vierkantiger-standardgriff-schwarz\/"]}]},{"@type":"ImageObject","inLanguage":"de","@id":"https:\/\/www.omrserrature.it\/de\/produkt\/vierkantiger-standardgriff-schwarz\/#primaryimage","url":"https:\/\/www.omrserrature.it\/wp-content\/uploads\/2017\/10\/maniglia-base-quadra-nera.jpg","contentUrl":"https:\/\/www.omrserrature.it\/wp-content\/uploads\/2017\/10\/maniglia-base-quadra-nera.jpg","width":431,"height":523,"caption":"Schwarzer Griff mit quadratischer Basis"},{"@type":"BreadcrumbList","@id":"https:\/\/www.omrserrature.it\/de\/produkt\/vierkantiger-standardgriff-schwarz\/#breadcrumb","itemListElement":[{"@type":"ListItem","position":1,"name":"Home","item":"https:\/\/www.omrserrature.it\/de\/omr-serrature-sistemi-chiusura\/"},{"@type":"ListItem","position":2,"name":"Katalog","item":"https:\/\/www.omrserrature.it\/katalog\/?lang=de"},{"@type":"ListItem","position":3,"name":"Anwendungen","item":"https:\/\/www.omrserrature.it\/de\/katalog\/anwendungen\/"},{"@type":"ListItem","position":4,"name":"Schl\u00f6sser f\u00fcr M\u00f6bel","item":"https:\/\/www.omrserrature.it\/de\/katalog\/anwendungen\/schlosser-fur-mobel\/"},{"@type":"ListItem","position":5,"name":"M\u00f6belt\u00fcren","item":"https:\/\/www.omrserrature.it\/de\/katalog\/anwendungen\/schlosser-fur-mobel\/mobelturen\/"},{"@type":"ListItem","position":6,"name":"Fl\u00fcgelt\u00fcren","item":"https:\/\/www.omrserrature.it\/de\/katalog\/anwendungen\/schlosser-fur-mobel\/mobelturen\/flugelturen\/"},{"@type":"ListItem","position":7,"name":"Schwarzer Griff mit quadratischer Basis"}]},{"@type":"WebSite","@id":"https:\/\/www.omrserrature.it\/de\/#website","url":"https:\/\/www.omrserrature.it\/de\/","name":"OMR Serrature | Produzione sistemi di chiusura","description":"Produzione serrature di sicurezza e sistemi di chiusura","publisher":{"@id":"https:\/\/www.omrserrature.it\/de\/#organization"},"potentialAction":[{"@type":"SearchAction","target":{"@type":"EntryPoint","urlTemplate":"https:\/\/www.omrserrature.it\/de\/?s={search_term_string}"},"query-input":{"@type":"PropertyValueSpecification","valueRequired":true,"valueName":"search_term_string"}}],"inLanguage":"de"},{"@type":"Organization","@id":"https:\/\/www.omrserrature.it\/de\/#organization","name":"OMR Serrature | Produzione sistemi di chiusura","url":"https:\/\/www.omrserrature.it\/de\/","logo":{"@type":"ImageObject","inLanguage":"de","@id":"https:\/\/www.omrserrature.it\/de\/#\/schema\/logo\/image\/","url":"https:\/\/www.omrserrature.it\/wp-content\/uploads\/2017\/09\/favicon-omr-114.png","contentUrl":"https:\/\/www.omrserrature.it\/wp-content\/uploads\/2017\/09\/favicon-omr-114.png","width":114,"height":114,"caption":"OMR Serrature | Produzione sistemi di chiusura"},"image":{"@id":"https:\/\/www.omrserrature.it\/de\/#\/schema\/logo\/image\/"},"sameAs":["https:\/\/www.facebook.com\/OMRserrature","https:\/\/www.linkedin.com\/company\/omrserrature\/","https:\/\/www.youtube.com\/channel\/UCxmA85z2R0EpG_6IRokiAkg"]}]}},"_links":{"self":[{"href":"https:\/\/www.omrserrature.it\/de\/wp-json\/wp\/v2\/product\/11485","targetHints":{"allow":["GET"]}}],"collection":[{"href":"https:\/\/www.omrserrature.it\/de\/wp-json\/wp\/v2\/product"}],"about":[{"href":"https:\/\/www.omrserrature.it\/de\/wp-json\/wp\/v2\/types\/product"}],"replies":[{"embeddable":true,"href":"https:\/\/www.omrserrature.it\/de\/wp-json\/wp\/v2\/comments?post=11485"}],"wp:featuredmedia":[{"embeddable":true,"href":"https:\/\/www.omrserrature.it\/de\/wp-json\/wp\/v2\/media\/3493"}],"wp:attachment":[{"href":"https:\/\/www.omrserrature.it\/de\/wp-json\/wp\/v2\/media?parent=11485"}],"wp:term":[{"taxonomy":"product_brand","embeddable":true,"href":"https:\/\/www.omrserrature.it\/de\/wp-json\/wp\/v2\/product_brand?post=11485"},{"taxonomy":"product_cat","embeddable":true,"href":"https:\/\/www.omrserrature.it\/de\/wp-json\/wp\/v2\/product_cat?post=11485"},{"taxonomy":"product_tag","embeddable":true,"href":"https:\/\/www.omrserrature.it\/de\/wp-json\/wp\/v2\/product_tag?post=11485"}],"curies":[{"name":"wp","href":"https:\/\/api.w.org\/{rel}","templated":true}]}}