{"id":11482,"date":"2017-10-12T16:48:50","date_gmt":"2012-10-17T14:48:00","guid":{"rendered":"http:\/\/staging6.omrserrature.it\/prodotto\/drehriegel-mit-knebelgriff-und-schloss-verstellbar\/"},"modified":"2026-04-08T12:50:22","modified_gmt":"2026-04-08T10:50:22","slug":"21-mm-t-griff-verstellbar","status":"publish","type":"product","link":"https:\/\/www.omrserrature.it\/de\/produkt\/21-mm-t-griff-verstellbar\/","title":{"rendered":"Verstellbarer T-Griff mit Schloss"},"content":{"rendered":"<p><strong>Der Griff des Hammers<\/strong> (auch T-Griff genannt) bewegt den Hebel oder die vertikalen Stangen, so dass die M\u00f6belt\u00fcr ge\u00f6ffnet oder geschlossen werden kann. Der ergonomisch geformte Griff ist aus verchromtem Metalldruckguss gefertigt und eine <strong>Edelstahlkappe<\/strong> sch\u00fctzt den Zylinder. <strong>Das Gewindeende erm\u00f6glicht die Anpassung der L\u00e4nge des Schlosses<\/strong> und die Installation einer Vielzahl von <strong>geraden, gekr\u00f6pften oder gehakten Zungen <\/strong>sowie von <strong>Mehrpunkt-Hebeln<\/strong>. <\/p>\n<p>Der Griff <strong>kann auch aus Technopolymer hergestellt werden<\/strong>, einem speziellen &#8218;metallischen Kunststoff&#8216;, der eine der Aluminiumlegierung ebenb\u00fcrtige mechanische Leistung, Best\u00e4ndigkeit gegen Witterungseinfl\u00fcsse und Korrosion sowie eine perfekte Integration in das Endprodukt dank der breiten Farbpalette garantiert.<\/p>\n<p>Diese <strong>Version mit Gewinde <\/strong>ist f\u00fcr Installationen gedacht, bei denen der Sitz des Hebel-Blocks oder des Mehrpunkt-Hebels nicht dem Standard entspricht, weil der Pfosten sehr dick oder nicht standardisiert ist.<\/p>\n<p>Der <strong>T-Griff<\/strong> ist die perfekte L\u00f6sung f\u00fcr Schaltschr\u00e4nke, Metallumhausungen, Klappen von Gel\u00e4ndefahrzeugen, Werkzeugmaschinen, Metallkasten.<\/p>\n","protected":false},"excerpt":{"rendered":"<p>Der ergonomisch geformte Griff ist aus verchromtem Metalldruckguss gefertigt und eine <strong>Edelstahlkappe<\/strong> sch\u00fctzt den Zylinder. <strong>Das Gewindeende erm\u00f6glicht au\u00dferdem die Anpassung der L\u00e4nge des Schlosses<\/strong> und die Installation verschiedener <strong>gerader, gekr\u00f6pfter und gehakter Zungen <\/strong>sowie von <strong>Stangenst\u00f6\u00dfeln <\/strong>(Mehrpunkt-Hebeln).<\/p>\n","protected":false},"featured_media":24304,"comment_status":"open","ping_status":"closed","template":"","meta":{"_acf_changed":false,"_et_pb_use_builder":"","_et_pb_old_content":"","_et_gb_content_width":""},"product_brand":[],"product_cat":[3765,3768,3763,3875,3779,3796,3825,3842,3827,3839,3840,3797,3860],"product_tag":[],"class_list":{"0":"post-11482","1":"product","2":"type-product","3":"status-publish","4":"has-post-thumbnail","6":"product_cat-abschlusssysteme-fur-die-industrie","7":"product_cat-automatisierung-und-hausautomation","8":"product_cat-automotive-und-transport","9":"product_cat-boot-schlosser","10":"product_cat-griffe-und-knopfe","11":"product_cat-hauptschlussel-schlosser","12":"product_cat-hebel-schlosser","13":"product_cat-schlosser-fur-die-elektromechanische-industrie","14":"product_cat-schlosser-fur-schaltschranke","15":"product_cat-schlosser-fur-schrankfronten","16":"product_cat-schlosser-fur-seitenwandturen","17":"product_cat-schlosser-mit-drehbarem-griff","18":"product_cat-turschlosser","20":"first","21":"instock","22":"shipping-taxable","23":"purchasable","24":"product-type-variable","25":"has-default-attributes"},"acf":{"pdf1":"https:\/\/www.omrserrature.it\/wp-content\/uploads\/2017\/10\/Scheda-220100.pdf"},"yoast_head":"<!-- This site is optimized with the Yoast SEO plugin v27.2 - https:\/\/yoast.com\/product\/yoast-seo-wordpress\/ -->\n<title>Verstellbarer T-Griff mit Schloss - OMR Serrature<\/title>\n<meta name=\"robots\" content=\"index, follow, max-snippet:-1, max-image-preview:large, max-video-preview:-1\" \/>\n<link rel=\"canonical\" href=\"https:\/\/www.omrserrature.it\/de\/produkt\/21-mm-t-griff-verstellbar\/\" \/>\n<meta property=\"og:locale\" content=\"de_DE\" \/>\n<meta property=\"og:type\" content=\"article\" \/>\n<meta property=\"og:title\" content=\"Verstellbarer T-Griff mit Schloss - OMR Serrature\" \/>\n<meta property=\"og:description\" content=\"Der ergonomisch geformte Griff ist aus verchromtem Metalldruckguss gefertigt und eine Edelstahlkappe sch\u00fctzt den Zylinder. Das Gewindeende erm\u00f6glicht au\u00dferdem die Anpassung der L\u00e4nge des Schlosses und die Installation verschiedener gerader, gekr\u00f6pfter und gehakter Zungen sowie von Stangenst\u00f6\u00dfeln (Mehrpunkt-Hebeln).\" \/>\n<meta property=\"og:url\" content=\"https:\/\/www.omrserrature.it\/de\/produkt\/21-mm-t-griff-verstellbar\/\" \/>\n<meta property=\"og:site_name\" content=\"OMR Serrature | Produzione sistemi di chiusura\" \/>\n<meta property=\"article:publisher\" content=\"https:\/\/www.facebook.com\/OMRserrature\" \/>\n<meta property=\"article:modified_time\" content=\"2026-04-08T10:50:22+00:00\" \/>\n<meta property=\"og:image\" content=\"https:\/\/www.omrserrature.it\/wp-content\/uploads\/2017\/10\/maniglia-regolabile-serratura1.jpg\" \/>\n\t<meta property=\"og:image:width\" content=\"650\" \/>\n\t<meta property=\"og:image:height\" content=\"650\" \/>\n\t<meta property=\"og:image:type\" content=\"image\/jpeg\" \/>\n<meta name=\"twitter:card\" content=\"summary_large_image\" \/>\n<meta name=\"twitter:label1\" content=\"Gesch\u00e4tzte Lesezeit\" \/>\n\t<meta name=\"twitter:data1\" content=\"1\u00a0Minute\" \/>\n<script type=\"application\/ld+json\" class=\"yoast-schema-graph\">{\"@context\":\"https:\/\/schema.org\",\"@graph\":[{\"@type\":\"WebPage\",\"@id\":\"https:\/\/www.omrserrature.it\/de\/produkt\/21-mm-t-griff-verstellbar\/\",\"url\":\"https:\/\/www.omrserrature.it\/de\/produkt\/21-mm-t-griff-verstellbar\/\",\"name\":\"Verstellbarer T-Griff mit Schloss - OMR Serrature\",\"isPartOf\":{\"@id\":\"https:\/\/www.omrserrature.it\/de\/#website\"},\"primaryImageOfPage\":{\"@id\":\"https:\/\/www.omrserrature.it\/de\/produkt\/21-mm-t-griff-verstellbar\/#primaryimage\"},\"image\":{\"@id\":\"https:\/\/www.omrserrature.it\/de\/produkt\/21-mm-t-griff-verstellbar\/#primaryimage\"},\"thumbnailUrl\":\"https:\/\/www.omrserrature.it\/wp-content\/uploads\/2017\/10\/maniglia-regolabile-serratura1.jpg\",\"datePublished\":\"2012-10-17T14:48:00+00:00\",\"dateModified\":\"2026-04-08T10:50:22+00:00\",\"breadcrumb\":{\"@id\":\"https:\/\/www.omrserrature.it\/de\/produkt\/21-mm-t-griff-verstellbar\/#breadcrumb\"},\"inLanguage\":\"de\",\"potentialAction\":[{\"@type\":\"ReadAction\",\"target\":[\"https:\/\/www.omrserrature.it\/de\/produkt\/21-mm-t-griff-verstellbar\/\"]}]},{\"@type\":\"ImageObject\",\"inLanguage\":\"de\",\"@id\":\"https:\/\/www.omrserrature.it\/de\/produkt\/21-mm-t-griff-verstellbar\/#primaryimage\",\"url\":\"https:\/\/www.omrserrature.it\/wp-content\/uploads\/2017\/10\/maniglia-regolabile-serratura1.jpg\",\"contentUrl\":\"https:\/\/www.omrserrature.it\/wp-content\/uploads\/2017\/10\/maniglia-regolabile-serratura1.jpg\",\"width\":650,\"height\":650,\"caption\":\"Verstellbarer T-Griff mit Schloss\"},{\"@type\":\"BreadcrumbList\",\"@id\":\"https:\/\/www.omrserrature.it\/de\/produkt\/21-mm-t-griff-verstellbar\/#breadcrumb\",\"itemListElement\":[{\"@type\":\"ListItem\",\"position\":1,\"name\":\"Home\",\"item\":\"https:\/\/www.omrserrature.it\/de\/omr-serrature-sistemi-chiusura\/\"},{\"@type\":\"ListItem\",\"position\":2,\"name\":\"Katalog\",\"item\":\"https:\/\/www.omrserrature.it\/katalog\/?lang=de\"},{\"@type\":\"ListItem\",\"position\":3,\"name\":\"Anwendungen\",\"item\":\"https:\/\/www.omrserrature.it\/de\/katalog\/anwendungen\/\"},{\"@type\":\"ListItem\",\"position\":4,\"name\":\"Schl\u00f6sser f\u00fcr Transportmittel\",\"item\":\"https:\/\/www.omrserrature.it\/de\/katalog\/anwendungen\/schlosser-fur-transportmittel\/\"},{\"@type\":\"ListItem\",\"position\":5,\"name\":\"Boot-Schl\u00f6sser\",\"item\":\"https:\/\/www.omrserrature.it\/de\/katalog\/anwendungen\/schlosser-fur-transportmittel\/boot-schlosser\/\"},{\"@type\":\"ListItem\",\"position\":6,\"name\":\"Verstellbarer T-Griff mit Schloss\"}]},{\"@type\":\"WebSite\",\"@id\":\"https:\/\/www.omrserrature.it\/de\/#website\",\"url\":\"https:\/\/www.omrserrature.it\/de\/\",\"name\":\"OMR Serrature | Produzione sistemi di chiusura\",\"description\":\"Produzione serrature di sicurezza e sistemi di chiusura\",\"publisher\":{\"@id\":\"https:\/\/www.omrserrature.it\/de\/#organization\"},\"potentialAction\":[{\"@type\":\"SearchAction\",\"target\":{\"@type\":\"EntryPoint\",\"urlTemplate\":\"https:\/\/www.omrserrature.it\/de\/?s={search_term_string}\"},\"query-input\":{\"@type\":\"PropertyValueSpecification\",\"valueRequired\":true,\"valueName\":\"search_term_string\"}}],\"inLanguage\":\"de\"},{\"@type\":\"Organization\",\"@id\":\"https:\/\/www.omrserrature.it\/de\/#organization\",\"name\":\"OMR Serrature | Produzione sistemi di chiusura\",\"url\":\"https:\/\/www.omrserrature.it\/de\/\",\"logo\":{\"@type\":\"ImageObject\",\"inLanguage\":\"de\",\"@id\":\"https:\/\/www.omrserrature.it\/de\/#\/schema\/logo\/image\/\",\"url\":\"https:\/\/www.omrserrature.it\/wp-content\/uploads\/2017\/09\/favicon-omr-114.png\",\"contentUrl\":\"https:\/\/www.omrserrature.it\/wp-content\/uploads\/2017\/09\/favicon-omr-114.png\",\"width\":114,\"height\":114,\"caption\":\"OMR Serrature | Produzione sistemi di chiusura\"},\"image\":{\"@id\":\"https:\/\/www.omrserrature.it\/de\/#\/schema\/logo\/image\/\"},\"sameAs\":[\"https:\/\/www.facebook.com\/OMRserrature\",\"https:\/\/www.linkedin.com\/company\/omrserrature\/\",\"https:\/\/www.youtube.com\/channel\/UCxmA85z2R0EpG_6IRokiAkg\"]}]}<\/script>\n<!-- \/ Yoast SEO plugin. -->","yoast_head_json":{"title":"Verstellbarer T-Griff mit Schloss - OMR Serrature","robots":{"index":"index","follow":"follow","max-snippet":"max-snippet:-1","max-image-preview":"max-image-preview:large","max-video-preview":"max-video-preview:-1"},"canonical":"https:\/\/www.omrserrature.it\/de\/produkt\/21-mm-t-griff-verstellbar\/","og_locale":"de_DE","og_type":"article","og_title":"Verstellbarer T-Griff mit Schloss - OMR Serrature","og_description":"Der ergonomisch geformte Griff ist aus verchromtem Metalldruckguss gefertigt und eine Edelstahlkappe sch\u00fctzt den Zylinder. Das Gewindeende erm\u00f6glicht au\u00dferdem die Anpassung der L\u00e4nge des Schlosses und die Installation verschiedener gerader, gekr\u00f6pfter und gehakter Zungen sowie von Stangenst\u00f6\u00dfeln (Mehrpunkt-Hebeln).","og_url":"https:\/\/www.omrserrature.it\/de\/produkt\/21-mm-t-griff-verstellbar\/","og_site_name":"OMR Serrature | Produzione sistemi di chiusura","article_publisher":"https:\/\/www.facebook.com\/OMRserrature","article_modified_time":"2026-04-08T10:50:22+00:00","og_image":[{"width":650,"height":650,"url":"https:\/\/www.omrserrature.it\/wp-content\/uploads\/2017\/10\/maniglia-regolabile-serratura1.jpg","type":"image\/jpeg"}],"twitter_card":"summary_large_image","twitter_misc":{"Gesch\u00e4tzte Lesezeit":"1\u00a0Minute"},"schema":{"@context":"https:\/\/schema.org","@graph":[{"@type":"WebPage","@id":"https:\/\/www.omrserrature.it\/de\/produkt\/21-mm-t-griff-verstellbar\/","url":"https:\/\/www.omrserrature.it\/de\/produkt\/21-mm-t-griff-verstellbar\/","name":"Verstellbarer T-Griff mit Schloss - OMR Serrature","isPartOf":{"@id":"https:\/\/www.omrserrature.it\/de\/#website"},"primaryImageOfPage":{"@id":"https:\/\/www.omrserrature.it\/de\/produkt\/21-mm-t-griff-verstellbar\/#primaryimage"},"image":{"@id":"https:\/\/www.omrserrature.it\/de\/produkt\/21-mm-t-griff-verstellbar\/#primaryimage"},"thumbnailUrl":"https:\/\/www.omrserrature.it\/wp-content\/uploads\/2017\/10\/maniglia-regolabile-serratura1.jpg","datePublished":"2012-10-17T14:48:00+00:00","dateModified":"2026-04-08T10:50:22+00:00","breadcrumb":{"@id":"https:\/\/www.omrserrature.it\/de\/produkt\/21-mm-t-griff-verstellbar\/#breadcrumb"},"inLanguage":"de","potentialAction":[{"@type":"ReadAction","target":["https:\/\/www.omrserrature.it\/de\/produkt\/21-mm-t-griff-verstellbar\/"]}]},{"@type":"ImageObject","inLanguage":"de","@id":"https:\/\/www.omrserrature.it\/de\/produkt\/21-mm-t-griff-verstellbar\/#primaryimage","url":"https:\/\/www.omrserrature.it\/wp-content\/uploads\/2017\/10\/maniglia-regolabile-serratura1.jpg","contentUrl":"https:\/\/www.omrserrature.it\/wp-content\/uploads\/2017\/10\/maniglia-regolabile-serratura1.jpg","width":650,"height":650,"caption":"Verstellbarer T-Griff mit Schloss"},{"@type":"BreadcrumbList","@id":"https:\/\/www.omrserrature.it\/de\/produkt\/21-mm-t-griff-verstellbar\/#breadcrumb","itemListElement":[{"@type":"ListItem","position":1,"name":"Home","item":"https:\/\/www.omrserrature.it\/de\/omr-serrature-sistemi-chiusura\/"},{"@type":"ListItem","position":2,"name":"Katalog","item":"https:\/\/www.omrserrature.it\/katalog\/?lang=de"},{"@type":"ListItem","position":3,"name":"Anwendungen","item":"https:\/\/www.omrserrature.it\/de\/katalog\/anwendungen\/"},{"@type":"ListItem","position":4,"name":"Schl\u00f6sser f\u00fcr Transportmittel","item":"https:\/\/www.omrserrature.it\/de\/katalog\/anwendungen\/schlosser-fur-transportmittel\/"},{"@type":"ListItem","position":5,"name":"Boot-Schl\u00f6sser","item":"https:\/\/www.omrserrature.it\/de\/katalog\/anwendungen\/schlosser-fur-transportmittel\/boot-schlosser\/"},{"@type":"ListItem","position":6,"name":"Verstellbarer T-Griff mit Schloss"}]},{"@type":"WebSite","@id":"https:\/\/www.omrserrature.it\/de\/#website","url":"https:\/\/www.omrserrature.it\/de\/","name":"OMR Serrature | Produzione sistemi di chiusura","description":"Produzione serrature di sicurezza e sistemi di chiusura","publisher":{"@id":"https:\/\/www.omrserrature.it\/de\/#organization"},"potentialAction":[{"@type":"SearchAction","target":{"@type":"EntryPoint","urlTemplate":"https:\/\/www.omrserrature.it\/de\/?s={search_term_string}"},"query-input":{"@type":"PropertyValueSpecification","valueRequired":true,"valueName":"search_term_string"}}],"inLanguage":"de"},{"@type":"Organization","@id":"https:\/\/www.omrserrature.it\/de\/#organization","name":"OMR Serrature | Produzione sistemi di chiusura","url":"https:\/\/www.omrserrature.it\/de\/","logo":{"@type":"ImageObject","inLanguage":"de","@id":"https:\/\/www.omrserrature.it\/de\/#\/schema\/logo\/image\/","url":"https:\/\/www.omrserrature.it\/wp-content\/uploads\/2017\/09\/favicon-omr-114.png","contentUrl":"https:\/\/www.omrserrature.it\/wp-content\/uploads\/2017\/09\/favicon-omr-114.png","width":114,"height":114,"caption":"OMR Serrature | Produzione sistemi di chiusura"},"image":{"@id":"https:\/\/www.omrserrature.it\/de\/#\/schema\/logo\/image\/"},"sameAs":["https:\/\/www.facebook.com\/OMRserrature","https:\/\/www.linkedin.com\/company\/omrserrature\/","https:\/\/www.youtube.com\/channel\/UCxmA85z2R0EpG_6IRokiAkg"]}]}},"_links":{"self":[{"href":"https:\/\/www.omrserrature.it\/de\/wp-json\/wp\/v2\/product\/11482","targetHints":{"allow":["GET"]}}],"collection":[{"href":"https:\/\/www.omrserrature.it\/de\/wp-json\/wp\/v2\/product"}],"about":[{"href":"https:\/\/www.omrserrature.it\/de\/wp-json\/wp\/v2\/types\/product"}],"replies":[{"embeddable":true,"href":"https:\/\/www.omrserrature.it\/de\/wp-json\/wp\/v2\/comments?post=11482"}],"wp:featuredmedia":[{"embeddable":true,"href":"https:\/\/www.omrserrature.it\/de\/wp-json\/wp\/v2\/media\/24304"}],"wp:attachment":[{"href":"https:\/\/www.omrserrature.it\/de\/wp-json\/wp\/v2\/media?parent=11482"}],"wp:term":[{"taxonomy":"product_brand","embeddable":true,"href":"https:\/\/www.omrserrature.it\/de\/wp-json\/wp\/v2\/product_brand?post=11482"},{"taxonomy":"product_cat","embeddable":true,"href":"https:\/\/www.omrserrature.it\/de\/wp-json\/wp\/v2\/product_cat?post=11482"},{"taxonomy":"product_tag","embeddable":true,"href":"https:\/\/www.omrserrature.it\/de\/wp-json\/wp\/v2\/product_tag?post=11482"}],"curies":[{"name":"wp","href":"https:\/\/api.w.org\/{rel}","templated":true}]}}