{"id":11481,"date":"2017-10-12T16:43:48","date_gmt":"2012-10-17T14:43:00","guid":{"rendered":"http:\/\/staging6.omrserrature.it\/prodotto\/drehriegel-mit-maxi-knebelgriff-und-schloss-schwarz\/"},"modified":"2026-04-08T12:48:42","modified_gmt":"2026-04-08T10:48:42","slug":"15-mm-t-griff-2","status":"publish","type":"product","link":"https:\/\/www.omrserrature.it\/de\/produkt\/15-mm-t-griff-2\/","title":{"rendered":"\u00dcbergro\u00dfer schwarzer T-Griff mit Schloss"},"content":{"rendered":"<p>Der <strong>T-f\u00f6rmige Griff des Hammers<\/strong> bewegt den Hebel oder die vertikalen Stangen, so dass die M\u00f6belt\u00fcr ge\u00f6ffnet oder geschlossen werden kann. Der Griff mit seinem verst\u00e4rkten, \u00fcbergro\u00dfen und ergonomischen Griff besteht aus Metalldruckguss, ist <strong>schwarz lackiert<\/strong> und eine <strong>Kappe aus Edelstahl<\/strong> sch\u00fctzt den Zylinder. Das Terminal erm\u00f6glicht auch die Installation verschiedener <strong>gerader, gekr\u00f6pfter oder gehakter Zungen <\/strong>sowie von <strong>Mehrpunkt-Hebeln f\u00fcr Stangen<\/strong>.  <\/p>\n<p>Der Griff <strong>kann auch aus Technopolymer hergestellt werden<\/strong>, einem speziellen &#8218;metallischen Kunststoff&#8216;, der eine der Aluminiumlegierung ebenb\u00fcrtige mechanische Leistung, Best\u00e4ndigkeit gegen Witterungseinfl\u00fcsse und Korrosion sowie eine perfekte Integration in das Endprodukt dank der breiten Farbpalette garantiert.<\/p>\n<p>Der <strong>T-Griff<\/strong> ist die perfekte L\u00f6sung f\u00fcr Schaltschr\u00e4nke, Metallumhausungen, Klappen von Gel\u00e4ndefahrzeugen, Werkzeugmaschinen, Metallkasten. Diese <strong>verst\u00e4rkte und vergr\u00f6\u00dferte Version<\/strong> ist f\u00fcr Installationen gedacht, bei denen ein fester und sicherer Griff am Griff erforderlich ist.<\/p>\n","protected":false},"excerpt":{"rendered":"<p>Der <strong>T-f\u00f6rmige Griff des Hammers<\/strong> bewegt den Hebel oder die vertikalen Stangen, wodurch die M\u00f6belt\u00fcr ge\u00f6ffnet oder geschlossen werden kann. Der Griff mit seinem <strong>verst\u00e4rkten, \u00fcbergro\u00dfen und ergonomischen Griff<\/strong> besteht aus Metalldruckguss, ist schwarz lackiert und eine Kappe aus Edelstahl sch\u00fctzt den Zylinder. <\/p>\n","protected":false},"featured_media":3511,"comment_status":"open","ping_status":"closed","template":"","meta":{"_acf_changed":false,"_et_pb_use_builder":"","_et_pb_old_content":"","_et_gb_content_width":""},"product_brand":[],"product_cat":[3825,3800],"product_tag":[],"class_list":{"0":"post-11481","1":"product","2":"type-product","3":"status-publish","4":"has-post-thumbnail","6":"product_cat-hebel-schlosser","7":"product_cat-spezialschlosser-nach-mas","9":"first","10":"instock","11":"shipping-taxable","12":"product-type-simple"},"acf":{"pdf1":"https:\/\/www.omrserrature.it\/wp-content\/uploads\/2017\/10\/Scheda_220367.pdf"},"yoast_head":"<!-- This site is optimized with the Yoast SEO plugin v27.2 - https:\/\/yoast.com\/product\/yoast-seo-wordpress\/ -->\n<title>\u00dcbergro\u00dfer schwarzer T-Griff mit Schloss - OMR Serrature<\/title>\n<meta name=\"robots\" content=\"index, follow, max-snippet:-1, max-image-preview:large, max-video-preview:-1\" \/>\n<link rel=\"canonical\" href=\"https:\/\/www.omrserrature.it\/de\/produkt\/15-mm-t-griff-2\/\" \/>\n<meta property=\"og:locale\" content=\"de_DE\" \/>\n<meta property=\"og:type\" content=\"article\" \/>\n<meta property=\"og:title\" content=\"\u00dcbergro\u00dfer schwarzer T-Griff mit Schloss - OMR Serrature\" \/>\n<meta property=\"og:description\" content=\"Der T-f\u00f6rmige Griff des Hammers bewegt den Hebel oder die vertikalen Stangen, wodurch die M\u00f6belt\u00fcr ge\u00f6ffnet oder geschlossen werden kann. Der Griff mit seinem verst\u00e4rkten, \u00fcbergro\u00dfen und ergonomischen Griff besteht aus Metalldruckguss, ist schwarz lackiert und eine Kappe aus Edelstahl sch\u00fctzt den Zylinder.\" \/>\n<meta property=\"og:url\" content=\"https:\/\/www.omrserrature.it\/de\/produkt\/15-mm-t-griff-2\/\" \/>\n<meta property=\"og:site_name\" content=\"OMR Serrature | Produzione sistemi di chiusura\" \/>\n<meta property=\"article:publisher\" content=\"https:\/\/www.facebook.com\/OMRserrature\" \/>\n<meta property=\"article:modified_time\" content=\"2026-04-08T10:48:42+00:00\" \/>\n<meta property=\"og:image\" content=\"https:\/\/www.omrserrature.it\/wp-content\/uploads\/2017\/10\/maniglia-nera-maggiorata-serratura.jpg\" \/>\n\t<meta property=\"og:image:width\" content=\"605\" \/>\n\t<meta property=\"og:image:height\" content=\"462\" \/>\n\t<meta property=\"og:image:type\" content=\"image\/jpeg\" \/>\n<meta name=\"twitter:card\" content=\"summary_large_image\" \/>\n<meta name=\"twitter:label1\" content=\"Gesch\u00e4tzte Lesezeit\" \/>\n\t<meta name=\"twitter:data1\" content=\"1\u00a0Minute\" \/>\n<script type=\"application\/ld+json\" class=\"yoast-schema-graph\">{\"@context\":\"https:\/\/schema.org\",\"@graph\":[{\"@type\":\"WebPage\",\"@id\":\"https:\/\/www.omrserrature.it\/de\/produkt\/15-mm-t-griff-2\/\",\"url\":\"https:\/\/www.omrserrature.it\/de\/produkt\/15-mm-t-griff-2\/\",\"name\":\"\u00dcbergro\u00dfer schwarzer T-Griff mit Schloss - OMR Serrature\",\"isPartOf\":{\"@id\":\"https:\/\/www.omrserrature.it\/de\/#website\"},\"primaryImageOfPage\":{\"@id\":\"https:\/\/www.omrserrature.it\/de\/produkt\/15-mm-t-griff-2\/#primaryimage\"},\"image\":{\"@id\":\"https:\/\/www.omrserrature.it\/de\/produkt\/15-mm-t-griff-2\/#primaryimage\"},\"thumbnailUrl\":\"https:\/\/www.omrserrature.it\/wp-content\/uploads\/2017\/10\/maniglia-nera-maggiorata-serratura.jpg\",\"datePublished\":\"2012-10-17T14:43:00+00:00\",\"dateModified\":\"2026-04-08T10:48:42+00:00\",\"breadcrumb\":{\"@id\":\"https:\/\/www.omrserrature.it\/de\/produkt\/15-mm-t-griff-2\/#breadcrumb\"},\"inLanguage\":\"de\",\"potentialAction\":[{\"@type\":\"ReadAction\",\"target\":[\"https:\/\/www.omrserrature.it\/de\/produkt\/15-mm-t-griff-2\/\"]}]},{\"@type\":\"ImageObject\",\"inLanguage\":\"de\",\"@id\":\"https:\/\/www.omrserrature.it\/de\/produkt\/15-mm-t-griff-2\/#primaryimage\",\"url\":\"https:\/\/www.omrserrature.it\/wp-content\/uploads\/2017\/10\/maniglia-nera-maggiorata-serratura.jpg\",\"contentUrl\":\"https:\/\/www.omrserrature.it\/wp-content\/uploads\/2017\/10\/maniglia-nera-maggiorata-serratura.jpg\",\"width\":605,\"height\":462,\"caption\":\"Verstellbarer Griff mit Schloss - schwarz \u00fcbergro\u00df (Garagentorschlossgriff)\"},{\"@type\":\"BreadcrumbList\",\"@id\":\"https:\/\/www.omrserrature.it\/de\/produkt\/15-mm-t-griff-2\/#breadcrumb\",\"itemListElement\":[{\"@type\":\"ListItem\",\"position\":1,\"name\":\"Home\",\"item\":\"https:\/\/www.omrserrature.it\/de\/omr-serrature-sistemi-chiusura\/\"},{\"@type\":\"ListItem\",\"position\":2,\"name\":\"Katalog\",\"item\":\"https:\/\/www.omrserrature.it\/katalog\/?lang=de\"},{\"@type\":\"ListItem\",\"position\":3,\"name\":\"Produkte\",\"item\":\"https:\/\/www.omrserrature.it\/de\/katalog\/produkte\/\"},{\"@type\":\"ListItem\",\"position\":4,\"name\":\"Schloesser\",\"item\":\"https:\/\/www.omrserrature.it\/de\/katalog\/produkte\/schloesser\/\"},{\"@type\":\"ListItem\",\"position\":5,\"name\":\"Hebel Schl\u00f6sser\",\"item\":\"https:\/\/www.omrserrature.it\/de\/katalog\/produkte\/schloesser\/hebel-schlosser\/\"},{\"@type\":\"ListItem\",\"position\":6,\"name\":\"\u00dcbergro\u00dfer schwarzer T-Griff mit Schloss\"}]},{\"@type\":\"WebSite\",\"@id\":\"https:\/\/www.omrserrature.it\/de\/#website\",\"url\":\"https:\/\/www.omrserrature.it\/de\/\",\"name\":\"OMR Serrature | Produzione sistemi di chiusura\",\"description\":\"Produzione serrature di sicurezza e sistemi di chiusura\",\"publisher\":{\"@id\":\"https:\/\/www.omrserrature.it\/de\/#organization\"},\"potentialAction\":[{\"@type\":\"SearchAction\",\"target\":{\"@type\":\"EntryPoint\",\"urlTemplate\":\"https:\/\/www.omrserrature.it\/de\/?s={search_term_string}\"},\"query-input\":{\"@type\":\"PropertyValueSpecification\",\"valueRequired\":true,\"valueName\":\"search_term_string\"}}],\"inLanguage\":\"de\"},{\"@type\":\"Organization\",\"@id\":\"https:\/\/www.omrserrature.it\/de\/#organization\",\"name\":\"OMR Serrature | Produzione sistemi di chiusura\",\"url\":\"https:\/\/www.omrserrature.it\/de\/\",\"logo\":{\"@type\":\"ImageObject\",\"inLanguage\":\"de\",\"@id\":\"https:\/\/www.omrserrature.it\/de\/#\/schema\/logo\/image\/\",\"url\":\"https:\/\/www.omrserrature.it\/wp-content\/uploads\/2017\/09\/favicon-omr-114.png\",\"contentUrl\":\"https:\/\/www.omrserrature.it\/wp-content\/uploads\/2017\/09\/favicon-omr-114.png\",\"width\":114,\"height\":114,\"caption\":\"OMR Serrature | Produzione sistemi di chiusura\"},\"image\":{\"@id\":\"https:\/\/www.omrserrature.it\/de\/#\/schema\/logo\/image\/\"},\"sameAs\":[\"https:\/\/www.facebook.com\/OMRserrature\",\"https:\/\/www.linkedin.com\/company\/omrserrature\/\",\"https:\/\/www.youtube.com\/channel\/UCxmA85z2R0EpG_6IRokiAkg\"]}]}<\/script>\n<!-- \/ Yoast SEO plugin. -->","yoast_head_json":{"title":"\u00dcbergro\u00dfer schwarzer T-Griff mit Schloss - OMR Serrature","robots":{"index":"index","follow":"follow","max-snippet":"max-snippet:-1","max-image-preview":"max-image-preview:large","max-video-preview":"max-video-preview:-1"},"canonical":"https:\/\/www.omrserrature.it\/de\/produkt\/15-mm-t-griff-2\/","og_locale":"de_DE","og_type":"article","og_title":"\u00dcbergro\u00dfer schwarzer T-Griff mit Schloss - OMR Serrature","og_description":"Der T-f\u00f6rmige Griff des Hammers bewegt den Hebel oder die vertikalen Stangen, wodurch die M\u00f6belt\u00fcr ge\u00f6ffnet oder geschlossen werden kann. Der Griff mit seinem verst\u00e4rkten, \u00fcbergro\u00dfen und ergonomischen Griff besteht aus Metalldruckguss, ist schwarz lackiert und eine Kappe aus Edelstahl sch\u00fctzt den Zylinder.","og_url":"https:\/\/www.omrserrature.it\/de\/produkt\/15-mm-t-griff-2\/","og_site_name":"OMR Serrature | Produzione sistemi di chiusura","article_publisher":"https:\/\/www.facebook.com\/OMRserrature","article_modified_time":"2026-04-08T10:48:42+00:00","og_image":[{"width":605,"height":462,"url":"https:\/\/www.omrserrature.it\/wp-content\/uploads\/2017\/10\/maniglia-nera-maggiorata-serratura.jpg","type":"image\/jpeg"}],"twitter_card":"summary_large_image","twitter_misc":{"Gesch\u00e4tzte Lesezeit":"1\u00a0Minute"},"schema":{"@context":"https:\/\/schema.org","@graph":[{"@type":"WebPage","@id":"https:\/\/www.omrserrature.it\/de\/produkt\/15-mm-t-griff-2\/","url":"https:\/\/www.omrserrature.it\/de\/produkt\/15-mm-t-griff-2\/","name":"\u00dcbergro\u00dfer schwarzer T-Griff mit Schloss - OMR Serrature","isPartOf":{"@id":"https:\/\/www.omrserrature.it\/de\/#website"},"primaryImageOfPage":{"@id":"https:\/\/www.omrserrature.it\/de\/produkt\/15-mm-t-griff-2\/#primaryimage"},"image":{"@id":"https:\/\/www.omrserrature.it\/de\/produkt\/15-mm-t-griff-2\/#primaryimage"},"thumbnailUrl":"https:\/\/www.omrserrature.it\/wp-content\/uploads\/2017\/10\/maniglia-nera-maggiorata-serratura.jpg","datePublished":"2012-10-17T14:43:00+00:00","dateModified":"2026-04-08T10:48:42+00:00","breadcrumb":{"@id":"https:\/\/www.omrserrature.it\/de\/produkt\/15-mm-t-griff-2\/#breadcrumb"},"inLanguage":"de","potentialAction":[{"@type":"ReadAction","target":["https:\/\/www.omrserrature.it\/de\/produkt\/15-mm-t-griff-2\/"]}]},{"@type":"ImageObject","inLanguage":"de","@id":"https:\/\/www.omrserrature.it\/de\/produkt\/15-mm-t-griff-2\/#primaryimage","url":"https:\/\/www.omrserrature.it\/wp-content\/uploads\/2017\/10\/maniglia-nera-maggiorata-serratura.jpg","contentUrl":"https:\/\/www.omrserrature.it\/wp-content\/uploads\/2017\/10\/maniglia-nera-maggiorata-serratura.jpg","width":605,"height":462,"caption":"Verstellbarer Griff mit Schloss - schwarz \u00fcbergro\u00df (Garagentorschlossgriff)"},{"@type":"BreadcrumbList","@id":"https:\/\/www.omrserrature.it\/de\/produkt\/15-mm-t-griff-2\/#breadcrumb","itemListElement":[{"@type":"ListItem","position":1,"name":"Home","item":"https:\/\/www.omrserrature.it\/de\/omr-serrature-sistemi-chiusura\/"},{"@type":"ListItem","position":2,"name":"Katalog","item":"https:\/\/www.omrserrature.it\/katalog\/?lang=de"},{"@type":"ListItem","position":3,"name":"Produkte","item":"https:\/\/www.omrserrature.it\/de\/katalog\/produkte\/"},{"@type":"ListItem","position":4,"name":"Schloesser","item":"https:\/\/www.omrserrature.it\/de\/katalog\/produkte\/schloesser\/"},{"@type":"ListItem","position":5,"name":"Hebel Schl\u00f6sser","item":"https:\/\/www.omrserrature.it\/de\/katalog\/produkte\/schloesser\/hebel-schlosser\/"},{"@type":"ListItem","position":6,"name":"\u00dcbergro\u00dfer schwarzer T-Griff mit Schloss"}]},{"@type":"WebSite","@id":"https:\/\/www.omrserrature.it\/de\/#website","url":"https:\/\/www.omrserrature.it\/de\/","name":"OMR Serrature | Produzione sistemi di chiusura","description":"Produzione serrature di sicurezza e sistemi di chiusura","publisher":{"@id":"https:\/\/www.omrserrature.it\/de\/#organization"},"potentialAction":[{"@type":"SearchAction","target":{"@type":"EntryPoint","urlTemplate":"https:\/\/www.omrserrature.it\/de\/?s={search_term_string}"},"query-input":{"@type":"PropertyValueSpecification","valueRequired":true,"valueName":"search_term_string"}}],"inLanguage":"de"},{"@type":"Organization","@id":"https:\/\/www.omrserrature.it\/de\/#organization","name":"OMR Serrature | Produzione sistemi di chiusura","url":"https:\/\/www.omrserrature.it\/de\/","logo":{"@type":"ImageObject","inLanguage":"de","@id":"https:\/\/www.omrserrature.it\/de\/#\/schema\/logo\/image\/","url":"https:\/\/www.omrserrature.it\/wp-content\/uploads\/2017\/09\/favicon-omr-114.png","contentUrl":"https:\/\/www.omrserrature.it\/wp-content\/uploads\/2017\/09\/favicon-omr-114.png","width":114,"height":114,"caption":"OMR Serrature | Produzione sistemi di chiusura"},"image":{"@id":"https:\/\/www.omrserrature.it\/de\/#\/schema\/logo\/image\/"},"sameAs":["https:\/\/www.facebook.com\/OMRserrature","https:\/\/www.linkedin.com\/company\/omrserrature\/","https:\/\/www.youtube.com\/channel\/UCxmA85z2R0EpG_6IRokiAkg"]}]}},"_links":{"self":[{"href":"https:\/\/www.omrserrature.it\/de\/wp-json\/wp\/v2\/product\/11481","targetHints":{"allow":["GET"]}}],"collection":[{"href":"https:\/\/www.omrserrature.it\/de\/wp-json\/wp\/v2\/product"}],"about":[{"href":"https:\/\/www.omrserrature.it\/de\/wp-json\/wp\/v2\/types\/product"}],"replies":[{"embeddable":true,"href":"https:\/\/www.omrserrature.it\/de\/wp-json\/wp\/v2\/comments?post=11481"}],"wp:featuredmedia":[{"embeddable":true,"href":"https:\/\/www.omrserrature.it\/de\/wp-json\/wp\/v2\/media\/3511"}],"wp:attachment":[{"href":"https:\/\/www.omrserrature.it\/de\/wp-json\/wp\/v2\/media?parent=11481"}],"wp:term":[{"taxonomy":"product_brand","embeddable":true,"href":"https:\/\/www.omrserrature.it\/de\/wp-json\/wp\/v2\/product_brand?post=11481"},{"taxonomy":"product_cat","embeddable":true,"href":"https:\/\/www.omrserrature.it\/de\/wp-json\/wp\/v2\/product_cat?post=11481"},{"taxonomy":"product_tag","embeddable":true,"href":"https:\/\/www.omrserrature.it\/de\/wp-json\/wp\/v2\/product_tag?post=11481"}],"curies":[{"name":"wp","href":"https:\/\/api.w.org\/{rel}","templated":true}]}}