{"id":11480,"date":"2017-10-12T16:40:52","date_gmt":"2012-10-17T14:40:00","guid":{"rendered":"http:\/\/staging6.omrserrature.it\/prodotto\/drehriegel-mit-verchromtem-knebelgriff\/"},"modified":"2026-04-08T12:47:16","modified_gmt":"2026-04-08T10:47:16","slug":"21-mm-t-griff-3","status":"publish","type":"product","link":"https:\/\/www.omrserrature.it\/de\/produkt\/21-mm-t-griff-3\/","title":{"rendered":"Drehriegel mit verchromtem Knebelgriff"},"content":{"rendered":"<p>Durch Drehen bewegt der <strong>T-f\u00f6rmige Griff des Hammers<\/strong> den Hebel oder die vertikalen Stangen, wodurch die M\u00f6belt\u00fcr ge\u00f6ffnet oder geschlossen werden kann. Der ergonomisch geformte Griff ist aus Metalldruckguss gefertigt und mit einer <strong>verchromten Zinklegierung<\/strong> versehen <strong>.<\/strong> Das Terminal erm\u00f6glicht auch die Montage verschiedener <strong>gerader, gekr\u00f6pfter oder gehakter Zungen <\/strong>sowie <strong>Mehrpunkt-Hebel<\/strong>.  <\/p>\n<p>Der Griff <strong>kann auch aus Technopolymer hergestellt werden<\/strong>, einem speziellen &#8218;metallischen Kunststoff&#8216;, der eine der Aluminiumlegierung ebenb\u00fcrtige mechanische Leistung, Best\u00e4ndigkeit gegen Witterungseinfl\u00fcsse und Korrosion sowie eine perfekte Integration in das Endprodukt dank der breiten Farbpalette garantiert.<\/p>\n<p>Der <strong>T-Griff<\/strong> ist die perfekte L\u00f6sung f\u00fcr Schaltschr\u00e4nke, Metallumhausungen, Klappen von Gel\u00e4ndefahrzeugen, Werkzeugmaschinen, Metallkasten.<\/p>\n","protected":false},"excerpt":{"rendered":"<p>Durch Drehen bewegt der <strong>T-f\u00f6rmige Griff des Hammers<\/strong> den Hebel oder die vertikalen M\u00f6belt\u00fcren, so dass die T\u00fcr ge\u00f6ffnet oder geschlossen werden kann. Der Griff mit seinem ergonomischen Griff ist aus Metalldruckguss gefertigt<strong> und mit einer verchromten Zinklegierung versehen.<\/strong> <\/p>\n","protected":false},"featured_media":3499,"comment_status":"open","ping_status":"closed","template":"","meta":{"_acf_changed":false,"_et_pb_use_builder":"","_et_pb_old_content":"","_et_gb_content_width":""},"product_brand":[],"product_cat":[3765,3768,3875,3779,3796,3842,3827,3839,3840,3797,3860],"product_tag":[],"class_list":{"0":"post-11480","1":"product","2":"type-product","3":"status-publish","4":"has-post-thumbnail","6":"product_cat-abschlusssysteme-fur-die-industrie","7":"product_cat-automatisierung-und-hausautomation","8":"product_cat-boot-schlosser","9":"product_cat-griffe-und-knopfe","10":"product_cat-hauptschlussel-schlosser","11":"product_cat-schlosser-fur-die-elektromechanische-industrie","12":"product_cat-schlosser-fur-schaltschranke","13":"product_cat-schlosser-fur-schrankfronten","14":"product_cat-schlosser-fur-seitenwandturen","15":"product_cat-schlosser-mit-drehbarem-griff","16":"product_cat-turschlosser","18":"first","19":"instock","20":"shipping-taxable","21":"product-type-simple"},"acf":{"pdf1":"https:\/\/www.omrserrature.it\/wp-content\/uploads\/schede\/Scheda_220054.pdf"},"yoast_head":"<!-- This site is optimized with the Yoast SEO plugin v27.2 - https:\/\/yoast.com\/product\/yoast-seo-wordpress\/ -->\n<title>Drehriegel mit verchromtem Knebelgriff - OMR Serrature<\/title>\n<meta name=\"robots\" content=\"index, follow, max-snippet:-1, max-image-preview:large, max-video-preview:-1\" \/>\n<link rel=\"canonical\" href=\"https:\/\/www.omrserrature.it\/de\/produkt\/21-mm-t-griff-3\/\" \/>\n<meta property=\"og:locale\" content=\"de_DE\" \/>\n<meta property=\"og:type\" content=\"article\" \/>\n<meta property=\"og:title\" content=\"Drehriegel mit verchromtem Knebelgriff - OMR Serrature\" \/>\n<meta property=\"og:description\" content=\"Durch Drehen bewegt der T-f\u00f6rmige Griff des Hammers den Hebel oder die vertikalen M\u00f6belt\u00fcren, so dass die T\u00fcr ge\u00f6ffnet oder geschlossen werden kann. Der Griff mit seinem ergonomischen Griff ist aus Metalldruckguss gefertigt und mit einer verchromten Zinklegierung versehen.\" \/>\n<meta property=\"og:url\" content=\"https:\/\/www.omrserrature.it\/de\/produkt\/21-mm-t-griff-3\/\" \/>\n<meta property=\"og:site_name\" content=\"OMR Serrature | Produzione sistemi di chiusura\" \/>\n<meta property=\"article:publisher\" content=\"https:\/\/www.facebook.com\/OMRserrature\" \/>\n<meta property=\"article:modified_time\" content=\"2026-04-08T10:47:16+00:00\" \/>\n<meta property=\"og:image\" content=\"https:\/\/www.omrserrature.it\/wp-content\/uploads\/2017\/10\/maniglia-cromata.jpg\" \/>\n\t<meta property=\"og:image:width\" content=\"668\" \/>\n\t<meta property=\"og:image:height\" content=\"454\" \/>\n\t<meta property=\"og:image:type\" content=\"image\/jpeg\" \/>\n<meta name=\"twitter:card\" content=\"summary_large_image\" \/>\n<meta name=\"twitter:label1\" content=\"Gesch\u00e4tzte Lesezeit\" \/>\n\t<meta name=\"twitter:data1\" content=\"1\u00a0Minute\" \/>\n<script type=\"application\/ld+json\" class=\"yoast-schema-graph\">{\"@context\":\"https:\/\/schema.org\",\"@graph\":[{\"@type\":\"WebPage\",\"@id\":\"https:\/\/www.omrserrature.it\/de\/produkt\/21-mm-t-griff-3\/\",\"url\":\"https:\/\/www.omrserrature.it\/de\/produkt\/21-mm-t-griff-3\/\",\"name\":\"Drehriegel mit verchromtem Knebelgriff - OMR Serrature\",\"isPartOf\":{\"@id\":\"https:\/\/www.omrserrature.it\/de\/#website\"},\"primaryImageOfPage\":{\"@id\":\"https:\/\/www.omrserrature.it\/de\/produkt\/21-mm-t-griff-3\/#primaryimage\"},\"image\":{\"@id\":\"https:\/\/www.omrserrature.it\/de\/produkt\/21-mm-t-griff-3\/#primaryimage\"},\"thumbnailUrl\":\"https:\/\/www.omrserrature.it\/wp-content\/uploads\/2017\/10\/maniglia-cromata.jpg\",\"datePublished\":\"2012-10-17T14:40:00+00:00\",\"dateModified\":\"2026-04-08T10:47:16+00:00\",\"breadcrumb\":{\"@id\":\"https:\/\/www.omrserrature.it\/de\/produkt\/21-mm-t-griff-3\/#breadcrumb\"},\"inLanguage\":\"de\",\"potentialAction\":[{\"@type\":\"ReadAction\",\"target\":[\"https:\/\/www.omrserrature.it\/de\/produkt\/21-mm-t-griff-3\/\"]}]},{\"@type\":\"ImageObject\",\"inLanguage\":\"de\",\"@id\":\"https:\/\/www.omrserrature.it\/de\/produkt\/21-mm-t-griff-3\/#primaryimage\",\"url\":\"https:\/\/www.omrserrature.it\/wp-content\/uploads\/2017\/10\/maniglia-cromata.jpg\",\"contentUrl\":\"https:\/\/www.omrserrature.it\/wp-content\/uploads\/2017\/10\/maniglia-cromata.jpg\",\"width\":668,\"height\":454,\"caption\":\"T-Griff mit Griff - verchromt ohne Schloss\"},{\"@type\":\"BreadcrumbList\",\"@id\":\"https:\/\/www.omrserrature.it\/de\/produkt\/21-mm-t-griff-3\/#breadcrumb\",\"itemListElement\":[{\"@type\":\"ListItem\",\"position\":1,\"name\":\"Home\",\"item\":\"https:\/\/www.omrserrature.it\/de\/omr-serrature-sistemi-chiusura\/\"},{\"@type\":\"ListItem\",\"position\":2,\"name\":\"Katalog\",\"item\":\"https:\/\/www.omrserrature.it\/katalog\/?lang=de\"},{\"@type\":\"ListItem\",\"position\":3,\"name\":\"Anwendungen\",\"item\":\"https:\/\/www.omrserrature.it\/de\/katalog\/anwendungen\/\"},{\"@type\":\"ListItem\",\"position\":4,\"name\":\"Schl\u00f6sser f\u00fcr Transportmittel\",\"item\":\"https:\/\/www.omrserrature.it\/de\/katalog\/anwendungen\/schlosser-fur-transportmittel\/\"},{\"@type\":\"ListItem\",\"position\":5,\"name\":\"Boot-Schl\u00f6sser\",\"item\":\"https:\/\/www.omrserrature.it\/de\/katalog\/anwendungen\/schlosser-fur-transportmittel\/boot-schlosser\/\"},{\"@type\":\"ListItem\",\"position\":6,\"name\":\"Drehriegel mit verchromtem Knebelgriff\"}]},{\"@type\":\"WebSite\",\"@id\":\"https:\/\/www.omrserrature.it\/de\/#website\",\"url\":\"https:\/\/www.omrserrature.it\/de\/\",\"name\":\"OMR Serrature | Produzione sistemi di chiusura\",\"description\":\"Produzione serrature di sicurezza e sistemi di chiusura\",\"publisher\":{\"@id\":\"https:\/\/www.omrserrature.it\/de\/#organization\"},\"potentialAction\":[{\"@type\":\"SearchAction\",\"target\":{\"@type\":\"EntryPoint\",\"urlTemplate\":\"https:\/\/www.omrserrature.it\/de\/?s={search_term_string}\"},\"query-input\":{\"@type\":\"PropertyValueSpecification\",\"valueRequired\":true,\"valueName\":\"search_term_string\"}}],\"inLanguage\":\"de\"},{\"@type\":\"Organization\",\"@id\":\"https:\/\/www.omrserrature.it\/de\/#organization\",\"name\":\"OMR Serrature | Produzione sistemi di chiusura\",\"url\":\"https:\/\/www.omrserrature.it\/de\/\",\"logo\":{\"@type\":\"ImageObject\",\"inLanguage\":\"de\",\"@id\":\"https:\/\/www.omrserrature.it\/de\/#\/schema\/logo\/image\/\",\"url\":\"https:\/\/www.omrserrature.it\/wp-content\/uploads\/2017\/09\/favicon-omr-114.png\",\"contentUrl\":\"https:\/\/www.omrserrature.it\/wp-content\/uploads\/2017\/09\/favicon-omr-114.png\",\"width\":114,\"height\":114,\"caption\":\"OMR Serrature | Produzione sistemi di chiusura\"},\"image\":{\"@id\":\"https:\/\/www.omrserrature.it\/de\/#\/schema\/logo\/image\/\"},\"sameAs\":[\"https:\/\/www.facebook.com\/OMRserrature\",\"https:\/\/www.linkedin.com\/company\/omrserrature\/\",\"https:\/\/www.youtube.com\/channel\/UCxmA85z2R0EpG_6IRokiAkg\"]}]}<\/script>\n<!-- \/ Yoast SEO plugin. -->","yoast_head_json":{"title":"Drehriegel mit verchromtem Knebelgriff - OMR Serrature","robots":{"index":"index","follow":"follow","max-snippet":"max-snippet:-1","max-image-preview":"max-image-preview:large","max-video-preview":"max-video-preview:-1"},"canonical":"https:\/\/www.omrserrature.it\/de\/produkt\/21-mm-t-griff-3\/","og_locale":"de_DE","og_type":"article","og_title":"Drehriegel mit verchromtem Knebelgriff - OMR Serrature","og_description":"Durch Drehen bewegt der T-f\u00f6rmige Griff des Hammers den Hebel oder die vertikalen M\u00f6belt\u00fcren, so dass die T\u00fcr ge\u00f6ffnet oder geschlossen werden kann. Der Griff mit seinem ergonomischen Griff ist aus Metalldruckguss gefertigt und mit einer verchromten Zinklegierung versehen.","og_url":"https:\/\/www.omrserrature.it\/de\/produkt\/21-mm-t-griff-3\/","og_site_name":"OMR Serrature | Produzione sistemi di chiusura","article_publisher":"https:\/\/www.facebook.com\/OMRserrature","article_modified_time":"2026-04-08T10:47:16+00:00","og_image":[{"width":668,"height":454,"url":"https:\/\/www.omrserrature.it\/wp-content\/uploads\/2017\/10\/maniglia-cromata.jpg","type":"image\/jpeg"}],"twitter_card":"summary_large_image","twitter_misc":{"Gesch\u00e4tzte Lesezeit":"1\u00a0Minute"},"schema":{"@context":"https:\/\/schema.org","@graph":[{"@type":"WebPage","@id":"https:\/\/www.omrserrature.it\/de\/produkt\/21-mm-t-griff-3\/","url":"https:\/\/www.omrserrature.it\/de\/produkt\/21-mm-t-griff-3\/","name":"Drehriegel mit verchromtem Knebelgriff - OMR Serrature","isPartOf":{"@id":"https:\/\/www.omrserrature.it\/de\/#website"},"primaryImageOfPage":{"@id":"https:\/\/www.omrserrature.it\/de\/produkt\/21-mm-t-griff-3\/#primaryimage"},"image":{"@id":"https:\/\/www.omrserrature.it\/de\/produkt\/21-mm-t-griff-3\/#primaryimage"},"thumbnailUrl":"https:\/\/www.omrserrature.it\/wp-content\/uploads\/2017\/10\/maniglia-cromata.jpg","datePublished":"2012-10-17T14:40:00+00:00","dateModified":"2026-04-08T10:47:16+00:00","breadcrumb":{"@id":"https:\/\/www.omrserrature.it\/de\/produkt\/21-mm-t-griff-3\/#breadcrumb"},"inLanguage":"de","potentialAction":[{"@type":"ReadAction","target":["https:\/\/www.omrserrature.it\/de\/produkt\/21-mm-t-griff-3\/"]}]},{"@type":"ImageObject","inLanguage":"de","@id":"https:\/\/www.omrserrature.it\/de\/produkt\/21-mm-t-griff-3\/#primaryimage","url":"https:\/\/www.omrserrature.it\/wp-content\/uploads\/2017\/10\/maniglia-cromata.jpg","contentUrl":"https:\/\/www.omrserrature.it\/wp-content\/uploads\/2017\/10\/maniglia-cromata.jpg","width":668,"height":454,"caption":"T-Griff mit Griff - verchromt ohne Schloss"},{"@type":"BreadcrumbList","@id":"https:\/\/www.omrserrature.it\/de\/produkt\/21-mm-t-griff-3\/#breadcrumb","itemListElement":[{"@type":"ListItem","position":1,"name":"Home","item":"https:\/\/www.omrserrature.it\/de\/omr-serrature-sistemi-chiusura\/"},{"@type":"ListItem","position":2,"name":"Katalog","item":"https:\/\/www.omrserrature.it\/katalog\/?lang=de"},{"@type":"ListItem","position":3,"name":"Anwendungen","item":"https:\/\/www.omrserrature.it\/de\/katalog\/anwendungen\/"},{"@type":"ListItem","position":4,"name":"Schl\u00f6sser f\u00fcr Transportmittel","item":"https:\/\/www.omrserrature.it\/de\/katalog\/anwendungen\/schlosser-fur-transportmittel\/"},{"@type":"ListItem","position":5,"name":"Boot-Schl\u00f6sser","item":"https:\/\/www.omrserrature.it\/de\/katalog\/anwendungen\/schlosser-fur-transportmittel\/boot-schlosser\/"},{"@type":"ListItem","position":6,"name":"Drehriegel mit verchromtem Knebelgriff"}]},{"@type":"WebSite","@id":"https:\/\/www.omrserrature.it\/de\/#website","url":"https:\/\/www.omrserrature.it\/de\/","name":"OMR Serrature | Produzione sistemi di chiusura","description":"Produzione serrature di sicurezza e sistemi di chiusura","publisher":{"@id":"https:\/\/www.omrserrature.it\/de\/#organization"},"potentialAction":[{"@type":"SearchAction","target":{"@type":"EntryPoint","urlTemplate":"https:\/\/www.omrserrature.it\/de\/?s={search_term_string}"},"query-input":{"@type":"PropertyValueSpecification","valueRequired":true,"valueName":"search_term_string"}}],"inLanguage":"de"},{"@type":"Organization","@id":"https:\/\/www.omrserrature.it\/de\/#organization","name":"OMR Serrature | Produzione sistemi di chiusura","url":"https:\/\/www.omrserrature.it\/de\/","logo":{"@type":"ImageObject","inLanguage":"de","@id":"https:\/\/www.omrserrature.it\/de\/#\/schema\/logo\/image\/","url":"https:\/\/www.omrserrature.it\/wp-content\/uploads\/2017\/09\/favicon-omr-114.png","contentUrl":"https:\/\/www.omrserrature.it\/wp-content\/uploads\/2017\/09\/favicon-omr-114.png","width":114,"height":114,"caption":"OMR Serrature | Produzione sistemi di chiusura"},"image":{"@id":"https:\/\/www.omrserrature.it\/de\/#\/schema\/logo\/image\/"},"sameAs":["https:\/\/www.facebook.com\/OMRserrature","https:\/\/www.linkedin.com\/company\/omrserrature\/","https:\/\/www.youtube.com\/channel\/UCxmA85z2R0EpG_6IRokiAkg"]}]}},"_links":{"self":[{"href":"https:\/\/www.omrserrature.it\/de\/wp-json\/wp\/v2\/product\/11480","targetHints":{"allow":["GET"]}}],"collection":[{"href":"https:\/\/www.omrserrature.it\/de\/wp-json\/wp\/v2\/product"}],"about":[{"href":"https:\/\/www.omrserrature.it\/de\/wp-json\/wp\/v2\/types\/product"}],"replies":[{"embeddable":true,"href":"https:\/\/www.omrserrature.it\/de\/wp-json\/wp\/v2\/comments?post=11480"}],"wp:featuredmedia":[{"embeddable":true,"href":"https:\/\/www.omrserrature.it\/de\/wp-json\/wp\/v2\/media\/3499"}],"wp:attachment":[{"href":"https:\/\/www.omrserrature.it\/de\/wp-json\/wp\/v2\/media?parent=11480"}],"wp:term":[{"taxonomy":"product_brand","embeddable":true,"href":"https:\/\/www.omrserrature.it\/de\/wp-json\/wp\/v2\/product_brand?post=11480"},{"taxonomy":"product_cat","embeddable":true,"href":"https:\/\/www.omrserrature.it\/de\/wp-json\/wp\/v2\/product_cat?post=11480"},{"taxonomy":"product_tag","embeddable":true,"href":"https:\/\/www.omrserrature.it\/de\/wp-json\/wp\/v2\/product_tag?post=11480"}],"curies":[{"name":"wp","href":"https:\/\/api.w.org\/{rel}","templated":true}]}}