{"id":11478,"date":"2017-10-12T16:16:03","date_gmt":"2012-10-17T14:16:00","guid":{"rendered":"http:\/\/staging6.omrserrature.it\/prodotto\/drehriegel-mit-verchromtem-knebelgriff-mit-schloss\/"},"modified":"2026-04-08T12:50:11","modified_gmt":"2026-04-08T10:50:11","slug":"21-mm-t-griff","status":"publish","type":"product","link":"https:\/\/www.omrserrature.it\/de\/produkt\/21-mm-t-griff\/","title":{"rendered":"Chromgriff mit Schloss"},"content":{"rendered":"<p>Der <strong>T-f\u00f6rmige<\/strong> Griff des <strong>Hammers<\/strong> ist mit einem Pl\u00e4ttchenzylinder ausgestattet, der es erm\u00f6glicht, den Griff selbst und damit auch den Hebel oder die vertikalen Stangen nach dem \u00d6ffnen mit einem Schl\u00fcssel zu drehen.<\/p>\n<p>Der<strong> ergonomisch geformte<\/strong> Griff ist aus einer verchromten Zinklegierung gefertigt, w\u00e4hrend der Zylinder mit Edelstahl beschichtet ist. Der Schl\u00fcssel ist aus vernickeltem Messing, auf Wunsch mit Kunststoffgriff oder als Kippschl\u00fcssel erh\u00e4ltlich. Der Tasteneingang kann durch eine Staubschutzklappe gesch\u00fctzt werden.<\/p>\n<p>Der <strong>abschlie\u00dfbare T-Griff<\/strong> kann an Schaltschr\u00e4nken, Metallschr\u00e4nken mit Tankeinheiten, Gel\u00e4ndewagent\u00fcren, Industriemaschinen, Klappt\u00fcren oder Stahlboxen angebracht werden.<\/p>\n","protected":false},"excerpt":{"rendered":"<p><strong>Der verschlie\u00dfbare<\/strong><strong> Griff mit seinem ergonomischen Griff<\/strong> besteht aus einer verchromten Zinklegierung, w\u00e4hrend der Zylinder aus rostfreiem Stahl gefertigt ist. Der Schl\u00fcssel ist aus vernickeltem Messing, auf Wunsch mit Kunststoffgriff oder als Kippschl\u00fcssel erh\u00e4ltlich.<\/p>\n<p>Der Tasteneingang kann durch eine Staubschutzklappe gesch\u00fctzt werden.<\/p>\n","protected":false},"featured_media":3505,"comment_status":"open","ping_status":"closed","template":"","meta":{"_acf_changed":false,"_et_pb_use_builder":"","_et_pb_old_content":"","_et_gb_content_width":""},"product_brand":[],"product_cat":[3765,3768,3875,3779,3796,3842,3852,3827,3839,3840,3797,3860],"product_tag":[],"class_list":{"0":"post-11478","1":"product","2":"type-product","3":"status-publish","4":"has-post-thumbnail","6":"product_cat-abschlusssysteme-fur-die-industrie","7":"product_cat-automatisierung-und-hausautomation","8":"product_cat-boot-schlosser","9":"product_cat-griffe-und-knopfe","10":"product_cat-hauptschlussel-schlosser","11":"product_cat-schlosser-fur-die-elektromechanische-industrie","12":"product_cat-schlosser-fur-industrieschranke","13":"product_cat-schlosser-fur-schaltschranke","14":"product_cat-schlosser-fur-schrankfronten","15":"product_cat-schlosser-fur-seitenwandturen","16":"product_cat-schlosser-mit-drehbarem-griff","17":"product_cat-turschlosser","19":"first","20":"instock","21":"shipping-taxable","22":"purchasable","23":"product-type-variable","24":"has-default-attributes"},"acf":{"pdf1":"https:\/\/www.omrserrature.it\/wp-content\/uploads\/schede\/Scheda_220050.pdf"},"yoast_head":"<!-- This site is optimized with the Yoast SEO plugin v27.2 - https:\/\/yoast.com\/product\/yoast-seo-wordpress\/ -->\n<title>Chromgriff mit Schloss - OMR Serrature<\/title>\n<meta name=\"robots\" content=\"index, follow, max-snippet:-1, max-image-preview:large, max-video-preview:-1\" \/>\n<link rel=\"canonical\" href=\"https:\/\/www.omrserrature.it\/de\/produkt\/21-mm-t-griff\/\" \/>\n<meta property=\"og:locale\" content=\"de_DE\" \/>\n<meta property=\"og:type\" content=\"article\" \/>\n<meta property=\"og:title\" content=\"Chromgriff mit Schloss - OMR Serrature\" \/>\n<meta property=\"og:description\" content=\"Der verschlie\u00dfbare Griff mit seinem ergonomischen Griff besteht aus einer verchromten Zinklegierung, w\u00e4hrend der Zylinder aus rostfreiem Stahl gefertigt ist. Der Schl\u00fcssel ist aus vernickeltem Messing, auf Wunsch mit Kunststoffgriff oder als Kippschl\u00fcssel erh\u00e4ltlich. Der Tasteneingang kann durch eine Staubschutzklappe gesch\u00fctzt werden.\" \/>\n<meta property=\"og:url\" content=\"https:\/\/www.omrserrature.it\/de\/produkt\/21-mm-t-griff\/\" \/>\n<meta property=\"og:site_name\" content=\"OMR Serrature | Produzione sistemi di chiusura\" \/>\n<meta property=\"article:publisher\" content=\"https:\/\/www.facebook.com\/OMRserrature\" \/>\n<meta property=\"article:modified_time\" content=\"2026-04-08T10:50:11+00:00\" \/>\n<meta property=\"og:image\" content=\"https:\/\/www.omrserrature.it\/wp-content\/uploads\/2017\/10\/maniglia-cromata-serratura.jpg\" \/>\n\t<meta property=\"og:image:width\" content=\"671\" \/>\n\t<meta property=\"og:image:height\" content=\"477\" \/>\n\t<meta property=\"og:image:type\" content=\"image\/jpeg\" \/>\n<meta name=\"twitter:card\" content=\"summary_large_image\" \/>\n<meta name=\"twitter:label1\" content=\"Gesch\u00e4tzte Lesezeit\" \/>\n\t<meta name=\"twitter:data1\" content=\"1\u00a0Minute\" \/>\n<script type=\"application\/ld+json\" class=\"yoast-schema-graph\">{\"@context\":\"https:\/\/schema.org\",\"@graph\":[{\"@type\":\"WebPage\",\"@id\":\"https:\/\/www.omrserrature.it\/de\/produkt\/21-mm-t-griff\/\",\"url\":\"https:\/\/www.omrserrature.it\/de\/produkt\/21-mm-t-griff\/\",\"name\":\"Chromgriff mit Schloss - OMR Serrature\",\"isPartOf\":{\"@id\":\"https:\/\/www.omrserrature.it\/de\/#website\"},\"primaryImageOfPage\":{\"@id\":\"https:\/\/www.omrserrature.it\/de\/produkt\/21-mm-t-griff\/#primaryimage\"},\"image\":{\"@id\":\"https:\/\/www.omrserrature.it\/de\/produkt\/21-mm-t-griff\/#primaryimage\"},\"thumbnailUrl\":\"https:\/\/www.omrserrature.it\/wp-content\/uploads\/2017\/10\/maniglia-cromata-serratura.jpg\",\"datePublished\":\"2012-10-17T14:16:00+00:00\",\"dateModified\":\"2026-04-08T10:50:11+00:00\",\"breadcrumb\":{\"@id\":\"https:\/\/www.omrserrature.it\/de\/produkt\/21-mm-t-griff\/#breadcrumb\"},\"inLanguage\":\"de\",\"potentialAction\":[{\"@type\":\"ReadAction\",\"target\":[\"https:\/\/www.omrserrature.it\/de\/produkt\/21-mm-t-griff\/\"]}]},{\"@type\":\"ImageObject\",\"inLanguage\":\"de\",\"@id\":\"https:\/\/www.omrserrature.it\/de\/produkt\/21-mm-t-griff\/#primaryimage\",\"url\":\"https:\/\/www.omrserrature.it\/wp-content\/uploads\/2017\/10\/maniglia-cromata-serratura.jpg\",\"contentUrl\":\"https:\/\/www.omrserrature.it\/wp-content\/uploads\/2017\/10\/maniglia-cromata-serratura.jpg\",\"width\":671,\"height\":477,\"caption\":\"T-Griff - verstellbar mit Schloss - Chrom (Garagentorschlossgriff)\"},{\"@type\":\"BreadcrumbList\",\"@id\":\"https:\/\/www.omrserrature.it\/de\/produkt\/21-mm-t-griff\/#breadcrumb\",\"itemListElement\":[{\"@type\":\"ListItem\",\"position\":1,\"name\":\"Home\",\"item\":\"https:\/\/www.omrserrature.it\/de\/omr-serrature-sistemi-chiusura\/\"},{\"@type\":\"ListItem\",\"position\":2,\"name\":\"Katalog\",\"item\":\"https:\/\/www.omrserrature.it\/katalog\/?lang=de\"},{\"@type\":\"ListItem\",\"position\":3,\"name\":\"Anwendungen\",\"item\":\"https:\/\/www.omrserrature.it\/de\/katalog\/anwendungen\/\"},{\"@type\":\"ListItem\",\"position\":4,\"name\":\"Schl\u00f6sser f\u00fcr Transportmittel\",\"item\":\"https:\/\/www.omrserrature.it\/de\/katalog\/anwendungen\/schlosser-fur-transportmittel\/\"},{\"@type\":\"ListItem\",\"position\":5,\"name\":\"Boot-Schl\u00f6sser\",\"item\":\"https:\/\/www.omrserrature.it\/de\/katalog\/anwendungen\/schlosser-fur-transportmittel\/boot-schlosser\/\"},{\"@type\":\"ListItem\",\"position\":6,\"name\":\"Chromgriff mit Schloss\"}]},{\"@type\":\"WebSite\",\"@id\":\"https:\/\/www.omrserrature.it\/de\/#website\",\"url\":\"https:\/\/www.omrserrature.it\/de\/\",\"name\":\"OMR Serrature | Produzione sistemi di chiusura\",\"description\":\"Produzione serrature di sicurezza e sistemi di chiusura\",\"publisher\":{\"@id\":\"https:\/\/www.omrserrature.it\/de\/#organization\"},\"potentialAction\":[{\"@type\":\"SearchAction\",\"target\":{\"@type\":\"EntryPoint\",\"urlTemplate\":\"https:\/\/www.omrserrature.it\/de\/?s={search_term_string}\"},\"query-input\":{\"@type\":\"PropertyValueSpecification\",\"valueRequired\":true,\"valueName\":\"search_term_string\"}}],\"inLanguage\":\"de\"},{\"@type\":\"Organization\",\"@id\":\"https:\/\/www.omrserrature.it\/de\/#organization\",\"name\":\"OMR Serrature | Produzione sistemi di chiusura\",\"url\":\"https:\/\/www.omrserrature.it\/de\/\",\"logo\":{\"@type\":\"ImageObject\",\"inLanguage\":\"de\",\"@id\":\"https:\/\/www.omrserrature.it\/de\/#\/schema\/logo\/image\/\",\"url\":\"https:\/\/www.omrserrature.it\/wp-content\/uploads\/2017\/09\/favicon-omr-114.png\",\"contentUrl\":\"https:\/\/www.omrserrature.it\/wp-content\/uploads\/2017\/09\/favicon-omr-114.png\",\"width\":114,\"height\":114,\"caption\":\"OMR Serrature | Produzione sistemi di chiusura\"},\"image\":{\"@id\":\"https:\/\/www.omrserrature.it\/de\/#\/schema\/logo\/image\/\"},\"sameAs\":[\"https:\/\/www.facebook.com\/OMRserrature\",\"https:\/\/www.linkedin.com\/company\/omrserrature\/\",\"https:\/\/www.youtube.com\/channel\/UCxmA85z2R0EpG_6IRokiAkg\"]}]}<\/script>\n<!-- \/ Yoast SEO plugin. -->","yoast_head_json":{"title":"Chromgriff mit Schloss - OMR Serrature","robots":{"index":"index","follow":"follow","max-snippet":"max-snippet:-1","max-image-preview":"max-image-preview:large","max-video-preview":"max-video-preview:-1"},"canonical":"https:\/\/www.omrserrature.it\/de\/produkt\/21-mm-t-griff\/","og_locale":"de_DE","og_type":"article","og_title":"Chromgriff mit Schloss - OMR Serrature","og_description":"Der verschlie\u00dfbare Griff mit seinem ergonomischen Griff besteht aus einer verchromten Zinklegierung, w\u00e4hrend der Zylinder aus rostfreiem Stahl gefertigt ist. Der Schl\u00fcssel ist aus vernickeltem Messing, auf Wunsch mit Kunststoffgriff oder als Kippschl\u00fcssel erh\u00e4ltlich. Der Tasteneingang kann durch eine Staubschutzklappe gesch\u00fctzt werden.","og_url":"https:\/\/www.omrserrature.it\/de\/produkt\/21-mm-t-griff\/","og_site_name":"OMR Serrature | Produzione sistemi di chiusura","article_publisher":"https:\/\/www.facebook.com\/OMRserrature","article_modified_time":"2026-04-08T10:50:11+00:00","og_image":[{"width":671,"height":477,"url":"https:\/\/www.omrserrature.it\/wp-content\/uploads\/2017\/10\/maniglia-cromata-serratura.jpg","type":"image\/jpeg"}],"twitter_card":"summary_large_image","twitter_misc":{"Gesch\u00e4tzte Lesezeit":"1\u00a0Minute"},"schema":{"@context":"https:\/\/schema.org","@graph":[{"@type":"WebPage","@id":"https:\/\/www.omrserrature.it\/de\/produkt\/21-mm-t-griff\/","url":"https:\/\/www.omrserrature.it\/de\/produkt\/21-mm-t-griff\/","name":"Chromgriff mit Schloss - OMR Serrature","isPartOf":{"@id":"https:\/\/www.omrserrature.it\/de\/#website"},"primaryImageOfPage":{"@id":"https:\/\/www.omrserrature.it\/de\/produkt\/21-mm-t-griff\/#primaryimage"},"image":{"@id":"https:\/\/www.omrserrature.it\/de\/produkt\/21-mm-t-griff\/#primaryimage"},"thumbnailUrl":"https:\/\/www.omrserrature.it\/wp-content\/uploads\/2017\/10\/maniglia-cromata-serratura.jpg","datePublished":"2012-10-17T14:16:00+00:00","dateModified":"2026-04-08T10:50:11+00:00","breadcrumb":{"@id":"https:\/\/www.omrserrature.it\/de\/produkt\/21-mm-t-griff\/#breadcrumb"},"inLanguage":"de","potentialAction":[{"@type":"ReadAction","target":["https:\/\/www.omrserrature.it\/de\/produkt\/21-mm-t-griff\/"]}]},{"@type":"ImageObject","inLanguage":"de","@id":"https:\/\/www.omrserrature.it\/de\/produkt\/21-mm-t-griff\/#primaryimage","url":"https:\/\/www.omrserrature.it\/wp-content\/uploads\/2017\/10\/maniglia-cromata-serratura.jpg","contentUrl":"https:\/\/www.omrserrature.it\/wp-content\/uploads\/2017\/10\/maniglia-cromata-serratura.jpg","width":671,"height":477,"caption":"T-Griff - verstellbar mit Schloss - Chrom (Garagentorschlossgriff)"},{"@type":"BreadcrumbList","@id":"https:\/\/www.omrserrature.it\/de\/produkt\/21-mm-t-griff\/#breadcrumb","itemListElement":[{"@type":"ListItem","position":1,"name":"Home","item":"https:\/\/www.omrserrature.it\/de\/omr-serrature-sistemi-chiusura\/"},{"@type":"ListItem","position":2,"name":"Katalog","item":"https:\/\/www.omrserrature.it\/katalog\/?lang=de"},{"@type":"ListItem","position":3,"name":"Anwendungen","item":"https:\/\/www.omrserrature.it\/de\/katalog\/anwendungen\/"},{"@type":"ListItem","position":4,"name":"Schl\u00f6sser f\u00fcr Transportmittel","item":"https:\/\/www.omrserrature.it\/de\/katalog\/anwendungen\/schlosser-fur-transportmittel\/"},{"@type":"ListItem","position":5,"name":"Boot-Schl\u00f6sser","item":"https:\/\/www.omrserrature.it\/de\/katalog\/anwendungen\/schlosser-fur-transportmittel\/boot-schlosser\/"},{"@type":"ListItem","position":6,"name":"Chromgriff mit Schloss"}]},{"@type":"WebSite","@id":"https:\/\/www.omrserrature.it\/de\/#website","url":"https:\/\/www.omrserrature.it\/de\/","name":"OMR Serrature | Produzione sistemi di chiusura","description":"Produzione serrature di sicurezza e sistemi di chiusura","publisher":{"@id":"https:\/\/www.omrserrature.it\/de\/#organization"},"potentialAction":[{"@type":"SearchAction","target":{"@type":"EntryPoint","urlTemplate":"https:\/\/www.omrserrature.it\/de\/?s={search_term_string}"},"query-input":{"@type":"PropertyValueSpecification","valueRequired":true,"valueName":"search_term_string"}}],"inLanguage":"de"},{"@type":"Organization","@id":"https:\/\/www.omrserrature.it\/de\/#organization","name":"OMR Serrature | Produzione sistemi di chiusura","url":"https:\/\/www.omrserrature.it\/de\/","logo":{"@type":"ImageObject","inLanguage":"de","@id":"https:\/\/www.omrserrature.it\/de\/#\/schema\/logo\/image\/","url":"https:\/\/www.omrserrature.it\/wp-content\/uploads\/2017\/09\/favicon-omr-114.png","contentUrl":"https:\/\/www.omrserrature.it\/wp-content\/uploads\/2017\/09\/favicon-omr-114.png","width":114,"height":114,"caption":"OMR Serrature | Produzione sistemi di chiusura"},"image":{"@id":"https:\/\/www.omrserrature.it\/de\/#\/schema\/logo\/image\/"},"sameAs":["https:\/\/www.facebook.com\/OMRserrature","https:\/\/www.linkedin.com\/company\/omrserrature\/","https:\/\/www.youtube.com\/channel\/UCxmA85z2R0EpG_6IRokiAkg"]}]}},"_links":{"self":[{"href":"https:\/\/www.omrserrature.it\/de\/wp-json\/wp\/v2\/product\/11478","targetHints":{"allow":["GET"]}}],"collection":[{"href":"https:\/\/www.omrserrature.it\/de\/wp-json\/wp\/v2\/product"}],"about":[{"href":"https:\/\/www.omrserrature.it\/de\/wp-json\/wp\/v2\/types\/product"}],"replies":[{"embeddable":true,"href":"https:\/\/www.omrserrature.it\/de\/wp-json\/wp\/v2\/comments?post=11478"}],"wp:featuredmedia":[{"embeddable":true,"href":"https:\/\/www.omrserrature.it\/de\/wp-json\/wp\/v2\/media\/3505"}],"wp:attachment":[{"href":"https:\/\/www.omrserrature.it\/de\/wp-json\/wp\/v2\/media?parent=11478"}],"wp:term":[{"taxonomy":"product_brand","embeddable":true,"href":"https:\/\/www.omrserrature.it\/de\/wp-json\/wp\/v2\/product_brand?post=11478"},{"taxonomy":"product_cat","embeddable":true,"href":"https:\/\/www.omrserrature.it\/de\/wp-json\/wp\/v2\/product_cat?post=11478"},{"taxonomy":"product_tag","embeddable":true,"href":"https:\/\/www.omrserrature.it\/de\/wp-json\/wp\/v2\/product_tag?post=11478"}],"curies":[{"name":"wp","href":"https:\/\/api.w.org\/{rel}","templated":true}]}}