{"id":11462,"date":"2019-03-28T16:32:58","date_gmt":"2018-03-19T15:32:00","guid":{"rendered":"http:\/\/staging6.omrserrature.it\/prodotto\/knebel-fur-siegel\/"},"modified":"2026-04-08T11:37:36","modified_gmt":"2026-04-08T09:37:36","slug":"19-mm-verschluss-fuer-vorhaengeschloss-siegel","status":"publish","type":"product","link":"https:\/\/www.omrserrature.it\/de\/produkt\/19-mm-verschluss-fuer-vorhaengeschloss-siegel\/","title":{"rendered":"Knebel f\u00fcr Siegel"},"content":{"rendered":"<p><strong>Vorh\u00e4ngeschloss<\/strong> aus Zinklegierung, geeignet f\u00fcr das Einsetzen von Sicherheitsplomben und Vorh\u00e4ngeschl\u00f6ssern aus Kunststoff, Metall, wiederverwendbar, wiederverwendbar, b\u00fcndig, drosselbar, z\u00e4hlbar oder elektronisch.<br \/>\nDank der verschiedenen L\u00e4ngen des Gewindek\u00f6rpers ist es m\u00f6glich, ihn sowohl an Metall- als auch an Holzm\u00f6beln oder an Materialien mit einer Dicke von bis zu 25 mm anzubringen. Der praktische, <strong>anpassbare<\/strong> Griff erm\u00f6glicht es, die Zunge zu bewegen. Nach dem Einsetzen des Siegels wird der Griff in der geschlossenen Position verriegelt und verhindert so eine Drehung. Alternativ zum Siegel kann man ein 30 mm oder 40 mm Vorh\u00e4ngeschloss verwenden.<\/p>\n<p>Der Abschluss kann auch aus <strong>Technopolymer<\/strong> hergestellt werden, einem speziellen &#8218;Metallkunststoff&#8216;, der eine der Aluminiumlegierung ebenb\u00fcrtige mechanische Leistung, Best\u00e4ndigkeit gegen Witterungseinfl\u00fcsse und Korrosion sowie eine perfekte \u00e4sthetische Integration in Ihr Produkt garantiert, dank der breiten Palette an verf\u00fcgbaren Farben. Der quadratische 7-mm-Anschluss erm\u00f6glicht Ihnen au\u00dferdem die Installation einer Vielzahl von <strong>geraden, gekr\u00f6pften und Hakenzungen<\/strong>, ohne dabei die M\u00f6glichkeit zu vernachl\u00e4ssigen, Mehrpunkt-Hebel f\u00fcr die Bewegung der Stangen einzusetzen. <\/p>\n<p>Es eignet sich insbesondere f\u00fcr alle Anwendungen, die einen Abschluss mit hoher mechanischer Festigkeit erfordern, der in einer Notsituation ge\u00f6ffnet werden kann, wie z.B. AED-Defibrillatorgestelle, Feuerwehrk\u00e4sten, Notfallwagen, Schr\u00e4nke mit medizinischen Ger\u00e4ten oder ganz allgemein, um zu verhindern, dass das enthaltene Material <strong>manipuliert, gef\u00e4lscht oder gestohlen wird.<\/strong><\/p>\n<p>Perfekt f\u00fcr alle Arten von Schlie\u00dff\u00e4chern in B\u00fcros, Fitnessstudios, Sportzentren, Spas und Museen.<\/p>\n","protected":false},"excerpt":{"rendered":"<p>Schloss mit Vorh\u00e4ngeschloss und Plombenhalterung aus Zinklegierung, geeignet zum Einsetzen von Sicherheitsplomben oder Vorh\u00e4ngeschl\u00f6ssern aus Kunststoff, Metall, wiederverwendbar, Draht, numerierbar oder elektronisch. Der praktische, <strong>anpassbare<\/strong> Griff erm\u00f6glicht das Bewegen der hinteren Zunge. Nach dem Einsetzen des Siegels ist der Griff in der geschlossenen Position verriegelt und kann nicht mehr gedreht werden. <\/p>\n<p>Dieses Produkt ist eine schnelle und perfekte L\u00f6sung f\u00fcr den Abschluss von Schlie\u00dff\u00e4chern in B\u00fcros, Fitnessstudios und Museen.<\/p>\n","protected":false},"featured_media":11088,"comment_status":"open","ping_status":"closed","template":"","meta":{"_acf_changed":false,"_et_pb_use_builder":"","_et_pb_old_content":"","_et_gb_content_width":""},"product_brand":[],"product_cat":[3837,3779,3825,3829,3772,3758,3847,3852,3851,3797,3860,3764],"product_tag":[],"class_list":{"0":"post-11462","1":"product","2":"type-product","3":"status-publish","4":"has-post-thumbnail","6":"product_cat-gdpr-konformes-schrankschloss","7":"product_cat-griffe-und-knopfe","8":"product_cat-hebel-schlosser","9":"product_cat-kabinett-schlosser","10":"product_cat-krankenhauser-und-gesundheitsbereich","11":"product_cat-schloss","12":"product_cat-schlosser-fur-gefahrstoffschranke","13":"product_cat-schlosser-fur-industrieschranke","14":"product_cat-schlosser-fur-pflanzenschutzschranke","15":"product_cat-schlosser-mit-drehbarem-griff","16":"product_cat-turschlosser","17":"product_cat-wasser-luft-gas-fur-firmen","19":"first","20":"instock","21":"shipping-taxable","22":"purchasable","23":"product-type-variable","24":"has-default-attributes"},"acf":{"pdf1":"https:\/\/www.omrserrature.it\/wp-content\/uploads\/schede\/Scheda_163380.pdf"},"yoast_head":"<!-- This site is optimized with the Yoast SEO plugin v27.2 - https:\/\/yoast.com\/product\/yoast-seo-wordpress\/ -->\n<title>Knebel f\u00fcr Siegel - OMR Serrature<\/title>\n<meta name=\"robots\" content=\"index, follow, max-snippet:-1, max-image-preview:large, max-video-preview:-1\" \/>\n<link rel=\"canonical\" href=\"https:\/\/www.omrserrature.it\/de\/produkt\/19-mm-verschluss-fuer-vorhaengeschloss-siegel\/\" \/>\n<meta property=\"og:locale\" content=\"de_DE\" \/>\n<meta property=\"og:type\" content=\"article\" \/>\n<meta property=\"og:title\" content=\"Knebel f\u00fcr Siegel - OMR Serrature\" \/>\n<meta property=\"og:description\" content=\"Schloss mit Vorh\u00e4ngeschloss und Plombenhalterung aus Zinklegierung, geeignet zum Einsetzen von Sicherheitsplomben oder Vorh\u00e4ngeschl\u00f6ssern aus Kunststoff, Metall, wiederverwendbar, Draht, numerierbar oder elektronisch. Der praktische, anpassbare Griff erm\u00f6glicht das Bewegen der hinteren Zunge. Nach dem Einsetzen des Siegels ist der Griff in der geschlossenen Position verriegelt und kann nicht mehr gedreht werden.  Dieses Produkt ist eine schnelle und perfekte L\u00f6sung f\u00fcr den Abschluss von Schlie\u00dff\u00e4chern in B\u00fcros, Fitnessstudios und Museen.\" \/>\n<meta property=\"og:url\" content=\"https:\/\/www.omrserrature.it\/de\/produkt\/19-mm-verschluss-fuer-vorhaengeschloss-siegel\/\" \/>\n<meta property=\"og:site_name\" content=\"OMR Serrature | Produzione sistemi di chiusura\" \/>\n<meta property=\"article:publisher\" content=\"https:\/\/www.facebook.com\/OMRserrature\" \/>\n<meta property=\"article:modified_time\" content=\"2026-04-08T09:37:36+00:00\" \/>\n<meta property=\"og:image\" content=\"https:\/\/www.omrserrature.it\/wp-content\/uploads\/2019\/03\/maniglietta-predisposta-sigillo.jpg\" \/>\n\t<meta property=\"og:image:width\" content=\"1189\" \/>\n\t<meta property=\"og:image:height\" content=\"757\" \/>\n\t<meta property=\"og:image:type\" content=\"image\/jpeg\" \/>\n<meta name=\"twitter:card\" content=\"summary_large_image\" \/>\n<meta name=\"twitter:label1\" content=\"Gesch\u00e4tzte Lesezeit\" \/>\n\t<meta name=\"twitter:data1\" content=\"1\u00a0Minute\" \/>\n<script type=\"application\/ld+json\" class=\"yoast-schema-graph\">{\"@context\":\"https:\/\/schema.org\",\"@graph\":[{\"@type\":\"WebPage\",\"@id\":\"https:\/\/www.omrserrature.it\/de\/produkt\/19-mm-verschluss-fuer-vorhaengeschloss-siegel\/\",\"url\":\"https:\/\/www.omrserrature.it\/de\/produkt\/19-mm-verschluss-fuer-vorhaengeschloss-siegel\/\",\"name\":\"Knebel f\u00fcr Siegel - OMR Serrature\",\"isPartOf\":{\"@id\":\"https:\/\/www.omrserrature.it\/de\/#website\"},\"primaryImageOfPage\":{\"@id\":\"https:\/\/www.omrserrature.it\/de\/produkt\/19-mm-verschluss-fuer-vorhaengeschloss-siegel\/#primaryimage\"},\"image\":{\"@id\":\"https:\/\/www.omrserrature.it\/de\/produkt\/19-mm-verschluss-fuer-vorhaengeschloss-siegel\/#primaryimage\"},\"thumbnailUrl\":\"https:\/\/www.omrserrature.it\/wp-content\/uploads\/2019\/03\/maniglietta-predisposta-sigillo.jpg\",\"datePublished\":\"2018-03-19T15:32:00+00:00\",\"dateModified\":\"2026-04-08T09:37:36+00:00\",\"breadcrumb\":{\"@id\":\"https:\/\/www.omrserrature.it\/de\/produkt\/19-mm-verschluss-fuer-vorhaengeschloss-siegel\/#breadcrumb\"},\"inLanguage\":\"de\",\"potentialAction\":[{\"@type\":\"ReadAction\",\"target\":[\"https:\/\/www.omrserrature.it\/de\/produkt\/19-mm-verschluss-fuer-vorhaengeschloss-siegel\/\"]}]},{\"@type\":\"ImageObject\",\"inLanguage\":\"de\",\"@id\":\"https:\/\/www.omrserrature.it\/de\/produkt\/19-mm-verschluss-fuer-vorhaengeschloss-siegel\/#primaryimage\",\"url\":\"https:\/\/www.omrserrature.it\/wp-content\/uploads\/2019\/03\/maniglietta-predisposta-sigillo.jpg\",\"contentUrl\":\"https:\/\/www.omrserrature.it\/wp-content\/uploads\/2019\/03\/maniglietta-predisposta-sigillo.jpg\",\"width\":1189,\"height\":757,\"caption\":\"Knebel f\u00fcr Vorh\u00e4ngeschloss oder Siegel\"},{\"@type\":\"BreadcrumbList\",\"@id\":\"https:\/\/www.omrserrature.it\/de\/produkt\/19-mm-verschluss-fuer-vorhaengeschloss-siegel\/#breadcrumb\",\"itemListElement\":[{\"@type\":\"ListItem\",\"position\":1,\"name\":\"Home\",\"item\":\"https:\/\/www.omrserrature.it\/de\/omr-serrature-sistemi-chiusura\/\"},{\"@type\":\"ListItem\",\"position\":2,\"name\":\"Katalog\",\"item\":\"https:\/\/www.omrserrature.it\/katalog\/?lang=de\"},{\"@type\":\"ListItem\",\"position\":3,\"name\":\"Anwendungen\",\"item\":\"https:\/\/www.omrserrature.it\/de\/katalog\/anwendungen\/\"},{\"@type\":\"ListItem\",\"position\":4,\"name\":\"Kabinett Schl\u00f6sser\",\"item\":\"https:\/\/www.omrserrature.it\/de\/katalog\/anwendungen\/kabinett-schlosser\/\"},{\"@type\":\"ListItem\",\"position\":5,\"name\":\"Knebel f\u00fcr Siegel\"}]},{\"@type\":\"WebSite\",\"@id\":\"https:\/\/www.omrserrature.it\/de\/#website\",\"url\":\"https:\/\/www.omrserrature.it\/de\/\",\"name\":\"OMR Serrature | Produzione sistemi di chiusura\",\"description\":\"Produzione serrature di sicurezza e sistemi di chiusura\",\"publisher\":{\"@id\":\"https:\/\/www.omrserrature.it\/de\/#organization\"},\"potentialAction\":[{\"@type\":\"SearchAction\",\"target\":{\"@type\":\"EntryPoint\",\"urlTemplate\":\"https:\/\/www.omrserrature.it\/de\/?s={search_term_string}\"},\"query-input\":{\"@type\":\"PropertyValueSpecification\",\"valueRequired\":true,\"valueName\":\"search_term_string\"}}],\"inLanguage\":\"de\"},{\"@type\":\"Organization\",\"@id\":\"https:\/\/www.omrserrature.it\/de\/#organization\",\"name\":\"OMR Serrature | Produzione sistemi di chiusura\",\"url\":\"https:\/\/www.omrserrature.it\/de\/\",\"logo\":{\"@type\":\"ImageObject\",\"inLanguage\":\"de\",\"@id\":\"https:\/\/www.omrserrature.it\/de\/#\/schema\/logo\/image\/\",\"url\":\"https:\/\/www.omrserrature.it\/wp-content\/uploads\/2017\/09\/favicon-omr-114.png\",\"contentUrl\":\"https:\/\/www.omrserrature.it\/wp-content\/uploads\/2017\/09\/favicon-omr-114.png\",\"width\":114,\"height\":114,\"caption\":\"OMR Serrature | Produzione sistemi di chiusura\"},\"image\":{\"@id\":\"https:\/\/www.omrserrature.it\/de\/#\/schema\/logo\/image\/\"},\"sameAs\":[\"https:\/\/www.facebook.com\/OMRserrature\",\"https:\/\/www.linkedin.com\/company\/omrserrature\/\",\"https:\/\/www.youtube.com\/channel\/UCxmA85z2R0EpG_6IRokiAkg\"]}]}<\/script>\n<!-- \/ Yoast SEO plugin. -->","yoast_head_json":{"title":"Knebel f\u00fcr Siegel - OMR Serrature","robots":{"index":"index","follow":"follow","max-snippet":"max-snippet:-1","max-image-preview":"max-image-preview:large","max-video-preview":"max-video-preview:-1"},"canonical":"https:\/\/www.omrserrature.it\/de\/produkt\/19-mm-verschluss-fuer-vorhaengeschloss-siegel\/","og_locale":"de_DE","og_type":"article","og_title":"Knebel f\u00fcr Siegel - OMR Serrature","og_description":"Schloss mit Vorh\u00e4ngeschloss und Plombenhalterung aus Zinklegierung, geeignet zum Einsetzen von Sicherheitsplomben oder Vorh\u00e4ngeschl\u00f6ssern aus Kunststoff, Metall, wiederverwendbar, Draht, numerierbar oder elektronisch. Der praktische, anpassbare Griff erm\u00f6glicht das Bewegen der hinteren Zunge. Nach dem Einsetzen des Siegels ist der Griff in der geschlossenen Position verriegelt und kann nicht mehr gedreht werden.  Dieses Produkt ist eine schnelle und perfekte L\u00f6sung f\u00fcr den Abschluss von Schlie\u00dff\u00e4chern in B\u00fcros, Fitnessstudios und Museen.","og_url":"https:\/\/www.omrserrature.it\/de\/produkt\/19-mm-verschluss-fuer-vorhaengeschloss-siegel\/","og_site_name":"OMR Serrature | Produzione sistemi di chiusura","article_publisher":"https:\/\/www.facebook.com\/OMRserrature","article_modified_time":"2026-04-08T09:37:36+00:00","og_image":[{"width":1189,"height":757,"url":"https:\/\/www.omrserrature.it\/wp-content\/uploads\/2019\/03\/maniglietta-predisposta-sigillo.jpg","type":"image\/jpeg"}],"twitter_card":"summary_large_image","twitter_misc":{"Gesch\u00e4tzte Lesezeit":"1\u00a0Minute"},"schema":{"@context":"https:\/\/schema.org","@graph":[{"@type":"WebPage","@id":"https:\/\/www.omrserrature.it\/de\/produkt\/19-mm-verschluss-fuer-vorhaengeschloss-siegel\/","url":"https:\/\/www.omrserrature.it\/de\/produkt\/19-mm-verschluss-fuer-vorhaengeschloss-siegel\/","name":"Knebel f\u00fcr Siegel - OMR Serrature","isPartOf":{"@id":"https:\/\/www.omrserrature.it\/de\/#website"},"primaryImageOfPage":{"@id":"https:\/\/www.omrserrature.it\/de\/produkt\/19-mm-verschluss-fuer-vorhaengeschloss-siegel\/#primaryimage"},"image":{"@id":"https:\/\/www.omrserrature.it\/de\/produkt\/19-mm-verschluss-fuer-vorhaengeschloss-siegel\/#primaryimage"},"thumbnailUrl":"https:\/\/www.omrserrature.it\/wp-content\/uploads\/2019\/03\/maniglietta-predisposta-sigillo.jpg","datePublished":"2018-03-19T15:32:00+00:00","dateModified":"2026-04-08T09:37:36+00:00","breadcrumb":{"@id":"https:\/\/www.omrserrature.it\/de\/produkt\/19-mm-verschluss-fuer-vorhaengeschloss-siegel\/#breadcrumb"},"inLanguage":"de","potentialAction":[{"@type":"ReadAction","target":["https:\/\/www.omrserrature.it\/de\/produkt\/19-mm-verschluss-fuer-vorhaengeschloss-siegel\/"]}]},{"@type":"ImageObject","inLanguage":"de","@id":"https:\/\/www.omrserrature.it\/de\/produkt\/19-mm-verschluss-fuer-vorhaengeschloss-siegel\/#primaryimage","url":"https:\/\/www.omrserrature.it\/wp-content\/uploads\/2019\/03\/maniglietta-predisposta-sigillo.jpg","contentUrl":"https:\/\/www.omrserrature.it\/wp-content\/uploads\/2019\/03\/maniglietta-predisposta-sigillo.jpg","width":1189,"height":757,"caption":"Knebel f\u00fcr Vorh\u00e4ngeschloss oder Siegel"},{"@type":"BreadcrumbList","@id":"https:\/\/www.omrserrature.it\/de\/produkt\/19-mm-verschluss-fuer-vorhaengeschloss-siegel\/#breadcrumb","itemListElement":[{"@type":"ListItem","position":1,"name":"Home","item":"https:\/\/www.omrserrature.it\/de\/omr-serrature-sistemi-chiusura\/"},{"@type":"ListItem","position":2,"name":"Katalog","item":"https:\/\/www.omrserrature.it\/katalog\/?lang=de"},{"@type":"ListItem","position":3,"name":"Anwendungen","item":"https:\/\/www.omrserrature.it\/de\/katalog\/anwendungen\/"},{"@type":"ListItem","position":4,"name":"Kabinett Schl\u00f6sser","item":"https:\/\/www.omrserrature.it\/de\/katalog\/anwendungen\/kabinett-schlosser\/"},{"@type":"ListItem","position":5,"name":"Knebel f\u00fcr Siegel"}]},{"@type":"WebSite","@id":"https:\/\/www.omrserrature.it\/de\/#website","url":"https:\/\/www.omrserrature.it\/de\/","name":"OMR Serrature | Produzione sistemi di chiusura","description":"Produzione serrature di sicurezza e sistemi di chiusura","publisher":{"@id":"https:\/\/www.omrserrature.it\/de\/#organization"},"potentialAction":[{"@type":"SearchAction","target":{"@type":"EntryPoint","urlTemplate":"https:\/\/www.omrserrature.it\/de\/?s={search_term_string}"},"query-input":{"@type":"PropertyValueSpecification","valueRequired":true,"valueName":"search_term_string"}}],"inLanguage":"de"},{"@type":"Organization","@id":"https:\/\/www.omrserrature.it\/de\/#organization","name":"OMR Serrature | Produzione sistemi di chiusura","url":"https:\/\/www.omrserrature.it\/de\/","logo":{"@type":"ImageObject","inLanguage":"de","@id":"https:\/\/www.omrserrature.it\/de\/#\/schema\/logo\/image\/","url":"https:\/\/www.omrserrature.it\/wp-content\/uploads\/2017\/09\/favicon-omr-114.png","contentUrl":"https:\/\/www.omrserrature.it\/wp-content\/uploads\/2017\/09\/favicon-omr-114.png","width":114,"height":114,"caption":"OMR Serrature | Produzione sistemi di chiusura"},"image":{"@id":"https:\/\/www.omrserrature.it\/de\/#\/schema\/logo\/image\/"},"sameAs":["https:\/\/www.facebook.com\/OMRserrature","https:\/\/www.linkedin.com\/company\/omrserrature\/","https:\/\/www.youtube.com\/channel\/UCxmA85z2R0EpG_6IRokiAkg"]}]}},"_links":{"self":[{"href":"https:\/\/www.omrserrature.it\/de\/wp-json\/wp\/v2\/product\/11462","targetHints":{"allow":["GET"]}}],"collection":[{"href":"https:\/\/www.omrserrature.it\/de\/wp-json\/wp\/v2\/product"}],"about":[{"href":"https:\/\/www.omrserrature.it\/de\/wp-json\/wp\/v2\/types\/product"}],"replies":[{"embeddable":true,"href":"https:\/\/www.omrserrature.it\/de\/wp-json\/wp\/v2\/comments?post=11462"}],"wp:featuredmedia":[{"embeddable":true,"href":"https:\/\/www.omrserrature.it\/de\/wp-json\/wp\/v2\/media\/11088"}],"wp:attachment":[{"href":"https:\/\/www.omrserrature.it\/de\/wp-json\/wp\/v2\/media?parent=11462"}],"wp:term":[{"taxonomy":"product_brand","embeddable":true,"href":"https:\/\/www.omrserrature.it\/de\/wp-json\/wp\/v2\/product_brand?post=11462"},{"taxonomy":"product_cat","embeddable":true,"href":"https:\/\/www.omrserrature.it\/de\/wp-json\/wp\/v2\/product_cat?post=11462"},{"taxonomy":"product_tag","embeddable":true,"href":"https:\/\/www.omrserrature.it\/de\/wp-json\/wp\/v2\/product_tag?post=11462"}],"curies":[{"name":"wp","href":"https:\/\/api.w.org\/{rel}","templated":true}]}}