{"id":11455,"date":"2017-10-11T16:18:08","date_gmt":"2011-10-17T14:18:00","guid":{"rendered":"http:\/\/staging6.omrserrature.it\/prodotto\/selbstverriegelnd-mit-hakenzunge\/"},"modified":"2026-04-08T12:47:59","modified_gmt":"2026-04-08T10:47:59","slug":"selbstverriegelnder-verschluss","status":"publish","type":"product","link":"https:\/\/www.omrserrature.it\/de\/produkt\/selbstverriegelnder-verschluss\/","title":{"rendered":"Automatischer Abschluss der Haken"},"content":{"rendered":"<p>Der <strong>automatische Hakenverschluss<\/strong> besteht aus einem Stahlk\u00f6rper und einem Zylinder in dreieckiger Form, der durch den <a href=\"https:\/\/www.omrserrature.it\/de\/produkt\/steckschlussel-ovalkopf\/\" target=\"_blank\" rel=\"noopener\">Schl\u00fcssel SCHD05791 oder SCHD05750<\/a> bet\u00e4tigt wird und bestimmt, ob das Schloss ge\u00f6ffnet oder geschlossen ist.<\/p>\n<p><strong>Der Federhaken<\/strong> erm\u00f6glicht das automatische Schlie\u00dfen des Schlosses, um zus\u00e4tzliche Sicherheit zu bieten und zu verhindern, dass es versehentlich offen gelassen wird.<\/p>\n<p>Der automatische Hakenverschluss ist als Schwei\u00df- und Nietversion erh\u00e4ltlich und kann<strong> an M\u00fcllcontainern<\/strong>, Abfallbeh\u00e4ltern, <strong>Stadtmobiliar<\/strong>, Parkuhren, Fahrkartenautomaten und Zugangskontrollger\u00e4ten<strong> angebracht<\/strong> werden.<\/p>\n","protected":false},"excerpt":{"rendered":"<p>Der <strong>automatische Hakenverschluss<\/strong> besteht aus einem Stahlk\u00f6rper und einem Zylinder in dreieckiger Form, der durch den Schl\u00fcssel SCHD05791 oder SCHD05750 bet\u00e4tigt wird und das \u00d6ffnen oder Schlie\u00dfen bestimmt.<\/p>\n<p>Eine ideale L\u00f6sung f\u00fcr <strong>Stadtm\u00f6bel.<\/strong><\/p>\n","protected":false},"featured_media":18213,"comment_status":"open","ping_status":"closed","template":"","meta":{"_acf_changed":false,"_et_pb_use_builder":"","_et_pb_old_content":"","_et_gb_content_width":""},"product_brand":[],"product_cat":[3787,3825,3819,3861,3878,3842,3835,3833,3793,3836,3778,3800,3769],"product_tag":[],"class_list":{"0":"post-11455","1":"product","2":"type-product","3":"status-publish","4":"has-post-thumbnail","6":"product_cat-hakenschlosser","7":"product_cat-hebel-schlosser","8":"product_cat-manuelle-schlosser-fur-mulltonnen-boxen","9":"product_cat-mobelturen","10":"product_cat-schieben","11":"product_cat-schlosser-fur-die-elektromechanische-industrie","12":"product_cat-schlosser-fur-mobel","13":"product_cat-schlosser-fur-mulltonnen-2","14":"product_cat-schlosser-fur-mulltonnen","15":"product_cat-schlosser-fur-transportmittel","16":"product_cat-schlosser-mit-ruckholfeder","17":"product_cat-spezialschlosser-nach-mas","18":"product_cat-umweltfreundlich-recyceln","20":"first","21":"instock","22":"shipping-taxable","23":"purchasable","24":"product-type-variable","25":"has-default-attributes"},"acf":{"pdf1":"https:\/\/www.omrserrature.it\/wp-content\/uploads\/2017\/10\/Scheda-165819.pdf"},"yoast_head":"<!-- This site is optimized with the Yoast SEO plugin v27.2 - https:\/\/yoast.com\/product\/yoast-seo-wordpress\/ -->\n<title>Automatischer Abschluss der Haken - OMR Serrature<\/title>\n<meta name=\"robots\" content=\"index, follow, max-snippet:-1, max-image-preview:large, max-video-preview:-1\" \/>\n<link rel=\"canonical\" href=\"https:\/\/www.omrserrature.it\/de\/produkt\/selbstverriegelnder-verschluss\/\" \/>\n<meta property=\"og:locale\" content=\"de_DE\" \/>\n<meta property=\"og:type\" content=\"article\" \/>\n<meta property=\"og:title\" content=\"Automatischer Abschluss der Haken - OMR Serrature\" \/>\n<meta property=\"og:description\" content=\"Der automatische Hakenverschluss besteht aus einem Stahlk\u00f6rper und einem Zylinder in dreieckiger Form, der durch den Schl\u00fcssel SCHD05791 oder SCHD05750 bet\u00e4tigt wird und das \u00d6ffnen oder Schlie\u00dfen bestimmt. Eine ideale L\u00f6sung f\u00fcr Stadtm\u00f6bel.\" \/>\n<meta property=\"og:url\" content=\"https:\/\/www.omrserrature.it\/de\/produkt\/selbstverriegelnder-verschluss\/\" \/>\n<meta property=\"og:site_name\" content=\"OMR Serrature | Produzione sistemi di chiusura\" \/>\n<meta property=\"article:publisher\" content=\"https:\/\/www.facebook.com\/OMRserrature\" \/>\n<meta property=\"article:modified_time\" content=\"2026-04-08T10:47:59+00:00\" \/>\n<meta property=\"og:image\" content=\"https:\/\/www.omrserrature.it\/wp-content\/uploads\/2017\/10\/Chiusura-automatica-a-gancio.jpg\" \/>\n\t<meta property=\"og:image:width\" content=\"600\" \/>\n\t<meta property=\"og:image:height\" content=\"600\" \/>\n\t<meta property=\"og:image:type\" content=\"image\/jpeg\" \/>\n<meta name=\"twitter:card\" content=\"summary_large_image\" \/>\n<script type=\"application\/ld+json\" class=\"yoast-schema-graph\">{\"@context\":\"https:\/\/schema.org\",\"@graph\":[{\"@type\":\"WebPage\",\"@id\":\"https:\/\/www.omrserrature.it\/de\/produkt\/selbstverriegelnder-verschluss\/\",\"url\":\"https:\/\/www.omrserrature.it\/de\/produkt\/selbstverriegelnder-verschluss\/\",\"name\":\"Automatischer Abschluss der Haken - OMR Serrature\",\"isPartOf\":{\"@id\":\"https:\/\/www.omrserrature.it\/de\/#website\"},\"primaryImageOfPage\":{\"@id\":\"https:\/\/www.omrserrature.it\/de\/produkt\/selbstverriegelnder-verschluss\/#primaryimage\"},\"image\":{\"@id\":\"https:\/\/www.omrserrature.it\/de\/produkt\/selbstverriegelnder-verschluss\/#primaryimage\"},\"thumbnailUrl\":\"https:\/\/www.omrserrature.it\/wp-content\/uploads\/2017\/10\/Chiusura-automatica-a-gancio.jpg\",\"datePublished\":\"2011-10-17T14:18:00+00:00\",\"dateModified\":\"2026-04-08T10:47:59+00:00\",\"breadcrumb\":{\"@id\":\"https:\/\/www.omrserrature.it\/de\/produkt\/selbstverriegelnder-verschluss\/#breadcrumb\"},\"inLanguage\":\"de\",\"potentialAction\":[{\"@type\":\"ReadAction\",\"target\":[\"https:\/\/www.omrserrature.it\/de\/produkt\/selbstverriegelnder-verschluss\/\"]}]},{\"@type\":\"ImageObject\",\"inLanguage\":\"de\",\"@id\":\"https:\/\/www.omrserrature.it\/de\/produkt\/selbstverriegelnder-verschluss\/#primaryimage\",\"url\":\"https:\/\/www.omrserrature.it\/wp-content\/uploads\/2017\/10\/Chiusura-automatica-a-gancio.jpg\",\"contentUrl\":\"https:\/\/www.omrserrature.it\/wp-content\/uploads\/2017\/10\/Chiusura-automatica-a-gancio.jpg\",\"width\":600,\"height\":600,\"caption\":\"Automatischer Abschluss der Haken\"},{\"@type\":\"BreadcrumbList\",\"@id\":\"https:\/\/www.omrserrature.it\/de\/produkt\/selbstverriegelnder-verschluss\/#breadcrumb\",\"itemListElement\":[{\"@type\":\"ListItem\",\"position\":1,\"name\":\"Home\",\"item\":\"https:\/\/www.omrserrature.it\/de\/omr-serrature-sistemi-chiusura\/\"},{\"@type\":\"ListItem\",\"position\":2,\"name\":\"Katalog\",\"item\":\"https:\/\/www.omrserrature.it\/katalog\/?lang=de\"},{\"@type\":\"ListItem\",\"position\":3,\"name\":\"Produkte\",\"item\":\"https:\/\/www.omrserrature.it\/de\/katalog\/produkte\/\"},{\"@type\":\"ListItem\",\"position\":4,\"name\":\"Schloesser\",\"item\":\"https:\/\/www.omrserrature.it\/de\/katalog\/produkte\/schloesser\/\"},{\"@type\":\"ListItem\",\"position\":5,\"name\":\"Schl\u00f6sser f\u00fcr M\u00fclltonnen\",\"item\":\"https:\/\/www.omrserrature.it\/de\/katalog\/produkte\/schloesser\/schlosser-fur-mulltonnen\/\"},{\"@type\":\"ListItem\",\"position\":6,\"name\":\"Manuelle Schl\u00f6sser f\u00fcr M\u00fclltonnen-Boxen\",\"item\":\"https:\/\/www.omrserrature.it\/de\/katalog\/produkte\/schloesser\/schlosser-fur-mulltonnen\/manuelle-schlosser-fur-mulltonnen-boxen\/\"},{\"@type\":\"ListItem\",\"position\":7,\"name\":\"Automatischer Abschluss der Haken\"}]},{\"@type\":\"WebSite\",\"@id\":\"https:\/\/www.omrserrature.it\/de\/#website\",\"url\":\"https:\/\/www.omrserrature.it\/de\/\",\"name\":\"OMR Serrature | Produzione sistemi di chiusura\",\"description\":\"Produzione serrature di sicurezza e sistemi di chiusura\",\"publisher\":{\"@id\":\"https:\/\/www.omrserrature.it\/de\/#organization\"},\"potentialAction\":[{\"@type\":\"SearchAction\",\"target\":{\"@type\":\"EntryPoint\",\"urlTemplate\":\"https:\/\/www.omrserrature.it\/de\/?s={search_term_string}\"},\"query-input\":{\"@type\":\"PropertyValueSpecification\",\"valueRequired\":true,\"valueName\":\"search_term_string\"}}],\"inLanguage\":\"de\"},{\"@type\":\"Organization\",\"@id\":\"https:\/\/www.omrserrature.it\/de\/#organization\",\"name\":\"OMR Serrature | Produzione sistemi di chiusura\",\"url\":\"https:\/\/www.omrserrature.it\/de\/\",\"logo\":{\"@type\":\"ImageObject\",\"inLanguage\":\"de\",\"@id\":\"https:\/\/www.omrserrature.it\/de\/#\/schema\/logo\/image\/\",\"url\":\"https:\/\/www.omrserrature.it\/wp-content\/uploads\/2017\/09\/favicon-omr-114.png\",\"contentUrl\":\"https:\/\/www.omrserrature.it\/wp-content\/uploads\/2017\/09\/favicon-omr-114.png\",\"width\":114,\"height\":114,\"caption\":\"OMR Serrature | Produzione sistemi di chiusura\"},\"image\":{\"@id\":\"https:\/\/www.omrserrature.it\/de\/#\/schema\/logo\/image\/\"},\"sameAs\":[\"https:\/\/www.facebook.com\/OMRserrature\",\"https:\/\/www.linkedin.com\/company\/omrserrature\/\",\"https:\/\/www.youtube.com\/channel\/UCxmA85z2R0EpG_6IRokiAkg\"]}]}<\/script>\n<!-- \/ Yoast SEO plugin. -->","yoast_head_json":{"title":"Automatischer Abschluss der Haken - OMR Serrature","robots":{"index":"index","follow":"follow","max-snippet":"max-snippet:-1","max-image-preview":"max-image-preview:large","max-video-preview":"max-video-preview:-1"},"canonical":"https:\/\/www.omrserrature.it\/de\/produkt\/selbstverriegelnder-verschluss\/","og_locale":"de_DE","og_type":"article","og_title":"Automatischer Abschluss der Haken - OMR Serrature","og_description":"Der automatische Hakenverschluss besteht aus einem Stahlk\u00f6rper und einem Zylinder in dreieckiger Form, der durch den Schl\u00fcssel SCHD05791 oder SCHD05750 bet\u00e4tigt wird und das \u00d6ffnen oder Schlie\u00dfen bestimmt. Eine ideale L\u00f6sung f\u00fcr Stadtm\u00f6bel.","og_url":"https:\/\/www.omrserrature.it\/de\/produkt\/selbstverriegelnder-verschluss\/","og_site_name":"OMR Serrature | Produzione sistemi di chiusura","article_publisher":"https:\/\/www.facebook.com\/OMRserrature","article_modified_time":"2026-04-08T10:47:59+00:00","og_image":[{"width":600,"height":600,"url":"https:\/\/www.omrserrature.it\/wp-content\/uploads\/2017\/10\/Chiusura-automatica-a-gancio.jpg","type":"image\/jpeg"}],"twitter_card":"summary_large_image","schema":{"@context":"https:\/\/schema.org","@graph":[{"@type":"WebPage","@id":"https:\/\/www.omrserrature.it\/de\/produkt\/selbstverriegelnder-verschluss\/","url":"https:\/\/www.omrserrature.it\/de\/produkt\/selbstverriegelnder-verschluss\/","name":"Automatischer Abschluss der Haken - OMR Serrature","isPartOf":{"@id":"https:\/\/www.omrserrature.it\/de\/#website"},"primaryImageOfPage":{"@id":"https:\/\/www.omrserrature.it\/de\/produkt\/selbstverriegelnder-verschluss\/#primaryimage"},"image":{"@id":"https:\/\/www.omrserrature.it\/de\/produkt\/selbstverriegelnder-verschluss\/#primaryimage"},"thumbnailUrl":"https:\/\/www.omrserrature.it\/wp-content\/uploads\/2017\/10\/Chiusura-automatica-a-gancio.jpg","datePublished":"2011-10-17T14:18:00+00:00","dateModified":"2026-04-08T10:47:59+00:00","breadcrumb":{"@id":"https:\/\/www.omrserrature.it\/de\/produkt\/selbstverriegelnder-verschluss\/#breadcrumb"},"inLanguage":"de","potentialAction":[{"@type":"ReadAction","target":["https:\/\/www.omrserrature.it\/de\/produkt\/selbstverriegelnder-verschluss\/"]}]},{"@type":"ImageObject","inLanguage":"de","@id":"https:\/\/www.omrserrature.it\/de\/produkt\/selbstverriegelnder-verschluss\/#primaryimage","url":"https:\/\/www.omrserrature.it\/wp-content\/uploads\/2017\/10\/Chiusura-automatica-a-gancio.jpg","contentUrl":"https:\/\/www.omrserrature.it\/wp-content\/uploads\/2017\/10\/Chiusura-automatica-a-gancio.jpg","width":600,"height":600,"caption":"Automatischer Abschluss der Haken"},{"@type":"BreadcrumbList","@id":"https:\/\/www.omrserrature.it\/de\/produkt\/selbstverriegelnder-verschluss\/#breadcrumb","itemListElement":[{"@type":"ListItem","position":1,"name":"Home","item":"https:\/\/www.omrserrature.it\/de\/omr-serrature-sistemi-chiusura\/"},{"@type":"ListItem","position":2,"name":"Katalog","item":"https:\/\/www.omrserrature.it\/katalog\/?lang=de"},{"@type":"ListItem","position":3,"name":"Produkte","item":"https:\/\/www.omrserrature.it\/de\/katalog\/produkte\/"},{"@type":"ListItem","position":4,"name":"Schloesser","item":"https:\/\/www.omrserrature.it\/de\/katalog\/produkte\/schloesser\/"},{"@type":"ListItem","position":5,"name":"Schl\u00f6sser f\u00fcr M\u00fclltonnen","item":"https:\/\/www.omrserrature.it\/de\/katalog\/produkte\/schloesser\/schlosser-fur-mulltonnen\/"},{"@type":"ListItem","position":6,"name":"Manuelle Schl\u00f6sser f\u00fcr M\u00fclltonnen-Boxen","item":"https:\/\/www.omrserrature.it\/de\/katalog\/produkte\/schloesser\/schlosser-fur-mulltonnen\/manuelle-schlosser-fur-mulltonnen-boxen\/"},{"@type":"ListItem","position":7,"name":"Automatischer Abschluss der Haken"}]},{"@type":"WebSite","@id":"https:\/\/www.omrserrature.it\/de\/#website","url":"https:\/\/www.omrserrature.it\/de\/","name":"OMR Serrature | Produzione sistemi di chiusura","description":"Produzione serrature di sicurezza e sistemi di chiusura","publisher":{"@id":"https:\/\/www.omrserrature.it\/de\/#organization"},"potentialAction":[{"@type":"SearchAction","target":{"@type":"EntryPoint","urlTemplate":"https:\/\/www.omrserrature.it\/de\/?s={search_term_string}"},"query-input":{"@type":"PropertyValueSpecification","valueRequired":true,"valueName":"search_term_string"}}],"inLanguage":"de"},{"@type":"Organization","@id":"https:\/\/www.omrserrature.it\/de\/#organization","name":"OMR Serrature | Produzione sistemi di chiusura","url":"https:\/\/www.omrserrature.it\/de\/","logo":{"@type":"ImageObject","inLanguage":"de","@id":"https:\/\/www.omrserrature.it\/de\/#\/schema\/logo\/image\/","url":"https:\/\/www.omrserrature.it\/wp-content\/uploads\/2017\/09\/favicon-omr-114.png","contentUrl":"https:\/\/www.omrserrature.it\/wp-content\/uploads\/2017\/09\/favicon-omr-114.png","width":114,"height":114,"caption":"OMR Serrature | Produzione sistemi di chiusura"},"image":{"@id":"https:\/\/www.omrserrature.it\/de\/#\/schema\/logo\/image\/"},"sameAs":["https:\/\/www.facebook.com\/OMRserrature","https:\/\/www.linkedin.com\/company\/omrserrature\/","https:\/\/www.youtube.com\/channel\/UCxmA85z2R0EpG_6IRokiAkg"]}]}},"_links":{"self":[{"href":"https:\/\/www.omrserrature.it\/de\/wp-json\/wp\/v2\/product\/11455","targetHints":{"allow":["GET"]}}],"collection":[{"href":"https:\/\/www.omrserrature.it\/de\/wp-json\/wp\/v2\/product"}],"about":[{"href":"https:\/\/www.omrserrature.it\/de\/wp-json\/wp\/v2\/types\/product"}],"replies":[{"embeddable":true,"href":"https:\/\/www.omrserrature.it\/de\/wp-json\/wp\/v2\/comments?post=11455"}],"wp:featuredmedia":[{"embeddable":true,"href":"https:\/\/www.omrserrature.it\/de\/wp-json\/wp\/v2\/media\/18213"}],"wp:attachment":[{"href":"https:\/\/www.omrserrature.it\/de\/wp-json\/wp\/v2\/media?parent=11455"}],"wp:term":[{"taxonomy":"product_brand","embeddable":true,"href":"https:\/\/www.omrserrature.it\/de\/wp-json\/wp\/v2\/product_brand?post=11455"},{"taxonomy":"product_cat","embeddable":true,"href":"https:\/\/www.omrserrature.it\/de\/wp-json\/wp\/v2\/product_cat?post=11455"},{"taxonomy":"product_tag","embeddable":true,"href":"https:\/\/www.omrserrature.it\/de\/wp-json\/wp\/v2\/product_tag?post=11455"}],"curies":[{"name":"wp","href":"https:\/\/api.w.org\/{rel}","templated":true}]}}