{"id":11451,"date":"2017-10-11T15:44:30","date_gmt":"2011-10-17T13:44:00","guid":{"rendered":"http:\/\/staging6.omrserrature.it\/prodotto\/drehriegel-dreikant-6-verstellbar\/"},"modified":"2026-04-08T12:47:58","modified_gmt":"2026-04-08T10:47:58","slug":"20-mm-drehriegel-dreikant-6-mm","status":"publish","type":"product","link":"https:\/\/www.omrserrature.it\/de\/produkt\/20-mm-drehriegel-dreikant-6-mm\/","title":{"rendered":"Einstellbarer Dreiecksverschluss 6"},"content":{"rendered":"<p>Das <strong>verstellbare 1\/4-Dreh-Schloss mit Drehriegelform 6<\/strong> besteht aus einem Geh\u00e4use aus Zinklegierung, in dem sich ein federbelasteter Zylinder mit Drehriegelform befindet, der sich mit Hilfe eines Schl\u00fcssels dreht und dadurch ge\u00f6ffnet oder geschlossen werden kann.<\/p>\n<p>Das Terminal erm\u00f6glicht au\u00dferdem den Einbau einer Vielzahl von <strong>geraden, gekr\u00f6pften und gehakten Zungen <\/strong>. Der \u00fcbergro\u00dfe Kopf tr\u00e4gt zu einem sichereren und solideren Produkt sowie zu einer besseren Anpassung an das Design der M\u00f6belt\u00fcr und das Montageloch bei. Die 1\/4-Drehung ist dank eines Gewindek\u00f6rpers einstellbar, so dass der Hebel von 22,5 bis 36 mm verstellt werden kann. Erh\u00e4ltlich in <strong>zwei Varianten<\/strong> f\u00fcr quadratische oder runde <strong>Einbaul\u00f6cher<\/strong> (siehe Bilder:<strong> Dima A, Dima B<\/strong>).  <\/p>\n<p>Das Drehriegel eignet sich f\u00fcr Anwendungen wie Schaltschrankt\u00fcren, Schreinereistrukturen, Industriemaschinen, Edelstahlt\u00fcren, Zugangspaneele zu elektronischen Komponenten in Maschinen, Schaltschr\u00e4nke, Inspektionsr\u00e4ume von Transportmitteln wie Bussen, Z\u00fcgen, Baumaschinen und Gabelstaplern, Bedienfelder von medizinischen Ger\u00e4ten, Leuchttafeln oder Anschlagtafeln.<\/p>\n","protected":false},"excerpt":{"rendered":"<p>Das <strong>verstellbare 1\/4-Dreh-Schloss mit Drehriegelform 6<\/strong> besteht aus einem Geh\u00e4use aus Zinklegierung, in dem sich ein federbelasteter Zylinder mit Drehriegelform befindet, der sich mit Hilfe eines Schl\u00fcssels dreht und dadurch ge\u00f6ffnet oder geschlossen werden kann.<\/p>\n","protected":false},"featured_media":3169,"comment_status":"open","ping_status":"closed","template":"","meta":{"_acf_changed":false,"_et_pb_use_builder":"","_et_pb_old_content":"","_et_gb_content_width":""},"product_brand":[],"product_cat":[3780,3765,3768,3763,3825,3828,3843,3842,3852,3827,3839,3840,3836,3860],"product_tag":[],"class_list":{"0":"post-11451","1":"product","2":"type-product","3":"status-publish","4":"has-post-thumbnail","6":"product_cat-1-4-drehung-drehriegel","7":"product_cat-abschlusssysteme-fur-die-industrie","8":"product_cat-automatisierung-und-hausautomation","9":"product_cat-automotive-und-transport","10":"product_cat-hebel-schlosser","11":"product_cat-professionelle-mobelschlosser","12":"product_cat-schlosser-fur-automatische-lagerhauser","13":"product_cat-schlosser-fur-die-elektromechanische-industrie","14":"product_cat-schlosser-fur-industrieschranke","15":"product_cat-schlosser-fur-schaltschranke","16":"product_cat-schlosser-fur-schrankfronten","17":"product_cat-schlosser-fur-seitenwandturen","18":"product_cat-schlosser-fur-transportmittel","19":"product_cat-turschlosser","21":"first","22":"instock","23":"shipping-taxable","24":"purchasable","25":"product-type-variable"},"acf":{"pdf1":"https:\/\/www.omrserrature.it\/wp-content\/uploads\/2017\/10\/Scheda-163491.pdf"},"yoast_head":"<!-- This site is optimized with the Yoast SEO plugin v27.2 - https:\/\/yoast.com\/product\/yoast-seo-wordpress\/ -->\n<title>Einstellbarer Dreiecksverschluss 6 - OMR Serrature<\/title>\n<meta name=\"robots\" content=\"index, follow, max-snippet:-1, max-image-preview:large, max-video-preview:-1\" \/>\n<link rel=\"canonical\" href=\"https:\/\/www.omrserrature.it\/de\/produkt\/20-mm-drehriegel-dreikant-6-mm\/\" \/>\n<meta property=\"og:locale\" content=\"de_DE\" \/>\n<meta property=\"og:type\" content=\"article\" \/>\n<meta property=\"og:title\" content=\"Einstellbarer Dreiecksverschluss 6 - OMR Serrature\" \/>\n<meta property=\"og:description\" content=\"Das verstellbare 1\/4-Dreh-Schloss mit Drehriegelform 6 besteht aus einem Geh\u00e4use aus Zinklegierung, in dem sich ein federbelasteter Zylinder mit Drehriegelform befindet, der sich mit Hilfe eines Schl\u00fcssels dreht und dadurch ge\u00f6ffnet oder geschlossen werden kann.\" \/>\n<meta property=\"og:url\" content=\"https:\/\/www.omrserrature.it\/de\/produkt\/20-mm-drehriegel-dreikant-6-mm\/\" \/>\n<meta property=\"og:site_name\" content=\"OMR Serrature | Produzione sistemi di chiusura\" \/>\n<meta property=\"article:publisher\" content=\"https:\/\/www.facebook.com\/OMRserrature\" \/>\n<meta property=\"article:modified_time\" content=\"2026-04-08T10:47:58+00:00\" \/>\n<meta property=\"og:image\" content=\"https:\/\/www.omrserrature.it\/wp-content\/uploads\/2017\/10\/chiusura-regolabile-impronta-triangolo-6.jpg\" \/>\n\t<meta property=\"og:image:width\" content=\"998\" \/>\n\t<meta property=\"og:image:height\" content=\"580\" \/>\n\t<meta property=\"og:image:type\" content=\"image\/jpeg\" \/>\n<meta name=\"twitter:card\" content=\"summary_large_image\" \/>\n<meta name=\"twitter:label1\" content=\"Gesch\u00e4tzte Lesezeit\" \/>\n\t<meta name=\"twitter:data1\" content=\"1\u00a0Minute\" \/>\n<script type=\"application\/ld+json\" class=\"yoast-schema-graph\">{\"@context\":\"https:\/\/schema.org\",\"@graph\":[{\"@type\":\"WebPage\",\"@id\":\"https:\/\/www.omrserrature.it\/de\/produkt\/20-mm-drehriegel-dreikant-6-mm\/\",\"url\":\"https:\/\/www.omrserrature.it\/de\/produkt\/20-mm-drehriegel-dreikant-6-mm\/\",\"name\":\"Einstellbarer Dreiecksverschluss 6 - OMR Serrature\",\"isPartOf\":{\"@id\":\"https:\/\/www.omrserrature.it\/de\/#website\"},\"primaryImageOfPage\":{\"@id\":\"https:\/\/www.omrserrature.it\/de\/produkt\/20-mm-drehriegel-dreikant-6-mm\/#primaryimage\"},\"image\":{\"@id\":\"https:\/\/www.omrserrature.it\/de\/produkt\/20-mm-drehriegel-dreikant-6-mm\/#primaryimage\"},\"thumbnailUrl\":\"https:\/\/www.omrserrature.it\/wp-content\/uploads\/2017\/10\/chiusura-regolabile-impronta-triangolo-6.jpg\",\"datePublished\":\"2011-10-17T13:44:00+00:00\",\"dateModified\":\"2026-04-08T10:47:58+00:00\",\"breadcrumb\":{\"@id\":\"https:\/\/www.omrserrature.it\/de\/produkt\/20-mm-drehriegel-dreikant-6-mm\/#breadcrumb\"},\"inLanguage\":\"de\",\"potentialAction\":[{\"@type\":\"ReadAction\",\"target\":[\"https:\/\/www.omrserrature.it\/de\/produkt\/20-mm-drehriegel-dreikant-6-mm\/\"]}]},{\"@type\":\"ImageObject\",\"inLanguage\":\"de\",\"@id\":\"https:\/\/www.omrserrature.it\/de\/produkt\/20-mm-drehriegel-dreikant-6-mm\/#primaryimage\",\"url\":\"https:\/\/www.omrserrature.it\/wp-content\/uploads\/2017\/10\/chiusura-regolabile-impronta-triangolo-6.jpg\",\"contentUrl\":\"https:\/\/www.omrserrature.it\/wp-content\/uploads\/2017\/10\/chiusura-regolabile-impronta-triangolo-6.jpg\",\"width\":998,\"height\":580,\"caption\":\"Universaldreieck 6 verstellbare - Kompressionsabschl\u00fcsse\"},{\"@type\":\"BreadcrumbList\",\"@id\":\"https:\/\/www.omrserrature.it\/de\/produkt\/20-mm-drehriegel-dreikant-6-mm\/#breadcrumb\",\"itemListElement\":[{\"@type\":\"ListItem\",\"position\":1,\"name\":\"Home\",\"item\":\"https:\/\/www.omrserrature.it\/de\/omr-serrature-sistemi-chiusura\/\"},{\"@type\":\"ListItem\",\"position\":2,\"name\":\"Katalog\",\"item\":\"https:\/\/www.omrserrature.it\/katalog\/?lang=de\"},{\"@type\":\"ListItem\",\"position\":3,\"name\":\"Anwendungen\",\"item\":\"https:\/\/www.omrserrature.it\/de\/katalog\/anwendungen\/\"},{\"@type\":\"ListItem\",\"position\":4,\"name\":\"Kabinett Schl\u00f6sser\",\"item\":\"https:\/\/www.omrserrature.it\/de\/katalog\/anwendungen\/kabinett-schlosser\/\"},{\"@type\":\"ListItem\",\"position\":5,\"name\":\"Schl\u00f6sser f\u00fcr Industrieschr\u00e4nke\",\"item\":\"https:\/\/www.omrserrature.it\/de\/katalog\/anwendungen\/kabinett-schlosser\/schlosser-fur-industrieschranke\/\"},{\"@type\":\"ListItem\",\"position\":6,\"name\":\"Einstellbarer Dreiecksverschluss 6\"}]},{\"@type\":\"WebSite\",\"@id\":\"https:\/\/www.omrserrature.it\/de\/#website\",\"url\":\"https:\/\/www.omrserrature.it\/de\/\",\"name\":\"OMR Serrature | Produzione sistemi di chiusura\",\"description\":\"Produzione serrature di sicurezza e sistemi di chiusura\",\"publisher\":{\"@id\":\"https:\/\/www.omrserrature.it\/de\/#organization\"},\"potentialAction\":[{\"@type\":\"SearchAction\",\"target\":{\"@type\":\"EntryPoint\",\"urlTemplate\":\"https:\/\/www.omrserrature.it\/de\/?s={search_term_string}\"},\"query-input\":{\"@type\":\"PropertyValueSpecification\",\"valueRequired\":true,\"valueName\":\"search_term_string\"}}],\"inLanguage\":\"de\"},{\"@type\":\"Organization\",\"@id\":\"https:\/\/www.omrserrature.it\/de\/#organization\",\"name\":\"OMR Serrature | Produzione sistemi di chiusura\",\"url\":\"https:\/\/www.omrserrature.it\/de\/\",\"logo\":{\"@type\":\"ImageObject\",\"inLanguage\":\"de\",\"@id\":\"https:\/\/www.omrserrature.it\/de\/#\/schema\/logo\/image\/\",\"url\":\"https:\/\/www.omrserrature.it\/wp-content\/uploads\/2017\/09\/favicon-omr-114.png\",\"contentUrl\":\"https:\/\/www.omrserrature.it\/wp-content\/uploads\/2017\/09\/favicon-omr-114.png\",\"width\":114,\"height\":114,\"caption\":\"OMR Serrature | Produzione sistemi di chiusura\"},\"image\":{\"@id\":\"https:\/\/www.omrserrature.it\/de\/#\/schema\/logo\/image\/\"},\"sameAs\":[\"https:\/\/www.facebook.com\/OMRserrature\",\"https:\/\/www.linkedin.com\/company\/omrserrature\/\",\"https:\/\/www.youtube.com\/channel\/UCxmA85z2R0EpG_6IRokiAkg\"]}]}<\/script>\n<!-- \/ Yoast SEO plugin. -->","yoast_head_json":{"title":"Einstellbarer Dreiecksverschluss 6 - OMR Serrature","robots":{"index":"index","follow":"follow","max-snippet":"max-snippet:-1","max-image-preview":"max-image-preview:large","max-video-preview":"max-video-preview:-1"},"canonical":"https:\/\/www.omrserrature.it\/de\/produkt\/20-mm-drehriegel-dreikant-6-mm\/","og_locale":"de_DE","og_type":"article","og_title":"Einstellbarer Dreiecksverschluss 6 - OMR Serrature","og_description":"Das verstellbare 1\/4-Dreh-Schloss mit Drehriegelform 6 besteht aus einem Geh\u00e4use aus Zinklegierung, in dem sich ein federbelasteter Zylinder mit Drehriegelform befindet, der sich mit Hilfe eines Schl\u00fcssels dreht und dadurch ge\u00f6ffnet oder geschlossen werden kann.","og_url":"https:\/\/www.omrserrature.it\/de\/produkt\/20-mm-drehriegel-dreikant-6-mm\/","og_site_name":"OMR Serrature | Produzione sistemi di chiusura","article_publisher":"https:\/\/www.facebook.com\/OMRserrature","article_modified_time":"2026-04-08T10:47:58+00:00","og_image":[{"width":998,"height":580,"url":"https:\/\/www.omrserrature.it\/wp-content\/uploads\/2017\/10\/chiusura-regolabile-impronta-triangolo-6.jpg","type":"image\/jpeg"}],"twitter_card":"summary_large_image","twitter_misc":{"Gesch\u00e4tzte Lesezeit":"1\u00a0Minute"},"schema":{"@context":"https:\/\/schema.org","@graph":[{"@type":"WebPage","@id":"https:\/\/www.omrserrature.it\/de\/produkt\/20-mm-drehriegel-dreikant-6-mm\/","url":"https:\/\/www.omrserrature.it\/de\/produkt\/20-mm-drehriegel-dreikant-6-mm\/","name":"Einstellbarer Dreiecksverschluss 6 - OMR Serrature","isPartOf":{"@id":"https:\/\/www.omrserrature.it\/de\/#website"},"primaryImageOfPage":{"@id":"https:\/\/www.omrserrature.it\/de\/produkt\/20-mm-drehriegel-dreikant-6-mm\/#primaryimage"},"image":{"@id":"https:\/\/www.omrserrature.it\/de\/produkt\/20-mm-drehriegel-dreikant-6-mm\/#primaryimage"},"thumbnailUrl":"https:\/\/www.omrserrature.it\/wp-content\/uploads\/2017\/10\/chiusura-regolabile-impronta-triangolo-6.jpg","datePublished":"2011-10-17T13:44:00+00:00","dateModified":"2026-04-08T10:47:58+00:00","breadcrumb":{"@id":"https:\/\/www.omrserrature.it\/de\/produkt\/20-mm-drehriegel-dreikant-6-mm\/#breadcrumb"},"inLanguage":"de","potentialAction":[{"@type":"ReadAction","target":["https:\/\/www.omrserrature.it\/de\/produkt\/20-mm-drehriegel-dreikant-6-mm\/"]}]},{"@type":"ImageObject","inLanguage":"de","@id":"https:\/\/www.omrserrature.it\/de\/produkt\/20-mm-drehriegel-dreikant-6-mm\/#primaryimage","url":"https:\/\/www.omrserrature.it\/wp-content\/uploads\/2017\/10\/chiusura-regolabile-impronta-triangolo-6.jpg","contentUrl":"https:\/\/www.omrserrature.it\/wp-content\/uploads\/2017\/10\/chiusura-regolabile-impronta-triangolo-6.jpg","width":998,"height":580,"caption":"Universaldreieck 6 verstellbare - Kompressionsabschl\u00fcsse"},{"@type":"BreadcrumbList","@id":"https:\/\/www.omrserrature.it\/de\/produkt\/20-mm-drehriegel-dreikant-6-mm\/#breadcrumb","itemListElement":[{"@type":"ListItem","position":1,"name":"Home","item":"https:\/\/www.omrserrature.it\/de\/omr-serrature-sistemi-chiusura\/"},{"@type":"ListItem","position":2,"name":"Katalog","item":"https:\/\/www.omrserrature.it\/katalog\/?lang=de"},{"@type":"ListItem","position":3,"name":"Anwendungen","item":"https:\/\/www.omrserrature.it\/de\/katalog\/anwendungen\/"},{"@type":"ListItem","position":4,"name":"Kabinett Schl\u00f6sser","item":"https:\/\/www.omrserrature.it\/de\/katalog\/anwendungen\/kabinett-schlosser\/"},{"@type":"ListItem","position":5,"name":"Schl\u00f6sser f\u00fcr Industrieschr\u00e4nke","item":"https:\/\/www.omrserrature.it\/de\/katalog\/anwendungen\/kabinett-schlosser\/schlosser-fur-industrieschranke\/"},{"@type":"ListItem","position":6,"name":"Einstellbarer Dreiecksverschluss 6"}]},{"@type":"WebSite","@id":"https:\/\/www.omrserrature.it\/de\/#website","url":"https:\/\/www.omrserrature.it\/de\/","name":"OMR Serrature | Produzione sistemi di chiusura","description":"Produzione serrature di sicurezza e sistemi di chiusura","publisher":{"@id":"https:\/\/www.omrserrature.it\/de\/#organization"},"potentialAction":[{"@type":"SearchAction","target":{"@type":"EntryPoint","urlTemplate":"https:\/\/www.omrserrature.it\/de\/?s={search_term_string}"},"query-input":{"@type":"PropertyValueSpecification","valueRequired":true,"valueName":"search_term_string"}}],"inLanguage":"de"},{"@type":"Organization","@id":"https:\/\/www.omrserrature.it\/de\/#organization","name":"OMR Serrature | Produzione sistemi di chiusura","url":"https:\/\/www.omrserrature.it\/de\/","logo":{"@type":"ImageObject","inLanguage":"de","@id":"https:\/\/www.omrserrature.it\/de\/#\/schema\/logo\/image\/","url":"https:\/\/www.omrserrature.it\/wp-content\/uploads\/2017\/09\/favicon-omr-114.png","contentUrl":"https:\/\/www.omrserrature.it\/wp-content\/uploads\/2017\/09\/favicon-omr-114.png","width":114,"height":114,"caption":"OMR Serrature | Produzione sistemi di chiusura"},"image":{"@id":"https:\/\/www.omrserrature.it\/de\/#\/schema\/logo\/image\/"},"sameAs":["https:\/\/www.facebook.com\/OMRserrature","https:\/\/www.linkedin.com\/company\/omrserrature\/","https:\/\/www.youtube.com\/channel\/UCxmA85z2R0EpG_6IRokiAkg"]}]}},"_links":{"self":[{"href":"https:\/\/www.omrserrature.it\/de\/wp-json\/wp\/v2\/product\/11451","targetHints":{"allow":["GET"]}}],"collection":[{"href":"https:\/\/www.omrserrature.it\/de\/wp-json\/wp\/v2\/product"}],"about":[{"href":"https:\/\/www.omrserrature.it\/de\/wp-json\/wp\/v2\/types\/product"}],"replies":[{"embeddable":true,"href":"https:\/\/www.omrserrature.it\/de\/wp-json\/wp\/v2\/comments?post=11451"}],"wp:featuredmedia":[{"embeddable":true,"href":"https:\/\/www.omrserrature.it\/de\/wp-json\/wp\/v2\/media\/3169"}],"wp:attachment":[{"href":"https:\/\/www.omrserrature.it\/de\/wp-json\/wp\/v2\/media?parent=11451"}],"wp:term":[{"taxonomy":"product_brand","embeddable":true,"href":"https:\/\/www.omrserrature.it\/de\/wp-json\/wp\/v2\/product_brand?post=11451"},{"taxonomy":"product_cat","embeddable":true,"href":"https:\/\/www.omrserrature.it\/de\/wp-json\/wp\/v2\/product_cat?post=11451"},{"taxonomy":"product_tag","embeddable":true,"href":"https:\/\/www.omrserrature.it\/de\/wp-json\/wp\/v2\/product_tag?post=11451"}],"curies":[{"name":"wp","href":"https:\/\/api.w.org\/{rel}","templated":true}]}}