{"id":11449,"date":"2017-10-11T15:15:21","date_gmt":"2011-10-17T13:15:00","guid":{"rendered":"http:\/\/staging6.omrserrature.it\/prodotto\/drehriegel-doppelbart-dorn-3-verstellbar\/"},"modified":"2026-04-08T12:47:44","modified_gmt":"2026-04-08T10:47:44","slug":"20-mm-drehriegel-doppelbart-dorn-3-mm","status":"publish","type":"product","link":"https:\/\/www.omrserrature.it\/de\/produkt\/20-mm-drehriegel-doppelbart-dorn-3-mm\/","title":{"rendered":"Einstellbarer Abschluss Dorn Form 3 mm"},"content":{"rendered":"<p>Das <strong>einstellbare Doppelbart Dorn 3 mm Drehriegel<\/strong> besteht aus einem Geh\u00e4use aus Zinklegierung, in dessen Inneren sich ein federbelasteter Zylinder befindet, der sich mit Hilfe eines Schl\u00fcssels dreht, um das \u00d6ffnen oder Schlie\u00dfen zu bestimmen.<\/p>\n<p>Der Hebelansatz erm\u00f6glich die Installation unterschiedlicher <strong>geraden, gekr\u00f6pften oder Hakenhebel<\/strong>. Der gro\u00dfe Zylinderkopf macht das Schloss sicherer und st\u00e4rker und tr\u00e4gt zur Anpassung dem T\u00fcrdesign und der quadratischen Ausstanzung bei. Die Hebelposition ist dank dem Gewinde von 22,5 bis 36 mm verstellbar. Der Drehriegel ist in <strong>zwei Varianten<\/strong> erh\u00e4ltlich: f\u00fcr quadratische oder runde <strong>Ausstanzung<\/strong>. <\/p>\n<p>Dank des doppelwandigen Einsatzschl\u00fcssels 3 <strong>eignet sich<\/strong> das Drehriegel-Schloss <strong>f\u00fcr Anwendungen, bei denen eine h\u00f6here Sicherheit als bei den anderen Formen<\/strong> (dreieckig und quadratisch) <strong>erforderlich ist<\/strong>. Die Hauptanwendungen f\u00fcr den Drehriegel sind die Schaltschr\u00e4nke, die Gasz\u00e4hlerkasten, Edelstahlt\u00fcren, Schaltschr\u00e4nke, Zugangsdeckel von Werkzeugmaschinen, Landmaschinen und Gabelstapler.<\/p>\n","protected":false},"excerpt":{"rendered":"<p><strong>Das einstellbare Doppelbart Dorn 3 mm Drehriegel<\/strong> besteht aus einem Geh\u00e4use aus Zinklegierung, in dessen Inneren sich ein federbelasteter Zylinder befindet, der sich mit Hilfe eines Schl\u00fcssels dreht, um das \u00d6ffnen oder Schlie\u00dfen zu bestimmen.<\/p>\n","protected":false},"featured_media":3151,"comment_status":"open","ping_status":"closed","template":"","meta":{"_acf_changed":false,"_et_pb_use_builder":"","_et_pb_old_content":"","_et_gb_content_width":""},"product_brand":[],"product_cat":[3780,3765,3768,3763,3825,3828,3843,3849,3842,3852,3827,3839,3840,3836,3802],"product_tag":[],"class_list":{"0":"post-11449","1":"product","2":"type-product","3":"status-publish","4":"has-post-thumbnail","6":"product_cat-1-4-drehung-drehriegel","7":"product_cat-abschlusssysteme-fur-die-industrie","8":"product_cat-automatisierung-und-hausautomation","9":"product_cat-automotive-und-transport","10":"product_cat-hebel-schlosser","11":"product_cat-professionelle-mobelschlosser","12":"product_cat-schlosser-fur-automatische-lagerhauser","13":"product_cat-schlosser-fur-balkonkasten","14":"product_cat-schlosser-fur-die-elektromechanische-industrie","15":"product_cat-schlosser-fur-industrieschranke","16":"product_cat-schlosser-fur-schaltschranke","17":"product_cat-schlosser-fur-schrankfronten","18":"product_cat-schlosser-fur-seitenwandturen","19":"product_cat-schlosser-fur-transportmittel","20":"product_cat-wasserdichte-rostfreie-schlosser","22":"first","23":"instock","24":"shipping-taxable","25":"purchasable","26":"product-type-variable","27":"has-default-attributes"},"acf":{"pdf1":"https:\/\/www.omrserrature.it\/wp-content\/uploads\/2017\/10\/Scheda-163410.pdf"},"yoast_head":"<!-- This site is optimized with the Yoast SEO plugin v27.2 - https:\/\/yoast.com\/product\/yoast-seo-wordpress\/ -->\n<title>Einstellbarer Abschluss Dorn Form 3 mm - OMR Serrature<\/title>\n<meta name=\"robots\" content=\"index, follow, max-snippet:-1, max-image-preview:large, max-video-preview:-1\" \/>\n<link rel=\"canonical\" href=\"https:\/\/www.omrserrature.it\/de\/produkt\/20-mm-drehriegel-doppelbart-dorn-3-mm\/\" \/>\n<meta property=\"og:locale\" content=\"de_DE\" \/>\n<meta property=\"og:type\" content=\"article\" \/>\n<meta property=\"og:title\" content=\"Einstellbarer Abschluss Dorn Form 3 mm - OMR Serrature\" \/>\n<meta property=\"og:description\" content=\"Das einstellbare Doppelbart Dorn 3 mm Drehriegel besteht aus einem Geh\u00e4use aus Zinklegierung, in dessen Inneren sich ein federbelasteter Zylinder befindet, der sich mit Hilfe eines Schl\u00fcssels dreht, um das \u00d6ffnen oder Schlie\u00dfen zu bestimmen.\" \/>\n<meta property=\"og:url\" content=\"https:\/\/www.omrserrature.it\/de\/produkt\/20-mm-drehriegel-doppelbart-dorn-3-mm\/\" \/>\n<meta property=\"og:site_name\" content=\"OMR Serrature | Produzione sistemi di chiusura\" \/>\n<meta property=\"article:publisher\" content=\"https:\/\/www.facebook.com\/OMRserrature\" \/>\n<meta property=\"article:modified_time\" content=\"2026-04-08T10:47:44+00:00\" \/>\n<meta property=\"og:image\" content=\"https:\/\/www.omrserrature.it\/wp-content\/uploads\/2017\/10\/chiusura-regolabile-impronta-perno-3.jpg\" \/>\n\t<meta property=\"og:image:width\" content=\"939\" \/>\n\t<meta property=\"og:image:height\" content=\"558\" \/>\n\t<meta property=\"og:image:type\" content=\"image\/jpeg\" \/>\n<meta name=\"twitter:card\" content=\"summary_large_image\" \/>\n<meta name=\"twitter:label1\" content=\"Gesch\u00e4tzte Lesezeit\" \/>\n\t<meta name=\"twitter:data1\" content=\"1\u00a0Minute\" \/>\n<script type=\"application\/ld+json\" class=\"yoast-schema-graph\">{\"@context\":\"https:\/\/schema.org\",\"@graph\":[{\"@type\":\"WebPage\",\"@id\":\"https:\/\/www.omrserrature.it\/de\/produkt\/20-mm-drehriegel-doppelbart-dorn-3-mm\/\",\"url\":\"https:\/\/www.omrserrature.it\/de\/produkt\/20-mm-drehriegel-doppelbart-dorn-3-mm\/\",\"name\":\"Einstellbarer Abschluss Dorn Form 3 mm - OMR Serrature\",\"isPartOf\":{\"@id\":\"https:\/\/www.omrserrature.it\/de\/#website\"},\"primaryImageOfPage\":{\"@id\":\"https:\/\/www.omrserrature.it\/de\/produkt\/20-mm-drehriegel-doppelbart-dorn-3-mm\/#primaryimage\"},\"image\":{\"@id\":\"https:\/\/www.omrserrature.it\/de\/produkt\/20-mm-drehriegel-doppelbart-dorn-3-mm\/#primaryimage\"},\"thumbnailUrl\":\"https:\/\/www.omrserrature.it\/wp-content\/uploads\/2017\/10\/chiusura-regolabile-impronta-perno-3.jpg\",\"datePublished\":\"2011-10-17T13:15:00+00:00\",\"dateModified\":\"2026-04-08T10:47:44+00:00\",\"breadcrumb\":{\"@id\":\"https:\/\/www.omrserrature.it\/de\/produkt\/20-mm-drehriegel-doppelbart-dorn-3-mm\/#breadcrumb\"},\"inLanguage\":\"de\",\"potentialAction\":[{\"@type\":\"ReadAction\",\"target\":[\"https:\/\/www.omrserrature.it\/de\/produkt\/20-mm-drehriegel-doppelbart-dorn-3-mm\/\"]}]},{\"@type\":\"ImageObject\",\"inLanguage\":\"de\",\"@id\":\"https:\/\/www.omrserrature.it\/de\/produkt\/20-mm-drehriegel-doppelbart-dorn-3-mm\/#primaryimage\",\"url\":\"https:\/\/www.omrserrature.it\/wp-content\/uploads\/2017\/10\/chiusura-regolabile-impronta-perno-3.jpg\",\"contentUrl\":\"https:\/\/www.omrserrature.it\/wp-content\/uploads\/2017\/10\/chiusura-regolabile-impronta-perno-3.jpg\",\"width\":939,\"height\":558,\"caption\":\"Doppelbart Dorn 3 mm einstellbar 1\/4 Drehung Abschluss\"},{\"@type\":\"BreadcrumbList\",\"@id\":\"https:\/\/www.omrserrature.it\/de\/produkt\/20-mm-drehriegel-doppelbart-dorn-3-mm\/#breadcrumb\",\"itemListElement\":[{\"@type\":\"ListItem\",\"position\":1,\"name\":\"Home\",\"item\":\"https:\/\/www.omrserrature.it\/de\/omr-serrature-sistemi-chiusura\/\"},{\"@type\":\"ListItem\",\"position\":2,\"name\":\"Katalog\",\"item\":\"https:\/\/www.omrserrature.it\/katalog\/?lang=de\"},{\"@type\":\"ListItem\",\"position\":3,\"name\":\"Produkte\",\"item\":\"https:\/\/www.omrserrature.it\/de\/katalog\/produkte\/\"},{\"@type\":\"ListItem\",\"position\":4,\"name\":\"Schloesser\",\"item\":\"https:\/\/www.omrserrature.it\/de\/katalog\/produkte\/schloesser\/\"},{\"@type\":\"ListItem\",\"position\":5,\"name\":\"1\/4 Drehung Drehriegel\",\"item\":\"https:\/\/www.omrserrature.it\/de\/katalog\/produkte\/schloesser\/1-4-drehung-drehriegel\/\"},{\"@type\":\"ListItem\",\"position\":6,\"name\":\"Einstellbarer Abschluss Dorn Form 3 mm\"}]},{\"@type\":\"WebSite\",\"@id\":\"https:\/\/www.omrserrature.it\/de\/#website\",\"url\":\"https:\/\/www.omrserrature.it\/de\/\",\"name\":\"OMR Serrature | Produzione sistemi di chiusura\",\"description\":\"Produzione serrature di sicurezza e sistemi di chiusura\",\"publisher\":{\"@id\":\"https:\/\/www.omrserrature.it\/de\/#organization\"},\"potentialAction\":[{\"@type\":\"SearchAction\",\"target\":{\"@type\":\"EntryPoint\",\"urlTemplate\":\"https:\/\/www.omrserrature.it\/de\/?s={search_term_string}\"},\"query-input\":{\"@type\":\"PropertyValueSpecification\",\"valueRequired\":true,\"valueName\":\"search_term_string\"}}],\"inLanguage\":\"de\"},{\"@type\":\"Organization\",\"@id\":\"https:\/\/www.omrserrature.it\/de\/#organization\",\"name\":\"OMR Serrature | Produzione sistemi di chiusura\",\"url\":\"https:\/\/www.omrserrature.it\/de\/\",\"logo\":{\"@type\":\"ImageObject\",\"inLanguage\":\"de\",\"@id\":\"https:\/\/www.omrserrature.it\/de\/#\/schema\/logo\/image\/\",\"url\":\"https:\/\/www.omrserrature.it\/wp-content\/uploads\/2017\/09\/favicon-omr-114.png\",\"contentUrl\":\"https:\/\/www.omrserrature.it\/wp-content\/uploads\/2017\/09\/favicon-omr-114.png\",\"width\":114,\"height\":114,\"caption\":\"OMR Serrature | Produzione sistemi di chiusura\"},\"image\":{\"@id\":\"https:\/\/www.omrserrature.it\/de\/#\/schema\/logo\/image\/\"},\"sameAs\":[\"https:\/\/www.facebook.com\/OMRserrature\",\"https:\/\/www.linkedin.com\/company\/omrserrature\/\",\"https:\/\/www.youtube.com\/channel\/UCxmA85z2R0EpG_6IRokiAkg\"]}]}<\/script>\n<!-- \/ Yoast SEO plugin. -->","yoast_head_json":{"title":"Einstellbarer Abschluss Dorn Form 3 mm - OMR Serrature","robots":{"index":"index","follow":"follow","max-snippet":"max-snippet:-1","max-image-preview":"max-image-preview:large","max-video-preview":"max-video-preview:-1"},"canonical":"https:\/\/www.omrserrature.it\/de\/produkt\/20-mm-drehriegel-doppelbart-dorn-3-mm\/","og_locale":"de_DE","og_type":"article","og_title":"Einstellbarer Abschluss Dorn Form 3 mm - OMR Serrature","og_description":"Das einstellbare Doppelbart Dorn 3 mm Drehriegel besteht aus einem Geh\u00e4use aus Zinklegierung, in dessen Inneren sich ein federbelasteter Zylinder befindet, der sich mit Hilfe eines Schl\u00fcssels dreht, um das \u00d6ffnen oder Schlie\u00dfen zu bestimmen.","og_url":"https:\/\/www.omrserrature.it\/de\/produkt\/20-mm-drehriegel-doppelbart-dorn-3-mm\/","og_site_name":"OMR Serrature | Produzione sistemi di chiusura","article_publisher":"https:\/\/www.facebook.com\/OMRserrature","article_modified_time":"2026-04-08T10:47:44+00:00","og_image":[{"width":939,"height":558,"url":"https:\/\/www.omrserrature.it\/wp-content\/uploads\/2017\/10\/chiusura-regolabile-impronta-perno-3.jpg","type":"image\/jpeg"}],"twitter_card":"summary_large_image","twitter_misc":{"Gesch\u00e4tzte Lesezeit":"1\u00a0Minute"},"schema":{"@context":"https:\/\/schema.org","@graph":[{"@type":"WebPage","@id":"https:\/\/www.omrserrature.it\/de\/produkt\/20-mm-drehriegel-doppelbart-dorn-3-mm\/","url":"https:\/\/www.omrserrature.it\/de\/produkt\/20-mm-drehriegel-doppelbart-dorn-3-mm\/","name":"Einstellbarer Abschluss Dorn Form 3 mm - OMR Serrature","isPartOf":{"@id":"https:\/\/www.omrserrature.it\/de\/#website"},"primaryImageOfPage":{"@id":"https:\/\/www.omrserrature.it\/de\/produkt\/20-mm-drehriegel-doppelbart-dorn-3-mm\/#primaryimage"},"image":{"@id":"https:\/\/www.omrserrature.it\/de\/produkt\/20-mm-drehriegel-doppelbart-dorn-3-mm\/#primaryimage"},"thumbnailUrl":"https:\/\/www.omrserrature.it\/wp-content\/uploads\/2017\/10\/chiusura-regolabile-impronta-perno-3.jpg","datePublished":"2011-10-17T13:15:00+00:00","dateModified":"2026-04-08T10:47:44+00:00","breadcrumb":{"@id":"https:\/\/www.omrserrature.it\/de\/produkt\/20-mm-drehriegel-doppelbart-dorn-3-mm\/#breadcrumb"},"inLanguage":"de","potentialAction":[{"@type":"ReadAction","target":["https:\/\/www.omrserrature.it\/de\/produkt\/20-mm-drehriegel-doppelbart-dorn-3-mm\/"]}]},{"@type":"ImageObject","inLanguage":"de","@id":"https:\/\/www.omrserrature.it\/de\/produkt\/20-mm-drehriegel-doppelbart-dorn-3-mm\/#primaryimage","url":"https:\/\/www.omrserrature.it\/wp-content\/uploads\/2017\/10\/chiusura-regolabile-impronta-perno-3.jpg","contentUrl":"https:\/\/www.omrserrature.it\/wp-content\/uploads\/2017\/10\/chiusura-regolabile-impronta-perno-3.jpg","width":939,"height":558,"caption":"Doppelbart Dorn 3 mm einstellbar 1\/4 Drehung Abschluss"},{"@type":"BreadcrumbList","@id":"https:\/\/www.omrserrature.it\/de\/produkt\/20-mm-drehriegel-doppelbart-dorn-3-mm\/#breadcrumb","itemListElement":[{"@type":"ListItem","position":1,"name":"Home","item":"https:\/\/www.omrserrature.it\/de\/omr-serrature-sistemi-chiusura\/"},{"@type":"ListItem","position":2,"name":"Katalog","item":"https:\/\/www.omrserrature.it\/katalog\/?lang=de"},{"@type":"ListItem","position":3,"name":"Produkte","item":"https:\/\/www.omrserrature.it\/de\/katalog\/produkte\/"},{"@type":"ListItem","position":4,"name":"Schloesser","item":"https:\/\/www.omrserrature.it\/de\/katalog\/produkte\/schloesser\/"},{"@type":"ListItem","position":5,"name":"1\/4 Drehung Drehriegel","item":"https:\/\/www.omrserrature.it\/de\/katalog\/produkte\/schloesser\/1-4-drehung-drehriegel\/"},{"@type":"ListItem","position":6,"name":"Einstellbarer Abschluss Dorn Form 3 mm"}]},{"@type":"WebSite","@id":"https:\/\/www.omrserrature.it\/de\/#website","url":"https:\/\/www.omrserrature.it\/de\/","name":"OMR Serrature | Produzione sistemi di chiusura","description":"Produzione serrature di sicurezza e sistemi di chiusura","publisher":{"@id":"https:\/\/www.omrserrature.it\/de\/#organization"},"potentialAction":[{"@type":"SearchAction","target":{"@type":"EntryPoint","urlTemplate":"https:\/\/www.omrserrature.it\/de\/?s={search_term_string}"},"query-input":{"@type":"PropertyValueSpecification","valueRequired":true,"valueName":"search_term_string"}}],"inLanguage":"de"},{"@type":"Organization","@id":"https:\/\/www.omrserrature.it\/de\/#organization","name":"OMR Serrature | Produzione sistemi di chiusura","url":"https:\/\/www.omrserrature.it\/de\/","logo":{"@type":"ImageObject","inLanguage":"de","@id":"https:\/\/www.omrserrature.it\/de\/#\/schema\/logo\/image\/","url":"https:\/\/www.omrserrature.it\/wp-content\/uploads\/2017\/09\/favicon-omr-114.png","contentUrl":"https:\/\/www.omrserrature.it\/wp-content\/uploads\/2017\/09\/favicon-omr-114.png","width":114,"height":114,"caption":"OMR Serrature | Produzione sistemi di chiusura"},"image":{"@id":"https:\/\/www.omrserrature.it\/de\/#\/schema\/logo\/image\/"},"sameAs":["https:\/\/www.facebook.com\/OMRserrature","https:\/\/www.linkedin.com\/company\/omrserrature\/","https:\/\/www.youtube.com\/channel\/UCxmA85z2R0EpG_6IRokiAkg"]}]}},"_links":{"self":[{"href":"https:\/\/www.omrserrature.it\/de\/wp-json\/wp\/v2\/product\/11449","targetHints":{"allow":["GET"]}}],"collection":[{"href":"https:\/\/www.omrserrature.it\/de\/wp-json\/wp\/v2\/product"}],"about":[{"href":"https:\/\/www.omrserrature.it\/de\/wp-json\/wp\/v2\/types\/product"}],"replies":[{"embeddable":true,"href":"https:\/\/www.omrserrature.it\/de\/wp-json\/wp\/v2\/comments?post=11449"}],"wp:featuredmedia":[{"embeddable":true,"href":"https:\/\/www.omrserrature.it\/de\/wp-json\/wp\/v2\/media\/3151"}],"wp:attachment":[{"href":"https:\/\/www.omrserrature.it\/de\/wp-json\/wp\/v2\/media?parent=11449"}],"wp:term":[{"taxonomy":"product_brand","embeddable":true,"href":"https:\/\/www.omrserrature.it\/de\/wp-json\/wp\/v2\/product_brand?post=11449"},{"taxonomy":"product_cat","embeddable":true,"href":"https:\/\/www.omrserrature.it\/de\/wp-json\/wp\/v2\/product_cat?post=11449"},{"taxonomy":"product_tag","embeddable":true,"href":"https:\/\/www.omrserrature.it\/de\/wp-json\/wp\/v2\/product_tag?post=11449"}],"curies":[{"name":"wp","href":"https:\/\/api.w.org\/{rel}","templated":true}]}}