{"id":11448,"date":"2017-10-11T14:54:46","date_gmt":"2011-10-17T12:54:00","guid":{"rendered":"http:\/\/staging6.omrserrature.it\/prodotto\/drehriegel-fiat\/"},"modified":"2026-04-08T12:47:50","modified_gmt":"2026-04-08T10:47:50","slug":"19-mm-drehriegel-fiat","status":"publish","type":"product","link":"https:\/\/www.omrserrature.it\/de\/produkt\/19-mm-drehriegel-fiat\/","title":{"rendered":"Fiat Form Abschluss"},"content":{"rendered":"<p>Das <strong>1\/4-Drehung FIAT Drehriegel<\/strong> besteht aus einem Metalldruckgussgeh\u00e4use, in dessen Inneren sich ein FIAT Zylinder befindet, der sich durch eine kreuzf\u00f6rmige Form unter einer Feder auszeichnet, die, durch einen speziellen Schl\u00fcssel bewegt, das \u00d6ffnen oder Schlie\u00dfen bestimmt.<\/p>\n<p>Der vkt. 7 mm Hebelansatz erm\u00f6glicht die Installation unterschiedlicher <strong>geraden, gekr\u00f6pften oder Hakenhebel<\/strong>, sowie 2-Punkt oder 3-Punkt Hebel f\u00fcr Stangenbet\u00e4tigung oder Hebedornen f\u00fcr <strong>Zentralverschluss<\/strong>. Dank dem Kompressionssystem ist der Drehriegel mit FIAT Bet\u00e4tigung vibrations- und schwingungsfest. Dank der Doppelbart-Bet\u00e4tigung, ist der Drehriegel die perfekte L\u00f6sung f\u00fcr Anwendungen, die keinen hohen Sicherheitsgrad ben\u00f6tigen aber die das \u00d6ffnen mittels Werkzeuge (wie bei der Dreikant- oder der Vierkant-Bet\u00e4tigung) verhindern. Es handelt sich dann von einem guten Kompromiss zwischen Drehriegeln und Zylinderschl\u00f6ssern mit Schl\u00fcssel.   <\/p>\n<p>Der FIAT Steckschl\u00fcssel Schloss eignet sich f\u00fcr Anwendungen, bei denen eine besondere <strong>Belastbarkeit <\/strong>und ein mittleres Sicherheitsniveau erforderlich sind, z.B. bei Bordger\u00e4ten, an Robotern, Montagelinien, Schalttafeln, Schreinereien und technischen F\u00e4chern.<\/p>\n","protected":false},"excerpt":{"rendered":"<p>Das <strong>1\/4-Drehung FIAT Drehriegel<\/strong> besteht aus einem Metalldruckgussgeh\u00e4use, in dessen Inneren sich ein FIAT Zylinder befindet, der sich durch eine kreuzf\u00f6rmige Form unter einer Feder auszeichnet, die, durch einen speziellen Schl\u00fcssel bewegt, das \u00d6ffnen oder Schlie\u00dfen bestimmt.<\/p>\n","protected":false},"featured_media":3049,"comment_status":"open","ping_status":"closed","template":"","meta":{"_acf_changed":false,"_et_pb_use_builder":"","_et_pb_old_content":"","_et_gb_content_width":""},"product_brand":[],"product_cat":[3780,3765,3773,3768,3763,3766,3825,3828,3842,3827,3836,3802],"product_tag":[],"class_list":{"0":"post-11448","1":"product","2":"type-product","3":"status-publish","4":"has-post-thumbnail","6":"product_cat-1-4-drehung-drehriegel","7":"product_cat-abschlusssysteme-fur-die-industrie","8":"product_cat-architektur-stadtplanung-und-design","9":"product_cat-automatisierung-und-hausautomation","10":"product_cat-automotive-und-transport","11":"product_cat-gros-und-einzelhandel","12":"product_cat-hebel-schlosser","13":"product_cat-professionelle-mobelschlosser","14":"product_cat-schlosser-fur-die-elektromechanische-industrie","15":"product_cat-schlosser-fur-schaltschranke","16":"product_cat-schlosser-fur-transportmittel","17":"product_cat-wasserdichte-rostfreie-schlosser","19":"first","20":"instock","21":"shipping-taxable","22":"purchasable","23":"product-type-variable"},"acf":{"pdf1":"https:\/\/www.omrserrature.it\/wp-content\/uploads\/2017\/10\/Scheda-161550.pdf"},"yoast_head":"<!-- This site is optimized with the Yoast SEO plugin v27.2 - https:\/\/yoast.com\/product\/yoast-seo-wordpress\/ -->\n<title>Fiat Form Abschluss - OMR Serrature<\/title>\n<meta name=\"robots\" content=\"index, follow, max-snippet:-1, max-image-preview:large, max-video-preview:-1\" \/>\n<link rel=\"canonical\" href=\"https:\/\/www.omrserrature.it\/de\/produkt\/19-mm-drehriegel-fiat\/\" \/>\n<meta property=\"og:locale\" content=\"de_DE\" \/>\n<meta property=\"og:type\" content=\"article\" \/>\n<meta property=\"og:title\" content=\"Fiat Form Abschluss - OMR Serrature\" \/>\n<meta property=\"og:description\" content=\"Das 1\/4-Drehung FIAT Drehriegel besteht aus einem Metalldruckgussgeh\u00e4use, in dessen Inneren sich ein FIAT Zylinder befindet, der sich durch eine kreuzf\u00f6rmige Form unter einer Feder auszeichnet, die, durch einen speziellen Schl\u00fcssel bewegt, das \u00d6ffnen oder Schlie\u00dfen bestimmt.\" \/>\n<meta property=\"og:url\" content=\"https:\/\/www.omrserrature.it\/de\/produkt\/19-mm-drehriegel-fiat\/\" \/>\n<meta property=\"og:site_name\" content=\"OMR Serrature | Produzione sistemi di chiusura\" \/>\n<meta property=\"article:publisher\" content=\"https:\/\/www.facebook.com\/OMRserrature\" \/>\n<meta property=\"article:modified_time\" content=\"2026-04-08T10:47:50+00:00\" \/>\n<meta property=\"og:image\" content=\"https:\/\/www.omrserrature.it\/wp-content\/uploads\/2017\/10\/chiusura-impronta-fiat.jpg\" \/>\n\t<meta property=\"og:image:width\" content=\"392\" \/>\n\t<meta property=\"og:image:height\" content=\"379\" \/>\n\t<meta property=\"og:image:type\" content=\"image\/jpeg\" \/>\n<meta name=\"twitter:card\" content=\"summary_large_image\" \/>\n<meta name=\"twitter:label1\" content=\"Gesch\u00e4tzte Lesezeit\" \/>\n\t<meta name=\"twitter:data1\" content=\"1\u00a0Minute\" \/>\n<script type=\"application\/ld+json\" class=\"yoast-schema-graph\">{\"@context\":\"https:\/\/schema.org\",\"@graph\":[{\"@type\":\"WebPage\",\"@id\":\"https:\/\/www.omrserrature.it\/de\/produkt\/19-mm-drehriegel-fiat\/\",\"url\":\"https:\/\/www.omrserrature.it\/de\/produkt\/19-mm-drehriegel-fiat\/\",\"name\":\"Fiat Form Abschluss - OMR Serrature\",\"isPartOf\":{\"@id\":\"https:\/\/www.omrserrature.it\/de\/#website\"},\"primaryImageOfPage\":{\"@id\":\"https:\/\/www.omrserrature.it\/de\/produkt\/19-mm-drehriegel-fiat\/#primaryimage\"},\"image\":{\"@id\":\"https:\/\/www.omrserrature.it\/de\/produkt\/19-mm-drehriegel-fiat\/#primaryimage\"},\"thumbnailUrl\":\"https:\/\/www.omrserrature.it\/wp-content\/uploads\/2017\/10\/chiusura-impronta-fiat.jpg\",\"datePublished\":\"2011-10-17T12:54:00+00:00\",\"dateModified\":\"2026-04-08T10:47:50+00:00\",\"breadcrumb\":{\"@id\":\"https:\/\/www.omrserrature.it\/de\/produkt\/19-mm-drehriegel-fiat\/#breadcrumb\"},\"inLanguage\":\"de\",\"potentialAction\":[{\"@type\":\"ReadAction\",\"target\":[\"https:\/\/www.omrserrature.it\/de\/produkt\/19-mm-drehriegel-fiat\/\"]}]},{\"@type\":\"ImageObject\",\"inLanguage\":\"de\",\"@id\":\"https:\/\/www.omrserrature.it\/de\/produkt\/19-mm-drehriegel-fiat\/#primaryimage\",\"url\":\"https:\/\/www.omrserrature.it\/wp-content\/uploads\/2017\/10\/chiusura-impronta-fiat.jpg\",\"contentUrl\":\"https:\/\/www.omrserrature.it\/wp-content\/uploads\/2017\/10\/chiusura-impronta-fiat.jpg\",\"width\":392,\"height\":379,\"caption\":\"Fiat 1\/4 Drehung - spezielle Druckverschl\u00fcsse\"},{\"@type\":\"BreadcrumbList\",\"@id\":\"https:\/\/www.omrserrature.it\/de\/produkt\/19-mm-drehriegel-fiat\/#breadcrumb\",\"itemListElement\":[{\"@type\":\"ListItem\",\"position\":1,\"name\":\"Home\",\"item\":\"https:\/\/www.omrserrature.it\/de\/omr-serrature-sistemi-chiusura\/\"},{\"@type\":\"ListItem\",\"position\":2,\"name\":\"Katalog\",\"item\":\"https:\/\/www.omrserrature.it\/katalog\/?lang=de\"},{\"@type\":\"ListItem\",\"position\":3,\"name\":\"Produkte\",\"item\":\"https:\/\/www.omrserrature.it\/de\/katalog\/produkte\/\"},{\"@type\":\"ListItem\",\"position\":4,\"name\":\"Schloesser\",\"item\":\"https:\/\/www.omrserrature.it\/de\/katalog\/produkte\/schloesser\/\"},{\"@type\":\"ListItem\",\"position\":5,\"name\":\"1\/4 Drehung Drehriegel\",\"item\":\"https:\/\/www.omrserrature.it\/de\/katalog\/produkte\/schloesser\/1-4-drehung-drehriegel\/\"},{\"@type\":\"ListItem\",\"position\":6,\"name\":\"Fiat Form Abschluss\"}]},{\"@type\":\"WebSite\",\"@id\":\"https:\/\/www.omrserrature.it\/de\/#website\",\"url\":\"https:\/\/www.omrserrature.it\/de\/\",\"name\":\"OMR Serrature | Produzione sistemi di chiusura\",\"description\":\"Produzione serrature di sicurezza e sistemi di chiusura\",\"publisher\":{\"@id\":\"https:\/\/www.omrserrature.it\/de\/#organization\"},\"potentialAction\":[{\"@type\":\"SearchAction\",\"target\":{\"@type\":\"EntryPoint\",\"urlTemplate\":\"https:\/\/www.omrserrature.it\/de\/?s={search_term_string}\"},\"query-input\":{\"@type\":\"PropertyValueSpecification\",\"valueRequired\":true,\"valueName\":\"search_term_string\"}}],\"inLanguage\":\"de\"},{\"@type\":\"Organization\",\"@id\":\"https:\/\/www.omrserrature.it\/de\/#organization\",\"name\":\"OMR Serrature | Produzione sistemi di chiusura\",\"url\":\"https:\/\/www.omrserrature.it\/de\/\",\"logo\":{\"@type\":\"ImageObject\",\"inLanguage\":\"de\",\"@id\":\"https:\/\/www.omrserrature.it\/de\/#\/schema\/logo\/image\/\",\"url\":\"https:\/\/www.omrserrature.it\/wp-content\/uploads\/2017\/09\/favicon-omr-114.png\",\"contentUrl\":\"https:\/\/www.omrserrature.it\/wp-content\/uploads\/2017\/09\/favicon-omr-114.png\",\"width\":114,\"height\":114,\"caption\":\"OMR Serrature | Produzione sistemi di chiusura\"},\"image\":{\"@id\":\"https:\/\/www.omrserrature.it\/de\/#\/schema\/logo\/image\/\"},\"sameAs\":[\"https:\/\/www.facebook.com\/OMRserrature\",\"https:\/\/www.linkedin.com\/company\/omrserrature\/\",\"https:\/\/www.youtube.com\/channel\/UCxmA85z2R0EpG_6IRokiAkg\"]}]}<\/script>\n<!-- \/ Yoast SEO plugin. -->","yoast_head_json":{"title":"Fiat Form Abschluss - OMR Serrature","robots":{"index":"index","follow":"follow","max-snippet":"max-snippet:-1","max-image-preview":"max-image-preview:large","max-video-preview":"max-video-preview:-1"},"canonical":"https:\/\/www.omrserrature.it\/de\/produkt\/19-mm-drehriegel-fiat\/","og_locale":"de_DE","og_type":"article","og_title":"Fiat Form Abschluss - OMR Serrature","og_description":"Das 1\/4-Drehung FIAT Drehriegel besteht aus einem Metalldruckgussgeh\u00e4use, in dessen Inneren sich ein FIAT Zylinder befindet, der sich durch eine kreuzf\u00f6rmige Form unter einer Feder auszeichnet, die, durch einen speziellen Schl\u00fcssel bewegt, das \u00d6ffnen oder Schlie\u00dfen bestimmt.","og_url":"https:\/\/www.omrserrature.it\/de\/produkt\/19-mm-drehriegel-fiat\/","og_site_name":"OMR Serrature | Produzione sistemi di chiusura","article_publisher":"https:\/\/www.facebook.com\/OMRserrature","article_modified_time":"2026-04-08T10:47:50+00:00","og_image":[{"width":392,"height":379,"url":"https:\/\/www.omrserrature.it\/wp-content\/uploads\/2017\/10\/chiusura-impronta-fiat.jpg","type":"image\/jpeg"}],"twitter_card":"summary_large_image","twitter_misc":{"Gesch\u00e4tzte Lesezeit":"1\u00a0Minute"},"schema":{"@context":"https:\/\/schema.org","@graph":[{"@type":"WebPage","@id":"https:\/\/www.omrserrature.it\/de\/produkt\/19-mm-drehriegel-fiat\/","url":"https:\/\/www.omrserrature.it\/de\/produkt\/19-mm-drehriegel-fiat\/","name":"Fiat Form Abschluss - OMR Serrature","isPartOf":{"@id":"https:\/\/www.omrserrature.it\/de\/#website"},"primaryImageOfPage":{"@id":"https:\/\/www.omrserrature.it\/de\/produkt\/19-mm-drehriegel-fiat\/#primaryimage"},"image":{"@id":"https:\/\/www.omrserrature.it\/de\/produkt\/19-mm-drehriegel-fiat\/#primaryimage"},"thumbnailUrl":"https:\/\/www.omrserrature.it\/wp-content\/uploads\/2017\/10\/chiusura-impronta-fiat.jpg","datePublished":"2011-10-17T12:54:00+00:00","dateModified":"2026-04-08T10:47:50+00:00","breadcrumb":{"@id":"https:\/\/www.omrserrature.it\/de\/produkt\/19-mm-drehriegel-fiat\/#breadcrumb"},"inLanguage":"de","potentialAction":[{"@type":"ReadAction","target":["https:\/\/www.omrserrature.it\/de\/produkt\/19-mm-drehriegel-fiat\/"]}]},{"@type":"ImageObject","inLanguage":"de","@id":"https:\/\/www.omrserrature.it\/de\/produkt\/19-mm-drehriegel-fiat\/#primaryimage","url":"https:\/\/www.omrserrature.it\/wp-content\/uploads\/2017\/10\/chiusura-impronta-fiat.jpg","contentUrl":"https:\/\/www.omrserrature.it\/wp-content\/uploads\/2017\/10\/chiusura-impronta-fiat.jpg","width":392,"height":379,"caption":"Fiat 1\/4 Drehung - spezielle Druckverschl\u00fcsse"},{"@type":"BreadcrumbList","@id":"https:\/\/www.omrserrature.it\/de\/produkt\/19-mm-drehriegel-fiat\/#breadcrumb","itemListElement":[{"@type":"ListItem","position":1,"name":"Home","item":"https:\/\/www.omrserrature.it\/de\/omr-serrature-sistemi-chiusura\/"},{"@type":"ListItem","position":2,"name":"Katalog","item":"https:\/\/www.omrserrature.it\/katalog\/?lang=de"},{"@type":"ListItem","position":3,"name":"Produkte","item":"https:\/\/www.omrserrature.it\/de\/katalog\/produkte\/"},{"@type":"ListItem","position":4,"name":"Schloesser","item":"https:\/\/www.omrserrature.it\/de\/katalog\/produkte\/schloesser\/"},{"@type":"ListItem","position":5,"name":"1\/4 Drehung Drehriegel","item":"https:\/\/www.omrserrature.it\/de\/katalog\/produkte\/schloesser\/1-4-drehung-drehriegel\/"},{"@type":"ListItem","position":6,"name":"Fiat Form Abschluss"}]},{"@type":"WebSite","@id":"https:\/\/www.omrserrature.it\/de\/#website","url":"https:\/\/www.omrserrature.it\/de\/","name":"OMR Serrature | Produzione sistemi di chiusura","description":"Produzione serrature di sicurezza e sistemi di chiusura","publisher":{"@id":"https:\/\/www.omrserrature.it\/de\/#organization"},"potentialAction":[{"@type":"SearchAction","target":{"@type":"EntryPoint","urlTemplate":"https:\/\/www.omrserrature.it\/de\/?s={search_term_string}"},"query-input":{"@type":"PropertyValueSpecification","valueRequired":true,"valueName":"search_term_string"}}],"inLanguage":"de"},{"@type":"Organization","@id":"https:\/\/www.omrserrature.it\/de\/#organization","name":"OMR Serrature | Produzione sistemi di chiusura","url":"https:\/\/www.omrserrature.it\/de\/","logo":{"@type":"ImageObject","inLanguage":"de","@id":"https:\/\/www.omrserrature.it\/de\/#\/schema\/logo\/image\/","url":"https:\/\/www.omrserrature.it\/wp-content\/uploads\/2017\/09\/favicon-omr-114.png","contentUrl":"https:\/\/www.omrserrature.it\/wp-content\/uploads\/2017\/09\/favicon-omr-114.png","width":114,"height":114,"caption":"OMR Serrature | Produzione sistemi di chiusura"},"image":{"@id":"https:\/\/www.omrserrature.it\/de\/#\/schema\/logo\/image\/"},"sameAs":["https:\/\/www.facebook.com\/OMRserrature","https:\/\/www.linkedin.com\/company\/omrserrature\/","https:\/\/www.youtube.com\/channel\/UCxmA85z2R0EpG_6IRokiAkg"]}]}},"_links":{"self":[{"href":"https:\/\/www.omrserrature.it\/de\/wp-json\/wp\/v2\/product\/11448","targetHints":{"allow":["GET"]}}],"collection":[{"href":"https:\/\/www.omrserrature.it\/de\/wp-json\/wp\/v2\/product"}],"about":[{"href":"https:\/\/www.omrserrature.it\/de\/wp-json\/wp\/v2\/types\/product"}],"replies":[{"embeddable":true,"href":"https:\/\/www.omrserrature.it\/de\/wp-json\/wp\/v2\/comments?post=11448"}],"wp:featuredmedia":[{"embeddable":true,"href":"https:\/\/www.omrserrature.it\/de\/wp-json\/wp\/v2\/media\/3049"}],"wp:attachment":[{"href":"https:\/\/www.omrserrature.it\/de\/wp-json\/wp\/v2\/media?parent=11448"}],"wp:term":[{"taxonomy":"product_brand","embeddable":true,"href":"https:\/\/www.omrserrature.it\/de\/wp-json\/wp\/v2\/product_brand?post=11448"},{"taxonomy":"product_cat","embeddable":true,"href":"https:\/\/www.omrserrature.it\/de\/wp-json\/wp\/v2\/product_cat?post=11448"},{"taxonomy":"product_tag","embeddable":true,"href":"https:\/\/www.omrserrature.it\/de\/wp-json\/wp\/v2\/product_tag?post=11448"}],"curies":[{"name":"wp","href":"https:\/\/api.w.org\/{rel}","templated":true}]}}