{"id":11445,"date":"2017-10-11T14:34:07","date_gmt":"2011-10-17T12:34:00","guid":{"rendered":"http:\/\/staging6.omrserrature.it\/prodotto\/druck-knebel-mit-klammerbefestigung\/"},"modified":"2026-04-08T13:10:07","modified_gmt":"2026-04-08T11:10:07","slug":"19-mm-druck-verschluss-klammerbefestigung","status":"publish","type":"product","link":"https:\/\/www.omrserrature.it\/de\/produkt\/19-mm-druck-verschluss-klammerbefestigung\/","title":{"rendered":"Druckknopfgriff mit Gabelfeder"},"content":{"rendered":"<p>Der 1\/4-Dreh-Druckknopfgriff besteht aus einem Stator und einem Knopf aus einer Zinklegierung. Um das Schloss zu \u00f6ffnen und zu schlie\u00dfen, m\u00fcssen Sie den<strong> Griff fassen, den Knopf ganz durchdr\u00fccken und dann drehen.<\/strong> Der federbelastete Zylinder verhindert ein versehentliches oder vibrationsbedingtes \u00d6ffnen. <strong>Die Gabelfeder <\/strong>(auch als Clip bezeichnet) <strong>erm\u00f6glicht die schnelle Befestigung<\/strong> an Metallt\u00fcren unterschiedlicher Dicke.  <\/p>\n<p><strong>Der 7-mm-Vierkant<\/strong> erm\u00f6glicht auch den Einbau einer Vielzahl von <strong>geraden, gekr\u00f6pften und Hakenzungen<\/strong>, ohne die M\u00f6glichkeit zu vernachl\u00e4ssigen, Mehrpunkt-Hebel f\u00fcr die Bewegung der Stangen einzusetzen. <strong>Der Druckknopf<\/strong> kann auch aus <strong>Technopolymer<\/strong> hergestellt werden, einem speziellen &#8218;metallischen Kunststoff&#8216;, der eine der Aluminiumlegierung ebenb\u00fcrtige mechanische Leistung, Best\u00e4ndigkeit gegen Witterungseinfl\u00fcsse und Korrosion sowie eine perfekte Integration in Ihr Endprodukt dank der breiten Farbpalette garantiert.<\/p>\n<p>Dank des praktischen Druckgriffs am Kasten wird <strong>ein ungewolltes \u00d6ffnen auch bei Ersch\u00fctterungen verhindert<\/strong>. Die Anwendungen sind vielf\u00e4ltig: Gask\u00e4sten, Balkonm\u00f6bel, Metallschr\u00e4nke, Industriemaschinen, landwirtschaftliche Maschinen oder Erste-Hilfe-K\u00e4sten. <\/p>\n","protected":false},"excerpt":{"rendered":"<p>Der 1\/4-Dreh-Druckknopfgriff besteht aus einem Stator und einem Knopf aus einer Zinklegierung. Um das Schloss zu \u00f6ffnen und zu schlie\u00dfen, m\u00fcssen Sie<strong> den Griff ergreifen, den Knopf vollst\u00e4ndig dr\u00fccken und dann drehen.<\/strong> <\/p>\n<p>Der federbelastete Zylinder verhindert ein versehentliches oder vibrationsbedingtes \u00d6ffnen. <strong>Die Gabelfeder <\/strong>(auch als Clip bekannt) <strong>erm\u00f6glicht eine schnelle Befestigung<\/strong> an Metallt\u00fcren verschiedener St\u00e4rken.<\/p>\n","protected":false},"featured_media":18500,"comment_status":"open","ping_status":"closed","template":"","meta":{"_acf_changed":false,"_et_pb_use_builder":"","_et_pb_old_content":"","_et_gb_content_width":""},"product_brand":[],"product_cat":[3780,3765,3773,3768,3875,3825,3828,3845,3843,3842,3872,3827,3839,3840,3836,3860,3769,3764,3802],"product_tag":[],"class_list":{"0":"post-11445","1":"product","2":"type-product","3":"status-publish","4":"has-post-thumbnail","6":"product_cat-1-4-drehung-drehriegel","7":"product_cat-abschlusssysteme-fur-die-industrie","8":"product_cat-architektur-stadtplanung-und-design","9":"product_cat-automatisierung-und-hausautomation","10":"product_cat-boot-schlosser","11":"product_cat-hebel-schlosser","12":"product_cat-professionelle-mobelschlosser","13":"product_cat-schlosser-fur-automaten","14":"product_cat-schlosser-fur-automatische-lagerhauser","15":"product_cat-schlosser-fur-die-elektromechanische-industrie","16":"product_cat-schlosser-fur-lieferwagen","17":"product_cat-schlosser-fur-schaltschranke","18":"product_cat-schlosser-fur-schrankfronten","19":"product_cat-schlosser-fur-seitenwandturen","20":"product_cat-schlosser-fur-transportmittel","21":"product_cat-turschlosser","22":"product_cat-umweltfreundlich-recyceln","23":"product_cat-wasser-luft-gas-fur-firmen","24":"product_cat-wasserdichte-rostfreie-schlosser","26":"first","27":"instock","28":"shipping-taxable","29":"purchasable","30":"product-type-variable","31":"has-default-attributes"},"acf":{"pdf1":"https:\/\/www.omrserrature.it\/wp-content\/uploads\/2017\/10\/Scheda-165575.pdf"},"yoast_head":"<!-- This site is optimized with the Yoast SEO plugin v27.2 - https:\/\/yoast.com\/product\/yoast-seo-wordpress\/ -->\n<title>Druckknopfgriff mit Gabelfeder - OMR Serrature<\/title>\n<meta name=\"robots\" content=\"index, follow, max-snippet:-1, max-image-preview:large, max-video-preview:-1\" \/>\n<link rel=\"canonical\" href=\"https:\/\/www.omrserrature.it\/de\/produkt\/19-mm-druck-verschluss-klammerbefestigung\/\" \/>\n<meta property=\"og:locale\" content=\"de_DE\" \/>\n<meta property=\"og:type\" content=\"article\" \/>\n<meta property=\"og:title\" content=\"Druckknopfgriff mit Gabelfeder - OMR Serrature\" \/>\n<meta property=\"og:description\" content=\"Der 1\/4-Dreh-Druckknopfgriff besteht aus einem Stator und einem Knopf aus einer Zinklegierung. Um das Schloss zu \u00f6ffnen und zu schlie\u00dfen, m\u00fcssen Sie den Griff ergreifen, den Knopf vollst\u00e4ndig dr\u00fccken und dann drehen.  Der federbelastete Zylinder verhindert ein versehentliches oder vibrationsbedingtes \u00d6ffnen. Die Gabelfeder (auch als Clip bekannt) erm\u00f6glicht eine schnelle Befestigung an Metallt\u00fcren verschiedener St\u00e4rken.\" \/>\n<meta property=\"og:url\" content=\"https:\/\/www.omrserrature.it\/de\/produkt\/19-mm-druck-verschluss-klammerbefestigung\/\" \/>\n<meta property=\"og:site_name\" content=\"OMR Serrature | Produzione sistemi di chiusura\" \/>\n<meta property=\"article:publisher\" content=\"https:\/\/www.facebook.com\/OMRserrature\" \/>\n<meta property=\"article:modified_time\" content=\"2026-04-08T11:10:07+00:00\" \/>\n<meta property=\"og:image\" content=\"https:\/\/www.omrserrature.it\/wp-content\/uploads\/2017\/10\/Maniglietta-a-pulsante-con-forcella.jpg\" \/>\n\t<meta property=\"og:image:width\" content=\"600\" \/>\n\t<meta property=\"og:image:height\" content=\"600\" \/>\n\t<meta property=\"og:image:type\" content=\"image\/jpeg\" \/>\n<meta name=\"twitter:card\" content=\"summary_large_image\" \/>\n<meta name=\"twitter:label1\" content=\"Gesch\u00e4tzte Lesezeit\" \/>\n\t<meta name=\"twitter:data1\" content=\"1\u00a0Minute\" \/>\n<script type=\"application\/ld+json\" class=\"yoast-schema-graph\">{\"@context\":\"https:\/\/schema.org\",\"@graph\":[{\"@type\":\"WebPage\",\"@id\":\"https:\/\/www.omrserrature.it\/de\/produkt\/19-mm-druck-verschluss-klammerbefestigung\/\",\"url\":\"https:\/\/www.omrserrature.it\/de\/produkt\/19-mm-druck-verschluss-klammerbefestigung\/\",\"name\":\"Druckknopfgriff mit Gabelfeder - OMR Serrature\",\"isPartOf\":{\"@id\":\"https:\/\/www.omrserrature.it\/de\/#website\"},\"primaryImageOfPage\":{\"@id\":\"https:\/\/www.omrserrature.it\/de\/produkt\/19-mm-druck-verschluss-klammerbefestigung\/#primaryimage\"},\"image\":{\"@id\":\"https:\/\/www.omrserrature.it\/de\/produkt\/19-mm-druck-verschluss-klammerbefestigung\/#primaryimage\"},\"thumbnailUrl\":\"https:\/\/www.omrserrature.it\/wp-content\/uploads\/2017\/10\/Maniglietta-a-pulsante-con-forcella.jpg\",\"datePublished\":\"2011-10-17T12:34:00+00:00\",\"dateModified\":\"2026-04-08T11:10:07+00:00\",\"breadcrumb\":{\"@id\":\"https:\/\/www.omrserrature.it\/de\/produkt\/19-mm-druck-verschluss-klammerbefestigung\/#breadcrumb\"},\"inLanguage\":\"de\",\"potentialAction\":[{\"@type\":\"ReadAction\",\"target\":[\"https:\/\/www.omrserrature.it\/de\/produkt\/19-mm-druck-verschluss-klammerbefestigung\/\"]}]},{\"@type\":\"ImageObject\",\"inLanguage\":\"de\",\"@id\":\"https:\/\/www.omrserrature.it\/de\/produkt\/19-mm-druck-verschluss-klammerbefestigung\/#primaryimage\",\"url\":\"https:\/\/www.omrserrature.it\/wp-content\/uploads\/2017\/10\/Maniglietta-a-pulsante-con-forcella.jpg\",\"contentUrl\":\"https:\/\/www.omrserrature.it\/wp-content\/uploads\/2017\/10\/Maniglietta-a-pulsante-con-forcella.jpg\",\"width\":600,\"height\":600,\"caption\":\"Druckknopfgriff mit Gabelfeder\"},{\"@type\":\"BreadcrumbList\",\"@id\":\"https:\/\/www.omrserrature.it\/de\/produkt\/19-mm-druck-verschluss-klammerbefestigung\/#breadcrumb\",\"itemListElement\":[{\"@type\":\"ListItem\",\"position\":1,\"name\":\"Home\",\"item\":\"https:\/\/www.omrserrature.it\/de\/omr-serrature-sistemi-chiusura\/\"},{\"@type\":\"ListItem\",\"position\":2,\"name\":\"Katalog\",\"item\":\"https:\/\/www.omrserrature.it\/katalog\/?lang=de\"},{\"@type\":\"ListItem\",\"position\":3,\"name\":\"Produkte\",\"item\":\"https:\/\/www.omrserrature.it\/de\/katalog\/produkte\/\"},{\"@type\":\"ListItem\",\"position\":4,\"name\":\"Schloesser\",\"item\":\"https:\/\/www.omrserrature.it\/de\/katalog\/produkte\/schloesser\/\"},{\"@type\":\"ListItem\",\"position\":5,\"name\":\"1\/4 Drehung Drehriegel\",\"item\":\"https:\/\/www.omrserrature.it\/de\/katalog\/produkte\/schloesser\/1-4-drehung-drehriegel\/\"},{\"@type\":\"ListItem\",\"position\":6,\"name\":\"Druckknopfgriff mit Gabelfeder\"}]},{\"@type\":\"WebSite\",\"@id\":\"https:\/\/www.omrserrature.it\/de\/#website\",\"url\":\"https:\/\/www.omrserrature.it\/de\/\",\"name\":\"OMR Serrature | Produzione sistemi di chiusura\",\"description\":\"Produzione serrature di sicurezza e sistemi di chiusura\",\"publisher\":{\"@id\":\"https:\/\/www.omrserrature.it\/de\/#organization\"},\"potentialAction\":[{\"@type\":\"SearchAction\",\"target\":{\"@type\":\"EntryPoint\",\"urlTemplate\":\"https:\/\/www.omrserrature.it\/de\/?s={search_term_string}\"},\"query-input\":{\"@type\":\"PropertyValueSpecification\",\"valueRequired\":true,\"valueName\":\"search_term_string\"}}],\"inLanguage\":\"de\"},{\"@type\":\"Organization\",\"@id\":\"https:\/\/www.omrserrature.it\/de\/#organization\",\"name\":\"OMR Serrature | Produzione sistemi di chiusura\",\"url\":\"https:\/\/www.omrserrature.it\/de\/\",\"logo\":{\"@type\":\"ImageObject\",\"inLanguage\":\"de\",\"@id\":\"https:\/\/www.omrserrature.it\/de\/#\/schema\/logo\/image\/\",\"url\":\"https:\/\/www.omrserrature.it\/wp-content\/uploads\/2017\/09\/favicon-omr-114.png\",\"contentUrl\":\"https:\/\/www.omrserrature.it\/wp-content\/uploads\/2017\/09\/favicon-omr-114.png\",\"width\":114,\"height\":114,\"caption\":\"OMR Serrature | Produzione sistemi di chiusura\"},\"image\":{\"@id\":\"https:\/\/www.omrserrature.it\/de\/#\/schema\/logo\/image\/\"},\"sameAs\":[\"https:\/\/www.facebook.com\/OMRserrature\",\"https:\/\/www.linkedin.com\/company\/omrserrature\/\",\"https:\/\/www.youtube.com\/channel\/UCxmA85z2R0EpG_6IRokiAkg\"]}]}<\/script>\n<!-- \/ Yoast SEO plugin. -->","yoast_head_json":{"title":"Druckknopfgriff mit Gabelfeder - OMR Serrature","robots":{"index":"index","follow":"follow","max-snippet":"max-snippet:-1","max-image-preview":"max-image-preview:large","max-video-preview":"max-video-preview:-1"},"canonical":"https:\/\/www.omrserrature.it\/de\/produkt\/19-mm-druck-verschluss-klammerbefestigung\/","og_locale":"de_DE","og_type":"article","og_title":"Druckknopfgriff mit Gabelfeder - OMR Serrature","og_description":"Der 1\/4-Dreh-Druckknopfgriff besteht aus einem Stator und einem Knopf aus einer Zinklegierung. Um das Schloss zu \u00f6ffnen und zu schlie\u00dfen, m\u00fcssen Sie den Griff ergreifen, den Knopf vollst\u00e4ndig dr\u00fccken und dann drehen.  Der federbelastete Zylinder verhindert ein versehentliches oder vibrationsbedingtes \u00d6ffnen. Die Gabelfeder (auch als Clip bekannt) erm\u00f6glicht eine schnelle Befestigung an Metallt\u00fcren verschiedener St\u00e4rken.","og_url":"https:\/\/www.omrserrature.it\/de\/produkt\/19-mm-druck-verschluss-klammerbefestigung\/","og_site_name":"OMR Serrature | Produzione sistemi di chiusura","article_publisher":"https:\/\/www.facebook.com\/OMRserrature","article_modified_time":"2026-04-08T11:10:07+00:00","og_image":[{"width":600,"height":600,"url":"https:\/\/www.omrserrature.it\/wp-content\/uploads\/2017\/10\/Maniglietta-a-pulsante-con-forcella.jpg","type":"image\/jpeg"}],"twitter_card":"summary_large_image","twitter_misc":{"Gesch\u00e4tzte Lesezeit":"1\u00a0Minute"},"schema":{"@context":"https:\/\/schema.org","@graph":[{"@type":"WebPage","@id":"https:\/\/www.omrserrature.it\/de\/produkt\/19-mm-druck-verschluss-klammerbefestigung\/","url":"https:\/\/www.omrserrature.it\/de\/produkt\/19-mm-druck-verschluss-klammerbefestigung\/","name":"Druckknopfgriff mit Gabelfeder - OMR Serrature","isPartOf":{"@id":"https:\/\/www.omrserrature.it\/de\/#website"},"primaryImageOfPage":{"@id":"https:\/\/www.omrserrature.it\/de\/produkt\/19-mm-druck-verschluss-klammerbefestigung\/#primaryimage"},"image":{"@id":"https:\/\/www.omrserrature.it\/de\/produkt\/19-mm-druck-verschluss-klammerbefestigung\/#primaryimage"},"thumbnailUrl":"https:\/\/www.omrserrature.it\/wp-content\/uploads\/2017\/10\/Maniglietta-a-pulsante-con-forcella.jpg","datePublished":"2011-10-17T12:34:00+00:00","dateModified":"2026-04-08T11:10:07+00:00","breadcrumb":{"@id":"https:\/\/www.omrserrature.it\/de\/produkt\/19-mm-druck-verschluss-klammerbefestigung\/#breadcrumb"},"inLanguage":"de","potentialAction":[{"@type":"ReadAction","target":["https:\/\/www.omrserrature.it\/de\/produkt\/19-mm-druck-verschluss-klammerbefestigung\/"]}]},{"@type":"ImageObject","inLanguage":"de","@id":"https:\/\/www.omrserrature.it\/de\/produkt\/19-mm-druck-verschluss-klammerbefestigung\/#primaryimage","url":"https:\/\/www.omrserrature.it\/wp-content\/uploads\/2017\/10\/Maniglietta-a-pulsante-con-forcella.jpg","contentUrl":"https:\/\/www.omrserrature.it\/wp-content\/uploads\/2017\/10\/Maniglietta-a-pulsante-con-forcella.jpg","width":600,"height":600,"caption":"Druckknopfgriff mit Gabelfeder"},{"@type":"BreadcrumbList","@id":"https:\/\/www.omrserrature.it\/de\/produkt\/19-mm-druck-verschluss-klammerbefestigung\/#breadcrumb","itemListElement":[{"@type":"ListItem","position":1,"name":"Home","item":"https:\/\/www.omrserrature.it\/de\/omr-serrature-sistemi-chiusura\/"},{"@type":"ListItem","position":2,"name":"Katalog","item":"https:\/\/www.omrserrature.it\/katalog\/?lang=de"},{"@type":"ListItem","position":3,"name":"Produkte","item":"https:\/\/www.omrserrature.it\/de\/katalog\/produkte\/"},{"@type":"ListItem","position":4,"name":"Schloesser","item":"https:\/\/www.omrserrature.it\/de\/katalog\/produkte\/schloesser\/"},{"@type":"ListItem","position":5,"name":"1\/4 Drehung Drehriegel","item":"https:\/\/www.omrserrature.it\/de\/katalog\/produkte\/schloesser\/1-4-drehung-drehriegel\/"},{"@type":"ListItem","position":6,"name":"Druckknopfgriff mit Gabelfeder"}]},{"@type":"WebSite","@id":"https:\/\/www.omrserrature.it\/de\/#website","url":"https:\/\/www.omrserrature.it\/de\/","name":"OMR Serrature | Produzione sistemi di chiusura","description":"Produzione serrature di sicurezza e sistemi di chiusura","publisher":{"@id":"https:\/\/www.omrserrature.it\/de\/#organization"},"potentialAction":[{"@type":"SearchAction","target":{"@type":"EntryPoint","urlTemplate":"https:\/\/www.omrserrature.it\/de\/?s={search_term_string}"},"query-input":{"@type":"PropertyValueSpecification","valueRequired":true,"valueName":"search_term_string"}}],"inLanguage":"de"},{"@type":"Organization","@id":"https:\/\/www.omrserrature.it\/de\/#organization","name":"OMR Serrature | Produzione sistemi di chiusura","url":"https:\/\/www.omrserrature.it\/de\/","logo":{"@type":"ImageObject","inLanguage":"de","@id":"https:\/\/www.omrserrature.it\/de\/#\/schema\/logo\/image\/","url":"https:\/\/www.omrserrature.it\/wp-content\/uploads\/2017\/09\/favicon-omr-114.png","contentUrl":"https:\/\/www.omrserrature.it\/wp-content\/uploads\/2017\/09\/favicon-omr-114.png","width":114,"height":114,"caption":"OMR Serrature | Produzione sistemi di chiusura"},"image":{"@id":"https:\/\/www.omrserrature.it\/de\/#\/schema\/logo\/image\/"},"sameAs":["https:\/\/www.facebook.com\/OMRserrature","https:\/\/www.linkedin.com\/company\/omrserrature\/","https:\/\/www.youtube.com\/channel\/UCxmA85z2R0EpG_6IRokiAkg"]}]}},"_links":{"self":[{"href":"https:\/\/www.omrserrature.it\/de\/wp-json\/wp\/v2\/product\/11445","targetHints":{"allow":["GET"]}}],"collection":[{"href":"https:\/\/www.omrserrature.it\/de\/wp-json\/wp\/v2\/product"}],"about":[{"href":"https:\/\/www.omrserrature.it\/de\/wp-json\/wp\/v2\/types\/product"}],"replies":[{"embeddable":true,"href":"https:\/\/www.omrserrature.it\/de\/wp-json\/wp\/v2\/comments?post=11445"}],"wp:featuredmedia":[{"embeddable":true,"href":"https:\/\/www.omrserrature.it\/de\/wp-json\/wp\/v2\/media\/18500"}],"wp:attachment":[{"href":"https:\/\/www.omrserrature.it\/de\/wp-json\/wp\/v2\/media?parent=11445"}],"wp:term":[{"taxonomy":"product_brand","embeddable":true,"href":"https:\/\/www.omrserrature.it\/de\/wp-json\/wp\/v2\/product_brand?post=11445"},{"taxonomy":"product_cat","embeddable":true,"href":"https:\/\/www.omrserrature.it\/de\/wp-json\/wp\/v2\/product_cat?post=11445"},{"taxonomy":"product_tag","embeddable":true,"href":"https:\/\/www.omrserrature.it\/de\/wp-json\/wp\/v2\/product_tag?post=11445"}],"curies":[{"name":"wp","href":"https:\/\/api.w.org\/{rel}","templated":true}]}}