{"id":11436,"date":"2017-10-10T17:16:09","date_gmt":"2010-10-17T15:16:00","guid":{"rendered":"http:\/\/staging6.omrserrature.it\/prodotto\/drehriegel-vierkant-7-mit-verlangerung\/"},"modified":"2026-04-08T13:13:19","modified_gmt":"2026-04-08T11:13:19","slug":"19-mm-drehriegel-vierkant-7-mit-verlangerung","status":"publish","type":"product","link":"https:\/\/www.omrserrature.it\/de\/produkt\/19-mm-drehriegel-vierkant-7-mit-verlangerung\/","title":{"rendered":"Abschluss mit quadratischer Formverl\u00e4ngerung 7"},"content":{"rendered":"<p>Das <strong>1\/4-Drehung Drehriegel<\/strong> <strong>mit verstellbarem <em>Nocken<\/em><\/strong> besteht aus einem Geh\u00e4use aus Zinklegierung, in dem sich ein federbelasteter Zylinder befindet, der sich mit Hilfe eines Schl\u00fcssels dreht, um das \u00d6ffnen oder Schlie\u00dfen zu bestimmen. Am Zylinder ist eine 74 mm lange Eisenverl\u00e4ngerung angebracht, mit der die <strong>Position des Hebels<\/strong> ohne gekr\u00f6pfte Hebel <strong>gew\u00e4hlt werden kann<\/strong>. <\/p>\n<p>Die<strong>quadratische Form Q7<\/strong> kann mit Kastenzylindern mit einer <strong>quadratischen Seite von 7 mm<\/strong> verwendet werden. Dank des <strong>Verl\u00e4ngerungssystems<\/strong> ist ein Nockenanschlag von <strong>minimal 34,70 mm<\/strong> bis <strong>maximal 81,70 mm<\/strong> m\u00f6glich. Die Plattenst\u00e4rke darf maximal 15 mm betragen, damit das Schloss befestigt werden kann.  <\/p>\n<p><strong>Der Steckschl\u00fcssel Schloss eignet sich f\u00fcr Anwendungen, bei denen ein gro\u00dfer Rahmen \u00fcberwunden werden muss<\/strong>, wie z.B. bei Eisenk\u00e4sten und in der <strong>Schiffs- und Eisenbahnindustrie<\/strong>. Es ist die perfekte L\u00f6sung f\u00fcr Karosserien von Erdbaumaschinen oder Gabelstaplern. H\u00e4ufige Anwendungen sind Stra\u00dfenschilder und Werbetafeln, Stadtmobiliar wie Tore von \u00f6kologischen Inseln oder Tischlerobjekte.<\/p>\n","protected":false},"excerpt":{"rendered":"<p><strong>Das quadratische Drehriegel mit 1\/4 Drehung und verstellbarem <em>Nocken<\/em><\/strong> besteht aus einem Geh\u00e4use aus Zinklegierung, in dem sich ein federbelasteter Zylinder befindet, der sich mit Hilfe eines Schl\u00fcssels dreht, um das \u00d6ffnen oder den Abschluss zu bestimmen.<\/p>\n<p>An dem Zylinder ist eine Eisenverl\u00e4ngerung von 74 mm angebracht, mit der die Position des Hebels gew\u00e4hlt werden kann.<\/p>\n","protected":false},"featured_media":3133,"comment_status":"open","ping_status":"closed","template":"","meta":{"_acf_changed":false,"_et_pb_use_builder":"","_et_pb_old_content":"","_et_gb_content_width":""},"product_brand":[],"product_cat":[3780,3765,3773,3768,3875,3825,3829,3828,3845,3843,3849,3842,3872,3827,3839,3840,3836,3769,3764,3802],"product_tag":[],"class_list":{"0":"post-11436","1":"product","2":"type-product","3":"status-publish","4":"has-post-thumbnail","6":"product_cat-1-4-drehung-drehriegel","7":"product_cat-abschlusssysteme-fur-die-industrie","8":"product_cat-architektur-stadtplanung-und-design","9":"product_cat-automatisierung-und-hausautomation","10":"product_cat-boot-schlosser","11":"product_cat-hebel-schlosser","12":"product_cat-kabinett-schlosser","13":"product_cat-professionelle-mobelschlosser","14":"product_cat-schlosser-fur-automaten","15":"product_cat-schlosser-fur-automatische-lagerhauser","16":"product_cat-schlosser-fur-balkonkasten","17":"product_cat-schlosser-fur-die-elektromechanische-industrie","18":"product_cat-schlosser-fur-lieferwagen","19":"product_cat-schlosser-fur-schaltschranke","20":"product_cat-schlosser-fur-schrankfronten","21":"product_cat-schlosser-fur-seitenwandturen","22":"product_cat-schlosser-fur-transportmittel","23":"product_cat-umweltfreundlich-recyceln","24":"product_cat-wasser-luft-gas-fur-firmen","25":"product_cat-wasserdichte-rostfreie-schlosser","27":"first","28":"instock","29":"shipping-taxable","30":"product-type-simple"},"acf":{"pdf1":"https:\/\/www.omrserrature.it\/wp-content\/uploads\/schede\/Scheda_162102.pdf"},"yoast_head":"<!-- This site is optimized with the Yoast SEO plugin v27.2 - https:\/\/yoast.com\/product\/yoast-seo-wordpress\/ -->\n<title>Abschluss mit quadratischer Formverl\u00e4ngerung 7 - OMR Serrature<\/title>\n<meta name=\"robots\" content=\"index, follow, max-snippet:-1, max-image-preview:large, max-video-preview:-1\" \/>\n<link rel=\"canonical\" href=\"https:\/\/www.omrserrature.it\/de\/produkt\/19-mm-drehriegel-vierkant-7-mit-verlangerung\/\" \/>\n<meta property=\"og:locale\" content=\"de_DE\" \/>\n<meta property=\"og:type\" content=\"article\" \/>\n<meta property=\"og:title\" content=\"Abschluss mit quadratischer Formverl\u00e4ngerung 7 - OMR Serrature\" \/>\n<meta property=\"og:description\" content=\"Das quadratische Drehriegel mit 1\/4 Drehung und verstellbarem Nocken besteht aus einem Geh\u00e4use aus Zinklegierung, in dem sich ein federbelasteter Zylinder befindet, der sich mit Hilfe eines Schl\u00fcssels dreht, um das \u00d6ffnen oder den Abschluss zu bestimmen. An dem Zylinder ist eine Eisenverl\u00e4ngerung von 74 mm angebracht, mit der die Position des Hebels gew\u00e4hlt werden kann.\" \/>\n<meta property=\"og:url\" content=\"https:\/\/www.omrserrature.it\/de\/produkt\/19-mm-drehriegel-vierkant-7-mit-verlangerung\/\" \/>\n<meta property=\"og:site_name\" content=\"OMR Serrature | Produzione sistemi di chiusura\" \/>\n<meta property=\"article:publisher\" content=\"https:\/\/www.facebook.com\/OMRserrature\" \/>\n<meta property=\"article:modified_time\" content=\"2026-04-08T11:13:19+00:00\" \/>\n<meta property=\"og:image\" content=\"https:\/\/www.omrserrature.it\/wp-content\/uploads\/2017\/10\/chiusura-prolunga-impronta-quadro-7.jpg\" \/>\n\t<meta property=\"og:image:width\" content=\"442\" \/>\n\t<meta property=\"og:image:height\" content=\"408\" \/>\n\t<meta property=\"og:image:type\" content=\"image\/jpeg\" \/>\n<meta name=\"twitter:card\" content=\"summary_large_image\" \/>\n<meta name=\"twitter:label1\" content=\"Gesch\u00e4tzte Lesezeit\" \/>\n\t<meta name=\"twitter:data1\" content=\"1\u00a0Minute\" \/>\n<script type=\"application\/ld+json\" class=\"yoast-schema-graph\">{\"@context\":\"https:\/\/schema.org\",\"@graph\":[{\"@type\":\"WebPage\",\"@id\":\"https:\/\/www.omrserrature.it\/de\/produkt\/19-mm-drehriegel-vierkant-7-mit-verlangerung\/\",\"url\":\"https:\/\/www.omrserrature.it\/de\/produkt\/19-mm-drehriegel-vierkant-7-mit-verlangerung\/\",\"name\":\"Abschluss mit quadratischer Formverl\u00e4ngerung 7 - OMR Serrature\",\"isPartOf\":{\"@id\":\"https:\/\/www.omrserrature.it\/de\/#website\"},\"primaryImageOfPage\":{\"@id\":\"https:\/\/www.omrserrature.it\/de\/produkt\/19-mm-drehriegel-vierkant-7-mit-verlangerung\/#primaryimage\"},\"image\":{\"@id\":\"https:\/\/www.omrserrature.it\/de\/produkt\/19-mm-drehriegel-vierkant-7-mit-verlangerung\/#primaryimage\"},\"thumbnailUrl\":\"https:\/\/www.omrserrature.it\/wp-content\/uploads\/2017\/10\/chiusura-prolunga-impronta-quadro-7.jpg\",\"datePublished\":\"2010-10-17T15:16:00+00:00\",\"dateModified\":\"2026-04-08T11:13:19+00:00\",\"breadcrumb\":{\"@id\":\"https:\/\/www.omrserrature.it\/de\/produkt\/19-mm-drehriegel-vierkant-7-mit-verlangerung\/#breadcrumb\"},\"inLanguage\":\"de\",\"potentialAction\":[{\"@type\":\"ReadAction\",\"target\":[\"https:\/\/www.omrserrature.it\/de\/produkt\/19-mm-drehriegel-vierkant-7-mit-verlangerung\/\"]}]},{\"@type\":\"ImageObject\",\"inLanguage\":\"de\",\"@id\":\"https:\/\/www.omrserrature.it\/de\/produkt\/19-mm-drehriegel-vierkant-7-mit-verlangerung\/#primaryimage\",\"url\":\"https:\/\/www.omrserrature.it\/wp-content\/uploads\/2017\/10\/chiusura-prolunga-impronta-quadro-7.jpg\",\"contentUrl\":\"https:\/\/www.omrserrature.it\/wp-content\/uploads\/2017\/10\/chiusura-prolunga-impronta-quadro-7.jpg\",\"width\":442,\"height\":408,\"caption\":\"1\/4-Drehung Steckschl\u00fcssel Schloss mit einstellbarem Nocken - quadratische Form Q7\"},{\"@type\":\"BreadcrumbList\",\"@id\":\"https:\/\/www.omrserrature.it\/de\/produkt\/19-mm-drehriegel-vierkant-7-mit-verlangerung\/#breadcrumb\",\"itemListElement\":[{\"@type\":\"ListItem\",\"position\":1,\"name\":\"Home\",\"item\":\"https:\/\/www.omrserrature.it\/de\/omr-serrature-sistemi-chiusura\/\"},{\"@type\":\"ListItem\",\"position\":2,\"name\":\"Katalog\",\"item\":\"https:\/\/www.omrserrature.it\/katalog\/?lang=de\"},{\"@type\":\"ListItem\",\"position\":3,\"name\":\"Anwendungen\",\"item\":\"https:\/\/www.omrserrature.it\/de\/katalog\/anwendungen\/\"},{\"@type\":\"ListItem\",\"position\":4,\"name\":\"Kabinett Schl\u00f6sser\",\"item\":\"https:\/\/www.omrserrature.it\/de\/katalog\/anwendungen\/kabinett-schlosser\/\"},{\"@type\":\"ListItem\",\"position\":5,\"name\":\"Abschluss mit quadratischer Formverl\u00e4ngerung 7\"}]},{\"@type\":\"WebSite\",\"@id\":\"https:\/\/www.omrserrature.it\/de\/#website\",\"url\":\"https:\/\/www.omrserrature.it\/de\/\",\"name\":\"OMR Serrature | Produzione sistemi di chiusura\",\"description\":\"Produzione serrature di sicurezza e sistemi di chiusura\",\"publisher\":{\"@id\":\"https:\/\/www.omrserrature.it\/de\/#organization\"},\"potentialAction\":[{\"@type\":\"SearchAction\",\"target\":{\"@type\":\"EntryPoint\",\"urlTemplate\":\"https:\/\/www.omrserrature.it\/de\/?s={search_term_string}\"},\"query-input\":{\"@type\":\"PropertyValueSpecification\",\"valueRequired\":true,\"valueName\":\"search_term_string\"}}],\"inLanguage\":\"de\"},{\"@type\":\"Organization\",\"@id\":\"https:\/\/www.omrserrature.it\/de\/#organization\",\"name\":\"OMR Serrature | Produzione sistemi di chiusura\",\"url\":\"https:\/\/www.omrserrature.it\/de\/\",\"logo\":{\"@type\":\"ImageObject\",\"inLanguage\":\"de\",\"@id\":\"https:\/\/www.omrserrature.it\/de\/#\/schema\/logo\/image\/\",\"url\":\"https:\/\/www.omrserrature.it\/wp-content\/uploads\/2017\/09\/favicon-omr-114.png\",\"contentUrl\":\"https:\/\/www.omrserrature.it\/wp-content\/uploads\/2017\/09\/favicon-omr-114.png\",\"width\":114,\"height\":114,\"caption\":\"OMR Serrature | Produzione sistemi di chiusura\"},\"image\":{\"@id\":\"https:\/\/www.omrserrature.it\/de\/#\/schema\/logo\/image\/\"},\"sameAs\":[\"https:\/\/www.facebook.com\/OMRserrature\",\"https:\/\/www.linkedin.com\/company\/omrserrature\/\",\"https:\/\/www.youtube.com\/channel\/UCxmA85z2R0EpG_6IRokiAkg\"]}]}<\/script>\n<!-- \/ Yoast SEO plugin. -->","yoast_head_json":{"title":"Abschluss mit quadratischer Formverl\u00e4ngerung 7 - OMR Serrature","robots":{"index":"index","follow":"follow","max-snippet":"max-snippet:-1","max-image-preview":"max-image-preview:large","max-video-preview":"max-video-preview:-1"},"canonical":"https:\/\/www.omrserrature.it\/de\/produkt\/19-mm-drehriegel-vierkant-7-mit-verlangerung\/","og_locale":"de_DE","og_type":"article","og_title":"Abschluss mit quadratischer Formverl\u00e4ngerung 7 - OMR Serrature","og_description":"Das quadratische Drehriegel mit 1\/4 Drehung und verstellbarem Nocken besteht aus einem Geh\u00e4use aus Zinklegierung, in dem sich ein federbelasteter Zylinder befindet, der sich mit Hilfe eines Schl\u00fcssels dreht, um das \u00d6ffnen oder den Abschluss zu bestimmen. An dem Zylinder ist eine Eisenverl\u00e4ngerung von 74 mm angebracht, mit der die Position des Hebels gew\u00e4hlt werden kann.","og_url":"https:\/\/www.omrserrature.it\/de\/produkt\/19-mm-drehriegel-vierkant-7-mit-verlangerung\/","og_site_name":"OMR Serrature | Produzione sistemi di chiusura","article_publisher":"https:\/\/www.facebook.com\/OMRserrature","article_modified_time":"2026-04-08T11:13:19+00:00","og_image":[{"width":442,"height":408,"url":"https:\/\/www.omrserrature.it\/wp-content\/uploads\/2017\/10\/chiusura-prolunga-impronta-quadro-7.jpg","type":"image\/jpeg"}],"twitter_card":"summary_large_image","twitter_misc":{"Gesch\u00e4tzte Lesezeit":"1\u00a0Minute"},"schema":{"@context":"https:\/\/schema.org","@graph":[{"@type":"WebPage","@id":"https:\/\/www.omrserrature.it\/de\/produkt\/19-mm-drehriegel-vierkant-7-mit-verlangerung\/","url":"https:\/\/www.omrserrature.it\/de\/produkt\/19-mm-drehriegel-vierkant-7-mit-verlangerung\/","name":"Abschluss mit quadratischer Formverl\u00e4ngerung 7 - OMR Serrature","isPartOf":{"@id":"https:\/\/www.omrserrature.it\/de\/#website"},"primaryImageOfPage":{"@id":"https:\/\/www.omrserrature.it\/de\/produkt\/19-mm-drehriegel-vierkant-7-mit-verlangerung\/#primaryimage"},"image":{"@id":"https:\/\/www.omrserrature.it\/de\/produkt\/19-mm-drehriegel-vierkant-7-mit-verlangerung\/#primaryimage"},"thumbnailUrl":"https:\/\/www.omrserrature.it\/wp-content\/uploads\/2017\/10\/chiusura-prolunga-impronta-quadro-7.jpg","datePublished":"2010-10-17T15:16:00+00:00","dateModified":"2026-04-08T11:13:19+00:00","breadcrumb":{"@id":"https:\/\/www.omrserrature.it\/de\/produkt\/19-mm-drehriegel-vierkant-7-mit-verlangerung\/#breadcrumb"},"inLanguage":"de","potentialAction":[{"@type":"ReadAction","target":["https:\/\/www.omrserrature.it\/de\/produkt\/19-mm-drehriegel-vierkant-7-mit-verlangerung\/"]}]},{"@type":"ImageObject","inLanguage":"de","@id":"https:\/\/www.omrserrature.it\/de\/produkt\/19-mm-drehriegel-vierkant-7-mit-verlangerung\/#primaryimage","url":"https:\/\/www.omrserrature.it\/wp-content\/uploads\/2017\/10\/chiusura-prolunga-impronta-quadro-7.jpg","contentUrl":"https:\/\/www.omrserrature.it\/wp-content\/uploads\/2017\/10\/chiusura-prolunga-impronta-quadro-7.jpg","width":442,"height":408,"caption":"1\/4-Drehung Steckschl\u00fcssel Schloss mit einstellbarem Nocken - quadratische Form Q7"},{"@type":"BreadcrumbList","@id":"https:\/\/www.omrserrature.it\/de\/produkt\/19-mm-drehriegel-vierkant-7-mit-verlangerung\/#breadcrumb","itemListElement":[{"@type":"ListItem","position":1,"name":"Home","item":"https:\/\/www.omrserrature.it\/de\/omr-serrature-sistemi-chiusura\/"},{"@type":"ListItem","position":2,"name":"Katalog","item":"https:\/\/www.omrserrature.it\/katalog\/?lang=de"},{"@type":"ListItem","position":3,"name":"Anwendungen","item":"https:\/\/www.omrserrature.it\/de\/katalog\/anwendungen\/"},{"@type":"ListItem","position":4,"name":"Kabinett Schl\u00f6sser","item":"https:\/\/www.omrserrature.it\/de\/katalog\/anwendungen\/kabinett-schlosser\/"},{"@type":"ListItem","position":5,"name":"Abschluss mit quadratischer Formverl\u00e4ngerung 7"}]},{"@type":"WebSite","@id":"https:\/\/www.omrserrature.it\/de\/#website","url":"https:\/\/www.omrserrature.it\/de\/","name":"OMR Serrature | Produzione sistemi di chiusura","description":"Produzione serrature di sicurezza e sistemi di chiusura","publisher":{"@id":"https:\/\/www.omrserrature.it\/de\/#organization"},"potentialAction":[{"@type":"SearchAction","target":{"@type":"EntryPoint","urlTemplate":"https:\/\/www.omrserrature.it\/de\/?s={search_term_string}"},"query-input":{"@type":"PropertyValueSpecification","valueRequired":true,"valueName":"search_term_string"}}],"inLanguage":"de"},{"@type":"Organization","@id":"https:\/\/www.omrserrature.it\/de\/#organization","name":"OMR Serrature | Produzione sistemi di chiusura","url":"https:\/\/www.omrserrature.it\/de\/","logo":{"@type":"ImageObject","inLanguage":"de","@id":"https:\/\/www.omrserrature.it\/de\/#\/schema\/logo\/image\/","url":"https:\/\/www.omrserrature.it\/wp-content\/uploads\/2017\/09\/favicon-omr-114.png","contentUrl":"https:\/\/www.omrserrature.it\/wp-content\/uploads\/2017\/09\/favicon-omr-114.png","width":114,"height":114,"caption":"OMR Serrature | Produzione sistemi di chiusura"},"image":{"@id":"https:\/\/www.omrserrature.it\/de\/#\/schema\/logo\/image\/"},"sameAs":["https:\/\/www.facebook.com\/OMRserrature","https:\/\/www.linkedin.com\/company\/omrserrature\/","https:\/\/www.youtube.com\/channel\/UCxmA85z2R0EpG_6IRokiAkg"]}]}},"_links":{"self":[{"href":"https:\/\/www.omrserrature.it\/de\/wp-json\/wp\/v2\/product\/11436","targetHints":{"allow":["GET"]}}],"collection":[{"href":"https:\/\/www.omrserrature.it\/de\/wp-json\/wp\/v2\/product"}],"about":[{"href":"https:\/\/www.omrserrature.it\/de\/wp-json\/wp\/v2\/types\/product"}],"replies":[{"embeddable":true,"href":"https:\/\/www.omrserrature.it\/de\/wp-json\/wp\/v2\/comments?post=11436"}],"wp:featuredmedia":[{"embeddable":true,"href":"https:\/\/www.omrserrature.it\/de\/wp-json\/wp\/v2\/media\/3133"}],"wp:attachment":[{"href":"https:\/\/www.omrserrature.it\/de\/wp-json\/wp\/v2\/media?parent=11436"}],"wp:term":[{"taxonomy":"product_brand","embeddable":true,"href":"https:\/\/www.omrserrature.it\/de\/wp-json\/wp\/v2\/product_brand?post=11436"},{"taxonomy":"product_cat","embeddable":true,"href":"https:\/\/www.omrserrature.it\/de\/wp-json\/wp\/v2\/product_cat?post=11436"},{"taxonomy":"product_tag","embeddable":true,"href":"https:\/\/www.omrserrature.it\/de\/wp-json\/wp\/v2\/product_tag?post=11436"}],"curies":[{"name":"wp","href":"https:\/\/api.w.org\/{rel}","templated":true}]}}