{"id":11435,"date":"2017-10-10T16:52:34","date_gmt":"2010-10-17T14:52:00","guid":{"rendered":"http:\/\/staging6.omrserrature.it\/prodotto\/drehriegel-dreikant-6-mit-verlangerung\/"},"modified":"2026-04-08T13:13:30","modified_gmt":"2026-04-08T11:13:30","slug":"19-mm-drehriegel-dreikant-6-mm-mit-verlaengerung","status":"publish","type":"product","link":"https:\/\/www.omrserrature.it\/de\/produkt\/19-mm-drehriegel-dreikant-6-mm-mit-verlaengerung\/","title":{"rendered":"Abschluss mit dreieckiger Form-Verl\u00e4ngerung 6"},"content":{"rendered":"<p>Das <strong>dreieckige Drehriegel Schloss<\/strong> <strong>mit einstellbarer <em>Nocke<\/em><\/strong> besteht aus einem Geh\u00e4use aus Zinklegierung, in dem sich ein federbelasteter Zylinder befindet, der sich mit Hilfe eines Schl\u00fcssels dreht, um das \u00d6ffnen oder Schlie\u00dfen zu bestimmen. Am Zylinder ist eine 74 mm lange Eisenverl\u00e4ngerung angebracht, die es erm\u00f6glicht, die <strong>Position des Hebels zu w\u00e4hlen<\/strong>, ohne dass gekr\u00f6pfte Hebel erforderlich sind. <\/p>\n<p>Die<strong>T6 weibliche dreieckige Form<\/strong> kann mit Kastenzylindern mit <strong>8 mm Dreiecksseite<\/strong> verwendet werden. Er wird T6 genannt, weil ein Kreis mit 6 mm Durchmesser in das Dreieck eingeschrieben ist. Dank des Verl\u00e4ngerungssystems ist ein<strong> Nockenanschlag<\/strong> von<strong> minimal 34,70 mm<\/strong> bis <strong>maximal 81,70 mm<\/strong> m\u00f6glich. Die St\u00e4rke der Platte darf maximal 15 mm betragen, damit das Schloss befestigt werden kann. <\/p>\n<p><strong>Der Steckschl\u00fcssel Schloss eignet sich f\u00fcr Anwendungen, bei denen ein gro\u00dfer Rahmen \u00fcberwunden werden muss<\/strong>, wie z.B. bei Eisenk\u00e4sten, im <strong>Eisenbahn- oder Schiffsbaubereich<\/strong>. Es ist die perfekte L\u00f6sung f\u00fcr Karosserien von Erdbaumaschinen oder Gabelstaplern. Es wird h\u00e4ufig bei Stra\u00dfenschildern und Werbetafeln, aber auch bei Toren von \u00f6kologischen Inseln oder bei Tischlerarbeiten verwendet.<\/p>\n","protected":false},"excerpt":{"rendered":"<p>Das <strong>dreieckige Drehriegel Schloss<\/strong> <strong>mit einstellbarem <em>Nocken<\/em><\/strong> besteht aus einem Geh\u00e4use aus Zinklegierung, in dessen Inneren sich ein federbelasteter Zylinder befindet, der sich mit Hilfe eines Schl\u00fcssels dreht, um das \u00d6ffnen oder Schlie\u00dfen zu bestimmen.<\/p>\n<p>An dem Zylinder ist eine 74 mm lange Eisenverl\u00e4ngerung angebracht, mit der die <strong>Position des Hebels gew\u00e4hlt<\/strong> werden kann.<\/p>\n","protected":false},"featured_media":3139,"comment_status":"open","ping_status":"closed","template":"","meta":{"_acf_changed":false,"_et_pb_use_builder":"","_et_pb_old_content":"","_et_gb_content_width":""},"product_brand":[],"product_cat":[3780,3765,3773,3875,3825,3819,3828,3845,3843,3842,3872,3793,3827,3839,3840,3836,3860,3769,3764,3802],"product_tag":[],"class_list":{"0":"post-11435","1":"product","2":"type-product","3":"status-publish","4":"has-post-thumbnail","6":"product_cat-1-4-drehung-drehriegel","7":"product_cat-abschlusssysteme-fur-die-industrie","8":"product_cat-architektur-stadtplanung-und-design","9":"product_cat-boot-schlosser","10":"product_cat-hebel-schlosser","11":"product_cat-manuelle-schlosser-fur-mulltonnen-boxen","12":"product_cat-professionelle-mobelschlosser","13":"product_cat-schlosser-fur-automaten","14":"product_cat-schlosser-fur-automatische-lagerhauser","15":"product_cat-schlosser-fur-die-elektromechanische-industrie","16":"product_cat-schlosser-fur-lieferwagen","17":"product_cat-schlosser-fur-mulltonnen","18":"product_cat-schlosser-fur-schaltschranke","19":"product_cat-schlosser-fur-schrankfronten","20":"product_cat-schlosser-fur-seitenwandturen","21":"product_cat-schlosser-fur-transportmittel","22":"product_cat-turschlosser","23":"product_cat-umweltfreundlich-recyceln","24":"product_cat-wasser-luft-gas-fur-firmen","25":"product_cat-wasserdichte-rostfreie-schlosser","27":"first","28":"instock","29":"shipping-taxable","30":"product-type-simple"},"acf":{"pdf1":"https:\/\/www.omrserrature.it\/wp-content\/uploads\/schede\/Scheda_160500.pdf"},"yoast_head":"<!-- This site is optimized with the Yoast SEO plugin v27.2 - https:\/\/yoast.com\/product\/yoast-seo-wordpress\/ -->\n<title>Abschluss mit dreieckiger Form-Verl\u00e4ngerung 6 - OMR Serrature<\/title>\n<meta name=\"robots\" content=\"index, follow, max-snippet:-1, max-image-preview:large, max-video-preview:-1\" \/>\n<link rel=\"canonical\" href=\"https:\/\/www.omrserrature.it\/de\/produkt\/19-mm-drehriegel-dreikant-6-mm-mit-verlaengerung\/\" \/>\n<meta property=\"og:locale\" content=\"de_DE\" \/>\n<meta property=\"og:type\" content=\"article\" \/>\n<meta property=\"og:title\" content=\"Abschluss mit dreieckiger Form-Verl\u00e4ngerung 6 - OMR Serrature\" \/>\n<meta property=\"og:description\" content=\"Das dreieckige Drehriegel Schloss mit einstellbarem Nocken besteht aus einem Geh\u00e4use aus Zinklegierung, in dessen Inneren sich ein federbelasteter Zylinder befindet, der sich mit Hilfe eines Schl\u00fcssels dreht, um das \u00d6ffnen oder Schlie\u00dfen zu bestimmen. An dem Zylinder ist eine 74 mm lange Eisenverl\u00e4ngerung angebracht, mit der die Position des Hebels gew\u00e4hlt werden kann.\" \/>\n<meta property=\"og:url\" content=\"https:\/\/www.omrserrature.it\/de\/produkt\/19-mm-drehriegel-dreikant-6-mm-mit-verlaengerung\/\" \/>\n<meta property=\"og:site_name\" content=\"OMR Serrature | Produzione sistemi di chiusura\" \/>\n<meta property=\"article:publisher\" content=\"https:\/\/www.facebook.com\/OMRserrature\" \/>\n<meta property=\"article:modified_time\" content=\"2026-04-08T11:13:30+00:00\" \/>\n<meta property=\"og:image\" content=\"https:\/\/www.omrserrature.it\/wp-content\/uploads\/2017\/10\/chiusura-prolunga-impronta-triangolo-6.jpg\" \/>\n\t<meta property=\"og:image:width\" content=\"410\" \/>\n\t<meta property=\"og:image:height\" content=\"396\" \/>\n\t<meta property=\"og:image:type\" content=\"image\/jpeg\" \/>\n<meta name=\"twitter:card\" content=\"summary_large_image\" \/>\n<meta name=\"twitter:label1\" content=\"Gesch\u00e4tzte Lesezeit\" \/>\n\t<meta name=\"twitter:data1\" content=\"1\u00a0Minute\" \/>\n<script type=\"application\/ld+json\" class=\"yoast-schema-graph\">{\"@context\":\"https:\/\/schema.org\",\"@graph\":[{\"@type\":\"WebPage\",\"@id\":\"https:\/\/www.omrserrature.it\/de\/produkt\/19-mm-drehriegel-dreikant-6-mm-mit-verlaengerung\/\",\"url\":\"https:\/\/www.omrserrature.it\/de\/produkt\/19-mm-drehriegel-dreikant-6-mm-mit-verlaengerung\/\",\"name\":\"Abschluss mit dreieckiger Form-Verl\u00e4ngerung 6 - OMR Serrature\",\"isPartOf\":{\"@id\":\"https:\/\/www.omrserrature.it\/de\/#website\"},\"primaryImageOfPage\":{\"@id\":\"https:\/\/www.omrserrature.it\/de\/produkt\/19-mm-drehriegel-dreikant-6-mm-mit-verlaengerung\/#primaryimage\"},\"image\":{\"@id\":\"https:\/\/www.omrserrature.it\/de\/produkt\/19-mm-drehriegel-dreikant-6-mm-mit-verlaengerung\/#primaryimage\"},\"thumbnailUrl\":\"https:\/\/www.omrserrature.it\/wp-content\/uploads\/2017\/10\/chiusura-prolunga-impronta-triangolo-6.jpg\",\"datePublished\":\"2010-10-17T14:52:00+00:00\",\"dateModified\":\"2026-04-08T11:13:30+00:00\",\"breadcrumb\":{\"@id\":\"https:\/\/www.omrserrature.it\/de\/produkt\/19-mm-drehriegel-dreikant-6-mm-mit-verlaengerung\/#breadcrumb\"},\"inLanguage\":\"de\",\"potentialAction\":[{\"@type\":\"ReadAction\",\"target\":[\"https:\/\/www.omrserrature.it\/de\/produkt\/19-mm-drehriegel-dreikant-6-mm-mit-verlaengerung\/\"]}]},{\"@type\":\"ImageObject\",\"inLanguage\":\"de\",\"@id\":\"https:\/\/www.omrserrature.it\/de\/produkt\/19-mm-drehriegel-dreikant-6-mm-mit-verlaengerung\/#primaryimage\",\"url\":\"https:\/\/www.omrserrature.it\/wp-content\/uploads\/2017\/10\/chiusura-prolunga-impronta-triangolo-6.jpg\",\"contentUrl\":\"https:\/\/www.omrserrature.it\/wp-content\/uploads\/2017\/10\/chiusura-prolunga-impronta-triangolo-6.jpg\",\"width\":410,\"height\":396,\"caption\":\"Dreiecksverschluss mit 6 1\/4 Drehungen und einstellbarem Nocken\"},{\"@type\":\"BreadcrumbList\",\"@id\":\"https:\/\/www.omrserrature.it\/de\/produkt\/19-mm-drehriegel-dreikant-6-mm-mit-verlaengerung\/#breadcrumb\",\"itemListElement\":[{\"@type\":\"ListItem\",\"position\":1,\"name\":\"Home\",\"item\":\"https:\/\/www.omrserrature.it\/de\/omr-serrature-sistemi-chiusura\/\"},{\"@type\":\"ListItem\",\"position\":2,\"name\":\"Katalog\",\"item\":\"https:\/\/www.omrserrature.it\/katalog\/?lang=de\"},{\"@type\":\"ListItem\",\"position\":3,\"name\":\"Produkte\",\"item\":\"https:\/\/www.omrserrature.it\/de\/katalog\/produkte\/\"},{\"@type\":\"ListItem\",\"position\":4,\"name\":\"Schloesser\",\"item\":\"https:\/\/www.omrserrature.it\/de\/katalog\/produkte\/schloesser\/\"},{\"@type\":\"ListItem\",\"position\":5,\"name\":\"1\/4 Drehung Drehriegel\",\"item\":\"https:\/\/www.omrserrature.it\/de\/katalog\/produkte\/schloesser\/1-4-drehung-drehriegel\/\"},{\"@type\":\"ListItem\",\"position\":6,\"name\":\"Abschluss mit dreieckiger Form-Verl\u00e4ngerung 6\"}]},{\"@type\":\"WebSite\",\"@id\":\"https:\/\/www.omrserrature.it\/de\/#website\",\"url\":\"https:\/\/www.omrserrature.it\/de\/\",\"name\":\"OMR Serrature | Produzione sistemi di chiusura\",\"description\":\"Produzione serrature di sicurezza e sistemi di chiusura\",\"publisher\":{\"@id\":\"https:\/\/www.omrserrature.it\/de\/#organization\"},\"potentialAction\":[{\"@type\":\"SearchAction\",\"target\":{\"@type\":\"EntryPoint\",\"urlTemplate\":\"https:\/\/www.omrserrature.it\/de\/?s={search_term_string}\"},\"query-input\":{\"@type\":\"PropertyValueSpecification\",\"valueRequired\":true,\"valueName\":\"search_term_string\"}}],\"inLanguage\":\"de\"},{\"@type\":\"Organization\",\"@id\":\"https:\/\/www.omrserrature.it\/de\/#organization\",\"name\":\"OMR Serrature | Produzione sistemi di chiusura\",\"url\":\"https:\/\/www.omrserrature.it\/de\/\",\"logo\":{\"@type\":\"ImageObject\",\"inLanguage\":\"de\",\"@id\":\"https:\/\/www.omrserrature.it\/de\/#\/schema\/logo\/image\/\",\"url\":\"https:\/\/www.omrserrature.it\/wp-content\/uploads\/2017\/09\/favicon-omr-114.png\",\"contentUrl\":\"https:\/\/www.omrserrature.it\/wp-content\/uploads\/2017\/09\/favicon-omr-114.png\",\"width\":114,\"height\":114,\"caption\":\"OMR Serrature | Produzione sistemi di chiusura\"},\"image\":{\"@id\":\"https:\/\/www.omrserrature.it\/de\/#\/schema\/logo\/image\/\"},\"sameAs\":[\"https:\/\/www.facebook.com\/OMRserrature\",\"https:\/\/www.linkedin.com\/company\/omrserrature\/\",\"https:\/\/www.youtube.com\/channel\/UCxmA85z2R0EpG_6IRokiAkg\"]}]}<\/script>\n<!-- \/ Yoast SEO plugin. -->","yoast_head_json":{"title":"Abschluss mit dreieckiger Form-Verl\u00e4ngerung 6 - OMR Serrature","robots":{"index":"index","follow":"follow","max-snippet":"max-snippet:-1","max-image-preview":"max-image-preview:large","max-video-preview":"max-video-preview:-1"},"canonical":"https:\/\/www.omrserrature.it\/de\/produkt\/19-mm-drehriegel-dreikant-6-mm-mit-verlaengerung\/","og_locale":"de_DE","og_type":"article","og_title":"Abschluss mit dreieckiger Form-Verl\u00e4ngerung 6 - OMR Serrature","og_description":"Das dreieckige Drehriegel Schloss mit einstellbarem Nocken besteht aus einem Geh\u00e4use aus Zinklegierung, in dessen Inneren sich ein federbelasteter Zylinder befindet, der sich mit Hilfe eines Schl\u00fcssels dreht, um das \u00d6ffnen oder Schlie\u00dfen zu bestimmen. An dem Zylinder ist eine 74 mm lange Eisenverl\u00e4ngerung angebracht, mit der die Position des Hebels gew\u00e4hlt werden kann.","og_url":"https:\/\/www.omrserrature.it\/de\/produkt\/19-mm-drehriegel-dreikant-6-mm-mit-verlaengerung\/","og_site_name":"OMR Serrature | Produzione sistemi di chiusura","article_publisher":"https:\/\/www.facebook.com\/OMRserrature","article_modified_time":"2026-04-08T11:13:30+00:00","og_image":[{"width":410,"height":396,"url":"https:\/\/www.omrserrature.it\/wp-content\/uploads\/2017\/10\/chiusura-prolunga-impronta-triangolo-6.jpg","type":"image\/jpeg"}],"twitter_card":"summary_large_image","twitter_misc":{"Gesch\u00e4tzte Lesezeit":"1\u00a0Minute"},"schema":{"@context":"https:\/\/schema.org","@graph":[{"@type":"WebPage","@id":"https:\/\/www.omrserrature.it\/de\/produkt\/19-mm-drehriegel-dreikant-6-mm-mit-verlaengerung\/","url":"https:\/\/www.omrserrature.it\/de\/produkt\/19-mm-drehriegel-dreikant-6-mm-mit-verlaengerung\/","name":"Abschluss mit dreieckiger Form-Verl\u00e4ngerung 6 - OMR Serrature","isPartOf":{"@id":"https:\/\/www.omrserrature.it\/de\/#website"},"primaryImageOfPage":{"@id":"https:\/\/www.omrserrature.it\/de\/produkt\/19-mm-drehriegel-dreikant-6-mm-mit-verlaengerung\/#primaryimage"},"image":{"@id":"https:\/\/www.omrserrature.it\/de\/produkt\/19-mm-drehriegel-dreikant-6-mm-mit-verlaengerung\/#primaryimage"},"thumbnailUrl":"https:\/\/www.omrserrature.it\/wp-content\/uploads\/2017\/10\/chiusura-prolunga-impronta-triangolo-6.jpg","datePublished":"2010-10-17T14:52:00+00:00","dateModified":"2026-04-08T11:13:30+00:00","breadcrumb":{"@id":"https:\/\/www.omrserrature.it\/de\/produkt\/19-mm-drehriegel-dreikant-6-mm-mit-verlaengerung\/#breadcrumb"},"inLanguage":"de","potentialAction":[{"@type":"ReadAction","target":["https:\/\/www.omrserrature.it\/de\/produkt\/19-mm-drehriegel-dreikant-6-mm-mit-verlaengerung\/"]}]},{"@type":"ImageObject","inLanguage":"de","@id":"https:\/\/www.omrserrature.it\/de\/produkt\/19-mm-drehriegel-dreikant-6-mm-mit-verlaengerung\/#primaryimage","url":"https:\/\/www.omrserrature.it\/wp-content\/uploads\/2017\/10\/chiusura-prolunga-impronta-triangolo-6.jpg","contentUrl":"https:\/\/www.omrserrature.it\/wp-content\/uploads\/2017\/10\/chiusura-prolunga-impronta-triangolo-6.jpg","width":410,"height":396,"caption":"Dreiecksverschluss mit 6 1\/4 Drehungen und einstellbarem Nocken"},{"@type":"BreadcrumbList","@id":"https:\/\/www.omrserrature.it\/de\/produkt\/19-mm-drehriegel-dreikant-6-mm-mit-verlaengerung\/#breadcrumb","itemListElement":[{"@type":"ListItem","position":1,"name":"Home","item":"https:\/\/www.omrserrature.it\/de\/omr-serrature-sistemi-chiusura\/"},{"@type":"ListItem","position":2,"name":"Katalog","item":"https:\/\/www.omrserrature.it\/katalog\/?lang=de"},{"@type":"ListItem","position":3,"name":"Produkte","item":"https:\/\/www.omrserrature.it\/de\/katalog\/produkte\/"},{"@type":"ListItem","position":4,"name":"Schloesser","item":"https:\/\/www.omrserrature.it\/de\/katalog\/produkte\/schloesser\/"},{"@type":"ListItem","position":5,"name":"1\/4 Drehung Drehriegel","item":"https:\/\/www.omrserrature.it\/de\/katalog\/produkte\/schloesser\/1-4-drehung-drehriegel\/"},{"@type":"ListItem","position":6,"name":"Abschluss mit dreieckiger Form-Verl\u00e4ngerung 6"}]},{"@type":"WebSite","@id":"https:\/\/www.omrserrature.it\/de\/#website","url":"https:\/\/www.omrserrature.it\/de\/","name":"OMR Serrature | Produzione sistemi di chiusura","description":"Produzione serrature di sicurezza e sistemi di chiusura","publisher":{"@id":"https:\/\/www.omrserrature.it\/de\/#organization"},"potentialAction":[{"@type":"SearchAction","target":{"@type":"EntryPoint","urlTemplate":"https:\/\/www.omrserrature.it\/de\/?s={search_term_string}"},"query-input":{"@type":"PropertyValueSpecification","valueRequired":true,"valueName":"search_term_string"}}],"inLanguage":"de"},{"@type":"Organization","@id":"https:\/\/www.omrserrature.it\/de\/#organization","name":"OMR Serrature | Produzione sistemi di chiusura","url":"https:\/\/www.omrserrature.it\/de\/","logo":{"@type":"ImageObject","inLanguage":"de","@id":"https:\/\/www.omrserrature.it\/de\/#\/schema\/logo\/image\/","url":"https:\/\/www.omrserrature.it\/wp-content\/uploads\/2017\/09\/favicon-omr-114.png","contentUrl":"https:\/\/www.omrserrature.it\/wp-content\/uploads\/2017\/09\/favicon-omr-114.png","width":114,"height":114,"caption":"OMR Serrature | Produzione sistemi di chiusura"},"image":{"@id":"https:\/\/www.omrserrature.it\/de\/#\/schema\/logo\/image\/"},"sameAs":["https:\/\/www.facebook.com\/OMRserrature","https:\/\/www.linkedin.com\/company\/omrserrature\/","https:\/\/www.youtube.com\/channel\/UCxmA85z2R0EpG_6IRokiAkg"]}]}},"_links":{"self":[{"href":"https:\/\/www.omrserrature.it\/de\/wp-json\/wp\/v2\/product\/11435","targetHints":{"allow":["GET"]}}],"collection":[{"href":"https:\/\/www.omrserrature.it\/de\/wp-json\/wp\/v2\/product"}],"about":[{"href":"https:\/\/www.omrserrature.it\/de\/wp-json\/wp\/v2\/types\/product"}],"replies":[{"embeddable":true,"href":"https:\/\/www.omrserrature.it\/de\/wp-json\/wp\/v2\/comments?post=11435"}],"wp:featuredmedia":[{"embeddable":true,"href":"https:\/\/www.omrserrature.it\/de\/wp-json\/wp\/v2\/media\/3139"}],"wp:attachment":[{"href":"https:\/\/www.omrserrature.it\/de\/wp-json\/wp\/v2\/media?parent=11435"}],"wp:term":[{"taxonomy":"product_brand","embeddable":true,"href":"https:\/\/www.omrserrature.it\/de\/wp-json\/wp\/v2\/product_brand?post=11435"},{"taxonomy":"product_cat","embeddable":true,"href":"https:\/\/www.omrserrature.it\/de\/wp-json\/wp\/v2\/product_cat?post=11435"},{"taxonomy":"product_tag","embeddable":true,"href":"https:\/\/www.omrserrature.it\/de\/wp-json\/wp\/v2\/product_tag?post=11435"}],"curies":[{"name":"wp","href":"https:\/\/api.w.org\/{rel}","templated":true}]}}