{"id":11433,"date":"2017-10-10T16:14:33","date_gmt":"2010-10-17T14:14:00","guid":{"rendered":"http:\/\/staging6.omrserrature.it\/prodotto\/drehriegel-dreikant-6\/"},"modified":"2026-04-08T13:13:24","modified_gmt":"2026-04-08T11:13:24","slug":"19-mm-drehriegel-dreikant-6-mm","status":"publish","type":"product","link":"https:\/\/www.omrserrature.it\/de\/produkt\/19-mm-drehriegel-dreikant-6-mm\/","title":{"rendered":"Steckschl\u00fcssel Schloss 6 in dreieckiger Form"},"content":{"rendered":"<p>Das <strong>dreieckige Drehriegel Schloss<\/strong> besteht aus einem Geh\u00e4use aus einer Zinklegierung, in dem sich ein federbelasteter Zylinder befindet, der sich mit Hilfe eines Schl\u00fcssels dreht und so das Schloss \u00f6ffnet oder abschlie\u00dft.<\/p>\n<p>Der quadratische 7-mm-Anschluss erm\u00f6glicht au\u00dferdem den Einbau einer Vielzahl von <strong>geraden, gekr\u00f6pften und gehakten Hebeln<\/strong>, ohne die M\u00f6glichkeit zu vernachl\u00e4ssigen, Mehrpunkt-Hebel f\u00fcr die Bewegung der Stangen oder Hintere Stifte f\u00fcr <strong>Mehrfach- und Zentralabschl\u00fcsse<\/strong> einzusetzen. Das Schloss mit 1\/4 Drehung kann auch aus <strong>Technopolymer<\/strong> hergestellt werden, einem speziellen &#8218;Metallkunststoff&#8216;, der eine gleichwertige mechanische Leistung wie eine Aluminiumlegierung, <strong>Best\u00e4ndigkeit gegen Witterungseinfl\u00fcsse und Korrosion<\/strong> sowie eine perfekte Integration in das Endprodukt dank der breiten Farbpalette garantiert. <\/p>\n<p>Steckschl\u00fcssel Schl\u00f6sser eignen sich f\u00fcr Anwendungen, bei denen ein einfaches <strong>Zugriffsmanagement<\/strong> erforderlich ist, wie z.B. Schaltschr\u00e4nke, Automatisierungsdreht\u00fcrme, Maschinensteuerungen, isothermische K\u00e4sten, Werbesysteme f\u00fcr Stadtm\u00f6bel, Displays oder Ecken.<\/p>\n","protected":false},"excerpt":{"rendered":"<p><strong>Steckschl\u00fcssel Schl\u00f6sser<\/strong> eignen sich f\u00fcr Anwendungen, bei denen ein einfaches <strong>Zugriffsmanagement<\/strong> erforderlich ist, wie z.B. Schaltschr\u00e4nke, Automatisierungsdreht\u00fcrme, Maschinensteuerungen, isothermische K\u00e4sten, Werbesysteme f\u00fcr Stadtm\u00f6bel, Displays oder Ecken.<\/p>\n","protected":false},"featured_media":3115,"comment_status":"open","ping_status":"closed","template":"","meta":{"_acf_changed":false,"_et_pb_use_builder":"","_et_pb_old_content":"","_et_gb_content_width":""},"product_brand":[],"product_cat":[3780,3765,3773,3768,3875,3825,3828,3845,3843,3842,3872,3830,3827,3839,3840,3836,3860,3769,3764,3802],"product_tag":[],"class_list":{"0":"post-11433","1":"product","2":"type-product","3":"status-publish","4":"has-post-thumbnail","6":"product_cat-1-4-drehung-drehriegel","7":"product_cat-abschlusssysteme-fur-die-industrie","8":"product_cat-architektur-stadtplanung-und-design","9":"product_cat-automatisierung-und-hausautomation","10":"product_cat-boot-schlosser","11":"product_cat-hebel-schlosser","12":"product_cat-professionelle-mobelschlosser","13":"product_cat-schlosser-fur-automaten","14":"product_cat-schlosser-fur-automatische-lagerhauser","15":"product_cat-schlosser-fur-die-elektromechanische-industrie","16":"product_cat-schlosser-fur-lieferwagen","17":"product_cat-schlosser-fur-professionelle-trolleys","18":"product_cat-schlosser-fur-schaltschranke","19":"product_cat-schlosser-fur-schrankfronten","20":"product_cat-schlosser-fur-seitenwandturen","21":"product_cat-schlosser-fur-transportmittel","22":"product_cat-turschlosser","23":"product_cat-umweltfreundlich-recyceln","24":"product_cat-wasser-luft-gas-fur-firmen","25":"product_cat-wasserdichte-rostfreie-schlosser","27":"first","28":"instock","29":"shipping-taxable","30":"purchasable","31":"product-type-variable","32":"has-default-attributes"},"acf":{"pdf1":"https:\/\/www.omrserrature.it\/wp-content\/uploads\/schede\/Scheda_160010.pdf"},"yoast_head":"<!-- This site is optimized with the Yoast SEO plugin v27.2 - https:\/\/yoast.com\/product\/yoast-seo-wordpress\/ -->\n<title>Steckschl\u00fcssel Schloss 6 in dreieckiger Form - OMR Serrature<\/title>\n<meta name=\"robots\" content=\"index, follow, max-snippet:-1, max-image-preview:large, max-video-preview:-1\" \/>\n<link rel=\"canonical\" href=\"https:\/\/www.omrserrature.it\/de\/produkt\/19-mm-drehriegel-dreikant-6-mm\/\" \/>\n<meta property=\"og:locale\" content=\"de_DE\" \/>\n<meta property=\"og:type\" content=\"article\" \/>\n<meta property=\"og:title\" content=\"Steckschl\u00fcssel Schloss 6 in dreieckiger Form - OMR Serrature\" \/>\n<meta property=\"og:description\" content=\"Steckschl\u00fcssel Schl\u00f6sser eignen sich f\u00fcr Anwendungen, bei denen ein einfaches Zugriffsmanagement erforderlich ist, wie z.B. Schaltschr\u00e4nke, Automatisierungsdreht\u00fcrme, Maschinensteuerungen, isothermische K\u00e4sten, Werbesysteme f\u00fcr Stadtm\u00f6bel, Displays oder Ecken.\" \/>\n<meta property=\"og:url\" content=\"https:\/\/www.omrserrature.it\/de\/produkt\/19-mm-drehriegel-dreikant-6-mm\/\" \/>\n<meta property=\"og:site_name\" content=\"OMR Serrature | Produzione sistemi di chiusura\" \/>\n<meta property=\"article:publisher\" content=\"https:\/\/www.facebook.com\/OMRserrature\" \/>\n<meta property=\"article:modified_time\" content=\"2026-04-08T11:13:24+00:00\" \/>\n<meta property=\"og:image\" content=\"https:\/\/www.omrserrature.it\/wp-content\/uploads\/2017\/10\/chiusura-impronta-triangolo-6.jpg\" \/>\n\t<meta property=\"og:image:width\" content=\"530\" \/>\n\t<meta property=\"og:image:height\" content=\"375\" \/>\n\t<meta property=\"og:image:type\" content=\"image\/jpeg\" \/>\n<meta name=\"twitter:card\" content=\"summary_large_image\" \/>\n<meta name=\"twitter:label1\" content=\"Gesch\u00e4tzte Lesezeit\" \/>\n\t<meta name=\"twitter:data1\" content=\"1\u00a0Minute\" \/>\n<script type=\"application\/ld+json\" class=\"yoast-schema-graph\">{\"@context\":\"https:\/\/schema.org\",\"@graph\":[{\"@type\":\"WebPage\",\"@id\":\"https:\/\/www.omrserrature.it\/de\/produkt\/19-mm-drehriegel-dreikant-6-mm\/\",\"url\":\"https:\/\/www.omrserrature.it\/de\/produkt\/19-mm-drehriegel-dreikant-6-mm\/\",\"name\":\"Steckschl\u00fcssel Schloss 6 in dreieckiger Form - OMR Serrature\",\"isPartOf\":{\"@id\":\"https:\/\/www.omrserrature.it\/de\/#website\"},\"primaryImageOfPage\":{\"@id\":\"https:\/\/www.omrserrature.it\/de\/produkt\/19-mm-drehriegel-dreikant-6-mm\/#primaryimage\"},\"image\":{\"@id\":\"https:\/\/www.omrserrature.it\/de\/produkt\/19-mm-drehriegel-dreikant-6-mm\/#primaryimage\"},\"thumbnailUrl\":\"https:\/\/www.omrserrature.it\/wp-content\/uploads\/2017\/10\/chiusura-impronta-triangolo-6.jpg\",\"datePublished\":\"2010-10-17T14:14:00+00:00\",\"dateModified\":\"2026-04-08T11:13:24+00:00\",\"breadcrumb\":{\"@id\":\"https:\/\/www.omrserrature.it\/de\/produkt\/19-mm-drehriegel-dreikant-6-mm\/#breadcrumb\"},\"inLanguage\":\"de\",\"potentialAction\":[{\"@type\":\"ReadAction\",\"target\":[\"https:\/\/www.omrserrature.it\/de\/produkt\/19-mm-drehriegel-dreikant-6-mm\/\"]}]},{\"@type\":\"ImageObject\",\"inLanguage\":\"de\",\"@id\":\"https:\/\/www.omrserrature.it\/de\/produkt\/19-mm-drehriegel-dreikant-6-mm\/#primaryimage\",\"url\":\"https:\/\/www.omrserrature.it\/wp-content\/uploads\/2017\/10\/chiusura-impronta-triangolo-6.jpg\",\"contentUrl\":\"https:\/\/www.omrserrature.it\/wp-content\/uploads\/2017\/10\/chiusura-impronta-triangolo-6.jpg\",\"width\":530,\"height\":375,\"caption\":\"Dreiecksverschluss 6 1\/4 Drehung - auch in Technopolymer\"},{\"@type\":\"BreadcrumbList\",\"@id\":\"https:\/\/www.omrserrature.it\/de\/produkt\/19-mm-drehriegel-dreikant-6-mm\/#breadcrumb\",\"itemListElement\":[{\"@type\":\"ListItem\",\"position\":1,\"name\":\"Home\",\"item\":\"https:\/\/www.omrserrature.it\/de\/omr-serrature-sistemi-chiusura\/\"},{\"@type\":\"ListItem\",\"position\":2,\"name\":\"Katalog\",\"item\":\"https:\/\/www.omrserrature.it\/katalog\/?lang=de\"},{\"@type\":\"ListItem\",\"position\":3,\"name\":\"Anwendungen\",\"item\":\"https:\/\/www.omrserrature.it\/de\/katalog\/anwendungen\/\"},{\"@type\":\"ListItem\",\"position\":4,\"name\":\"Schl\u00f6sser f\u00fcr Automaten\",\"item\":\"https:\/\/www.omrserrature.it\/de\/katalog\/anwendungen\/schlosser-fur-automaten\/\"},{\"@type\":\"ListItem\",\"position\":5,\"name\":\"Steckschl\u00fcssel Schloss 6 in dreieckiger Form\"}]},{\"@type\":\"WebSite\",\"@id\":\"https:\/\/www.omrserrature.it\/de\/#website\",\"url\":\"https:\/\/www.omrserrature.it\/de\/\",\"name\":\"OMR Serrature | Produzione sistemi di chiusura\",\"description\":\"Produzione serrature di sicurezza e sistemi di chiusura\",\"publisher\":{\"@id\":\"https:\/\/www.omrserrature.it\/de\/#organization\"},\"potentialAction\":[{\"@type\":\"SearchAction\",\"target\":{\"@type\":\"EntryPoint\",\"urlTemplate\":\"https:\/\/www.omrserrature.it\/de\/?s={search_term_string}\"},\"query-input\":{\"@type\":\"PropertyValueSpecification\",\"valueRequired\":true,\"valueName\":\"search_term_string\"}}],\"inLanguage\":\"de\"},{\"@type\":\"Organization\",\"@id\":\"https:\/\/www.omrserrature.it\/de\/#organization\",\"name\":\"OMR Serrature | Produzione sistemi di chiusura\",\"url\":\"https:\/\/www.omrserrature.it\/de\/\",\"logo\":{\"@type\":\"ImageObject\",\"inLanguage\":\"de\",\"@id\":\"https:\/\/www.omrserrature.it\/de\/#\/schema\/logo\/image\/\",\"url\":\"https:\/\/www.omrserrature.it\/wp-content\/uploads\/2017\/09\/favicon-omr-114.png\",\"contentUrl\":\"https:\/\/www.omrserrature.it\/wp-content\/uploads\/2017\/09\/favicon-omr-114.png\",\"width\":114,\"height\":114,\"caption\":\"OMR Serrature | Produzione sistemi di chiusura\"},\"image\":{\"@id\":\"https:\/\/www.omrserrature.it\/de\/#\/schema\/logo\/image\/\"},\"sameAs\":[\"https:\/\/www.facebook.com\/OMRserrature\",\"https:\/\/www.linkedin.com\/company\/omrserrature\/\",\"https:\/\/www.youtube.com\/channel\/UCxmA85z2R0EpG_6IRokiAkg\"]}]}<\/script>\n<!-- \/ Yoast SEO plugin. -->","yoast_head_json":{"title":"Steckschl\u00fcssel Schloss 6 in dreieckiger Form - OMR Serrature","robots":{"index":"index","follow":"follow","max-snippet":"max-snippet:-1","max-image-preview":"max-image-preview:large","max-video-preview":"max-video-preview:-1"},"canonical":"https:\/\/www.omrserrature.it\/de\/produkt\/19-mm-drehriegel-dreikant-6-mm\/","og_locale":"de_DE","og_type":"article","og_title":"Steckschl\u00fcssel Schloss 6 in dreieckiger Form - OMR Serrature","og_description":"Steckschl\u00fcssel Schl\u00f6sser eignen sich f\u00fcr Anwendungen, bei denen ein einfaches Zugriffsmanagement erforderlich ist, wie z.B. Schaltschr\u00e4nke, Automatisierungsdreht\u00fcrme, Maschinensteuerungen, isothermische K\u00e4sten, Werbesysteme f\u00fcr Stadtm\u00f6bel, Displays oder Ecken.","og_url":"https:\/\/www.omrserrature.it\/de\/produkt\/19-mm-drehriegel-dreikant-6-mm\/","og_site_name":"OMR Serrature | Produzione sistemi di chiusura","article_publisher":"https:\/\/www.facebook.com\/OMRserrature","article_modified_time":"2026-04-08T11:13:24+00:00","og_image":[{"width":530,"height":375,"url":"https:\/\/www.omrserrature.it\/wp-content\/uploads\/2017\/10\/chiusura-impronta-triangolo-6.jpg","type":"image\/jpeg"}],"twitter_card":"summary_large_image","twitter_misc":{"Gesch\u00e4tzte Lesezeit":"1\u00a0Minute"},"schema":{"@context":"https:\/\/schema.org","@graph":[{"@type":"WebPage","@id":"https:\/\/www.omrserrature.it\/de\/produkt\/19-mm-drehriegel-dreikant-6-mm\/","url":"https:\/\/www.omrserrature.it\/de\/produkt\/19-mm-drehriegel-dreikant-6-mm\/","name":"Steckschl\u00fcssel Schloss 6 in dreieckiger Form - OMR Serrature","isPartOf":{"@id":"https:\/\/www.omrserrature.it\/de\/#website"},"primaryImageOfPage":{"@id":"https:\/\/www.omrserrature.it\/de\/produkt\/19-mm-drehriegel-dreikant-6-mm\/#primaryimage"},"image":{"@id":"https:\/\/www.omrserrature.it\/de\/produkt\/19-mm-drehriegel-dreikant-6-mm\/#primaryimage"},"thumbnailUrl":"https:\/\/www.omrserrature.it\/wp-content\/uploads\/2017\/10\/chiusura-impronta-triangolo-6.jpg","datePublished":"2010-10-17T14:14:00+00:00","dateModified":"2026-04-08T11:13:24+00:00","breadcrumb":{"@id":"https:\/\/www.omrserrature.it\/de\/produkt\/19-mm-drehriegel-dreikant-6-mm\/#breadcrumb"},"inLanguage":"de","potentialAction":[{"@type":"ReadAction","target":["https:\/\/www.omrserrature.it\/de\/produkt\/19-mm-drehriegel-dreikant-6-mm\/"]}]},{"@type":"ImageObject","inLanguage":"de","@id":"https:\/\/www.omrserrature.it\/de\/produkt\/19-mm-drehriegel-dreikant-6-mm\/#primaryimage","url":"https:\/\/www.omrserrature.it\/wp-content\/uploads\/2017\/10\/chiusura-impronta-triangolo-6.jpg","contentUrl":"https:\/\/www.omrserrature.it\/wp-content\/uploads\/2017\/10\/chiusura-impronta-triangolo-6.jpg","width":530,"height":375,"caption":"Dreiecksverschluss 6 1\/4 Drehung - auch in Technopolymer"},{"@type":"BreadcrumbList","@id":"https:\/\/www.omrserrature.it\/de\/produkt\/19-mm-drehriegel-dreikant-6-mm\/#breadcrumb","itemListElement":[{"@type":"ListItem","position":1,"name":"Home","item":"https:\/\/www.omrserrature.it\/de\/omr-serrature-sistemi-chiusura\/"},{"@type":"ListItem","position":2,"name":"Katalog","item":"https:\/\/www.omrserrature.it\/katalog\/?lang=de"},{"@type":"ListItem","position":3,"name":"Anwendungen","item":"https:\/\/www.omrserrature.it\/de\/katalog\/anwendungen\/"},{"@type":"ListItem","position":4,"name":"Schl\u00f6sser f\u00fcr Automaten","item":"https:\/\/www.omrserrature.it\/de\/katalog\/anwendungen\/schlosser-fur-automaten\/"},{"@type":"ListItem","position":5,"name":"Steckschl\u00fcssel Schloss 6 in dreieckiger Form"}]},{"@type":"WebSite","@id":"https:\/\/www.omrserrature.it\/de\/#website","url":"https:\/\/www.omrserrature.it\/de\/","name":"OMR Serrature | Produzione sistemi di chiusura","description":"Produzione serrature di sicurezza e sistemi di chiusura","publisher":{"@id":"https:\/\/www.omrserrature.it\/de\/#organization"},"potentialAction":[{"@type":"SearchAction","target":{"@type":"EntryPoint","urlTemplate":"https:\/\/www.omrserrature.it\/de\/?s={search_term_string}"},"query-input":{"@type":"PropertyValueSpecification","valueRequired":true,"valueName":"search_term_string"}}],"inLanguage":"de"},{"@type":"Organization","@id":"https:\/\/www.omrserrature.it\/de\/#organization","name":"OMR Serrature | Produzione sistemi di chiusura","url":"https:\/\/www.omrserrature.it\/de\/","logo":{"@type":"ImageObject","inLanguage":"de","@id":"https:\/\/www.omrserrature.it\/de\/#\/schema\/logo\/image\/","url":"https:\/\/www.omrserrature.it\/wp-content\/uploads\/2017\/09\/favicon-omr-114.png","contentUrl":"https:\/\/www.omrserrature.it\/wp-content\/uploads\/2017\/09\/favicon-omr-114.png","width":114,"height":114,"caption":"OMR Serrature | Produzione sistemi di chiusura"},"image":{"@id":"https:\/\/www.omrserrature.it\/de\/#\/schema\/logo\/image\/"},"sameAs":["https:\/\/www.facebook.com\/OMRserrature","https:\/\/www.linkedin.com\/company\/omrserrature\/","https:\/\/www.youtube.com\/channel\/UCxmA85z2R0EpG_6IRokiAkg"]}]}},"_links":{"self":[{"href":"https:\/\/www.omrserrature.it\/de\/wp-json\/wp\/v2\/product\/11433","targetHints":{"allow":["GET"]}}],"collection":[{"href":"https:\/\/www.omrserrature.it\/de\/wp-json\/wp\/v2\/product"}],"about":[{"href":"https:\/\/www.omrserrature.it\/de\/wp-json\/wp\/v2\/types\/product"}],"replies":[{"embeddable":true,"href":"https:\/\/www.omrserrature.it\/de\/wp-json\/wp\/v2\/comments?post=11433"}],"wp:featuredmedia":[{"embeddable":true,"href":"https:\/\/www.omrserrature.it\/de\/wp-json\/wp\/v2\/media\/3115"}],"wp:attachment":[{"href":"https:\/\/www.omrserrature.it\/de\/wp-json\/wp\/v2\/media?parent=11433"}],"wp:term":[{"taxonomy":"product_brand","embeddable":true,"href":"https:\/\/www.omrserrature.it\/de\/wp-json\/wp\/v2\/product_brand?post=11433"},{"taxonomy":"product_cat","embeddable":true,"href":"https:\/\/www.omrserrature.it\/de\/wp-json\/wp\/v2\/product_cat?post=11433"},{"taxonomy":"product_tag","embeddable":true,"href":"https:\/\/www.omrserrature.it\/de\/wp-json\/wp\/v2\/product_tag?post=11433"}],"curies":[{"name":"wp","href":"https:\/\/api.w.org\/{rel}","templated":true}]}}