{"id":11405,"date":"2017-10-06T09:17:30","date_gmt":"2006-10-17T07:17:00","guid":{"rendered":"http:\/\/staging6.omrserrature.it\/prodotto\/jack-schloss\/"},"modified":"2026-04-08T13:13:56","modified_gmt":"2026-04-08T11:13:56","slug":"jack-hebelschloss","status":"publish","type":"product","link":"https:\/\/www.omrserrature.it\/de\/produkt\/jack-hebelschloss\/","title":{"rendered":"Jack Schloss"},"content":{"rendered":"<p><strong>Das Jack-Schloss<\/strong> zeichnet sich durch die <strong>radiale<\/strong> Position der Messingstifte aus. Der unverwechselbare<strong> rote Schl\u00fcssel <\/strong>kann nur bei uns dupliziert werden und garantiert ein <strong>hohes Ma\u00df an Sicherheit<\/strong> und dient gleichzeitig als praktischer Griff. Der Zylinder verf\u00fcgt au\u00dferdem \u00fcber einen Vorsprung an der Vorderseite, um Einbruchstechniken wie dem Einsatz eines Bohrers entgegenzuwirken.  <\/p>\n<p>Das Metallgeh\u00e4use ist von einer <strong>zangenfesten Stahlbuchse<\/strong> gesch\u00fctzt. Der Schl\u00fcsselabzug ist nur im geschlossenen Zustand m\u00f6glich; es ist dann unm\u00f6glich zu vergessen, die T\u00fcr zu schliessen.<\/p>\n<p>Auch verf\u00fcgbar in <a href=\"https:\/\/www.omrserrature.it\/de\/produkt\/reprogrammierbares-jack-hebelschloss\/\"><span style=\"text-decoration: underline\"><strong>umprogrammierbare<\/strong> Version<\/span><\/a>Die hintere Oval-Befestigung erm\u00f6glicht auch die Anbringung verschiedener <strong>gerader, gekr\u00f6pfter und Hakenzungen<\/strong>, ganz zu schweigen von der M\u00f6glichkeit, Mehrpunkt-Hebel f\u00fcr die Stangenbewegung oder <strong>Mehrfach- und Zentralabschl\u00fcsse<\/strong> anzubringen.<\/p>\n<p>Das <strong>spezielle<\/strong><strong>Nockenschl\u00f6sser<\/strong> eignet sich f\u00fcr das sichere Verschlie\u00dfen von <strong>Automaten und Spielautomaten<\/strong>,<strong> Schlie\u00dff\u00e4chern<\/strong>, <strong>Automaten und Spielautomaten<\/strong>, Aufzugssch\u00e4chten, Parkuhren, M\u00fcnzwechslern, Objektm\u00f6beln f\u00fcr Juweliergesch\u00e4fte oder Museumseinrichtungen.<\/p>\n","protected":false},"excerpt":{"rendered":"<p><strong>Das Nockenschloss Jack<\/strong> zeichnet sich durch die radiale Position der Messingstifte aus.<\/p>\n<p>Das Nockenschloss Jack zeichnet sich durch die unverwechselbare ergonomische Form des roten Schl\u00fcssels aus und eignet sich zum <strong>sicheren Verschlie\u00dfen von Automaten und Spielautomaten, Tresoren, Verkaufsautomaten und Spielautomaten<\/strong>, Aufzugschacht-Zugangsk\u00e4sten, Parkuhren, M\u00fcnzwechslern, Objektm\u00f6beln f\u00fcr Juweliergesch\u00e4fte oder Museumsumgebungen.<\/p>\n","protected":false},"featured_media":3031,"comment_status":"open","ping_status":"closed","template":"","meta":{"_acf_changed":false,"_et_pb_use_builder":"","_et_pb_old_content":"","_et_gb_content_width":""},"product_brand":[],"product_cat":[3773,3763,3767,3805,3825,3772,3834,3828,3841,3842,3870,3859,3853,3858,3854,3831,3761,3860,3776],"product_tag":[],"class_list":{"0":"post-11405","1":"product","2":"type-product","3":"status-publish","4":"has-post-thumbnail","6":"product_cat-architektur-stadtplanung-und-design","7":"product_cat-automotive-und-transport","8":"product_cat-bank-und-postwesen","9":"product_cat-ein-besonderer-schlussel","10":"product_cat-hebel-schlosser","11":"product_cat-krankenhauser-und-gesundheitsbereich","12":"product_cat-maschinenschlosser","13":"product_cat-professionelle-mobelschlosser","14":"product_cat-schloss-fur-umschalter","15":"product_cat-schlosser-fur-die-elektromechanische-industrie","16":"product_cat-schlosser-fur-sicherheitsmobel","17":"product_cat-schlosser-fur-spielautomaten","18":"product_cat-schlosser-fur-tresore","19":"product_cat-schlosser-fur-verkaufsautomaten","20":"product_cat-schlosser-fur-waffenstander","21":"product_cat-sicherheitsschlosser","22":"product_cat-sicherheitssysteme-fur-den-abschluss","23":"product_cat-turschlosser","24":"product_cat-universal-stiftschlosser","26":"first","27":"instock","28":"shipping-taxable","29":"purchasable","30":"product-type-variable","31":"has-default-attributes"},"acf":{"pdf1":"https:\/\/www.omrserrature.it\/wp-content\/uploads\/schede\/Scheda_100750KD.pdf"},"yoast_head":"<!-- This site is optimized with the Yoast SEO plugin v27.2 - https:\/\/yoast.com\/product\/yoast-seo-wordpress\/ -->\n<title>Jack Schloss - OMR Serrature<\/title>\n<meta name=\"robots\" content=\"index, follow, max-snippet:-1, max-image-preview:large, max-video-preview:-1\" \/>\n<link rel=\"canonical\" href=\"https:\/\/www.omrserrature.it\/de\/produkt\/jack-hebelschloss\/\" \/>\n<meta property=\"og:locale\" content=\"de_DE\" \/>\n<meta property=\"og:type\" content=\"article\" \/>\n<meta property=\"og:title\" content=\"Jack Schloss - OMR Serrature\" \/>\n<meta property=\"og:description\" content=\"Das Nockenschloss Jack zeichnet sich durch die radiale Position der Messingstifte aus. Das Nockenschloss Jack zeichnet sich durch die unverwechselbare ergonomische Form des roten Schl\u00fcssels aus und eignet sich zum sicheren Verschlie\u00dfen von Automaten und Spielautomaten, Tresoren, Verkaufsautomaten und Spielautomaten, Aufzugschacht-Zugangsk\u00e4sten, Parkuhren, M\u00fcnzwechslern, Objektm\u00f6beln f\u00fcr Juweliergesch\u00e4fte oder Museumsumgebungen.\" \/>\n<meta property=\"og:url\" content=\"https:\/\/www.omrserrature.it\/de\/produkt\/jack-hebelschloss\/\" \/>\n<meta property=\"og:site_name\" content=\"OMR Serrature | Produzione sistemi di chiusura\" \/>\n<meta property=\"article:publisher\" content=\"https:\/\/www.facebook.com\/OMRserrature\" \/>\n<meta property=\"article:modified_time\" content=\"2026-04-08T11:13:56+00:00\" \/>\n<meta property=\"og:image\" content=\"https:\/\/www.omrserrature.it\/wp-content\/uploads\/2017\/10\/blocchetto-jack.jpg\" \/>\n\t<meta property=\"og:image:width\" content=\"759\" \/>\n\t<meta property=\"og:image:height\" content=\"385\" \/>\n\t<meta property=\"og:image:type\" content=\"image\/jpeg\" \/>\n<meta name=\"twitter:card\" content=\"summary_large_image\" \/>\n<meta name=\"twitter:label1\" content=\"Gesch\u00e4tzte Lesezeit\" \/>\n\t<meta name=\"twitter:data1\" content=\"1\u00a0Minute\" \/>\n<script type=\"application\/ld+json\" class=\"yoast-schema-graph\">{\"@context\":\"https:\/\/schema.org\",\"@graph\":[{\"@type\":\"WebPage\",\"@id\":\"https:\/\/www.omrserrature.it\/de\/produkt\/jack-hebelschloss\/\",\"url\":\"https:\/\/www.omrserrature.it\/de\/produkt\/jack-hebelschloss\/\",\"name\":\"Jack Schloss - OMR Serrature\",\"isPartOf\":{\"@id\":\"https:\/\/www.omrserrature.it\/de\/#website\"},\"primaryImageOfPage\":{\"@id\":\"https:\/\/www.omrserrature.it\/de\/produkt\/jack-hebelschloss\/#primaryimage\"},\"image\":{\"@id\":\"https:\/\/www.omrserrature.it\/de\/produkt\/jack-hebelschloss\/#primaryimage\"},\"thumbnailUrl\":\"https:\/\/www.omrserrature.it\/wp-content\/uploads\/2017\/10\/blocchetto-jack.jpg\",\"datePublished\":\"2006-10-17T07:17:00+00:00\",\"dateModified\":\"2026-04-08T11:13:56+00:00\",\"breadcrumb\":{\"@id\":\"https:\/\/www.omrserrature.it\/de\/produkt\/jack-hebelschloss\/#breadcrumb\"},\"inLanguage\":\"de\",\"potentialAction\":[{\"@type\":\"ReadAction\",\"target\":[\"https:\/\/www.omrserrature.it\/de\/produkt\/jack-hebelschloss\/\"]}]},{\"@type\":\"ImageObject\",\"inLanguage\":\"de\",\"@id\":\"https:\/\/www.omrserrature.it\/de\/produkt\/jack-hebelschloss\/#primaryimage\",\"url\":\"https:\/\/www.omrserrature.it\/wp-content\/uploads\/2017\/10\/blocchetto-jack.jpg\",\"contentUrl\":\"https:\/\/www.omrserrature.it\/wp-content\/uploads\/2017\/10\/blocchetto-jack.jpg\",\"width\":759,\"height\":385,\"caption\":\"Radialkolbenschloss - Nockenschloss - \u00d6ffnung mit rotem Schl\u00fcssel\"},{\"@type\":\"BreadcrumbList\",\"@id\":\"https:\/\/www.omrserrature.it\/de\/produkt\/jack-hebelschloss\/#breadcrumb\",\"itemListElement\":[{\"@type\":\"ListItem\",\"position\":1,\"name\":\"Home\",\"item\":\"https:\/\/www.omrserrature.it\/de\/omr-serrature-sistemi-chiusura\/\"},{\"@type\":\"ListItem\",\"position\":2,\"name\":\"Katalog\",\"item\":\"https:\/\/www.omrserrature.it\/katalog\/?lang=de\"},{\"@type\":\"ListItem\",\"position\":3,\"name\":\"Anwendungen\",\"item\":\"https:\/\/www.omrserrature.it\/de\/katalog\/anwendungen\/\"},{\"@type\":\"ListItem\",\"position\":4,\"name\":\"Sicherheitsschl\u00f6sser\",\"item\":\"https:\/\/www.omrserrature.it\/de\/katalog\/anwendungen\/sicherheitsschlosser\/\"},{\"@type\":\"ListItem\",\"position\":5,\"name\":\"Jack Schloss\"}]},{\"@type\":\"WebSite\",\"@id\":\"https:\/\/www.omrserrature.it\/de\/#website\",\"url\":\"https:\/\/www.omrserrature.it\/de\/\",\"name\":\"OMR Serrature | Produzione sistemi di chiusura\",\"description\":\"Produzione serrature di sicurezza e sistemi di chiusura\",\"publisher\":{\"@id\":\"https:\/\/www.omrserrature.it\/de\/#organization\"},\"potentialAction\":[{\"@type\":\"SearchAction\",\"target\":{\"@type\":\"EntryPoint\",\"urlTemplate\":\"https:\/\/www.omrserrature.it\/de\/?s={search_term_string}\"},\"query-input\":{\"@type\":\"PropertyValueSpecification\",\"valueRequired\":true,\"valueName\":\"search_term_string\"}}],\"inLanguage\":\"de\"},{\"@type\":\"Organization\",\"@id\":\"https:\/\/www.omrserrature.it\/de\/#organization\",\"name\":\"OMR Serrature | Produzione sistemi di chiusura\",\"url\":\"https:\/\/www.omrserrature.it\/de\/\",\"logo\":{\"@type\":\"ImageObject\",\"inLanguage\":\"de\",\"@id\":\"https:\/\/www.omrserrature.it\/de\/#\/schema\/logo\/image\/\",\"url\":\"https:\/\/www.omrserrature.it\/wp-content\/uploads\/2017\/09\/favicon-omr-114.png\",\"contentUrl\":\"https:\/\/www.omrserrature.it\/wp-content\/uploads\/2017\/09\/favicon-omr-114.png\",\"width\":114,\"height\":114,\"caption\":\"OMR Serrature | Produzione sistemi di chiusura\"},\"image\":{\"@id\":\"https:\/\/www.omrserrature.it\/de\/#\/schema\/logo\/image\/\"},\"sameAs\":[\"https:\/\/www.facebook.com\/OMRserrature\",\"https:\/\/www.linkedin.com\/company\/omrserrature\/\",\"https:\/\/www.youtube.com\/channel\/UCxmA85z2R0EpG_6IRokiAkg\"]}]}<\/script>\n<!-- \/ Yoast SEO plugin. -->","yoast_head_json":{"title":"Jack Schloss - OMR Serrature","robots":{"index":"index","follow":"follow","max-snippet":"max-snippet:-1","max-image-preview":"max-image-preview:large","max-video-preview":"max-video-preview:-1"},"canonical":"https:\/\/www.omrserrature.it\/de\/produkt\/jack-hebelschloss\/","og_locale":"de_DE","og_type":"article","og_title":"Jack Schloss - OMR Serrature","og_description":"Das Nockenschloss Jack zeichnet sich durch die radiale Position der Messingstifte aus. Das Nockenschloss Jack zeichnet sich durch die unverwechselbare ergonomische Form des roten Schl\u00fcssels aus und eignet sich zum sicheren Verschlie\u00dfen von Automaten und Spielautomaten, Tresoren, Verkaufsautomaten und Spielautomaten, Aufzugschacht-Zugangsk\u00e4sten, Parkuhren, M\u00fcnzwechslern, Objektm\u00f6beln f\u00fcr Juweliergesch\u00e4fte oder Museumsumgebungen.","og_url":"https:\/\/www.omrserrature.it\/de\/produkt\/jack-hebelschloss\/","og_site_name":"OMR Serrature | Produzione sistemi di chiusura","article_publisher":"https:\/\/www.facebook.com\/OMRserrature","article_modified_time":"2026-04-08T11:13:56+00:00","og_image":[{"width":759,"height":385,"url":"https:\/\/www.omrserrature.it\/wp-content\/uploads\/2017\/10\/blocchetto-jack.jpg","type":"image\/jpeg"}],"twitter_card":"summary_large_image","twitter_misc":{"Gesch\u00e4tzte Lesezeit":"1\u00a0Minute"},"schema":{"@context":"https:\/\/schema.org","@graph":[{"@type":"WebPage","@id":"https:\/\/www.omrserrature.it\/de\/produkt\/jack-hebelschloss\/","url":"https:\/\/www.omrserrature.it\/de\/produkt\/jack-hebelschloss\/","name":"Jack Schloss - OMR Serrature","isPartOf":{"@id":"https:\/\/www.omrserrature.it\/de\/#website"},"primaryImageOfPage":{"@id":"https:\/\/www.omrserrature.it\/de\/produkt\/jack-hebelschloss\/#primaryimage"},"image":{"@id":"https:\/\/www.omrserrature.it\/de\/produkt\/jack-hebelschloss\/#primaryimage"},"thumbnailUrl":"https:\/\/www.omrserrature.it\/wp-content\/uploads\/2017\/10\/blocchetto-jack.jpg","datePublished":"2006-10-17T07:17:00+00:00","dateModified":"2026-04-08T11:13:56+00:00","breadcrumb":{"@id":"https:\/\/www.omrserrature.it\/de\/produkt\/jack-hebelschloss\/#breadcrumb"},"inLanguage":"de","potentialAction":[{"@type":"ReadAction","target":["https:\/\/www.omrserrature.it\/de\/produkt\/jack-hebelschloss\/"]}]},{"@type":"ImageObject","inLanguage":"de","@id":"https:\/\/www.omrserrature.it\/de\/produkt\/jack-hebelschloss\/#primaryimage","url":"https:\/\/www.omrserrature.it\/wp-content\/uploads\/2017\/10\/blocchetto-jack.jpg","contentUrl":"https:\/\/www.omrserrature.it\/wp-content\/uploads\/2017\/10\/blocchetto-jack.jpg","width":759,"height":385,"caption":"Radialkolbenschloss - Nockenschloss - \u00d6ffnung mit rotem Schl\u00fcssel"},{"@type":"BreadcrumbList","@id":"https:\/\/www.omrserrature.it\/de\/produkt\/jack-hebelschloss\/#breadcrumb","itemListElement":[{"@type":"ListItem","position":1,"name":"Home","item":"https:\/\/www.omrserrature.it\/de\/omr-serrature-sistemi-chiusura\/"},{"@type":"ListItem","position":2,"name":"Katalog","item":"https:\/\/www.omrserrature.it\/katalog\/?lang=de"},{"@type":"ListItem","position":3,"name":"Anwendungen","item":"https:\/\/www.omrserrature.it\/de\/katalog\/anwendungen\/"},{"@type":"ListItem","position":4,"name":"Sicherheitsschl\u00f6sser","item":"https:\/\/www.omrserrature.it\/de\/katalog\/anwendungen\/sicherheitsschlosser\/"},{"@type":"ListItem","position":5,"name":"Jack Schloss"}]},{"@type":"WebSite","@id":"https:\/\/www.omrserrature.it\/de\/#website","url":"https:\/\/www.omrserrature.it\/de\/","name":"OMR Serrature | Produzione sistemi di chiusura","description":"Produzione serrature di sicurezza e sistemi di chiusura","publisher":{"@id":"https:\/\/www.omrserrature.it\/de\/#organization"},"potentialAction":[{"@type":"SearchAction","target":{"@type":"EntryPoint","urlTemplate":"https:\/\/www.omrserrature.it\/de\/?s={search_term_string}"},"query-input":{"@type":"PropertyValueSpecification","valueRequired":true,"valueName":"search_term_string"}}],"inLanguage":"de"},{"@type":"Organization","@id":"https:\/\/www.omrserrature.it\/de\/#organization","name":"OMR Serrature | Produzione sistemi di chiusura","url":"https:\/\/www.omrserrature.it\/de\/","logo":{"@type":"ImageObject","inLanguage":"de","@id":"https:\/\/www.omrserrature.it\/de\/#\/schema\/logo\/image\/","url":"https:\/\/www.omrserrature.it\/wp-content\/uploads\/2017\/09\/favicon-omr-114.png","contentUrl":"https:\/\/www.omrserrature.it\/wp-content\/uploads\/2017\/09\/favicon-omr-114.png","width":114,"height":114,"caption":"OMR Serrature | Produzione sistemi di chiusura"},"image":{"@id":"https:\/\/www.omrserrature.it\/de\/#\/schema\/logo\/image\/"},"sameAs":["https:\/\/www.facebook.com\/OMRserrature","https:\/\/www.linkedin.com\/company\/omrserrature\/","https:\/\/www.youtube.com\/channel\/UCxmA85z2R0EpG_6IRokiAkg"]}]}},"_links":{"self":[{"href":"https:\/\/www.omrserrature.it\/de\/wp-json\/wp\/v2\/product\/11405","targetHints":{"allow":["GET"]}}],"collection":[{"href":"https:\/\/www.omrserrature.it\/de\/wp-json\/wp\/v2\/product"}],"about":[{"href":"https:\/\/www.omrserrature.it\/de\/wp-json\/wp\/v2\/types\/product"}],"replies":[{"embeddable":true,"href":"https:\/\/www.omrserrature.it\/de\/wp-json\/wp\/v2\/comments?post=11405"}],"wp:featuredmedia":[{"embeddable":true,"href":"https:\/\/www.omrserrature.it\/de\/wp-json\/wp\/v2\/media\/3031"}],"wp:attachment":[{"href":"https:\/\/www.omrserrature.it\/de\/wp-json\/wp\/v2\/media?parent=11405"}],"wp:term":[{"taxonomy":"product_brand","embeddable":true,"href":"https:\/\/www.omrserrature.it\/de\/wp-json\/wp\/v2\/product_brand?post=11405"},{"taxonomy":"product_cat","embeddable":true,"href":"https:\/\/www.omrserrature.it\/de\/wp-json\/wp\/v2\/product_cat?post=11405"},{"taxonomy":"product_tag","embeddable":true,"href":"https:\/\/www.omrserrature.it\/de\/wp-json\/wp\/v2\/product_tag?post=11405"}],"curies":[{"name":"wp","href":"https:\/\/api.w.org\/{rel}","templated":true}]}}